{"id":130795,"date":"2025-11-03T12:48:55","date_gmt":"2025-11-03T11:48:58","guid":{"rendered":"https:\/\/grontkontor.dk\/?post_type=product&#038;p=130795"},"modified":"2025-11-06T14:05:28","modified_gmt":"2025-11-06T13:05:28","slug":"to-go-krus-staal-145-ml-karabinhage","status":"publish","type":"product","link":"https:\/\/grontkontor.dk\/sv\/shop\/to-go-krus-staal-145-ml-karabinhage\/","title":{"rendered":"To-go mugg st\u00e5l 145 ml karbinhake"},"content":{"rendered":"<p>G\u00f6r din n\u00e4sta utflykt eller pendling enklare med v\u00e5r kompakta to-go mugg st\u00e5l med karbinhake. Denna mugg \u00e4r designad f\u00f6r \u00e4ventyr och den snabba kaffepausen d\u00e4r du beh\u00f6ver en robust och p\u00e5litlig mugg. Muggen \u00e4r tillverkad av dubbelv\u00e4ggigt rostfritt st\u00e5l, vilket g\u00f6r att din dryck h\u00e5lls varm eller kall l\u00e4ngre. Den gl\u00e4nsande designen ger ett stilrent och modernt utseende var du \u00e4n befinner dig.   <\/p>\n<p>Muggen har en kapacitet p\u00e5 145 ml, vilket \u00e4r perfekt f\u00f6r en espresso eller en liten f\u00f6rfriskning. Den \u00e4r utrustad med ett svart lock som trycks p\u00e5 och tack vare silikonringen ger den en optimal t\u00e4tning f\u00f6r att undvika spill. <\/p>\n<p>Det speciella med denna to-go mugg st\u00e5l med karbinhake \u00e4r den praktiska karbinhaken som fungerar som ett handtag. Karbinhaken g\u00f6r det otroligt enkelt att f\u00e4sta muggen p\u00e5 din ryggs\u00e4ck, b\u00e4lte eller utrustning s\u00e5 att du enkelt kan transportera den. Varje mugg kommer i en individuell kraftkartong, vilket g\u00f6r den till en idealisk present eller presentabel produkt f\u00f6r \u00e5terf\u00f6rs\u00e4ljning. Ett robust och smart val f\u00f6r dig som \u00e4r p\u00e5 spr\u00e5ng.   <\/p>\nSt\u00e5l\/j\u00e4rn \u00e4r en \u00e5tranv\u00e4ndbar och i praktiken obegr\u00e4nsad resurs som inte f\u00f6rorenar vid kassering. Produktionen av st\u00e5l \u00e4r i sig sj\u00e4lv inte h\u00e5llbar, d\u00e5 det produceras stora m\u00e4ngder CO2 fr\u00e5n fossila materialer i processen. Men d\u00e4remot har st\u00e5lprodukter en ovanligt l\u00e5ng levnadstid och g\u00f6r det m\u00f6jligt f\u00f6r \u00e5tervinning i det o\u00e4ndliga, vilket sker i s\u00e5 stort utstr\u00e4ckning att absolut st\u00f6rsta delen av allt st\u00e5l p\u00e5 marknaden, i huvudsak, best\u00e5r av \u00e5tervunnet st\u00e5l. \n","protected":false},"excerpt":{"rendered":"<p>G\u00f6r din n\u00e4sta utflykt eller pendling enklare med v\u00e5r kompakta to-go mugg st\u00e5l med karbinhake. Denna mugg \u00e4r designad f\u00f6r \u00e4ventyr och den snabba kaffepausen d\u00e4r du beh\u00f6ver en robust och p\u00e5litlig mugg. Muggen \u00e4r tillverkad av dubbelv\u00e4ggigt rostfritt st\u00e5l, vilket g\u00f6r att din dryck h\u00e5lls varm eller kall l\u00e4ngre. Den gl\u00e4nsande designen ger ett [&hellip;]<\/p>\n","protected":false},"featured_media":130848,"comment_status":"closed","ping_status":"closed","template":"","meta":{"_acf_changed":false},"product_cat":[2107,2233,1954,2394],"product_tag":[1910,1912],"class_list":{"0":"post-130795","1":"product","2":"type-product","3":"status-publish","4":"has-post-thumbnail","6":"product_cat-dummy-moq-1-sv","7":"product_cat-mat-och-dryck","8":"product_cat-muggar-och-koppar","9":"product_cat-nyheter","10":"product_tag-krus-sv","11":"product_tag-termokrus-sv","12":"pa_farve-blaa-sv","13":"pa_farve-groen-sv","14":"pa_farve-gul-sv","15":"pa_farve-roed-sv","16":"pa_farve-sort-sv","17":"pa_farve-soelv-sv","18":"tm-has-options","20":"first","21":"instock","22":"featured","23":"taxable","24":"shipping-taxable","25":"purchasable","26":"product-type-simple"},"acf":[],"yoast_head":"<!-- This site is optimized with the Yoast SEO Premium plugin v21.2 (Yoast SEO v21.2) - https:\/\/yoast.com\/wordpress\/plugins\/seo\/ -->\n<title>To-go mugg st\u00e5l med karbinhake<\/title>\n<meta name=\"description\" content=\"K\u00f6p en to-go mugg i st\u00e5l med karbinhake (145 ml) f\u00f6r dina \u00e4ventyr. Muggen \u00e4r dubbelv\u00e4ggig, har optimal t\u00e4tning och levereras med en karbinhake f\u00f6r enkel transport.\" \/>\n<meta name=\"robots\" content=\"index, follow, max-snippet:-1, max-image-preview:large, max-video-preview:-1\" \/>\n<link rel=\"canonical\" href=\"https:\/\/grontkontor.dk\/sv\/shop\/to-go-krus-staal-145-ml-karabinhage\/\" \/>\n<meta property=\"og:locale\" content=\"sv_SE\" \/>\n<meta property=\"og:type\" content=\"article\" \/>\n<meta property=\"og:title\" content=\"To-go mugg st\u00e5l 145 ml karbinhake\" \/>\n<meta property=\"og:description\" content=\"K\u00f6p en to-go mugg i st\u00e5l med karbinhake (145 ml) f\u00f6r dina \u00e4ventyr. Muggen \u00e4r dubbelv\u00e4ggig, har optimal t\u00e4tning och levereras med en karbinhake f\u00f6r enkel transport.\" \/>\n<meta property=\"og:url\" content=\"https:\/\/grontkontor.dk\/sv\/shop\/to-go-krus-staal-145-ml-karabinhage\/\" \/>\n<meta property=\"og:site_name\" content=\"Gr\u00f8nt Kontor\" \/>\n<meta property=\"article:publisher\" content=\"https:\/\/www.facebook.com\/grontkontor.dk\/\" \/>\n<meta property=\"article:modified_time\" content=\"2025-11-06T13:05:28+00:00\" \/>\n<meta property=\"og:image\" content=\"https:\/\/grontkontor.dk\/wp-content\/uploads\/2025\/11\/To-go-krus-staal-med-karabinhage.jpg\" \/>\n\t<meta property=\"og:image:width\" content=\"900\" \/>\n\t<meta property=\"og:image:height\" content=\"639\" \/>\n\t<meta property=\"og:image:type\" content=\"image\/jpeg\" \/>\n<meta name=\"twitter:card\" content=\"summary_large_image\" \/>\n<meta name=\"twitter:label1\" content=\"Ber\u00e4knad l\u00e4stid\" \/>\n\t<meta name=\"twitter:data1\" content=\"1 minut\" \/>\n<script type=\"application\/ld+json\" class=\"yoast-schema-graph\">{\"@context\":\"https:\/\/schema.org\",\"@graph\":[{\"@type\":\"WebPage\",\"@id\":\"https:\/\/grontkontor.dk\/sv\/shop\/to-go-krus-staal-145-ml-karabinhage\/\",\"url\":\"https:\/\/grontkontor.dk\/sv\/shop\/to-go-krus-staal-145-ml-karabinhage\/\",\"name\":\"To-go mugg st\u00e5l med karbinhake\",\"isPartOf\":{\"@id\":\"https:\/\/grontkontor.dk\/#website\"},\"datePublished\":\"2025-11-03T11:48:58+00:00\",\"dateModified\":\"2025-11-06T13:05:28+00:00\",\"description\":\"K\u00f6p en to-go mugg i st\u00e5l med karbinhake (145 ml) f\u00f6r dina \u00e4ventyr. Muggen \u00e4r dubbelv\u00e4ggig, har optimal t\u00e4tning och levereras med en karbinhake f\u00f6r enkel transport.\",\"breadcrumb\":{\"@id\":\"https:\/\/grontkontor.dk\/sv\/shop\/to-go-krus-staal-145-ml-karabinhage\/#breadcrumb\"},\"inLanguage\":\"sv-SE\",\"potentialAction\":[{\"@type\":\"ReadAction\",\"target\":[\"https:\/\/grontkontor.dk\/sv\/shop\/to-go-krus-staal-145-ml-karabinhage\/\"]}]},{\"@type\":\"BreadcrumbList\",\"@id\":\"https:\/\/grontkontor.dk\/sv\/shop\/to-go-krus-staal-145-ml-karabinhage\/#breadcrumb\",\"itemListElement\":[{\"@type\":\"ListItem\",\"position\":1,\"name\":\"Forside\",\"item\":\"https:\/\/grontkontor.dk\/\"},{\"@type\":\"ListItem\",\"position\":2,\"name\":\"Shop\",\"item\":\"https:\/\/grontkontor.dk\/sv\/shop\/\"},{\"@type\":\"ListItem\",\"position\":3,\"name\":\"Mad og drikke\",\"item\":\"https:\/\/grontkontor.dk\/produkt-kategori\/mad-og-drikke\/\"},{\"@type\":\"ListItem\",\"position\":4,\"name\":\"Krus, kopper mm.\",\"item\":\"https:\/\/grontkontor.dk\/produkt-kategori\/mad-og-drikke\/to-go-krus-og-kopper\/\"},{\"@type\":\"ListItem\",\"position\":5,\"name\":\"To-go mugg st\u00e5l 145 ml karbinhake\"}]},{\"@type\":\"WebSite\",\"@id\":\"https:\/\/grontkontor.dk\/#website\",\"url\":\"https:\/\/grontkontor.dk\/\",\"name\":\"Gr\u00f8nt Kontor\",\"description\":\"Milj\u00f8venlige produkter til kontor og erhverv med fokus p\u00e5 b\u00e6redygtighed, design og fair trade.\",\"publisher\":{\"@id\":\"https:\/\/grontkontor.dk\/#organization\"},\"potentialAction\":[{\"@type\":\"SearchAction\",\"target\":{\"@type\":\"EntryPoint\",\"urlTemplate\":\"https:\/\/grontkontor.dk\/?s={search_term_string}\"},\"query-input\":\"required name=search_term_string\"}],\"inLanguage\":\"sv-SE\"},{\"@type\":\"Organization\",\"@id\":\"https:\/\/grontkontor.dk\/#organization\",\"name\":\"Gr\u00f8nt Kontor\",\"url\":\"https:\/\/grontkontor.dk\/\",\"logo\":{\"@type\":\"ImageObject\",\"inLanguage\":\"sv-SE\",\"@id\":\"https:\/\/grontkontor.dk\/#\/schema\/logo\/image\/\",\"url\":\"https:\/\/grontkontor.dk\/wp-content\/uploads\/2014\/02\/Logo_groent_kontor_300x80.png\",\"contentUrl\":\"https:\/\/grontkontor.dk\/wp-content\/uploads\/2014\/02\/Logo_groent_kontor_300x80.png\",\"width\":300,\"height\":80,\"caption\":\"Gr\u00f8nt Kontor\"},\"image\":{\"@id\":\"https:\/\/grontkontor.dk\/#\/schema\/logo\/image\/\"},\"sameAs\":[\"https:\/\/www.facebook.com\/grontkontor.dk\/\"]}]}<\/script>\n<!-- \/ Yoast SEO Premium plugin. -->","yoast_head_json":{"title":"To-go mugg st\u00e5l med karbinhake","description":"K\u00f6p en to-go mugg i st\u00e5l med karbinhake (145 ml) f\u00f6r dina \u00e4ventyr. Muggen \u00e4r dubbelv\u00e4ggig, har optimal t\u00e4tning och levereras med en karbinhake f\u00f6r enkel transport.","robots":{"index":"index","follow":"follow","max-snippet":"max-snippet:-1","max-image-preview":"max-image-preview:large","max-video-preview":"max-video-preview:-1"},"canonical":"https:\/\/grontkontor.dk\/sv\/shop\/to-go-krus-staal-145-ml-karabinhage\/","og_locale":"sv_SE","og_type":"article","og_title":"To-go mugg st\u00e5l 145 ml karbinhake","og_description":"K\u00f6p en to-go mugg i st\u00e5l med karbinhake (145 ml) f\u00f6r dina \u00e4ventyr. Muggen \u00e4r dubbelv\u00e4ggig, har optimal t\u00e4tning och levereras med en karbinhake f\u00f6r enkel transport.","og_url":"https:\/\/grontkontor.dk\/sv\/shop\/to-go-krus-staal-145-ml-karabinhage\/","og_site_name":"Gr\u00f8nt Kontor","article_publisher":"https:\/\/www.facebook.com\/grontkontor.dk\/","article_modified_time":"2025-11-06T13:05:28+00:00","og_image":[{"width":900,"height":639,"url":"https:\/\/grontkontor.dk\/wp-content\/uploads\/2025\/11\/To-go-krus-staal-med-karabinhage.jpg","type":"image\/jpeg"}],"twitter_card":"summary_large_image","twitter_misc":{"Ber\u00e4knad l\u00e4stid":"1 minut"},"schema":{"@context":"https:\/\/schema.org","@graph":[{"@type":"WebPage","@id":"https:\/\/grontkontor.dk\/sv\/shop\/to-go-krus-staal-145-ml-karabinhage\/","url":"https:\/\/grontkontor.dk\/sv\/shop\/to-go-krus-staal-145-ml-karabinhage\/","name":"To-go mugg st\u00e5l med karbinhake","isPartOf":{"@id":"https:\/\/grontkontor.dk\/#website"},"datePublished":"2025-11-03T11:48:58+00:00","dateModified":"2025-11-06T13:05:28+00:00","description":"K\u00f6p en to-go mugg i st\u00e5l med karbinhake (145 ml) f\u00f6r dina \u00e4ventyr. Muggen \u00e4r dubbelv\u00e4ggig, har optimal t\u00e4tning och levereras med en karbinhake f\u00f6r enkel transport.","breadcrumb":{"@id":"https:\/\/grontkontor.dk\/sv\/shop\/to-go-krus-staal-145-ml-karabinhage\/#breadcrumb"},"inLanguage":"sv-SE","potentialAction":[{"@type":"ReadAction","target":["https:\/\/grontkontor.dk\/sv\/shop\/to-go-krus-staal-145-ml-karabinhage\/"]}]},{"@type":"BreadcrumbList","@id":"https:\/\/grontkontor.dk\/sv\/shop\/to-go-krus-staal-145-ml-karabinhage\/#breadcrumb","itemListElement":[{"@type":"ListItem","position":1,"name":"Forside","item":"https:\/\/grontkontor.dk\/"},{"@type":"ListItem","position":2,"name":"Shop","item":"https:\/\/grontkontor.dk\/sv\/shop\/"},{"@type":"ListItem","position":3,"name":"Mad og drikke","item":"https:\/\/grontkontor.dk\/produkt-kategori\/mad-og-drikke\/"},{"@type":"ListItem","position":4,"name":"Krus, kopper mm.","item":"https:\/\/grontkontor.dk\/produkt-kategori\/mad-og-drikke\/to-go-krus-og-kopper\/"},{"@type":"ListItem","position":5,"name":"To-go mugg st\u00e5l 145 ml karbinhake"}]},{"@type":"WebSite","@id":"https:\/\/grontkontor.dk\/#website","url":"https:\/\/grontkontor.dk\/","name":"Gr\u00f8nt Kontor","description":"Milj\u00f8venlige produkter til kontor og erhverv med fokus p\u00e5 b\u00e6redygtighed, design og fair trade.","publisher":{"@id":"https:\/\/grontkontor.dk\/#organization"},"potentialAction":[{"@type":"SearchAction","target":{"@type":"EntryPoint","urlTemplate":"https:\/\/grontkontor.dk\/?s={search_term_string}"},"query-input":"required name=search_term_string"}],"inLanguage":"sv-SE"},{"@type":"Organization","@id":"https:\/\/grontkontor.dk\/#organization","name":"Gr\u00f8nt Kontor","url":"https:\/\/grontkontor.dk\/","logo":{"@type":"ImageObject","inLanguage":"sv-SE","@id":"https:\/\/grontkontor.dk\/#\/schema\/logo\/image\/","url":"https:\/\/grontkontor.dk\/wp-content\/uploads\/2014\/02\/Logo_groent_kontor_300x80.png","contentUrl":"https:\/\/grontkontor.dk\/wp-content\/uploads\/2014\/02\/Logo_groent_kontor_300x80.png","width":300,"height":80,"caption":"Gr\u00f8nt Kontor"},"image":{"@id":"https:\/\/grontkontor.dk\/#\/schema\/logo\/image\/"},"sameAs":["https:\/\/www.facebook.com\/grontkontor.dk\/"]}]}},"_links":{"self":[{"href":"https:\/\/grontkontor.dk\/sv\/wp-json\/wp\/v2\/product\/130795"}],"collection":[{"href":"https:\/\/grontkontor.dk\/sv\/wp-json\/wp\/v2\/product"}],"about":[{"href":"https:\/\/grontkontor.dk\/sv\/wp-json\/wp\/v2\/types\/product"}],"replies":[{"embeddable":true,"href":"https:\/\/grontkontor.dk\/sv\/wp-json\/wp\/v2\/comments?post=130795"}],"wp:featuredmedia":[{"embeddable":true,"href":"https:\/\/grontkontor.dk\/sv\/wp-json\/wp\/v2\/media\/130848"}],"wp:attachment":[{"href":"https:\/\/grontkontor.dk\/sv\/wp-json\/wp\/v2\/media?parent=130795"}],"wp:term":[{"taxonomy":"product_cat","embeddable":true,"href":"https:\/\/grontkontor.dk\/sv\/wp-json\/wp\/v2\/product_cat?post=130795"},{"taxonomy":"product_tag","embeddable":true,"href":"https:\/\/grontkontor.dk\/sv\/wp-json\/wp\/v2\/product_tag?post=130795"}],"curies":[{"name":"wp","href":"https:\/\/api.w.org\/{rel}","templated":true}]}}