{"id":130921,"date":"2025-11-05T13:13:15","date_gmt":"2025-11-05T12:13:15","guid":{"rendered":"https:\/\/grontkontor.dk\/?post_type=product&#038;p=130921"},"modified":"2025-11-06T14:07:27","modified_gmt":"2025-11-06T13:07:27","slug":"toiletboerste-i-staal-sort","status":"publish","type":"product","link":"https:\/\/grontkontor.dk\/sv\/shop\/toiletboerste-i-staal-sort\/","title":{"rendered":"Toalettborste i st\u00e5lsvart"},"content":{"rendered":"<p>Addera en touch av nordisk elegans till ditt badrum med en klimatv\u00e4nlig toalettborste i st\u00e5l. Detta eleganta badrumstillbeh\u00f6r kombinerar en minimalistisk design med ett h\u00e5llbart och milj\u00f6v\u00e4nligt materialval. Toalettborsten \u00e4r tillverkad av svart rostfritt st\u00e5l och har en fin matt finish. De rena, raka linjerna ger ett enkelt och sofistikerat uttryck som omedelbart ger en touch av elegans till alla badrum.   <\/p>\n<p>Rostfritt st\u00e5l \u00e4r ett mycket robust och \u00e5tervinningsbart material, vilket g\u00f6r denna l\u00f6sning till ett klimatv\u00e4nligt val som s\u00e4kerst\u00e4ller l\u00e5ng livsl\u00e4ngd och h\u00e5llbarhet. Genom att v\u00e4lja st\u00e5l framf\u00f6r plast g\u00f6r du ett medvetet val f\u00f6r ett mer milj\u00f6v\u00e4nligt hem. Den h\u00e4r toalettborsten \u00e4r designad f\u00f6r att vara diskret men \u00e4nd\u00e5 snygg och passar perfekt in i den moderna skandinaviska inredningen.  <\/p>\n<p>En klimatv\u00e4nlig toalettborste i st\u00e5l \u00e4r ett bevis p\u00e5 att \u00e4ven de mest funktionella f\u00f6rem\u00e5len kan vara b\u00e5de vackra och ansvarsfulla. Den solida konstruktionen garanterar stabilitet och hygien, medan den eleganta designen full\u00e4ndar utseendet. Komplettera ditt badrum med ett tillbeh\u00f6r som kombinerar estetik och klimatv\u00e4nligt t\u00e4nkande.  <\/p>\nSt\u00e5l\/j\u00e4rn \u00e4r en \u00e5tranv\u00e4ndbar och i praktiken obegr\u00e4nsad resurs som inte f\u00f6rorenar vid kassering. Produktionen av st\u00e5l \u00e4r i sig sj\u00e4lv inte h\u00e5llbar, d\u00e5 det produceras stora m\u00e4ngder CO2 fr\u00e5n fossila materialer i processen. Men d\u00e4remot har st\u00e5lprodukter en ovanligt l\u00e5ng levnadstid och g\u00f6r det m\u00f6jligt f\u00f6r \u00e5tervinning i det o\u00e4ndliga, vilket sker i s\u00e5 stort utstr\u00e4ckning att absolut st\u00f6rsta delen av allt st\u00e5l p\u00e5 marknaden, i huvudsak, best\u00e5r av \u00e5tervunnet st\u00e5l. \n<p>&nbsp;<\/p>\n","protected":false},"excerpt":{"rendered":"<p>Addera en touch av nordisk elegans till ditt badrum med en klimatv\u00e4nlig toalettborste i st\u00e5l. Detta eleganta badrumstillbeh\u00f6r kombinerar en minimalistisk design med ett h\u00e5llbart och milj\u00f6v\u00e4nligt materialval. Toalettborsten \u00e4r tillverkad av svart rostfritt st\u00e5l och har en fin matt finish. De rena, raka linjerna ger ett enkelt och sofistikerat uttryck som omedelbart ger en [&hellip;]<\/p>\n","protected":false},"featured_media":130928,"comment_status":"closed","ping_status":"closed","template":"","meta":{"_acf_changed":false},"product_cat":[2107,2394,2646,658],"product_tag":[4896,4895],"class_list":{"0":"post-130921","1":"product","2":"type-product","3":"status-publish","4":"has-post-thumbnail","6":"product_cat-dummy-moq-1-sv","7":"product_cat-nyheter","8":"product_cat-olika-miljovanliga-mobler","9":"product_cat-tidskriftshaallare","10":"product_tag-badrum","11":"product_tag-dispenser-foer-tvaal","12":"tm-has-options","14":"first","15":"instock","16":"taxable","17":"shipping-taxable","18":"purchasable","19":"product-type-simple"},"acf":[],"yoast_head":"<!-- This site is optimized with the Yoast SEO Premium plugin v21.2 (Yoast SEO v21.2) - https:\/\/yoast.com\/wordpress\/plugins\/seo\/ -->\n<title>Klimatv\u00e4nlig toalettborste i st\u00e5l<\/title>\n<meta name=\"description\" content=\"K\u00f6p en klimatv\u00e4nlig toalettborste i st\u00e5l med en mattsvart finish. Toalettborsten \u00e4r ett milj\u00f6v\u00e4nligt val, har en elegant design och tillf\u00f6r en nordisk stil till ditt badrum.\" \/>\n<meta name=\"robots\" content=\"index, follow, max-snippet:-1, max-image-preview:large, max-video-preview:-1\" \/>\n<link rel=\"canonical\" href=\"https:\/\/grontkontor.dk\/sv\/shop\/toiletboerste-i-staal-sort\/\" \/>\n<meta property=\"og:locale\" content=\"sv_SE\" \/>\n<meta property=\"og:type\" content=\"article\" \/>\n<meta property=\"og:title\" content=\"Toalettborste i st\u00e5lsvart\" \/>\n<meta property=\"og:description\" content=\"K\u00f6p en klimatv\u00e4nlig toalettborste i st\u00e5l med en mattsvart finish. Toalettborsten \u00e4r ett milj\u00f6v\u00e4nligt val, har en elegant design och tillf\u00f6r en nordisk stil till ditt badrum.\" \/>\n<meta property=\"og:url\" content=\"https:\/\/grontkontor.dk\/sv\/shop\/toiletboerste-i-staal-sort\/\" \/>\n<meta property=\"og:site_name\" content=\"Gr\u00f8nt Kontor\" \/>\n<meta property=\"article:publisher\" content=\"https:\/\/www.facebook.com\/grontkontor.dk\/\" \/>\n<meta property=\"article:modified_time\" content=\"2025-11-06T13:07:27+00:00\" \/>\n<meta property=\"og:image\" content=\"https:\/\/grontkontor.dk\/wp-content\/uploads\/2025\/11\/Klimavenlig-toiletboerste-staal.jpg\" \/>\n\t<meta property=\"og:image:width\" content=\"900\" \/>\n\t<meta property=\"og:image:height\" content=\"639\" \/>\n\t<meta property=\"og:image:type\" content=\"image\/jpeg\" \/>\n<meta name=\"twitter:card\" content=\"summary_large_image\" \/>\n<meta name=\"twitter:label1\" content=\"Ber\u00e4knad l\u00e4stid\" \/>\n\t<meta name=\"twitter:data1\" content=\"1 minut\" \/>\n<script type=\"application\/ld+json\" class=\"yoast-schema-graph\">{\"@context\":\"https:\/\/schema.org\",\"@graph\":[{\"@type\":\"WebPage\",\"@id\":\"https:\/\/grontkontor.dk\/sv\/shop\/toiletboerste-i-staal-sort\/\",\"url\":\"https:\/\/grontkontor.dk\/sv\/shop\/toiletboerste-i-staal-sort\/\",\"name\":\"Klimatv\u00e4nlig toalettborste i st\u00e5l\",\"isPartOf\":{\"@id\":\"https:\/\/grontkontor.dk\/#website\"},\"datePublished\":\"2025-11-05T12:13:15+00:00\",\"dateModified\":\"2025-11-06T13:07:27+00:00\",\"description\":\"K\u00f6p en klimatv\u00e4nlig toalettborste i st\u00e5l med en mattsvart finish. Toalettborsten \u00e4r ett milj\u00f6v\u00e4nligt val, har en elegant design och tillf\u00f6r en nordisk stil till ditt badrum.\",\"breadcrumb\":{\"@id\":\"https:\/\/grontkontor.dk\/sv\/shop\/toiletboerste-i-staal-sort\/#breadcrumb\"},\"inLanguage\":\"sv-SE\",\"potentialAction\":[{\"@type\":\"ReadAction\",\"target\":[\"https:\/\/grontkontor.dk\/sv\/shop\/toiletboerste-i-staal-sort\/\"]}]},{\"@type\":\"BreadcrumbList\",\"@id\":\"https:\/\/grontkontor.dk\/sv\/shop\/toiletboerste-i-staal-sort\/#breadcrumb\",\"itemListElement\":[{\"@type\":\"ListItem\",\"position\":1,\"name\":\"Forside\",\"item\":\"https:\/\/grontkontor.dk\/\"},{\"@type\":\"ListItem\",\"position\":2,\"name\":\"Shop\",\"item\":\"https:\/\/grontkontor.dk\/sv\/shop\/\"},{\"@type\":\"ListItem\",\"position\":3,\"name\":\"Arkivering\",\"item\":\"https:\/\/grontkontor.dk\/produkt-kategori\/arkivering\/\"},{\"@type\":\"ListItem\",\"position\":4,\"name\":\"Tidsskriftholdere\",\"item\":\"https:\/\/grontkontor.dk\/produkt-kategori\/arkivering\/tidsskriftholdere\/\"},{\"@type\":\"ListItem\",\"position\":5,\"name\":\"Toalettborste i st\u00e5lsvart\"}]},{\"@type\":\"WebSite\",\"@id\":\"https:\/\/grontkontor.dk\/#website\",\"url\":\"https:\/\/grontkontor.dk\/\",\"name\":\"Gr\u00f8nt Kontor\",\"description\":\"Milj\u00f8venlige produkter til kontor og erhverv med fokus p\u00e5 b\u00e6redygtighed, design og fair trade.\",\"publisher\":{\"@id\":\"https:\/\/grontkontor.dk\/#organization\"},\"potentialAction\":[{\"@type\":\"SearchAction\",\"target\":{\"@type\":\"EntryPoint\",\"urlTemplate\":\"https:\/\/grontkontor.dk\/?s={search_term_string}\"},\"query-input\":\"required name=search_term_string\"}],\"inLanguage\":\"sv-SE\"},{\"@type\":\"Organization\",\"@id\":\"https:\/\/grontkontor.dk\/#organization\",\"name\":\"Gr\u00f8nt Kontor\",\"url\":\"https:\/\/grontkontor.dk\/\",\"logo\":{\"@type\":\"ImageObject\",\"inLanguage\":\"sv-SE\",\"@id\":\"https:\/\/grontkontor.dk\/#\/schema\/logo\/image\/\",\"url\":\"https:\/\/grontkontor.dk\/wp-content\/uploads\/2014\/02\/Logo_groent_kontor_300x80.png\",\"contentUrl\":\"https:\/\/grontkontor.dk\/wp-content\/uploads\/2014\/02\/Logo_groent_kontor_300x80.png\",\"width\":300,\"height\":80,\"caption\":\"Gr\u00f8nt Kontor\"},\"image\":{\"@id\":\"https:\/\/grontkontor.dk\/#\/schema\/logo\/image\/\"},\"sameAs\":[\"https:\/\/www.facebook.com\/grontkontor.dk\/\"]}]}<\/script>\n<!-- \/ Yoast SEO Premium plugin. -->","yoast_head_json":{"title":"Klimatv\u00e4nlig toalettborste i st\u00e5l","description":"K\u00f6p en klimatv\u00e4nlig toalettborste i st\u00e5l med en mattsvart finish. Toalettborsten \u00e4r ett milj\u00f6v\u00e4nligt val, har en elegant design och tillf\u00f6r en nordisk stil till ditt badrum.","robots":{"index":"index","follow":"follow","max-snippet":"max-snippet:-1","max-image-preview":"max-image-preview:large","max-video-preview":"max-video-preview:-1"},"canonical":"https:\/\/grontkontor.dk\/sv\/shop\/toiletboerste-i-staal-sort\/","og_locale":"sv_SE","og_type":"article","og_title":"Toalettborste i st\u00e5lsvart","og_description":"K\u00f6p en klimatv\u00e4nlig toalettborste i st\u00e5l med en mattsvart finish. Toalettborsten \u00e4r ett milj\u00f6v\u00e4nligt val, har en elegant design och tillf\u00f6r en nordisk stil till ditt badrum.","og_url":"https:\/\/grontkontor.dk\/sv\/shop\/toiletboerste-i-staal-sort\/","og_site_name":"Gr\u00f8nt Kontor","article_publisher":"https:\/\/www.facebook.com\/grontkontor.dk\/","article_modified_time":"2025-11-06T13:07:27+00:00","og_image":[{"width":900,"height":639,"url":"https:\/\/grontkontor.dk\/wp-content\/uploads\/2025\/11\/Klimavenlig-toiletboerste-staal.jpg","type":"image\/jpeg"}],"twitter_card":"summary_large_image","twitter_misc":{"Ber\u00e4knad l\u00e4stid":"1 minut"},"schema":{"@context":"https:\/\/schema.org","@graph":[{"@type":"WebPage","@id":"https:\/\/grontkontor.dk\/sv\/shop\/toiletboerste-i-staal-sort\/","url":"https:\/\/grontkontor.dk\/sv\/shop\/toiletboerste-i-staal-sort\/","name":"Klimatv\u00e4nlig toalettborste i st\u00e5l","isPartOf":{"@id":"https:\/\/grontkontor.dk\/#website"},"datePublished":"2025-11-05T12:13:15+00:00","dateModified":"2025-11-06T13:07:27+00:00","description":"K\u00f6p en klimatv\u00e4nlig toalettborste i st\u00e5l med en mattsvart finish. Toalettborsten \u00e4r ett milj\u00f6v\u00e4nligt val, har en elegant design och tillf\u00f6r en nordisk stil till ditt badrum.","breadcrumb":{"@id":"https:\/\/grontkontor.dk\/sv\/shop\/toiletboerste-i-staal-sort\/#breadcrumb"},"inLanguage":"sv-SE","potentialAction":[{"@type":"ReadAction","target":["https:\/\/grontkontor.dk\/sv\/shop\/toiletboerste-i-staal-sort\/"]}]},{"@type":"BreadcrumbList","@id":"https:\/\/grontkontor.dk\/sv\/shop\/toiletboerste-i-staal-sort\/#breadcrumb","itemListElement":[{"@type":"ListItem","position":1,"name":"Forside","item":"https:\/\/grontkontor.dk\/"},{"@type":"ListItem","position":2,"name":"Shop","item":"https:\/\/grontkontor.dk\/sv\/shop\/"},{"@type":"ListItem","position":3,"name":"Arkivering","item":"https:\/\/grontkontor.dk\/produkt-kategori\/arkivering\/"},{"@type":"ListItem","position":4,"name":"Tidsskriftholdere","item":"https:\/\/grontkontor.dk\/produkt-kategori\/arkivering\/tidsskriftholdere\/"},{"@type":"ListItem","position":5,"name":"Toalettborste i st\u00e5lsvart"}]},{"@type":"WebSite","@id":"https:\/\/grontkontor.dk\/#website","url":"https:\/\/grontkontor.dk\/","name":"Gr\u00f8nt Kontor","description":"Milj\u00f8venlige produkter til kontor og erhverv med fokus p\u00e5 b\u00e6redygtighed, design og fair trade.","publisher":{"@id":"https:\/\/grontkontor.dk\/#organization"},"potentialAction":[{"@type":"SearchAction","target":{"@type":"EntryPoint","urlTemplate":"https:\/\/grontkontor.dk\/?s={search_term_string}"},"query-input":"required name=search_term_string"}],"inLanguage":"sv-SE"},{"@type":"Organization","@id":"https:\/\/grontkontor.dk\/#organization","name":"Gr\u00f8nt Kontor","url":"https:\/\/grontkontor.dk\/","logo":{"@type":"ImageObject","inLanguage":"sv-SE","@id":"https:\/\/grontkontor.dk\/#\/schema\/logo\/image\/","url":"https:\/\/grontkontor.dk\/wp-content\/uploads\/2014\/02\/Logo_groent_kontor_300x80.png","contentUrl":"https:\/\/grontkontor.dk\/wp-content\/uploads\/2014\/02\/Logo_groent_kontor_300x80.png","width":300,"height":80,"caption":"Gr\u00f8nt Kontor"},"image":{"@id":"https:\/\/grontkontor.dk\/#\/schema\/logo\/image\/"},"sameAs":["https:\/\/www.facebook.com\/grontkontor.dk\/"]}]}},"_links":{"self":[{"href":"https:\/\/grontkontor.dk\/sv\/wp-json\/wp\/v2\/product\/130921"}],"collection":[{"href":"https:\/\/grontkontor.dk\/sv\/wp-json\/wp\/v2\/product"}],"about":[{"href":"https:\/\/grontkontor.dk\/sv\/wp-json\/wp\/v2\/types\/product"}],"replies":[{"embeddable":true,"href":"https:\/\/grontkontor.dk\/sv\/wp-json\/wp\/v2\/comments?post=130921"}],"wp:featuredmedia":[{"embeddable":true,"href":"https:\/\/grontkontor.dk\/sv\/wp-json\/wp\/v2\/media\/130928"}],"wp:attachment":[{"href":"https:\/\/grontkontor.dk\/sv\/wp-json\/wp\/v2\/media?parent=130921"}],"wp:term":[{"taxonomy":"product_cat","embeddable":true,"href":"https:\/\/grontkontor.dk\/sv\/wp-json\/wp\/v2\/product_cat?post=130921"},{"taxonomy":"product_tag","embeddable":true,"href":"https:\/\/grontkontor.dk\/sv\/wp-json\/wp\/v2\/product_tag?post=130921"}],"curies":[{"name":"wp","href":"https:\/\/api.w.org\/{rel}","templated":true}]}}