{"id":131552,"date":"2025-12-22T09:52:28","date_gmt":"2025-12-22T08:52:29","guid":{"rendered":"https:\/\/grontkontor.dk\/?post_type=product&#038;p=131552"},"modified":"2026-01-07T14:30:43","modified_gmt":"2026-01-07T13:30:43","slug":"musemaatte-i-kork-m-u-tryk","status":"publish","type":"product","link":"https:\/\/grontkontor.dk\/sv\/shop\/musemaatte-i-kork-m-u-tryk\/","title":{"rendered":"Korkmatta utan utskrift"},"content":{"rendered":"<p>Denna milj\u00f6v\u00e4nliga musmatta \u00e4r gjord av naturlig kork och kombinerar funktionalitet med ett ansvarsfullt materialval. Kork \u00e4r ett f\u00f6rnybart naturligt material som sk\u00f6rdas utan att f\u00e4lla tr\u00e4d, vilket g\u00f6r produkten till ett klimatv\u00e4nligt alternativ till traditionella plastmattor med mus. Materialets naturliga struktur ger musmattan ett varmt och estetiskt uttryck som passar perfekt b\u00e5de p\u00e5 kontoret och p\u00e5 arbetsplatsen hemma.<br \/>\nKorkytan \u00e4r bekv\u00e4m att arbeta p\u00e5 och s\u00e4kerst\u00e4ller precis och smidig musr\u00f6relse \u2013 oavsett om du arbetar med detaljerad grafik, ordbehandling eller allm\u00e4nt kontorsarbete. Samtidigt \u00e4r kork h\u00e5llbar och l\u00e4tt att underh\u00e5lla, vilket bidrar till en l\u00e5ng livsl\u00e4ngd och minskad resursf\u00f6rbrukning \u00f6ver tid.<br \/>\nMusmattan \u00e4r utrustad med en halkfri gummibas, vilket s\u00e4kerst\u00e4ller att den ligger stabilt p\u00e5 skrivbordet, \u00e4ven vid intensiv anv\u00e4ndning. Detta ger en mer ergonomisk och effektiv arbetsupplevelse, d\u00e4r fokus kan ligga p\u00e5 uppgifterna snarare \u00e4n att justera utrustningen.<br \/>\nMed sin funktionella design, naturliga material och l\u00e5ga milj\u00f6p\u00e5verkan \u00e4r denna korkmatta ett sj\u00e4lvklart val f\u00f6r f\u00f6retag och privatpersoner som vill kombinera kvalitet, komfort och h\u00e5llbarhet i vardagen.<br \/>\nKork er et yderst klimavenlig, bionedbrydeligt og komposterbart naturmateriale, der stammer fra korkegen, der gror i hele middelhavsregionen. Kork er en hurtigt regenererende ressource der kan h\u00f8stes hvert \u00e5r p\u00e5 samme tr\u00e6, og er et materiale anbefalet af Verdensnaturfonden. Korkegeskove underst\u00f8tter et af de h\u00f8jeste niveauer af biodiversitet sammenlignet med andre skovtyper. <\/p>\n<p>&nbsp;<\/p>\n","protected":false},"excerpt":{"rendered":"<p>Denna milj\u00f6v\u00e4nliga musmatta \u00e4r gjord av naturlig kork och kombinerar funktionalitet med ett ansvarsfullt materialval. Kork \u00e4r ett f\u00f6rnybart naturligt material som sk\u00f6rdas utan att f\u00e4lla tr\u00e4d, vilket g\u00f6r produkten till ett klimatv\u00e4nligt alternativ till traditionella plastmattor med mus. Materialets naturliga struktur ger musmattan ett varmt och estetiskt uttryck som passar perfekt b\u00e5de p\u00e5 kontoret [&hellip;]<\/p>\n","protected":false},"featured_media":17975,"comment_status":"closed","ping_status":"closed","template":"","meta":{"_acf_changed":false},"product_cat":[2107,867,2394,1027,1375],"product_tag":[780],"class_list":{"0":"post-131552","1":"product","2":"type-product","3":"status-publish","4":"has-post-thumbnail","6":"product_cat-dummy-moq-1-sv","7":"product_cat-miljovaenliga-foretagspresenter","8":"product_cat-nyheter","9":"product_cat-tillbehor-till-skrivbordet","10":"product_cat-diverse-til-skrivebordet-sv","11":"product_tag-musmatta","12":"pa_farve-mix-sv","13":"pa_farve-brun-sv","14":"pa_farve-natur-sv","15":"pa_farve-roedbrun-sv","16":"tm-has-options","18":"first","19":"instock","20":"taxable","21":"shipping-taxable","22":"purchasable","23":"product-type-simple"},"acf":[],"yoast_head":"<!-- This site is optimized with the Yoast SEO Premium plugin v21.2 (Yoast SEO v21.2) - https:\/\/yoast.com\/wordpress\/plugins\/seo\/ -->\n<title>Korkmatta utan utskrift - Gr\u00f8nt Kontor<\/title>\n<meta name=\"robots\" content=\"index, follow, max-snippet:-1, max-image-preview:large, max-video-preview:-1\" \/>\n<link rel=\"canonical\" href=\"https:\/\/grontkontor.dk\/sv\/shop\/musemaatte-i-kork-m-u-tryk\/\" \/>\n<meta property=\"og:locale\" content=\"sv_SE\" \/>\n<meta property=\"og:type\" content=\"article\" \/>\n<meta property=\"og:title\" content=\"Korkmatta utan utskrift\" \/>\n<meta property=\"og:description\" content=\"Denna milj\u00f6v\u00e4nliga musmatta \u00e4r gjord av naturlig kork och kombinerar funktionalitet med ett ansvarsfullt materialval. Kork \u00e4r ett f\u00f6rnybart naturligt material som sk\u00f6rdas utan att f\u00e4lla tr\u00e4d, vilket g\u00f6r produkten till ett klimatv\u00e4nligt alternativ till traditionella plastmattor med mus. Materialets naturliga struktur ger musmattan ett varmt och estetiskt uttryck som passar perfekt b\u00e5de p\u00e5 kontoret [&hellip;]\" \/>\n<meta property=\"og:url\" content=\"https:\/\/grontkontor.dk\/sv\/shop\/musemaatte-i-kork-m-u-tryk\/\" \/>\n<meta property=\"og:site_name\" content=\"Gr\u00f8nt Kontor\" \/>\n<meta property=\"article:publisher\" content=\"https:\/\/www.facebook.com\/grontkontor.dk\/\" \/>\n<meta property=\"article:modified_time\" content=\"2026-01-07T13:30:43+00:00\" \/>\n<meta property=\"og:image\" content=\"https:\/\/grontkontor.dk\/wp-content\/uploads\/2020\/04\/musemaatte-kork-02.jpg\" \/>\n\t<meta property=\"og:image:width\" content=\"800\" \/>\n\t<meta property=\"og:image:height\" content=\"568\" \/>\n\t<meta property=\"og:image:type\" content=\"image\/jpeg\" \/>\n<meta name=\"twitter:card\" content=\"summary_large_image\" \/>\n<meta name=\"twitter:label1\" content=\"Ber\u00e4knad l\u00e4stid\" \/>\n\t<meta name=\"twitter:data1\" content=\"1 minut\" \/>\n<script type=\"application\/ld+json\" class=\"yoast-schema-graph\">{\"@context\":\"https:\/\/schema.org\",\"@graph\":[{\"@type\":\"WebPage\",\"@id\":\"https:\/\/grontkontor.dk\/sv\/shop\/musemaatte-i-kork-m-u-tryk\/\",\"url\":\"https:\/\/grontkontor.dk\/sv\/shop\/musemaatte-i-kork-m-u-tryk\/\",\"name\":\"Korkmatta utan utskrift - Gr\u00f8nt Kontor\",\"isPartOf\":{\"@id\":\"https:\/\/grontkontor.dk\/#website\"},\"datePublished\":\"2025-12-22T08:52:29+00:00\",\"dateModified\":\"2026-01-07T13:30:43+00:00\",\"breadcrumb\":{\"@id\":\"https:\/\/grontkontor.dk\/sv\/shop\/musemaatte-i-kork-m-u-tryk\/#breadcrumb\"},\"inLanguage\":\"sv-SE\",\"potentialAction\":[{\"@type\":\"ReadAction\",\"target\":[\"https:\/\/grontkontor.dk\/sv\/shop\/musemaatte-i-kork-m-u-tryk\/\"]}]},{\"@type\":\"BreadcrumbList\",\"@id\":\"https:\/\/grontkontor.dk\/sv\/shop\/musemaatte-i-kork-m-u-tryk\/#breadcrumb\",\"itemListElement\":[{\"@type\":\"ListItem\",\"position\":1,\"name\":\"Forside\",\"item\":\"https:\/\/grontkontor.dk\/\"},{\"@type\":\"ListItem\",\"position\":2,\"name\":\"Shop\",\"item\":\"https:\/\/grontkontor.dk\/sv\/shop\/\"},{\"@type\":\"ListItem\",\"position\":3,\"name\":\"Tillbeh\u00f6r till skrivbordet\",\"item\":\"https:\/\/grontkontor.dk\/sv\/produkt-kategori\/tillbehor-till-skrivbordet\/\"},{\"@type\":\"ListItem\",\"position\":4,\"name\":\"\u00d6vrigt f\u00f6r skrivbordet\",\"item\":\"https:\/\/grontkontor.dk\/sv\/produkt-kategori\/tillbehor-till-skrivbordet\/diverse-til-skrivebordet-sv\/\"},{\"@type\":\"ListItem\",\"position\":5,\"name\":\"Korkmatta utan utskrift\"}]},{\"@type\":\"WebSite\",\"@id\":\"https:\/\/grontkontor.dk\/#website\",\"url\":\"https:\/\/grontkontor.dk\/\",\"name\":\"Gr\u00f8nt Kontor\",\"description\":\"Milj\u00f8venlige produkter til kontor og erhverv med fokus p\u00e5 b\u00e6redygtighed, design og fair trade.\",\"publisher\":{\"@id\":\"https:\/\/grontkontor.dk\/#organization\"},\"potentialAction\":[{\"@type\":\"SearchAction\",\"target\":{\"@type\":\"EntryPoint\",\"urlTemplate\":\"https:\/\/grontkontor.dk\/?s={search_term_string}\"},\"query-input\":\"required name=search_term_string\"}],\"inLanguage\":\"sv-SE\"},{\"@type\":\"Organization\",\"@id\":\"https:\/\/grontkontor.dk\/#organization\",\"name\":\"Gr\u00f8nt Kontor\",\"url\":\"https:\/\/grontkontor.dk\/\",\"logo\":{\"@type\":\"ImageObject\",\"inLanguage\":\"sv-SE\",\"@id\":\"https:\/\/grontkontor.dk\/#\/schema\/logo\/image\/\",\"url\":\"https:\/\/grontkontor.dk\/wp-content\/uploads\/2014\/02\/Logo_groent_kontor_300x80.png\",\"contentUrl\":\"https:\/\/grontkontor.dk\/wp-content\/uploads\/2014\/02\/Logo_groent_kontor_300x80.png\",\"width\":300,\"height\":80,\"caption\":\"Gr\u00f8nt Kontor\"},\"image\":{\"@id\":\"https:\/\/grontkontor.dk\/#\/schema\/logo\/image\/\"},\"sameAs\":[\"https:\/\/www.facebook.com\/grontkontor.dk\/\"]}]}<\/script>\n<!-- \/ Yoast SEO Premium plugin. -->","yoast_head_json":{"title":"Korkmatta utan utskrift - Gr\u00f8nt Kontor","robots":{"index":"index","follow":"follow","max-snippet":"max-snippet:-1","max-image-preview":"max-image-preview:large","max-video-preview":"max-video-preview:-1"},"canonical":"https:\/\/grontkontor.dk\/sv\/shop\/musemaatte-i-kork-m-u-tryk\/","og_locale":"sv_SE","og_type":"article","og_title":"Korkmatta utan utskrift","og_description":"Denna milj\u00f6v\u00e4nliga musmatta \u00e4r gjord av naturlig kork och kombinerar funktionalitet med ett ansvarsfullt materialval. Kork \u00e4r ett f\u00f6rnybart naturligt material som sk\u00f6rdas utan att f\u00e4lla tr\u00e4d, vilket g\u00f6r produkten till ett klimatv\u00e4nligt alternativ till traditionella plastmattor med mus. Materialets naturliga struktur ger musmattan ett varmt och estetiskt uttryck som passar perfekt b\u00e5de p\u00e5 kontoret [&hellip;]","og_url":"https:\/\/grontkontor.dk\/sv\/shop\/musemaatte-i-kork-m-u-tryk\/","og_site_name":"Gr\u00f8nt Kontor","article_publisher":"https:\/\/www.facebook.com\/grontkontor.dk\/","article_modified_time":"2026-01-07T13:30:43+00:00","og_image":[{"width":800,"height":568,"url":"https:\/\/grontkontor.dk\/wp-content\/uploads\/2020\/04\/musemaatte-kork-02.jpg","type":"image\/jpeg"}],"twitter_card":"summary_large_image","twitter_misc":{"Ber\u00e4knad l\u00e4stid":"1 minut"},"schema":{"@context":"https:\/\/schema.org","@graph":[{"@type":"WebPage","@id":"https:\/\/grontkontor.dk\/sv\/shop\/musemaatte-i-kork-m-u-tryk\/","url":"https:\/\/grontkontor.dk\/sv\/shop\/musemaatte-i-kork-m-u-tryk\/","name":"Korkmatta utan utskrift - Gr\u00f8nt Kontor","isPartOf":{"@id":"https:\/\/grontkontor.dk\/#website"},"datePublished":"2025-12-22T08:52:29+00:00","dateModified":"2026-01-07T13:30:43+00:00","breadcrumb":{"@id":"https:\/\/grontkontor.dk\/sv\/shop\/musemaatte-i-kork-m-u-tryk\/#breadcrumb"},"inLanguage":"sv-SE","potentialAction":[{"@type":"ReadAction","target":["https:\/\/grontkontor.dk\/sv\/shop\/musemaatte-i-kork-m-u-tryk\/"]}]},{"@type":"BreadcrumbList","@id":"https:\/\/grontkontor.dk\/sv\/shop\/musemaatte-i-kork-m-u-tryk\/#breadcrumb","itemListElement":[{"@type":"ListItem","position":1,"name":"Forside","item":"https:\/\/grontkontor.dk\/"},{"@type":"ListItem","position":2,"name":"Shop","item":"https:\/\/grontkontor.dk\/sv\/shop\/"},{"@type":"ListItem","position":3,"name":"Tillbeh\u00f6r till skrivbordet","item":"https:\/\/grontkontor.dk\/sv\/produkt-kategori\/tillbehor-till-skrivbordet\/"},{"@type":"ListItem","position":4,"name":"\u00d6vrigt f\u00f6r skrivbordet","item":"https:\/\/grontkontor.dk\/sv\/produkt-kategori\/tillbehor-till-skrivbordet\/diverse-til-skrivebordet-sv\/"},{"@type":"ListItem","position":5,"name":"Korkmatta utan utskrift"}]},{"@type":"WebSite","@id":"https:\/\/grontkontor.dk\/#website","url":"https:\/\/grontkontor.dk\/","name":"Gr\u00f8nt Kontor","description":"Milj\u00f8venlige produkter til kontor og erhverv med fokus p\u00e5 b\u00e6redygtighed, design og fair trade.","publisher":{"@id":"https:\/\/grontkontor.dk\/#organization"},"potentialAction":[{"@type":"SearchAction","target":{"@type":"EntryPoint","urlTemplate":"https:\/\/grontkontor.dk\/?s={search_term_string}"},"query-input":"required name=search_term_string"}],"inLanguage":"sv-SE"},{"@type":"Organization","@id":"https:\/\/grontkontor.dk\/#organization","name":"Gr\u00f8nt Kontor","url":"https:\/\/grontkontor.dk\/","logo":{"@type":"ImageObject","inLanguage":"sv-SE","@id":"https:\/\/grontkontor.dk\/#\/schema\/logo\/image\/","url":"https:\/\/grontkontor.dk\/wp-content\/uploads\/2014\/02\/Logo_groent_kontor_300x80.png","contentUrl":"https:\/\/grontkontor.dk\/wp-content\/uploads\/2014\/02\/Logo_groent_kontor_300x80.png","width":300,"height":80,"caption":"Gr\u00f8nt Kontor"},"image":{"@id":"https:\/\/grontkontor.dk\/#\/schema\/logo\/image\/"},"sameAs":["https:\/\/www.facebook.com\/grontkontor.dk\/"]}]}},"_links":{"self":[{"href":"https:\/\/grontkontor.dk\/sv\/wp-json\/wp\/v2\/product\/131552"}],"collection":[{"href":"https:\/\/grontkontor.dk\/sv\/wp-json\/wp\/v2\/product"}],"about":[{"href":"https:\/\/grontkontor.dk\/sv\/wp-json\/wp\/v2\/types\/product"}],"replies":[{"embeddable":true,"href":"https:\/\/grontkontor.dk\/sv\/wp-json\/wp\/v2\/comments?post=131552"}],"wp:featuredmedia":[{"embeddable":true,"href":"https:\/\/grontkontor.dk\/sv\/wp-json\/wp\/v2\/media\/17975"}],"wp:attachment":[{"href":"https:\/\/grontkontor.dk\/sv\/wp-json\/wp\/v2\/media?parent=131552"}],"wp:term":[{"taxonomy":"product_cat","embeddable":true,"href":"https:\/\/grontkontor.dk\/sv\/wp-json\/wp\/v2\/product_cat?post=131552"},{"taxonomy":"product_tag","embeddable":true,"href":"https:\/\/grontkontor.dk\/sv\/wp-json\/wp\/v2\/product_tag?post=131552"}],"curies":[{"name":"wp","href":"https:\/\/api.w.org\/{rel}","templated":true}]}}