{"id":131633,"date":"2025-12-29T15:21:36","date_gmt":"2025-12-29T14:21:36","guid":{"rendered":"https:\/\/grontkontor.dk\/?post_type=product&#038;p=131633"},"modified":"2026-01-07T14:30:47","modified_gmt":"2026-01-07T13:30:47","slug":"notesrulle-extra-sticky-fsc-50mm-x-10m","status":"publish","type":"product","link":"https:\/\/grontkontor.dk\/sv\/shop\/notesrulle-extra-sticky-fsc-50mm-x-10m\/","title":{"rendered":"Notera: Roll Extra Sticky FSC 50mm x 10m gul"},"content":{"rendered":"<p>Observera: Roll Extra Sticky FSC \u00e4r den perfekta milj\u00f6v\u00e4nliga l\u00f6sningen f\u00f6r alla som beh\u00f6ver flexibelt, sj\u00e4lvh\u00e4ftande papper i vardagen. Oavsett om du arbetar p\u00e5 kontor, studerar, undervisar eller planerar hemma, ger detta anteckningsblock dig maximal frihet och funktionalitet \u2013 med omsorg om milj\u00f6n. <\/p>\n<p>Anl\u00e4mningsrullen \u00e4r gjord av FSC-certifierat papper, vilket s\u00e4kerst\u00e4ller att r\u00e5materialen kommer fr\u00e5n ansvarsfull skogsbruk. Det extra starka limmet har full t\u00e4ckning p\u00e5 baksidan, s\u00e5 sedlarna sitter s\u00e4kert fast, men kan \u00e4nd\u00e5 enkelt och utan sp\u00e5r fj\u00e4dras. Limmet h\u00e5ller l\u00e4nge och h\u00e5ller pappret platt \u00e4ven vid l\u00e5ngvarig anv\u00e4ndning, s\u00e5 dina anteckningar ser alltid prydliga och professionella ut.  <\/p>\n<p>En av de stora f\u00f6rdelarna med Note Roll Extra Sticky \u00e4r dess m\u00e5ngsidighet. Den f\u00e4ster p\u00e5 en m\u00e4ngd olika ytor \u2013 inklusive b\u00f6jda \u2013 vilket g\u00f6r den idealisk f\u00f6r allt fr\u00e5n v\u00e4ggar och whiteboards till mappar, sk\u00e4rmar och bord. Du kan enkelt klippa eller riva exakt den l\u00e4ngd du beh\u00f6ver och anpassa tonerna till alla situationer.  <\/p>\n<p>Den plastfria f\u00f6rpackningen st\u00f6djer det h\u00e5llbara valet och g\u00f6r rullen l\u00e4tt att ta med p\u00e5 spr\u00e5ng. Med Note Roll Extra Sticky FSC f\u00e5r du en smart, praktisk och ansvarsfull l\u00f6sning f\u00f6r alla dina musikbehov. <\/p>\n<a href=\"https:\/\/ic.fsc.org\/en\/\" target=\"window\"><img loading=\"lazy\" decoding=\"async\" class=\"size-full wp-image-12735\" src=\"https:\/\/grontkontor.dk\/wp-content\/uploads\/2019\/04\/fsc-certificeret.png\" \n\t\t alt=\"FSC-certificeret\" title=\"FSC-certificeret\" width=\"44\" height=\"51\" border=0\/><\/a>\n","protected":false},"excerpt":{"rendered":"<p>Observera: Roll Extra Sticky FSC \u00e4r den perfekta milj\u00f6v\u00e4nliga l\u00f6sningen f\u00f6r alla som beh\u00f6ver flexibelt, sj\u00e4lvh\u00e4ftande papper i vardagen. Oavsett om du arbetar p\u00e5 kontor, studerar, undervisar eller planerar hemma, ger detta anteckningsblock dig maximal frihet och funktionalitet \u2013 med omsorg om milj\u00f6n. Anl\u00e4mningsrullen \u00e4r gjord av FSC-certifierat papper, vilket s\u00e4kerst\u00e4ller att r\u00e5materialen kommer fr\u00e5n [&hellip;]<\/p>\n","protected":false},"featured_media":131650,"comment_status":"closed","ping_status":"closed","template":"","meta":{"_acf_changed":false},"product_cat":[663,2107,2394,661],"product_tag":[756,1550,774,1549,1551],"class_list":{"0":"post-131633","1":"product","2":"type-product","3":"status-publish","4":"has-post-thumbnail","6":"product_cat-block","7":"product_cat-dummy-moq-1-sv","8":"product_cat-nyheter","9":"product_cat-papper-och-block","10":"product_tag-kom-ihaag-lappar","11":"product_tag-sticky-notes-sv","12":"product_tag-memo-block","13":"product_tag-memoblokke-sv","14":"product_tag-post-it-sv","15":"tm-has-options","17":"first","18":"instock","19":"taxable","20":"shipping-taxable","21":"purchasable","22":"product-type-simple"},"acf":[],"yoast_head":"<!-- This site is optimized with the Yoast SEO Premium plugin v21.2 (Yoast SEO v21.2) - https:\/\/yoast.com\/wordpress\/plugins\/seo\/ -->\n<title>Notera: Roll Extra Sticky FSC 50mm x 10m gul - Gr\u00f8nt Kontor<\/title>\n<meta name=\"robots\" content=\"index, follow, max-snippet:-1, max-image-preview:large, max-video-preview:-1\" \/>\n<link rel=\"canonical\" href=\"https:\/\/grontkontor.dk\/sv\/shop\/notesrulle-extra-sticky-fsc-50mm-x-10m\/\" \/>\n<meta property=\"og:locale\" content=\"sv_SE\" \/>\n<meta property=\"og:type\" content=\"article\" \/>\n<meta property=\"og:title\" content=\"Notera: Roll Extra Sticky FSC 50mm x 10m gul\" \/>\n<meta property=\"og:description\" content=\"Observera: Roll Extra Sticky FSC \u00e4r den perfekta milj\u00f6v\u00e4nliga l\u00f6sningen f\u00f6r alla som beh\u00f6ver flexibelt, sj\u00e4lvh\u00e4ftande papper i vardagen. Oavsett om du arbetar p\u00e5 kontor, studerar, undervisar eller planerar hemma, ger detta anteckningsblock dig maximal frihet och funktionalitet \u2013 med omsorg om milj\u00f6n. Anl\u00e4mningsrullen \u00e4r gjord av FSC-certifierat papper, vilket s\u00e4kerst\u00e4ller att r\u00e5materialen kommer fr\u00e5n [&hellip;]\" \/>\n<meta property=\"og:url\" content=\"https:\/\/grontkontor.dk\/sv\/shop\/notesrulle-extra-sticky-fsc-50mm-x-10m\/\" \/>\n<meta property=\"og:site_name\" content=\"Gr\u00f8nt Kontor\" \/>\n<meta property=\"article:publisher\" content=\"https:\/\/www.facebook.com\/grontkontor.dk\/\" \/>\n<meta property=\"article:modified_time\" content=\"2026-01-07T13:30:47+00:00\" \/>\n<meta property=\"og:image\" content=\"https:\/\/grontkontor.dk\/wp-content\/uploads\/2025\/12\/Notesrulle-Extra-Sticky-FSC-50mm-x-10m-gul.jpg\" \/>\n\t<meta property=\"og:image:width\" content=\"500\" \/>\n\t<meta property=\"og:image:height\" content=\"500\" \/>\n\t<meta property=\"og:image:type\" content=\"image\/jpeg\" \/>\n<meta name=\"twitter:card\" content=\"summary_large_image\" \/>\n<meta name=\"twitter:label1\" content=\"Ber\u00e4knad l\u00e4stid\" \/>\n\t<meta name=\"twitter:data1\" content=\"1 minut\" \/>\n<script type=\"application\/ld+json\" class=\"yoast-schema-graph\">{\"@context\":\"https:\/\/schema.org\",\"@graph\":[{\"@type\":\"WebPage\",\"@id\":\"https:\/\/grontkontor.dk\/sv\/shop\/notesrulle-extra-sticky-fsc-50mm-x-10m\/\",\"url\":\"https:\/\/grontkontor.dk\/sv\/shop\/notesrulle-extra-sticky-fsc-50mm-x-10m\/\",\"name\":\"Notera: Roll Extra Sticky FSC 50mm x 10m gul - Gr\u00f8nt Kontor\",\"isPartOf\":{\"@id\":\"https:\/\/grontkontor.dk\/#website\"},\"datePublished\":\"2025-12-29T14:21:36+00:00\",\"dateModified\":\"2026-01-07T13:30:47+00:00\",\"breadcrumb\":{\"@id\":\"https:\/\/grontkontor.dk\/sv\/shop\/notesrulle-extra-sticky-fsc-50mm-x-10m\/#breadcrumb\"},\"inLanguage\":\"sv-SE\",\"potentialAction\":[{\"@type\":\"ReadAction\",\"target\":[\"https:\/\/grontkontor.dk\/sv\/shop\/notesrulle-extra-sticky-fsc-50mm-x-10m\/\"]}]},{\"@type\":\"BreadcrumbList\",\"@id\":\"https:\/\/grontkontor.dk\/sv\/shop\/notesrulle-extra-sticky-fsc-50mm-x-10m\/#breadcrumb\",\"itemListElement\":[{\"@type\":\"ListItem\",\"position\":1,\"name\":\"Forside\",\"item\":\"https:\/\/grontkontor.dk\/\"},{\"@type\":\"ListItem\",\"position\":2,\"name\":\"Shop\",\"item\":\"https:\/\/grontkontor.dk\/sv\/shop\/\"},{\"@type\":\"ListItem\",\"position\":3,\"name\":\"Papper och block\",\"item\":\"https:\/\/grontkontor.dk\/sv\/produkt-kategori\/papper-och-block\/\"},{\"@type\":\"ListItem\",\"position\":4,\"name\":\"Anteckningsblock\",\"item\":\"https:\/\/grontkontor.dk\/sv\/produkt-kategori\/papper-och-block\/block\/\"},{\"@type\":\"ListItem\",\"position\":5,\"name\":\"Notera: Roll Extra Sticky FSC 50mm x 10m gul\"}]},{\"@type\":\"WebSite\",\"@id\":\"https:\/\/grontkontor.dk\/#website\",\"url\":\"https:\/\/grontkontor.dk\/\",\"name\":\"Gr\u00f8nt Kontor\",\"description\":\"Milj\u00f8venlige produkter til kontor og erhverv med fokus p\u00e5 b\u00e6redygtighed, design og fair trade.\",\"publisher\":{\"@id\":\"https:\/\/grontkontor.dk\/#organization\"},\"potentialAction\":[{\"@type\":\"SearchAction\",\"target\":{\"@type\":\"EntryPoint\",\"urlTemplate\":\"https:\/\/grontkontor.dk\/?s={search_term_string}\"},\"query-input\":\"required name=search_term_string\"}],\"inLanguage\":\"sv-SE\"},{\"@type\":\"Organization\",\"@id\":\"https:\/\/grontkontor.dk\/#organization\",\"name\":\"Gr\u00f8nt Kontor\",\"url\":\"https:\/\/grontkontor.dk\/\",\"logo\":{\"@type\":\"ImageObject\",\"inLanguage\":\"sv-SE\",\"@id\":\"https:\/\/grontkontor.dk\/#\/schema\/logo\/image\/\",\"url\":\"https:\/\/grontkontor.dk\/wp-content\/uploads\/2014\/02\/Logo_groent_kontor_300x80.png\",\"contentUrl\":\"https:\/\/grontkontor.dk\/wp-content\/uploads\/2014\/02\/Logo_groent_kontor_300x80.png\",\"width\":300,\"height\":80,\"caption\":\"Gr\u00f8nt Kontor\"},\"image\":{\"@id\":\"https:\/\/grontkontor.dk\/#\/schema\/logo\/image\/\"},\"sameAs\":[\"https:\/\/www.facebook.com\/grontkontor.dk\/\"]}]}<\/script>\n<!-- \/ Yoast SEO Premium plugin. -->","yoast_head_json":{"title":"Notera: Roll Extra Sticky FSC 50mm x 10m gul - Gr\u00f8nt Kontor","robots":{"index":"index","follow":"follow","max-snippet":"max-snippet:-1","max-image-preview":"max-image-preview:large","max-video-preview":"max-video-preview:-1"},"canonical":"https:\/\/grontkontor.dk\/sv\/shop\/notesrulle-extra-sticky-fsc-50mm-x-10m\/","og_locale":"sv_SE","og_type":"article","og_title":"Notera: Roll Extra Sticky FSC 50mm x 10m gul","og_description":"Observera: Roll Extra Sticky FSC \u00e4r den perfekta milj\u00f6v\u00e4nliga l\u00f6sningen f\u00f6r alla som beh\u00f6ver flexibelt, sj\u00e4lvh\u00e4ftande papper i vardagen. Oavsett om du arbetar p\u00e5 kontor, studerar, undervisar eller planerar hemma, ger detta anteckningsblock dig maximal frihet och funktionalitet \u2013 med omsorg om milj\u00f6n. Anl\u00e4mningsrullen \u00e4r gjord av FSC-certifierat papper, vilket s\u00e4kerst\u00e4ller att r\u00e5materialen kommer fr\u00e5n [&hellip;]","og_url":"https:\/\/grontkontor.dk\/sv\/shop\/notesrulle-extra-sticky-fsc-50mm-x-10m\/","og_site_name":"Gr\u00f8nt Kontor","article_publisher":"https:\/\/www.facebook.com\/grontkontor.dk\/","article_modified_time":"2026-01-07T13:30:47+00:00","og_image":[{"width":500,"height":500,"url":"https:\/\/grontkontor.dk\/wp-content\/uploads\/2025\/12\/Notesrulle-Extra-Sticky-FSC-50mm-x-10m-gul.jpg","type":"image\/jpeg"}],"twitter_card":"summary_large_image","twitter_misc":{"Ber\u00e4knad l\u00e4stid":"1 minut"},"schema":{"@context":"https:\/\/schema.org","@graph":[{"@type":"WebPage","@id":"https:\/\/grontkontor.dk\/sv\/shop\/notesrulle-extra-sticky-fsc-50mm-x-10m\/","url":"https:\/\/grontkontor.dk\/sv\/shop\/notesrulle-extra-sticky-fsc-50mm-x-10m\/","name":"Notera: Roll Extra Sticky FSC 50mm x 10m gul - Gr\u00f8nt Kontor","isPartOf":{"@id":"https:\/\/grontkontor.dk\/#website"},"datePublished":"2025-12-29T14:21:36+00:00","dateModified":"2026-01-07T13:30:47+00:00","breadcrumb":{"@id":"https:\/\/grontkontor.dk\/sv\/shop\/notesrulle-extra-sticky-fsc-50mm-x-10m\/#breadcrumb"},"inLanguage":"sv-SE","potentialAction":[{"@type":"ReadAction","target":["https:\/\/grontkontor.dk\/sv\/shop\/notesrulle-extra-sticky-fsc-50mm-x-10m\/"]}]},{"@type":"BreadcrumbList","@id":"https:\/\/grontkontor.dk\/sv\/shop\/notesrulle-extra-sticky-fsc-50mm-x-10m\/#breadcrumb","itemListElement":[{"@type":"ListItem","position":1,"name":"Forside","item":"https:\/\/grontkontor.dk\/"},{"@type":"ListItem","position":2,"name":"Shop","item":"https:\/\/grontkontor.dk\/sv\/shop\/"},{"@type":"ListItem","position":3,"name":"Papper och block","item":"https:\/\/grontkontor.dk\/sv\/produkt-kategori\/papper-och-block\/"},{"@type":"ListItem","position":4,"name":"Anteckningsblock","item":"https:\/\/grontkontor.dk\/sv\/produkt-kategori\/papper-och-block\/block\/"},{"@type":"ListItem","position":5,"name":"Notera: Roll Extra Sticky FSC 50mm x 10m gul"}]},{"@type":"WebSite","@id":"https:\/\/grontkontor.dk\/#website","url":"https:\/\/grontkontor.dk\/","name":"Gr\u00f8nt Kontor","description":"Milj\u00f8venlige produkter til kontor og erhverv med fokus p\u00e5 b\u00e6redygtighed, design og fair trade.","publisher":{"@id":"https:\/\/grontkontor.dk\/#organization"},"potentialAction":[{"@type":"SearchAction","target":{"@type":"EntryPoint","urlTemplate":"https:\/\/grontkontor.dk\/?s={search_term_string}"},"query-input":"required name=search_term_string"}],"inLanguage":"sv-SE"},{"@type":"Organization","@id":"https:\/\/grontkontor.dk\/#organization","name":"Gr\u00f8nt Kontor","url":"https:\/\/grontkontor.dk\/","logo":{"@type":"ImageObject","inLanguage":"sv-SE","@id":"https:\/\/grontkontor.dk\/#\/schema\/logo\/image\/","url":"https:\/\/grontkontor.dk\/wp-content\/uploads\/2014\/02\/Logo_groent_kontor_300x80.png","contentUrl":"https:\/\/grontkontor.dk\/wp-content\/uploads\/2014\/02\/Logo_groent_kontor_300x80.png","width":300,"height":80,"caption":"Gr\u00f8nt Kontor"},"image":{"@id":"https:\/\/grontkontor.dk\/#\/schema\/logo\/image\/"},"sameAs":["https:\/\/www.facebook.com\/grontkontor.dk\/"]}]}},"_links":{"self":[{"href":"https:\/\/grontkontor.dk\/sv\/wp-json\/wp\/v2\/product\/131633"}],"collection":[{"href":"https:\/\/grontkontor.dk\/sv\/wp-json\/wp\/v2\/product"}],"about":[{"href":"https:\/\/grontkontor.dk\/sv\/wp-json\/wp\/v2\/types\/product"}],"replies":[{"embeddable":true,"href":"https:\/\/grontkontor.dk\/sv\/wp-json\/wp\/v2\/comments?post=131633"}],"wp:featuredmedia":[{"embeddable":true,"href":"https:\/\/grontkontor.dk\/sv\/wp-json\/wp\/v2\/media\/131650"}],"wp:attachment":[{"href":"https:\/\/grontkontor.dk\/sv\/wp-json\/wp\/v2\/media?parent=131633"}],"wp:term":[{"taxonomy":"product_cat","embeddable":true,"href":"https:\/\/grontkontor.dk\/sv\/wp-json\/wp\/v2\/product_cat?post=131633"},{"taxonomy":"product_tag","embeddable":true,"href":"https:\/\/grontkontor.dk\/sv\/wp-json\/wp\/v2\/product_tag?post=131633"}],"curies":[{"name":"wp","href":"https:\/\/api.w.org\/{rel}","templated":true}]}}