{"id":131735,"date":"2026-01-07T08:31:13","date_gmt":"2026-01-07T07:31:13","guid":{"rendered":"https:\/\/grontkontor.dk\/?post_type=product&#038;p=131735"},"modified":"2026-01-07T14:30:26","modified_gmt":"2026-01-07T13:30:26","slug":"kopipapir-a4-genanvendt-80g-hvid-steinbeis-nr-3","status":"publish","type":"product","link":"https:\/\/grontkontor.dk\/sv\/shop\/kopipapir-a4-genanvendt-80g-hvid-steinbeis-nr-3\/","title":{"rendered":"Kopieringspapper A4 \u00e5tervunnet 80g vitt &#8211; Steinbeis nr 3"},"content":{"rendered":"<p>Milj\u00f6v\u00e4nligt vitt \u00e5tervunnet kopierings- och skrivarpapper f\u00f6r laserutskrift, kopiering eller bl\u00e4ckstr\u00e5le, gjort av Blue Angel \/ Ecolabel-certifierat papper i 90 % vitt. En 100 % \u00e5tervunnen klimat- och milj\u00f6v\u00e4nlig produkt tillverkad i EU.<br \/>\nProducerad med 100 % mindre tr\u00e4, 72 % mindre energi, 83 % mindre vatten och 53 % mindre CO2 \u00e4n traditionellt kopieringspapper.<br \/>\nLevereras i paket om 500 ark eller i l\u00e5dor om 5 x 500 ark <\/p>\n<p>Der Blaue Engel \u2013 Bl\u00e5 \u00c4ngel certificeringen \u00e4r ett utbrett statligt tysk milj\u00f6m\u00e4rke, som anger att en produkt \u00e4r det mest h\u00e5llbara valet i sin kategori.  EU-Ecolabel \/ EU-blomman \u00e4r det officiella europeiska milj\u00f6m\u00e4rket, som st\u00e4ller h\u00e5rda milj\u00f6krav till l\u00e5gt inneh\u00e5ll av kemikalier. <\/p>\n<p>&nbsp;<\/p>\n<p><a href=\"https:\/\/en.wikipedia.org\/wiki\/Blue_Angel_(certification)\" rel=\"noopener\" target=\"_blank\"><img loading=\"lazy\" decoding=\"async\" class=\"size-full wp-image-12701\" src=\"https:\/\/grontkontor.dk\/wp-content\/uploads\/2019\/04\/blaa-engel.png\" \n\t\t alt=\"Bl? engel certificeret\" title=\"Bl? engel certificeret\" width=\"57\" height=\"62\" border=0 \/><\/a> <a href=\"https:\/\/ec.europa.eu\/environment\/ecolabel\/\"><img loading=\"lazy\" decoding=\"async\" class=\" wp-image-20557\" src=\"https:\/\/grontkontor.dk\/wp-content\/uploads\/2020\/11\/ecolabel.png\" alt=\"EU ecolabel\" width=\"45\" height=\"50\" \/><\/a> <img loading=\"lazy\" decoding=\"async\" src=\"https:\/\/grontkontor.dk\/wp-content\/uploads\/2021\/02\/genbrug.jpg\" alt=\"Fremstillet af genbrugsmaterialer\" width=\"50\" height=\"50\" class=\"size-full wp-image-23031\" srcset=\"https:\/\/grontkontor.dk\/wp-content\/uploads\/2021\/02\/genbrug.jpg 199w, https:\/\/grontkontor.dk\/wp-content\/uploads\/2021\/02\/genbrug-100x100.jpg 100w\" sizes=\"(max-width: 50px) 100vw, 50px\" \/><\/p>\n","protected":false},"excerpt":{"rendered":"<p>Milj\u00f6v\u00e4nligt vitt \u00e5tervunnet kopierings- och skrivarpapper f\u00f6r laserutskrift, kopiering eller bl\u00e4ckstr\u00e5le, gjort av Blue Angel \/ Ecolabel-certifierat papper i 90 % vitt. En 100 % \u00e5tervunnen klimat- och milj\u00f6v\u00e4nlig produkt tillverkad i EU. Producerad med 100 % mindre tr\u00e4, 72 % mindre energi, 83 % mindre vatten och 53 % mindre CO2 \u00e4n traditionellt kopieringspapper. [&hellip;]<\/p>\n","protected":false},"featured_media":131742,"comment_status":"closed","ping_status":"closed","template":"","meta":{"_acf_changed":false},"product_cat":[2107,2104,661],"product_tag":[2125,2126,2124],"class_list":{"0":"post-131735","1":"product","2":"type-product","3":"status-publish","4":"has-post-thumbnail","6":"product_cat-dummy-moq-1-sv","7":"product_cat-kopierings-och-skrivarpapper","8":"product_cat-papper-och-block","9":"product_tag-kopipapir-sv","10":"product_tag-laserpapir-sv","11":"product_tag-papir-sv","12":"tm-has-options","14":"first","15":"onbackorder","16":"taxable","17":"shipping-taxable","18":"purchasable","19":"product-type-simple"},"acf":[],"yoast_head":"<!-- This site is optimized with the Yoast SEO Premium plugin v21.2 (Yoast SEO v21.2) - https:\/\/yoast.com\/wordpress\/plugins\/seo\/ -->\n<title>Kopieringspapper A4 \u00e5tervunnet 80g vitt - Steinbeis nr 3 - Gr\u00f8nt Kontor<\/title>\n<meta name=\"robots\" content=\"index, follow, max-snippet:-1, max-image-preview:large, max-video-preview:-1\" \/>\n<link rel=\"canonical\" href=\"https:\/\/grontkontor.dk\/sv\/shop\/kopipapir-a4-genanvendt-80g-hvid-steinbeis-nr-3\/\" \/>\n<meta property=\"og:locale\" content=\"sv_SE\" \/>\n<meta property=\"og:type\" content=\"article\" \/>\n<meta property=\"og:title\" content=\"Kopieringspapper A4 \u00e5tervunnet 80g vitt - Steinbeis nr 3\" \/>\n<meta property=\"og:description\" content=\"Milj\u00f6v\u00e4nligt vitt \u00e5tervunnet kopierings- och skrivarpapper f\u00f6r laserutskrift, kopiering eller bl\u00e4ckstr\u00e5le, gjort av Blue Angel \/ Ecolabel-certifierat papper i 90 % vitt. En 100 % \u00e5tervunnen klimat- och milj\u00f6v\u00e4nlig produkt tillverkad i EU. Producerad med 100 % mindre tr\u00e4, 72 % mindre energi, 83 % mindre vatten och 53 % mindre CO2 \u00e4n traditionellt kopieringspapper. [&hellip;]\" \/>\n<meta property=\"og:url\" content=\"https:\/\/grontkontor.dk\/sv\/shop\/kopipapir-a4-genanvendt-80g-hvid-steinbeis-nr-3\/\" \/>\n<meta property=\"og:site_name\" content=\"Gr\u00f8nt Kontor\" \/>\n<meta property=\"article:publisher\" content=\"https:\/\/www.facebook.com\/grontkontor.dk\/\" \/>\n<meta property=\"article:modified_time\" content=\"2026-01-07T13:30:26+00:00\" \/>\n<meta property=\"og:image\" content=\"https:\/\/grontkontor.dk\/wp-content\/uploads\/2026\/01\/steinbeis-no3-kopipapir-a4-80-gm2.webp\" \/>\n\t<meta property=\"og:image:width\" content=\"800\" \/>\n\t<meta property=\"og:image:height\" content=\"800\" \/>\n\t<meta property=\"og:image:type\" content=\"image\/webp\" \/>\n<meta name=\"twitter:card\" content=\"summary_large_image\" \/>\n<script type=\"application\/ld+json\" class=\"yoast-schema-graph\">{\"@context\":\"https:\/\/schema.org\",\"@graph\":[{\"@type\":\"WebPage\",\"@id\":\"https:\/\/grontkontor.dk\/sv\/shop\/kopipapir-a4-genanvendt-80g-hvid-steinbeis-nr-3\/\",\"url\":\"https:\/\/grontkontor.dk\/sv\/shop\/kopipapir-a4-genanvendt-80g-hvid-steinbeis-nr-3\/\",\"name\":\"Kopieringspapper A4 \u00e5tervunnet 80g vitt - Steinbeis nr 3 - Gr\u00f8nt Kontor\",\"isPartOf\":{\"@id\":\"https:\/\/grontkontor.dk\/#website\"},\"datePublished\":\"2026-01-07T07:31:13+00:00\",\"dateModified\":\"2026-01-07T13:30:26+00:00\",\"breadcrumb\":{\"@id\":\"https:\/\/grontkontor.dk\/sv\/shop\/kopipapir-a4-genanvendt-80g-hvid-steinbeis-nr-3\/#breadcrumb\"},\"inLanguage\":\"sv-SE\",\"potentialAction\":[{\"@type\":\"ReadAction\",\"target\":[\"https:\/\/grontkontor.dk\/sv\/shop\/kopipapir-a4-genanvendt-80g-hvid-steinbeis-nr-3\/\"]}]},{\"@type\":\"BreadcrumbList\",\"@id\":\"https:\/\/grontkontor.dk\/sv\/shop\/kopipapir-a4-genanvendt-80g-hvid-steinbeis-nr-3\/#breadcrumb\",\"itemListElement\":[{\"@type\":\"ListItem\",\"position\":1,\"name\":\"Forside\",\"item\":\"https:\/\/grontkontor.dk\/\"},{\"@type\":\"ListItem\",\"position\":2,\"name\":\"Shop\",\"item\":\"https:\/\/grontkontor.dk\/sv\/shop\/\"},{\"@type\":\"ListItem\",\"position\":3,\"name\":\"Papir og blokke\",\"item\":\"https:\/\/grontkontor.dk\/produkt-kategori\/papir\/\"},{\"@type\":\"ListItem\",\"position\":4,\"name\":\"Kopi- og printerpapir\",\"item\":\"https:\/\/grontkontor.dk\/produkt-kategori\/papir\/kopi-og-printerpapir\/\"},{\"@type\":\"ListItem\",\"position\":5,\"name\":\"Kopieringspapper A4 \u00e5tervunnet 80g vitt &#8211; Steinbeis nr 3\"}]},{\"@type\":\"WebSite\",\"@id\":\"https:\/\/grontkontor.dk\/#website\",\"url\":\"https:\/\/grontkontor.dk\/\",\"name\":\"Gr\u00f8nt Kontor\",\"description\":\"Milj\u00f8venlige produkter til kontor og erhverv med fokus p\u00e5 b\u00e6redygtighed, design og fair trade.\",\"publisher\":{\"@id\":\"https:\/\/grontkontor.dk\/#organization\"},\"potentialAction\":[{\"@type\":\"SearchAction\",\"target\":{\"@type\":\"EntryPoint\",\"urlTemplate\":\"https:\/\/grontkontor.dk\/?s={search_term_string}\"},\"query-input\":\"required name=search_term_string\"}],\"inLanguage\":\"sv-SE\"},{\"@type\":\"Organization\",\"@id\":\"https:\/\/grontkontor.dk\/#organization\",\"name\":\"Gr\u00f8nt Kontor\",\"url\":\"https:\/\/grontkontor.dk\/\",\"logo\":{\"@type\":\"ImageObject\",\"inLanguage\":\"sv-SE\",\"@id\":\"https:\/\/grontkontor.dk\/#\/schema\/logo\/image\/\",\"url\":\"https:\/\/grontkontor.dk\/wp-content\/uploads\/2014\/02\/Logo_groent_kontor_300x80.png\",\"contentUrl\":\"https:\/\/grontkontor.dk\/wp-content\/uploads\/2014\/02\/Logo_groent_kontor_300x80.png\",\"width\":300,\"height\":80,\"caption\":\"Gr\u00f8nt Kontor\"},\"image\":{\"@id\":\"https:\/\/grontkontor.dk\/#\/schema\/logo\/image\/\"},\"sameAs\":[\"https:\/\/www.facebook.com\/grontkontor.dk\/\"]}]}<\/script>\n<!-- \/ Yoast SEO Premium plugin. -->","yoast_head_json":{"title":"Kopieringspapper A4 \u00e5tervunnet 80g vitt - Steinbeis nr 3 - Gr\u00f8nt Kontor","robots":{"index":"index","follow":"follow","max-snippet":"max-snippet:-1","max-image-preview":"max-image-preview:large","max-video-preview":"max-video-preview:-1"},"canonical":"https:\/\/grontkontor.dk\/sv\/shop\/kopipapir-a4-genanvendt-80g-hvid-steinbeis-nr-3\/","og_locale":"sv_SE","og_type":"article","og_title":"Kopieringspapper A4 \u00e5tervunnet 80g vitt - Steinbeis nr 3","og_description":"Milj\u00f6v\u00e4nligt vitt \u00e5tervunnet kopierings- och skrivarpapper f\u00f6r laserutskrift, kopiering eller bl\u00e4ckstr\u00e5le, gjort av Blue Angel \/ Ecolabel-certifierat papper i 90 % vitt. En 100 % \u00e5tervunnen klimat- och milj\u00f6v\u00e4nlig produkt tillverkad i EU. Producerad med 100 % mindre tr\u00e4, 72 % mindre energi, 83 % mindre vatten och 53 % mindre CO2 \u00e4n traditionellt kopieringspapper. [&hellip;]","og_url":"https:\/\/grontkontor.dk\/sv\/shop\/kopipapir-a4-genanvendt-80g-hvid-steinbeis-nr-3\/","og_site_name":"Gr\u00f8nt Kontor","article_publisher":"https:\/\/www.facebook.com\/grontkontor.dk\/","article_modified_time":"2026-01-07T13:30:26+00:00","og_image":[{"width":800,"height":800,"url":"https:\/\/grontkontor.dk\/wp-content\/uploads\/2026\/01\/steinbeis-no3-kopipapir-a4-80-gm2.webp","type":"image\/webp"}],"twitter_card":"summary_large_image","schema":{"@context":"https:\/\/schema.org","@graph":[{"@type":"WebPage","@id":"https:\/\/grontkontor.dk\/sv\/shop\/kopipapir-a4-genanvendt-80g-hvid-steinbeis-nr-3\/","url":"https:\/\/grontkontor.dk\/sv\/shop\/kopipapir-a4-genanvendt-80g-hvid-steinbeis-nr-3\/","name":"Kopieringspapper A4 \u00e5tervunnet 80g vitt - Steinbeis nr 3 - Gr\u00f8nt Kontor","isPartOf":{"@id":"https:\/\/grontkontor.dk\/#website"},"datePublished":"2026-01-07T07:31:13+00:00","dateModified":"2026-01-07T13:30:26+00:00","breadcrumb":{"@id":"https:\/\/grontkontor.dk\/sv\/shop\/kopipapir-a4-genanvendt-80g-hvid-steinbeis-nr-3\/#breadcrumb"},"inLanguage":"sv-SE","potentialAction":[{"@type":"ReadAction","target":["https:\/\/grontkontor.dk\/sv\/shop\/kopipapir-a4-genanvendt-80g-hvid-steinbeis-nr-3\/"]}]},{"@type":"BreadcrumbList","@id":"https:\/\/grontkontor.dk\/sv\/shop\/kopipapir-a4-genanvendt-80g-hvid-steinbeis-nr-3\/#breadcrumb","itemListElement":[{"@type":"ListItem","position":1,"name":"Forside","item":"https:\/\/grontkontor.dk\/"},{"@type":"ListItem","position":2,"name":"Shop","item":"https:\/\/grontkontor.dk\/sv\/shop\/"},{"@type":"ListItem","position":3,"name":"Papir og blokke","item":"https:\/\/grontkontor.dk\/produkt-kategori\/papir\/"},{"@type":"ListItem","position":4,"name":"Kopi- og printerpapir","item":"https:\/\/grontkontor.dk\/produkt-kategori\/papir\/kopi-og-printerpapir\/"},{"@type":"ListItem","position":5,"name":"Kopieringspapper A4 \u00e5tervunnet 80g vitt &#8211; Steinbeis nr 3"}]},{"@type":"WebSite","@id":"https:\/\/grontkontor.dk\/#website","url":"https:\/\/grontkontor.dk\/","name":"Gr\u00f8nt Kontor","description":"Milj\u00f8venlige produkter til kontor og erhverv med fokus p\u00e5 b\u00e6redygtighed, design og fair trade.","publisher":{"@id":"https:\/\/grontkontor.dk\/#organization"},"potentialAction":[{"@type":"SearchAction","target":{"@type":"EntryPoint","urlTemplate":"https:\/\/grontkontor.dk\/?s={search_term_string}"},"query-input":"required name=search_term_string"}],"inLanguage":"sv-SE"},{"@type":"Organization","@id":"https:\/\/grontkontor.dk\/#organization","name":"Gr\u00f8nt Kontor","url":"https:\/\/grontkontor.dk\/","logo":{"@type":"ImageObject","inLanguage":"sv-SE","@id":"https:\/\/grontkontor.dk\/#\/schema\/logo\/image\/","url":"https:\/\/grontkontor.dk\/wp-content\/uploads\/2014\/02\/Logo_groent_kontor_300x80.png","contentUrl":"https:\/\/grontkontor.dk\/wp-content\/uploads\/2014\/02\/Logo_groent_kontor_300x80.png","width":300,"height":80,"caption":"Gr\u00f8nt Kontor"},"image":{"@id":"https:\/\/grontkontor.dk\/#\/schema\/logo\/image\/"},"sameAs":["https:\/\/www.facebook.com\/grontkontor.dk\/"]}]}},"_links":{"self":[{"href":"https:\/\/grontkontor.dk\/sv\/wp-json\/wp\/v2\/product\/131735"}],"collection":[{"href":"https:\/\/grontkontor.dk\/sv\/wp-json\/wp\/v2\/product"}],"about":[{"href":"https:\/\/grontkontor.dk\/sv\/wp-json\/wp\/v2\/types\/product"}],"replies":[{"embeddable":true,"href":"https:\/\/grontkontor.dk\/sv\/wp-json\/wp\/v2\/comments?post=131735"}],"wp:featuredmedia":[{"embeddable":true,"href":"https:\/\/grontkontor.dk\/sv\/wp-json\/wp\/v2\/media\/131742"}],"wp:attachment":[{"href":"https:\/\/grontkontor.dk\/sv\/wp-json\/wp\/v2\/media?parent=131735"}],"wp:term":[{"taxonomy":"product_cat","embeddable":true,"href":"https:\/\/grontkontor.dk\/sv\/wp-json\/wp\/v2\/product_cat?post=131735"},{"taxonomy":"product_tag","embeddable":true,"href":"https:\/\/grontkontor.dk\/sv\/wp-json\/wp\/v2\/product_tag?post=131735"}],"curies":[{"name":"wp","href":"https:\/\/api.w.org\/{rel}","templated":true}]}}