{"id":132141,"date":"2026-05-06T10:51:42","date_gmt":"2026-05-06T08:51:43","guid":{"rendered":"https:\/\/grontkontor.dk\/?post_type=product&#038;p=132141"},"modified":"2026-05-06T12:59:17","modified_gmt":"2026-05-06T10:59:17","slug":"klimatvaenlig-glasmugg-med-fyrfaergstryck-kopier","status":"publish","type":"product","link":"https:\/\/grontkontor.dk\/sv\/shop\/klimatvaenlig-glasmugg-med-fyrfaergstryck-kopier\/","title":{"rendered":"Klimatv\u00e4nlig glasmugg med fyrf\u00e4rgstryck (Kopier)"},"content":{"rendered":"<p>Fin praktisk mugg av glas. Glasmuggen \u00e4r gjord speciellt f\u00f6r sublimeringstryck, vilket m\u00f6jligg\u00f6r ett rikt f\u00e4rgval p\u00e5 muggen.<\/p>\n<p>En fin utdelning\/giveaway f\u00f6r m\u00e4ssa och event.<\/p>\n<p>Muggen t\u00e5l diskmaskin och mikrov\u00e5gsugn. Muggen \u00e4r  godk\u00e4nt till kontakt med livsmedel och 100% BPA fritt<\/p>\n<p>Inneh\u00e5ll: 350 ml.<\/p>\nGlas \u00e4r ett h\u00e5llbart \u00e5teranv\u00e4ndbart material, som \u00e4r framst\u00e4llt av sand eller \u00e5tervunnet glasavfall. Det g\u00e5r \u00e5t stora m\u00e4ngder energi b\u00e5de vid tillv\u00e4rkning och \u00e5tervinning, s\u00e5 graden av h\u00e5llbarhet \u00e4r beroende av energik\u00e4llan i tillv\u00e4rkningsprocessen. Glas f\u00f6rorenar inte vid bortskaffning. \n<p>&nbsp;<\/p>\n","protected":false},"excerpt":{"rendered":"<p>Fin praktisk mugg av glas. Glasmuggen \u00e4r gjord speciellt f\u00f6r sublimeringstryck, vilket m\u00f6jligg\u00f6r ett rikt f\u00e4rgval p\u00e5 muggen. En fin utdelning\/giveaway f\u00f6r m\u00e4ssa och event. Muggen t\u00e5l diskmaskin och mikrov\u00e5gsugn. Muggen \u00e4r Inneh\u00e5ll: 350 ml. &nbsp;<\/p>\n","protected":false},"featured_media":36522,"comment_status":"closed","ping_status":"closed","template":"","meta":{"_acf_changed":false},"product_cat":[4452,2107,2233,1954,2394],"product_tag":[1911,1910],"class_list":{"0":"post-132141","1":"product","2":"type-product","3":"status-publish","4":"has-post-thumbnail","6":"product_cat-muggar-och-koppar-sv","7":"product_cat-dummy-moq-1-sv","8":"product_cat-mat-och-dryck","9":"product_cat-muggar-och-koppar","10":"product_cat-nyheter","11":"product_tag-kaffekrus-sv","12":"product_tag-krus-sv","13":"tm-has-options","15":"first","16":"instock","17":"taxable","18":"shipping-taxable","19":"purchasable","20":"product-type-simple"},"acf":[],"yoast_head":"<!-- This site is optimized with the Yoast SEO Premium plugin v21.2 (Yoast SEO v21.2) - https:\/\/yoast.com\/wordpress\/plugins\/seo\/ -->\n<title>Klimatv\u00e4nlig glasmugg med fyrf\u00e4rgstryck (Kopier) - Gr\u00f8nt Kontor<\/title>\n<meta name=\"robots\" content=\"index, follow, max-snippet:-1, max-image-preview:large, max-video-preview:-1\" \/>\n<link rel=\"canonical\" href=\"https:\/\/grontkontor.dk\/sv\/shop\/klimatvaenlig-glasmugg-med-fyrfaergstryck-kopier\/\" \/>\n<meta property=\"og:locale\" content=\"sv_SE\" \/>\n<meta property=\"og:type\" content=\"article\" \/>\n<meta property=\"og:title\" content=\"Klimatv\u00e4nlig glasmugg med fyrf\u00e4rgstryck (Kopier)\" \/>\n<meta property=\"og:description\" content=\"Fin praktisk mugg av glas. Glasmuggen \u00e4r gjord speciellt f\u00f6r sublimeringstryck, vilket m\u00f6jligg\u00f6r ett rikt f\u00e4rgval p\u00e5 muggen. En fin utdelning\/giveaway f\u00f6r m\u00e4ssa och event. Muggen t\u00e5l diskmaskin och mikrov\u00e5gsugn. Muggen \u00e4r Inneh\u00e5ll: 350 ml. &nbsp;\" \/>\n<meta property=\"og:url\" content=\"https:\/\/grontkontor.dk\/sv\/shop\/klimatvaenlig-glasmugg-med-fyrfaergstryck-kopier\/\" \/>\n<meta property=\"og:site_name\" content=\"Gr\u00f8nt Kontor\" \/>\n<meta property=\"article:publisher\" content=\"https:\/\/www.facebook.com\/grontkontor.dk\/\" \/>\n<meta property=\"article:modified_time\" content=\"2026-05-06T10:59:17+00:00\" \/>\n<meta property=\"og:image\" content=\"https:\/\/grontkontor.dk\/wp-content\/uploads\/2022\/03\/miljoevenligt-glaskrus-350ml-03.jpg\" \/>\n\t<meta property=\"og:image:width\" content=\"900\" \/>\n\t<meta property=\"og:image:height\" content=\"639\" \/>\n\t<meta property=\"og:image:type\" content=\"image\/jpeg\" \/>\n<meta name=\"twitter:card\" content=\"summary_large_image\" \/>\n<script type=\"application\/ld+json\" class=\"yoast-schema-graph\">{\"@context\":\"https:\/\/schema.org\",\"@graph\":[{\"@type\":\"WebPage\",\"@id\":\"https:\/\/grontkontor.dk\/sv\/shop\/klimatvaenlig-glasmugg-med-fyrfaergstryck-kopier\/\",\"url\":\"https:\/\/grontkontor.dk\/sv\/shop\/klimatvaenlig-glasmugg-med-fyrfaergstryck-kopier\/\",\"name\":\"Klimatv\u00e4nlig glasmugg med fyrf\u00e4rgstryck (Kopier) - Gr\u00f8nt Kontor\",\"isPartOf\":{\"@id\":\"https:\/\/grontkontor.dk\/#website\"},\"datePublished\":\"2026-05-06T08:51:43+00:00\",\"dateModified\":\"2026-05-06T10:59:17+00:00\",\"breadcrumb\":{\"@id\":\"https:\/\/grontkontor.dk\/sv\/shop\/klimatvaenlig-glasmugg-med-fyrfaergstryck-kopier\/#breadcrumb\"},\"inLanguage\":\"sv-SE\",\"potentialAction\":[{\"@type\":\"ReadAction\",\"target\":[\"https:\/\/grontkontor.dk\/sv\/shop\/klimatvaenlig-glasmugg-med-fyrfaergstryck-kopier\/\"]}]},{\"@type\":\"BreadcrumbList\",\"@id\":\"https:\/\/grontkontor.dk\/sv\/shop\/klimatvaenlig-glasmugg-med-fyrfaergstryck-kopier\/#breadcrumb\",\"itemListElement\":[{\"@type\":\"ListItem\",\"position\":1,\"name\":\"Forside\",\"item\":\"https:\/\/grontkontor.dk\/\"},{\"@type\":\"ListItem\",\"position\":2,\"name\":\"Shop\",\"item\":\"https:\/\/grontkontor.dk\/sv\/shop\/\"},{\"@type\":\"ListItem\",\"position\":3,\"name\":\"Klimatsmarta f\u00f6retagspresenter\",\"item\":\"https:\/\/grontkontor.dk\/sv\/produkt-kategori\/miljovaenliga-foretagspresenter\/\"},{\"@type\":\"ListItem\",\"position\":4,\"name\":\"Muggar och koppar\",\"item\":\"https:\/\/grontkontor.dk\/sv\/produkt-kategori\/muggar-och-koppar-sv\/\"},{\"@type\":\"ListItem\",\"position\":5,\"name\":\"Klimatv\u00e4nlig glasmugg med fyrf\u00e4rgstryck (Kopier)\"}]},{\"@type\":\"WebSite\",\"@id\":\"https:\/\/grontkontor.dk\/#website\",\"url\":\"https:\/\/grontkontor.dk\/\",\"name\":\"Gr\u00f8nt Kontor\",\"description\":\"Milj\u00f8venlige produkter til kontor og erhverv med fokus p\u00e5 b\u00e6redygtighed, design og fair trade.\",\"publisher\":{\"@id\":\"https:\/\/grontkontor.dk\/#organization\"},\"potentialAction\":[{\"@type\":\"SearchAction\",\"target\":{\"@type\":\"EntryPoint\",\"urlTemplate\":\"https:\/\/grontkontor.dk\/?s={search_term_string}\"},\"query-input\":\"required name=search_term_string\"}],\"inLanguage\":\"sv-SE\"},{\"@type\":\"Organization\",\"@id\":\"https:\/\/grontkontor.dk\/#organization\",\"name\":\"Gr\u00f8nt Kontor\",\"url\":\"https:\/\/grontkontor.dk\/\",\"logo\":{\"@type\":\"ImageObject\",\"inLanguage\":\"sv-SE\",\"@id\":\"https:\/\/grontkontor.dk\/#\/schema\/logo\/image\/\",\"url\":\"https:\/\/grontkontor.dk\/wp-content\/uploads\/2014\/02\/Logo_groent_kontor_300x80.png\",\"contentUrl\":\"https:\/\/grontkontor.dk\/wp-content\/uploads\/2014\/02\/Logo_groent_kontor_300x80.png\",\"width\":300,\"height\":80,\"caption\":\"Gr\u00f8nt Kontor\"},\"image\":{\"@id\":\"https:\/\/grontkontor.dk\/#\/schema\/logo\/image\/\"},\"sameAs\":[\"https:\/\/www.facebook.com\/grontkontor.dk\/\"]}]}<\/script>\n<!-- \/ Yoast SEO Premium plugin. -->","yoast_head_json":{"title":"Klimatv\u00e4nlig glasmugg med fyrf\u00e4rgstryck (Kopier) - Gr\u00f8nt Kontor","robots":{"index":"index","follow":"follow","max-snippet":"max-snippet:-1","max-image-preview":"max-image-preview:large","max-video-preview":"max-video-preview:-1"},"canonical":"https:\/\/grontkontor.dk\/sv\/shop\/klimatvaenlig-glasmugg-med-fyrfaergstryck-kopier\/","og_locale":"sv_SE","og_type":"article","og_title":"Klimatv\u00e4nlig glasmugg med fyrf\u00e4rgstryck (Kopier)","og_description":"Fin praktisk mugg av glas. Glasmuggen \u00e4r gjord speciellt f\u00f6r sublimeringstryck, vilket m\u00f6jligg\u00f6r ett rikt f\u00e4rgval p\u00e5 muggen. En fin utdelning\/giveaway f\u00f6r m\u00e4ssa och event. Muggen t\u00e5l diskmaskin och mikrov\u00e5gsugn. Muggen \u00e4r Inneh\u00e5ll: 350 ml. &nbsp;","og_url":"https:\/\/grontkontor.dk\/sv\/shop\/klimatvaenlig-glasmugg-med-fyrfaergstryck-kopier\/","og_site_name":"Gr\u00f8nt Kontor","article_publisher":"https:\/\/www.facebook.com\/grontkontor.dk\/","article_modified_time":"2026-05-06T10:59:17+00:00","og_image":[{"width":900,"height":639,"url":"https:\/\/grontkontor.dk\/wp-content\/uploads\/2022\/03\/miljoevenligt-glaskrus-350ml-03.jpg","type":"image\/jpeg"}],"twitter_card":"summary_large_image","schema":{"@context":"https:\/\/schema.org","@graph":[{"@type":"WebPage","@id":"https:\/\/grontkontor.dk\/sv\/shop\/klimatvaenlig-glasmugg-med-fyrfaergstryck-kopier\/","url":"https:\/\/grontkontor.dk\/sv\/shop\/klimatvaenlig-glasmugg-med-fyrfaergstryck-kopier\/","name":"Klimatv\u00e4nlig glasmugg med fyrf\u00e4rgstryck (Kopier) - Gr\u00f8nt Kontor","isPartOf":{"@id":"https:\/\/grontkontor.dk\/#website"},"datePublished":"2026-05-06T08:51:43+00:00","dateModified":"2026-05-06T10:59:17+00:00","breadcrumb":{"@id":"https:\/\/grontkontor.dk\/sv\/shop\/klimatvaenlig-glasmugg-med-fyrfaergstryck-kopier\/#breadcrumb"},"inLanguage":"sv-SE","potentialAction":[{"@type":"ReadAction","target":["https:\/\/grontkontor.dk\/sv\/shop\/klimatvaenlig-glasmugg-med-fyrfaergstryck-kopier\/"]}]},{"@type":"BreadcrumbList","@id":"https:\/\/grontkontor.dk\/sv\/shop\/klimatvaenlig-glasmugg-med-fyrfaergstryck-kopier\/#breadcrumb","itemListElement":[{"@type":"ListItem","position":1,"name":"Forside","item":"https:\/\/grontkontor.dk\/"},{"@type":"ListItem","position":2,"name":"Shop","item":"https:\/\/grontkontor.dk\/sv\/shop\/"},{"@type":"ListItem","position":3,"name":"Klimatsmarta f\u00f6retagspresenter","item":"https:\/\/grontkontor.dk\/sv\/produkt-kategori\/miljovaenliga-foretagspresenter\/"},{"@type":"ListItem","position":4,"name":"Muggar och koppar","item":"https:\/\/grontkontor.dk\/sv\/produkt-kategori\/muggar-och-koppar-sv\/"},{"@type":"ListItem","position":5,"name":"Klimatv\u00e4nlig glasmugg med fyrf\u00e4rgstryck (Kopier)"}]},{"@type":"WebSite","@id":"https:\/\/grontkontor.dk\/#website","url":"https:\/\/grontkontor.dk\/","name":"Gr\u00f8nt Kontor","description":"Milj\u00f8venlige produkter til kontor og erhverv med fokus p\u00e5 b\u00e6redygtighed, design og fair trade.","publisher":{"@id":"https:\/\/grontkontor.dk\/#organization"},"potentialAction":[{"@type":"SearchAction","target":{"@type":"EntryPoint","urlTemplate":"https:\/\/grontkontor.dk\/?s={search_term_string}"},"query-input":"required name=search_term_string"}],"inLanguage":"sv-SE"},{"@type":"Organization","@id":"https:\/\/grontkontor.dk\/#organization","name":"Gr\u00f8nt Kontor","url":"https:\/\/grontkontor.dk\/","logo":{"@type":"ImageObject","inLanguage":"sv-SE","@id":"https:\/\/grontkontor.dk\/#\/schema\/logo\/image\/","url":"https:\/\/grontkontor.dk\/wp-content\/uploads\/2014\/02\/Logo_groent_kontor_300x80.png","contentUrl":"https:\/\/grontkontor.dk\/wp-content\/uploads\/2014\/02\/Logo_groent_kontor_300x80.png","width":300,"height":80,"caption":"Gr\u00f8nt Kontor"},"image":{"@id":"https:\/\/grontkontor.dk\/#\/schema\/logo\/image\/"},"sameAs":["https:\/\/www.facebook.com\/grontkontor.dk\/"]}]}},"_links":{"self":[{"href":"https:\/\/grontkontor.dk\/sv\/wp-json\/wp\/v2\/product\/132141"}],"collection":[{"href":"https:\/\/grontkontor.dk\/sv\/wp-json\/wp\/v2\/product"}],"about":[{"href":"https:\/\/grontkontor.dk\/sv\/wp-json\/wp\/v2\/types\/product"}],"replies":[{"embeddable":true,"href":"https:\/\/grontkontor.dk\/sv\/wp-json\/wp\/v2\/comments?post=132141"}],"wp:featuredmedia":[{"embeddable":true,"href":"https:\/\/grontkontor.dk\/sv\/wp-json\/wp\/v2\/media\/36522"}],"wp:attachment":[{"href":"https:\/\/grontkontor.dk\/sv\/wp-json\/wp\/v2\/media?parent=132141"}],"wp:term":[{"taxonomy":"product_cat","embeddable":true,"href":"https:\/\/grontkontor.dk\/sv\/wp-json\/wp\/v2\/product_cat?post=132141"},{"taxonomy":"product_tag","embeddable":true,"href":"https:\/\/grontkontor.dk\/sv\/wp-json\/wp\/v2\/product_tag?post=132141"}],"curies":[{"name":"wp","href":"https:\/\/api.w.org\/{rel}","templated":true}]}}