{"id":74254,"date":"2023-09-22T12:59:46","date_gmt":"2023-09-22T20:55:32","guid":{"rendered":"https:\/\/grontkontor.dk\/produkt\/skrivbordsset-i-3-delar-av-trae\/"},"modified":"2024-02-29T10:04:06","modified_gmt":"2024-02-29T09:04:06","slug":"skrivbordsset-i-3-delar-av-trae","status":"publish","type":"product","link":"https:\/\/grontkontor.dk\/sv\/shop\/skrivbordsset-i-3-delar-av-trae\/","title":{"rendered":"Skrivbord set i 3 delar"},"content":{"rendered":"<p>Exklusivt och klimatv\u00e4nligt 3-delat set i oljat FSC-certifierat p\u00e4rontr\u00e4d f\u00f6r skrivbordet. En klimat- och milj\u00f6v\u00e4nlig produkt.<br \/>\nH\u00e5llare f\u00f6r klisterlappar 40 x 50 mm.<br \/>\nLiten skrivbordsbricka.<br \/>\nGemh\u00e5llare med magnet s\u00e5 att gem alltid \u00e4r l\u00e4ttillg\u00e4ngliga.<br \/>\nVarje del m\u00e4ter: 62 x 62 x 23 mm. (LxBxH)<br \/>\nProducerad av funktionshindrade i skyddad verkstad.<br \/>\nKan leveres med logotryk eller lasergravering. Bestil uforpligtende tilbud hos <a class=\"light\" href=\"mailto:jens@grontkontor.dk\">jens@grontkontor.dk<\/a><br>\n     <img loading=\"lazy\" decoding=\"async\" class=\"size-medium wp-image-21008\" src=\"https:\/\/grontkontor.dk\/wp-content\/uploads\/2020\/11\/eu-flag_1-300x199.jpg\" alt=\"Fremstillet i EU\" width=\"68\" height=\"45\" srcset=\"https:\/\/grontkontor.dk\/wp-content\/uploads\/2020\/11\/eu-flag_1-300x199.jpg 300w, https:\/\/grontkontor.dk\/wp-content\/uploads\/2020\/11\/eu-flag_1.jpg 530w\" sizes=\"(max-width: 68px) 100vw, 68px\" \/><\/p>\n","protected":false},"excerpt":{"rendered":"<p>Exklusivt och klimatv\u00e4nligt 3-delat set i oljat FSC-certifierat p\u00e4rontr\u00e4d f\u00f6r skrivbordet. En klimat- och milj\u00f6v\u00e4nlig produkt. H\u00e5llare f\u00f6r klisterlappar 40 x 50 mm. Liten skrivbordsbricka. Gemh\u00e5llare med magnet s\u00e5 att gem alltid \u00e4r l\u00e4ttillg\u00e4ngliga. Varje del m\u00e4ter: 62 x 62 x 23 mm. (LxBxH) Producerad av funktionshindrade i skyddad verkstad.<\/p>\n","protected":false},"featured_media":10654,"comment_status":"closed","ping_status":"closed","template":"","meta":{"_acf_changed":false},"product_cat":[663,2107,661,1854,2216,1027,1375],"product_tag":[756,1668,1550],"class_list":{"0":"post-74254","1":"product","2":"type-product","3":"status-publish","4":"has-post-thumbnail","6":"product_cat-block","7":"product_cat-dummy-moq-1-sv","8":"product_cat-papper-och-block","9":"product_cat-produkt-serier-se","10":"product_cat-parontrad","11":"product_cat-tillbehor-till-skrivbordet","12":"product_cat-diverse-til-skrivebordet-sv","13":"product_tag-kom-ihaag-lappar","14":"product_tag-papirclips-sv","15":"product_tag-sticky-notes-sv","16":"tm-has-options","18":"first","19":"instock","20":"taxable","21":"shipping-taxable","22":"purchasable","23":"product-type-simple"},"acf":[],"yoast_head":"<!-- This site is optimized with the Yoast SEO Premium plugin v21.2 (Yoast SEO v21.2) - https:\/\/yoast.com\/wordpress\/plugins\/seo\/ -->\n<title>Skrivbord set i 3 delar - Gr\u00f8nt Kontor<\/title>\n<meta name=\"robots\" content=\"index, follow, max-snippet:-1, max-image-preview:large, max-video-preview:-1\" \/>\n<link rel=\"canonical\" href=\"https:\/\/grontkontor.dk\/sv\/shop\/skrivbordsset-i-3-delar-av-trae\/\" \/>\n<meta property=\"og:locale\" content=\"sv_SE\" \/>\n<meta property=\"og:type\" content=\"article\" \/>\n<meta property=\"og:title\" content=\"Skrivbord set i 3 delar\" \/>\n<meta property=\"og:description\" content=\"Exklusivt och klimatv\u00e4nligt 3-delat set i oljat FSC-certifierat p\u00e4rontr\u00e4d f\u00f6r skrivbordet. En klimat- och milj\u00f6v\u00e4nlig produkt. H\u00e5llare f\u00f6r klisterlappar 40 x 50 mm. Liten skrivbordsbricka. Gemh\u00e5llare med magnet s\u00e5 att gem alltid \u00e4r l\u00e4ttillg\u00e4ngliga. Varje del m\u00e4ter: 62 x 62 x 23 mm. (LxBxH) Producerad av funktionshindrade i skyddad verkstad.\" \/>\n<meta property=\"og:url\" content=\"https:\/\/grontkontor.dk\/sv\/shop\/skrivbordsset-i-3-delar-av-trae\/\" \/>\n<meta property=\"og:site_name\" content=\"Gr\u00f8nt Kontor\" \/>\n<meta property=\"article:publisher\" content=\"https:\/\/www.facebook.com\/grontkontor.dk\/\" \/>\n<meta property=\"article:modified_time\" content=\"2024-02-29T09:04:06+00:00\" \/>\n<meta property=\"og:image\" content=\"https:\/\/grontkontor.dk\/wp-content\/uploads\/2016\/11\/skrivebordssaet-01.jpg\" \/>\n\t<meta property=\"og:image:width\" content=\"800\" \/>\n\t<meta property=\"og:image:height\" content=\"568\" \/>\n\t<meta property=\"og:image:type\" content=\"image\/jpeg\" \/>\n<meta name=\"twitter:card\" content=\"summary_large_image\" \/>\n<script type=\"application\/ld+json\" class=\"yoast-schema-graph\">{\"@context\":\"https:\/\/schema.org\",\"@graph\":[{\"@type\":\"WebPage\",\"@id\":\"https:\/\/grontkontor.dk\/sv\/shop\/skrivbordsset-i-3-delar-av-trae\/\",\"url\":\"https:\/\/grontkontor.dk\/sv\/shop\/skrivbordsset-i-3-delar-av-trae\/\",\"name\":\"Skrivbord set i 3 delar - Gr\u00f8nt Kontor\",\"isPartOf\":{\"@id\":\"https:\/\/grontkontor.dk\/#website\"},\"datePublished\":\"2023-09-22T20:55:32+00:00\",\"dateModified\":\"2024-02-29T09:04:06+00:00\",\"breadcrumb\":{\"@id\":\"https:\/\/grontkontor.dk\/sv\/shop\/skrivbordsset-i-3-delar-av-trae\/#breadcrumb\"},\"inLanguage\":\"sv-SE\",\"potentialAction\":[{\"@type\":\"ReadAction\",\"target\":[\"https:\/\/grontkontor.dk\/sv\/shop\/skrivbordsset-i-3-delar-av-trae\/\"]}]},{\"@type\":\"BreadcrumbList\",\"@id\":\"https:\/\/grontkontor.dk\/sv\/shop\/skrivbordsset-i-3-delar-av-trae\/#breadcrumb\",\"itemListElement\":[{\"@type\":\"ListItem\",\"position\":1,\"name\":\"Forside\",\"item\":\"https:\/\/grontkontor.dk\/\"},{\"@type\":\"ListItem\",\"position\":2,\"name\":\"Shop\",\"item\":\"https:\/\/grontkontor.dk\/sv\/shop\/\"},{\"@type\":\"ListItem\",\"position\":3,\"name\":\"Papper och block\",\"item\":\"https:\/\/grontkontor.dk\/sv\/produkt-kategori\/papper-och-block\/\"},{\"@type\":\"ListItem\",\"position\":4,\"name\":\"Anteckningsblock\",\"item\":\"https:\/\/grontkontor.dk\/sv\/produkt-kategori\/papper-och-block\/block\/\"},{\"@type\":\"ListItem\",\"position\":5,\"name\":\"Skrivbord set i 3 delar\"}]},{\"@type\":\"WebSite\",\"@id\":\"https:\/\/grontkontor.dk\/#website\",\"url\":\"https:\/\/grontkontor.dk\/\",\"name\":\"Gr\u00f8nt Kontor\",\"description\":\"Milj\u00f8venlige produkter til kontor og erhverv med fokus p\u00e5 b\u00e6redygtighed, design og fair trade.\",\"publisher\":{\"@id\":\"https:\/\/grontkontor.dk\/#organization\"},\"potentialAction\":[{\"@type\":\"SearchAction\",\"target\":{\"@type\":\"EntryPoint\",\"urlTemplate\":\"https:\/\/grontkontor.dk\/?s={search_term_string}\"},\"query-input\":\"required name=search_term_string\"}],\"inLanguage\":\"sv-SE\"},{\"@type\":\"Organization\",\"@id\":\"https:\/\/grontkontor.dk\/#organization\",\"name\":\"Gr\u00f8nt Kontor\",\"url\":\"https:\/\/grontkontor.dk\/\",\"logo\":{\"@type\":\"ImageObject\",\"inLanguage\":\"sv-SE\",\"@id\":\"https:\/\/grontkontor.dk\/#\/schema\/logo\/image\/\",\"url\":\"https:\/\/grontkontor.dk\/wp-content\/uploads\/2014\/02\/Logo_groent_kontor_300x80.png\",\"contentUrl\":\"https:\/\/grontkontor.dk\/wp-content\/uploads\/2014\/02\/Logo_groent_kontor_300x80.png\",\"width\":300,\"height\":80,\"caption\":\"Gr\u00f8nt Kontor\"},\"image\":{\"@id\":\"https:\/\/grontkontor.dk\/#\/schema\/logo\/image\/\"},\"sameAs\":[\"https:\/\/www.facebook.com\/grontkontor.dk\/\"]}]}<\/script>\n<!-- \/ Yoast SEO Premium plugin. -->","yoast_head_json":{"title":"Skrivbord set i 3 delar - Gr\u00f8nt Kontor","robots":{"index":"index","follow":"follow","max-snippet":"max-snippet:-1","max-image-preview":"max-image-preview:large","max-video-preview":"max-video-preview:-1"},"canonical":"https:\/\/grontkontor.dk\/sv\/shop\/skrivbordsset-i-3-delar-av-trae\/","og_locale":"sv_SE","og_type":"article","og_title":"Skrivbord set i 3 delar","og_description":"Exklusivt och klimatv\u00e4nligt 3-delat set i oljat FSC-certifierat p\u00e4rontr\u00e4d f\u00f6r skrivbordet. En klimat- och milj\u00f6v\u00e4nlig produkt. H\u00e5llare f\u00f6r klisterlappar 40 x 50 mm. Liten skrivbordsbricka. Gemh\u00e5llare med magnet s\u00e5 att gem alltid \u00e4r l\u00e4ttillg\u00e4ngliga. Varje del m\u00e4ter: 62 x 62 x 23 mm. (LxBxH) Producerad av funktionshindrade i skyddad verkstad.","og_url":"https:\/\/grontkontor.dk\/sv\/shop\/skrivbordsset-i-3-delar-av-trae\/","og_site_name":"Gr\u00f8nt Kontor","article_publisher":"https:\/\/www.facebook.com\/grontkontor.dk\/","article_modified_time":"2024-02-29T09:04:06+00:00","og_image":[{"width":800,"height":568,"url":"https:\/\/grontkontor.dk\/wp-content\/uploads\/2016\/11\/skrivebordssaet-01.jpg","type":"image\/jpeg"}],"twitter_card":"summary_large_image","schema":{"@context":"https:\/\/schema.org","@graph":[{"@type":"WebPage","@id":"https:\/\/grontkontor.dk\/sv\/shop\/skrivbordsset-i-3-delar-av-trae\/","url":"https:\/\/grontkontor.dk\/sv\/shop\/skrivbordsset-i-3-delar-av-trae\/","name":"Skrivbord set i 3 delar - Gr\u00f8nt Kontor","isPartOf":{"@id":"https:\/\/grontkontor.dk\/#website"},"datePublished":"2023-09-22T20:55:32+00:00","dateModified":"2024-02-29T09:04:06+00:00","breadcrumb":{"@id":"https:\/\/grontkontor.dk\/sv\/shop\/skrivbordsset-i-3-delar-av-trae\/#breadcrumb"},"inLanguage":"sv-SE","potentialAction":[{"@type":"ReadAction","target":["https:\/\/grontkontor.dk\/sv\/shop\/skrivbordsset-i-3-delar-av-trae\/"]}]},{"@type":"BreadcrumbList","@id":"https:\/\/grontkontor.dk\/sv\/shop\/skrivbordsset-i-3-delar-av-trae\/#breadcrumb","itemListElement":[{"@type":"ListItem","position":1,"name":"Forside","item":"https:\/\/grontkontor.dk\/"},{"@type":"ListItem","position":2,"name":"Shop","item":"https:\/\/grontkontor.dk\/sv\/shop\/"},{"@type":"ListItem","position":3,"name":"Papper och block","item":"https:\/\/grontkontor.dk\/sv\/produkt-kategori\/papper-och-block\/"},{"@type":"ListItem","position":4,"name":"Anteckningsblock","item":"https:\/\/grontkontor.dk\/sv\/produkt-kategori\/papper-och-block\/block\/"},{"@type":"ListItem","position":5,"name":"Skrivbord set i 3 delar"}]},{"@type":"WebSite","@id":"https:\/\/grontkontor.dk\/#website","url":"https:\/\/grontkontor.dk\/","name":"Gr\u00f8nt Kontor","description":"Milj\u00f8venlige produkter til kontor og erhverv med fokus p\u00e5 b\u00e6redygtighed, design og fair trade.","publisher":{"@id":"https:\/\/grontkontor.dk\/#organization"},"potentialAction":[{"@type":"SearchAction","target":{"@type":"EntryPoint","urlTemplate":"https:\/\/grontkontor.dk\/?s={search_term_string}"},"query-input":"required name=search_term_string"}],"inLanguage":"sv-SE"},{"@type":"Organization","@id":"https:\/\/grontkontor.dk\/#organization","name":"Gr\u00f8nt Kontor","url":"https:\/\/grontkontor.dk\/","logo":{"@type":"ImageObject","inLanguage":"sv-SE","@id":"https:\/\/grontkontor.dk\/#\/schema\/logo\/image\/","url":"https:\/\/grontkontor.dk\/wp-content\/uploads\/2014\/02\/Logo_groent_kontor_300x80.png","contentUrl":"https:\/\/grontkontor.dk\/wp-content\/uploads\/2014\/02\/Logo_groent_kontor_300x80.png","width":300,"height":80,"caption":"Gr\u00f8nt Kontor"},"image":{"@id":"https:\/\/grontkontor.dk\/#\/schema\/logo\/image\/"},"sameAs":["https:\/\/www.facebook.com\/grontkontor.dk\/"]}]}},"_links":{"self":[{"href":"https:\/\/grontkontor.dk\/sv\/wp-json\/wp\/v2\/product\/74254"}],"collection":[{"href":"https:\/\/grontkontor.dk\/sv\/wp-json\/wp\/v2\/product"}],"about":[{"href":"https:\/\/grontkontor.dk\/sv\/wp-json\/wp\/v2\/types\/product"}],"replies":[{"embeddable":true,"href":"https:\/\/grontkontor.dk\/sv\/wp-json\/wp\/v2\/comments?post=74254"}],"wp:featuredmedia":[{"embeddable":true,"href":"https:\/\/grontkontor.dk\/sv\/wp-json\/wp\/v2\/media\/10654"}],"wp:attachment":[{"href":"https:\/\/grontkontor.dk\/sv\/wp-json\/wp\/v2\/media?parent=74254"}],"wp:term":[{"taxonomy":"product_cat","embeddable":true,"href":"https:\/\/grontkontor.dk\/sv\/wp-json\/wp\/v2\/product_cat?post=74254"},{"taxonomy":"product_tag","embeddable":true,"href":"https:\/\/grontkontor.dk\/sv\/wp-json\/wp\/v2\/product_tag?post=74254"}],"curies":[{"name":"wp","href":"https:\/\/api.w.org\/{rel}","templated":true}]}}