{"id":74258,"date":"2023-09-22T12:59:32","date_gmt":"2023-09-22T20:55:32","guid":{"rendered":"https:\/\/grontkontor.dk\/produkt\/visitkortshaallare-av-trae\/"},"modified":"2024-02-29T10:09:45","modified_gmt":"2024-02-29T09:09:45","slug":"visitkortshaallare-av-trae","status":"publish","type":"product","link":"https:\/\/grontkontor.dk\/sv\/shop\/visitkortshaallare-av-trae\/","title":{"rendered":"Visitkortsh\u00e5llare p\u00e4rontr\u00e4d"},"content":{"rendered":"<p>H\u00e5ll koll p\u00e5 dina visitkort med denna exklusiva och klimatsmarta visitkortsh\u00e5llare. En rulle med massiva rostfria rullar p\u00e5 den lutande ytan mot korten. Gummiringen som l\u00f6per i sp\u00e5ret ser till att rullen inte kan glida \u00e5t sidan. Grunden \u00e4r oljat FSC-certifierat p\u00e4rontr\u00e4. En klimat- och milj\u00f6v\u00e4nlig produkt.<br \/>\nTillverkas i EU av funktionshindrade i skyddade verkst\u00e4der.<\/p>\nSt\u00e5l\/j\u00e4rn er en \u00e5teranv\u00e4ndbar och praktiskt taget obegr\u00e4nsad resurs som inte f\u00f6rorenar vid kassering. St\u00e5l kan \u00e5tervinnas i det o\u00e4ndliga, vilket sker i s\u00e5 stor utstr\u00e4ckning att absolut st\u00f6rsta delen av allt st\u00e5l p\u00e5 marknaden, i huvudsak, best\u00e5r av \u00e5tervunnen st\u00e5l. \nKan leveres med logotryk eller lasergravering. Bestil uforpligtende tilbud hos <a class=\"light\" href=\"mailto:jens@grontkontor.dk\">jens@grontkontor.dk<\/a><br>\n     <img loading=\"lazy\" decoding=\"async\" class=\"size-medium wp-image-21008\" src=\"https:\/\/grontkontor.dk\/wp-content\/uploads\/2020\/11\/eu-flag_1-300x199.jpg\" alt=\"Fremstillet i EU\" width=\"68\" height=\"45\" srcset=\"https:\/\/grontkontor.dk\/wp-content\/uploads\/2020\/11\/eu-flag_1-300x199.jpg 300w, https:\/\/grontkontor.dk\/wp-content\/uploads\/2020\/11\/eu-flag_1.jpg 530w\" sizes=\"(max-width: 68px) 100vw, 68px\" \/>\n","protected":false},"excerpt":{"rendered":"<p>H\u00e5ll koll p\u00e5 dina visitkort med denna exklusiva och klimatsmarta visitkortsh\u00e5llare. En rulle med massiva rostfria rullar p\u00e5 den lutande ytan mot korten. Gummiringen som l\u00f6per i sp\u00e5ret ser till att rullen inte kan glida \u00e5t sidan. Grunden \u00e4r oljat FSC-certifierat p\u00e4rontr\u00e4. En klimat- och milj\u00f6v\u00e4nlig produkt. Tillverkas i EU av funktionshindrade i skyddade verkst\u00e4der.<\/p>\n","protected":false},"featured_media":14286,"comment_status":"closed","ping_status":"closed","template":"","meta":{"_acf_changed":false},"product_cat":[2107,867,1854,2216,1027,1375],"product_tag":[1741,1742,820],"class_list":{"0":"post-74258","1":"product","2":"type-product","3":"status-publish","4":"has-post-thumbnail","6":"product_cat-dummy-moq-1-sv","7":"product_cat-miljovaenliga-foretagspresenter","8":"product_cat-produkt-serier-se","9":"product_cat-parontrad","10":"product_cat-tillbehor-till-skrivbordet","11":"product_cat-diverse-til-skrivebordet-sv","12":"product_tag-dekoration-sv","13":"product_tag-design-sv-2","14":"product_tag-visitkort-sv","15":"tm-has-options","17":"first","18":"instock","19":"taxable","20":"shipping-taxable","21":"purchasable","22":"product-type-simple"},"acf":[],"yoast_head":"<!-- This site is optimized with the Yoast SEO Premium plugin v21.2 (Yoast SEO v21.2) - https:\/\/yoast.com\/wordpress\/plugins\/seo\/ -->\n<title>Visitkortsh\u00e5llare p\u00e4rontr\u00e4d - Gr\u00f8nt Kontor<\/title>\n<meta name=\"robots\" content=\"index, follow, max-snippet:-1, max-image-preview:large, max-video-preview:-1\" \/>\n<link rel=\"canonical\" href=\"https:\/\/grontkontor.dk\/shop\/visitkortholder\/\" \/>\n<meta property=\"og:locale\" content=\"sv_SE\" \/>\n<meta property=\"og:type\" content=\"article\" \/>\n<meta property=\"og:title\" content=\"Visitkortsh\u00e5llare p\u00e4rontr\u00e4d\" \/>\n<meta property=\"og:description\" content=\"H\u00e5ll koll p\u00e5 dina visitkort med denna exklusiva och klimatsmarta visitkortsh\u00e5llare. En rulle med massiva rostfria rullar p\u00e5 den lutande ytan mot korten. Gummiringen som l\u00f6per i sp\u00e5ret ser till att rullen inte kan glida \u00e5t sidan. Grunden \u00e4r oljat FSC-certifierat p\u00e4rontr\u00e4. En klimat- och milj\u00f6v\u00e4nlig produkt. Tillverkas i EU av funktionshindrade i skyddade verkst\u00e4der.\" \/>\n<meta property=\"og:url\" content=\"https:\/\/grontkontor.dk\/shop\/visitkortholder\/\" \/>\n<meta property=\"og:site_name\" content=\"Gr\u00f8nt Kontor\" \/>\n<meta property=\"article:publisher\" content=\"https:\/\/www.facebook.com\/grontkontor.dk\/\" \/>\n<meta property=\"article:modified_time\" content=\"2024-02-29T09:09:45+00:00\" \/>\n<meta property=\"og:image\" content=\"https:\/\/grontkontor.dk\/wp-content\/uploads\/2016\/10\/visitkortholder-i-trae-01.jpg\" \/>\n\t<meta property=\"og:image:width\" content=\"800\" \/>\n\t<meta property=\"og:image:height\" content=\"568\" \/>\n\t<meta property=\"og:image:type\" content=\"image\/jpeg\" \/>\n<meta name=\"twitter:card\" content=\"summary_large_image\" \/>\n<script type=\"application\/ld+json\" class=\"yoast-schema-graph\">{\"@context\":\"https:\/\/schema.org\",\"@graph\":[{\"@type\":\"WebPage\",\"@id\":\"https:\/\/grontkontor.dk\/shop\/visitkortholder\/\",\"url\":\"https:\/\/grontkontor.dk\/shop\/visitkortholder\/\",\"name\":\"Visitkortsh\u00e5llare p\u00e4rontr\u00e4d - Gr\u00f8nt Kontor\",\"isPartOf\":{\"@id\":\"https:\/\/grontkontor.dk\/#website\"},\"datePublished\":\"2023-09-22T20:55:32+00:00\",\"dateModified\":\"2024-02-29T09:09:45+00:00\",\"breadcrumb\":{\"@id\":\"https:\/\/grontkontor.dk\/shop\/visitkortholder\/#breadcrumb\"},\"inLanguage\":\"sv-SE\",\"potentialAction\":[{\"@type\":\"ReadAction\",\"target\":[\"https:\/\/grontkontor.dk\/shop\/visitkortholder\/\"]}]},{\"@type\":\"BreadcrumbList\",\"@id\":\"https:\/\/grontkontor.dk\/shop\/visitkortholder\/#breadcrumb\",\"itemListElement\":[{\"@type\":\"ListItem\",\"position\":1,\"name\":\"Forside\",\"item\":\"https:\/\/grontkontor.dk\/\"},{\"@type\":\"ListItem\",\"position\":2,\"name\":\"Shop\",\"item\":\"https:\/\/grontkontor.dk\/sv\/shop\/\"},{\"@type\":\"ListItem\",\"position\":3,\"name\":\"Produktserier\",\"item\":\"https:\/\/grontkontor.dk\/sv\/produkt-kategori\/produkt-serier-se\/\"},{\"@type\":\"ListItem\",\"position\":4,\"name\":\"P\u00e4rontr\u00e4d\",\"item\":\"https:\/\/grontkontor.dk\/sv\/produkt-kategori\/produkt-serier-se\/parontrad\/\"},{\"@type\":\"ListItem\",\"position\":5,\"name\":\"Visitkortsh\u00e5llare p\u00e4rontr\u00e4d\"}]},{\"@type\":\"WebSite\",\"@id\":\"https:\/\/grontkontor.dk\/#website\",\"url\":\"https:\/\/grontkontor.dk\/\",\"name\":\"Gr\u00f8nt Kontor\",\"description\":\"Milj\u00f8venlige produkter til kontor og erhverv med fokus p\u00e5 b\u00e6redygtighed, design og fair trade.\",\"publisher\":{\"@id\":\"https:\/\/grontkontor.dk\/#organization\"},\"potentialAction\":[{\"@type\":\"SearchAction\",\"target\":{\"@type\":\"EntryPoint\",\"urlTemplate\":\"https:\/\/grontkontor.dk\/?s={search_term_string}\"},\"query-input\":\"required name=search_term_string\"}],\"inLanguage\":\"sv-SE\"},{\"@type\":\"Organization\",\"@id\":\"https:\/\/grontkontor.dk\/#organization\",\"name\":\"Gr\u00f8nt Kontor\",\"url\":\"https:\/\/grontkontor.dk\/\",\"logo\":{\"@type\":\"ImageObject\",\"inLanguage\":\"sv-SE\",\"@id\":\"https:\/\/grontkontor.dk\/#\/schema\/logo\/image\/\",\"url\":\"https:\/\/grontkontor.dk\/wp-content\/uploads\/2014\/02\/Logo_groent_kontor_300x80.png\",\"contentUrl\":\"https:\/\/grontkontor.dk\/wp-content\/uploads\/2014\/02\/Logo_groent_kontor_300x80.png\",\"width\":300,\"height\":80,\"caption\":\"Gr\u00f8nt Kontor\"},\"image\":{\"@id\":\"https:\/\/grontkontor.dk\/#\/schema\/logo\/image\/\"},\"sameAs\":[\"https:\/\/www.facebook.com\/grontkontor.dk\/\"]}]}<\/script>\n<!-- \/ Yoast SEO Premium plugin. -->","yoast_head_json":{"title":"Visitkortsh\u00e5llare p\u00e4rontr\u00e4d - Gr\u00f8nt Kontor","robots":{"index":"index","follow":"follow","max-snippet":"max-snippet:-1","max-image-preview":"max-image-preview:large","max-video-preview":"max-video-preview:-1"},"canonical":"https:\/\/grontkontor.dk\/shop\/visitkortholder\/","og_locale":"sv_SE","og_type":"article","og_title":"Visitkortsh\u00e5llare p\u00e4rontr\u00e4d","og_description":"H\u00e5ll koll p\u00e5 dina visitkort med denna exklusiva och klimatsmarta visitkortsh\u00e5llare. En rulle med massiva rostfria rullar p\u00e5 den lutande ytan mot korten. Gummiringen som l\u00f6per i sp\u00e5ret ser till att rullen inte kan glida \u00e5t sidan. Grunden \u00e4r oljat FSC-certifierat p\u00e4rontr\u00e4. En klimat- och milj\u00f6v\u00e4nlig produkt. Tillverkas i EU av funktionshindrade i skyddade verkst\u00e4der.","og_url":"https:\/\/grontkontor.dk\/shop\/visitkortholder\/","og_site_name":"Gr\u00f8nt Kontor","article_publisher":"https:\/\/www.facebook.com\/grontkontor.dk\/","article_modified_time":"2024-02-29T09:09:45+00:00","og_image":[{"width":800,"height":568,"url":"https:\/\/grontkontor.dk\/wp-content\/uploads\/2016\/10\/visitkortholder-i-trae-01.jpg","type":"image\/jpeg"}],"twitter_card":"summary_large_image","schema":{"@context":"https:\/\/schema.org","@graph":[{"@type":"WebPage","@id":"https:\/\/grontkontor.dk\/shop\/visitkortholder\/","url":"https:\/\/grontkontor.dk\/shop\/visitkortholder\/","name":"Visitkortsh\u00e5llare p\u00e4rontr\u00e4d - Gr\u00f8nt Kontor","isPartOf":{"@id":"https:\/\/grontkontor.dk\/#website"},"datePublished":"2023-09-22T20:55:32+00:00","dateModified":"2024-02-29T09:09:45+00:00","breadcrumb":{"@id":"https:\/\/grontkontor.dk\/shop\/visitkortholder\/#breadcrumb"},"inLanguage":"sv-SE","potentialAction":[{"@type":"ReadAction","target":["https:\/\/grontkontor.dk\/shop\/visitkortholder\/"]}]},{"@type":"BreadcrumbList","@id":"https:\/\/grontkontor.dk\/shop\/visitkortholder\/#breadcrumb","itemListElement":[{"@type":"ListItem","position":1,"name":"Forside","item":"https:\/\/grontkontor.dk\/"},{"@type":"ListItem","position":2,"name":"Shop","item":"https:\/\/grontkontor.dk\/sv\/shop\/"},{"@type":"ListItem","position":3,"name":"Produktserier","item":"https:\/\/grontkontor.dk\/sv\/produkt-kategori\/produkt-serier-se\/"},{"@type":"ListItem","position":4,"name":"P\u00e4rontr\u00e4d","item":"https:\/\/grontkontor.dk\/sv\/produkt-kategori\/produkt-serier-se\/parontrad\/"},{"@type":"ListItem","position":5,"name":"Visitkortsh\u00e5llare p\u00e4rontr\u00e4d"}]},{"@type":"WebSite","@id":"https:\/\/grontkontor.dk\/#website","url":"https:\/\/grontkontor.dk\/","name":"Gr\u00f8nt Kontor","description":"Milj\u00f8venlige produkter til kontor og erhverv med fokus p\u00e5 b\u00e6redygtighed, design og fair trade.","publisher":{"@id":"https:\/\/grontkontor.dk\/#organization"},"potentialAction":[{"@type":"SearchAction","target":{"@type":"EntryPoint","urlTemplate":"https:\/\/grontkontor.dk\/?s={search_term_string}"},"query-input":"required name=search_term_string"}],"inLanguage":"sv-SE"},{"@type":"Organization","@id":"https:\/\/grontkontor.dk\/#organization","name":"Gr\u00f8nt Kontor","url":"https:\/\/grontkontor.dk\/","logo":{"@type":"ImageObject","inLanguage":"sv-SE","@id":"https:\/\/grontkontor.dk\/#\/schema\/logo\/image\/","url":"https:\/\/grontkontor.dk\/wp-content\/uploads\/2014\/02\/Logo_groent_kontor_300x80.png","contentUrl":"https:\/\/grontkontor.dk\/wp-content\/uploads\/2014\/02\/Logo_groent_kontor_300x80.png","width":300,"height":80,"caption":"Gr\u00f8nt Kontor"},"image":{"@id":"https:\/\/grontkontor.dk\/#\/schema\/logo\/image\/"},"sameAs":["https:\/\/www.facebook.com\/grontkontor.dk\/"]}]}},"_links":{"self":[{"href":"https:\/\/grontkontor.dk\/sv\/wp-json\/wp\/v2\/product\/74258"}],"collection":[{"href":"https:\/\/grontkontor.dk\/sv\/wp-json\/wp\/v2\/product"}],"about":[{"href":"https:\/\/grontkontor.dk\/sv\/wp-json\/wp\/v2\/types\/product"}],"replies":[{"embeddable":true,"href":"https:\/\/grontkontor.dk\/sv\/wp-json\/wp\/v2\/comments?post=74258"}],"wp:featuredmedia":[{"embeddable":true,"href":"https:\/\/grontkontor.dk\/sv\/wp-json\/wp\/v2\/media\/14286"}],"wp:attachment":[{"href":"https:\/\/grontkontor.dk\/sv\/wp-json\/wp\/v2\/media?parent=74258"}],"wp:term":[{"taxonomy":"product_cat","embeddable":true,"href":"https:\/\/grontkontor.dk\/sv\/wp-json\/wp\/v2\/product_cat?post=74258"},{"taxonomy":"product_tag","embeddable":true,"href":"https:\/\/grontkontor.dk\/sv\/wp-json\/wp\/v2\/product_tag?post=74258"}],"curies":[{"name":"wp","href":"https:\/\/api.w.org\/{rel}","templated":true}]}}