{"id":74273,"date":"2023-09-22T12:59:32","date_gmt":"2023-09-22T20:55:32","guid":{"rendered":"https:\/\/grontkontor.dk\/produkt\/datorfodral-av-ull-13-ljusgraa\/"},"modified":"2024-02-29T10:12:12","modified_gmt":"2024-02-29T09:12:12","slug":"datorfodral-av-ull-13-ljusgraa","status":"publish","type":"product","link":"https:\/\/grontkontor.dk\/sv\/shop\/datorfodral-av-ull-13-ljusgraa\/","title":{"rendered":"Laptopfodral 11-tums &#8211; Ice"},"content":{"rendered":"<p>Ett trendigt och klassiskt datorfodral i ekologisk ull fr\u00e5n Italien och designat och producerat i Sverige. Enkel st\u00e4ngning med m\u00e4ssingsknapp och fl\u00e4tat l\u00e4dersn\u00f6re.<br \/>\nUll \u00e4r ett f\u00f6rnybart material (f\u00e5r f\u00e5r ny ull om och om igen). Ull \u00e4r en av de textilier i viskos- och bomullsgruppen som sl\u00e4pper ut minst CO2 under produktionen. Inneh\u00e5ller 10% polyester.<br \/>\nInv\u00e4ndiga m\u00e5tt: 29,5 x 19 cm.<\/p>\n<p>BEGR\u00c4NSAT PARTI.<\/p>\n","protected":false},"excerpt":{"rendered":"<p>Ett trendigt och klassiskt datorfodral i ekologisk ull fr\u00e5n Italien och designat och producerat i Sverige. Enkel st\u00e4ngning med m\u00e4ssingsknapp och fl\u00e4tat l\u00e4dersn\u00f6re. Ull \u00e4r ett f\u00f6rnybart material (f\u00e5r f\u00e5r ny ull om och om igen). Ull \u00e4r en av de textilier i viskos- och bomullsgruppen som sl\u00e4pper ut minst CO2 under produktionen. Inneh\u00e5ller 10% [&hellip;]<\/p>\n","protected":false},"featured_media":7033,"comment_status":"closed","ping_status":"closed","template":"","meta":{"_acf_changed":false},"product_cat":[676,2107,867,675],"product_tag":[744,1712,1713,768],"class_list":{"0":"post-74273","1":"product","2":"type-product","3":"status-publish","4":"has-post-thumbnail","6":"product_cat-datorvaeskor-och-fodral","7":"product_cat-dummy-moq-1-sv","8":"product_cat-miljovaenliga-foretagspresenter","9":"product_cat-vaeskor-och-fodral","10":"product_tag-datorvaeska","11":"product_tag-korktaske-sv","12":"product_tag-laptoptaske-sv","13":"product_tag-vaeska-till-laptop","14":"tm-has-options","16":"first","17":"instock","18":"taxable","19":"shipping-taxable","20":"purchasable","21":"product-type-simple"},"acf":[],"yoast_head":"<!-- This site is optimized with the Yoast SEO Premium plugin v21.2 (Yoast SEO v21.2) - https:\/\/yoast.com\/wordpress\/plugins\/seo\/ -->\n<title>Laptopfodral 11-tums - Ice - Gr\u00f8nt Kontor<\/title>\n<meta name=\"robots\" content=\"index, follow, max-snippet:-1, max-image-preview:large, max-video-preview:-1\" \/>\n<link rel=\"canonical\" href=\"https:\/\/grontkontor.dk\/sv\/shop\/datorfodral-av-ull-13-ljusgraa\/\" \/>\n<meta property=\"og:locale\" content=\"sv_SE\" \/>\n<meta property=\"og:type\" content=\"article\" \/>\n<meta property=\"og:title\" content=\"Laptopfodral 11-tums - Ice\" \/>\n<meta property=\"og:description\" content=\"Ett trendigt och klassiskt datorfodral i ekologisk ull fr\u00e5n Italien och designat och producerat i Sverige. Enkel st\u00e4ngning med m\u00e4ssingsknapp och fl\u00e4tat l\u00e4dersn\u00f6re. Ull \u00e4r ett f\u00f6rnybart material (f\u00e5r f\u00e5r ny ull om och om igen). Ull \u00e4r en av de textilier i viskos- och bomullsgruppen som sl\u00e4pper ut minst CO2 under produktionen. Inneh\u00e5ller 10% [&hellip;]\" \/>\n<meta property=\"og:url\" content=\"https:\/\/grontkontor.dk\/sv\/shop\/datorfodral-av-ull-13-ljusgraa\/\" \/>\n<meta property=\"og:site_name\" content=\"Gr\u00f8nt Kontor\" \/>\n<meta property=\"article:publisher\" content=\"https:\/\/www.facebook.com\/grontkontor.dk\/\" \/>\n<meta property=\"article:modified_time\" content=\"2024-02-29T09:12:12+00:00\" \/>\n<meta property=\"og:image\" content=\"https:\/\/grontkontor.dk\/wp-content\/uploads\/2016\/09\/20105-1.jpg\" \/>\n\t<meta property=\"og:image:width\" content=\"854\" \/>\n\t<meta property=\"og:image:height\" content=\"569\" \/>\n\t<meta property=\"og:image:type\" content=\"image\/jpeg\" \/>\n<meta name=\"twitter:card\" content=\"summary_large_image\" \/>\n<script type=\"application\/ld+json\" class=\"yoast-schema-graph\">{\"@context\":\"https:\/\/schema.org\",\"@graph\":[{\"@type\":\"WebPage\",\"@id\":\"https:\/\/grontkontor.dk\/sv\/shop\/datorfodral-av-ull-13-ljusgraa\/\",\"url\":\"https:\/\/grontkontor.dk\/sv\/shop\/datorfodral-av-ull-13-ljusgraa\/\",\"name\":\"Laptopfodral 11-tums - Ice - Gr\u00f8nt Kontor\",\"isPartOf\":{\"@id\":\"https:\/\/grontkontor.dk\/#website\"},\"datePublished\":\"2023-09-22T20:55:32+00:00\",\"dateModified\":\"2024-02-29T09:12:12+00:00\",\"breadcrumb\":{\"@id\":\"https:\/\/grontkontor.dk\/sv\/shop\/datorfodral-av-ull-13-ljusgraa\/#breadcrumb\"},\"inLanguage\":\"sv-SE\",\"potentialAction\":[{\"@type\":\"ReadAction\",\"target\":[\"https:\/\/grontkontor.dk\/sv\/shop\/datorfodral-av-ull-13-ljusgraa\/\"]}]},{\"@type\":\"BreadcrumbList\",\"@id\":\"https:\/\/grontkontor.dk\/sv\/shop\/datorfodral-av-ull-13-ljusgraa\/#breadcrumb\",\"itemListElement\":[{\"@type\":\"ListItem\",\"position\":1,\"name\":\"Forside\",\"item\":\"https:\/\/grontkontor.dk\/\"},{\"@type\":\"ListItem\",\"position\":2,\"name\":\"Shop\",\"item\":\"https:\/\/grontkontor.dk\/sv\/shop\/\"},{\"@type\":\"ListItem\",\"position\":3,\"name\":\"V\u00e4skor, fodral och covers\",\"item\":\"https:\/\/grontkontor.dk\/sv\/produkt-kategori\/vaeskor-och-fodral\/\"},{\"@type\":\"ListItem\",\"position\":4,\"name\":\"Datorv\u00e4skor och fodral\",\"item\":\"https:\/\/grontkontor.dk\/sv\/produkt-kategori\/vaeskor-och-fodral\/datorvaeskor-och-fodral\/\"},{\"@type\":\"ListItem\",\"position\":5,\"name\":\"Laptopfodral 11-tums &#8211; Ice\"}]},{\"@type\":\"WebSite\",\"@id\":\"https:\/\/grontkontor.dk\/#website\",\"url\":\"https:\/\/grontkontor.dk\/\",\"name\":\"Gr\u00f8nt Kontor\",\"description\":\"Milj\u00f8venlige produkter til kontor og erhverv med fokus p\u00e5 b\u00e6redygtighed, design og fair trade.\",\"publisher\":{\"@id\":\"https:\/\/grontkontor.dk\/#organization\"},\"potentialAction\":[{\"@type\":\"SearchAction\",\"target\":{\"@type\":\"EntryPoint\",\"urlTemplate\":\"https:\/\/grontkontor.dk\/?s={search_term_string}\"},\"query-input\":\"required name=search_term_string\"}],\"inLanguage\":\"sv-SE\"},{\"@type\":\"Organization\",\"@id\":\"https:\/\/grontkontor.dk\/#organization\",\"name\":\"Gr\u00f8nt Kontor\",\"url\":\"https:\/\/grontkontor.dk\/\",\"logo\":{\"@type\":\"ImageObject\",\"inLanguage\":\"sv-SE\",\"@id\":\"https:\/\/grontkontor.dk\/#\/schema\/logo\/image\/\",\"url\":\"https:\/\/grontkontor.dk\/wp-content\/uploads\/2014\/02\/Logo_groent_kontor_300x80.png\",\"contentUrl\":\"https:\/\/grontkontor.dk\/wp-content\/uploads\/2014\/02\/Logo_groent_kontor_300x80.png\",\"width\":300,\"height\":80,\"caption\":\"Gr\u00f8nt Kontor\"},\"image\":{\"@id\":\"https:\/\/grontkontor.dk\/#\/schema\/logo\/image\/\"},\"sameAs\":[\"https:\/\/www.facebook.com\/grontkontor.dk\/\"]}]}<\/script>\n<!-- \/ Yoast SEO Premium plugin. -->","yoast_head_json":{"title":"Laptopfodral 11-tums - Ice - Gr\u00f8nt Kontor","robots":{"index":"index","follow":"follow","max-snippet":"max-snippet:-1","max-image-preview":"max-image-preview:large","max-video-preview":"max-video-preview:-1"},"canonical":"https:\/\/grontkontor.dk\/sv\/shop\/datorfodral-av-ull-13-ljusgraa\/","og_locale":"sv_SE","og_type":"article","og_title":"Laptopfodral 11-tums - Ice","og_description":"Ett trendigt och klassiskt datorfodral i ekologisk ull fr\u00e5n Italien och designat och producerat i Sverige. Enkel st\u00e4ngning med m\u00e4ssingsknapp och fl\u00e4tat l\u00e4dersn\u00f6re. Ull \u00e4r ett f\u00f6rnybart material (f\u00e5r f\u00e5r ny ull om och om igen). Ull \u00e4r en av de textilier i viskos- och bomullsgruppen som sl\u00e4pper ut minst CO2 under produktionen. Inneh\u00e5ller 10% [&hellip;]","og_url":"https:\/\/grontkontor.dk\/sv\/shop\/datorfodral-av-ull-13-ljusgraa\/","og_site_name":"Gr\u00f8nt Kontor","article_publisher":"https:\/\/www.facebook.com\/grontkontor.dk\/","article_modified_time":"2024-02-29T09:12:12+00:00","og_image":[{"width":854,"height":569,"url":"https:\/\/grontkontor.dk\/wp-content\/uploads\/2016\/09\/20105-1.jpg","type":"image\/jpeg"}],"twitter_card":"summary_large_image","schema":{"@context":"https:\/\/schema.org","@graph":[{"@type":"WebPage","@id":"https:\/\/grontkontor.dk\/sv\/shop\/datorfodral-av-ull-13-ljusgraa\/","url":"https:\/\/grontkontor.dk\/sv\/shop\/datorfodral-av-ull-13-ljusgraa\/","name":"Laptopfodral 11-tums - Ice - Gr\u00f8nt Kontor","isPartOf":{"@id":"https:\/\/grontkontor.dk\/#website"},"datePublished":"2023-09-22T20:55:32+00:00","dateModified":"2024-02-29T09:12:12+00:00","breadcrumb":{"@id":"https:\/\/grontkontor.dk\/sv\/shop\/datorfodral-av-ull-13-ljusgraa\/#breadcrumb"},"inLanguage":"sv-SE","potentialAction":[{"@type":"ReadAction","target":["https:\/\/grontkontor.dk\/sv\/shop\/datorfodral-av-ull-13-ljusgraa\/"]}]},{"@type":"BreadcrumbList","@id":"https:\/\/grontkontor.dk\/sv\/shop\/datorfodral-av-ull-13-ljusgraa\/#breadcrumb","itemListElement":[{"@type":"ListItem","position":1,"name":"Forside","item":"https:\/\/grontkontor.dk\/"},{"@type":"ListItem","position":2,"name":"Shop","item":"https:\/\/grontkontor.dk\/sv\/shop\/"},{"@type":"ListItem","position":3,"name":"V\u00e4skor, fodral och covers","item":"https:\/\/grontkontor.dk\/sv\/produkt-kategori\/vaeskor-och-fodral\/"},{"@type":"ListItem","position":4,"name":"Datorv\u00e4skor och fodral","item":"https:\/\/grontkontor.dk\/sv\/produkt-kategori\/vaeskor-och-fodral\/datorvaeskor-och-fodral\/"},{"@type":"ListItem","position":5,"name":"Laptopfodral 11-tums &#8211; Ice"}]},{"@type":"WebSite","@id":"https:\/\/grontkontor.dk\/#website","url":"https:\/\/grontkontor.dk\/","name":"Gr\u00f8nt Kontor","description":"Milj\u00f8venlige produkter til kontor og erhverv med fokus p\u00e5 b\u00e6redygtighed, design og fair trade.","publisher":{"@id":"https:\/\/grontkontor.dk\/#organization"},"potentialAction":[{"@type":"SearchAction","target":{"@type":"EntryPoint","urlTemplate":"https:\/\/grontkontor.dk\/?s={search_term_string}"},"query-input":"required name=search_term_string"}],"inLanguage":"sv-SE"},{"@type":"Organization","@id":"https:\/\/grontkontor.dk\/#organization","name":"Gr\u00f8nt Kontor","url":"https:\/\/grontkontor.dk\/","logo":{"@type":"ImageObject","inLanguage":"sv-SE","@id":"https:\/\/grontkontor.dk\/#\/schema\/logo\/image\/","url":"https:\/\/grontkontor.dk\/wp-content\/uploads\/2014\/02\/Logo_groent_kontor_300x80.png","contentUrl":"https:\/\/grontkontor.dk\/wp-content\/uploads\/2014\/02\/Logo_groent_kontor_300x80.png","width":300,"height":80,"caption":"Gr\u00f8nt Kontor"},"image":{"@id":"https:\/\/grontkontor.dk\/#\/schema\/logo\/image\/"},"sameAs":["https:\/\/www.facebook.com\/grontkontor.dk\/"]}]}},"_links":{"self":[{"href":"https:\/\/grontkontor.dk\/sv\/wp-json\/wp\/v2\/product\/74273"}],"collection":[{"href":"https:\/\/grontkontor.dk\/sv\/wp-json\/wp\/v2\/product"}],"about":[{"href":"https:\/\/grontkontor.dk\/sv\/wp-json\/wp\/v2\/types\/product"}],"replies":[{"embeddable":true,"href":"https:\/\/grontkontor.dk\/sv\/wp-json\/wp\/v2\/comments?post=74273"}],"wp:featuredmedia":[{"embeddable":true,"href":"https:\/\/grontkontor.dk\/sv\/wp-json\/wp\/v2\/media\/7033"}],"wp:attachment":[{"href":"https:\/\/grontkontor.dk\/sv\/wp-json\/wp\/v2\/media?parent=74273"}],"wp:term":[{"taxonomy":"product_cat","embeddable":true,"href":"https:\/\/grontkontor.dk\/sv\/wp-json\/wp\/v2\/product_cat?post=74273"},{"taxonomy":"product_tag","embeddable":true,"href":"https:\/\/grontkontor.dk\/sv\/wp-json\/wp\/v2\/product_tag?post=74273"}],"curies":[{"name":"wp","href":"https:\/\/api.w.org\/{rel}","templated":true}]}}