{"id":74274,"date":"2023-09-22T12:59:19","date_gmt":"2023-09-22T20:55:44","guid":{"rendered":"https:\/\/grontkontor.dk\/produkt\/foervarings-boxar-5st-babusjka-grafit\/"},"modified":"2024-02-29T10:39:31","modified_gmt":"2024-02-29T09:39:31","slug":"foervarings-boxar-5st-babusjka-grafit","status":"publish","type":"product","link":"https:\/\/grontkontor.dk\/sv\/shop\/foervarings-boxar-5st-babusjka-grafit\/","title":{"rendered":"F\u00f6rvaringsl\u00e5dor 5 st."},"content":{"rendered":"<p>Klimatsmart box i skandinavisk design, tillverkad av \u00e5tervunnen kartong och tidningar. Tillverkad av tr\u00e4fiberskiva av 100 % FSC-certifierat \u00e5tervunnet papper. En klimat- och milj\u00f6v\u00e4nlig produkt tillverkad i EU. L\u00e5dorna passar in i varandra.<br \/>\nL\u00e5dorna finns i 5 storlekar (BxHxD):<br \/>\nXSmall: 20,5 x 15 x 31,5 cm<br \/>\nLiten: 22,5 x 15,5 x 33,5 cm<br \/>\nMedium: 24,5 x 16 x 35,5 cm<br \/>\nStor: 26,5 x 16,5 x 37,5 cm<br \/>\nXLarge: 28,5 x 17 x 39,5 cm<\/p>\n<p><a href=\"https:\/\/ic.fsc.org\/en\/\" target=\"window\"><img loading=\"lazy\" decoding=\"async\" class=\"size-full wp-image-12735\" src=\"https:\/\/grontkontor.dk\/wp-content\/uploads\/2019\/04\/fsc-certificeret.png\" \n\t\t alt=\"FSC-certificeret\" title=\"FSC-certificeret\" width=\"44\" height=\"51\" border=0\/><\/a> <a href=\"https:\/\/ic.fsc.org\/en\/\" target=\"window\"><img loading=\"lazy\" decoding=\"async\" class=\"size-full wp-image-12735\" src=\"https:\/\/grontkontor.dk\/wp-content\/uploads\/2019\/04\/fsc-certificeret.png\" \n\t\t alt=\"FSC-certificeret\" title=\"FSC-certificeret\" width=\"44\" height=\"51\" border=0\/><\/a> <img loading=\"lazy\" decoding=\"async\" src=\"https:\/\/grontkontor.dk\/wp-content\/uploads\/2021\/02\/genbrug.jpg\" alt=\"Fremstillet af genbrugsmaterialer\" width=\"46\" height=\"45\" class=\"size-full wp-image-23031\" srcset=\"https:\/\/grontkontor.dk\/wp-content\/uploads\/2021\/02\/genbrug.jpg 199w, https:\/\/grontkontor.dk\/wp-content\/uploads\/2021\/02\/genbrug-100x100.jpg 100w\" sizes=\"(max-width: 46px) 100vw, 46px\" \/> <img loading=\"lazy\" decoding=\"async\" class=\"size-medium wp-image-21008\" src=\"https:\/\/grontkontor.dk\/wp-content\/uploads\/2020\/11\/eu-flag_1-300x199.jpg\" alt=\"Fremstillet i EU\" width=\"68\" height=\"45\" srcset=\"https:\/\/grontkontor.dk\/wp-content\/uploads\/2020\/11\/eu-flag_1-300x199.jpg 300w, https:\/\/grontkontor.dk\/wp-content\/uploads\/2020\/11\/eu-flag_1.jpg 530w\" sizes=\"(max-width: 68px) 100vw, 68px\" \/><br><strong>Tillval:<\/strong> (min. antal 200 stk.)<\/br>\n\t\tSpecial storlek, <a href=\"javascript:;\" style=\"color:#c8eade\" onClick=\"open_colour_fibreboard_sv()\" >special f&auml;rger <img class=\"alignnone size-full wp-image-7169\" \n\t\tsrc=\"https:\/\/grontkontor.dk\/wp-content\/uploads\/2016\/09\/fibreboard-mix-02.png\" alt=\"B&aelig;redygtige kontorprodukter i genbrugs fiberpapir\" width=\"75\" height=\"28\" \/><\/a>logotryck \n\t\t<img loading=\"lazy\" decoding=\"async\" class=\"alignnone size-full wp-image-7138\" src=\"https:\/\/grontkontor.dk\/wp-content\/uploads\/2016\/09\/tryk_paper-laminate_smll2.jpg\" alt=\"Papirlaminat-logotryck\" width=\"43\" height=\"29\" \/>\n\t\tst&auml;mpel <img loading=\"lazy\" decoding=\"async\" class=\"alignnone size-full wp-image-7143\" src=\"https:\/\/grontkontor.dk\/wp-content\/uploads\/2016\/09\/tryk_paper-laminate_relief3_smll2_contrast-1.jpg\" \n\t\talt=\"Baeredygtige-kontorprodukter-med-logotryk-praegning\" width=\"43\" height=\"29\" \/><br>\n\t\n\t\tMer information: <a href=\"mailto:info@green-office.se\" style=\"color:#ccc;\">info@grontkontor.dk<\/a><br><br><\/p>\n","protected":false},"excerpt":{"rendered":"<p>Klimatsmart box i skandinavisk design, tillverkad av \u00e5tervunnen kartong och tidningar. Tillverkad av tr\u00e4fiberskiva av 100 % FSC-certifierat \u00e5tervunnet papper. En klimat- och milj\u00f6v\u00e4nlig produkt tillverkad i EU. L\u00e5dorna passar in i varandra. L\u00e5dorna finns i 5 storlekar (BxHxD): XSmall: 20,5 x 15 x 31,5 cm Liten: 22,5 x 15,5 x 33,5 cm Medium: 24,5 [&hellip;]<\/p>\n","protected":false},"featured_media":10401,"comment_status":"closed","ping_status":"closed","template":"","meta":{"_acf_changed":false},"product_cat":[653,2107,656,1838,1854],"product_tag":[706,708,791,3070,794],"class_list":{"0":"post-74274","1":"product","2":"type-product","3":"status-publish","4":"has-post-thumbnail","6":"product_cat-arkivering-och-forvaring","7":"product_cat-dummy-moq-1-sv","8":"product_cat-foervaringsboxar","9":"product_cat-grafit-aatervinning","10":"product_cat-produkt-serier-se","11":"product_tag-arkivering-sv","12":"product_tag-arkivpaerm","13":"product_tag-forvaringsboxar","14":"product_tag-foervaringslaador","15":"product_tag-pappersforvaring","16":"tm-has-options","18":"first","19":"instock","20":"sale","21":"taxable","22":"shipping-taxable","23":"purchasable","24":"product-type-simple"},"acf":[],"yoast_head":"<!-- This site is optimized with the Yoast SEO Premium plugin v21.2 (Yoast SEO v21.2) - https:\/\/yoast.com\/wordpress\/plugins\/seo\/ -->\n<title>F\u00f6rvaringsl\u00e5dor 5 st. - Gr\u00f8nt Kontor<\/title>\n<meta name=\"robots\" content=\"index, follow, max-snippet:-1, max-image-preview:large, max-video-preview:-1\" \/>\n<link rel=\"canonical\" href=\"https:\/\/grontkontor.dk\/sv\/shop\/foervarings-boxar-5st-babusjka-grafit\/\" \/>\n<meta property=\"og:locale\" content=\"sv_SE\" \/>\n<meta property=\"og:type\" content=\"article\" \/>\n<meta property=\"og:title\" content=\"F\u00f6rvaringsl\u00e5dor 5 st.\" \/>\n<meta property=\"og:description\" content=\"Klimatsmart box i skandinavisk design, tillverkad av \u00e5tervunnen kartong och tidningar. Tillverkad av tr\u00e4fiberskiva av 100 % FSC-certifierat \u00e5tervunnet papper. En klimat- och milj\u00f6v\u00e4nlig produkt tillverkad i EU. L\u00e5dorna passar in i varandra. L\u00e5dorna finns i 5 storlekar (BxHxD): XSmall: 20,5 x 15 x 31,5 cm Liten: 22,5 x 15,5 x 33,5 cm Medium: 24,5 [&hellip;]\" \/>\n<meta property=\"og:url\" content=\"https:\/\/grontkontor.dk\/sv\/shop\/foervarings-boxar-5st-babusjka-grafit\/\" \/>\n<meta property=\"og:site_name\" content=\"Gr\u00f8nt Kontor\" \/>\n<meta property=\"article:publisher\" content=\"https:\/\/www.facebook.com\/grontkontor.dk\/\" \/>\n<meta property=\"article:modified_time\" content=\"2024-02-29T09:39:31+00:00\" \/>\n<meta property=\"og:image\" content=\"https:\/\/grontkontor.dk\/wp-content\/uploads\/2016\/09\/opbevaringsbokse-babusjka-01.jpg\" \/>\n\t<meta property=\"og:image:width\" content=\"800\" \/>\n\t<meta property=\"og:image:height\" content=\"568\" \/>\n\t<meta property=\"og:image:type\" content=\"image\/jpeg\" \/>\n<meta name=\"twitter:card\" content=\"summary_large_image\" \/>\n<script type=\"application\/ld+json\" class=\"yoast-schema-graph\">{\"@context\":\"https:\/\/schema.org\",\"@graph\":[{\"@type\":\"WebPage\",\"@id\":\"https:\/\/grontkontor.dk\/sv\/shop\/foervarings-boxar-5st-babusjka-grafit\/\",\"url\":\"https:\/\/grontkontor.dk\/sv\/shop\/foervarings-boxar-5st-babusjka-grafit\/\",\"name\":\"F\u00f6rvaringsl\u00e5dor 5 st. - Gr\u00f8nt Kontor\",\"isPartOf\":{\"@id\":\"https:\/\/grontkontor.dk\/#website\"},\"datePublished\":\"2023-09-22T20:55:44+00:00\",\"dateModified\":\"2024-02-29T09:39:31+00:00\",\"breadcrumb\":{\"@id\":\"https:\/\/grontkontor.dk\/sv\/shop\/foervarings-boxar-5st-babusjka-grafit\/#breadcrumb\"},\"inLanguage\":\"sv-SE\",\"potentialAction\":[{\"@type\":\"ReadAction\",\"target\":[\"https:\/\/grontkontor.dk\/sv\/shop\/foervarings-boxar-5st-babusjka-grafit\/\"]}]},{\"@type\":\"BreadcrumbList\",\"@id\":\"https:\/\/grontkontor.dk\/sv\/shop\/foervarings-boxar-5st-babusjka-grafit\/#breadcrumb\",\"itemListElement\":[{\"@type\":\"ListItem\",\"position\":1,\"name\":\"Forside\",\"item\":\"https:\/\/grontkontor.dk\/\"},{\"@type\":\"ListItem\",\"position\":2,\"name\":\"Shop\",\"item\":\"https:\/\/grontkontor.dk\/sv\/shop\/\"},{\"@type\":\"ListItem\",\"position\":3,\"name\":\"Arkivering\",\"item\":\"https:\/\/grontkontor.dk\/sv\/produkt-kategori\/arkivering-och-forvaring\/\"},{\"@type\":\"ListItem\",\"position\":4,\"name\":\"F\u00f6rvaringsboxar\",\"item\":\"https:\/\/grontkontor.dk\/sv\/produkt-kategori\/arkivering-och-forvaring\/foervaringsboxar\/\"},{\"@type\":\"ListItem\",\"position\":5,\"name\":\"F\u00f6rvaringsl\u00e5dor 5 st.\"}]},{\"@type\":\"WebSite\",\"@id\":\"https:\/\/grontkontor.dk\/#website\",\"url\":\"https:\/\/grontkontor.dk\/\",\"name\":\"Gr\u00f8nt Kontor\",\"description\":\"Milj\u00f8venlige produkter til kontor og erhverv med fokus p\u00e5 b\u00e6redygtighed, design og fair trade.\",\"publisher\":{\"@id\":\"https:\/\/grontkontor.dk\/#organization\"},\"potentialAction\":[{\"@type\":\"SearchAction\",\"target\":{\"@type\":\"EntryPoint\",\"urlTemplate\":\"https:\/\/grontkontor.dk\/?s={search_term_string}\"},\"query-input\":\"required name=search_term_string\"}],\"inLanguage\":\"sv-SE\"},{\"@type\":\"Organization\",\"@id\":\"https:\/\/grontkontor.dk\/#organization\",\"name\":\"Gr\u00f8nt Kontor\",\"url\":\"https:\/\/grontkontor.dk\/\",\"logo\":{\"@type\":\"ImageObject\",\"inLanguage\":\"sv-SE\",\"@id\":\"https:\/\/grontkontor.dk\/#\/schema\/logo\/image\/\",\"url\":\"https:\/\/grontkontor.dk\/wp-content\/uploads\/2014\/02\/Logo_groent_kontor_300x80.png\",\"contentUrl\":\"https:\/\/grontkontor.dk\/wp-content\/uploads\/2014\/02\/Logo_groent_kontor_300x80.png\",\"width\":300,\"height\":80,\"caption\":\"Gr\u00f8nt Kontor\"},\"image\":{\"@id\":\"https:\/\/grontkontor.dk\/#\/schema\/logo\/image\/\"},\"sameAs\":[\"https:\/\/www.facebook.com\/grontkontor.dk\/\"]}]}<\/script>\n<!-- \/ Yoast SEO Premium plugin. -->","yoast_head_json":{"title":"F\u00f6rvaringsl\u00e5dor 5 st. - Gr\u00f8nt Kontor","robots":{"index":"index","follow":"follow","max-snippet":"max-snippet:-1","max-image-preview":"max-image-preview:large","max-video-preview":"max-video-preview:-1"},"canonical":"https:\/\/grontkontor.dk\/sv\/shop\/foervarings-boxar-5st-babusjka-grafit\/","og_locale":"sv_SE","og_type":"article","og_title":"F\u00f6rvaringsl\u00e5dor 5 st.","og_description":"Klimatsmart box i skandinavisk design, tillverkad av \u00e5tervunnen kartong och tidningar. Tillverkad av tr\u00e4fiberskiva av 100 % FSC-certifierat \u00e5tervunnet papper. En klimat- och milj\u00f6v\u00e4nlig produkt tillverkad i EU. L\u00e5dorna passar in i varandra. L\u00e5dorna finns i 5 storlekar (BxHxD): XSmall: 20,5 x 15 x 31,5 cm Liten: 22,5 x 15,5 x 33,5 cm Medium: 24,5 [&hellip;]","og_url":"https:\/\/grontkontor.dk\/sv\/shop\/foervarings-boxar-5st-babusjka-grafit\/","og_site_name":"Gr\u00f8nt Kontor","article_publisher":"https:\/\/www.facebook.com\/grontkontor.dk\/","article_modified_time":"2024-02-29T09:39:31+00:00","og_image":[{"width":800,"height":568,"url":"https:\/\/grontkontor.dk\/wp-content\/uploads\/2016\/09\/opbevaringsbokse-babusjka-01.jpg","type":"image\/jpeg"}],"twitter_card":"summary_large_image","schema":{"@context":"https:\/\/schema.org","@graph":[{"@type":"WebPage","@id":"https:\/\/grontkontor.dk\/sv\/shop\/foervarings-boxar-5st-babusjka-grafit\/","url":"https:\/\/grontkontor.dk\/sv\/shop\/foervarings-boxar-5st-babusjka-grafit\/","name":"F\u00f6rvaringsl\u00e5dor 5 st. - Gr\u00f8nt Kontor","isPartOf":{"@id":"https:\/\/grontkontor.dk\/#website"},"datePublished":"2023-09-22T20:55:44+00:00","dateModified":"2024-02-29T09:39:31+00:00","breadcrumb":{"@id":"https:\/\/grontkontor.dk\/sv\/shop\/foervarings-boxar-5st-babusjka-grafit\/#breadcrumb"},"inLanguage":"sv-SE","potentialAction":[{"@type":"ReadAction","target":["https:\/\/grontkontor.dk\/sv\/shop\/foervarings-boxar-5st-babusjka-grafit\/"]}]},{"@type":"BreadcrumbList","@id":"https:\/\/grontkontor.dk\/sv\/shop\/foervarings-boxar-5st-babusjka-grafit\/#breadcrumb","itemListElement":[{"@type":"ListItem","position":1,"name":"Forside","item":"https:\/\/grontkontor.dk\/"},{"@type":"ListItem","position":2,"name":"Shop","item":"https:\/\/grontkontor.dk\/sv\/shop\/"},{"@type":"ListItem","position":3,"name":"Arkivering","item":"https:\/\/grontkontor.dk\/sv\/produkt-kategori\/arkivering-och-forvaring\/"},{"@type":"ListItem","position":4,"name":"F\u00f6rvaringsboxar","item":"https:\/\/grontkontor.dk\/sv\/produkt-kategori\/arkivering-och-forvaring\/foervaringsboxar\/"},{"@type":"ListItem","position":5,"name":"F\u00f6rvaringsl\u00e5dor 5 st."}]},{"@type":"WebSite","@id":"https:\/\/grontkontor.dk\/#website","url":"https:\/\/grontkontor.dk\/","name":"Gr\u00f8nt Kontor","description":"Milj\u00f8venlige produkter til kontor og erhverv med fokus p\u00e5 b\u00e6redygtighed, design og fair trade.","publisher":{"@id":"https:\/\/grontkontor.dk\/#organization"},"potentialAction":[{"@type":"SearchAction","target":{"@type":"EntryPoint","urlTemplate":"https:\/\/grontkontor.dk\/?s={search_term_string}"},"query-input":"required name=search_term_string"}],"inLanguage":"sv-SE"},{"@type":"Organization","@id":"https:\/\/grontkontor.dk\/#organization","name":"Gr\u00f8nt Kontor","url":"https:\/\/grontkontor.dk\/","logo":{"@type":"ImageObject","inLanguage":"sv-SE","@id":"https:\/\/grontkontor.dk\/#\/schema\/logo\/image\/","url":"https:\/\/grontkontor.dk\/wp-content\/uploads\/2014\/02\/Logo_groent_kontor_300x80.png","contentUrl":"https:\/\/grontkontor.dk\/wp-content\/uploads\/2014\/02\/Logo_groent_kontor_300x80.png","width":300,"height":80,"caption":"Gr\u00f8nt Kontor"},"image":{"@id":"https:\/\/grontkontor.dk\/#\/schema\/logo\/image\/"},"sameAs":["https:\/\/www.facebook.com\/grontkontor.dk\/"]}]}},"_links":{"self":[{"href":"https:\/\/grontkontor.dk\/sv\/wp-json\/wp\/v2\/product\/74274"}],"collection":[{"href":"https:\/\/grontkontor.dk\/sv\/wp-json\/wp\/v2\/product"}],"about":[{"href":"https:\/\/grontkontor.dk\/sv\/wp-json\/wp\/v2\/types\/product"}],"replies":[{"embeddable":true,"href":"https:\/\/grontkontor.dk\/sv\/wp-json\/wp\/v2\/comments?post=74274"}],"wp:featuredmedia":[{"embeddable":true,"href":"https:\/\/grontkontor.dk\/sv\/wp-json\/wp\/v2\/media\/10401"}],"wp:attachment":[{"href":"https:\/\/grontkontor.dk\/sv\/wp-json\/wp\/v2\/media?parent=74274"}],"wp:term":[{"taxonomy":"product_cat","embeddable":true,"href":"https:\/\/grontkontor.dk\/sv\/wp-json\/wp\/v2\/product_cat?post=74274"},{"taxonomy":"product_tag","embeddable":true,"href":"https:\/\/grontkontor.dk\/sv\/wp-json\/wp\/v2\/product_tag?post=74274"}],"curies":[{"name":"wp","href":"https:\/\/api.w.org\/{rel}","templated":true}]}}