{"id":74283,"date":"2023-09-22T12:59:32","date_gmt":"2023-09-22T20:55:44","guid":{"rendered":"https:\/\/grontkontor.dk\/produkt\/gemhaallare-magnetisk-apa\/"},"modified":"2024-02-29T10:21:28","modified_gmt":"2024-02-29T09:21:28","slug":"gemhaallare-magnetisk-apa","status":"publish","type":"product","link":"https:\/\/grontkontor.dk\/sv\/shop\/gemhaallare-magnetisk-apa\/","title":{"rendered":"Magnetisk kl\u00e4mh\u00e5llare"},"content":{"rendered":"<p>En smart tr\u00e4figur som med hj\u00e4lp av en integrerad magnet kan h\u00e5lla gem och andra sm\u00e5 metallf\u00f6rem\u00e5l stadigt. Apan \u00e4r gjord av l\u00f6nntr\u00e4, \u00f6gon, mun och piedestal av boktr\u00e4. Tillverkad av klimatv\u00e4nliga europeiska tr\u00e4slag. En rolig kick in till skrivbordet som g\u00f6r vardagen lite gladare.<br \/>\nEn klimat- och milj\u00f6v\u00e4nlig produkt som tillverkas i EU av personer med funktionsneds\u00e4ttning i skyddade verkst\u00e4der.<br \/>\nKan leveres med logotryk eller lasergravering. Bestil uforpligtende tilbud hos <a class=\"light\" href=\"mailto:jens@grontkontor.dk\">jens@grontkontor.dk<\/a><br>\n     <img loading=\"lazy\" decoding=\"async\" class=\"size-medium wp-image-21008\" src=\"https:\/\/grontkontor.dk\/wp-content\/uploads\/2020\/11\/eu-flag_1-300x199.jpg\" alt=\"Fremstillet i EU\" width=\"68\" height=\"45\" srcset=\"https:\/\/grontkontor.dk\/wp-content\/uploads\/2020\/11\/eu-flag_1-300x199.jpg 300w, https:\/\/grontkontor.dk\/wp-content\/uploads\/2020\/11\/eu-flag_1.jpg 530w\" sizes=\"(max-width: 68px) 100vw, 68px\" \/><\/p>\n","protected":false},"excerpt":{"rendered":"<p>En smart tr\u00e4figur som med hj\u00e4lp av en integrerad magnet kan h\u00e5lla gem och andra sm\u00e5 metallf\u00f6rem\u00e5l stadigt. Apan \u00e4r gjord av l\u00f6nntr\u00e4, \u00f6gon, mun och piedestal av boktr\u00e4. Tillverkad av klimatv\u00e4nliga europeiska tr\u00e4slag. En rolig kick in till skrivbordet som g\u00f6r vardagen lite gladare. En klimat- och milj\u00f6v\u00e4nlig produkt som tillverkas i EU av [&hellip;]<\/p>\n","protected":false},"featured_media":10619,"comment_status":"closed","ping_status":"closed","template":"","meta":{"_acf_changed":false},"product_cat":[2107,867,1854,1375],"product_tag":[740,2916],"class_list":{"0":"post-74283","1":"product","2":"type-product","3":"status-publish","4":"has-post-thumbnail","6":"product_cat-dummy-moq-1-sv","7":"product_cat-miljovaenliga-foretagspresenter","8":"product_cat-produkt-serier-se","9":"product_cat-diverse-til-skrivebordet-sv","10":"product_tag-gemhaallare","11":"product_tag-magnet-sv","12":"tm-has-options","14":"first","15":"instock","16":"taxable","17":"shipping-taxable","18":"purchasable","19":"product-type-simple"},"acf":[],"yoast_head":"<!-- This site is optimized with the Yoast SEO Premium plugin v21.2 (Yoast SEO v21.2) - https:\/\/yoast.com\/wordpress\/plugins\/seo\/ -->\n<title>Magnetisk kl\u00e4mh\u00e5llare - Gr\u00f8nt Kontor<\/title>\n<meta name=\"robots\" content=\"index, follow, max-snippet:-1, max-image-preview:large, max-video-preview:-1\" \/>\n<link rel=\"canonical\" href=\"https:\/\/grontkontor.dk\/sv\/shop\/gemhaallare-magnetisk-apa\/\" \/>\n<meta property=\"og:locale\" content=\"sv_SE\" \/>\n<meta property=\"og:type\" content=\"article\" \/>\n<meta property=\"og:title\" content=\"Magnetisk kl\u00e4mh\u00e5llare\" \/>\n<meta property=\"og:description\" content=\"En smart tr\u00e4figur som med hj\u00e4lp av en integrerad magnet kan h\u00e5lla gem och andra sm\u00e5 metallf\u00f6rem\u00e5l stadigt. Apan \u00e4r gjord av l\u00f6nntr\u00e4, \u00f6gon, mun och piedestal av boktr\u00e4. Tillverkad av klimatv\u00e4nliga europeiska tr\u00e4slag. En rolig kick in till skrivbordet som g\u00f6r vardagen lite gladare. En klimat- och milj\u00f6v\u00e4nlig produkt som tillverkas i EU av [&hellip;]\" \/>\n<meta property=\"og:url\" content=\"https:\/\/grontkontor.dk\/sv\/shop\/gemhaallare-magnetisk-apa\/\" \/>\n<meta property=\"og:site_name\" content=\"Gr\u00f8nt Kontor\" \/>\n<meta property=\"article:publisher\" content=\"https:\/\/www.facebook.com\/grontkontor.dk\/\" \/>\n<meta property=\"article:modified_time\" content=\"2024-02-29T09:21:28+00:00\" \/>\n<meta property=\"og:image\" content=\"https:\/\/grontkontor.dk\/wp-content\/uploads\/2016\/09\/magnetisk-clipsholder-01.jpg\" \/>\n\t<meta property=\"og:image:width\" content=\"600\" \/>\n\t<meta property=\"og:image:height\" content=\"426\" \/>\n\t<meta property=\"og:image:type\" content=\"image\/jpeg\" \/>\n<meta name=\"twitter:card\" content=\"summary_large_image\" \/>\n<script type=\"application\/ld+json\" class=\"yoast-schema-graph\">{\"@context\":\"https:\/\/schema.org\",\"@graph\":[{\"@type\":\"WebPage\",\"@id\":\"https:\/\/grontkontor.dk\/sv\/shop\/gemhaallare-magnetisk-apa\/\",\"url\":\"https:\/\/grontkontor.dk\/sv\/shop\/gemhaallare-magnetisk-apa\/\",\"name\":\"Magnetisk kl\u00e4mh\u00e5llare - Gr\u00f8nt Kontor\",\"isPartOf\":{\"@id\":\"https:\/\/grontkontor.dk\/#website\"},\"datePublished\":\"2023-09-22T20:55:44+00:00\",\"dateModified\":\"2024-02-29T09:21:28+00:00\",\"breadcrumb\":{\"@id\":\"https:\/\/grontkontor.dk\/sv\/shop\/gemhaallare-magnetisk-apa\/#breadcrumb\"},\"inLanguage\":\"sv-SE\",\"potentialAction\":[{\"@type\":\"ReadAction\",\"target\":[\"https:\/\/grontkontor.dk\/sv\/shop\/gemhaallare-magnetisk-apa\/\"]}]},{\"@type\":\"BreadcrumbList\",\"@id\":\"https:\/\/grontkontor.dk\/sv\/shop\/gemhaallare-magnetisk-apa\/#breadcrumb\",\"itemListElement\":[{\"@type\":\"ListItem\",\"position\":1,\"name\":\"Forside\",\"item\":\"https:\/\/grontkontor.dk\/\"},{\"@type\":\"ListItem\",\"position\":2,\"name\":\"Shop\",\"item\":\"https:\/\/grontkontor.dk\/sv\/shop\/\"},{\"@type\":\"ListItem\",\"position\":3,\"name\":\"Skrivebordsudstyr\",\"item\":\"https:\/\/grontkontor.dk\/produkt-kategori\/skrivebordsudstyr\/\"},{\"@type\":\"ListItem\",\"position\":4,\"name\":\"Diverse til skrivebordet\",\"item\":\"https:\/\/grontkontor.dk\/produkt-kategori\/skrivebordsudstyr\/diverse-til-skrivebordet\/\"},{\"@type\":\"ListItem\",\"position\":5,\"name\":\"Magnetisk kl\u00e4mh\u00e5llare\"}]},{\"@type\":\"WebSite\",\"@id\":\"https:\/\/grontkontor.dk\/#website\",\"url\":\"https:\/\/grontkontor.dk\/\",\"name\":\"Gr\u00f8nt Kontor\",\"description\":\"Milj\u00f8venlige produkter til kontor og erhverv med fokus p\u00e5 b\u00e6redygtighed, design og fair trade.\",\"publisher\":{\"@id\":\"https:\/\/grontkontor.dk\/#organization\"},\"potentialAction\":[{\"@type\":\"SearchAction\",\"target\":{\"@type\":\"EntryPoint\",\"urlTemplate\":\"https:\/\/grontkontor.dk\/?s={search_term_string}\"},\"query-input\":\"required name=search_term_string\"}],\"inLanguage\":\"sv-SE\"},{\"@type\":\"Organization\",\"@id\":\"https:\/\/grontkontor.dk\/#organization\",\"name\":\"Gr\u00f8nt Kontor\",\"url\":\"https:\/\/grontkontor.dk\/\",\"logo\":{\"@type\":\"ImageObject\",\"inLanguage\":\"sv-SE\",\"@id\":\"https:\/\/grontkontor.dk\/#\/schema\/logo\/image\/\",\"url\":\"https:\/\/grontkontor.dk\/wp-content\/uploads\/2014\/02\/Logo_groent_kontor_300x80.png\",\"contentUrl\":\"https:\/\/grontkontor.dk\/wp-content\/uploads\/2014\/02\/Logo_groent_kontor_300x80.png\",\"width\":300,\"height\":80,\"caption\":\"Gr\u00f8nt Kontor\"},\"image\":{\"@id\":\"https:\/\/grontkontor.dk\/#\/schema\/logo\/image\/\"},\"sameAs\":[\"https:\/\/www.facebook.com\/grontkontor.dk\/\"]}]}<\/script>\n<!-- \/ Yoast SEO Premium plugin. -->","yoast_head_json":{"title":"Magnetisk kl\u00e4mh\u00e5llare - Gr\u00f8nt Kontor","robots":{"index":"index","follow":"follow","max-snippet":"max-snippet:-1","max-image-preview":"max-image-preview:large","max-video-preview":"max-video-preview:-1"},"canonical":"https:\/\/grontkontor.dk\/sv\/shop\/gemhaallare-magnetisk-apa\/","og_locale":"sv_SE","og_type":"article","og_title":"Magnetisk kl\u00e4mh\u00e5llare","og_description":"En smart tr\u00e4figur som med hj\u00e4lp av en integrerad magnet kan h\u00e5lla gem och andra sm\u00e5 metallf\u00f6rem\u00e5l stadigt. Apan \u00e4r gjord av l\u00f6nntr\u00e4, \u00f6gon, mun och piedestal av boktr\u00e4. Tillverkad av klimatv\u00e4nliga europeiska tr\u00e4slag. En rolig kick in till skrivbordet som g\u00f6r vardagen lite gladare. En klimat- och milj\u00f6v\u00e4nlig produkt som tillverkas i EU av [&hellip;]","og_url":"https:\/\/grontkontor.dk\/sv\/shop\/gemhaallare-magnetisk-apa\/","og_site_name":"Gr\u00f8nt Kontor","article_publisher":"https:\/\/www.facebook.com\/grontkontor.dk\/","article_modified_time":"2024-02-29T09:21:28+00:00","og_image":[{"width":600,"height":426,"url":"https:\/\/grontkontor.dk\/wp-content\/uploads\/2016\/09\/magnetisk-clipsholder-01.jpg","type":"image\/jpeg"}],"twitter_card":"summary_large_image","schema":{"@context":"https:\/\/schema.org","@graph":[{"@type":"WebPage","@id":"https:\/\/grontkontor.dk\/sv\/shop\/gemhaallare-magnetisk-apa\/","url":"https:\/\/grontkontor.dk\/sv\/shop\/gemhaallare-magnetisk-apa\/","name":"Magnetisk kl\u00e4mh\u00e5llare - Gr\u00f8nt Kontor","isPartOf":{"@id":"https:\/\/grontkontor.dk\/#website"},"datePublished":"2023-09-22T20:55:44+00:00","dateModified":"2024-02-29T09:21:28+00:00","breadcrumb":{"@id":"https:\/\/grontkontor.dk\/sv\/shop\/gemhaallare-magnetisk-apa\/#breadcrumb"},"inLanguage":"sv-SE","potentialAction":[{"@type":"ReadAction","target":["https:\/\/grontkontor.dk\/sv\/shop\/gemhaallare-magnetisk-apa\/"]}]},{"@type":"BreadcrumbList","@id":"https:\/\/grontkontor.dk\/sv\/shop\/gemhaallare-magnetisk-apa\/#breadcrumb","itemListElement":[{"@type":"ListItem","position":1,"name":"Forside","item":"https:\/\/grontkontor.dk\/"},{"@type":"ListItem","position":2,"name":"Shop","item":"https:\/\/grontkontor.dk\/sv\/shop\/"},{"@type":"ListItem","position":3,"name":"Skrivebordsudstyr","item":"https:\/\/grontkontor.dk\/produkt-kategori\/skrivebordsudstyr\/"},{"@type":"ListItem","position":4,"name":"Diverse til skrivebordet","item":"https:\/\/grontkontor.dk\/produkt-kategori\/skrivebordsudstyr\/diverse-til-skrivebordet\/"},{"@type":"ListItem","position":5,"name":"Magnetisk kl\u00e4mh\u00e5llare"}]},{"@type":"WebSite","@id":"https:\/\/grontkontor.dk\/#website","url":"https:\/\/grontkontor.dk\/","name":"Gr\u00f8nt Kontor","description":"Milj\u00f8venlige produkter til kontor og erhverv med fokus p\u00e5 b\u00e6redygtighed, design og fair trade.","publisher":{"@id":"https:\/\/grontkontor.dk\/#organization"},"potentialAction":[{"@type":"SearchAction","target":{"@type":"EntryPoint","urlTemplate":"https:\/\/grontkontor.dk\/?s={search_term_string}"},"query-input":"required name=search_term_string"}],"inLanguage":"sv-SE"},{"@type":"Organization","@id":"https:\/\/grontkontor.dk\/#organization","name":"Gr\u00f8nt Kontor","url":"https:\/\/grontkontor.dk\/","logo":{"@type":"ImageObject","inLanguage":"sv-SE","@id":"https:\/\/grontkontor.dk\/#\/schema\/logo\/image\/","url":"https:\/\/grontkontor.dk\/wp-content\/uploads\/2014\/02\/Logo_groent_kontor_300x80.png","contentUrl":"https:\/\/grontkontor.dk\/wp-content\/uploads\/2014\/02\/Logo_groent_kontor_300x80.png","width":300,"height":80,"caption":"Gr\u00f8nt Kontor"},"image":{"@id":"https:\/\/grontkontor.dk\/#\/schema\/logo\/image\/"},"sameAs":["https:\/\/www.facebook.com\/grontkontor.dk\/"]}]}},"_links":{"self":[{"href":"https:\/\/grontkontor.dk\/sv\/wp-json\/wp\/v2\/product\/74283"}],"collection":[{"href":"https:\/\/grontkontor.dk\/sv\/wp-json\/wp\/v2\/product"}],"about":[{"href":"https:\/\/grontkontor.dk\/sv\/wp-json\/wp\/v2\/types\/product"}],"replies":[{"embeddable":true,"href":"https:\/\/grontkontor.dk\/sv\/wp-json\/wp\/v2\/comments?post=74283"}],"wp:featuredmedia":[{"embeddable":true,"href":"https:\/\/grontkontor.dk\/sv\/wp-json\/wp\/v2\/media\/10619"}],"wp:attachment":[{"href":"https:\/\/grontkontor.dk\/sv\/wp-json\/wp\/v2\/media?parent=74283"}],"wp:term":[{"taxonomy":"product_cat","embeddable":true,"href":"https:\/\/grontkontor.dk\/sv\/wp-json\/wp\/v2\/product_cat?post=74283"},{"taxonomy":"product_tag","embeddable":true,"href":"https:\/\/grontkontor.dk\/sv\/wp-json\/wp\/v2\/product_tag?post=74283"}],"curies":[{"name":"wp","href":"https:\/\/api.w.org\/{rel}","templated":true}]}}