{"id":74303,"date":"2023-09-22T12:59:06","date_gmt":"2023-09-22T20:55:59","guid":{"rendered":"https:\/\/grontkontor.dk\/produkt\/anteckningsbok-a5-linjerad-graa\/"},"modified":"2023-09-22T22:56:07","modified_gmt":"2023-09-22T20:56:07","slug":"anteckningsbok-a5-linjerad-graa","status":"publish","type":"product","link":"https:\/\/grontkontor.dk\/sv\/shop\/anteckningsbok-a5-linjerad-graa\/","title":{"rendered":"Anteckningsbok A5 linjerad gr\u00e5"},"content":{"rendered":"<p>H\u00e5llbar anteckningsbok i A5 med spiralrygg\u00a0i skandinavisk design och har ett elastiskt band som h\u00e5ller ihop blocket. Sidorna \u00e4r linjerade och har en \u00e5rtalsfri kalender p\u00e5 toppen av varje sida.\u00a0Inneh\u00e5ller 80 ark papper.\u00a0Omslag gjort av FSC-certifierat laminerat papper med v\u00e4vstruktur. Tillverkad i EU.<br \/>\n<a href=\"https:\/\/ic.fsc.org\/en\/\" target=\"window\"><img loading=\"lazy\" decoding=\"async\" class=\"size-full wp-image-12735\" src=\"https:\/\/grontkontor.dk\/wp-content\/uploads\/2019\/04\/fsc-certificeret.png\" \n\t\t alt=\"FSC-certificeret\" title=\"FSC-certificeret\" width=\"44\" height=\"51\" border=0\/><\/a> [bigso_all_sv]<\/p>\n","protected":false},"excerpt":{"rendered":"<p>H\u00e5llbar anteckningsbok i A5 med spiralrygg\u00a0i skandinavisk design och har ett elastiskt band som h\u00e5ller ihop blocket. Sidorna \u00e4r linjerade och har en \u00e5rtalsfri kalender p\u00e5 toppen av varje sida.\u00a0Inneh\u00e5ller 80 ark papper.\u00a0Omslag gjort av FSC-certifierat laminerat papper med v\u00e4vstruktur. Tillverkad i EU. [bigso_all_sv]<\/p>\n","protected":false},"featured_media":10720,"comment_status":"closed","ping_status":"closed","template":"","meta":{"_acf_changed":false},"product_cat":[664,2107,1833,661,1854],"product_tag":[788,1361,695,789,764],"class_list":{"0":"post-74303","1":"product","2":"type-product","3":"status-publish","4":"has-post-thumbnail","6":"product_cat-anteckningsboecker","7":"product_cat-dummy-moq-1-sv","8":"product_cat-graatt-duk-papper","9":"product_cat-papper-och-block","10":"product_cat-produkt-serier-se","11":"product_tag-skrivblock","12":"product_tag-noteshaefte-sv","13":"product_tag-anteckningsbok","14":"product_tag-anteckningsbocker","15":"product_tag-kalender-sv","16":"tm-has-options","18":"first","19":"instock","20":"taxable","21":"shipping-taxable","22":"purchasable","23":"product-type-simple"},"acf":[],"yoast_head":"<!-- This site is optimized with the Yoast SEO Premium plugin v21.2 (Yoast SEO v21.2) - https:\/\/yoast.com\/wordpress\/plugins\/seo\/ -->\n<title>Anteckningsbok A5 linjerad gr\u00e5 - Gr\u00f8nt Kontor<\/title>\n<meta name=\"robots\" content=\"index, follow, max-snippet:-1, max-image-preview:large, max-video-preview:-1\" \/>\n<link rel=\"canonical\" href=\"https:\/\/grontkontor.dk\/sv\/shop\/anteckningsbok-a5-linjerad-graa\/\" \/>\n<meta property=\"og:locale\" content=\"sv_SE\" \/>\n<meta property=\"og:type\" content=\"article\" \/>\n<meta property=\"og:title\" content=\"Anteckningsbok A5 linjerad gr\u00e5\" \/>\n<meta property=\"og:description\" content=\"H\u00e5llbar anteckningsbok i A5 med spiralrygg\u00a0i skandinavisk design och har ett elastiskt band som h\u00e5ller ihop blocket. Sidorna \u00e4r linjerade och har en \u00e5rtalsfri kalender p\u00e5 toppen av varje sida.\u00a0Inneh\u00e5ller 80 ark papper.\u00a0Omslag gjort av FSC-certifierat laminerat papper med v\u00e4vstruktur. Tillverkad i EU. [bigso_all_sv]\" \/>\n<meta property=\"og:url\" content=\"https:\/\/grontkontor.dk\/sv\/shop\/anteckningsbok-a5-linjerad-graa\/\" \/>\n<meta property=\"og:site_name\" content=\"Gr\u00f8nt Kontor\" \/>\n<meta property=\"article:publisher\" content=\"https:\/\/www.facebook.com\/grontkontor.dk\/\" \/>\n<meta property=\"article:modified_time\" content=\"2023-09-22T20:56:07+00:00\" \/>\n<meta property=\"og:image\" content=\"https:\/\/grontkontor.dk\/wp-content\/uploads\/2016\/09\/kalender-i-fsc-certificeret-papir-01.jpg\" \/>\n\t<meta property=\"og:image:width\" content=\"800\" \/>\n\t<meta property=\"og:image:height\" content=\"568\" \/>\n\t<meta property=\"og:image:type\" content=\"image\/jpeg\" \/>\n<meta name=\"twitter:card\" content=\"summary_large_image\" \/>\n<script type=\"application\/ld+json\" class=\"yoast-schema-graph\">{\"@context\":\"https:\/\/schema.org\",\"@graph\":[{\"@type\":\"WebPage\",\"@id\":\"https:\/\/grontkontor.dk\/sv\/shop\/anteckningsbok-a5-linjerad-graa\/\",\"url\":\"https:\/\/grontkontor.dk\/sv\/shop\/anteckningsbok-a5-linjerad-graa\/\",\"name\":\"Anteckningsbok A5 linjerad gr\u00e5 - Gr\u00f8nt Kontor\",\"isPartOf\":{\"@id\":\"https:\/\/grontkontor.dk\/#website\"},\"datePublished\":\"2023-09-22T20:55:59+00:00\",\"dateModified\":\"2023-09-22T20:56:07+00:00\",\"breadcrumb\":{\"@id\":\"https:\/\/grontkontor.dk\/sv\/shop\/anteckningsbok-a5-linjerad-graa\/#breadcrumb\"},\"inLanguage\":\"sv-SE\",\"potentialAction\":[{\"@type\":\"ReadAction\",\"target\":[\"https:\/\/grontkontor.dk\/sv\/shop\/anteckningsbok-a5-linjerad-graa\/\"]}]},{\"@type\":\"BreadcrumbList\",\"@id\":\"https:\/\/grontkontor.dk\/sv\/shop\/anteckningsbok-a5-linjerad-graa\/#breadcrumb\",\"itemListElement\":[{\"@type\":\"ListItem\",\"position\":1,\"name\":\"Forside\",\"item\":\"https:\/\/grontkontor.dk\/\"},{\"@type\":\"ListItem\",\"position\":2,\"name\":\"Shop\",\"item\":\"https:\/\/grontkontor.dk\/sv\/shop\/\"},{\"@type\":\"ListItem\",\"position\":3,\"name\":\"Papper och block\",\"item\":\"https:\/\/grontkontor.dk\/sv\/produkt-kategori\/papper-och-block\/\"},{\"@type\":\"ListItem\",\"position\":4,\"name\":\"B\u00e4rbara datorer\",\"item\":\"https:\/\/grontkontor.dk\/sv\/produkt-kategori\/papper-och-block\/anteckningsboecker\/\"},{\"@type\":\"ListItem\",\"position\":5,\"name\":\"Anteckningsbok A5 linjerad gr\u00e5\"}]},{\"@type\":\"WebSite\",\"@id\":\"https:\/\/grontkontor.dk\/#website\",\"url\":\"https:\/\/grontkontor.dk\/\",\"name\":\"Gr\u00f8nt Kontor\",\"description\":\"Milj\u00f8venlige produkter til kontor og erhverv med fokus p\u00e5 b\u00e6redygtighed, design og fair trade.\",\"publisher\":{\"@id\":\"https:\/\/grontkontor.dk\/#organization\"},\"potentialAction\":[{\"@type\":\"SearchAction\",\"target\":{\"@type\":\"EntryPoint\",\"urlTemplate\":\"https:\/\/grontkontor.dk\/?s={search_term_string}\"},\"query-input\":\"required name=search_term_string\"}],\"inLanguage\":\"sv-SE\"},{\"@type\":\"Organization\",\"@id\":\"https:\/\/grontkontor.dk\/#organization\",\"name\":\"Gr\u00f8nt Kontor\",\"url\":\"https:\/\/grontkontor.dk\/\",\"logo\":{\"@type\":\"ImageObject\",\"inLanguage\":\"sv-SE\",\"@id\":\"https:\/\/grontkontor.dk\/#\/schema\/logo\/image\/\",\"url\":\"https:\/\/grontkontor.dk\/wp-content\/uploads\/2014\/02\/Logo_groent_kontor_300x80.png\",\"contentUrl\":\"https:\/\/grontkontor.dk\/wp-content\/uploads\/2014\/02\/Logo_groent_kontor_300x80.png\",\"width\":300,\"height\":80,\"caption\":\"Gr\u00f8nt Kontor\"},\"image\":{\"@id\":\"https:\/\/grontkontor.dk\/#\/schema\/logo\/image\/\"},\"sameAs\":[\"https:\/\/www.facebook.com\/grontkontor.dk\/\"]}]}<\/script>\n<!-- \/ Yoast SEO Premium plugin. -->","yoast_head_json":{"title":"Anteckningsbok A5 linjerad gr\u00e5 - Gr\u00f8nt Kontor","robots":{"index":"index","follow":"follow","max-snippet":"max-snippet:-1","max-image-preview":"max-image-preview:large","max-video-preview":"max-video-preview:-1"},"canonical":"https:\/\/grontkontor.dk\/sv\/shop\/anteckningsbok-a5-linjerad-graa\/","og_locale":"sv_SE","og_type":"article","og_title":"Anteckningsbok A5 linjerad gr\u00e5","og_description":"H\u00e5llbar anteckningsbok i A5 med spiralrygg\u00a0i skandinavisk design och har ett elastiskt band som h\u00e5ller ihop blocket. Sidorna \u00e4r linjerade och har en \u00e5rtalsfri kalender p\u00e5 toppen av varje sida.\u00a0Inneh\u00e5ller 80 ark papper.\u00a0Omslag gjort av FSC-certifierat laminerat papper med v\u00e4vstruktur. Tillverkad i EU. [bigso_all_sv]","og_url":"https:\/\/grontkontor.dk\/sv\/shop\/anteckningsbok-a5-linjerad-graa\/","og_site_name":"Gr\u00f8nt Kontor","article_publisher":"https:\/\/www.facebook.com\/grontkontor.dk\/","article_modified_time":"2023-09-22T20:56:07+00:00","og_image":[{"width":800,"height":568,"url":"https:\/\/grontkontor.dk\/wp-content\/uploads\/2016\/09\/kalender-i-fsc-certificeret-papir-01.jpg","type":"image\/jpeg"}],"twitter_card":"summary_large_image","schema":{"@context":"https:\/\/schema.org","@graph":[{"@type":"WebPage","@id":"https:\/\/grontkontor.dk\/sv\/shop\/anteckningsbok-a5-linjerad-graa\/","url":"https:\/\/grontkontor.dk\/sv\/shop\/anteckningsbok-a5-linjerad-graa\/","name":"Anteckningsbok A5 linjerad gr\u00e5 - Gr\u00f8nt Kontor","isPartOf":{"@id":"https:\/\/grontkontor.dk\/#website"},"datePublished":"2023-09-22T20:55:59+00:00","dateModified":"2023-09-22T20:56:07+00:00","breadcrumb":{"@id":"https:\/\/grontkontor.dk\/sv\/shop\/anteckningsbok-a5-linjerad-graa\/#breadcrumb"},"inLanguage":"sv-SE","potentialAction":[{"@type":"ReadAction","target":["https:\/\/grontkontor.dk\/sv\/shop\/anteckningsbok-a5-linjerad-graa\/"]}]},{"@type":"BreadcrumbList","@id":"https:\/\/grontkontor.dk\/sv\/shop\/anteckningsbok-a5-linjerad-graa\/#breadcrumb","itemListElement":[{"@type":"ListItem","position":1,"name":"Forside","item":"https:\/\/grontkontor.dk\/"},{"@type":"ListItem","position":2,"name":"Shop","item":"https:\/\/grontkontor.dk\/sv\/shop\/"},{"@type":"ListItem","position":3,"name":"Papper och block","item":"https:\/\/grontkontor.dk\/sv\/produkt-kategori\/papper-och-block\/"},{"@type":"ListItem","position":4,"name":"B\u00e4rbara datorer","item":"https:\/\/grontkontor.dk\/sv\/produkt-kategori\/papper-och-block\/anteckningsboecker\/"},{"@type":"ListItem","position":5,"name":"Anteckningsbok A5 linjerad gr\u00e5"}]},{"@type":"WebSite","@id":"https:\/\/grontkontor.dk\/#website","url":"https:\/\/grontkontor.dk\/","name":"Gr\u00f8nt Kontor","description":"Milj\u00f8venlige produkter til kontor og erhverv med fokus p\u00e5 b\u00e6redygtighed, design og fair trade.","publisher":{"@id":"https:\/\/grontkontor.dk\/#organization"},"potentialAction":[{"@type":"SearchAction","target":{"@type":"EntryPoint","urlTemplate":"https:\/\/grontkontor.dk\/?s={search_term_string}"},"query-input":"required name=search_term_string"}],"inLanguage":"sv-SE"},{"@type":"Organization","@id":"https:\/\/grontkontor.dk\/#organization","name":"Gr\u00f8nt Kontor","url":"https:\/\/grontkontor.dk\/","logo":{"@type":"ImageObject","inLanguage":"sv-SE","@id":"https:\/\/grontkontor.dk\/#\/schema\/logo\/image\/","url":"https:\/\/grontkontor.dk\/wp-content\/uploads\/2014\/02\/Logo_groent_kontor_300x80.png","contentUrl":"https:\/\/grontkontor.dk\/wp-content\/uploads\/2014\/02\/Logo_groent_kontor_300x80.png","width":300,"height":80,"caption":"Gr\u00f8nt Kontor"},"image":{"@id":"https:\/\/grontkontor.dk\/#\/schema\/logo\/image\/"},"sameAs":["https:\/\/www.facebook.com\/grontkontor.dk\/"]}]}},"_links":{"self":[{"href":"https:\/\/grontkontor.dk\/sv\/wp-json\/wp\/v2\/product\/74303"}],"collection":[{"href":"https:\/\/grontkontor.dk\/sv\/wp-json\/wp\/v2\/product"}],"about":[{"href":"https:\/\/grontkontor.dk\/sv\/wp-json\/wp\/v2\/types\/product"}],"replies":[{"embeddable":true,"href":"https:\/\/grontkontor.dk\/sv\/wp-json\/wp\/v2\/comments?post=74303"}],"wp:featuredmedia":[{"embeddable":true,"href":"https:\/\/grontkontor.dk\/sv\/wp-json\/wp\/v2\/media\/10720"}],"wp:attachment":[{"href":"https:\/\/grontkontor.dk\/sv\/wp-json\/wp\/v2\/media?parent=74303"}],"wp:term":[{"taxonomy":"product_cat","embeddable":true,"href":"https:\/\/grontkontor.dk\/sv\/wp-json\/wp\/v2\/product_cat?post=74303"},{"taxonomy":"product_tag","embeddable":true,"href":"https:\/\/grontkontor.dk\/sv\/wp-json\/wp\/v2\/product_tag?post=74303"}],"curies":[{"name":"wp","href":"https:\/\/api.w.org\/{rel}","templated":true}]}}