{"id":74331,"date":"2023-09-22T12:59:46","date_gmt":"2023-09-22T20:56:16","guid":{"rendered":"https:\/\/grontkontor.dk\/produkt\/keramisk-hoegtalare-till-smartphone-orange\/"},"modified":"2024-02-29T09:56:55","modified_gmt":"2024-02-29T08:56:55","slug":"keramisk-hoegtalare-till-smartphone-orange","status":"publish","type":"product","link":"https:\/\/grontkontor.dk\/sv\/shop\/keramisk-hoegtalare-till-smartphone-orange\/","title":{"rendered":"Keramisk h\u00f6gtalare f\u00f6r smartphone"},"content":{"rendered":"<p>Exklusiv, klimatv\u00e4nlig och original &#8220;Moby Dick&#8221;-h\u00f6gtalare f\u00f6r smartphone i keramik. Den passiva f\u00f6rst\u00e4rkaren inneh\u00e5ller inga elektriska delar och fungerar uteslutande genom att mekaniskt sprida ljud, anv\u00e4nder geometri f\u00f6r att optimera prestanda och ger en m\u00e4rkbar f\u00f6rb\u00e4ttring av lyssningsupplevelsen. En klimat- och milj\u00f6v\u00e4nlig produkt.<\/p>\nKeramik \/ porslin \u00e4r ett h\u00e5llbart material, framst\u00e4llt prim\u00e4rt av lera, som man kan betrakta som en outt\u00f6mmlig resurs. Vid tillverkningen g\u00e5r det \u00e5t stora m\u00e4ngder energi, s\u00e5 graden h\u00e5llbarhet \u00e4r beroende av energik\u00e4llan under tillv\u00e4rkningsprocessen. Keramik avger inga skadliga material till milj\u00f6n, efter kassering. \n<p>&nbsp;<\/p>\n<img loading=\"lazy\" decoding=\"async\" class=\"size-medium wp-image-21008\" src=\"https:\/\/grontkontor.dk\/wp-content\/uploads\/2020\/11\/eu-flag_1-300x199.jpg\" alt=\"Fremstillet i EU\" width=\"76\" height=\"50\" srcset=\"https:\/\/grontkontor.dk\/wp-content\/uploads\/2020\/11\/eu-flag_1-300x199.jpg 300w, https:\/\/grontkontor.dk\/wp-content\/uploads\/2020\/11\/eu-flag_1.jpg 530w\" sizes=\"(max-width: 76px) 100vw, 76px\" \/>\n","protected":false},"excerpt":{"rendered":"<p>Exklusiv, klimatv\u00e4nlig och original &#8220;Moby Dick&#8221;-h\u00f6gtalare f\u00f6r smartphone i keramik. Den passiva f\u00f6rst\u00e4rkaren inneh\u00e5ller inga elektriska delar och fungerar uteslutande genom att mekaniskt sprida ljud, anv\u00e4nder geometri f\u00f6r att optimera prestanda och ger en m\u00e4rkbar f\u00f6rb\u00e4ttring av lyssningsupplevelsen. En klimat- och milj\u00f6v\u00e4nlig produkt. &nbsp;<\/p>\n","protected":false},"featured_media":6845,"comment_status":"closed","ping_status":"closed","template":"","meta":{"_acf_changed":false},"product_cat":[2107,867,2646],"product_tag":[1741,1742,2404],"class_list":{"0":"post-74331","1":"product","2":"type-product","3":"status-publish","4":"has-post-thumbnail","6":"product_cat-dummy-moq-1-sv","7":"product_cat-miljovaenliga-foretagspresenter","8":"product_cat-olika-miljovanliga-mobler","9":"product_tag-dekoration-sv","10":"product_tag-design-sv-2","11":"product_tag-hoejttaler-sv","12":"tm-has-options","14":"first","15":"instock","16":"taxable","17":"shipping-taxable","18":"purchasable","19":"product-type-simple"},"acf":[],"yoast_head":"<!-- This site is optimized with the Yoast SEO Premium plugin v21.2 (Yoast SEO v21.2) - https:\/\/yoast.com\/wordpress\/plugins\/seo\/ -->\n<title>Keramisk h\u00f6gtalare f\u00f6r smartphone - Gr\u00f8nt Kontor<\/title>\n<meta name=\"robots\" content=\"index, follow, max-snippet:-1, max-image-preview:large, max-video-preview:-1\" \/>\n<link rel=\"canonical\" href=\"https:\/\/grontkontor.dk\/sv\/shop\/keramisk-hoegtalare-till-smartphone-orange\/\" \/>\n<meta property=\"og:locale\" content=\"sv_SE\" \/>\n<meta property=\"og:type\" content=\"article\" \/>\n<meta property=\"og:title\" content=\"Keramisk h\u00f6gtalare f\u00f6r smartphone\" \/>\n<meta property=\"og:description\" content=\"Exklusiv, klimatv\u00e4nlig och original &#8220;Moby Dick&#8221;-h\u00f6gtalare f\u00f6r smartphone i keramik. Den passiva f\u00f6rst\u00e4rkaren inneh\u00e5ller inga elektriska delar och fungerar uteslutande genom att mekaniskt sprida ljud, anv\u00e4nder geometri f\u00f6r att optimera prestanda och ger en m\u00e4rkbar f\u00f6rb\u00e4ttring av lyssningsupplevelsen. En klimat- och milj\u00f6v\u00e4nlig produkt. &nbsp;\" \/>\n<meta property=\"og:url\" content=\"https:\/\/grontkontor.dk\/sv\/shop\/keramisk-hoegtalare-till-smartphone-orange\/\" \/>\n<meta property=\"og:site_name\" content=\"Gr\u00f8nt Kontor\" \/>\n<meta property=\"article:publisher\" content=\"https:\/\/www.facebook.com\/grontkontor.dk\/\" \/>\n<meta property=\"article:modified_time\" content=\"2024-02-29T08:56:55+00:00\" \/>\n<meta property=\"og:image\" content=\"https:\/\/grontkontor.dk\/wp-content\/uploads\/2016\/12\/c06005y_1-1.jpg\" \/>\n\t<meta property=\"og:image:width\" content=\"800\" \/>\n\t<meta property=\"og:image:height\" content=\"568\" \/>\n\t<meta property=\"og:image:type\" content=\"image\/jpeg\" \/>\n<meta name=\"twitter:card\" content=\"summary_large_image\" \/>\n<script type=\"application\/ld+json\" class=\"yoast-schema-graph\">{\"@context\":\"https:\/\/schema.org\",\"@graph\":[{\"@type\":\"WebPage\",\"@id\":\"https:\/\/grontkontor.dk\/sv\/shop\/keramisk-hoegtalare-till-smartphone-orange\/\",\"url\":\"https:\/\/grontkontor.dk\/sv\/shop\/keramisk-hoegtalare-till-smartphone-orange\/\",\"name\":\"Keramisk h\u00f6gtalare f\u00f6r smartphone - Gr\u00f8nt Kontor\",\"isPartOf\":{\"@id\":\"https:\/\/grontkontor.dk\/#website\"},\"datePublished\":\"2023-09-22T20:56:16+00:00\",\"dateModified\":\"2024-02-29T08:56:55+00:00\",\"breadcrumb\":{\"@id\":\"https:\/\/grontkontor.dk\/sv\/shop\/keramisk-hoegtalare-till-smartphone-orange\/#breadcrumb\"},\"inLanguage\":\"sv-SE\",\"potentialAction\":[{\"@type\":\"ReadAction\",\"target\":[\"https:\/\/grontkontor.dk\/sv\/shop\/keramisk-hoegtalare-till-smartphone-orange\/\"]}]},{\"@type\":\"BreadcrumbList\",\"@id\":\"https:\/\/grontkontor.dk\/sv\/shop\/keramisk-hoegtalare-till-smartphone-orange\/#breadcrumb\",\"itemListElement\":[{\"@type\":\"ListItem\",\"position\":1,\"name\":\"Forside\",\"item\":\"https:\/\/grontkontor.dk\/\"},{\"@type\":\"ListItem\",\"position\":2,\"name\":\"Shop\",\"item\":\"https:\/\/grontkontor.dk\/sv\/shop\/\"},{\"@type\":\"ListItem\",\"position\":3,\"name\":\"M\u00f8bler og inventar\",\"item\":\"https:\/\/grontkontor.dk\/produkt-kategori\/mobler-og-inventar\/\"},{\"@type\":\"ListItem\",\"position\":4,\"name\":\"Diverse inventar\",\"item\":\"https:\/\/grontkontor.dk\/produkt-kategori\/mobler-og-inventar\/diverse-inventar\/\"},{\"@type\":\"ListItem\",\"position\":5,\"name\":\"Keramisk h\u00f6gtalare f\u00f6r smartphone\"}]},{\"@type\":\"WebSite\",\"@id\":\"https:\/\/grontkontor.dk\/#website\",\"url\":\"https:\/\/grontkontor.dk\/\",\"name\":\"Gr\u00f8nt Kontor\",\"description\":\"Milj\u00f8venlige produkter til kontor og erhverv med fokus p\u00e5 b\u00e6redygtighed, design og fair trade.\",\"publisher\":{\"@id\":\"https:\/\/grontkontor.dk\/#organization\"},\"potentialAction\":[{\"@type\":\"SearchAction\",\"target\":{\"@type\":\"EntryPoint\",\"urlTemplate\":\"https:\/\/grontkontor.dk\/?s={search_term_string}\"},\"query-input\":\"required name=search_term_string\"}],\"inLanguage\":\"sv-SE\"},{\"@type\":\"Organization\",\"@id\":\"https:\/\/grontkontor.dk\/#organization\",\"name\":\"Gr\u00f8nt Kontor\",\"url\":\"https:\/\/grontkontor.dk\/\",\"logo\":{\"@type\":\"ImageObject\",\"inLanguage\":\"sv-SE\",\"@id\":\"https:\/\/grontkontor.dk\/#\/schema\/logo\/image\/\",\"url\":\"https:\/\/grontkontor.dk\/wp-content\/uploads\/2014\/02\/Logo_groent_kontor_300x80.png\",\"contentUrl\":\"https:\/\/grontkontor.dk\/wp-content\/uploads\/2014\/02\/Logo_groent_kontor_300x80.png\",\"width\":300,\"height\":80,\"caption\":\"Gr\u00f8nt Kontor\"},\"image\":{\"@id\":\"https:\/\/grontkontor.dk\/#\/schema\/logo\/image\/\"},\"sameAs\":[\"https:\/\/www.facebook.com\/grontkontor.dk\/\"]}]}<\/script>\n<!-- \/ Yoast SEO Premium plugin. -->","yoast_head_json":{"title":"Keramisk h\u00f6gtalare f\u00f6r smartphone - Gr\u00f8nt Kontor","robots":{"index":"index","follow":"follow","max-snippet":"max-snippet:-1","max-image-preview":"max-image-preview:large","max-video-preview":"max-video-preview:-1"},"canonical":"https:\/\/grontkontor.dk\/sv\/shop\/keramisk-hoegtalare-till-smartphone-orange\/","og_locale":"sv_SE","og_type":"article","og_title":"Keramisk h\u00f6gtalare f\u00f6r smartphone","og_description":"Exklusiv, klimatv\u00e4nlig och original &#8220;Moby Dick&#8221;-h\u00f6gtalare f\u00f6r smartphone i keramik. Den passiva f\u00f6rst\u00e4rkaren inneh\u00e5ller inga elektriska delar och fungerar uteslutande genom att mekaniskt sprida ljud, anv\u00e4nder geometri f\u00f6r att optimera prestanda och ger en m\u00e4rkbar f\u00f6rb\u00e4ttring av lyssningsupplevelsen. En klimat- och milj\u00f6v\u00e4nlig produkt. &nbsp;","og_url":"https:\/\/grontkontor.dk\/sv\/shop\/keramisk-hoegtalare-till-smartphone-orange\/","og_site_name":"Gr\u00f8nt Kontor","article_publisher":"https:\/\/www.facebook.com\/grontkontor.dk\/","article_modified_time":"2024-02-29T08:56:55+00:00","og_image":[{"width":800,"height":568,"url":"https:\/\/grontkontor.dk\/wp-content\/uploads\/2016\/12\/c06005y_1-1.jpg","type":"image\/jpeg"}],"twitter_card":"summary_large_image","schema":{"@context":"https:\/\/schema.org","@graph":[{"@type":"WebPage","@id":"https:\/\/grontkontor.dk\/sv\/shop\/keramisk-hoegtalare-till-smartphone-orange\/","url":"https:\/\/grontkontor.dk\/sv\/shop\/keramisk-hoegtalare-till-smartphone-orange\/","name":"Keramisk h\u00f6gtalare f\u00f6r smartphone - Gr\u00f8nt Kontor","isPartOf":{"@id":"https:\/\/grontkontor.dk\/#website"},"datePublished":"2023-09-22T20:56:16+00:00","dateModified":"2024-02-29T08:56:55+00:00","breadcrumb":{"@id":"https:\/\/grontkontor.dk\/sv\/shop\/keramisk-hoegtalare-till-smartphone-orange\/#breadcrumb"},"inLanguage":"sv-SE","potentialAction":[{"@type":"ReadAction","target":["https:\/\/grontkontor.dk\/sv\/shop\/keramisk-hoegtalare-till-smartphone-orange\/"]}]},{"@type":"BreadcrumbList","@id":"https:\/\/grontkontor.dk\/sv\/shop\/keramisk-hoegtalare-till-smartphone-orange\/#breadcrumb","itemListElement":[{"@type":"ListItem","position":1,"name":"Forside","item":"https:\/\/grontkontor.dk\/"},{"@type":"ListItem","position":2,"name":"Shop","item":"https:\/\/grontkontor.dk\/sv\/shop\/"},{"@type":"ListItem","position":3,"name":"M\u00f8bler og inventar","item":"https:\/\/grontkontor.dk\/produkt-kategori\/mobler-og-inventar\/"},{"@type":"ListItem","position":4,"name":"Diverse inventar","item":"https:\/\/grontkontor.dk\/produkt-kategori\/mobler-og-inventar\/diverse-inventar\/"},{"@type":"ListItem","position":5,"name":"Keramisk h\u00f6gtalare f\u00f6r smartphone"}]},{"@type":"WebSite","@id":"https:\/\/grontkontor.dk\/#website","url":"https:\/\/grontkontor.dk\/","name":"Gr\u00f8nt Kontor","description":"Milj\u00f8venlige produkter til kontor og erhverv med fokus p\u00e5 b\u00e6redygtighed, design og fair trade.","publisher":{"@id":"https:\/\/grontkontor.dk\/#organization"},"potentialAction":[{"@type":"SearchAction","target":{"@type":"EntryPoint","urlTemplate":"https:\/\/grontkontor.dk\/?s={search_term_string}"},"query-input":"required name=search_term_string"}],"inLanguage":"sv-SE"},{"@type":"Organization","@id":"https:\/\/grontkontor.dk\/#organization","name":"Gr\u00f8nt Kontor","url":"https:\/\/grontkontor.dk\/","logo":{"@type":"ImageObject","inLanguage":"sv-SE","@id":"https:\/\/grontkontor.dk\/#\/schema\/logo\/image\/","url":"https:\/\/grontkontor.dk\/wp-content\/uploads\/2014\/02\/Logo_groent_kontor_300x80.png","contentUrl":"https:\/\/grontkontor.dk\/wp-content\/uploads\/2014\/02\/Logo_groent_kontor_300x80.png","width":300,"height":80,"caption":"Gr\u00f8nt Kontor"},"image":{"@id":"https:\/\/grontkontor.dk\/#\/schema\/logo\/image\/"},"sameAs":["https:\/\/www.facebook.com\/grontkontor.dk\/"]}]}},"_links":{"self":[{"href":"https:\/\/grontkontor.dk\/sv\/wp-json\/wp\/v2\/product\/74331"}],"collection":[{"href":"https:\/\/grontkontor.dk\/sv\/wp-json\/wp\/v2\/product"}],"about":[{"href":"https:\/\/grontkontor.dk\/sv\/wp-json\/wp\/v2\/types\/product"}],"replies":[{"embeddable":true,"href":"https:\/\/grontkontor.dk\/sv\/wp-json\/wp\/v2\/comments?post=74331"}],"wp:featuredmedia":[{"embeddable":true,"href":"https:\/\/grontkontor.dk\/sv\/wp-json\/wp\/v2\/media\/6845"}],"wp:attachment":[{"href":"https:\/\/grontkontor.dk\/sv\/wp-json\/wp\/v2\/media?parent=74331"}],"wp:term":[{"taxonomy":"product_cat","embeddable":true,"href":"https:\/\/grontkontor.dk\/sv\/wp-json\/wp\/v2\/product_cat?post=74331"},{"taxonomy":"product_tag","embeddable":true,"href":"https:\/\/grontkontor.dk\/sv\/wp-json\/wp\/v2\/product_tag?post=74331"}],"curies":[{"name":"wp","href":"https:\/\/api.w.org\/{rel}","templated":true}]}}