{"id":74356,"date":"2023-09-22T12:59:46","date_gmt":"2023-09-22T20:56:53","guid":{"rendered":"https:\/\/grontkontor.dk\/produkt\/plaanbok-kork-natur-brun\/"},"modified":"2023-09-22T22:57:08","modified_gmt":"2023-09-22T20:57:08","slug":"plaanbok-kork-natur-brun","status":"publish","type":"product","link":"https:\/\/grontkontor.dk\/sv\/shop\/plaanbok-kork-natur-brun\/","title":{"rendered":"Pl\u00e5nbok i kork &#8211; natur\/brun"},"content":{"rendered":"<p>Elegant och h\u00e5llbar pl\u00e5nbok som h\u00e5ller b\u00e5de kort och kontanter i kontroll. Smart st\u00e4ngning med metalllogo, flera fack f\u00f6r kort, kontanter och kvitton. Dragkedja ficka f\u00f6r mynt, samt ett rum f\u00f6r en smartphone.<br \/>\nFinns i f\u00e4rgkombinationer natur \/ brun eller brun \/ natur.<br \/>\nTillverkad av kork, ett h\u00e5llbart material som \u00e4r b\u00e5de f\u00f6rnybart och \u00e5tervinningsbart. Kork rekommenderas av WWF World Wildlife Fund. Eftersom kork \u00e4r en naturlig produkt och varje produkt \u00e4r tillverkad av levande material, kan produkten variera n\u00e5got i f\u00e4rg och korn.<br \/>\nInga djurprodukter har anv\u00e4nts.<br \/>\nHandgjorda i Portugal.<\/p>\n","protected":false},"excerpt":{"rendered":"<p>Elegant och h\u00e5llbar pl\u00e5nbok som h\u00e5ller b\u00e5de kort och kontanter i kontroll. Smart st\u00e4ngning med metalllogo, flera fack f\u00f6r kort, kontanter och kvitton. Dragkedja ficka f\u00f6r mynt, samt ett rum f\u00f6r en smartphone. Finns i f\u00e4rgkombinationer natur \/ brun eller brun \/ natur. Tillverkad av kork, ett h\u00e5llbart material som \u00e4r b\u00e5de f\u00f6rnybart och \u00e5tervinningsbart. [&hellip;]<\/p>\n","protected":false},"featured_media":13336,"comment_status":"closed","ping_status":"open","template":"","meta":{"_acf_changed":false},"product_cat":[1868,1715,1854,675],"product_tag":[1722,1723,1719,1721,1720],"class_list":{"0":"post-74356","1":"product","2":"type-product","3":"status-publish","4":"has-post-thumbnail","6":"product_cat-kork-produkter-se","7":"product_cat-kreditkortholdere-og-punge","8":"product_cat-produkt-serier-se","9":"product_cat-vaeskor-och-fodral","10":"product_tag-damepung-sv","11":"product_tag-korkpung-sv","12":"product_tag-pung-sv","13":"product_tag-punge-sv","14":"product_tag-tegnebog-sv","15":"pa_farve-mix-sv","16":"pa_farve-brun-sv","17":"pa_farve-natur-sv","18":"pa_farve-roedbrun-sv","19":"tm-has-options","21":"first","22":"instock","23":"taxable","24":"shipping-taxable","25":"purchasable","26":"product-type-simple"},"acf":[],"yoast_head":"<!-- This site is optimized with the Yoast SEO Premium plugin v21.2 (Yoast SEO v21.2) - https:\/\/yoast.com\/wordpress\/plugins\/seo\/ -->\n<title>Pl\u00e5nbok i kork - natur\/brun - Gr\u00f8nt Kontor<\/title>\n<meta name=\"robots\" content=\"index, follow, max-snippet:-1, max-image-preview:large, max-video-preview:-1\" \/>\n<link rel=\"canonical\" href=\"https:\/\/grontkontor.dk\/sv\/shop\/plaanbok-kork-natur-brun\/\" \/>\n<meta property=\"og:locale\" content=\"sv_SE\" \/>\n<meta property=\"og:type\" content=\"article\" \/>\n<meta property=\"og:title\" content=\"Pl\u00e5nbok i kork - natur\/brun\" \/>\n<meta property=\"og:description\" content=\"Elegant och h\u00e5llbar pl\u00e5nbok som h\u00e5ller b\u00e5de kort och kontanter i kontroll. Smart st\u00e4ngning med metalllogo, flera fack f\u00f6r kort, kontanter och kvitton. Dragkedja ficka f\u00f6r mynt, samt ett rum f\u00f6r en smartphone. Finns i f\u00e4rgkombinationer natur \/ brun eller brun \/ natur. Tillverkad av kork, ett h\u00e5llbart material som \u00e4r b\u00e5de f\u00f6rnybart och \u00e5tervinningsbart. [&hellip;]\" \/>\n<meta property=\"og:url\" content=\"https:\/\/grontkontor.dk\/sv\/shop\/plaanbok-kork-natur-brun\/\" \/>\n<meta property=\"og:site_name\" content=\"Gr\u00f8nt Kontor\" \/>\n<meta property=\"article:publisher\" content=\"https:\/\/www.facebook.com\/grontkontor.dk\/\" \/>\n<meta property=\"article:modified_time\" content=\"2023-09-22T20:57:08+00:00\" \/>\n<meta property=\"og:image\" content=\"https:\/\/grontkontor.dk\/wp-content\/uploads\/2017\/03\/damepung-kork-natur-brun-01.jpg\" \/>\n\t<meta property=\"og:image:width\" content=\"556\" \/>\n\t<meta property=\"og:image:height\" content=\"395\" \/>\n\t<meta property=\"og:image:type\" content=\"image\/jpeg\" \/>\n<meta name=\"twitter:card\" content=\"summary_large_image\" \/>\n<meta name=\"twitter:label1\" content=\"Ber\u00e4knad l\u00e4stid\" \/>\n\t<meta name=\"twitter:data1\" content=\"1 minut\" \/>\n<script type=\"application\/ld+json\" class=\"yoast-schema-graph\">{\"@context\":\"https:\/\/schema.org\",\"@graph\":[{\"@type\":\"WebPage\",\"@id\":\"https:\/\/grontkontor.dk\/sv\/shop\/plaanbok-kork-natur-brun\/\",\"url\":\"https:\/\/grontkontor.dk\/sv\/shop\/plaanbok-kork-natur-brun\/\",\"name\":\"Pl\u00e5nbok i kork - natur\/brun - Gr\u00f8nt Kontor\",\"isPartOf\":{\"@id\":\"https:\/\/grontkontor.dk\/#website\"},\"datePublished\":\"2023-09-22T20:56:53+00:00\",\"dateModified\":\"2023-09-22T20:57:08+00:00\",\"breadcrumb\":{\"@id\":\"https:\/\/grontkontor.dk\/sv\/shop\/plaanbok-kork-natur-brun\/#breadcrumb\"},\"inLanguage\":\"sv-SE\",\"potentialAction\":[{\"@type\":\"ReadAction\",\"target\":[\"https:\/\/grontkontor.dk\/sv\/shop\/plaanbok-kork-natur-brun\/\"]}]},{\"@type\":\"BreadcrumbList\",\"@id\":\"https:\/\/grontkontor.dk\/sv\/shop\/plaanbok-kork-natur-brun\/#breadcrumb\",\"itemListElement\":[{\"@type\":\"ListItem\",\"position\":1,\"name\":\"Forside\",\"item\":\"https:\/\/grontkontor.dk\/\"},{\"@type\":\"ListItem\",\"position\":2,\"name\":\"Shop\",\"item\":\"https:\/\/grontkontor.dk\/sv\/shop\/\"},{\"@type\":\"ListItem\",\"position\":3,\"name\":\"Produktserier\",\"item\":\"https:\/\/grontkontor.dk\/sv\/produkt-kategori\/produkt-serier-se\/\"},{\"@type\":\"ListItem\",\"position\":4,\"name\":\"Kork produkter\",\"item\":\"https:\/\/grontkontor.dk\/sv\/produkt-kategori\/produkt-serier-se\/kork-produkter-se\/\"},{\"@type\":\"ListItem\",\"position\":5,\"name\":\"Pl\u00e5nbok i kork &#8211; natur\/brun\"}]},{\"@type\":\"WebSite\",\"@id\":\"https:\/\/grontkontor.dk\/#website\",\"url\":\"https:\/\/grontkontor.dk\/\",\"name\":\"Gr\u00f8nt Kontor\",\"description\":\"Milj\u00f8venlige produkter til kontor og erhverv med fokus p\u00e5 b\u00e6redygtighed, design og fair trade.\",\"publisher\":{\"@id\":\"https:\/\/grontkontor.dk\/#organization\"},\"potentialAction\":[{\"@type\":\"SearchAction\",\"target\":{\"@type\":\"EntryPoint\",\"urlTemplate\":\"https:\/\/grontkontor.dk\/?s={search_term_string}\"},\"query-input\":\"required name=search_term_string\"}],\"inLanguage\":\"sv-SE\"},{\"@type\":\"Organization\",\"@id\":\"https:\/\/grontkontor.dk\/#organization\",\"name\":\"Gr\u00f8nt Kontor\",\"url\":\"https:\/\/grontkontor.dk\/\",\"logo\":{\"@type\":\"ImageObject\",\"inLanguage\":\"sv-SE\",\"@id\":\"https:\/\/grontkontor.dk\/#\/schema\/logo\/image\/\",\"url\":\"https:\/\/grontkontor.dk\/wp-content\/uploads\/2014\/02\/Logo_groent_kontor_300x80.png\",\"contentUrl\":\"https:\/\/grontkontor.dk\/wp-content\/uploads\/2014\/02\/Logo_groent_kontor_300x80.png\",\"width\":300,\"height\":80,\"caption\":\"Gr\u00f8nt Kontor\"},\"image\":{\"@id\":\"https:\/\/grontkontor.dk\/#\/schema\/logo\/image\/\"},\"sameAs\":[\"https:\/\/www.facebook.com\/grontkontor.dk\/\"]}]}<\/script>\n<!-- \/ Yoast SEO Premium plugin. -->","yoast_head_json":{"title":"Pl\u00e5nbok i kork - natur\/brun - Gr\u00f8nt Kontor","robots":{"index":"index","follow":"follow","max-snippet":"max-snippet:-1","max-image-preview":"max-image-preview:large","max-video-preview":"max-video-preview:-1"},"canonical":"https:\/\/grontkontor.dk\/sv\/shop\/plaanbok-kork-natur-brun\/","og_locale":"sv_SE","og_type":"article","og_title":"Pl\u00e5nbok i kork - natur\/brun","og_description":"Elegant och h\u00e5llbar pl\u00e5nbok som h\u00e5ller b\u00e5de kort och kontanter i kontroll. Smart st\u00e4ngning med metalllogo, flera fack f\u00f6r kort, kontanter och kvitton. Dragkedja ficka f\u00f6r mynt, samt ett rum f\u00f6r en smartphone. Finns i f\u00e4rgkombinationer natur \/ brun eller brun \/ natur. Tillverkad av kork, ett h\u00e5llbart material som \u00e4r b\u00e5de f\u00f6rnybart och \u00e5tervinningsbart. [&hellip;]","og_url":"https:\/\/grontkontor.dk\/sv\/shop\/plaanbok-kork-natur-brun\/","og_site_name":"Gr\u00f8nt Kontor","article_publisher":"https:\/\/www.facebook.com\/grontkontor.dk\/","article_modified_time":"2023-09-22T20:57:08+00:00","og_image":[{"width":556,"height":395,"url":"https:\/\/grontkontor.dk\/wp-content\/uploads\/2017\/03\/damepung-kork-natur-brun-01.jpg","type":"image\/jpeg"}],"twitter_card":"summary_large_image","twitter_misc":{"Ber\u00e4knad l\u00e4stid":"1 minut"},"schema":{"@context":"https:\/\/schema.org","@graph":[{"@type":"WebPage","@id":"https:\/\/grontkontor.dk\/sv\/shop\/plaanbok-kork-natur-brun\/","url":"https:\/\/grontkontor.dk\/sv\/shop\/plaanbok-kork-natur-brun\/","name":"Pl\u00e5nbok i kork - natur\/brun - Gr\u00f8nt Kontor","isPartOf":{"@id":"https:\/\/grontkontor.dk\/#website"},"datePublished":"2023-09-22T20:56:53+00:00","dateModified":"2023-09-22T20:57:08+00:00","breadcrumb":{"@id":"https:\/\/grontkontor.dk\/sv\/shop\/plaanbok-kork-natur-brun\/#breadcrumb"},"inLanguage":"sv-SE","potentialAction":[{"@type":"ReadAction","target":["https:\/\/grontkontor.dk\/sv\/shop\/plaanbok-kork-natur-brun\/"]}]},{"@type":"BreadcrumbList","@id":"https:\/\/grontkontor.dk\/sv\/shop\/plaanbok-kork-natur-brun\/#breadcrumb","itemListElement":[{"@type":"ListItem","position":1,"name":"Forside","item":"https:\/\/grontkontor.dk\/"},{"@type":"ListItem","position":2,"name":"Shop","item":"https:\/\/grontkontor.dk\/sv\/shop\/"},{"@type":"ListItem","position":3,"name":"Produktserier","item":"https:\/\/grontkontor.dk\/sv\/produkt-kategori\/produkt-serier-se\/"},{"@type":"ListItem","position":4,"name":"Kork produkter","item":"https:\/\/grontkontor.dk\/sv\/produkt-kategori\/produkt-serier-se\/kork-produkter-se\/"},{"@type":"ListItem","position":5,"name":"Pl\u00e5nbok i kork &#8211; natur\/brun"}]},{"@type":"WebSite","@id":"https:\/\/grontkontor.dk\/#website","url":"https:\/\/grontkontor.dk\/","name":"Gr\u00f8nt Kontor","description":"Milj\u00f8venlige produkter til kontor og erhverv med fokus p\u00e5 b\u00e6redygtighed, design og fair trade.","publisher":{"@id":"https:\/\/grontkontor.dk\/#organization"},"potentialAction":[{"@type":"SearchAction","target":{"@type":"EntryPoint","urlTemplate":"https:\/\/grontkontor.dk\/?s={search_term_string}"},"query-input":"required name=search_term_string"}],"inLanguage":"sv-SE"},{"@type":"Organization","@id":"https:\/\/grontkontor.dk\/#organization","name":"Gr\u00f8nt Kontor","url":"https:\/\/grontkontor.dk\/","logo":{"@type":"ImageObject","inLanguage":"sv-SE","@id":"https:\/\/grontkontor.dk\/#\/schema\/logo\/image\/","url":"https:\/\/grontkontor.dk\/wp-content\/uploads\/2014\/02\/Logo_groent_kontor_300x80.png","contentUrl":"https:\/\/grontkontor.dk\/wp-content\/uploads\/2014\/02\/Logo_groent_kontor_300x80.png","width":300,"height":80,"caption":"Gr\u00f8nt Kontor"},"image":{"@id":"https:\/\/grontkontor.dk\/#\/schema\/logo\/image\/"},"sameAs":["https:\/\/www.facebook.com\/grontkontor.dk\/"]}]}},"_links":{"self":[{"href":"https:\/\/grontkontor.dk\/sv\/wp-json\/wp\/v2\/product\/74356"}],"collection":[{"href":"https:\/\/grontkontor.dk\/sv\/wp-json\/wp\/v2\/product"}],"about":[{"href":"https:\/\/grontkontor.dk\/sv\/wp-json\/wp\/v2\/types\/product"}],"replies":[{"embeddable":true,"href":"https:\/\/grontkontor.dk\/sv\/wp-json\/wp\/v2\/comments?post=74356"}],"wp:featuredmedia":[{"embeddable":true,"href":"https:\/\/grontkontor.dk\/sv\/wp-json\/wp\/v2\/media\/13336"}],"wp:attachment":[{"href":"https:\/\/grontkontor.dk\/sv\/wp-json\/wp\/v2\/media?parent=74356"}],"wp:term":[{"taxonomy":"product_cat","embeddable":true,"href":"https:\/\/grontkontor.dk\/sv\/wp-json\/wp\/v2\/product_cat?post=74356"},{"taxonomy":"product_tag","embeddable":true,"href":"https:\/\/grontkontor.dk\/sv\/wp-json\/wp\/v2\/product_tag?post=74356"}],"curies":[{"name":"wp","href":"https:\/\/api.w.org\/{rel}","templated":true}]}}