{"id":74387,"date":"2023-09-22T12:59:46","date_gmt":"2023-09-22T20:57:51","guid":{"rendered":"https:\/\/grontkontor.dk\/produkt\/keps-robust-kork\/"},"modified":"2025-11-06T11:28:58","modified_gmt":"2025-11-06T10:28:58","slug":"cap-i-kork","status":"publish","type":"product","link":"https:\/\/grontkontor.dk\/sv\/shop\/cap-i-kork\/","title":{"rendered":"Kapsyl i robust kork utan tryck"},"content":{"rendered":"<p>En keps i klimatv\u00e4nlig kork \u00e4r ett unikt och snyggt alternativ till traditionella kapsyler. Kork \u00e4r ett milj\u00f6v\u00e4nligt naturmaterial som \u00e4r b\u00e5de l\u00e4tt, robust och naturligt vattenavvisande. Detta ger en keps som inte bara \u00e4r i\u00f6gonfallande, utan \u00e4ven h\u00e5ller f\u00f6r daglig anv\u00e4ndning i alla slags v\u00e4der.  <\/p>\n<p>Den h\u00e4r kepsen \u00e4r handgjord i Portugal, d\u00e4r traditionellt hantverk och omtanke om material m\u00f6ts. Varje kapsyl f\u00e5r sitt eget unika utseende eftersom korkens naturliga struktur varierar, vilket g\u00f6r den till ett i\u00f6gonfallande tillbeh\u00f6r. Den klimatv\u00e4nliga korken g\u00f6r ocks\u00e5 produkten till ett sj\u00e4lvklart val f\u00f6r f\u00f6retag och organisationer som vill signalera milj\u00f6v\u00e4nliga v\u00e4rden p\u00e5 ett praktiskt och elegant s\u00e4tt.  <\/p>\n<p>Kepsen finns i olika f\u00e4rger, s\u00e5 det finns n\u00e5got f\u00f6r alla. Den kan levereras med logotyptryck, vilket g\u00f6r den perfekt som en f\u00f6retagsg\u00e5va, reklamartikel eller som en del av en profilkollektion f\u00f6r anst\u00e4llda. N\u00e4r din logotyp trycks p\u00e5 en milj\u00f6v\u00e4nlig keps i kork f\u00e5r du en distinkt och synlig varum\u00e4rkeseffekt samtidigt som du st\u00f6der ett gr\u00f6nt budskap.  <\/p>\n<p>En keps i kork \u00e4r d\u00e4rf\u00f6r mer \u00e4n bara solskydd \u2013 det \u00e4r ett klimatv\u00e4nligt tillbeh\u00f6r som kombinerar funktion, design och omtanke om klimatet. Ett sj\u00e4lvklart val f\u00f6r b\u00e5de event, m\u00e4ssor och vardagsbruk. <\/p>\nKork er et yderst klimavenlig, bionedbrydeligt og komposterbart naturmateriale, der stammer fra korkegen, der gror i hele middelhavsregionen. Kork er en hurtigt regenererende ressource der kan h\u00f8stes hvert \u00e5r p\u00e5 samme tr\u00e6, og er et materiale anbefalet af Verdensnaturfonden. Korkegeskove underst\u00f8tter et af de h\u00f8jeste niveauer af biodiversitet sammenlignet med andre skovtyper. \n<p>&nbsp;<\/p>\n<img loading=\"lazy\" decoding=\"async\" class=\"size-medium wp-image-21008\" src=\"https:\/\/grontkontor.dk\/wp-content\/uploads\/2020\/11\/eu-flag_1-300x199.jpg\" alt=\"Fremstillet i EU\" width=\"76\" height=\"50\" srcset=\"https:\/\/grontkontor.dk\/wp-content\/uploads\/2020\/11\/eu-flag_1-300x199.jpg 300w, https:\/\/grontkontor.dk\/wp-content\/uploads\/2020\/11\/eu-flag_1.jpg 530w\" sizes=\"(max-width: 76px) 100vw, 76px\" \/>\n","protected":false},"excerpt":{"rendered":"<p>En keps i klimatv\u00e4nlig kork \u00e4r ett unikt och snyggt alternativ till traditionella kapsyler. Kork \u00e4r ett milj\u00f6v\u00e4nligt naturmaterial som \u00e4r b\u00e5de l\u00e4tt, robust och naturligt vattenavvisande. Detta ger en keps som inte bara \u00e4r i\u00f6gonfallande, utan \u00e4ven h\u00e5ller f\u00f6r daglig anv\u00e4ndning i alla slags v\u00e4der. Den h\u00e4r kepsen \u00e4r handgjord i Portugal, d\u00e4r traditionellt [&hellip;]<\/p>\n","protected":false},"featured_media":13505,"comment_status":"closed","ping_status":"closed","template":"","meta":{"_acf_changed":false},"product_cat":[3067,4838,2107,867,1868,1854,3143],"product_tag":[1754,1753],"class_list":{"0":"post-74387","1":"product","2":"type-product","3":"status-publish","4":"has-post-thumbnail","6":"product_cat-allmaent-pris-dummy","7":"product_cat-huvudbonad","8":"product_cat-dummy-moq-1-sv","9":"product_cat-miljovaenliga-foretagspresenter","10":"product_cat-kork-produkter-se","11":"product_cat-produkt-serier-se","12":"product_cat-sport-och-fritid","13":"product_tag-hovedbeklaedning-sv","14":"product_tag-kasket-sv","15":"pa_farve-mix-sv","16":"pa_farve-brun-sv","17":"pa_farve-natur-sv","18":"pa_farve-roedbrun-sv","19":"tm-has-options","21":"first","22":"instock","23":"sale","24":"taxable","25":"shipping-taxable","26":"purchasable","27":"product-type-simple"},"acf":[],"yoast_head":"<!-- This site is optimized with the Yoast SEO Premium plugin v21.2 (Yoast SEO v21.2) - https:\/\/yoast.com\/wordpress\/plugins\/seo\/ -->\n<title>Kapsyl i robust kork utan tryck - Gr\u00f8nt Kontor<\/title>\n<meta name=\"description\" content=\"Klimatv\u00e4nlig keps i kork. Vattenavvisande keps, handgjord i Portugal. Milj\u00f6v\u00e4nligt tillbeh\u00f6r i olika f\u00e4rger. Kan levereras med logotryck.\" \/>\n<meta name=\"robots\" content=\"index, follow, max-snippet:-1, max-image-preview:large, max-video-preview:-1\" \/>\n<link rel=\"canonical\" href=\"https:\/\/grontkontor.dk\/sv\/shop\/cap-i-kork\/\" \/>\n<meta property=\"og:locale\" content=\"sv_SE\" \/>\n<meta property=\"og:type\" content=\"article\" \/>\n<meta property=\"og:title\" content=\"Kapsyl i robust kork utan tryck\" \/>\n<meta property=\"og:description\" content=\"Klimatv\u00e4nlig keps i kork. Vattenavvisande keps, handgjord i Portugal. Milj\u00f6v\u00e4nligt tillbeh\u00f6r i olika f\u00e4rger. Kan levereras med logotryck.\" \/>\n<meta property=\"og:url\" content=\"https:\/\/grontkontor.dk\/sv\/shop\/cap-i-kork\/\" \/>\n<meta property=\"og:site_name\" content=\"Gr\u00f8nt Kontor\" \/>\n<meta property=\"article:publisher\" content=\"https:\/\/www.facebook.com\/grontkontor.dk\/\" \/>\n<meta property=\"article:modified_time\" content=\"2025-11-06T10:28:58+00:00\" \/>\n<meta property=\"og:image\" content=\"https:\/\/grontkontor.dk\/wp-content\/uploads\/2017\/03\/cap-kasket-kork-01.jpg\" \/>\n\t<meta property=\"og:image:width\" content=\"800\" \/>\n\t<meta property=\"og:image:height\" content=\"568\" \/>\n\t<meta property=\"og:image:type\" content=\"image\/jpeg\" \/>\n<meta name=\"twitter:card\" content=\"summary_large_image\" \/>\n<meta name=\"twitter:label1\" content=\"Ber\u00e4knad l\u00e4stid\" \/>\n\t<meta name=\"twitter:data1\" content=\"1 minut\" \/>\n<script type=\"application\/ld+json\" class=\"yoast-schema-graph\">{\"@context\":\"https:\/\/schema.org\",\"@graph\":[{\"@type\":\"WebPage\",\"@id\":\"https:\/\/grontkontor.dk\/sv\/shop\/cap-i-kork\/\",\"url\":\"https:\/\/grontkontor.dk\/sv\/shop\/cap-i-kork\/\",\"name\":\"Kapsyl i robust kork utan tryck - Gr\u00f8nt Kontor\",\"isPartOf\":{\"@id\":\"https:\/\/grontkontor.dk\/#website\"},\"datePublished\":\"2023-09-22T20:57:51+00:00\",\"dateModified\":\"2025-11-06T10:28:58+00:00\",\"description\":\"Klimatv\u00e4nlig keps i kork. Vattenavvisande keps, handgjord i Portugal. Milj\u00f6v\u00e4nligt tillbeh\u00f6r i olika f\u00e4rger. Kan levereras med logotryck.\",\"breadcrumb\":{\"@id\":\"https:\/\/grontkontor.dk\/sv\/shop\/cap-i-kork\/#breadcrumb\"},\"inLanguage\":\"sv-SE\",\"potentialAction\":[{\"@type\":\"ReadAction\",\"target\":[\"https:\/\/grontkontor.dk\/sv\/shop\/cap-i-kork\/\"]}]},{\"@type\":\"BreadcrumbList\",\"@id\":\"https:\/\/grontkontor.dk\/sv\/shop\/cap-i-kork\/#breadcrumb\",\"itemListElement\":[{\"@type\":\"ListItem\",\"position\":1,\"name\":\"Forside\",\"item\":\"https:\/\/grontkontor.dk\/\"},{\"@type\":\"ListItem\",\"position\":2,\"name\":\"Shop\",\"item\":\"https:\/\/grontkontor.dk\/sv\/shop\/\"},{\"@type\":\"ListItem\",\"position\":3,\"name\":\"Kl\u00e4der\",\"item\":\"https:\/\/grontkontor.dk\/sv\/produkt-kategori\/beklaedning-sv\/\"},{\"@type\":\"ListItem\",\"position\":4,\"name\":\"Huvudbonad\",\"item\":\"https:\/\/grontkontor.dk\/sv\/produkt-kategori\/beklaedning-sv\/huvudbonad\/\"},{\"@type\":\"ListItem\",\"position\":5,\"name\":\"Kapsyl i robust kork utan tryck\"}]},{\"@type\":\"WebSite\",\"@id\":\"https:\/\/grontkontor.dk\/#website\",\"url\":\"https:\/\/grontkontor.dk\/\",\"name\":\"Gr\u00f8nt Kontor\",\"description\":\"Milj\u00f8venlige produkter til kontor og erhverv med fokus p\u00e5 b\u00e6redygtighed, design og fair trade.\",\"publisher\":{\"@id\":\"https:\/\/grontkontor.dk\/#organization\"},\"potentialAction\":[{\"@type\":\"SearchAction\",\"target\":{\"@type\":\"EntryPoint\",\"urlTemplate\":\"https:\/\/grontkontor.dk\/?s={search_term_string}\"},\"query-input\":\"required name=search_term_string\"}],\"inLanguage\":\"sv-SE\"},{\"@type\":\"Organization\",\"@id\":\"https:\/\/grontkontor.dk\/#organization\",\"name\":\"Gr\u00f8nt Kontor\",\"url\":\"https:\/\/grontkontor.dk\/\",\"logo\":{\"@type\":\"ImageObject\",\"inLanguage\":\"sv-SE\",\"@id\":\"https:\/\/grontkontor.dk\/#\/schema\/logo\/image\/\",\"url\":\"https:\/\/grontkontor.dk\/wp-content\/uploads\/2014\/02\/Logo_groent_kontor_300x80.png\",\"contentUrl\":\"https:\/\/grontkontor.dk\/wp-content\/uploads\/2014\/02\/Logo_groent_kontor_300x80.png\",\"width\":300,\"height\":80,\"caption\":\"Gr\u00f8nt Kontor\"},\"image\":{\"@id\":\"https:\/\/grontkontor.dk\/#\/schema\/logo\/image\/\"},\"sameAs\":[\"https:\/\/www.facebook.com\/grontkontor.dk\/\"]}]}<\/script>\n<!-- \/ Yoast SEO Premium plugin. -->","yoast_head_json":{"title":"Kapsyl i robust kork utan tryck - Gr\u00f8nt Kontor","description":"Klimatv\u00e4nlig keps i kork. Vattenavvisande keps, handgjord i Portugal. Milj\u00f6v\u00e4nligt tillbeh\u00f6r i olika f\u00e4rger. Kan levereras med logotryck.","robots":{"index":"index","follow":"follow","max-snippet":"max-snippet:-1","max-image-preview":"max-image-preview:large","max-video-preview":"max-video-preview:-1"},"canonical":"https:\/\/grontkontor.dk\/sv\/shop\/cap-i-kork\/","og_locale":"sv_SE","og_type":"article","og_title":"Kapsyl i robust kork utan tryck","og_description":"Klimatv\u00e4nlig keps i kork. Vattenavvisande keps, handgjord i Portugal. Milj\u00f6v\u00e4nligt tillbeh\u00f6r i olika f\u00e4rger. Kan levereras med logotryck.","og_url":"https:\/\/grontkontor.dk\/sv\/shop\/cap-i-kork\/","og_site_name":"Gr\u00f8nt Kontor","article_publisher":"https:\/\/www.facebook.com\/grontkontor.dk\/","article_modified_time":"2025-11-06T10:28:58+00:00","og_image":[{"width":800,"height":568,"url":"https:\/\/grontkontor.dk\/wp-content\/uploads\/2017\/03\/cap-kasket-kork-01.jpg","type":"image\/jpeg"}],"twitter_card":"summary_large_image","twitter_misc":{"Ber\u00e4knad l\u00e4stid":"1 minut"},"schema":{"@context":"https:\/\/schema.org","@graph":[{"@type":"WebPage","@id":"https:\/\/grontkontor.dk\/sv\/shop\/cap-i-kork\/","url":"https:\/\/grontkontor.dk\/sv\/shop\/cap-i-kork\/","name":"Kapsyl i robust kork utan tryck - Gr\u00f8nt Kontor","isPartOf":{"@id":"https:\/\/grontkontor.dk\/#website"},"datePublished":"2023-09-22T20:57:51+00:00","dateModified":"2025-11-06T10:28:58+00:00","description":"Klimatv\u00e4nlig keps i kork. Vattenavvisande keps, handgjord i Portugal. Milj\u00f6v\u00e4nligt tillbeh\u00f6r i olika f\u00e4rger. Kan levereras med logotryck.","breadcrumb":{"@id":"https:\/\/grontkontor.dk\/sv\/shop\/cap-i-kork\/#breadcrumb"},"inLanguage":"sv-SE","potentialAction":[{"@type":"ReadAction","target":["https:\/\/grontkontor.dk\/sv\/shop\/cap-i-kork\/"]}]},{"@type":"BreadcrumbList","@id":"https:\/\/grontkontor.dk\/sv\/shop\/cap-i-kork\/#breadcrumb","itemListElement":[{"@type":"ListItem","position":1,"name":"Forside","item":"https:\/\/grontkontor.dk\/"},{"@type":"ListItem","position":2,"name":"Shop","item":"https:\/\/grontkontor.dk\/sv\/shop\/"},{"@type":"ListItem","position":3,"name":"Kl\u00e4der","item":"https:\/\/grontkontor.dk\/sv\/produkt-kategori\/beklaedning-sv\/"},{"@type":"ListItem","position":4,"name":"Huvudbonad","item":"https:\/\/grontkontor.dk\/sv\/produkt-kategori\/beklaedning-sv\/huvudbonad\/"},{"@type":"ListItem","position":5,"name":"Kapsyl i robust kork utan tryck"}]},{"@type":"WebSite","@id":"https:\/\/grontkontor.dk\/#website","url":"https:\/\/grontkontor.dk\/","name":"Gr\u00f8nt Kontor","description":"Milj\u00f8venlige produkter til kontor og erhverv med fokus p\u00e5 b\u00e6redygtighed, design og fair trade.","publisher":{"@id":"https:\/\/grontkontor.dk\/#organization"},"potentialAction":[{"@type":"SearchAction","target":{"@type":"EntryPoint","urlTemplate":"https:\/\/grontkontor.dk\/?s={search_term_string}"},"query-input":"required name=search_term_string"}],"inLanguage":"sv-SE"},{"@type":"Organization","@id":"https:\/\/grontkontor.dk\/#organization","name":"Gr\u00f8nt Kontor","url":"https:\/\/grontkontor.dk\/","logo":{"@type":"ImageObject","inLanguage":"sv-SE","@id":"https:\/\/grontkontor.dk\/#\/schema\/logo\/image\/","url":"https:\/\/grontkontor.dk\/wp-content\/uploads\/2014\/02\/Logo_groent_kontor_300x80.png","contentUrl":"https:\/\/grontkontor.dk\/wp-content\/uploads\/2014\/02\/Logo_groent_kontor_300x80.png","width":300,"height":80,"caption":"Gr\u00f8nt Kontor"},"image":{"@id":"https:\/\/grontkontor.dk\/#\/schema\/logo\/image\/"},"sameAs":["https:\/\/www.facebook.com\/grontkontor.dk\/"]}]}},"_links":{"self":[{"href":"https:\/\/grontkontor.dk\/sv\/wp-json\/wp\/v2\/product\/74387"}],"collection":[{"href":"https:\/\/grontkontor.dk\/sv\/wp-json\/wp\/v2\/product"}],"about":[{"href":"https:\/\/grontkontor.dk\/sv\/wp-json\/wp\/v2\/types\/product"}],"replies":[{"embeddable":true,"href":"https:\/\/grontkontor.dk\/sv\/wp-json\/wp\/v2\/comments?post=74387"}],"wp:featuredmedia":[{"embeddable":true,"href":"https:\/\/grontkontor.dk\/sv\/wp-json\/wp\/v2\/media\/13505"}],"wp:attachment":[{"href":"https:\/\/grontkontor.dk\/sv\/wp-json\/wp\/v2\/media?parent=74387"}],"wp:term":[{"taxonomy":"product_cat","embeddable":true,"href":"https:\/\/grontkontor.dk\/sv\/wp-json\/wp\/v2\/product_cat?post=74387"},{"taxonomy":"product_tag","embeddable":true,"href":"https:\/\/grontkontor.dk\/sv\/wp-json\/wp\/v2\/product_tag?post=74387"}],"curies":[{"name":"wp","href":"https:\/\/api.w.org\/{rel}","templated":true}]}}