{"id":74523,"date":"2023-09-22T13:02:59","date_gmt":"2023-09-22T21:01:11","guid":{"rendered":"https:\/\/grontkontor.dk\/produkt\/arbetsbok-a4-aatervinning\/"},"modified":"2023-09-22T23:01:25","modified_gmt":"2023-09-22T21:01:25","slug":"arbetsbok-a4-aatervinning","status":"publish","type":"product","link":"https:\/\/grontkontor.dk\/sv\/shop\/arbetsbok-a4-aatervinning\/","title":{"rendered":"Arbetsbok A4 \u00e5tervinning"},"content":{"rendered":"<p>Milj\u00f6v\u00e4nlig A4-mapp i \u00e5tervunnet papper f\u00f6r att arbeta med skrivomr\u00e5det b\u00e5de fram och bak. Producerad i EU.<\/p>\n<p>M\u00e5tt: 318x240mm. Levereras med metalldelare och \u00f6verl\u00e4gg, kapacitet ca. 2,5 cm.<\/p>\n","protected":false},"excerpt":{"rendered":"<p>Milj\u00f6v\u00e4nlig A4-mapp i \u00e5tervunnet papper f\u00f6r att arbeta med skrivomr\u00e5det b\u00e5de fram och bak. Producerad i EU. M\u00e5tt: 318x240mm. Levereras med metalldelare och \u00f6verl\u00e4gg, kapacitet ca. 2,5 cm.<\/p>\n","protected":false},"featured_media":9804,"comment_status":"closed","ping_status":"closed","template":"","meta":{"_acf_changed":false},"product_cat":[653,2107,655],"product_tag":[747,1642,2927],"class_list":{"0":"post-74523","1":"product","2":"type-product","3":"status-publish","4":"has-post-thumbnail","6":"product_cat-arkivering-och-forvaring","7":"product_cat-dummy-moq-1-sv","8":"product_cat-mappar","9":"product_tag-dokumentmapp","10":"product_tag-praesentationsmappe-sv","11":"product_tag-saeljmapp","12":"tm-has-options","14":"first","15":"onbackorder","16":"taxable","17":"shipping-taxable","18":"purchasable","19":"product-type-simple"},"acf":[],"yoast_head":"<!-- This site is optimized with the Yoast SEO Premium plugin v21.2 (Yoast SEO v21.2) - https:\/\/yoast.com\/wordpress\/plugins\/seo\/ -->\n<title>Arbetsbok A4 \u00e5tervinning - Gr\u00f8nt Kontor<\/title>\n<meta name=\"robots\" content=\"index, follow, max-snippet:-1, max-image-preview:large, max-video-preview:-1\" \/>\n<link rel=\"canonical\" href=\"https:\/\/grontkontor.dk\/sv\/shop\/arbetsbok-a4-aatervinning\/\" \/>\n<meta property=\"og:locale\" content=\"sv_SE\" \/>\n<meta property=\"og:type\" content=\"article\" \/>\n<meta property=\"og:title\" content=\"Arbetsbok A4 \u00e5tervinning\" \/>\n<meta property=\"og:description\" content=\"Milj\u00f6v\u00e4nlig A4-mapp i \u00e5tervunnet papper f\u00f6r att arbeta med skrivomr\u00e5det b\u00e5de fram och bak. Producerad i EU. M\u00e5tt: 318x240mm. Levereras med metalldelare och \u00f6verl\u00e4gg, kapacitet ca. 2,5 cm.\" \/>\n<meta property=\"og:url\" content=\"https:\/\/grontkontor.dk\/sv\/shop\/arbetsbok-a4-aatervinning\/\" \/>\n<meta property=\"og:site_name\" content=\"Gr\u00f8nt Kontor\" \/>\n<meta property=\"article:publisher\" content=\"https:\/\/www.facebook.com\/grontkontor.dk\/\" \/>\n<meta property=\"article:modified_time\" content=\"2023-09-22T21:01:25+00:00\" \/>\n<meta property=\"og:image\" content=\"https:\/\/grontkontor.dk\/wp-content\/uploads\/2018\/05\/A4-arbejdsmappe-karton-skrivefelt.jpg\" \/>\n\t<meta property=\"og:image:width\" content=\"550\" \/>\n\t<meta property=\"og:image:height\" content=\"366\" \/>\n\t<meta property=\"og:image:type\" content=\"image\/jpeg\" \/>\n<meta name=\"twitter:card\" content=\"summary_large_image\" \/>\n<script type=\"application\/ld+json\" class=\"yoast-schema-graph\">{\"@context\":\"https:\/\/schema.org\",\"@graph\":[{\"@type\":\"WebPage\",\"@id\":\"https:\/\/grontkontor.dk\/sv\/shop\/arbetsbok-a4-aatervinning\/\",\"url\":\"https:\/\/grontkontor.dk\/sv\/shop\/arbetsbok-a4-aatervinning\/\",\"name\":\"Arbetsbok A4 \u00e5tervinning - Gr\u00f8nt Kontor\",\"isPartOf\":{\"@id\":\"https:\/\/grontkontor.dk\/#website\"},\"datePublished\":\"2023-09-22T21:01:11+00:00\",\"dateModified\":\"2023-09-22T21:01:25+00:00\",\"breadcrumb\":{\"@id\":\"https:\/\/grontkontor.dk\/sv\/shop\/arbetsbok-a4-aatervinning\/#breadcrumb\"},\"inLanguage\":\"sv-SE\",\"potentialAction\":[{\"@type\":\"ReadAction\",\"target\":[\"https:\/\/grontkontor.dk\/sv\/shop\/arbetsbok-a4-aatervinning\/\"]}]},{\"@type\":\"BreadcrumbList\",\"@id\":\"https:\/\/grontkontor.dk\/sv\/shop\/arbetsbok-a4-aatervinning\/#breadcrumb\",\"itemListElement\":[{\"@type\":\"ListItem\",\"position\":1,\"name\":\"Forside\",\"item\":\"https:\/\/grontkontor.dk\/\"},{\"@type\":\"ListItem\",\"position\":2,\"name\":\"Shop\",\"item\":\"https:\/\/grontkontor.dk\/sv\/shop\/\"},{\"@type\":\"ListItem\",\"position\":3,\"name\":\"Arkivering\",\"item\":\"https:\/\/grontkontor.dk\/sv\/produkt-kategori\/arkivering-och-forvaring\/\"},{\"@type\":\"ListItem\",\"position\":4,\"name\":\"Mappar och urklipp\",\"item\":\"https:\/\/grontkontor.dk\/sv\/produkt-kategori\/arkivering-och-forvaring\/mappar\/\"},{\"@type\":\"ListItem\",\"position\":5,\"name\":\"Arbetsbok A4 \u00e5tervinning\"}]},{\"@type\":\"WebSite\",\"@id\":\"https:\/\/grontkontor.dk\/#website\",\"url\":\"https:\/\/grontkontor.dk\/\",\"name\":\"Gr\u00f8nt Kontor\",\"description\":\"Milj\u00f8venlige produkter til kontor og erhverv med fokus p\u00e5 b\u00e6redygtighed, design og fair trade.\",\"publisher\":{\"@id\":\"https:\/\/grontkontor.dk\/#organization\"},\"potentialAction\":[{\"@type\":\"SearchAction\",\"target\":{\"@type\":\"EntryPoint\",\"urlTemplate\":\"https:\/\/grontkontor.dk\/?s={search_term_string}\"},\"query-input\":\"required name=search_term_string\"}],\"inLanguage\":\"sv-SE\"},{\"@type\":\"Organization\",\"@id\":\"https:\/\/grontkontor.dk\/#organization\",\"name\":\"Gr\u00f8nt Kontor\",\"url\":\"https:\/\/grontkontor.dk\/\",\"logo\":{\"@type\":\"ImageObject\",\"inLanguage\":\"sv-SE\",\"@id\":\"https:\/\/grontkontor.dk\/#\/schema\/logo\/image\/\",\"url\":\"https:\/\/grontkontor.dk\/wp-content\/uploads\/2014\/02\/Logo_groent_kontor_300x80.png\",\"contentUrl\":\"https:\/\/grontkontor.dk\/wp-content\/uploads\/2014\/02\/Logo_groent_kontor_300x80.png\",\"width\":300,\"height\":80,\"caption\":\"Gr\u00f8nt Kontor\"},\"image\":{\"@id\":\"https:\/\/grontkontor.dk\/#\/schema\/logo\/image\/\"},\"sameAs\":[\"https:\/\/www.facebook.com\/grontkontor.dk\/\"]}]}<\/script>\n<!-- \/ Yoast SEO Premium plugin. -->","yoast_head_json":{"title":"Arbetsbok A4 \u00e5tervinning - Gr\u00f8nt Kontor","robots":{"index":"index","follow":"follow","max-snippet":"max-snippet:-1","max-image-preview":"max-image-preview:large","max-video-preview":"max-video-preview:-1"},"canonical":"https:\/\/grontkontor.dk\/sv\/shop\/arbetsbok-a4-aatervinning\/","og_locale":"sv_SE","og_type":"article","og_title":"Arbetsbok A4 \u00e5tervinning","og_description":"Milj\u00f6v\u00e4nlig A4-mapp i \u00e5tervunnet papper f\u00f6r att arbeta med skrivomr\u00e5det b\u00e5de fram och bak. Producerad i EU. M\u00e5tt: 318x240mm. Levereras med metalldelare och \u00f6verl\u00e4gg, kapacitet ca. 2,5 cm.","og_url":"https:\/\/grontkontor.dk\/sv\/shop\/arbetsbok-a4-aatervinning\/","og_site_name":"Gr\u00f8nt Kontor","article_publisher":"https:\/\/www.facebook.com\/grontkontor.dk\/","article_modified_time":"2023-09-22T21:01:25+00:00","og_image":[{"width":550,"height":366,"url":"https:\/\/grontkontor.dk\/wp-content\/uploads\/2018\/05\/A4-arbejdsmappe-karton-skrivefelt.jpg","type":"image\/jpeg"}],"twitter_card":"summary_large_image","schema":{"@context":"https:\/\/schema.org","@graph":[{"@type":"WebPage","@id":"https:\/\/grontkontor.dk\/sv\/shop\/arbetsbok-a4-aatervinning\/","url":"https:\/\/grontkontor.dk\/sv\/shop\/arbetsbok-a4-aatervinning\/","name":"Arbetsbok A4 \u00e5tervinning - Gr\u00f8nt Kontor","isPartOf":{"@id":"https:\/\/grontkontor.dk\/#website"},"datePublished":"2023-09-22T21:01:11+00:00","dateModified":"2023-09-22T21:01:25+00:00","breadcrumb":{"@id":"https:\/\/grontkontor.dk\/sv\/shop\/arbetsbok-a4-aatervinning\/#breadcrumb"},"inLanguage":"sv-SE","potentialAction":[{"@type":"ReadAction","target":["https:\/\/grontkontor.dk\/sv\/shop\/arbetsbok-a4-aatervinning\/"]}]},{"@type":"BreadcrumbList","@id":"https:\/\/grontkontor.dk\/sv\/shop\/arbetsbok-a4-aatervinning\/#breadcrumb","itemListElement":[{"@type":"ListItem","position":1,"name":"Forside","item":"https:\/\/grontkontor.dk\/"},{"@type":"ListItem","position":2,"name":"Shop","item":"https:\/\/grontkontor.dk\/sv\/shop\/"},{"@type":"ListItem","position":3,"name":"Arkivering","item":"https:\/\/grontkontor.dk\/sv\/produkt-kategori\/arkivering-och-forvaring\/"},{"@type":"ListItem","position":4,"name":"Mappar och urklipp","item":"https:\/\/grontkontor.dk\/sv\/produkt-kategori\/arkivering-och-forvaring\/mappar\/"},{"@type":"ListItem","position":5,"name":"Arbetsbok A4 \u00e5tervinning"}]},{"@type":"WebSite","@id":"https:\/\/grontkontor.dk\/#website","url":"https:\/\/grontkontor.dk\/","name":"Gr\u00f8nt Kontor","description":"Milj\u00f8venlige produkter til kontor og erhverv med fokus p\u00e5 b\u00e6redygtighed, design og fair trade.","publisher":{"@id":"https:\/\/grontkontor.dk\/#organization"},"potentialAction":[{"@type":"SearchAction","target":{"@type":"EntryPoint","urlTemplate":"https:\/\/grontkontor.dk\/?s={search_term_string}"},"query-input":"required name=search_term_string"}],"inLanguage":"sv-SE"},{"@type":"Organization","@id":"https:\/\/grontkontor.dk\/#organization","name":"Gr\u00f8nt Kontor","url":"https:\/\/grontkontor.dk\/","logo":{"@type":"ImageObject","inLanguage":"sv-SE","@id":"https:\/\/grontkontor.dk\/#\/schema\/logo\/image\/","url":"https:\/\/grontkontor.dk\/wp-content\/uploads\/2014\/02\/Logo_groent_kontor_300x80.png","contentUrl":"https:\/\/grontkontor.dk\/wp-content\/uploads\/2014\/02\/Logo_groent_kontor_300x80.png","width":300,"height":80,"caption":"Gr\u00f8nt Kontor"},"image":{"@id":"https:\/\/grontkontor.dk\/#\/schema\/logo\/image\/"},"sameAs":["https:\/\/www.facebook.com\/grontkontor.dk\/"]}]}},"_links":{"self":[{"href":"https:\/\/grontkontor.dk\/sv\/wp-json\/wp\/v2\/product\/74523"}],"collection":[{"href":"https:\/\/grontkontor.dk\/sv\/wp-json\/wp\/v2\/product"}],"about":[{"href":"https:\/\/grontkontor.dk\/sv\/wp-json\/wp\/v2\/types\/product"}],"replies":[{"embeddable":true,"href":"https:\/\/grontkontor.dk\/sv\/wp-json\/wp\/v2\/comments?post=74523"}],"wp:featuredmedia":[{"embeddable":true,"href":"https:\/\/grontkontor.dk\/sv\/wp-json\/wp\/v2\/media\/9804"}],"wp:attachment":[{"href":"https:\/\/grontkontor.dk\/sv\/wp-json\/wp\/v2\/media?parent=74523"}],"wp:term":[{"taxonomy":"product_cat","embeddable":true,"href":"https:\/\/grontkontor.dk\/sv\/wp-json\/wp\/v2\/product_cat?post=74523"},{"taxonomy":"product_tag","embeddable":true,"href":"https:\/\/grontkontor.dk\/sv\/wp-json\/wp\/v2\/product_tag?post=74523"}],"curies":[{"name":"wp","href":"https:\/\/api.w.org\/{rel}","templated":true}]}}