{"id":74533,"date":"2023-09-22T13:04:26","date_gmt":"2023-09-22T21:01:11","guid":{"rendered":"https:\/\/grontkontor.dk\/produkt\/penna-haallare-trae-se\/"},"modified":"2024-02-28T15:53:22","modified_gmt":"2024-02-28T14:53:22","slug":"penna-haallare-trae-se","status":"publish","type":"product","link":"https:\/\/grontkontor.dk\/sv\/shop\/penna-haallare-trae-se\/","title":{"rendered":"P\u00e4ronf\u00e4rgad pennh\u00e5llare"},"content":{"rendered":"<p>Enkelt och klimatsmart pennst\u00e4ll som passar f\u00f6r att organisera de sm\u00e5 sakerna p\u00e5 kontoret, som pennor, h\u00e4ftklamrar, n\u00e5lar och liknande. En klimat- och milj\u00f6v\u00e4nlig produkt tillverkad av oljat p\u00e4rontr\u00e4.<br \/>\nTillverkas i EU av funktionshindrade i skyddade verkst\u00e4der.<br \/>\nKan leveres med logotryk eller lasergravering. Bestil uforpligtende tilbud hos <a class=\"light\" href=\"mailto:jens@grontkontor.dk\">jens@grontkontor.dk<\/a><br>\n     <img loading=\"lazy\" decoding=\"async\" class=\"size-medium wp-image-21008\" src=\"https:\/\/grontkontor.dk\/wp-content\/uploads\/2020\/11\/eu-flag_1-300x199.jpg\" alt=\"Fremstillet i EU\" width=\"68\" height=\"45\" srcset=\"https:\/\/grontkontor.dk\/wp-content\/uploads\/2020\/11\/eu-flag_1-300x199.jpg 300w, https:\/\/grontkontor.dk\/wp-content\/uploads\/2020\/11\/eu-flag_1.jpg 530w\" sizes=\"(max-width: 68px) 100vw, 68px\" \/><\/p>\n","protected":false},"excerpt":{"rendered":"<p>Enkelt och klimatsmart pennst\u00e4ll som passar f\u00f6r att organisera de sm\u00e5 sakerna p\u00e5 kontoret, som pennor, h\u00e4ftklamrar, n\u00e5lar och liknande. En klimat- och milj\u00f6v\u00e4nlig produkt tillverkad av oljat p\u00e4rontr\u00e4. Tillverkas i EU av funktionshindrade i skyddade verkst\u00e4der.<\/p>\n","protected":false},"featured_media":11075,"comment_status":"closed","ping_status":"closed","template":"","meta":{"_acf_changed":false},"product_cat":[2107,670,1644,1854,2216,665,1027],"product_tag":[1813,1872,798,1645],"class_list":{"0":"post-74533","1":"product","2":"type-product","3":"status-publish","4":"has-post-thumbnail","6":"product_cat-dummy-moq-1-sv","7":"product_cat-pennhaallare","8":"product_cat-penneholdere-sv","9":"product_cat-produkt-serier-se","10":"product_cat-parontrad","11":"product_cat-skrivtillbehoer","12":"product_cat-tillbehor-till-skrivbordet","13":"product_tag-pennebakke-sv","14":"product_tag-penne-etui-sv","15":"product_tag-pennetui","16":"product_tag-penneholder-sv","17":"tm-has-options","19":"first","20":"instock","21":"taxable","22":"shipping-taxable","23":"purchasable","24":"product-type-simple"},"acf":[],"yoast_head":"<!-- This site is optimized with the Yoast SEO Premium plugin v21.2 (Yoast SEO v21.2) - https:\/\/yoast.com\/wordpress\/plugins\/seo\/ -->\n<title>P\u00e4ronf\u00e4rgad pennh\u00e5llare - Gr\u00f8nt Kontor<\/title>\n<meta name=\"robots\" content=\"index, follow, max-snippet:-1, max-image-preview:large, max-video-preview:-1\" \/>\n<link rel=\"canonical\" href=\"https:\/\/grontkontor.dk\/sv\/shop\/penna-haallare-trae-se\/\" \/>\n<meta property=\"og:locale\" content=\"sv_SE\" \/>\n<meta property=\"og:type\" content=\"article\" \/>\n<meta property=\"og:title\" content=\"P\u00e4ronf\u00e4rgad pennh\u00e5llare\" \/>\n<meta property=\"og:description\" content=\"Enkelt och klimatsmart pennst\u00e4ll som passar f\u00f6r att organisera de sm\u00e5 sakerna p\u00e5 kontoret, som pennor, h\u00e4ftklamrar, n\u00e5lar och liknande. En klimat- och milj\u00f6v\u00e4nlig produkt tillverkad av oljat p\u00e4rontr\u00e4. Tillverkas i EU av funktionshindrade i skyddade verkst\u00e4der.\" \/>\n<meta property=\"og:url\" content=\"https:\/\/grontkontor.dk\/sv\/shop\/penna-haallare-trae-se\/\" \/>\n<meta property=\"og:site_name\" content=\"Gr\u00f8nt Kontor\" \/>\n<meta property=\"article:publisher\" content=\"https:\/\/www.facebook.com\/grontkontor.dk\/\" \/>\n<meta property=\"article:modified_time\" content=\"2024-02-28T14:53:22+00:00\" \/>\n<meta property=\"og:image\" content=\"https:\/\/grontkontor.dk\/wp-content\/uploads\/2016\/09\/penneholder-i-olieret-trae-01.jpg\" \/>\n\t<meta property=\"og:image:width\" content=\"600\" \/>\n\t<meta property=\"og:image:height\" content=\"426\" \/>\n\t<meta property=\"og:image:type\" content=\"image\/jpeg\" \/>\n<meta name=\"twitter:card\" content=\"summary_large_image\" \/>\n<script type=\"application\/ld+json\" class=\"yoast-schema-graph\">{\"@context\":\"https:\/\/schema.org\",\"@graph\":[{\"@type\":\"WebPage\",\"@id\":\"https:\/\/grontkontor.dk\/sv\/shop\/penna-haallare-trae-se\/\",\"url\":\"https:\/\/grontkontor.dk\/sv\/shop\/penna-haallare-trae-se\/\",\"name\":\"P\u00e4ronf\u00e4rgad pennh\u00e5llare - Gr\u00f8nt Kontor\",\"isPartOf\":{\"@id\":\"https:\/\/grontkontor.dk\/#website\"},\"datePublished\":\"2023-09-22T21:01:11+00:00\",\"dateModified\":\"2024-02-28T14:53:22+00:00\",\"breadcrumb\":{\"@id\":\"https:\/\/grontkontor.dk\/sv\/shop\/penna-haallare-trae-se\/#breadcrumb\"},\"inLanguage\":\"sv-SE\",\"potentialAction\":[{\"@type\":\"ReadAction\",\"target\":[\"https:\/\/grontkontor.dk\/sv\/shop\/penna-haallare-trae-se\/\"]}]},{\"@type\":\"BreadcrumbList\",\"@id\":\"https:\/\/grontkontor.dk\/sv\/shop\/penna-haallare-trae-se\/#breadcrumb\",\"itemListElement\":[{\"@type\":\"ListItem\",\"position\":1,\"name\":\"Forside\",\"item\":\"https:\/\/grontkontor.dk\/\"},{\"@type\":\"ListItem\",\"position\":2,\"name\":\"Shop\",\"item\":\"https:\/\/grontkontor.dk\/sv\/shop\/\"},{\"@type\":\"ListItem\",\"position\":3,\"name\":\"Skriv- och pekutrustning\",\"item\":\"https:\/\/grontkontor.dk\/sv\/produkt-kategori\/skrivtillbehoer\/\"},{\"@type\":\"ListItem\",\"position\":4,\"name\":\"Pennh\u00e5llare\",\"item\":\"https:\/\/grontkontor.dk\/sv\/produkt-kategori\/skrivtillbehoer\/pennhaallare\/\"},{\"@type\":\"ListItem\",\"position\":5,\"name\":\"P\u00e4ronf\u00e4rgad pennh\u00e5llare\"}]},{\"@type\":\"WebSite\",\"@id\":\"https:\/\/grontkontor.dk\/#website\",\"url\":\"https:\/\/grontkontor.dk\/\",\"name\":\"Gr\u00f8nt Kontor\",\"description\":\"Milj\u00f8venlige produkter til kontor og erhverv med fokus p\u00e5 b\u00e6redygtighed, design og fair trade.\",\"publisher\":{\"@id\":\"https:\/\/grontkontor.dk\/#organization\"},\"potentialAction\":[{\"@type\":\"SearchAction\",\"target\":{\"@type\":\"EntryPoint\",\"urlTemplate\":\"https:\/\/grontkontor.dk\/?s={search_term_string}\"},\"query-input\":\"required name=search_term_string\"}],\"inLanguage\":\"sv-SE\"},{\"@type\":\"Organization\",\"@id\":\"https:\/\/grontkontor.dk\/#organization\",\"name\":\"Gr\u00f8nt Kontor\",\"url\":\"https:\/\/grontkontor.dk\/\",\"logo\":{\"@type\":\"ImageObject\",\"inLanguage\":\"sv-SE\",\"@id\":\"https:\/\/grontkontor.dk\/#\/schema\/logo\/image\/\",\"url\":\"https:\/\/grontkontor.dk\/wp-content\/uploads\/2014\/02\/Logo_groent_kontor_300x80.png\",\"contentUrl\":\"https:\/\/grontkontor.dk\/wp-content\/uploads\/2014\/02\/Logo_groent_kontor_300x80.png\",\"width\":300,\"height\":80,\"caption\":\"Gr\u00f8nt Kontor\"},\"image\":{\"@id\":\"https:\/\/grontkontor.dk\/#\/schema\/logo\/image\/\"},\"sameAs\":[\"https:\/\/www.facebook.com\/grontkontor.dk\/\"]}]}<\/script>\n<!-- \/ Yoast SEO Premium plugin. -->","yoast_head_json":{"title":"P\u00e4ronf\u00e4rgad pennh\u00e5llare - Gr\u00f8nt Kontor","robots":{"index":"index","follow":"follow","max-snippet":"max-snippet:-1","max-image-preview":"max-image-preview:large","max-video-preview":"max-video-preview:-1"},"canonical":"https:\/\/grontkontor.dk\/sv\/shop\/penna-haallare-trae-se\/","og_locale":"sv_SE","og_type":"article","og_title":"P\u00e4ronf\u00e4rgad pennh\u00e5llare","og_description":"Enkelt och klimatsmart pennst\u00e4ll som passar f\u00f6r att organisera de sm\u00e5 sakerna p\u00e5 kontoret, som pennor, h\u00e4ftklamrar, n\u00e5lar och liknande. En klimat- och milj\u00f6v\u00e4nlig produkt tillverkad av oljat p\u00e4rontr\u00e4. Tillverkas i EU av funktionshindrade i skyddade verkst\u00e4der.","og_url":"https:\/\/grontkontor.dk\/sv\/shop\/penna-haallare-trae-se\/","og_site_name":"Gr\u00f8nt Kontor","article_publisher":"https:\/\/www.facebook.com\/grontkontor.dk\/","article_modified_time":"2024-02-28T14:53:22+00:00","og_image":[{"width":600,"height":426,"url":"https:\/\/grontkontor.dk\/wp-content\/uploads\/2016\/09\/penneholder-i-olieret-trae-01.jpg","type":"image\/jpeg"}],"twitter_card":"summary_large_image","schema":{"@context":"https:\/\/schema.org","@graph":[{"@type":"WebPage","@id":"https:\/\/grontkontor.dk\/sv\/shop\/penna-haallare-trae-se\/","url":"https:\/\/grontkontor.dk\/sv\/shop\/penna-haallare-trae-se\/","name":"P\u00e4ronf\u00e4rgad pennh\u00e5llare - Gr\u00f8nt Kontor","isPartOf":{"@id":"https:\/\/grontkontor.dk\/#website"},"datePublished":"2023-09-22T21:01:11+00:00","dateModified":"2024-02-28T14:53:22+00:00","breadcrumb":{"@id":"https:\/\/grontkontor.dk\/sv\/shop\/penna-haallare-trae-se\/#breadcrumb"},"inLanguage":"sv-SE","potentialAction":[{"@type":"ReadAction","target":["https:\/\/grontkontor.dk\/sv\/shop\/penna-haallare-trae-se\/"]}]},{"@type":"BreadcrumbList","@id":"https:\/\/grontkontor.dk\/sv\/shop\/penna-haallare-trae-se\/#breadcrumb","itemListElement":[{"@type":"ListItem","position":1,"name":"Forside","item":"https:\/\/grontkontor.dk\/"},{"@type":"ListItem","position":2,"name":"Shop","item":"https:\/\/grontkontor.dk\/sv\/shop\/"},{"@type":"ListItem","position":3,"name":"Skriv- och pekutrustning","item":"https:\/\/grontkontor.dk\/sv\/produkt-kategori\/skrivtillbehoer\/"},{"@type":"ListItem","position":4,"name":"Pennh\u00e5llare","item":"https:\/\/grontkontor.dk\/sv\/produkt-kategori\/skrivtillbehoer\/pennhaallare\/"},{"@type":"ListItem","position":5,"name":"P\u00e4ronf\u00e4rgad pennh\u00e5llare"}]},{"@type":"WebSite","@id":"https:\/\/grontkontor.dk\/#website","url":"https:\/\/grontkontor.dk\/","name":"Gr\u00f8nt Kontor","description":"Milj\u00f8venlige produkter til kontor og erhverv med fokus p\u00e5 b\u00e6redygtighed, design og fair trade.","publisher":{"@id":"https:\/\/grontkontor.dk\/#organization"},"potentialAction":[{"@type":"SearchAction","target":{"@type":"EntryPoint","urlTemplate":"https:\/\/grontkontor.dk\/?s={search_term_string}"},"query-input":"required name=search_term_string"}],"inLanguage":"sv-SE"},{"@type":"Organization","@id":"https:\/\/grontkontor.dk\/#organization","name":"Gr\u00f8nt Kontor","url":"https:\/\/grontkontor.dk\/","logo":{"@type":"ImageObject","inLanguage":"sv-SE","@id":"https:\/\/grontkontor.dk\/#\/schema\/logo\/image\/","url":"https:\/\/grontkontor.dk\/wp-content\/uploads\/2014\/02\/Logo_groent_kontor_300x80.png","contentUrl":"https:\/\/grontkontor.dk\/wp-content\/uploads\/2014\/02\/Logo_groent_kontor_300x80.png","width":300,"height":80,"caption":"Gr\u00f8nt Kontor"},"image":{"@id":"https:\/\/grontkontor.dk\/#\/schema\/logo\/image\/"},"sameAs":["https:\/\/www.facebook.com\/grontkontor.dk\/"]}]}},"_links":{"self":[{"href":"https:\/\/grontkontor.dk\/sv\/wp-json\/wp\/v2\/product\/74533"}],"collection":[{"href":"https:\/\/grontkontor.dk\/sv\/wp-json\/wp\/v2\/product"}],"about":[{"href":"https:\/\/grontkontor.dk\/sv\/wp-json\/wp\/v2\/types\/product"}],"replies":[{"embeddable":true,"href":"https:\/\/grontkontor.dk\/sv\/wp-json\/wp\/v2\/comments?post=74533"}],"wp:featuredmedia":[{"embeddable":true,"href":"https:\/\/grontkontor.dk\/sv\/wp-json\/wp\/v2\/media\/11075"}],"wp:attachment":[{"href":"https:\/\/grontkontor.dk\/sv\/wp-json\/wp\/v2\/media?parent=74533"}],"wp:term":[{"taxonomy":"product_cat","embeddable":true,"href":"https:\/\/grontkontor.dk\/sv\/wp-json\/wp\/v2\/product_cat?post=74533"},{"taxonomy":"product_tag","embeddable":true,"href":"https:\/\/grontkontor.dk\/sv\/wp-json\/wp\/v2\/product_tag?post=74533"}],"curies":[{"name":"wp","href":"https:\/\/api.w.org\/{rel}","templated":true}]}}