{"id":74551,"date":"2023-09-22T13:04:54","date_gmt":"2023-09-22T21:01:35","guid":{"rendered":"https:\/\/grontkontor.dk\/produkt\/bomullsvaeska-ekologisk-fairtrade\/"},"modified":"2024-02-28T15:24:42","modified_gmt":"2024-02-28T14:24:42","slug":"bomullsvaeska-ekologisk-fairtrade","status":"publish","type":"product","link":"https:\/\/grontkontor.dk\/sv\/shop\/bomullsvaeska-ekologisk-fairtrade\/","title":{"rendered":"Bomullskasse ekologisk r\u00e4ttvisem\u00e4rkt"},"content":{"rendered":"<p>Milj\u00f6v\u00e4nlig naturf\u00e4rgad tygv\u00e4ska med dragsko tillverkad av 88% ekologisk bomull och 12% \u00e5tervunnen polyester. V\u00e4skans ena sida \u00e4r tillverkad av transparent \u00e5tervunnen polyester, vilket g\u00f6r den perfekt f\u00f6r produktpresentation etc. En superklimatv\u00e4nlig r\u00e4ttvisem\u00e4rkt och gots-certifierad produkt. Ett klimatv\u00e4nligt alternativ till plastp\u00e5sen.<br \/>\nStorlek 30&#215;25 cm <a class=\"light\" href=\"https:\/\/grontkontor.dk\/produkt\/bomuldspose-oekologisk-fairtrade-large\/\">Finns \u00e4ven i stor 40x30cm<\/a><\/p>\n<p>Bomull \u00e4r en biologiskt nedbrytbar, komposterbar naturprodukt och en av v\u00e4rldens \u00e4ldsta handels- och jordbruksprodukter. Ekologisk odlas bomull med icke genmanipulerat uts\u00e4de och utan anv\u00e4ndning av pesticider och andra skadliga kemikalier.  Fairtrade certificering s\u00e4krar att varan \u00e4r producerad under f\u00f6rsvarliga arbetsf\u00f6rh\u00e5llanden, med h\u00e4nsyn till b\u00e5de m\u00e4nniskor och milj\u00f6.  GOTS certificeringen \u00e4r en garanti f\u00f6r, att dina kl\u00e4der \u00e4r producerade ekologiskt och milj\u00f6m\u00e4ssigt korrekt under ordentgliga l\u00f6n- och arbetsf\u00f6rh\u00e5llanden. <\/p>\n<p><a href=\"http:\/\/www.fairtrade-maerket.dk\/\" target=\"window\"><img loading=\"lazy\" decoding=\"async\" class=\"alignnone size-full\" src=\"https:\/\/grontkontor.dk\/wp-content\/uploads\/2019\/04\/fairtrade-certificeret.jpg\" \n  alt=\"Fair trade certifikatet - din garanti for at arbejdere og b?nder har fair arbejdsforhold og indt?gt\" width=\"49\" height=\"50\" border=0 \/><\/a><a href=\"https:\/\/www.eco-branding.dk\/miljoemaerkning\/gots.aspx\" rel=\"noopener\" target=\"_blank\"><img loading=\"lazy\" decoding=\"async\" class=\"size-full wp-image-12808\" src=\"https:\/\/grontkontor.dk\/wp-content\/uploads\/2019\/04\/gots-certificeret.jpg\" \n   alt=\"Gots certificeret - din garanti for, at produktet indeholder mindst 70% ?kologisk bomuld\"  description=\"Gots certificeret - din garanti for, at produktet indeholder mindst 70% ?kologisk bomuld\" width=\"50\" height=\"50\" \n\t border=0 \/><\/a><a href=\"http:\/\/www.okotex.dk\/om-oeko-tex\/\" target=\"window\"><img loading=\"lazy\" decoding=\"async\" class=\"alignnone size-full wp-image-10567\" src=\"https:\/\/grontkontor.dk\/wp-content\/uploads\/2018\/08\/Oeko-Tex-Certificate.jpg\" \n alt=\"OEKO-TEX?-m?rkede tekstiler er sikre tekstiler, der ikke skader kroppen. Klik p? logoet for yderligere information.\" width=\"77\" height=\"50\" border=0 \/><\/a><\/p>\n<p>&nbsp;<\/p>\n","protected":false},"excerpt":{"rendered":"<p>Milj\u00f6v\u00e4nlig naturf\u00e4rgad tygv\u00e4ska med dragsko tillverkad av 88% ekologisk bomull och 12% \u00e5tervunnen polyester. V\u00e4skans ena sida \u00e4r tillverkad av transparent \u00e5tervunnen polyester, vilket g\u00f6r den perfekt f\u00f6r produktpresentation etc. En superklimatv\u00e4nlig r\u00e4ttvisem\u00e4rkt och gots-certifierad produkt. Ett klimatv\u00e4nligt alternativ till plastp\u00e5sen. Storlek 30&#215;25 cm Finns \u00e4ven i stor 40x30cm &nbsp;<\/p>\n","protected":false},"featured_media":12831,"comment_status":"closed","ping_status":"closed","template":"","meta":{"_acf_changed":false},"product_cat":[4451,4448,2123,675],"product_tag":[1374,1363,1366],"class_list":{"0":"post-74551","1":"product","2":"type-product","3":"status-publish","4":"has-post-thumbnail","6":"product_cat-papperspaasar","7":"product_cat-presentpaasar-och-presentfoerpackningar","8":"product_cat-dummy-moq-50-100-sv","9":"product_cat-vaeskor-och-fodral","10":"product_tag-bomuldspose-sv","11":"product_tag-baerepose-sv","12":"product_tag-mulepose-sv","13":"tm-has-options","15":"first","16":"instock","17":"taxable","18":"shipping-taxable","19":"purchasable","20":"product-type-simple"},"acf":[],"yoast_head":"<!-- This site is optimized with the Yoast SEO Premium plugin v21.2 (Yoast SEO v21.2) - https:\/\/yoast.com\/wordpress\/plugins\/seo\/ -->\n<title>Bomullskasse ekologisk r\u00e4ttvisem\u00e4rkt - Gr\u00f8nt Kontor<\/title>\n<meta name=\"robots\" content=\"index, follow, max-snippet:-1, max-image-preview:large, max-video-preview:-1\" \/>\n<link rel=\"canonical\" href=\"https:\/\/grontkontor.dk\/sv\/shop\/bomullsvaeska-ekologisk-fairtrade\/\" \/>\n<meta property=\"og:locale\" content=\"sv_SE\" \/>\n<meta property=\"og:type\" content=\"article\" \/>\n<meta property=\"og:title\" content=\"Bomullskasse ekologisk r\u00e4ttvisem\u00e4rkt\" \/>\n<meta property=\"og:description\" content=\"Milj\u00f6v\u00e4nlig naturf\u00e4rgad tygv\u00e4ska med dragsko tillverkad av 88% ekologisk bomull och 12% \u00e5tervunnen polyester. V\u00e4skans ena sida \u00e4r tillverkad av transparent \u00e5tervunnen polyester, vilket g\u00f6r den perfekt f\u00f6r produktpresentation etc. En superklimatv\u00e4nlig r\u00e4ttvisem\u00e4rkt och gots-certifierad produkt. Ett klimatv\u00e4nligt alternativ till plastp\u00e5sen. Storlek 30&#215;25 cm Finns \u00e4ven i stor 40x30cm &nbsp;\" \/>\n<meta property=\"og:url\" content=\"https:\/\/grontkontor.dk\/sv\/shop\/bomullsvaeska-ekologisk-fairtrade\/\" \/>\n<meta property=\"og:site_name\" content=\"Gr\u00f8nt Kontor\" \/>\n<meta property=\"article:publisher\" content=\"https:\/\/www.facebook.com\/grontkontor.dk\/\" \/>\n<meta property=\"article:modified_time\" content=\"2024-02-28T14:24:42+00:00\" \/>\n<meta property=\"og:image\" content=\"https:\/\/grontkontor.dk\/wp-content\/uploads\/2019\/04\/bomuldspose-oekologisk-fairtrade-01-1.jpg\" \/>\n\t<meta property=\"og:image:width\" content=\"800\" \/>\n\t<meta property=\"og:image:height\" content=\"568\" \/>\n\t<meta property=\"og:image:type\" content=\"image\/jpeg\" \/>\n<meta name=\"twitter:card\" content=\"summary_large_image\" \/>\n<script type=\"application\/ld+json\" class=\"yoast-schema-graph\">{\"@context\":\"https:\/\/schema.org\",\"@graph\":[{\"@type\":\"WebPage\",\"@id\":\"https:\/\/grontkontor.dk\/sv\/shop\/bomullsvaeska-ekologisk-fairtrade\/\",\"url\":\"https:\/\/grontkontor.dk\/sv\/shop\/bomullsvaeska-ekologisk-fairtrade\/\",\"name\":\"Bomullskasse ekologisk r\u00e4ttvisem\u00e4rkt - Gr\u00f8nt Kontor\",\"isPartOf\":{\"@id\":\"https:\/\/grontkontor.dk\/#website\"},\"datePublished\":\"2023-09-22T21:01:35+00:00\",\"dateModified\":\"2024-02-28T14:24:42+00:00\",\"breadcrumb\":{\"@id\":\"https:\/\/grontkontor.dk\/sv\/shop\/bomullsvaeska-ekologisk-fairtrade\/#breadcrumb\"},\"inLanguage\":\"sv-SE\",\"potentialAction\":[{\"@type\":\"ReadAction\",\"target\":[\"https:\/\/grontkontor.dk\/sv\/shop\/bomullsvaeska-ekologisk-fairtrade\/\"]}]},{\"@type\":\"BreadcrumbList\",\"@id\":\"https:\/\/grontkontor.dk\/sv\/shop\/bomullsvaeska-ekologisk-fairtrade\/#breadcrumb\",\"itemListElement\":[{\"@type\":\"ListItem\",\"position\":1,\"name\":\"Forside\",\"item\":\"https:\/\/grontkontor.dk\/\"},{\"@type\":\"ListItem\",\"position\":2,\"name\":\"Shop\",\"item\":\"https:\/\/grontkontor.dk\/sv\/shop\/\"},{\"@type\":\"ListItem\",\"position\":3,\"name\":\"V\u00e4skor, fodral och covers\",\"item\":\"https:\/\/grontkontor.dk\/sv\/produkt-kategori\/vaeskor-och-fodral\/\"},{\"@type\":\"ListItem\",\"position\":4,\"name\":\"Pappersp\u00e5sar\",\"item\":\"https:\/\/grontkontor.dk\/sv\/produkt-kategori\/papperspaasar\/\"},{\"@type\":\"ListItem\",\"position\":5,\"name\":\"Bomullskasse ekologisk r\u00e4ttvisem\u00e4rkt\"}]},{\"@type\":\"WebSite\",\"@id\":\"https:\/\/grontkontor.dk\/#website\",\"url\":\"https:\/\/grontkontor.dk\/\",\"name\":\"Gr\u00f8nt Kontor\",\"description\":\"Milj\u00f8venlige produkter til kontor og erhverv med fokus p\u00e5 b\u00e6redygtighed, design og fair trade.\",\"publisher\":{\"@id\":\"https:\/\/grontkontor.dk\/#organization\"},\"potentialAction\":[{\"@type\":\"SearchAction\",\"target\":{\"@type\":\"EntryPoint\",\"urlTemplate\":\"https:\/\/grontkontor.dk\/?s={search_term_string}\"},\"query-input\":\"required name=search_term_string\"}],\"inLanguage\":\"sv-SE\"},{\"@type\":\"Organization\",\"@id\":\"https:\/\/grontkontor.dk\/#organization\",\"name\":\"Gr\u00f8nt Kontor\",\"url\":\"https:\/\/grontkontor.dk\/\",\"logo\":{\"@type\":\"ImageObject\",\"inLanguage\":\"sv-SE\",\"@id\":\"https:\/\/grontkontor.dk\/#\/schema\/logo\/image\/\",\"url\":\"https:\/\/grontkontor.dk\/wp-content\/uploads\/2014\/02\/Logo_groent_kontor_300x80.png\",\"contentUrl\":\"https:\/\/grontkontor.dk\/wp-content\/uploads\/2014\/02\/Logo_groent_kontor_300x80.png\",\"width\":300,\"height\":80,\"caption\":\"Gr\u00f8nt Kontor\"},\"image\":{\"@id\":\"https:\/\/grontkontor.dk\/#\/schema\/logo\/image\/\"},\"sameAs\":[\"https:\/\/www.facebook.com\/grontkontor.dk\/\"]}]}<\/script>\n<!-- \/ Yoast SEO Premium plugin. -->","yoast_head_json":{"title":"Bomullskasse ekologisk r\u00e4ttvisem\u00e4rkt - Gr\u00f8nt Kontor","robots":{"index":"index","follow":"follow","max-snippet":"max-snippet:-1","max-image-preview":"max-image-preview:large","max-video-preview":"max-video-preview:-1"},"canonical":"https:\/\/grontkontor.dk\/sv\/shop\/bomullsvaeska-ekologisk-fairtrade\/","og_locale":"sv_SE","og_type":"article","og_title":"Bomullskasse ekologisk r\u00e4ttvisem\u00e4rkt","og_description":"Milj\u00f6v\u00e4nlig naturf\u00e4rgad tygv\u00e4ska med dragsko tillverkad av 88% ekologisk bomull och 12% \u00e5tervunnen polyester. V\u00e4skans ena sida \u00e4r tillverkad av transparent \u00e5tervunnen polyester, vilket g\u00f6r den perfekt f\u00f6r produktpresentation etc. En superklimatv\u00e4nlig r\u00e4ttvisem\u00e4rkt och gots-certifierad produkt. Ett klimatv\u00e4nligt alternativ till plastp\u00e5sen. Storlek 30&#215;25 cm Finns \u00e4ven i stor 40x30cm &nbsp;","og_url":"https:\/\/grontkontor.dk\/sv\/shop\/bomullsvaeska-ekologisk-fairtrade\/","og_site_name":"Gr\u00f8nt Kontor","article_publisher":"https:\/\/www.facebook.com\/grontkontor.dk\/","article_modified_time":"2024-02-28T14:24:42+00:00","og_image":[{"width":800,"height":568,"url":"https:\/\/grontkontor.dk\/wp-content\/uploads\/2019\/04\/bomuldspose-oekologisk-fairtrade-01-1.jpg","type":"image\/jpeg"}],"twitter_card":"summary_large_image","schema":{"@context":"https:\/\/schema.org","@graph":[{"@type":"WebPage","@id":"https:\/\/grontkontor.dk\/sv\/shop\/bomullsvaeska-ekologisk-fairtrade\/","url":"https:\/\/grontkontor.dk\/sv\/shop\/bomullsvaeska-ekologisk-fairtrade\/","name":"Bomullskasse ekologisk r\u00e4ttvisem\u00e4rkt - Gr\u00f8nt Kontor","isPartOf":{"@id":"https:\/\/grontkontor.dk\/#website"},"datePublished":"2023-09-22T21:01:35+00:00","dateModified":"2024-02-28T14:24:42+00:00","breadcrumb":{"@id":"https:\/\/grontkontor.dk\/sv\/shop\/bomullsvaeska-ekologisk-fairtrade\/#breadcrumb"},"inLanguage":"sv-SE","potentialAction":[{"@type":"ReadAction","target":["https:\/\/grontkontor.dk\/sv\/shop\/bomullsvaeska-ekologisk-fairtrade\/"]}]},{"@type":"BreadcrumbList","@id":"https:\/\/grontkontor.dk\/sv\/shop\/bomullsvaeska-ekologisk-fairtrade\/#breadcrumb","itemListElement":[{"@type":"ListItem","position":1,"name":"Forside","item":"https:\/\/grontkontor.dk\/"},{"@type":"ListItem","position":2,"name":"Shop","item":"https:\/\/grontkontor.dk\/sv\/shop\/"},{"@type":"ListItem","position":3,"name":"V\u00e4skor, fodral och covers","item":"https:\/\/grontkontor.dk\/sv\/produkt-kategori\/vaeskor-och-fodral\/"},{"@type":"ListItem","position":4,"name":"Pappersp\u00e5sar","item":"https:\/\/grontkontor.dk\/sv\/produkt-kategori\/papperspaasar\/"},{"@type":"ListItem","position":5,"name":"Bomullskasse ekologisk r\u00e4ttvisem\u00e4rkt"}]},{"@type":"WebSite","@id":"https:\/\/grontkontor.dk\/#website","url":"https:\/\/grontkontor.dk\/","name":"Gr\u00f8nt Kontor","description":"Milj\u00f8venlige produkter til kontor og erhverv med fokus p\u00e5 b\u00e6redygtighed, design og fair trade.","publisher":{"@id":"https:\/\/grontkontor.dk\/#organization"},"potentialAction":[{"@type":"SearchAction","target":{"@type":"EntryPoint","urlTemplate":"https:\/\/grontkontor.dk\/?s={search_term_string}"},"query-input":"required name=search_term_string"}],"inLanguage":"sv-SE"},{"@type":"Organization","@id":"https:\/\/grontkontor.dk\/#organization","name":"Gr\u00f8nt Kontor","url":"https:\/\/grontkontor.dk\/","logo":{"@type":"ImageObject","inLanguage":"sv-SE","@id":"https:\/\/grontkontor.dk\/#\/schema\/logo\/image\/","url":"https:\/\/grontkontor.dk\/wp-content\/uploads\/2014\/02\/Logo_groent_kontor_300x80.png","contentUrl":"https:\/\/grontkontor.dk\/wp-content\/uploads\/2014\/02\/Logo_groent_kontor_300x80.png","width":300,"height":80,"caption":"Gr\u00f8nt Kontor"},"image":{"@id":"https:\/\/grontkontor.dk\/#\/schema\/logo\/image\/"},"sameAs":["https:\/\/www.facebook.com\/grontkontor.dk\/"]}]}},"_links":{"self":[{"href":"https:\/\/grontkontor.dk\/sv\/wp-json\/wp\/v2\/product\/74551"}],"collection":[{"href":"https:\/\/grontkontor.dk\/sv\/wp-json\/wp\/v2\/product"}],"about":[{"href":"https:\/\/grontkontor.dk\/sv\/wp-json\/wp\/v2\/types\/product"}],"replies":[{"embeddable":true,"href":"https:\/\/grontkontor.dk\/sv\/wp-json\/wp\/v2\/comments?post=74551"}],"wp:featuredmedia":[{"embeddable":true,"href":"https:\/\/grontkontor.dk\/sv\/wp-json\/wp\/v2\/media\/12831"}],"wp:attachment":[{"href":"https:\/\/grontkontor.dk\/sv\/wp-json\/wp\/v2\/media?parent=74551"}],"wp:term":[{"taxonomy":"product_cat","embeddable":true,"href":"https:\/\/grontkontor.dk\/sv\/wp-json\/wp\/v2\/product_cat?post=74551"},{"taxonomy":"product_tag","embeddable":true,"href":"https:\/\/grontkontor.dk\/sv\/wp-json\/wp\/v2\/product_tag?post=74551"}],"curies":[{"name":"wp","href":"https:\/\/api.w.org\/{rel}","templated":true}]}}