{"id":74562,"date":"2023-09-22T13:04:54","date_gmt":"2023-09-22T21:01:50","guid":{"rendered":"https:\/\/grontkontor.dk\/produkt\/arkivmapp-kraft-papir-expanderbar\/"},"modified":"2024-02-28T15:27:04","modified_gmt":"2024-02-28T14:27:04","slug":"arkivmapp-kraft-papir-expanderbar","status":"publish","type":"product","link":"https:\/\/grontkontor.dk\/sv\/shop\/arkivmapp-kraft-papir-expanderbar\/","title":{"rendered":"Arkivmapp i kraftpapper"},"content":{"rendered":"<p>Expanderbar arkivmapp med 7 fack i FSC-certifierat svart papper f\u00f6r f\u00f6rvaring av dina dokument. De olika utrymmena g\u00f6r det enklare att lagra och h\u00e4mta dokument p\u00e5 ett effektivt och \u00f6versk\u00e5dligt s\u00e4tt. Med praktisk elastisk st\u00e4ngning i naturgummi, vilket s\u00e4kerst\u00e4ller att mappen enkelt kan \u00f6ppnas och st\u00e4ngas. En klimat- och milj\u00f6v\u00e4nlig produkt som passar perfekt f\u00f6r att h\u00e5lla reda p\u00e5 A4-dokument.<br \/>\nMappen \u00e4r tillverkad av kraftig dubbelsidig FSC-certifierad \u00e5tervunnen kartong (850 gr).<\/p>\nFSC certificeringen s\u00e4krar \u00e5terplantering av skog, beskyddar djur- och v\u00e4xtliv\noch s\u00e4krar goda l\u00f6n- och arbetsf\u00f6rh\u00e5llanden. \n<p>&nbsp;<\/p>\n<p><a href=\"https:\/\/ic.fsc.org\/en\/\" target=\"window\"><img loading=\"lazy\" decoding=\"async\" class=\"size-full wp-image-12735\" src=\"https:\/\/grontkontor.dk\/wp-content\/uploads\/2019\/04\/fsc-certificeret.png\" \n\t\t alt=\"FSC-certificeret\" title=\"FSC-certificeret\" width=\"44\" height=\"51\" border=0\/><\/a> <img loading=\"lazy\" decoding=\"async\" class=\"size-medium wp-image-21008\" src=\"https:\/\/grontkontor.dk\/wp-content\/uploads\/2020\/11\/eu-flag_1-300x199.jpg\" alt=\"Fremstillet i EU\" width=\"76\" height=\"50\" srcset=\"https:\/\/grontkontor.dk\/wp-content\/uploads\/2020\/11\/eu-flag_1-300x199.jpg 300w, https:\/\/grontkontor.dk\/wp-content\/uploads\/2020\/11\/eu-flag_1.jpg 530w\" sizes=\"(max-width: 76px) 100vw, 76px\" \/><\/p>\n","protected":false},"excerpt":{"rendered":"<p>Expanderbar arkivmapp med 7 fack i FSC-certifierat svart papper f\u00f6r f\u00f6rvaring av dina dokument. De olika utrymmena g\u00f6r det enklare att lagra och h\u00e4mta dokument p\u00e5 ett effektivt och \u00f6versk\u00e5dligt s\u00e4tt. Med praktisk elastisk st\u00e4ngning i naturgummi, vilket s\u00e4kerst\u00e4ller att mappen enkelt kan \u00f6ppnas och st\u00e4ngas. En klimat- och milj\u00f6v\u00e4nlig produkt som passar perfekt f\u00f6r [&hellip;]<\/p>\n","protected":false},"featured_media":12734,"comment_status":"closed","ping_status":"closed","template":"","meta":{"_acf_changed":false},"product_cat":[653,1730,2107,1842,655,1854,675],"product_tag":[748,747],"class_list":{"0":"post-74562","1":"product","2":"type-product","3":"status-publish","4":"has-post-thumbnail","6":"product_cat-arkivering-och-forvaring","7":"product_cat-diverse-tasker-sv","8":"product_cat-dummy-moq-1-sv","9":"product_cat-kraft-aatervinning-se","10":"product_cat-mappar","11":"product_cat-produkt-serier-se","12":"product_cat-vaeskor-och-fodral","13":"product_tag-dokumentforvaring","14":"product_tag-dokumentmapp","15":"pa_farve-blaa-sv","16":"pa_farve-graa-sv","17":"pa_farve-sort-sv","18":"tm-has-options","20":"first","21":"instock","22":"taxable","23":"shipping-taxable","24":"purchasable","25":"product-type-simple"},"acf":[],"yoast_head":"<!-- This site is optimized with the Yoast SEO Premium plugin v21.2 (Yoast SEO v21.2) - https:\/\/yoast.com\/wordpress\/plugins\/seo\/ -->\n<title>Arkivmapp i kraftpapper - Gr\u00f8nt Kontor<\/title>\n<meta name=\"robots\" content=\"index, follow, max-snippet:-1, max-image-preview:large, max-video-preview:-1\" \/>\n<link rel=\"canonical\" href=\"https:\/\/grontkontor.dk\/shop\/arkivmappe-kraft-papir-ekspanderbar\/\" \/>\n<meta property=\"og:locale\" content=\"sv_SE\" \/>\n<meta property=\"og:type\" content=\"article\" \/>\n<meta property=\"og:title\" content=\"Arkivmapp i kraftpapper\" \/>\n<meta property=\"og:description\" content=\"Expanderbar arkivmapp med 7 fack i FSC-certifierat svart papper f\u00f6r f\u00f6rvaring av dina dokument. De olika utrymmena g\u00f6r det enklare att lagra och h\u00e4mta dokument p\u00e5 ett effektivt och \u00f6versk\u00e5dligt s\u00e4tt. Med praktisk elastisk st\u00e4ngning i naturgummi, vilket s\u00e4kerst\u00e4ller att mappen enkelt kan \u00f6ppnas och st\u00e4ngas. En klimat- och milj\u00f6v\u00e4nlig produkt som passar perfekt f\u00f6r [&hellip;]\" \/>\n<meta property=\"og:url\" content=\"https:\/\/grontkontor.dk\/shop\/arkivmappe-kraft-papir-ekspanderbar\/\" \/>\n<meta property=\"og:site_name\" content=\"Gr\u00f8nt Kontor\" \/>\n<meta property=\"article:publisher\" content=\"https:\/\/www.facebook.com\/grontkontor.dk\/\" \/>\n<meta property=\"article:modified_time\" content=\"2024-02-28T14:27:04+00:00\" \/>\n<meta property=\"og:image\" content=\"https:\/\/grontkontor.dk\/wp-content\/uploads\/2019\/04\/arkivmappe-kraft-papir-01.jpg\" \/>\n\t<meta property=\"og:image:width\" content=\"800\" \/>\n\t<meta property=\"og:image:height\" content=\"568\" \/>\n\t<meta property=\"og:image:type\" content=\"image\/jpeg\" \/>\n<meta name=\"twitter:card\" content=\"summary_large_image\" \/>\n<script type=\"application\/ld+json\" class=\"yoast-schema-graph\">{\"@context\":\"https:\/\/schema.org\",\"@graph\":[{\"@type\":\"WebPage\",\"@id\":\"https:\/\/grontkontor.dk\/shop\/arkivmappe-kraft-papir-ekspanderbar\/\",\"url\":\"https:\/\/grontkontor.dk\/shop\/arkivmappe-kraft-papir-ekspanderbar\/\",\"name\":\"Arkivmapp i kraftpapper - Gr\u00f8nt Kontor\",\"isPartOf\":{\"@id\":\"https:\/\/grontkontor.dk\/#website\"},\"datePublished\":\"2023-09-22T21:01:50+00:00\",\"dateModified\":\"2024-02-28T14:27:04+00:00\",\"breadcrumb\":{\"@id\":\"https:\/\/grontkontor.dk\/shop\/arkivmappe-kraft-papir-ekspanderbar\/#breadcrumb\"},\"inLanguage\":\"sv-SE\",\"potentialAction\":[{\"@type\":\"ReadAction\",\"target\":[\"https:\/\/grontkontor.dk\/shop\/arkivmappe-kraft-papir-ekspanderbar\/\"]}]},{\"@type\":\"BreadcrumbList\",\"@id\":\"https:\/\/grontkontor.dk\/shop\/arkivmappe-kraft-papir-ekspanderbar\/#breadcrumb\",\"itemListElement\":[{\"@type\":\"ListItem\",\"position\":1,\"name\":\"Forside\",\"item\":\"https:\/\/grontkontor.dk\/\"},{\"@type\":\"ListItem\",\"position\":2,\"name\":\"Shop\",\"item\":\"https:\/\/grontkontor.dk\/sv\/shop\/\"},{\"@type\":\"ListItem\",\"position\":3,\"name\":\"V\u00e4skor, fodral och covers\",\"item\":\"https:\/\/grontkontor.dk\/sv\/produkt-kategori\/vaeskor-och-fodral\/\"},{\"@type\":\"ListItem\",\"position\":4,\"name\":\"Diverse v\u00e4skor\",\"item\":\"https:\/\/grontkontor.dk\/sv\/produkt-kategori\/vaeskor-och-fodral\/diverse-tasker-sv\/\"},{\"@type\":\"ListItem\",\"position\":5,\"name\":\"Arkivmapp i kraftpapper\"}]},{\"@type\":\"WebSite\",\"@id\":\"https:\/\/grontkontor.dk\/#website\",\"url\":\"https:\/\/grontkontor.dk\/\",\"name\":\"Gr\u00f8nt Kontor\",\"description\":\"Milj\u00f8venlige produkter til kontor og erhverv med fokus p\u00e5 b\u00e6redygtighed, design og fair trade.\",\"publisher\":{\"@id\":\"https:\/\/grontkontor.dk\/#organization\"},\"potentialAction\":[{\"@type\":\"SearchAction\",\"target\":{\"@type\":\"EntryPoint\",\"urlTemplate\":\"https:\/\/grontkontor.dk\/?s={search_term_string}\"},\"query-input\":\"required name=search_term_string\"}],\"inLanguage\":\"sv-SE\"},{\"@type\":\"Organization\",\"@id\":\"https:\/\/grontkontor.dk\/#organization\",\"name\":\"Gr\u00f8nt Kontor\",\"url\":\"https:\/\/grontkontor.dk\/\",\"logo\":{\"@type\":\"ImageObject\",\"inLanguage\":\"sv-SE\",\"@id\":\"https:\/\/grontkontor.dk\/#\/schema\/logo\/image\/\",\"url\":\"https:\/\/grontkontor.dk\/wp-content\/uploads\/2014\/02\/Logo_groent_kontor_300x80.png\",\"contentUrl\":\"https:\/\/grontkontor.dk\/wp-content\/uploads\/2014\/02\/Logo_groent_kontor_300x80.png\",\"width\":300,\"height\":80,\"caption\":\"Gr\u00f8nt Kontor\"},\"image\":{\"@id\":\"https:\/\/grontkontor.dk\/#\/schema\/logo\/image\/\"},\"sameAs\":[\"https:\/\/www.facebook.com\/grontkontor.dk\/\"]}]}<\/script>\n<!-- \/ Yoast SEO Premium plugin. -->","yoast_head_json":{"title":"Arkivmapp i kraftpapper - Gr\u00f8nt Kontor","robots":{"index":"index","follow":"follow","max-snippet":"max-snippet:-1","max-image-preview":"max-image-preview:large","max-video-preview":"max-video-preview:-1"},"canonical":"https:\/\/grontkontor.dk\/shop\/arkivmappe-kraft-papir-ekspanderbar\/","og_locale":"sv_SE","og_type":"article","og_title":"Arkivmapp i kraftpapper","og_description":"Expanderbar arkivmapp med 7 fack i FSC-certifierat svart papper f\u00f6r f\u00f6rvaring av dina dokument. De olika utrymmena g\u00f6r det enklare att lagra och h\u00e4mta dokument p\u00e5 ett effektivt och \u00f6versk\u00e5dligt s\u00e4tt. Med praktisk elastisk st\u00e4ngning i naturgummi, vilket s\u00e4kerst\u00e4ller att mappen enkelt kan \u00f6ppnas och st\u00e4ngas. En klimat- och milj\u00f6v\u00e4nlig produkt som passar perfekt f\u00f6r [&hellip;]","og_url":"https:\/\/grontkontor.dk\/shop\/arkivmappe-kraft-papir-ekspanderbar\/","og_site_name":"Gr\u00f8nt Kontor","article_publisher":"https:\/\/www.facebook.com\/grontkontor.dk\/","article_modified_time":"2024-02-28T14:27:04+00:00","og_image":[{"width":800,"height":568,"url":"https:\/\/grontkontor.dk\/wp-content\/uploads\/2019\/04\/arkivmappe-kraft-papir-01.jpg","type":"image\/jpeg"}],"twitter_card":"summary_large_image","schema":{"@context":"https:\/\/schema.org","@graph":[{"@type":"WebPage","@id":"https:\/\/grontkontor.dk\/shop\/arkivmappe-kraft-papir-ekspanderbar\/","url":"https:\/\/grontkontor.dk\/shop\/arkivmappe-kraft-papir-ekspanderbar\/","name":"Arkivmapp i kraftpapper - Gr\u00f8nt Kontor","isPartOf":{"@id":"https:\/\/grontkontor.dk\/#website"},"datePublished":"2023-09-22T21:01:50+00:00","dateModified":"2024-02-28T14:27:04+00:00","breadcrumb":{"@id":"https:\/\/grontkontor.dk\/shop\/arkivmappe-kraft-papir-ekspanderbar\/#breadcrumb"},"inLanguage":"sv-SE","potentialAction":[{"@type":"ReadAction","target":["https:\/\/grontkontor.dk\/shop\/arkivmappe-kraft-papir-ekspanderbar\/"]}]},{"@type":"BreadcrumbList","@id":"https:\/\/grontkontor.dk\/shop\/arkivmappe-kraft-papir-ekspanderbar\/#breadcrumb","itemListElement":[{"@type":"ListItem","position":1,"name":"Forside","item":"https:\/\/grontkontor.dk\/"},{"@type":"ListItem","position":2,"name":"Shop","item":"https:\/\/grontkontor.dk\/sv\/shop\/"},{"@type":"ListItem","position":3,"name":"V\u00e4skor, fodral och covers","item":"https:\/\/grontkontor.dk\/sv\/produkt-kategori\/vaeskor-och-fodral\/"},{"@type":"ListItem","position":4,"name":"Diverse v\u00e4skor","item":"https:\/\/grontkontor.dk\/sv\/produkt-kategori\/vaeskor-och-fodral\/diverse-tasker-sv\/"},{"@type":"ListItem","position":5,"name":"Arkivmapp i kraftpapper"}]},{"@type":"WebSite","@id":"https:\/\/grontkontor.dk\/#website","url":"https:\/\/grontkontor.dk\/","name":"Gr\u00f8nt Kontor","description":"Milj\u00f8venlige produkter til kontor og erhverv med fokus p\u00e5 b\u00e6redygtighed, design og fair trade.","publisher":{"@id":"https:\/\/grontkontor.dk\/#organization"},"potentialAction":[{"@type":"SearchAction","target":{"@type":"EntryPoint","urlTemplate":"https:\/\/grontkontor.dk\/?s={search_term_string}"},"query-input":"required name=search_term_string"}],"inLanguage":"sv-SE"},{"@type":"Organization","@id":"https:\/\/grontkontor.dk\/#organization","name":"Gr\u00f8nt Kontor","url":"https:\/\/grontkontor.dk\/","logo":{"@type":"ImageObject","inLanguage":"sv-SE","@id":"https:\/\/grontkontor.dk\/#\/schema\/logo\/image\/","url":"https:\/\/grontkontor.dk\/wp-content\/uploads\/2014\/02\/Logo_groent_kontor_300x80.png","contentUrl":"https:\/\/grontkontor.dk\/wp-content\/uploads\/2014\/02\/Logo_groent_kontor_300x80.png","width":300,"height":80,"caption":"Gr\u00f8nt Kontor"},"image":{"@id":"https:\/\/grontkontor.dk\/#\/schema\/logo\/image\/"},"sameAs":["https:\/\/www.facebook.com\/grontkontor.dk\/"]}]}},"_links":{"self":[{"href":"https:\/\/grontkontor.dk\/sv\/wp-json\/wp\/v2\/product\/74562"}],"collection":[{"href":"https:\/\/grontkontor.dk\/sv\/wp-json\/wp\/v2\/product"}],"about":[{"href":"https:\/\/grontkontor.dk\/sv\/wp-json\/wp\/v2\/types\/product"}],"replies":[{"embeddable":true,"href":"https:\/\/grontkontor.dk\/sv\/wp-json\/wp\/v2\/comments?post=74562"}],"wp:featuredmedia":[{"embeddable":true,"href":"https:\/\/grontkontor.dk\/sv\/wp-json\/wp\/v2\/media\/12734"}],"wp:attachment":[{"href":"https:\/\/grontkontor.dk\/sv\/wp-json\/wp\/v2\/media?parent=74562"}],"wp:term":[{"taxonomy":"product_cat","embeddable":true,"href":"https:\/\/grontkontor.dk\/sv\/wp-json\/wp\/v2\/product_cat?post=74562"},{"taxonomy":"product_tag","embeddable":true,"href":"https:\/\/grontkontor.dk\/sv\/wp-json\/wp\/v2\/product_tag?post=74562"}],"curies":[{"name":"wp","href":"https:\/\/api.w.org\/{rel}","templated":true}]}}