{"id":74573,"date":"2023-09-22T13:04:54","date_gmt":"2023-09-22T21:01:50","guid":{"rendered":"https:\/\/grontkontor.dk\/produkt\/tidningshaallare-aatervunnen-plastisk-blaa\/"},"modified":"2024-02-28T15:34:47","modified_gmt":"2024-02-28T14:34:47","slug":"tidningshaallare-aatervunnen-plastisk-blaa","status":"publish","type":"product","link":"https:\/\/grontkontor.dk\/sv\/shop\/tidningshaallare-aatervunnen-plastisk-blaa\/","title":{"rendered":"Tidskriftsh\u00e5llare i \u00e5tervunnen plast"},"content":{"rendered":"<p>Praktisk och klimatv\u00e4nlig tidningsuppsamlare tillverkad av 100% \u00e5tervunnen plast (polystyren). En klimat- och milj\u00f6v\u00e4nlig produkt f\u00f6r f\u00f6rvaring av dina tidskrifter, tidningar och mappar. Blue Angel-certifierad. Tillverkad i EU.<br \/>\nFinns \u00e4ven i svart och gr\u00e5tt.<br \/>\nM\u00e5tt: LxBxH 245 x 75 x 312 mm.<\/p>\n<p>Trots sitt fossila ursprung \u00e4r \u00e5tervunnen plast ett klimatv\u00e4nligt material. Plast har en extremt h\u00f6g kolhalt, s\u00e5 \u00e5tervunnen plast fungerar som en kolpant. Om plast inte \u00e5tervinns kommer den antingen att brytas ner till CO2 och d\u00e4rmed bidra till v\u00e4xthuseffekten, eller sluta som f\u00f6rorenande avfall.<br \/>\nF\u00f6r varje ton \u00e5tervunnen plast sparas 3,8 fat olja.<\/p>\nDer Blaue Engel \u2013 Bl\u00e5 \u00c4ngel certificeringen \u00e4r ett utbrett statligt tysk milj\u00f6m\u00e4rke, som anger att en produkt \u00e4r det mest h\u00e5llbara valet i sin kategori. \n<p>&nbsp;<\/p>\n<p><img loading=\"lazy\" decoding=\"async\" src=\"https:\/\/grontkontor.dk\/wp-content\/uploads\/2021\/02\/genbrug.jpg\" alt=\"Fremstillet af genbrugsmaterialer\" width=\"50\" height=\"50\" class=\"size-full wp-image-23031\" srcset=\"https:\/\/grontkontor.dk\/wp-content\/uploads\/2021\/02\/genbrug.jpg 199w, https:\/\/grontkontor.dk\/wp-content\/uploads\/2021\/02\/genbrug-100x100.jpg 100w\" sizes=\"(max-width: 50px) 100vw, 50px\" \/> <img loading=\"lazy\" decoding=\"async\" class=\"size-medium wp-image-21008\" src=\"https:\/\/grontkontor.dk\/wp-content\/uploads\/2020\/11\/eu-flag_1-300x199.jpg\" alt=\"Fremstillet i EU\" width=\"76\" height=\"50\" srcset=\"https:\/\/grontkontor.dk\/wp-content\/uploads\/2020\/11\/eu-flag_1-300x199.jpg 300w, https:\/\/grontkontor.dk\/wp-content\/uploads\/2020\/11\/eu-flag_1.jpg 530w\" sizes=\"(max-width: 76px) 100vw, 76px\" \/><a href=\"https:\/\/en.wikipedia.org\/wiki\/Blue_Angel_(certification)\" rel=\"noopener\" target=\"_blank\"><img loading=\"lazy\" decoding=\"async\" class=\"size-full wp-image-12701\" src=\"https:\/\/grontkontor.dk\/wp-content\/uploads\/2019\/04\/blaa-engel.png\" \n\t\t alt=\"Bl? engel certificeret\" title=\"Bl? engel certificeret\" width=\"57\" height=\"62\" border=0 \/><\/a><\/p>\n","protected":false},"excerpt":{"rendered":"<p><br data-mce-bogus=\"1\"><\/p>\n","protected":false},"featured_media":12749,"comment_status":"closed","ping_status":"closed","template":"","meta":{"_acf_changed":false},"product_cat":[653,2107,1854,658,1844],"product_tag":[2045,1543,1546,772,1545],"class_list":{"0":"post-74573","1":"product","2":"type-product","3":"status-publish","4":"has-post-thumbnail","6":"product_cat-arkivering-och-forvaring","7":"product_cat-dummy-moq-1-sv","8":"product_cat-produkt-serier-se","9":"product_cat-tidskriftshaallare","10":"product_cat-aatervunnen-plast-blaatt","11":"product_tag-genbrugsplast-sv","12":"product_tag-tidsskriftholder-sv","13":"product_tag-magasinsamler-sv","14":"product_tag-tidskriftshallare","15":"product_tag-tidsskriftsamler-sv","16":"pa_farve-blaa-sv","17":"pa_farve-graa-sv","18":"pa_farve-sort-sv","19":"tm-has-options","21":"first","22":"instock","23":"sale","24":"taxable","25":"shipping-taxable","26":"purchasable","27":"product-type-simple"},"acf":[],"yoast_head":"<!-- This site is optimized with the Yoast SEO Premium plugin v21.2 (Yoast SEO v21.2) - https:\/\/yoast.com\/wordpress\/plugins\/seo\/ -->\n<title>Tidskriftsh\u00e5llare i \u00e5tervunnen plast - Gr\u00f8nt Kontor<\/title>\n<meta name=\"robots\" content=\"index, follow, max-snippet:-1, max-image-preview:large, max-video-preview:-1\" \/>\n<link rel=\"canonical\" href=\"https:\/\/grontkontor.dk\/shop\/tidsskriftholder-i-genbrugsplast-blaa\/\" \/>\n<meta property=\"og:locale\" content=\"sv_SE\" \/>\n<meta property=\"og:type\" content=\"article\" \/>\n<meta property=\"og:title\" content=\"Tidskriftsh\u00e5llare i \u00e5tervunnen plast\" \/>\n<meta property=\"og:url\" content=\"https:\/\/grontkontor.dk\/shop\/tidsskriftholder-i-genbrugsplast-blaa\/\" \/>\n<meta property=\"og:site_name\" content=\"Gr\u00f8nt Kontor\" \/>\n<meta property=\"article:publisher\" content=\"https:\/\/www.facebook.com\/grontkontor.dk\/\" \/>\n<meta property=\"article:modified_time\" content=\"2024-02-28T14:34:47+00:00\" \/>\n<meta property=\"og:image\" content=\"https:\/\/grontkontor.dk\/wp-content\/uploads\/2019\/04\/tidsskriftholder-i-genbrugsplast-blaa-03-1.jpg\" \/>\n\t<meta property=\"og:image:width\" content=\"800\" \/>\n\t<meta property=\"og:image:height\" content=\"568\" \/>\n\t<meta property=\"og:image:type\" content=\"image\/jpeg\" \/>\n<meta name=\"twitter:card\" content=\"summary_large_image\" \/>\n<meta name=\"twitter:label1\" content=\"Ber\u00e4knad l\u00e4stid\" \/>\n\t<meta name=\"twitter:data1\" content=\"1 minut\" \/>\n<script type=\"application\/ld+json\" class=\"yoast-schema-graph\">{\"@context\":\"https:\/\/schema.org\",\"@graph\":[{\"@type\":\"WebPage\",\"@id\":\"https:\/\/grontkontor.dk\/shop\/tidsskriftholder-i-genbrugsplast-blaa\/\",\"url\":\"https:\/\/grontkontor.dk\/shop\/tidsskriftholder-i-genbrugsplast-blaa\/\",\"name\":\"Tidskriftsh\u00e5llare i \u00e5tervunnen plast - Gr\u00f8nt Kontor\",\"isPartOf\":{\"@id\":\"https:\/\/grontkontor.dk\/#website\"},\"datePublished\":\"2023-09-22T21:01:50+00:00\",\"dateModified\":\"2024-02-28T14:34:47+00:00\",\"breadcrumb\":{\"@id\":\"https:\/\/grontkontor.dk\/shop\/tidsskriftholder-i-genbrugsplast-blaa\/#breadcrumb\"},\"inLanguage\":\"sv-SE\",\"potentialAction\":[{\"@type\":\"ReadAction\",\"target\":[\"https:\/\/grontkontor.dk\/shop\/tidsskriftholder-i-genbrugsplast-blaa\/\"]}]},{\"@type\":\"BreadcrumbList\",\"@id\":\"https:\/\/grontkontor.dk\/shop\/tidsskriftholder-i-genbrugsplast-blaa\/#breadcrumb\",\"itemListElement\":[{\"@type\":\"ListItem\",\"position\":1,\"name\":\"Forside\",\"item\":\"https:\/\/grontkontor.dk\/\"},{\"@type\":\"ListItem\",\"position\":2,\"name\":\"Shop\",\"item\":\"https:\/\/grontkontor.dk\/sv\/shop\/\"},{\"@type\":\"ListItem\",\"position\":3,\"name\":\"Arkivering\",\"item\":\"https:\/\/grontkontor.dk\/sv\/produkt-kategori\/arkivering-och-forvaring\/\"},{\"@type\":\"ListItem\",\"position\":4,\"name\":\"Tidskriftsh\u00e5llare\",\"item\":\"https:\/\/grontkontor.dk\/sv\/produkt-kategori\/arkivering-och-forvaring\/tidskriftshaallare\/\"},{\"@type\":\"ListItem\",\"position\":5,\"name\":\"Tidskriftsh\u00e5llare i \u00e5tervunnen plast\"}]},{\"@type\":\"WebSite\",\"@id\":\"https:\/\/grontkontor.dk\/#website\",\"url\":\"https:\/\/grontkontor.dk\/\",\"name\":\"Gr\u00f8nt Kontor\",\"description\":\"Milj\u00f8venlige produkter til kontor og erhverv med fokus p\u00e5 b\u00e6redygtighed, design og fair trade.\",\"publisher\":{\"@id\":\"https:\/\/grontkontor.dk\/#organization\"},\"potentialAction\":[{\"@type\":\"SearchAction\",\"target\":{\"@type\":\"EntryPoint\",\"urlTemplate\":\"https:\/\/grontkontor.dk\/?s={search_term_string}\"},\"query-input\":\"required name=search_term_string\"}],\"inLanguage\":\"sv-SE\"},{\"@type\":\"Organization\",\"@id\":\"https:\/\/grontkontor.dk\/#organization\",\"name\":\"Gr\u00f8nt Kontor\",\"url\":\"https:\/\/grontkontor.dk\/\",\"logo\":{\"@type\":\"ImageObject\",\"inLanguage\":\"sv-SE\",\"@id\":\"https:\/\/grontkontor.dk\/#\/schema\/logo\/image\/\",\"url\":\"https:\/\/grontkontor.dk\/wp-content\/uploads\/2014\/02\/Logo_groent_kontor_300x80.png\",\"contentUrl\":\"https:\/\/grontkontor.dk\/wp-content\/uploads\/2014\/02\/Logo_groent_kontor_300x80.png\",\"width\":300,\"height\":80,\"caption\":\"Gr\u00f8nt Kontor\"},\"image\":{\"@id\":\"https:\/\/grontkontor.dk\/#\/schema\/logo\/image\/\"},\"sameAs\":[\"https:\/\/www.facebook.com\/grontkontor.dk\/\"]}]}<\/script>\n<!-- \/ Yoast SEO Premium plugin. -->","yoast_head_json":{"title":"Tidskriftsh\u00e5llare i \u00e5tervunnen plast - Gr\u00f8nt Kontor","robots":{"index":"index","follow":"follow","max-snippet":"max-snippet:-1","max-image-preview":"max-image-preview:large","max-video-preview":"max-video-preview:-1"},"canonical":"https:\/\/grontkontor.dk\/shop\/tidsskriftholder-i-genbrugsplast-blaa\/","og_locale":"sv_SE","og_type":"article","og_title":"Tidskriftsh\u00e5llare i \u00e5tervunnen plast","og_url":"https:\/\/grontkontor.dk\/shop\/tidsskriftholder-i-genbrugsplast-blaa\/","og_site_name":"Gr\u00f8nt Kontor","article_publisher":"https:\/\/www.facebook.com\/grontkontor.dk\/","article_modified_time":"2024-02-28T14:34:47+00:00","og_image":[{"width":800,"height":568,"url":"https:\/\/grontkontor.dk\/wp-content\/uploads\/2019\/04\/tidsskriftholder-i-genbrugsplast-blaa-03-1.jpg","type":"image\/jpeg"}],"twitter_card":"summary_large_image","twitter_misc":{"Ber\u00e4knad l\u00e4stid":"1 minut"},"schema":{"@context":"https:\/\/schema.org","@graph":[{"@type":"WebPage","@id":"https:\/\/grontkontor.dk\/shop\/tidsskriftholder-i-genbrugsplast-blaa\/","url":"https:\/\/grontkontor.dk\/shop\/tidsskriftholder-i-genbrugsplast-blaa\/","name":"Tidskriftsh\u00e5llare i \u00e5tervunnen plast - Gr\u00f8nt Kontor","isPartOf":{"@id":"https:\/\/grontkontor.dk\/#website"},"datePublished":"2023-09-22T21:01:50+00:00","dateModified":"2024-02-28T14:34:47+00:00","breadcrumb":{"@id":"https:\/\/grontkontor.dk\/shop\/tidsskriftholder-i-genbrugsplast-blaa\/#breadcrumb"},"inLanguage":"sv-SE","potentialAction":[{"@type":"ReadAction","target":["https:\/\/grontkontor.dk\/shop\/tidsskriftholder-i-genbrugsplast-blaa\/"]}]},{"@type":"BreadcrumbList","@id":"https:\/\/grontkontor.dk\/shop\/tidsskriftholder-i-genbrugsplast-blaa\/#breadcrumb","itemListElement":[{"@type":"ListItem","position":1,"name":"Forside","item":"https:\/\/grontkontor.dk\/"},{"@type":"ListItem","position":2,"name":"Shop","item":"https:\/\/grontkontor.dk\/sv\/shop\/"},{"@type":"ListItem","position":3,"name":"Arkivering","item":"https:\/\/grontkontor.dk\/sv\/produkt-kategori\/arkivering-och-forvaring\/"},{"@type":"ListItem","position":4,"name":"Tidskriftsh\u00e5llare","item":"https:\/\/grontkontor.dk\/sv\/produkt-kategori\/arkivering-och-forvaring\/tidskriftshaallare\/"},{"@type":"ListItem","position":5,"name":"Tidskriftsh\u00e5llare i \u00e5tervunnen plast"}]},{"@type":"WebSite","@id":"https:\/\/grontkontor.dk\/#website","url":"https:\/\/grontkontor.dk\/","name":"Gr\u00f8nt Kontor","description":"Milj\u00f8venlige produkter til kontor og erhverv med fokus p\u00e5 b\u00e6redygtighed, design og fair trade.","publisher":{"@id":"https:\/\/grontkontor.dk\/#organization"},"potentialAction":[{"@type":"SearchAction","target":{"@type":"EntryPoint","urlTemplate":"https:\/\/grontkontor.dk\/?s={search_term_string}"},"query-input":"required name=search_term_string"}],"inLanguage":"sv-SE"},{"@type":"Organization","@id":"https:\/\/grontkontor.dk\/#organization","name":"Gr\u00f8nt Kontor","url":"https:\/\/grontkontor.dk\/","logo":{"@type":"ImageObject","inLanguage":"sv-SE","@id":"https:\/\/grontkontor.dk\/#\/schema\/logo\/image\/","url":"https:\/\/grontkontor.dk\/wp-content\/uploads\/2014\/02\/Logo_groent_kontor_300x80.png","contentUrl":"https:\/\/grontkontor.dk\/wp-content\/uploads\/2014\/02\/Logo_groent_kontor_300x80.png","width":300,"height":80,"caption":"Gr\u00f8nt Kontor"},"image":{"@id":"https:\/\/grontkontor.dk\/#\/schema\/logo\/image\/"},"sameAs":["https:\/\/www.facebook.com\/grontkontor.dk\/"]}]}},"_links":{"self":[{"href":"https:\/\/grontkontor.dk\/sv\/wp-json\/wp\/v2\/product\/74573"}],"collection":[{"href":"https:\/\/grontkontor.dk\/sv\/wp-json\/wp\/v2\/product"}],"about":[{"href":"https:\/\/grontkontor.dk\/sv\/wp-json\/wp\/v2\/types\/product"}],"replies":[{"embeddable":true,"href":"https:\/\/grontkontor.dk\/sv\/wp-json\/wp\/v2\/comments?post=74573"}],"wp:featuredmedia":[{"embeddable":true,"href":"https:\/\/grontkontor.dk\/sv\/wp-json\/wp\/v2\/media\/12749"}],"wp:attachment":[{"href":"https:\/\/grontkontor.dk\/sv\/wp-json\/wp\/v2\/media?parent=74573"}],"wp:term":[{"taxonomy":"product_cat","embeddable":true,"href":"https:\/\/grontkontor.dk\/sv\/wp-json\/wp\/v2\/product_cat?post=74573"},{"taxonomy":"product_tag","embeddable":true,"href":"https:\/\/grontkontor.dk\/sv\/wp-json\/wp\/v2\/product_tag?post=74573"}],"curies":[{"name":"wp","href":"https:\/\/api.w.org\/{rel}","templated":true}]}}