{"id":74577,"date":"2023-09-22T13:04:40","date_gmt":"2023-09-22T21:02:03","guid":{"rendered":"https:\/\/grontkontor.dk\/produkt\/blockhaallare-staal\/"},"modified":"2023-09-22T23:02:07","modified_gmt":"2023-09-22T21:02:07","slug":"blockhaallare-staal","status":"publish","type":"product","link":"https:\/\/grontkontor.dk\/sv\/shop\/blockhaallare-staal\/","title":{"rendered":"Blockh\u00e5llare i st\u00e5l"},"content":{"rendered":"<p>Milj\u00f6v\u00e4nlig blockh\u00e5llare i svart st\u00e5l. 78x115x115 mm (h\u00f6jd x bredd x l\u00e4ngd). Inkluderar notepapper 10&#215;10 cm, 100 ark ing\u00e5r (med plats f\u00f6r 600 ark).<\/p>\n<p>St\u00e5l m\u00f6jligg\u00f6r upprepad \u00e5tervinning av otaliga produkter &#8211; fr\u00e5n pappersklipp till bilkomponenter och j\u00e4rnv\u00e4gssp\u00e5r. N\u00e4r st\u00e5l produceras \u00e4r dess livscykel potentiellt o\u00e4ndlig eftersom det \u00e4r l\u00e4tt att sortera fr\u00e5n annat material och avfall med magneter och 100% \u00e5tervinningsbart utan kvalitetsf\u00f6rlust. D\u00e4rf\u00f6r kan st\u00e5l \/ j\u00e4rnburk i praktiken betraktas som en b\u00e5de h\u00e5llbar och f\u00f6rnybar resurs.<\/p>\n","protected":false},"excerpt":{"rendered":"<p>Milj\u00f6v\u00e4nlig blockh\u00e5llare i svart st\u00e5l. 78x115x115 mm (h\u00f6jd x bredd x l\u00e4ngd). Inkluderar notepapper 10&#215;10 cm, 100 ark ing\u00e5r (med plats f\u00f6r 600 ark). St\u00e5l m\u00f6jligg\u00f6r upprepad \u00e5tervinning av otaliga produkter &#8211; fr\u00e5n pappersklipp till bilkomponenter och j\u00e4rnv\u00e4gssp\u00e5r. N\u00e4r st\u00e5l produceras \u00e4r dess livscykel potentiellt o\u00e4ndlig eftersom det \u00e4r l\u00e4tt att sortera fr\u00e5n annat material [&hellip;]<\/p>\n","protected":false},"featured_media":12532,"comment_status":"closed","ping_status":"closed","template":"","meta":{"_acf_changed":false},"product_cat":[663,2107,1834,661,1854,1027,1375],"product_tag":[1657,1658],"class_list":{"0":"post-74577","1":"product","2":"type-product","3":"status-publish","4":"has-post-thumbnail","6":"product_cat-block","7":"product_cat-dummy-moq-1-sv","8":"product_cat-kontorsutrustning-staal","9":"product_cat-papper-och-block","10":"product_cat-produkt-serier-se","11":"product_cat-tillbehor-till-skrivbordet","12":"product_cat-diverse-til-skrivebordet-sv","13":"product_tag-memoblok-sv","14":"product_tag-memoblokholder-sv","15":"tm-has-options","17":"first","18":"instock","19":"taxable","20":"shipping-taxable","21":"purchasable","22":"product-type-simple"},"acf":[],"yoast_head":"<!-- This site is optimized with the Yoast SEO Premium plugin v21.2 (Yoast SEO v21.2) - https:\/\/yoast.com\/wordpress\/plugins\/seo\/ -->\n<title>Blockh\u00e5llare i st\u00e5l - Gr\u00f8nt Kontor<\/title>\n<meta name=\"robots\" content=\"index, follow, max-snippet:-1, max-image-preview:large, max-video-preview:-1\" \/>\n<link rel=\"canonical\" href=\"https:\/\/grontkontor.dk\/sv\/shop\/blockhaallare-staal\/\" \/>\n<meta property=\"og:locale\" content=\"sv_SE\" \/>\n<meta property=\"og:type\" content=\"article\" \/>\n<meta property=\"og:title\" content=\"Blockh\u00e5llare i st\u00e5l\" \/>\n<meta property=\"og:description\" content=\"Milj\u00f6v\u00e4nlig blockh\u00e5llare i svart st\u00e5l. 78x115x115 mm (h\u00f6jd x bredd x l\u00e4ngd). Inkluderar notepapper 10&#215;10 cm, 100 ark ing\u00e5r (med plats f\u00f6r 600 ark). St\u00e5l m\u00f6jligg\u00f6r upprepad \u00e5tervinning av otaliga produkter &#8211; fr\u00e5n pappersklipp till bilkomponenter och j\u00e4rnv\u00e4gssp\u00e5r. N\u00e4r st\u00e5l produceras \u00e4r dess livscykel potentiellt o\u00e4ndlig eftersom det \u00e4r l\u00e4tt att sortera fr\u00e5n annat material [&hellip;]\" \/>\n<meta property=\"og:url\" content=\"https:\/\/grontkontor.dk\/sv\/shop\/blockhaallare-staal\/\" \/>\n<meta property=\"og:site_name\" content=\"Gr\u00f8nt Kontor\" \/>\n<meta property=\"article:publisher\" content=\"https:\/\/www.facebook.com\/grontkontor.dk\/\" \/>\n<meta property=\"article:modified_time\" content=\"2023-09-22T21:02:07+00:00\" \/>\n<meta property=\"og:image\" content=\"https:\/\/grontkontor.dk\/wp-content\/uploads\/2019\/04\/memoblok-holder-staal-01.jpg\" \/>\n\t<meta property=\"og:image:width\" content=\"800\" \/>\n\t<meta property=\"og:image:height\" content=\"568\" \/>\n\t<meta property=\"og:image:type\" content=\"image\/jpeg\" \/>\n<meta name=\"twitter:card\" content=\"summary_large_image\" \/>\n<meta name=\"twitter:label1\" content=\"Ber\u00e4knad l\u00e4stid\" \/>\n\t<meta name=\"twitter:data1\" content=\"1 minut\" \/>\n<script type=\"application\/ld+json\" class=\"yoast-schema-graph\">{\"@context\":\"https:\/\/schema.org\",\"@graph\":[{\"@type\":\"WebPage\",\"@id\":\"https:\/\/grontkontor.dk\/sv\/shop\/blockhaallare-staal\/\",\"url\":\"https:\/\/grontkontor.dk\/sv\/shop\/blockhaallare-staal\/\",\"name\":\"Blockh\u00e5llare i st\u00e5l - Gr\u00f8nt Kontor\",\"isPartOf\":{\"@id\":\"https:\/\/grontkontor.dk\/#website\"},\"datePublished\":\"2023-09-22T21:02:03+00:00\",\"dateModified\":\"2023-09-22T21:02:07+00:00\",\"breadcrumb\":{\"@id\":\"https:\/\/grontkontor.dk\/sv\/shop\/blockhaallare-staal\/#breadcrumb\"},\"inLanguage\":\"sv-SE\",\"potentialAction\":[{\"@type\":\"ReadAction\",\"target\":[\"https:\/\/grontkontor.dk\/sv\/shop\/blockhaallare-staal\/\"]}]},{\"@type\":\"BreadcrumbList\",\"@id\":\"https:\/\/grontkontor.dk\/sv\/shop\/blockhaallare-staal\/#breadcrumb\",\"itemListElement\":[{\"@type\":\"ListItem\",\"position\":1,\"name\":\"Forside\",\"item\":\"https:\/\/grontkontor.dk\/\"},{\"@type\":\"ListItem\",\"position\":2,\"name\":\"Shop\",\"item\":\"https:\/\/grontkontor.dk\/sv\/shop\/\"},{\"@type\":\"ListItem\",\"position\":3,\"name\":\"Papper och block\",\"item\":\"https:\/\/grontkontor.dk\/sv\/produkt-kategori\/papper-och-block\/\"},{\"@type\":\"ListItem\",\"position\":4,\"name\":\"Anteckningsblock\",\"item\":\"https:\/\/grontkontor.dk\/sv\/produkt-kategori\/papper-och-block\/block\/\"},{\"@type\":\"ListItem\",\"position\":5,\"name\":\"Blockh\u00e5llare i st\u00e5l\"}]},{\"@type\":\"WebSite\",\"@id\":\"https:\/\/grontkontor.dk\/#website\",\"url\":\"https:\/\/grontkontor.dk\/\",\"name\":\"Gr\u00f8nt Kontor\",\"description\":\"Milj\u00f8venlige produkter til kontor og erhverv med fokus p\u00e5 b\u00e6redygtighed, design og fair trade.\",\"publisher\":{\"@id\":\"https:\/\/grontkontor.dk\/#organization\"},\"potentialAction\":[{\"@type\":\"SearchAction\",\"target\":{\"@type\":\"EntryPoint\",\"urlTemplate\":\"https:\/\/grontkontor.dk\/?s={search_term_string}\"},\"query-input\":\"required name=search_term_string\"}],\"inLanguage\":\"sv-SE\"},{\"@type\":\"Organization\",\"@id\":\"https:\/\/grontkontor.dk\/#organization\",\"name\":\"Gr\u00f8nt Kontor\",\"url\":\"https:\/\/grontkontor.dk\/\",\"logo\":{\"@type\":\"ImageObject\",\"inLanguage\":\"sv-SE\",\"@id\":\"https:\/\/grontkontor.dk\/#\/schema\/logo\/image\/\",\"url\":\"https:\/\/grontkontor.dk\/wp-content\/uploads\/2014\/02\/Logo_groent_kontor_300x80.png\",\"contentUrl\":\"https:\/\/grontkontor.dk\/wp-content\/uploads\/2014\/02\/Logo_groent_kontor_300x80.png\",\"width\":300,\"height\":80,\"caption\":\"Gr\u00f8nt Kontor\"},\"image\":{\"@id\":\"https:\/\/grontkontor.dk\/#\/schema\/logo\/image\/\"},\"sameAs\":[\"https:\/\/www.facebook.com\/grontkontor.dk\/\"]}]}<\/script>\n<!-- \/ Yoast SEO Premium plugin. -->","yoast_head_json":{"title":"Blockh\u00e5llare i st\u00e5l - Gr\u00f8nt Kontor","robots":{"index":"index","follow":"follow","max-snippet":"max-snippet:-1","max-image-preview":"max-image-preview:large","max-video-preview":"max-video-preview:-1"},"canonical":"https:\/\/grontkontor.dk\/sv\/shop\/blockhaallare-staal\/","og_locale":"sv_SE","og_type":"article","og_title":"Blockh\u00e5llare i st\u00e5l","og_description":"Milj\u00f6v\u00e4nlig blockh\u00e5llare i svart st\u00e5l. 78x115x115 mm (h\u00f6jd x bredd x l\u00e4ngd). Inkluderar notepapper 10&#215;10 cm, 100 ark ing\u00e5r (med plats f\u00f6r 600 ark). St\u00e5l m\u00f6jligg\u00f6r upprepad \u00e5tervinning av otaliga produkter &#8211; fr\u00e5n pappersklipp till bilkomponenter och j\u00e4rnv\u00e4gssp\u00e5r. N\u00e4r st\u00e5l produceras \u00e4r dess livscykel potentiellt o\u00e4ndlig eftersom det \u00e4r l\u00e4tt att sortera fr\u00e5n annat material [&hellip;]","og_url":"https:\/\/grontkontor.dk\/sv\/shop\/blockhaallare-staal\/","og_site_name":"Gr\u00f8nt Kontor","article_publisher":"https:\/\/www.facebook.com\/grontkontor.dk\/","article_modified_time":"2023-09-22T21:02:07+00:00","og_image":[{"width":800,"height":568,"url":"https:\/\/grontkontor.dk\/wp-content\/uploads\/2019\/04\/memoblok-holder-staal-01.jpg","type":"image\/jpeg"}],"twitter_card":"summary_large_image","twitter_misc":{"Ber\u00e4knad l\u00e4stid":"1 minut"},"schema":{"@context":"https:\/\/schema.org","@graph":[{"@type":"WebPage","@id":"https:\/\/grontkontor.dk\/sv\/shop\/blockhaallare-staal\/","url":"https:\/\/grontkontor.dk\/sv\/shop\/blockhaallare-staal\/","name":"Blockh\u00e5llare i st\u00e5l - Gr\u00f8nt Kontor","isPartOf":{"@id":"https:\/\/grontkontor.dk\/#website"},"datePublished":"2023-09-22T21:02:03+00:00","dateModified":"2023-09-22T21:02:07+00:00","breadcrumb":{"@id":"https:\/\/grontkontor.dk\/sv\/shop\/blockhaallare-staal\/#breadcrumb"},"inLanguage":"sv-SE","potentialAction":[{"@type":"ReadAction","target":["https:\/\/grontkontor.dk\/sv\/shop\/blockhaallare-staal\/"]}]},{"@type":"BreadcrumbList","@id":"https:\/\/grontkontor.dk\/sv\/shop\/blockhaallare-staal\/#breadcrumb","itemListElement":[{"@type":"ListItem","position":1,"name":"Forside","item":"https:\/\/grontkontor.dk\/"},{"@type":"ListItem","position":2,"name":"Shop","item":"https:\/\/grontkontor.dk\/sv\/shop\/"},{"@type":"ListItem","position":3,"name":"Papper och block","item":"https:\/\/grontkontor.dk\/sv\/produkt-kategori\/papper-och-block\/"},{"@type":"ListItem","position":4,"name":"Anteckningsblock","item":"https:\/\/grontkontor.dk\/sv\/produkt-kategori\/papper-och-block\/block\/"},{"@type":"ListItem","position":5,"name":"Blockh\u00e5llare i st\u00e5l"}]},{"@type":"WebSite","@id":"https:\/\/grontkontor.dk\/#website","url":"https:\/\/grontkontor.dk\/","name":"Gr\u00f8nt Kontor","description":"Milj\u00f8venlige produkter til kontor og erhverv med fokus p\u00e5 b\u00e6redygtighed, design og fair trade.","publisher":{"@id":"https:\/\/grontkontor.dk\/#organization"},"potentialAction":[{"@type":"SearchAction","target":{"@type":"EntryPoint","urlTemplate":"https:\/\/grontkontor.dk\/?s={search_term_string}"},"query-input":"required name=search_term_string"}],"inLanguage":"sv-SE"},{"@type":"Organization","@id":"https:\/\/grontkontor.dk\/#organization","name":"Gr\u00f8nt Kontor","url":"https:\/\/grontkontor.dk\/","logo":{"@type":"ImageObject","inLanguage":"sv-SE","@id":"https:\/\/grontkontor.dk\/#\/schema\/logo\/image\/","url":"https:\/\/grontkontor.dk\/wp-content\/uploads\/2014\/02\/Logo_groent_kontor_300x80.png","contentUrl":"https:\/\/grontkontor.dk\/wp-content\/uploads\/2014\/02\/Logo_groent_kontor_300x80.png","width":300,"height":80,"caption":"Gr\u00f8nt Kontor"},"image":{"@id":"https:\/\/grontkontor.dk\/#\/schema\/logo\/image\/"},"sameAs":["https:\/\/www.facebook.com\/grontkontor.dk\/"]}]}},"_links":{"self":[{"href":"https:\/\/grontkontor.dk\/sv\/wp-json\/wp\/v2\/product\/74577"}],"collection":[{"href":"https:\/\/grontkontor.dk\/sv\/wp-json\/wp\/v2\/product"}],"about":[{"href":"https:\/\/grontkontor.dk\/sv\/wp-json\/wp\/v2\/types\/product"}],"replies":[{"embeddable":true,"href":"https:\/\/grontkontor.dk\/sv\/wp-json\/wp\/v2\/comments?post=74577"}],"wp:featuredmedia":[{"embeddable":true,"href":"https:\/\/grontkontor.dk\/sv\/wp-json\/wp\/v2\/media\/12532"}],"wp:attachment":[{"href":"https:\/\/grontkontor.dk\/sv\/wp-json\/wp\/v2\/media?parent=74577"}],"wp:term":[{"taxonomy":"product_cat","embeddable":true,"href":"https:\/\/grontkontor.dk\/sv\/wp-json\/wp\/v2\/product_cat?post=74577"},{"taxonomy":"product_tag","embeddable":true,"href":"https:\/\/grontkontor.dk\/sv\/wp-json\/wp\/v2\/product_tag?post=74577"}],"curies":[{"name":"wp","href":"https:\/\/api.w.org\/{rel}","templated":true}]}}