{"id":74605,"date":"2023-09-22T13:02:59","date_gmt":"2023-09-22T21:02:15","guid":{"rendered":"https:\/\/grontkontor.dk\/produkt\/komposterbart-pappersbagare-25-cl\/"},"modified":"2023-09-22T23:02:21","modified_gmt":"2023-09-22T21:02:21","slug":"komposterbart-pappersbagare-25-cl","status":"publish","type":"product","link":"https:\/\/grontkontor.dk\/sv\/shop\/komposterbart-pappersbagare-25-cl\/","title":{"rendered":"Komposterbart pappersb\u00e4gare 25 cl"},"content":{"rendered":"<p>Pappersb\u00e4gare, 25cl f\u00f6r heta drycker av PEFC-certifierat papper, t\u00e4ckt med bioplast. Komposterbart . B\u00e4gare \u00e4r dubbelv\u00e4ggig och \u00e4r d\u00e4rf\u00f6r s\u00e4rskilt l\u00e4mplig f\u00f6r varma drycker. Godk\u00e4nd f\u00f6r \u00e4ndam\u00e5let. Blandade f\u00e4rger. B\u00f6r inte anv\u00e4ndas f\u00f6r drycker med en alkoholhalt p\u00e5 5% eller mer. Ej l\u00e4mplig f\u00f6r rena fetter eller rena oljor. Muggen \u00e4r avsedd f\u00f6r eng\u00e5ngsbruk.<br \/>\nF\u00f6rpackning med 80 st.<\/p>\n","protected":false},"excerpt":{"rendered":"<p>Pappersb\u00e4gare, 25cl f\u00f6r heta drycker av PEFC-certifierat papper, t\u00e4ckt med bioplast. Komposterbart . B\u00e4gare \u00e4r dubbelv\u00e4ggig och \u00e4r d\u00e4rf\u00f6r s\u00e4rskilt l\u00e4mplig f\u00f6r varma drycker. Godk\u00e4nd f\u00f6r \u00e4ndam\u00e5let. Blandade f\u00e4rger. B\u00f6r inte anv\u00e4ndas f\u00f6r drycker med en alkoholhalt p\u00e5 5% eller mer. Ej l\u00e4mplig f\u00f6r rena fetter eller rena oljor. Muggen \u00e4r avsedd f\u00f6r eng\u00e5ngsbruk. F\u00f6rpackning [&hellip;]<\/p>\n","protected":false},"featured_media":9489,"comment_status":"closed","ping_status":"open","template":"","meta":{"_acf_changed":false},"product_cat":[2233,1763],"product_tag":[2127,1559,1553,1554,2128],"class_list":{"0":"post-74605","1":"product","2":"type-product","3":"status-publish","4":"has-post-thumbnail","6":"product_cat-mat-och-dryck","7":"product_cat-engaangs-koppar","8":"product_tag-dobbeltvaegget-sv","9":"product_tag-genbrugspap-sv","10":"product_tag-papkrus-sv","11":"product_tag-engangskrus-sv","12":"product_tag-varm-drik-sv","13":"tm-has-options","15":"first","16":"instock","17":"taxable","18":"shipping-taxable","19":"purchasable","20":"product-type-simple"},"acf":[],"yoast_head":"<!-- This site is optimized with the Yoast SEO Premium plugin v21.2 (Yoast SEO v21.2) - https:\/\/yoast.com\/wordpress\/plugins\/seo\/ -->\n<title>Komposterbart pappersb\u00e4gare 25 cl - Gr\u00f8nt Kontor<\/title>\n<meta name=\"robots\" content=\"index, follow, max-snippet:-1, max-image-preview:large, max-video-preview:-1\" \/>\n<link rel=\"canonical\" href=\"https:\/\/grontkontor.dk\/sv\/shop\/komposterbart-pappersbagare-25-cl\/\" \/>\n<meta property=\"og:locale\" content=\"sv_SE\" \/>\n<meta property=\"og:type\" content=\"article\" \/>\n<meta property=\"og:title\" content=\"Komposterbart pappersb\u00e4gare 25 cl\" \/>\n<meta property=\"og:description\" content=\"Pappersb\u00e4gare, 25cl f\u00f6r heta drycker av PEFC-certifierat papper, t\u00e4ckt med bioplast. Komposterbart . B\u00e4gare \u00e4r dubbelv\u00e4ggig och \u00e4r d\u00e4rf\u00f6r s\u00e4rskilt l\u00e4mplig f\u00f6r varma drycker. Godk\u00e4nd f\u00f6r \u00e4ndam\u00e5let. Blandade f\u00e4rger. B\u00f6r inte anv\u00e4ndas f\u00f6r drycker med en alkoholhalt p\u00e5 5% eller mer. Ej l\u00e4mplig f\u00f6r rena fetter eller rena oljor. Muggen \u00e4r avsedd f\u00f6r eng\u00e5ngsbruk. F\u00f6rpackning [&hellip;]\" \/>\n<meta property=\"og:url\" content=\"https:\/\/grontkontor.dk\/sv\/shop\/komposterbart-pappersbagare-25-cl\/\" \/>\n<meta property=\"og:site_name\" content=\"Gr\u00f8nt Kontor\" \/>\n<meta property=\"article:publisher\" content=\"https:\/\/www.facebook.com\/grontkontor.dk\/\" \/>\n<meta property=\"article:modified_time\" content=\"2023-09-22T21:02:21+00:00\" \/>\n<meta property=\"og:image\" content=\"https:\/\/grontkontor.dk\/wp-content\/uploads\/2017\/10\/papbaeger-25cl-137086.jpg\" \/>\n\t<meta property=\"og:image:width\" content=\"535\" \/>\n\t<meta property=\"og:image:height\" content=\"380\" \/>\n\t<meta property=\"og:image:type\" content=\"image\/jpeg\" \/>\n<meta name=\"twitter:card\" content=\"summary_large_image\" \/>\n<script type=\"application\/ld+json\" class=\"yoast-schema-graph\">{\"@context\":\"https:\/\/schema.org\",\"@graph\":[{\"@type\":\"WebPage\",\"@id\":\"https:\/\/grontkontor.dk\/sv\/shop\/komposterbart-pappersbagare-25-cl\/\",\"url\":\"https:\/\/grontkontor.dk\/sv\/shop\/komposterbart-pappersbagare-25-cl\/\",\"name\":\"Komposterbart pappersb\u00e4gare 25 cl - Gr\u00f8nt Kontor\",\"isPartOf\":{\"@id\":\"https:\/\/grontkontor.dk\/#website\"},\"datePublished\":\"2023-09-22T21:02:15+00:00\",\"dateModified\":\"2023-09-22T21:02:21+00:00\",\"breadcrumb\":{\"@id\":\"https:\/\/grontkontor.dk\/sv\/shop\/komposterbart-pappersbagare-25-cl\/#breadcrumb\"},\"inLanguage\":\"sv-SE\",\"potentialAction\":[{\"@type\":\"ReadAction\",\"target\":[\"https:\/\/grontkontor.dk\/sv\/shop\/komposterbart-pappersbagare-25-cl\/\"]}]},{\"@type\":\"BreadcrumbList\",\"@id\":\"https:\/\/grontkontor.dk\/sv\/shop\/komposterbart-pappersbagare-25-cl\/#breadcrumb\",\"itemListElement\":[{\"@type\":\"ListItem\",\"position\":1,\"name\":\"Forside\",\"item\":\"https:\/\/grontkontor.dk\/\"},{\"@type\":\"ListItem\",\"position\":2,\"name\":\"Shop\",\"item\":\"https:\/\/grontkontor.dk\/sv\/shop\/\"},{\"@type\":\"ListItem\",\"position\":3,\"name\":\"Mat och dryck\",\"item\":\"https:\/\/grontkontor.dk\/sv\/produkt-kategori\/mat-och-dryck\/\"},{\"@type\":\"ListItem\",\"position\":4,\"name\":\"Eng\u00e5ngs koppar\",\"item\":\"https:\/\/grontkontor.dk\/sv\/produkt-kategori\/mat-och-dryck\/engaangs-koppar\/\"},{\"@type\":\"ListItem\",\"position\":5,\"name\":\"Komposterbart pappersb\u00e4gare 25 cl\"}]},{\"@type\":\"WebSite\",\"@id\":\"https:\/\/grontkontor.dk\/#website\",\"url\":\"https:\/\/grontkontor.dk\/\",\"name\":\"Gr\u00f8nt Kontor\",\"description\":\"Milj\u00f8venlige produkter til kontor og erhverv med fokus p\u00e5 b\u00e6redygtighed, design og fair trade.\",\"publisher\":{\"@id\":\"https:\/\/grontkontor.dk\/#organization\"},\"potentialAction\":[{\"@type\":\"SearchAction\",\"target\":{\"@type\":\"EntryPoint\",\"urlTemplate\":\"https:\/\/grontkontor.dk\/?s={search_term_string}\"},\"query-input\":\"required name=search_term_string\"}],\"inLanguage\":\"sv-SE\"},{\"@type\":\"Organization\",\"@id\":\"https:\/\/grontkontor.dk\/#organization\",\"name\":\"Gr\u00f8nt Kontor\",\"url\":\"https:\/\/grontkontor.dk\/\",\"logo\":{\"@type\":\"ImageObject\",\"inLanguage\":\"sv-SE\",\"@id\":\"https:\/\/grontkontor.dk\/#\/schema\/logo\/image\/\",\"url\":\"https:\/\/grontkontor.dk\/wp-content\/uploads\/2014\/02\/Logo_groent_kontor_300x80.png\",\"contentUrl\":\"https:\/\/grontkontor.dk\/wp-content\/uploads\/2014\/02\/Logo_groent_kontor_300x80.png\",\"width\":300,\"height\":80,\"caption\":\"Gr\u00f8nt Kontor\"},\"image\":{\"@id\":\"https:\/\/grontkontor.dk\/#\/schema\/logo\/image\/\"},\"sameAs\":[\"https:\/\/www.facebook.com\/grontkontor.dk\/\"]}]}<\/script>\n<!-- \/ Yoast SEO Premium plugin. -->","yoast_head_json":{"title":"Komposterbart pappersb\u00e4gare 25 cl - Gr\u00f8nt Kontor","robots":{"index":"index","follow":"follow","max-snippet":"max-snippet:-1","max-image-preview":"max-image-preview:large","max-video-preview":"max-video-preview:-1"},"canonical":"https:\/\/grontkontor.dk\/sv\/shop\/komposterbart-pappersbagare-25-cl\/","og_locale":"sv_SE","og_type":"article","og_title":"Komposterbart pappersb\u00e4gare 25 cl","og_description":"Pappersb\u00e4gare, 25cl f\u00f6r heta drycker av PEFC-certifierat papper, t\u00e4ckt med bioplast. Komposterbart . B\u00e4gare \u00e4r dubbelv\u00e4ggig och \u00e4r d\u00e4rf\u00f6r s\u00e4rskilt l\u00e4mplig f\u00f6r varma drycker. Godk\u00e4nd f\u00f6r \u00e4ndam\u00e5let. Blandade f\u00e4rger. B\u00f6r inte anv\u00e4ndas f\u00f6r drycker med en alkoholhalt p\u00e5 5% eller mer. Ej l\u00e4mplig f\u00f6r rena fetter eller rena oljor. Muggen \u00e4r avsedd f\u00f6r eng\u00e5ngsbruk. F\u00f6rpackning [&hellip;]","og_url":"https:\/\/grontkontor.dk\/sv\/shop\/komposterbart-pappersbagare-25-cl\/","og_site_name":"Gr\u00f8nt Kontor","article_publisher":"https:\/\/www.facebook.com\/grontkontor.dk\/","article_modified_time":"2023-09-22T21:02:21+00:00","og_image":[{"width":535,"height":380,"url":"https:\/\/grontkontor.dk\/wp-content\/uploads\/2017\/10\/papbaeger-25cl-137086.jpg","type":"image\/jpeg"}],"twitter_card":"summary_large_image","schema":{"@context":"https:\/\/schema.org","@graph":[{"@type":"WebPage","@id":"https:\/\/grontkontor.dk\/sv\/shop\/komposterbart-pappersbagare-25-cl\/","url":"https:\/\/grontkontor.dk\/sv\/shop\/komposterbart-pappersbagare-25-cl\/","name":"Komposterbart pappersb\u00e4gare 25 cl - Gr\u00f8nt Kontor","isPartOf":{"@id":"https:\/\/grontkontor.dk\/#website"},"datePublished":"2023-09-22T21:02:15+00:00","dateModified":"2023-09-22T21:02:21+00:00","breadcrumb":{"@id":"https:\/\/grontkontor.dk\/sv\/shop\/komposterbart-pappersbagare-25-cl\/#breadcrumb"},"inLanguage":"sv-SE","potentialAction":[{"@type":"ReadAction","target":["https:\/\/grontkontor.dk\/sv\/shop\/komposterbart-pappersbagare-25-cl\/"]}]},{"@type":"BreadcrumbList","@id":"https:\/\/grontkontor.dk\/sv\/shop\/komposterbart-pappersbagare-25-cl\/#breadcrumb","itemListElement":[{"@type":"ListItem","position":1,"name":"Forside","item":"https:\/\/grontkontor.dk\/"},{"@type":"ListItem","position":2,"name":"Shop","item":"https:\/\/grontkontor.dk\/sv\/shop\/"},{"@type":"ListItem","position":3,"name":"Mat och dryck","item":"https:\/\/grontkontor.dk\/sv\/produkt-kategori\/mat-och-dryck\/"},{"@type":"ListItem","position":4,"name":"Eng\u00e5ngs koppar","item":"https:\/\/grontkontor.dk\/sv\/produkt-kategori\/mat-och-dryck\/engaangs-koppar\/"},{"@type":"ListItem","position":5,"name":"Komposterbart pappersb\u00e4gare 25 cl"}]},{"@type":"WebSite","@id":"https:\/\/grontkontor.dk\/#website","url":"https:\/\/grontkontor.dk\/","name":"Gr\u00f8nt Kontor","description":"Milj\u00f8venlige produkter til kontor og erhverv med fokus p\u00e5 b\u00e6redygtighed, design og fair trade.","publisher":{"@id":"https:\/\/grontkontor.dk\/#organization"},"potentialAction":[{"@type":"SearchAction","target":{"@type":"EntryPoint","urlTemplate":"https:\/\/grontkontor.dk\/?s={search_term_string}"},"query-input":"required name=search_term_string"}],"inLanguage":"sv-SE"},{"@type":"Organization","@id":"https:\/\/grontkontor.dk\/#organization","name":"Gr\u00f8nt Kontor","url":"https:\/\/grontkontor.dk\/","logo":{"@type":"ImageObject","inLanguage":"sv-SE","@id":"https:\/\/grontkontor.dk\/#\/schema\/logo\/image\/","url":"https:\/\/grontkontor.dk\/wp-content\/uploads\/2014\/02\/Logo_groent_kontor_300x80.png","contentUrl":"https:\/\/grontkontor.dk\/wp-content\/uploads\/2014\/02\/Logo_groent_kontor_300x80.png","width":300,"height":80,"caption":"Gr\u00f8nt Kontor"},"image":{"@id":"https:\/\/grontkontor.dk\/#\/schema\/logo\/image\/"},"sameAs":["https:\/\/www.facebook.com\/grontkontor.dk\/"]}]}},"_links":{"self":[{"href":"https:\/\/grontkontor.dk\/sv\/wp-json\/wp\/v2\/product\/74605"}],"collection":[{"href":"https:\/\/grontkontor.dk\/sv\/wp-json\/wp\/v2\/product"}],"about":[{"href":"https:\/\/grontkontor.dk\/sv\/wp-json\/wp\/v2\/types\/product"}],"replies":[{"embeddable":true,"href":"https:\/\/grontkontor.dk\/sv\/wp-json\/wp\/v2\/comments?post=74605"}],"wp:featuredmedia":[{"embeddable":true,"href":"https:\/\/grontkontor.dk\/sv\/wp-json\/wp\/v2\/media\/9489"}],"wp:attachment":[{"href":"https:\/\/grontkontor.dk\/sv\/wp-json\/wp\/v2\/media?parent=74605"}],"wp:term":[{"taxonomy":"product_cat","embeddable":true,"href":"https:\/\/grontkontor.dk\/sv\/wp-json\/wp\/v2\/product_cat?post=74605"},{"taxonomy":"product_tag","embeddable":true,"href":"https:\/\/grontkontor.dk\/sv\/wp-json\/wp\/v2\/product_tag?post=74605"}],"curies":[{"name":"wp","href":"https:\/\/api.w.org\/{rel}","templated":true}]}}