{"id":74710,"date":"2023-09-22T13:00:03","date_gmt":"2023-09-22T21:04:49","guid":{"rendered":"https:\/\/grontkontor.dk\/produkt\/papperskopp-med-logo-tryck-60-cl-enkelvaeggig\/"},"modified":"2023-09-22T23:05:18","modified_gmt":"2023-09-22T21:05:18","slug":"papperskopp-med-logo-tryck-60-cl-enkelvaeggig","status":"publish","type":"product","link":"https:\/\/grontkontor.dk\/sv\/shop\/papperskopp-med-logo-tryck-60-cl-enkelvaeggig\/","title":{"rendered":"Papperskopp med logotryck &#8211; 60 cl"},"content":{"rendered":"<p>Milj\u00f6v\u00e4nliga 60 cl pappersb\u00e4gare tillverkat av FSC-certifierat papper, t\u00e4ckt med polyeten (PE). Allt material \u00e4r 100% biologiskt nedbrytbart. B\u00e4garna \u00e4r env\u00e4ggiga och \u00e4r d\u00e4rf\u00f6r s\u00e4rskilt l\u00e4mpliga f\u00f6r kalla drycker. Godk\u00e4nd f\u00f6r \u00e4ndam\u00e5let.<br \/>\nPriset \u00e4r inkl. logotyputskrift i 4 f\u00e4rger.<br \/>\nProducerad i EU.<\/p>\n<p>Vi kan l\u00e4gga till FSC-certifikatlogo utan extra kostnad.<br \/>\n<a href=\"https:\/\/ic.fsc.org\/en\/\" target=\"window\"><img loading=\"lazy\" decoding=\"async\" class=\"size-full wp-image-12735\" src=\"https:\/\/grontkontor.dk\/wp-content\/uploads\/2019\/04\/fsc-certificeret.png\" \n\t\t alt=\"FSC-certificeret\" title=\"FSC-certificeret\" width=\"44\" height=\"51\" border=0\/><\/a><\/p>\n","protected":false},"excerpt":{"rendered":"<p>Milj\u00f6v\u00e4nliga 60 cl pappersb\u00e4gare tillverkat av FSC-certifierat papper, t\u00e4ckt med polyeten (PE). Allt material \u00e4r 100% biologiskt nedbrytbart. B\u00e4garna \u00e4r env\u00e4ggiga och \u00e4r d\u00e4rf\u00f6r s\u00e4rskilt l\u00e4mpliga f\u00f6r kalla drycker. Godk\u00e4nd f\u00f6r \u00e4ndam\u00e5let. Priset \u00e4r inkl. logotyputskrift i 4 f\u00e4rger. Producerad i EU. Vi kan l\u00e4gga till FSC-certifikatlogo utan extra kostnad.<\/p>\n","protected":false},"featured_media":8535,"comment_status":"closed","ping_status":"open","template":"","meta":{"_acf_changed":false},"product_cat":[1408],"product_tag":[1689,1553,1554,2128],"class_list":{"0":"post-74710","1":"product","2":"type-product","3":"status-publish","4":"has-post-thumbnail","6":"product_cat-uncategorized-da-sv","7":"product_tag-enkeltvaegget-sv","8":"product_tag-papkrus-sv","9":"product_tag-engangskrus-sv","10":"product_tag-varm-drik-sv","11":"tm-has-options","13":"first","14":"instock","15":"taxable","16":"shipping-taxable","17":"purchasable","18":"product-type-simple"},"acf":[],"yoast_head":"<!-- This site is optimized with the Yoast SEO Premium plugin v21.2 (Yoast SEO v21.2) - https:\/\/yoast.com\/wordpress\/plugins\/seo\/ -->\n<title>Papperskopp med logotryck - 60 cl - Gr\u00f8nt Kontor<\/title>\n<meta name=\"robots\" content=\"index, follow, max-snippet:-1, max-image-preview:large, max-video-preview:-1\" \/>\n<link rel=\"canonical\" href=\"https:\/\/grontkontor.dk\/sv\/shop\/papperskopp-med-logo-tryck-60-cl-enkelvaeggig\/\" \/>\n<meta property=\"og:locale\" content=\"sv_SE\" \/>\n<meta property=\"og:type\" content=\"article\" \/>\n<meta property=\"og:title\" content=\"Papperskopp med logotryck - 60 cl\" \/>\n<meta property=\"og:description\" content=\"Milj\u00f6v\u00e4nliga 60 cl pappersb\u00e4gare tillverkat av FSC-certifierat papper, t\u00e4ckt med polyeten (PE). Allt material \u00e4r 100% biologiskt nedbrytbart. B\u00e4garna \u00e4r env\u00e4ggiga och \u00e4r d\u00e4rf\u00f6r s\u00e4rskilt l\u00e4mpliga f\u00f6r kalla drycker. Godk\u00e4nd f\u00f6r \u00e4ndam\u00e5let. Priset \u00e4r inkl. logotyputskrift i 4 f\u00e4rger. Producerad i EU. Vi kan l\u00e4gga till FSC-certifikatlogo utan extra kostnad.\" \/>\n<meta property=\"og:url\" content=\"https:\/\/grontkontor.dk\/sv\/shop\/papperskopp-med-logo-tryck-60-cl-enkelvaeggig\/\" \/>\n<meta property=\"og:site_name\" content=\"Gr\u00f8nt Kontor\" \/>\n<meta property=\"article:publisher\" content=\"https:\/\/www.facebook.com\/grontkontor.dk\/\" \/>\n<meta property=\"article:modified_time\" content=\"2023-09-22T21:05:18+00:00\" \/>\n<meta property=\"og:image\" content=\"https:\/\/grontkontor.dk\/wp-content\/uploads\/2017\/05\/470ml_sgl_03.jpg\" \/>\n\t<meta property=\"og:image:width\" content=\"800\" \/>\n\t<meta property=\"og:image:height\" content=\"568\" \/>\n\t<meta property=\"og:image:type\" content=\"image\/jpeg\" \/>\n<meta name=\"twitter:card\" content=\"summary_large_image\" \/>\n<script type=\"application\/ld+json\" class=\"yoast-schema-graph\">{\"@context\":\"https:\/\/schema.org\",\"@graph\":[{\"@type\":\"WebPage\",\"@id\":\"https:\/\/grontkontor.dk\/sv\/shop\/papperskopp-med-logo-tryck-60-cl-enkelvaeggig\/\",\"url\":\"https:\/\/grontkontor.dk\/sv\/shop\/papperskopp-med-logo-tryck-60-cl-enkelvaeggig\/\",\"name\":\"Papperskopp med logotryck - 60 cl - Gr\u00f8nt Kontor\",\"isPartOf\":{\"@id\":\"https:\/\/grontkontor.dk\/#website\"},\"datePublished\":\"2023-09-22T21:04:49+00:00\",\"dateModified\":\"2023-09-22T21:05:18+00:00\",\"breadcrumb\":{\"@id\":\"https:\/\/grontkontor.dk\/sv\/shop\/papperskopp-med-logo-tryck-60-cl-enkelvaeggig\/#breadcrumb\"},\"inLanguage\":\"sv-SE\",\"potentialAction\":[{\"@type\":\"ReadAction\",\"target\":[\"https:\/\/grontkontor.dk\/sv\/shop\/papperskopp-med-logo-tryck-60-cl-enkelvaeggig\/\"]}]},{\"@type\":\"BreadcrumbList\",\"@id\":\"https:\/\/grontkontor.dk\/sv\/shop\/papperskopp-med-logo-tryck-60-cl-enkelvaeggig\/#breadcrumb\",\"itemListElement\":[{\"@type\":\"ListItem\",\"position\":1,\"name\":\"Forside\",\"item\":\"https:\/\/grontkontor.dk\/\"},{\"@type\":\"ListItem\",\"position\":2,\"name\":\"Shop\",\"item\":\"https:\/\/grontkontor.dk\/sv\/shop\/\"},{\"@type\":\"ListItem\",\"position\":3,\"name\":\"Uncategorized @da\",\"item\":\"https:\/\/grontkontor.dk\/sv\/produkt-kategori\/uncategorized-da-sv\/\"},{\"@type\":\"ListItem\",\"position\":4,\"name\":\"Papperskopp med logotryck &#8211; 60 cl\"}]},{\"@type\":\"WebSite\",\"@id\":\"https:\/\/grontkontor.dk\/#website\",\"url\":\"https:\/\/grontkontor.dk\/\",\"name\":\"Gr\u00f8nt Kontor\",\"description\":\"Milj\u00f8venlige produkter til kontor og erhverv med fokus p\u00e5 b\u00e6redygtighed, design og fair trade.\",\"publisher\":{\"@id\":\"https:\/\/grontkontor.dk\/#organization\"},\"potentialAction\":[{\"@type\":\"SearchAction\",\"target\":{\"@type\":\"EntryPoint\",\"urlTemplate\":\"https:\/\/grontkontor.dk\/?s={search_term_string}\"},\"query-input\":\"required name=search_term_string\"}],\"inLanguage\":\"sv-SE\"},{\"@type\":\"Organization\",\"@id\":\"https:\/\/grontkontor.dk\/#organization\",\"name\":\"Gr\u00f8nt Kontor\",\"url\":\"https:\/\/grontkontor.dk\/\",\"logo\":{\"@type\":\"ImageObject\",\"inLanguage\":\"sv-SE\",\"@id\":\"https:\/\/grontkontor.dk\/#\/schema\/logo\/image\/\",\"url\":\"https:\/\/grontkontor.dk\/wp-content\/uploads\/2014\/02\/Logo_groent_kontor_300x80.png\",\"contentUrl\":\"https:\/\/grontkontor.dk\/wp-content\/uploads\/2014\/02\/Logo_groent_kontor_300x80.png\",\"width\":300,\"height\":80,\"caption\":\"Gr\u00f8nt Kontor\"},\"image\":{\"@id\":\"https:\/\/grontkontor.dk\/#\/schema\/logo\/image\/\"},\"sameAs\":[\"https:\/\/www.facebook.com\/grontkontor.dk\/\"]}]}<\/script>\n<!-- \/ Yoast SEO Premium plugin. -->","yoast_head_json":{"title":"Papperskopp med logotryck - 60 cl - Gr\u00f8nt Kontor","robots":{"index":"index","follow":"follow","max-snippet":"max-snippet:-1","max-image-preview":"max-image-preview:large","max-video-preview":"max-video-preview:-1"},"canonical":"https:\/\/grontkontor.dk\/sv\/shop\/papperskopp-med-logo-tryck-60-cl-enkelvaeggig\/","og_locale":"sv_SE","og_type":"article","og_title":"Papperskopp med logotryck - 60 cl","og_description":"Milj\u00f6v\u00e4nliga 60 cl pappersb\u00e4gare tillverkat av FSC-certifierat papper, t\u00e4ckt med polyeten (PE). Allt material \u00e4r 100% biologiskt nedbrytbart. B\u00e4garna \u00e4r env\u00e4ggiga och \u00e4r d\u00e4rf\u00f6r s\u00e4rskilt l\u00e4mpliga f\u00f6r kalla drycker. Godk\u00e4nd f\u00f6r \u00e4ndam\u00e5let. Priset \u00e4r inkl. logotyputskrift i 4 f\u00e4rger. Producerad i EU. Vi kan l\u00e4gga till FSC-certifikatlogo utan extra kostnad.","og_url":"https:\/\/grontkontor.dk\/sv\/shop\/papperskopp-med-logo-tryck-60-cl-enkelvaeggig\/","og_site_name":"Gr\u00f8nt Kontor","article_publisher":"https:\/\/www.facebook.com\/grontkontor.dk\/","article_modified_time":"2023-09-22T21:05:18+00:00","og_image":[{"width":800,"height":568,"url":"https:\/\/grontkontor.dk\/wp-content\/uploads\/2017\/05\/470ml_sgl_03.jpg","type":"image\/jpeg"}],"twitter_card":"summary_large_image","schema":{"@context":"https:\/\/schema.org","@graph":[{"@type":"WebPage","@id":"https:\/\/grontkontor.dk\/sv\/shop\/papperskopp-med-logo-tryck-60-cl-enkelvaeggig\/","url":"https:\/\/grontkontor.dk\/sv\/shop\/papperskopp-med-logo-tryck-60-cl-enkelvaeggig\/","name":"Papperskopp med logotryck - 60 cl - Gr\u00f8nt Kontor","isPartOf":{"@id":"https:\/\/grontkontor.dk\/#website"},"datePublished":"2023-09-22T21:04:49+00:00","dateModified":"2023-09-22T21:05:18+00:00","breadcrumb":{"@id":"https:\/\/grontkontor.dk\/sv\/shop\/papperskopp-med-logo-tryck-60-cl-enkelvaeggig\/#breadcrumb"},"inLanguage":"sv-SE","potentialAction":[{"@type":"ReadAction","target":["https:\/\/grontkontor.dk\/sv\/shop\/papperskopp-med-logo-tryck-60-cl-enkelvaeggig\/"]}]},{"@type":"BreadcrumbList","@id":"https:\/\/grontkontor.dk\/sv\/shop\/papperskopp-med-logo-tryck-60-cl-enkelvaeggig\/#breadcrumb","itemListElement":[{"@type":"ListItem","position":1,"name":"Forside","item":"https:\/\/grontkontor.dk\/"},{"@type":"ListItem","position":2,"name":"Shop","item":"https:\/\/grontkontor.dk\/sv\/shop\/"},{"@type":"ListItem","position":3,"name":"Uncategorized @da","item":"https:\/\/grontkontor.dk\/sv\/produkt-kategori\/uncategorized-da-sv\/"},{"@type":"ListItem","position":4,"name":"Papperskopp med logotryck &#8211; 60 cl"}]},{"@type":"WebSite","@id":"https:\/\/grontkontor.dk\/#website","url":"https:\/\/grontkontor.dk\/","name":"Gr\u00f8nt Kontor","description":"Milj\u00f8venlige produkter til kontor og erhverv med fokus p\u00e5 b\u00e6redygtighed, design og fair trade.","publisher":{"@id":"https:\/\/grontkontor.dk\/#organization"},"potentialAction":[{"@type":"SearchAction","target":{"@type":"EntryPoint","urlTemplate":"https:\/\/grontkontor.dk\/?s={search_term_string}"},"query-input":"required name=search_term_string"}],"inLanguage":"sv-SE"},{"@type":"Organization","@id":"https:\/\/grontkontor.dk\/#organization","name":"Gr\u00f8nt Kontor","url":"https:\/\/grontkontor.dk\/","logo":{"@type":"ImageObject","inLanguage":"sv-SE","@id":"https:\/\/grontkontor.dk\/#\/schema\/logo\/image\/","url":"https:\/\/grontkontor.dk\/wp-content\/uploads\/2014\/02\/Logo_groent_kontor_300x80.png","contentUrl":"https:\/\/grontkontor.dk\/wp-content\/uploads\/2014\/02\/Logo_groent_kontor_300x80.png","width":300,"height":80,"caption":"Gr\u00f8nt Kontor"},"image":{"@id":"https:\/\/grontkontor.dk\/#\/schema\/logo\/image\/"},"sameAs":["https:\/\/www.facebook.com\/grontkontor.dk\/"]}]}},"_links":{"self":[{"href":"https:\/\/grontkontor.dk\/sv\/wp-json\/wp\/v2\/product\/74710"}],"collection":[{"href":"https:\/\/grontkontor.dk\/sv\/wp-json\/wp\/v2\/product"}],"about":[{"href":"https:\/\/grontkontor.dk\/sv\/wp-json\/wp\/v2\/types\/product"}],"replies":[{"embeddable":true,"href":"https:\/\/grontkontor.dk\/sv\/wp-json\/wp\/v2\/comments?post=74710"}],"wp:featuredmedia":[{"embeddable":true,"href":"https:\/\/grontkontor.dk\/sv\/wp-json\/wp\/v2\/media\/8535"}],"wp:attachment":[{"href":"https:\/\/grontkontor.dk\/sv\/wp-json\/wp\/v2\/media?parent=74710"}],"wp:term":[{"taxonomy":"product_cat","embeddable":true,"href":"https:\/\/grontkontor.dk\/sv\/wp-json\/wp\/v2\/product_cat?post=74710"},{"taxonomy":"product_tag","embeddable":true,"href":"https:\/\/grontkontor.dk\/sv\/wp-json\/wp\/v2\/product_tag?post=74710"}],"curies":[{"name":"wp","href":"https:\/\/api.w.org\/{rel}","templated":true}]}}