{"id":74715,"date":"2023-09-22T13:00:03","date_gmt":"2023-09-22T21:05:20","guid":{"rendered":"https:\/\/grontkontor.dk\/produkt\/kulpenna-bioplast-aatervunnet-papper-2\/"},"modified":"2024-02-29T09:39:44","modified_gmt":"2024-02-29T08:39:44","slug":"kulpenna-bioplast-aatervunnet-papper-2","status":"publish","type":"product","link":"https:\/\/grontkontor.dk\/sv\/shop\/kulpenna-bioplast-aatervunnet-papper-2\/","title":{"rendered":"Kulspetspenna i \u00e5tervunnen plast och \u00e5tervunnet papper"},"content":{"rendered":"<p>Original och klimatv\u00e4nlig mekanisk kulspetspenna i \u00e5tervunnen kartong med topp, fot och kl\u00e4mma i 30% \u00e5tervunnen plast.<br \/>\nLinjens tjocklek 0,8 mm. Levereras med bl\u00e5tt bl\u00e4ck i l\u00e5dor om 10 stycken. En v\u00e4ldesignad och relativt milj\u00f6v\u00e4nlig kulspetspenna.<br \/>\nVill du ha en mer <a class=\"light\" href=\"https:\/\/grontkontor.dk\/produkt\/kuglepen-bioplast-genbrugspap\/\">klimatv\u00e4nlig penna rekommenderar vi varmt v\u00e5r billiga och v\u00e4ldesignade kulspetspenna i \u00e5tervunnen kartong och bioplast<\/a><br \/>\nTillverkad i EU.<\/p>\n","protected":false},"excerpt":{"rendered":"<p>Original och klimatv\u00e4nlig mekanisk kulspetspenna i \u00e5tervunnen kartong med topp, fot och kl\u00e4mma i 30% \u00e5tervunnen plast. Linjens tjocklek 0,8 mm. Levereras med bl\u00e5tt bl\u00e4ck i l\u00e5dor om 10 stycken. En v\u00e4ldesignad och relativt milj\u00f6v\u00e4nlig kulspetspenna. Vill du ha en mer klimatv\u00e4nlig penna rekommenderar vi varmt v\u00e5r billiga och v\u00e4ldesignade kulspetspenna i \u00e5tervunnen kartong och [&hellip;]<\/p>\n","protected":false},"featured_media":10803,"comment_status":"closed","ping_status":"closed","template":"","meta":{"_acf_changed":false},"product_cat":[4415,2107,667,665],"product_tag":[1678,766,796,1354,1674,1672],"class_list":{"0":"post-74715","1":"product","2":"type-product","3":"status-publish","4":"has-post-thumbnail","6":"product_cat-pennor-och-blyertspennor","7":"product_cat-dummy-moq-1-sv","8":"product_cat-kulspetspennor","9":"product_cat-skrivtillbehoer","10":"product_tag-kuglepen-med-tryk-sv","11":"product_tag-kulpenna","12":"product_tag-penna","13":"product_tag-kuglepenne-sv","14":"product_tag-skriveredskab-sv","15":"product_tag-skriveudstyr-sv","16":"pa_farve-blaa-sv","17":"pa_farve-groen-sv","18":"pa_farve-gul-sv","19":"pa_farve-orange-sv","20":"pa_farve-roed-sv","21":"pa_farve-sort-sv","22":"pa_farve-hvid-sv","23":"tm-has-options","25":"first","26":"instock","27":"taxable","28":"shipping-taxable","29":"purchasable","30":"product-type-variable","31":"has-default-attributes"},"acf":[],"yoast_head":"<!-- This site is optimized with the Yoast SEO Premium plugin v21.2 (Yoast SEO v21.2) - https:\/\/yoast.com\/wordpress\/plugins\/seo\/ -->\n<title>Kulspetspenna i \u00e5tervunnen plast och \u00e5tervunnet papper - Gr\u00f8nt Kontor<\/title>\n<meta name=\"robots\" content=\"index, follow, max-snippet:-1, max-image-preview:large, max-video-preview:-1\" \/>\n<link rel=\"canonical\" href=\"https:\/\/grontkontor.dk\/sv\/shop\/kulpenna-bioplast-aatervunnet-papper-2\/\" \/>\n<meta property=\"og:locale\" content=\"sv_SE\" \/>\n<meta property=\"og:type\" content=\"article\" \/>\n<meta property=\"og:title\" content=\"Kulspetspenna i \u00e5tervunnen plast och \u00e5tervunnet papper\" \/>\n<meta property=\"og:description\" content=\"Original och klimatv\u00e4nlig mekanisk kulspetspenna i \u00e5tervunnen kartong med topp, fot och kl\u00e4mma i 30% \u00e5tervunnen plast. Linjens tjocklek 0,8 mm. Levereras med bl\u00e5tt bl\u00e4ck i l\u00e5dor om 10 stycken. En v\u00e4ldesignad och relativt milj\u00f6v\u00e4nlig kulspetspenna. Vill du ha en mer klimatv\u00e4nlig penna rekommenderar vi varmt v\u00e5r billiga och v\u00e4ldesignade kulspetspenna i \u00e5tervunnen kartong och [&hellip;]\" \/>\n<meta property=\"og:url\" content=\"https:\/\/grontkontor.dk\/sv\/shop\/kulpenna-bioplast-aatervunnet-papper-2\/\" \/>\n<meta property=\"og:site_name\" content=\"Gr\u00f8nt Kontor\" \/>\n<meta property=\"article:publisher\" content=\"https:\/\/www.facebook.com\/grontkontor.dk\/\" \/>\n<meta property=\"article:modified_time\" content=\"2024-02-29T08:39:44+00:00\" \/>\n<meta property=\"og:image\" content=\"https:\/\/grontkontor.dk\/wp-content\/uploads\/2017\/07\/kuglepen-mekanisk-papir-gron.jpg\" \/>\n\t<meta property=\"og:image:width\" content=\"800\" \/>\n\t<meta property=\"og:image:height\" content=\"568\" \/>\n\t<meta property=\"og:image:type\" content=\"image\/jpeg\" \/>\n<meta name=\"twitter:card\" content=\"summary_large_image\" \/>\n<script type=\"application\/ld+json\" class=\"yoast-schema-graph\">{\"@context\":\"https:\/\/schema.org\",\"@graph\":[{\"@type\":\"WebPage\",\"@id\":\"https:\/\/grontkontor.dk\/sv\/shop\/kulpenna-bioplast-aatervunnet-papper-2\/\",\"url\":\"https:\/\/grontkontor.dk\/sv\/shop\/kulpenna-bioplast-aatervunnet-papper-2\/\",\"name\":\"Kulspetspenna i \u00e5tervunnen plast och \u00e5tervunnet papper - Gr\u00f8nt Kontor\",\"isPartOf\":{\"@id\":\"https:\/\/grontkontor.dk\/#website\"},\"datePublished\":\"2023-09-22T21:05:20+00:00\",\"dateModified\":\"2024-02-29T08:39:44+00:00\",\"breadcrumb\":{\"@id\":\"https:\/\/grontkontor.dk\/sv\/shop\/kulpenna-bioplast-aatervunnet-papper-2\/#breadcrumb\"},\"inLanguage\":\"sv-SE\",\"potentialAction\":[{\"@type\":\"ReadAction\",\"target\":[\"https:\/\/grontkontor.dk\/sv\/shop\/kulpenna-bioplast-aatervunnet-papper-2\/\"]}]},{\"@type\":\"BreadcrumbList\",\"@id\":\"https:\/\/grontkontor.dk\/sv\/shop\/kulpenna-bioplast-aatervunnet-papper-2\/#breadcrumb\",\"itemListElement\":[{\"@type\":\"ListItem\",\"position\":1,\"name\":\"Forside\",\"item\":\"https:\/\/grontkontor.dk\/\"},{\"@type\":\"ListItem\",\"position\":2,\"name\":\"Shop\",\"item\":\"https:\/\/grontkontor.dk\/sv\/shop\/\"},{\"@type\":\"ListItem\",\"position\":3,\"name\":\"Klimatsmarta f\u00f6retagspresenter\",\"item\":\"https:\/\/grontkontor.dk\/sv\/produkt-kategori\/miljovaenliga-foretagspresenter\/\"},{\"@type\":\"ListItem\",\"position\":4,\"name\":\"Pennor och blyertspennor\",\"item\":\"https:\/\/grontkontor.dk\/sv\/produkt-kategori\/miljovaenliga-foretagspresenter\/pennor-och-blyertspennor\/\"},{\"@type\":\"ListItem\",\"position\":5,\"name\":\"Kulspetspenna i \u00e5tervunnen plast och \u00e5tervunnet papper\"}]},{\"@type\":\"WebSite\",\"@id\":\"https:\/\/grontkontor.dk\/#website\",\"url\":\"https:\/\/grontkontor.dk\/\",\"name\":\"Gr\u00f8nt Kontor\",\"description\":\"Milj\u00f8venlige produkter til kontor og erhverv med fokus p\u00e5 b\u00e6redygtighed, design og fair trade.\",\"publisher\":{\"@id\":\"https:\/\/grontkontor.dk\/#organization\"},\"potentialAction\":[{\"@type\":\"SearchAction\",\"target\":{\"@type\":\"EntryPoint\",\"urlTemplate\":\"https:\/\/grontkontor.dk\/?s={search_term_string}\"},\"query-input\":\"required name=search_term_string\"}],\"inLanguage\":\"sv-SE\"},{\"@type\":\"Organization\",\"@id\":\"https:\/\/grontkontor.dk\/#organization\",\"name\":\"Gr\u00f8nt Kontor\",\"url\":\"https:\/\/grontkontor.dk\/\",\"logo\":{\"@type\":\"ImageObject\",\"inLanguage\":\"sv-SE\",\"@id\":\"https:\/\/grontkontor.dk\/#\/schema\/logo\/image\/\",\"url\":\"https:\/\/grontkontor.dk\/wp-content\/uploads\/2014\/02\/Logo_groent_kontor_300x80.png\",\"contentUrl\":\"https:\/\/grontkontor.dk\/wp-content\/uploads\/2014\/02\/Logo_groent_kontor_300x80.png\",\"width\":300,\"height\":80,\"caption\":\"Gr\u00f8nt Kontor\"},\"image\":{\"@id\":\"https:\/\/grontkontor.dk\/#\/schema\/logo\/image\/\"},\"sameAs\":[\"https:\/\/www.facebook.com\/grontkontor.dk\/\"]}]}<\/script>\n<!-- \/ Yoast SEO Premium plugin. -->","yoast_head_json":{"title":"Kulspetspenna i \u00e5tervunnen plast och \u00e5tervunnet papper - Gr\u00f8nt Kontor","robots":{"index":"index","follow":"follow","max-snippet":"max-snippet:-1","max-image-preview":"max-image-preview:large","max-video-preview":"max-video-preview:-1"},"canonical":"https:\/\/grontkontor.dk\/sv\/shop\/kulpenna-bioplast-aatervunnet-papper-2\/","og_locale":"sv_SE","og_type":"article","og_title":"Kulspetspenna i \u00e5tervunnen plast och \u00e5tervunnet papper","og_description":"Original och klimatv\u00e4nlig mekanisk kulspetspenna i \u00e5tervunnen kartong med topp, fot och kl\u00e4mma i 30% \u00e5tervunnen plast. Linjens tjocklek 0,8 mm. Levereras med bl\u00e5tt bl\u00e4ck i l\u00e5dor om 10 stycken. En v\u00e4ldesignad och relativt milj\u00f6v\u00e4nlig kulspetspenna. Vill du ha en mer klimatv\u00e4nlig penna rekommenderar vi varmt v\u00e5r billiga och v\u00e4ldesignade kulspetspenna i \u00e5tervunnen kartong och [&hellip;]","og_url":"https:\/\/grontkontor.dk\/sv\/shop\/kulpenna-bioplast-aatervunnet-papper-2\/","og_site_name":"Gr\u00f8nt Kontor","article_publisher":"https:\/\/www.facebook.com\/grontkontor.dk\/","article_modified_time":"2024-02-29T08:39:44+00:00","og_image":[{"width":800,"height":568,"url":"https:\/\/grontkontor.dk\/wp-content\/uploads\/2017\/07\/kuglepen-mekanisk-papir-gron.jpg","type":"image\/jpeg"}],"twitter_card":"summary_large_image","schema":{"@context":"https:\/\/schema.org","@graph":[{"@type":"WebPage","@id":"https:\/\/grontkontor.dk\/sv\/shop\/kulpenna-bioplast-aatervunnet-papper-2\/","url":"https:\/\/grontkontor.dk\/sv\/shop\/kulpenna-bioplast-aatervunnet-papper-2\/","name":"Kulspetspenna i \u00e5tervunnen plast och \u00e5tervunnet papper - Gr\u00f8nt Kontor","isPartOf":{"@id":"https:\/\/grontkontor.dk\/#website"},"datePublished":"2023-09-22T21:05:20+00:00","dateModified":"2024-02-29T08:39:44+00:00","breadcrumb":{"@id":"https:\/\/grontkontor.dk\/sv\/shop\/kulpenna-bioplast-aatervunnet-papper-2\/#breadcrumb"},"inLanguage":"sv-SE","potentialAction":[{"@type":"ReadAction","target":["https:\/\/grontkontor.dk\/sv\/shop\/kulpenna-bioplast-aatervunnet-papper-2\/"]}]},{"@type":"BreadcrumbList","@id":"https:\/\/grontkontor.dk\/sv\/shop\/kulpenna-bioplast-aatervunnet-papper-2\/#breadcrumb","itemListElement":[{"@type":"ListItem","position":1,"name":"Forside","item":"https:\/\/grontkontor.dk\/"},{"@type":"ListItem","position":2,"name":"Shop","item":"https:\/\/grontkontor.dk\/sv\/shop\/"},{"@type":"ListItem","position":3,"name":"Klimatsmarta f\u00f6retagspresenter","item":"https:\/\/grontkontor.dk\/sv\/produkt-kategori\/miljovaenliga-foretagspresenter\/"},{"@type":"ListItem","position":4,"name":"Pennor och blyertspennor","item":"https:\/\/grontkontor.dk\/sv\/produkt-kategori\/miljovaenliga-foretagspresenter\/pennor-och-blyertspennor\/"},{"@type":"ListItem","position":5,"name":"Kulspetspenna i \u00e5tervunnen plast och \u00e5tervunnet papper"}]},{"@type":"WebSite","@id":"https:\/\/grontkontor.dk\/#website","url":"https:\/\/grontkontor.dk\/","name":"Gr\u00f8nt Kontor","description":"Milj\u00f8venlige produkter til kontor og erhverv med fokus p\u00e5 b\u00e6redygtighed, design og fair trade.","publisher":{"@id":"https:\/\/grontkontor.dk\/#organization"},"potentialAction":[{"@type":"SearchAction","target":{"@type":"EntryPoint","urlTemplate":"https:\/\/grontkontor.dk\/?s={search_term_string}"},"query-input":"required name=search_term_string"}],"inLanguage":"sv-SE"},{"@type":"Organization","@id":"https:\/\/grontkontor.dk\/#organization","name":"Gr\u00f8nt Kontor","url":"https:\/\/grontkontor.dk\/","logo":{"@type":"ImageObject","inLanguage":"sv-SE","@id":"https:\/\/grontkontor.dk\/#\/schema\/logo\/image\/","url":"https:\/\/grontkontor.dk\/wp-content\/uploads\/2014\/02\/Logo_groent_kontor_300x80.png","contentUrl":"https:\/\/grontkontor.dk\/wp-content\/uploads\/2014\/02\/Logo_groent_kontor_300x80.png","width":300,"height":80,"caption":"Gr\u00f8nt Kontor"},"image":{"@id":"https:\/\/grontkontor.dk\/#\/schema\/logo\/image\/"},"sameAs":["https:\/\/www.facebook.com\/grontkontor.dk\/"]}]}},"_links":{"self":[{"href":"https:\/\/grontkontor.dk\/sv\/wp-json\/wp\/v2\/product\/74715"}],"collection":[{"href":"https:\/\/grontkontor.dk\/sv\/wp-json\/wp\/v2\/product"}],"about":[{"href":"https:\/\/grontkontor.dk\/sv\/wp-json\/wp\/v2\/types\/product"}],"replies":[{"embeddable":true,"href":"https:\/\/grontkontor.dk\/sv\/wp-json\/wp\/v2\/comments?post=74715"}],"wp:featuredmedia":[{"embeddable":true,"href":"https:\/\/grontkontor.dk\/sv\/wp-json\/wp\/v2\/media\/10803"}],"wp:attachment":[{"href":"https:\/\/grontkontor.dk\/sv\/wp-json\/wp\/v2\/media?parent=74715"}],"wp:term":[{"taxonomy":"product_cat","embeddable":true,"href":"https:\/\/grontkontor.dk\/sv\/wp-json\/wp\/v2\/product_cat?post=74715"},{"taxonomy":"product_tag","embeddable":true,"href":"https:\/\/grontkontor.dk\/sv\/wp-json\/wp\/v2\/product_tag?post=74715"}],"curies":[{"name":"wp","href":"https:\/\/api.w.org\/{rel}","templated":true}]}}