{"id":74737,"date":"2023-09-22T13:05:07","date_gmt":"2023-09-22T21:05:46","guid":{"rendered":"https:\/\/grontkontor.dk\/produkt\/vaextgaava-loenntraed\/"},"modified":"2023-09-22T23:06:10","modified_gmt":"2023-09-22T21:06:10","slug":"vaextgaava-loenntraed","status":"publish","type":"product","link":"https:\/\/grontkontor.dk\/sv\/shop\/vaextgaava-loenntraed\/","title":{"rendered":"V\u00e4xtg\u00e5va i l\u00f6nntr\u00e4d"},"content":{"rendered":"<p>Urtepottes\u00e6t gjord av h\u00e5llbar l\u00f6nn. Tillverkad av ren naturliga material: l\u00f6nn tr\u00e4, papper och jord.<\/p>\n<p>V\u00e4lj bland 15 fr\u00f6n, bland andra. a. chili, basilika, \u00f6rtblandning, timjan och solros. levereras med &#8220;markpiller&#8221; som passar kuben.<\/p>\n<p>En naturbit p\u00e5 ett skrivbord eller f\u00f6nsterbr\u00e4da illustrerar det gr\u00f6na fingeravtrycket f\u00f6r ett f\u00f6retag som annonserar. 4x4x4 cm. Priset \u00e4r inkl. Fyrf\u00e4rgat tryck p\u00e5 pappersskyddet. Finns ocks\u00e5 med lasergravering p\u00e5 kuben<br \/>\nEn bokstavligen out-of-the-box, vacker, milj\u00f6v\u00e4nlig och livlig reklamg\u00e5va.<br \/>\nKan som n\u00e5got helt nytt nu leveres med &oslash;kologiske fr&oslash;, ytterligare upplysningar p\u00e5 <a class=\"light\" href=\"mailto:info@grontkontor.dk\">info@grontkontor.dk<\/a><\/p>\n","protected":false},"excerpt":{"rendered":"<p>Urtepottes\u00e6t gjord av h\u00e5llbar l\u00f6nn. Tillverkad av ren naturliga material: l\u00f6nn tr\u00e4, papper och jord. V\u00e4lj bland 15 fr\u00f6n, bland andra. a. chili, basilika, \u00f6rtblandning, timjan och solros. levereras med &#8220;markpiller&#8221; som passar kuben. En naturbit p\u00e5 ett skrivbord eller f\u00f6nsterbr\u00e4da illustrerar det gr\u00f6na fingeravtrycket f\u00f6r ett f\u00f6retag som annonserar. 4x4x4 cm. Priset \u00e4r inkl. [&hellip;]<\/p>\n","protected":false},"featured_media":14127,"comment_status":"closed","ping_status":"closed","template":"","meta":{"_acf_changed":false},"product_cat":[2325,867,1854,1863],"product_tag":[1865,1864],"class_list":{"0":"post-74737","1":"product","2":"type-product","3":"status-publish","4":"has-post-thumbnail","6":"product_cat-dummy-moq-250-sv","7":"product_cat-miljovaenliga-foretagspresenter","8":"product_cat-produkt-serier-se","9":"product_cat-vaext-gaavor","10":"product_tag-urtepotte-sv","11":"product_tag-plantegave-sv","12":"tm-has-options","14":"first","15":"instock","16":"taxable","17":"shipping-taxable","18":"product-type-variable"},"acf":[],"yoast_head":"<!-- This site is optimized with the Yoast SEO Premium plugin v21.2 (Yoast SEO v21.2) - https:\/\/yoast.com\/wordpress\/plugins\/seo\/ -->\n<title>V\u00e4xtg\u00e5va i l\u00f6nntr\u00e4d - Gr\u00f8nt Kontor<\/title>\n<meta name=\"robots\" content=\"index, follow, max-snippet:-1, max-image-preview:large, max-video-preview:-1\" \/>\n<link rel=\"canonical\" href=\"https:\/\/grontkontor.dk\/sv\/shop\/vaextgaava-loenntraed\/\" \/>\n<meta property=\"og:locale\" content=\"sv_SE\" \/>\n<meta property=\"og:type\" content=\"article\" \/>\n<meta property=\"og:title\" content=\"V\u00e4xtg\u00e5va i l\u00f6nntr\u00e4d\" \/>\n<meta property=\"og:description\" content=\"Urtepottes\u00e6t gjord av h\u00e5llbar l\u00f6nn. Tillverkad av ren naturliga material: l\u00f6nn tr\u00e4, papper och jord. V\u00e4lj bland 15 fr\u00f6n, bland andra. a. chili, basilika, \u00f6rtblandning, timjan och solros. levereras med &#8220;markpiller&#8221; som passar kuben. En naturbit p\u00e5 ett skrivbord eller f\u00f6nsterbr\u00e4da illustrerar det gr\u00f6na fingeravtrycket f\u00f6r ett f\u00f6retag som annonserar. 4x4x4 cm. Priset \u00e4r inkl. [&hellip;]\" \/>\n<meta property=\"og:url\" content=\"https:\/\/grontkontor.dk\/sv\/shop\/vaextgaava-loenntraed\/\" \/>\n<meta property=\"og:site_name\" content=\"Gr\u00f8nt Kontor\" \/>\n<meta property=\"article:publisher\" content=\"https:\/\/www.facebook.com\/grontkontor.dk\/\" \/>\n<meta property=\"article:modified_time\" content=\"2023-09-22T21:06:10+00:00\" \/>\n<meta property=\"og:image\" content=\"https:\/\/grontkontor.dk\/wp-content\/uploads\/2019\/08\/plantegave-ahorn-001.jpg\" \/>\n\t<meta property=\"og:image:width\" content=\"800\" \/>\n\t<meta property=\"og:image:height\" content=\"568\" \/>\n\t<meta property=\"og:image:type\" content=\"image\/jpeg\" \/>\n<meta name=\"twitter:card\" content=\"summary_large_image\" \/>\n<script type=\"application\/ld+json\" class=\"yoast-schema-graph\">{\"@context\":\"https:\/\/schema.org\",\"@graph\":[{\"@type\":\"WebPage\",\"@id\":\"https:\/\/grontkontor.dk\/sv\/shop\/vaextgaava-loenntraed\/\",\"url\":\"https:\/\/grontkontor.dk\/sv\/shop\/vaextgaava-loenntraed\/\",\"name\":\"V\u00e4xtg\u00e5va i l\u00f6nntr\u00e4d - Gr\u00f8nt Kontor\",\"isPartOf\":{\"@id\":\"https:\/\/grontkontor.dk\/#website\"},\"datePublished\":\"2023-09-22T21:05:46+00:00\",\"dateModified\":\"2023-09-22T21:06:10+00:00\",\"breadcrumb\":{\"@id\":\"https:\/\/grontkontor.dk\/sv\/shop\/vaextgaava-loenntraed\/#breadcrumb\"},\"inLanguage\":\"sv-SE\",\"potentialAction\":[{\"@type\":\"ReadAction\",\"target\":[\"https:\/\/grontkontor.dk\/sv\/shop\/vaextgaava-loenntraed\/\"]}]},{\"@type\":\"BreadcrumbList\",\"@id\":\"https:\/\/grontkontor.dk\/sv\/shop\/vaextgaava-loenntraed\/#breadcrumb\",\"itemListElement\":[{\"@type\":\"ListItem\",\"position\":1,\"name\":\"Forside\",\"item\":\"https:\/\/grontkontor.dk\/\"},{\"@type\":\"ListItem\",\"position\":2,\"name\":\"Shop\",\"item\":\"https:\/\/grontkontor.dk\/sv\/shop\/\"},{\"@type\":\"ListItem\",\"position\":3,\"name\":\"Produktserier\",\"item\":\"https:\/\/grontkontor.dk\/produkt-kategori\/produktserier-da\/\"},{\"@type\":\"ListItem\",\"position\":4,\"name\":\"Plantegaver\",\"item\":\"https:\/\/grontkontor.dk\/produkt-kategori\/produktserier-da\/plantegaver\/\"},{\"@type\":\"ListItem\",\"position\":5,\"name\":\"V\u00e4xtg\u00e5va i l\u00f6nntr\u00e4d\"}]},{\"@type\":\"WebSite\",\"@id\":\"https:\/\/grontkontor.dk\/#website\",\"url\":\"https:\/\/grontkontor.dk\/\",\"name\":\"Gr\u00f8nt Kontor\",\"description\":\"Milj\u00f8venlige produkter til kontor og erhverv med fokus p\u00e5 b\u00e6redygtighed, design og fair trade.\",\"publisher\":{\"@id\":\"https:\/\/grontkontor.dk\/#organization\"},\"potentialAction\":[{\"@type\":\"SearchAction\",\"target\":{\"@type\":\"EntryPoint\",\"urlTemplate\":\"https:\/\/grontkontor.dk\/?s={search_term_string}\"},\"query-input\":\"required name=search_term_string\"}],\"inLanguage\":\"sv-SE\"},{\"@type\":\"Organization\",\"@id\":\"https:\/\/grontkontor.dk\/#organization\",\"name\":\"Gr\u00f8nt Kontor\",\"url\":\"https:\/\/grontkontor.dk\/\",\"logo\":{\"@type\":\"ImageObject\",\"inLanguage\":\"sv-SE\",\"@id\":\"https:\/\/grontkontor.dk\/#\/schema\/logo\/image\/\",\"url\":\"https:\/\/grontkontor.dk\/wp-content\/uploads\/2014\/02\/Logo_groent_kontor_300x80.png\",\"contentUrl\":\"https:\/\/grontkontor.dk\/wp-content\/uploads\/2014\/02\/Logo_groent_kontor_300x80.png\",\"width\":300,\"height\":80,\"caption\":\"Gr\u00f8nt Kontor\"},\"image\":{\"@id\":\"https:\/\/grontkontor.dk\/#\/schema\/logo\/image\/\"},\"sameAs\":[\"https:\/\/www.facebook.com\/grontkontor.dk\/\"]}]}<\/script>\n<!-- \/ Yoast SEO Premium plugin. -->","yoast_head_json":{"title":"V\u00e4xtg\u00e5va i l\u00f6nntr\u00e4d - Gr\u00f8nt Kontor","robots":{"index":"index","follow":"follow","max-snippet":"max-snippet:-1","max-image-preview":"max-image-preview:large","max-video-preview":"max-video-preview:-1"},"canonical":"https:\/\/grontkontor.dk\/sv\/shop\/vaextgaava-loenntraed\/","og_locale":"sv_SE","og_type":"article","og_title":"V\u00e4xtg\u00e5va i l\u00f6nntr\u00e4d","og_description":"Urtepottes\u00e6t gjord av h\u00e5llbar l\u00f6nn. Tillverkad av ren naturliga material: l\u00f6nn tr\u00e4, papper och jord. V\u00e4lj bland 15 fr\u00f6n, bland andra. a. chili, basilika, \u00f6rtblandning, timjan och solros. levereras med &#8220;markpiller&#8221; som passar kuben. En naturbit p\u00e5 ett skrivbord eller f\u00f6nsterbr\u00e4da illustrerar det gr\u00f6na fingeravtrycket f\u00f6r ett f\u00f6retag som annonserar. 4x4x4 cm. Priset \u00e4r inkl. [&hellip;]","og_url":"https:\/\/grontkontor.dk\/sv\/shop\/vaextgaava-loenntraed\/","og_site_name":"Gr\u00f8nt Kontor","article_publisher":"https:\/\/www.facebook.com\/grontkontor.dk\/","article_modified_time":"2023-09-22T21:06:10+00:00","og_image":[{"width":800,"height":568,"url":"https:\/\/grontkontor.dk\/wp-content\/uploads\/2019\/08\/plantegave-ahorn-001.jpg","type":"image\/jpeg"}],"twitter_card":"summary_large_image","schema":{"@context":"https:\/\/schema.org","@graph":[{"@type":"WebPage","@id":"https:\/\/grontkontor.dk\/sv\/shop\/vaextgaava-loenntraed\/","url":"https:\/\/grontkontor.dk\/sv\/shop\/vaextgaava-loenntraed\/","name":"V\u00e4xtg\u00e5va i l\u00f6nntr\u00e4d - Gr\u00f8nt Kontor","isPartOf":{"@id":"https:\/\/grontkontor.dk\/#website"},"datePublished":"2023-09-22T21:05:46+00:00","dateModified":"2023-09-22T21:06:10+00:00","breadcrumb":{"@id":"https:\/\/grontkontor.dk\/sv\/shop\/vaextgaava-loenntraed\/#breadcrumb"},"inLanguage":"sv-SE","potentialAction":[{"@type":"ReadAction","target":["https:\/\/grontkontor.dk\/sv\/shop\/vaextgaava-loenntraed\/"]}]},{"@type":"BreadcrumbList","@id":"https:\/\/grontkontor.dk\/sv\/shop\/vaextgaava-loenntraed\/#breadcrumb","itemListElement":[{"@type":"ListItem","position":1,"name":"Forside","item":"https:\/\/grontkontor.dk\/"},{"@type":"ListItem","position":2,"name":"Shop","item":"https:\/\/grontkontor.dk\/sv\/shop\/"},{"@type":"ListItem","position":3,"name":"Produktserier","item":"https:\/\/grontkontor.dk\/produkt-kategori\/produktserier-da\/"},{"@type":"ListItem","position":4,"name":"Plantegaver","item":"https:\/\/grontkontor.dk\/produkt-kategori\/produktserier-da\/plantegaver\/"},{"@type":"ListItem","position":5,"name":"V\u00e4xtg\u00e5va i l\u00f6nntr\u00e4d"}]},{"@type":"WebSite","@id":"https:\/\/grontkontor.dk\/#website","url":"https:\/\/grontkontor.dk\/","name":"Gr\u00f8nt Kontor","description":"Milj\u00f8venlige produkter til kontor og erhverv med fokus p\u00e5 b\u00e6redygtighed, design og fair trade.","publisher":{"@id":"https:\/\/grontkontor.dk\/#organization"},"potentialAction":[{"@type":"SearchAction","target":{"@type":"EntryPoint","urlTemplate":"https:\/\/grontkontor.dk\/?s={search_term_string}"},"query-input":"required name=search_term_string"}],"inLanguage":"sv-SE"},{"@type":"Organization","@id":"https:\/\/grontkontor.dk\/#organization","name":"Gr\u00f8nt Kontor","url":"https:\/\/grontkontor.dk\/","logo":{"@type":"ImageObject","inLanguage":"sv-SE","@id":"https:\/\/grontkontor.dk\/#\/schema\/logo\/image\/","url":"https:\/\/grontkontor.dk\/wp-content\/uploads\/2014\/02\/Logo_groent_kontor_300x80.png","contentUrl":"https:\/\/grontkontor.dk\/wp-content\/uploads\/2014\/02\/Logo_groent_kontor_300x80.png","width":300,"height":80,"caption":"Gr\u00f8nt Kontor"},"image":{"@id":"https:\/\/grontkontor.dk\/#\/schema\/logo\/image\/"},"sameAs":["https:\/\/www.facebook.com\/grontkontor.dk\/"]}]}},"_links":{"self":[{"href":"https:\/\/grontkontor.dk\/sv\/wp-json\/wp\/v2\/product\/74737"}],"collection":[{"href":"https:\/\/grontkontor.dk\/sv\/wp-json\/wp\/v2\/product"}],"about":[{"href":"https:\/\/grontkontor.dk\/sv\/wp-json\/wp\/v2\/types\/product"}],"replies":[{"embeddable":true,"href":"https:\/\/grontkontor.dk\/sv\/wp-json\/wp\/v2\/comments?post=74737"}],"wp:featuredmedia":[{"embeddable":true,"href":"https:\/\/grontkontor.dk\/sv\/wp-json\/wp\/v2\/media\/14127"}],"wp:attachment":[{"href":"https:\/\/grontkontor.dk\/sv\/wp-json\/wp\/v2\/media?parent=74737"}],"wp:term":[{"taxonomy":"product_cat","embeddable":true,"href":"https:\/\/grontkontor.dk\/sv\/wp-json\/wp\/v2\/product_cat?post=74737"},{"taxonomy":"product_tag","embeddable":true,"href":"https:\/\/grontkontor.dk\/sv\/wp-json\/wp\/v2\/product_tag?post=74737"}],"curies":[{"name":"wp","href":"https:\/\/api.w.org\/{rel}","templated":true}]}}