{"id":74772,"date":"2023-09-22T13:05:54","date_gmt":"2023-09-22T21:06:13","guid":{"rendered":"https:\/\/grontkontor.dk\/produkt\/muggar-bioplast-kork\/"},"modified":"2023-09-22T23:06:43","modified_gmt":"2023-09-22T21:06:43","slug":"muggar-bioplast-kork","status":"publish","type":"product","link":"https:\/\/grontkontor.dk\/sv\/shop\/muggar-bioplast-kork\/","title":{"rendered":"Lyxiga muggar i bioplast och kork"},"content":{"rendered":"<p>Snygg och h\u00e5llbar dricksmugg, tillverkad av PLA med korkst\u00f6d. Muggen \u00e4r fri fr\u00e5n BPA (bisfenol-A), \u00e5teranv\u00e4ndbar, biologiskt nedbrytbar och komposterbar. En klimat och milj\u00f6v\u00e4nlig produkt, perfekt f\u00f6r varma drycker upp till 120 grader. Inneh\u00e5ll: 400 ml. M\u00e5tt: 15,1 x 7,7 cm. Minsta best\u00e4llning: 30 st.<br \/>\nPLA (PolyLacticAcid) \u00e4r bioplast baserat p\u00e5 v\u00e4xter som majsst\u00e4rkelse, spannm\u00e5l eller sockerr\u00f6r. Det betraktas som ett milj\u00f6v\u00e4nligt alternativ till petrobaserad plast, som \u00e4r k\u00e4nd f\u00f6r att vara baserad p\u00e5 r\u00e5olja, och \u00e4r flera tusen \u00e5r av att f\u00f6rs\u00e4mras i naturen, som idag \u00e4r ett enormt problem f\u00f6r milj\u00f6n i v\u00e5r v\u00e4rldstr\u00e4dg\u00e5rd.<\/p>\n","protected":false},"excerpt":{"rendered":"<p>Snygg och h\u00e5llbar dricksmugg, tillverkad av PLA med korkst\u00f6d. Muggen \u00e4r fri fr\u00e5n BPA (bisfenol-A), \u00e5teranv\u00e4ndbar, biologiskt nedbrytbar och komposterbar. En klimat och milj\u00f6v\u00e4nlig produkt, perfekt f\u00f6r varma drycker upp till 120 grader. Inneh\u00e5ll: 400 ml. M\u00e5tt: 15,1 x 7,7 cm. Minsta best\u00e4llning: 30 st. PLA (PolyLacticAcid) \u00e4r bioplast baserat p\u00e5 v\u00e4xter som majsst\u00e4rkelse, spannm\u00e5l [&hellip;]<\/p>\n","protected":false},"featured_media":14632,"comment_status":"closed","ping_status":"closed","template":"","meta":{"_acf_changed":false},"product_cat":[2450,867,2233,1954],"product_tag":[1911,1910,1912],"class_list":{"0":"post-74772","1":"product","2":"type-product","3":"status-publish","4":"has-post-thumbnail","6":"product_cat-dummy-moq-10-50-sv","7":"product_cat-miljovaenliga-foretagspresenter","8":"product_cat-mat-och-dryck","9":"product_cat-muggar-och-koppar","10":"product_tag-kaffekrus-sv","11":"product_tag-krus-sv","12":"product_tag-termokrus-sv","13":"tm-has-options","15":"first","16":"instock","17":"taxable","18":"shipping-taxable","19":"purchasable","20":"product-type-simple"},"acf":[],"yoast_head":"<!-- This site is optimized with the Yoast SEO Premium plugin v21.2 (Yoast SEO v21.2) - https:\/\/yoast.com\/wordpress\/plugins\/seo\/ -->\n<title>Lyxiga muggar i bioplast och kork - Gr\u00f8nt Kontor<\/title>\n<meta name=\"robots\" content=\"index, follow, max-snippet:-1, max-image-preview:large, max-video-preview:-1\" \/>\n<link rel=\"canonical\" href=\"https:\/\/grontkontor.dk\/sv\/shop\/muggar-bioplast-kork\/\" \/>\n<meta property=\"og:locale\" content=\"sv_SE\" \/>\n<meta property=\"og:type\" content=\"article\" \/>\n<meta property=\"og:title\" content=\"Lyxiga muggar i bioplast och kork\" \/>\n<meta property=\"og:description\" content=\"Snygg och h\u00e5llbar dricksmugg, tillverkad av PLA med korkst\u00f6d. Muggen \u00e4r fri fr\u00e5n BPA (bisfenol-A), \u00e5teranv\u00e4ndbar, biologiskt nedbrytbar och komposterbar. En klimat och milj\u00f6v\u00e4nlig produkt, perfekt f\u00f6r varma drycker upp till 120 grader. Inneh\u00e5ll: 400 ml. M\u00e5tt: 15,1 x 7,7 cm. Minsta best\u00e4llning: 30 st. PLA (PolyLacticAcid) \u00e4r bioplast baserat p\u00e5 v\u00e4xter som majsst\u00e4rkelse, spannm\u00e5l [&hellip;]\" \/>\n<meta property=\"og:url\" content=\"https:\/\/grontkontor.dk\/sv\/shop\/muggar-bioplast-kork\/\" \/>\n<meta property=\"og:site_name\" content=\"Gr\u00f8nt Kontor\" \/>\n<meta property=\"article:publisher\" content=\"https:\/\/www.facebook.com\/grontkontor.dk\/\" \/>\n<meta property=\"article:modified_time\" content=\"2023-09-22T21:06:43+00:00\" \/>\n<meta property=\"og:image\" content=\"https:\/\/grontkontor.dk\/wp-content\/uploads\/2019\/10\/drikke-krus-bioplast-kork-03.jpg\" \/>\n\t<meta property=\"og:image:width\" content=\"800\" \/>\n\t<meta property=\"og:image:height\" content=\"568\" \/>\n\t<meta property=\"og:image:type\" content=\"image\/jpeg\" \/>\n<meta name=\"twitter:card\" content=\"summary_large_image\" \/>\n<meta name=\"twitter:label1\" content=\"Ber\u00e4knad l\u00e4stid\" \/>\n\t<meta name=\"twitter:data1\" content=\"1 minut\" \/>\n<script type=\"application\/ld+json\" class=\"yoast-schema-graph\">{\"@context\":\"https:\/\/schema.org\",\"@graph\":[{\"@type\":\"WebPage\",\"@id\":\"https:\/\/grontkontor.dk\/sv\/shop\/muggar-bioplast-kork\/\",\"url\":\"https:\/\/grontkontor.dk\/sv\/shop\/muggar-bioplast-kork\/\",\"name\":\"Lyxiga muggar i bioplast och kork - Gr\u00f8nt Kontor\",\"isPartOf\":{\"@id\":\"https:\/\/grontkontor.dk\/#website\"},\"datePublished\":\"2023-09-22T21:06:13+00:00\",\"dateModified\":\"2023-09-22T21:06:43+00:00\",\"breadcrumb\":{\"@id\":\"https:\/\/grontkontor.dk\/sv\/shop\/muggar-bioplast-kork\/#breadcrumb\"},\"inLanguage\":\"sv-SE\",\"potentialAction\":[{\"@type\":\"ReadAction\",\"target\":[\"https:\/\/grontkontor.dk\/sv\/shop\/muggar-bioplast-kork\/\"]}]},{\"@type\":\"BreadcrumbList\",\"@id\":\"https:\/\/grontkontor.dk\/sv\/shop\/muggar-bioplast-kork\/#breadcrumb\",\"itemListElement\":[{\"@type\":\"ListItem\",\"position\":1,\"name\":\"Forside\",\"item\":\"https:\/\/grontkontor.dk\/\"},{\"@type\":\"ListItem\",\"position\":2,\"name\":\"Shop\",\"item\":\"https:\/\/grontkontor.dk\/sv\/shop\/\"},{\"@type\":\"ListItem\",\"position\":3,\"name\":\"Mat och dryck\",\"item\":\"https:\/\/grontkontor.dk\/sv\/produkt-kategori\/mat-och-dryck\/\"},{\"@type\":\"ListItem\",\"position\":4,\"name\":\"Muggar och koppar\",\"item\":\"https:\/\/grontkontor.dk\/sv\/produkt-kategori\/mat-och-dryck\/muggar-och-koppar\/\"},{\"@type\":\"ListItem\",\"position\":5,\"name\":\"Lyxiga muggar i bioplast och kork\"}]},{\"@type\":\"WebSite\",\"@id\":\"https:\/\/grontkontor.dk\/#website\",\"url\":\"https:\/\/grontkontor.dk\/\",\"name\":\"Gr\u00f8nt Kontor\",\"description\":\"Milj\u00f8venlige produkter til kontor og erhverv med fokus p\u00e5 b\u00e6redygtighed, design og fair trade.\",\"publisher\":{\"@id\":\"https:\/\/grontkontor.dk\/#organization\"},\"potentialAction\":[{\"@type\":\"SearchAction\",\"target\":{\"@type\":\"EntryPoint\",\"urlTemplate\":\"https:\/\/grontkontor.dk\/?s={search_term_string}\"},\"query-input\":\"required name=search_term_string\"}],\"inLanguage\":\"sv-SE\"},{\"@type\":\"Organization\",\"@id\":\"https:\/\/grontkontor.dk\/#organization\",\"name\":\"Gr\u00f8nt Kontor\",\"url\":\"https:\/\/grontkontor.dk\/\",\"logo\":{\"@type\":\"ImageObject\",\"inLanguage\":\"sv-SE\",\"@id\":\"https:\/\/grontkontor.dk\/#\/schema\/logo\/image\/\",\"url\":\"https:\/\/grontkontor.dk\/wp-content\/uploads\/2014\/02\/Logo_groent_kontor_300x80.png\",\"contentUrl\":\"https:\/\/grontkontor.dk\/wp-content\/uploads\/2014\/02\/Logo_groent_kontor_300x80.png\",\"width\":300,\"height\":80,\"caption\":\"Gr\u00f8nt Kontor\"},\"image\":{\"@id\":\"https:\/\/grontkontor.dk\/#\/schema\/logo\/image\/\"},\"sameAs\":[\"https:\/\/www.facebook.com\/grontkontor.dk\/\"]}]}<\/script>\n<!-- \/ Yoast SEO Premium plugin. -->","yoast_head_json":{"title":"Lyxiga muggar i bioplast och kork - Gr\u00f8nt Kontor","robots":{"index":"index","follow":"follow","max-snippet":"max-snippet:-1","max-image-preview":"max-image-preview:large","max-video-preview":"max-video-preview:-1"},"canonical":"https:\/\/grontkontor.dk\/sv\/shop\/muggar-bioplast-kork\/","og_locale":"sv_SE","og_type":"article","og_title":"Lyxiga muggar i bioplast och kork","og_description":"Snygg och h\u00e5llbar dricksmugg, tillverkad av PLA med korkst\u00f6d. Muggen \u00e4r fri fr\u00e5n BPA (bisfenol-A), \u00e5teranv\u00e4ndbar, biologiskt nedbrytbar och komposterbar. En klimat och milj\u00f6v\u00e4nlig produkt, perfekt f\u00f6r varma drycker upp till 120 grader. Inneh\u00e5ll: 400 ml. M\u00e5tt: 15,1 x 7,7 cm. Minsta best\u00e4llning: 30 st. PLA (PolyLacticAcid) \u00e4r bioplast baserat p\u00e5 v\u00e4xter som majsst\u00e4rkelse, spannm\u00e5l [&hellip;]","og_url":"https:\/\/grontkontor.dk\/sv\/shop\/muggar-bioplast-kork\/","og_site_name":"Gr\u00f8nt Kontor","article_publisher":"https:\/\/www.facebook.com\/grontkontor.dk\/","article_modified_time":"2023-09-22T21:06:43+00:00","og_image":[{"width":800,"height":568,"url":"https:\/\/grontkontor.dk\/wp-content\/uploads\/2019\/10\/drikke-krus-bioplast-kork-03.jpg","type":"image\/jpeg"}],"twitter_card":"summary_large_image","twitter_misc":{"Ber\u00e4knad l\u00e4stid":"1 minut"},"schema":{"@context":"https:\/\/schema.org","@graph":[{"@type":"WebPage","@id":"https:\/\/grontkontor.dk\/sv\/shop\/muggar-bioplast-kork\/","url":"https:\/\/grontkontor.dk\/sv\/shop\/muggar-bioplast-kork\/","name":"Lyxiga muggar i bioplast och kork - Gr\u00f8nt Kontor","isPartOf":{"@id":"https:\/\/grontkontor.dk\/#website"},"datePublished":"2023-09-22T21:06:13+00:00","dateModified":"2023-09-22T21:06:43+00:00","breadcrumb":{"@id":"https:\/\/grontkontor.dk\/sv\/shop\/muggar-bioplast-kork\/#breadcrumb"},"inLanguage":"sv-SE","potentialAction":[{"@type":"ReadAction","target":["https:\/\/grontkontor.dk\/sv\/shop\/muggar-bioplast-kork\/"]}]},{"@type":"BreadcrumbList","@id":"https:\/\/grontkontor.dk\/sv\/shop\/muggar-bioplast-kork\/#breadcrumb","itemListElement":[{"@type":"ListItem","position":1,"name":"Forside","item":"https:\/\/grontkontor.dk\/"},{"@type":"ListItem","position":2,"name":"Shop","item":"https:\/\/grontkontor.dk\/sv\/shop\/"},{"@type":"ListItem","position":3,"name":"Mat och dryck","item":"https:\/\/grontkontor.dk\/sv\/produkt-kategori\/mat-och-dryck\/"},{"@type":"ListItem","position":4,"name":"Muggar och koppar","item":"https:\/\/grontkontor.dk\/sv\/produkt-kategori\/mat-och-dryck\/muggar-och-koppar\/"},{"@type":"ListItem","position":5,"name":"Lyxiga muggar i bioplast och kork"}]},{"@type":"WebSite","@id":"https:\/\/grontkontor.dk\/#website","url":"https:\/\/grontkontor.dk\/","name":"Gr\u00f8nt Kontor","description":"Milj\u00f8venlige produkter til kontor og erhverv med fokus p\u00e5 b\u00e6redygtighed, design og fair trade.","publisher":{"@id":"https:\/\/grontkontor.dk\/#organization"},"potentialAction":[{"@type":"SearchAction","target":{"@type":"EntryPoint","urlTemplate":"https:\/\/grontkontor.dk\/?s={search_term_string}"},"query-input":"required name=search_term_string"}],"inLanguage":"sv-SE"},{"@type":"Organization","@id":"https:\/\/grontkontor.dk\/#organization","name":"Gr\u00f8nt Kontor","url":"https:\/\/grontkontor.dk\/","logo":{"@type":"ImageObject","inLanguage":"sv-SE","@id":"https:\/\/grontkontor.dk\/#\/schema\/logo\/image\/","url":"https:\/\/grontkontor.dk\/wp-content\/uploads\/2014\/02\/Logo_groent_kontor_300x80.png","contentUrl":"https:\/\/grontkontor.dk\/wp-content\/uploads\/2014\/02\/Logo_groent_kontor_300x80.png","width":300,"height":80,"caption":"Gr\u00f8nt Kontor"},"image":{"@id":"https:\/\/grontkontor.dk\/#\/schema\/logo\/image\/"},"sameAs":["https:\/\/www.facebook.com\/grontkontor.dk\/"]}]}},"_links":{"self":[{"href":"https:\/\/grontkontor.dk\/sv\/wp-json\/wp\/v2\/product\/74772"}],"collection":[{"href":"https:\/\/grontkontor.dk\/sv\/wp-json\/wp\/v2\/product"}],"about":[{"href":"https:\/\/grontkontor.dk\/sv\/wp-json\/wp\/v2\/types\/product"}],"replies":[{"embeddable":true,"href":"https:\/\/grontkontor.dk\/sv\/wp-json\/wp\/v2\/comments?post=74772"}],"wp:featuredmedia":[{"embeddable":true,"href":"https:\/\/grontkontor.dk\/sv\/wp-json\/wp\/v2\/media\/14632"}],"wp:attachment":[{"href":"https:\/\/grontkontor.dk\/sv\/wp-json\/wp\/v2\/media?parent=74772"}],"wp:term":[{"taxonomy":"product_cat","embeddable":true,"href":"https:\/\/grontkontor.dk\/sv\/wp-json\/wp\/v2\/product_cat?post=74772"},{"taxonomy":"product_tag","embeddable":true,"href":"https:\/\/grontkontor.dk\/sv\/wp-json\/wp\/v2\/product_tag?post=74772"}],"curies":[{"name":"wp","href":"https:\/\/api.w.org\/{rel}","templated":true}]}}