{"id":74784,"date":"2023-09-30T10:05:54","date_gmt":"2023-09-22T21:06:45","guid":{"rendered":"https:\/\/grontkontor.dk\/produkt\/keyhanger-bambus\/"},"modified":"2023-09-22T23:07:06","modified_gmt":"2023-09-22T21:07:06","slug":"keyhanger-bambus","status":"publish","type":"product","link":"https:\/\/grontkontor.dk\/sv\/shop\/keyhanger-bambus\/","title":{"rendered":"Keyhanger i bambu"},"content":{"rendered":"<p>H\u00e5llbar bambu keyhanger med svart metallkrok.<br \/>\nBilden \u00e4r med rem i naturligt f\u00e4rgat bambu. Keyhanger ocks\u00e5 (mindre h\u00e5llbar) f\u00e4rgas i valfri f\u00e4rg och med krok kromad metall. En billig och milj\u00f6v\u00e4nligt alternativ till de v\u00e4lk\u00e4nda keyhangers av f\u00f6rorenande och skadlig CO2 polyester.<\/p>\n<p>Tekniskt sett \u00e4r bambu ett gr\u00e4s och \u00e4r en av de snabbast v\u00e4xande v\u00e4xterna i v\u00e4rlden (vissa arter kan v\u00e4xa upp till 4 cm per timme) och regenereras mycket snabbare \u00e4n tr\u00e4det. Bambu \u00e4r ett h\u00e5llbart material och har en h\u00f6gre tryckh\u00e5llfasthet \u00e4n tr\u00e4, tegel eller betong och en dragh\u00e5llfasthet j\u00e4mf\u00f6rbar med st\u00e5l.<\/p>\n","protected":false},"excerpt":{"rendered":"<p>H\u00e5llbar bambu keyhanger med svart metallkrok. Bilden \u00e4r med rem i naturligt f\u00e4rgat bambu. Keyhanger ocks\u00e5 (mindre h\u00e5llbar) f\u00e4rgas i valfri f\u00e4rg och med krok kromad metall. En billig och milj\u00f6v\u00e4nligt alternativ till de v\u00e4lk\u00e4nda keyhangers av f\u00f6rorenande och skadlig CO2 polyester. Tekniskt sett \u00e4r bambu ett gr\u00e4s och \u00e4r en av de snabbast v\u00e4xande [&hellip;]<\/p>\n","protected":false},"featured_media":14876,"comment_status":"closed","ping_status":"closed","template":"","meta":{"_acf_changed":false},"product_cat":[2103],"product_tag":[1928,1925],"class_list":{"0":"post-74784","1":"product","2":"type-product","3":"status-publish","4":"has-post-thumbnail","6":"product_cat-utstallning-och-event","7":"product_tag-noeglesnor-sv","8":"product_tag-keyhanger-sv","9":"tm-has-options","11":"first","12":"instock","13":"taxable","14":"shipping-taxable","15":"purchasable","16":"product-type-simple"},"acf":[],"yoast_head":"<!-- This site is optimized with the Yoast SEO Premium plugin v21.2 (Yoast SEO v21.2) - https:\/\/yoast.com\/wordpress\/plugins\/seo\/ -->\n<title>Keyhanger i bambu - Gr\u00f8nt Kontor<\/title>\n<meta name=\"robots\" content=\"index, follow, max-snippet:-1, max-image-preview:large, max-video-preview:-1\" \/>\n<link rel=\"canonical\" href=\"https:\/\/grontkontor.dk\/sv\/shop\/keyhanger-bambus\/\" \/>\n<meta property=\"og:locale\" content=\"sv_SE\" \/>\n<meta property=\"og:type\" content=\"article\" \/>\n<meta property=\"og:title\" content=\"Keyhanger i bambu\" \/>\n<meta property=\"og:description\" content=\"H\u00e5llbar bambu keyhanger med svart metallkrok. Bilden \u00e4r med rem i naturligt f\u00e4rgat bambu. Keyhanger ocks\u00e5 (mindre h\u00e5llbar) f\u00e4rgas i valfri f\u00e4rg och med krok kromad metall. En billig och milj\u00f6v\u00e4nligt alternativ till de v\u00e4lk\u00e4nda keyhangers av f\u00f6rorenande och skadlig CO2 polyester. Tekniskt sett \u00e4r bambu ett gr\u00e4s och \u00e4r en av de snabbast v\u00e4xande [&hellip;]\" \/>\n<meta property=\"og:url\" content=\"https:\/\/grontkontor.dk\/sv\/shop\/keyhanger-bambus\/\" \/>\n<meta property=\"og:site_name\" content=\"Gr\u00f8nt Kontor\" \/>\n<meta property=\"article:publisher\" content=\"https:\/\/www.facebook.com\/grontkontor.dk\/\" \/>\n<meta property=\"article:modified_time\" content=\"2023-09-22T21:07:06+00:00\" \/>\n<meta property=\"og:image\" content=\"https:\/\/grontkontor.dk\/wp-content\/uploads\/2019\/11\/keyhanger-bambus-01.jpg\" \/>\n\t<meta property=\"og:image:width\" content=\"800\" \/>\n\t<meta property=\"og:image:height\" content=\"568\" \/>\n\t<meta property=\"og:image:type\" content=\"image\/jpeg\" \/>\n<meta name=\"twitter:card\" content=\"summary_large_image\" \/>\n<meta name=\"twitter:label1\" content=\"Ber\u00e4knad l\u00e4stid\" \/>\n\t<meta name=\"twitter:data1\" content=\"1 minut\" \/>\n<script type=\"application\/ld+json\" class=\"yoast-schema-graph\">{\"@context\":\"https:\/\/schema.org\",\"@graph\":[{\"@type\":\"WebPage\",\"@id\":\"https:\/\/grontkontor.dk\/sv\/shop\/keyhanger-bambus\/\",\"url\":\"https:\/\/grontkontor.dk\/sv\/shop\/keyhanger-bambus\/\",\"name\":\"Keyhanger i bambu - Gr\u00f8nt Kontor\",\"isPartOf\":{\"@id\":\"https:\/\/grontkontor.dk\/#website\"},\"datePublished\":\"2023-09-22T21:06:45+00:00\",\"dateModified\":\"2023-09-22T21:07:06+00:00\",\"breadcrumb\":{\"@id\":\"https:\/\/grontkontor.dk\/sv\/shop\/keyhanger-bambus\/#breadcrumb\"},\"inLanguage\":\"sv-SE\",\"potentialAction\":[{\"@type\":\"ReadAction\",\"target\":[\"https:\/\/grontkontor.dk\/sv\/shop\/keyhanger-bambus\/\"]}]},{\"@type\":\"BreadcrumbList\",\"@id\":\"https:\/\/grontkontor.dk\/sv\/shop\/keyhanger-bambus\/#breadcrumb\",\"itemListElement\":[{\"@type\":\"ListItem\",\"position\":1,\"name\":\"Forside\",\"item\":\"https:\/\/grontkontor.dk\/\"},{\"@type\":\"ListItem\",\"position\":2,\"name\":\"Shop\",\"item\":\"https:\/\/grontkontor.dk\/sv\/shop\/\"},{\"@type\":\"ListItem\",\"position\":3,\"name\":\"Utst\u00e4llning och event\",\"item\":\"https:\/\/grontkontor.dk\/sv\/produkt-kategori\/utstallning-och-event\/\"},{\"@type\":\"ListItem\",\"position\":4,\"name\":\"Keyhanger i bambu\"}]},{\"@type\":\"WebSite\",\"@id\":\"https:\/\/grontkontor.dk\/#website\",\"url\":\"https:\/\/grontkontor.dk\/\",\"name\":\"Gr\u00f8nt Kontor\",\"description\":\"Milj\u00f8venlige produkter til kontor og erhverv med fokus p\u00e5 b\u00e6redygtighed, design og fair trade.\",\"publisher\":{\"@id\":\"https:\/\/grontkontor.dk\/#organization\"},\"potentialAction\":[{\"@type\":\"SearchAction\",\"target\":{\"@type\":\"EntryPoint\",\"urlTemplate\":\"https:\/\/grontkontor.dk\/?s={search_term_string}\"},\"query-input\":\"required name=search_term_string\"}],\"inLanguage\":\"sv-SE\"},{\"@type\":\"Organization\",\"@id\":\"https:\/\/grontkontor.dk\/#organization\",\"name\":\"Gr\u00f8nt Kontor\",\"url\":\"https:\/\/grontkontor.dk\/\",\"logo\":{\"@type\":\"ImageObject\",\"inLanguage\":\"sv-SE\",\"@id\":\"https:\/\/grontkontor.dk\/#\/schema\/logo\/image\/\",\"url\":\"https:\/\/grontkontor.dk\/wp-content\/uploads\/2014\/02\/Logo_groent_kontor_300x80.png\",\"contentUrl\":\"https:\/\/grontkontor.dk\/wp-content\/uploads\/2014\/02\/Logo_groent_kontor_300x80.png\",\"width\":300,\"height\":80,\"caption\":\"Gr\u00f8nt Kontor\"},\"image\":{\"@id\":\"https:\/\/grontkontor.dk\/#\/schema\/logo\/image\/\"},\"sameAs\":[\"https:\/\/www.facebook.com\/grontkontor.dk\/\"]}]}<\/script>\n<!-- \/ Yoast SEO Premium plugin. -->","yoast_head_json":{"title":"Keyhanger i bambu - Gr\u00f8nt Kontor","robots":{"index":"index","follow":"follow","max-snippet":"max-snippet:-1","max-image-preview":"max-image-preview:large","max-video-preview":"max-video-preview:-1"},"canonical":"https:\/\/grontkontor.dk\/sv\/shop\/keyhanger-bambus\/","og_locale":"sv_SE","og_type":"article","og_title":"Keyhanger i bambu","og_description":"H\u00e5llbar bambu keyhanger med svart metallkrok. Bilden \u00e4r med rem i naturligt f\u00e4rgat bambu. Keyhanger ocks\u00e5 (mindre h\u00e5llbar) f\u00e4rgas i valfri f\u00e4rg och med krok kromad metall. En billig och milj\u00f6v\u00e4nligt alternativ till de v\u00e4lk\u00e4nda keyhangers av f\u00f6rorenande och skadlig CO2 polyester. Tekniskt sett \u00e4r bambu ett gr\u00e4s och \u00e4r en av de snabbast v\u00e4xande [&hellip;]","og_url":"https:\/\/grontkontor.dk\/sv\/shop\/keyhanger-bambus\/","og_site_name":"Gr\u00f8nt Kontor","article_publisher":"https:\/\/www.facebook.com\/grontkontor.dk\/","article_modified_time":"2023-09-22T21:07:06+00:00","og_image":[{"width":800,"height":568,"url":"https:\/\/grontkontor.dk\/wp-content\/uploads\/2019\/11\/keyhanger-bambus-01.jpg","type":"image\/jpeg"}],"twitter_card":"summary_large_image","twitter_misc":{"Ber\u00e4knad l\u00e4stid":"1 minut"},"schema":{"@context":"https:\/\/schema.org","@graph":[{"@type":"WebPage","@id":"https:\/\/grontkontor.dk\/sv\/shop\/keyhanger-bambus\/","url":"https:\/\/grontkontor.dk\/sv\/shop\/keyhanger-bambus\/","name":"Keyhanger i bambu - Gr\u00f8nt Kontor","isPartOf":{"@id":"https:\/\/grontkontor.dk\/#website"},"datePublished":"2023-09-22T21:06:45+00:00","dateModified":"2023-09-22T21:07:06+00:00","breadcrumb":{"@id":"https:\/\/grontkontor.dk\/sv\/shop\/keyhanger-bambus\/#breadcrumb"},"inLanguage":"sv-SE","potentialAction":[{"@type":"ReadAction","target":["https:\/\/grontkontor.dk\/sv\/shop\/keyhanger-bambus\/"]}]},{"@type":"BreadcrumbList","@id":"https:\/\/grontkontor.dk\/sv\/shop\/keyhanger-bambus\/#breadcrumb","itemListElement":[{"@type":"ListItem","position":1,"name":"Forside","item":"https:\/\/grontkontor.dk\/"},{"@type":"ListItem","position":2,"name":"Shop","item":"https:\/\/grontkontor.dk\/sv\/shop\/"},{"@type":"ListItem","position":3,"name":"Utst\u00e4llning och event","item":"https:\/\/grontkontor.dk\/sv\/produkt-kategori\/utstallning-och-event\/"},{"@type":"ListItem","position":4,"name":"Keyhanger i bambu"}]},{"@type":"WebSite","@id":"https:\/\/grontkontor.dk\/#website","url":"https:\/\/grontkontor.dk\/","name":"Gr\u00f8nt Kontor","description":"Milj\u00f8venlige produkter til kontor og erhverv med fokus p\u00e5 b\u00e6redygtighed, design og fair trade.","publisher":{"@id":"https:\/\/grontkontor.dk\/#organization"},"potentialAction":[{"@type":"SearchAction","target":{"@type":"EntryPoint","urlTemplate":"https:\/\/grontkontor.dk\/?s={search_term_string}"},"query-input":"required name=search_term_string"}],"inLanguage":"sv-SE"},{"@type":"Organization","@id":"https:\/\/grontkontor.dk\/#organization","name":"Gr\u00f8nt Kontor","url":"https:\/\/grontkontor.dk\/","logo":{"@type":"ImageObject","inLanguage":"sv-SE","@id":"https:\/\/grontkontor.dk\/#\/schema\/logo\/image\/","url":"https:\/\/grontkontor.dk\/wp-content\/uploads\/2014\/02\/Logo_groent_kontor_300x80.png","contentUrl":"https:\/\/grontkontor.dk\/wp-content\/uploads\/2014\/02\/Logo_groent_kontor_300x80.png","width":300,"height":80,"caption":"Gr\u00f8nt Kontor"},"image":{"@id":"https:\/\/grontkontor.dk\/#\/schema\/logo\/image\/"},"sameAs":["https:\/\/www.facebook.com\/grontkontor.dk\/"]}]}},"_links":{"self":[{"href":"https:\/\/grontkontor.dk\/sv\/wp-json\/wp\/v2\/product\/74784"}],"collection":[{"href":"https:\/\/grontkontor.dk\/sv\/wp-json\/wp\/v2\/product"}],"about":[{"href":"https:\/\/grontkontor.dk\/sv\/wp-json\/wp\/v2\/types\/product"}],"replies":[{"embeddable":true,"href":"https:\/\/grontkontor.dk\/sv\/wp-json\/wp\/v2\/comments?post=74784"}],"wp:featuredmedia":[{"embeddable":true,"href":"https:\/\/grontkontor.dk\/sv\/wp-json\/wp\/v2\/media\/14876"}],"wp:attachment":[{"href":"https:\/\/grontkontor.dk\/sv\/wp-json\/wp\/v2\/media?parent=74784"}],"wp:term":[{"taxonomy":"product_cat","embeddable":true,"href":"https:\/\/grontkontor.dk\/sv\/wp-json\/wp\/v2\/product_cat?post=74784"},{"taxonomy":"product_tag","embeddable":true,"href":"https:\/\/grontkontor.dk\/sv\/wp-json\/wp\/v2\/product_tag?post=74784"}],"curies":[{"name":"wp","href":"https:\/\/api.w.org\/{rel}","templated":true}]}}