{"id":74792,"date":"2023-09-22T13:06:21","date_gmt":"2023-09-22T21:06:45","guid":{"rendered":"https:\/\/grontkontor.dk\/produkt\/touchpen-penna-i-bambu\/"},"modified":"2023-09-22T23:07:09","modified_gmt":"2023-09-22T21:07:09","slug":"touchpen-penna-i-bambu","status":"publish","type":"product","link":"https:\/\/grontkontor.dk\/sv\/shop\/touchpen-penna-i-bambu\/","title":{"rendered":"Touchpen och penna i en &#8211; bambu"},"content":{"rendered":"<p>Budgetv\u00e4nlig 2-i-1 touchpen \/ penna i h\u00e5llbar bambu med topp, fot och kl\u00e4mma in i metallen. Den \u00e4r utformad f\u00f6r att anv\u00e4ndas med touch screen enheter, inklusive tablets och smartphones och l\u00e4mnar inga fingeravtryck eller m\u00e4rken p\u00e5 sk\u00e4rmen.<\/p>\n<p>Bambu \u00e4r en exceptionellt h\u00e5llbar produkt som, till skillnad fr\u00e5n de flesta tr\u00e4slag, snabbt v\u00e4xer upp igen vid sk\u00f6rden. Bambu odlas utan bek\u00e4mpningsmedel och g\u00f6dselmedel, stabiliserar jorden med sina r\u00f6tter och f\u00f6rhindrar erosion.<\/p>\n","protected":false},"excerpt":{"rendered":"<p>Budgetv\u00e4nlig 2-i-1 touchpen \/ penna i h\u00e5llbar bambu med topp, fot och kl\u00e4mma in i metallen. Den \u00e4r utformad f\u00f6r att anv\u00e4ndas med touch screen enheter, inklusive tablets och smartphones och l\u00e4mnar inga fingeravtryck eller m\u00e4rken p\u00e5 sk\u00e4rmen. Bambu \u00e4r en exceptionellt h\u00e5llbar produkt som, till skillnad fr\u00e5n de flesta tr\u00e4slag, snabbt v\u00e4xer upp igen [&hellip;]<\/p>\n","protected":false},"featured_media":19639,"comment_status":"closed","ping_status":"closed","template":"","meta":{"_acf_changed":false},"product_cat":[4415,2107,667,665,1680],"product_tag":[766,796,1681],"class_list":{"0":"post-74792","1":"product","2":"type-product","3":"status-publish","4":"has-post-thumbnail","6":"product_cat-pennor-och-blyertspennor","7":"product_cat-dummy-moq-1-sv","8":"product_cat-kulspetspennor","9":"product_cat-skrivtillbehoer","10":"product_cat-touchpad-penne-sv","11":"product_tag-kulpenna","12":"product_tag-penna","13":"product_tag-touchpen-sv","14":"pa_farve-mix-sv","15":"pa_farve-brun-sv","16":"pa_farve-natur-sv","17":"pa_farve-roedbrun-sv","18":"tm-has-options","20":"first","21":"instock","22":"sale","23":"taxable","24":"shipping-taxable","25":"purchasable","26":"product-type-simple"},"acf":[],"yoast_head":"<!-- This site is optimized with the Yoast SEO Premium plugin v21.2 (Yoast SEO v21.2) - https:\/\/yoast.com\/wordpress\/plugins\/seo\/ -->\n<title>Touchpen och penna i en - bambu - Gr\u00f8nt Kontor<\/title>\n<meta name=\"robots\" content=\"index, follow, max-snippet:-1, max-image-preview:large, max-video-preview:-1\" \/>\n<link rel=\"canonical\" href=\"https:\/\/grontkontor.dk\/shop\/touchpen-kuglepen-bambus\/\" \/>\n<meta property=\"og:locale\" content=\"sv_SE\" \/>\n<meta property=\"og:type\" content=\"article\" \/>\n<meta property=\"og:title\" content=\"Touchpen och penna i en - bambu\" \/>\n<meta property=\"og:description\" content=\"Budgetv\u00e4nlig 2-i-1 touchpen \/ penna i h\u00e5llbar bambu med topp, fot och kl\u00e4mma in i metallen. Den \u00e4r utformad f\u00f6r att anv\u00e4ndas med touch screen enheter, inklusive tablets och smartphones och l\u00e4mnar inga fingeravtryck eller m\u00e4rken p\u00e5 sk\u00e4rmen. Bambu \u00e4r en exceptionellt h\u00e5llbar produkt som, till skillnad fr\u00e5n de flesta tr\u00e4slag, snabbt v\u00e4xer upp igen [&hellip;]\" \/>\n<meta property=\"og:url\" content=\"https:\/\/grontkontor.dk\/shop\/touchpen-kuglepen-bambus\/\" \/>\n<meta property=\"og:site_name\" content=\"Gr\u00f8nt Kontor\" \/>\n<meta property=\"article:publisher\" content=\"https:\/\/www.facebook.com\/grontkontor.dk\/\" \/>\n<meta property=\"article:modified_time\" content=\"2023-09-22T21:07:09+00:00\" \/>\n<meta property=\"og:image\" content=\"https:\/\/grontkontor.dk\/wp-content\/uploads\/2020\/03\/touchpen-bambus-01.jpg\" \/>\n\t<meta property=\"og:image:width\" content=\"900\" \/>\n\t<meta property=\"og:image:height\" content=\"639\" \/>\n\t<meta property=\"og:image:type\" content=\"image\/jpeg\" \/>\n<meta name=\"twitter:card\" content=\"summary_large_image\" \/>\n<script type=\"application\/ld+json\" class=\"yoast-schema-graph\">{\"@context\":\"https:\/\/schema.org\",\"@graph\":[{\"@type\":\"WebPage\",\"@id\":\"https:\/\/grontkontor.dk\/shop\/touchpen-kuglepen-bambus\/\",\"url\":\"https:\/\/grontkontor.dk\/shop\/touchpen-kuglepen-bambus\/\",\"name\":\"Touchpen och penna i en - bambu - Gr\u00f8nt Kontor\",\"isPartOf\":{\"@id\":\"https:\/\/grontkontor.dk\/#website\"},\"datePublished\":\"2023-09-22T21:06:45+00:00\",\"dateModified\":\"2023-09-22T21:07:09+00:00\",\"breadcrumb\":{\"@id\":\"https:\/\/grontkontor.dk\/shop\/touchpen-kuglepen-bambus\/#breadcrumb\"},\"inLanguage\":\"sv-SE\",\"potentialAction\":[{\"@type\":\"ReadAction\",\"target\":[\"https:\/\/grontkontor.dk\/shop\/touchpen-kuglepen-bambus\/\"]}]},{\"@type\":\"BreadcrumbList\",\"@id\":\"https:\/\/grontkontor.dk\/shop\/touchpen-kuglepen-bambus\/#breadcrumb\",\"itemListElement\":[{\"@type\":\"ListItem\",\"position\":1,\"name\":\"Forside\",\"item\":\"https:\/\/grontkontor.dk\/\"},{\"@type\":\"ListItem\",\"position\":2,\"name\":\"Shop\",\"item\":\"https:\/\/grontkontor.dk\/sv\/shop\/\"},{\"@type\":\"ListItem\",\"position\":3,\"name\":\"Klimatsmarta f\u00f6retagspresenter\",\"item\":\"https:\/\/grontkontor.dk\/sv\/produkt-kategori\/miljovaenliga-foretagspresenter\/\"},{\"@type\":\"ListItem\",\"position\":4,\"name\":\"Pennor och blyertspennor\",\"item\":\"https:\/\/grontkontor.dk\/sv\/produkt-kategori\/miljovaenliga-foretagspresenter\/pennor-och-blyertspennor\/\"},{\"@type\":\"ListItem\",\"position\":5,\"name\":\"Touchpen och penna i en &#8211; bambu\"}]},{\"@type\":\"WebSite\",\"@id\":\"https:\/\/grontkontor.dk\/#website\",\"url\":\"https:\/\/grontkontor.dk\/\",\"name\":\"Gr\u00f8nt Kontor\",\"description\":\"Milj\u00f8venlige produkter til kontor og erhverv med fokus p\u00e5 b\u00e6redygtighed, design og fair trade.\",\"publisher\":{\"@id\":\"https:\/\/grontkontor.dk\/#organization\"},\"potentialAction\":[{\"@type\":\"SearchAction\",\"target\":{\"@type\":\"EntryPoint\",\"urlTemplate\":\"https:\/\/grontkontor.dk\/?s={search_term_string}\"},\"query-input\":\"required name=search_term_string\"}],\"inLanguage\":\"sv-SE\"},{\"@type\":\"Organization\",\"@id\":\"https:\/\/grontkontor.dk\/#organization\",\"name\":\"Gr\u00f8nt Kontor\",\"url\":\"https:\/\/grontkontor.dk\/\",\"logo\":{\"@type\":\"ImageObject\",\"inLanguage\":\"sv-SE\",\"@id\":\"https:\/\/grontkontor.dk\/#\/schema\/logo\/image\/\",\"url\":\"https:\/\/grontkontor.dk\/wp-content\/uploads\/2014\/02\/Logo_groent_kontor_300x80.png\",\"contentUrl\":\"https:\/\/grontkontor.dk\/wp-content\/uploads\/2014\/02\/Logo_groent_kontor_300x80.png\",\"width\":300,\"height\":80,\"caption\":\"Gr\u00f8nt Kontor\"},\"image\":{\"@id\":\"https:\/\/grontkontor.dk\/#\/schema\/logo\/image\/\"},\"sameAs\":[\"https:\/\/www.facebook.com\/grontkontor.dk\/\"]}]}<\/script>\n<!-- \/ Yoast SEO Premium plugin. -->","yoast_head_json":{"title":"Touchpen och penna i en - bambu - Gr\u00f8nt Kontor","robots":{"index":"index","follow":"follow","max-snippet":"max-snippet:-1","max-image-preview":"max-image-preview:large","max-video-preview":"max-video-preview:-1"},"canonical":"https:\/\/grontkontor.dk\/shop\/touchpen-kuglepen-bambus\/","og_locale":"sv_SE","og_type":"article","og_title":"Touchpen och penna i en - bambu","og_description":"Budgetv\u00e4nlig 2-i-1 touchpen \/ penna i h\u00e5llbar bambu med topp, fot och kl\u00e4mma in i metallen. Den \u00e4r utformad f\u00f6r att anv\u00e4ndas med touch screen enheter, inklusive tablets och smartphones och l\u00e4mnar inga fingeravtryck eller m\u00e4rken p\u00e5 sk\u00e4rmen. Bambu \u00e4r en exceptionellt h\u00e5llbar produkt som, till skillnad fr\u00e5n de flesta tr\u00e4slag, snabbt v\u00e4xer upp igen [&hellip;]","og_url":"https:\/\/grontkontor.dk\/shop\/touchpen-kuglepen-bambus\/","og_site_name":"Gr\u00f8nt Kontor","article_publisher":"https:\/\/www.facebook.com\/grontkontor.dk\/","article_modified_time":"2023-09-22T21:07:09+00:00","og_image":[{"width":900,"height":639,"url":"https:\/\/grontkontor.dk\/wp-content\/uploads\/2020\/03\/touchpen-bambus-01.jpg","type":"image\/jpeg"}],"twitter_card":"summary_large_image","schema":{"@context":"https:\/\/schema.org","@graph":[{"@type":"WebPage","@id":"https:\/\/grontkontor.dk\/shop\/touchpen-kuglepen-bambus\/","url":"https:\/\/grontkontor.dk\/shop\/touchpen-kuglepen-bambus\/","name":"Touchpen och penna i en - bambu - Gr\u00f8nt Kontor","isPartOf":{"@id":"https:\/\/grontkontor.dk\/#website"},"datePublished":"2023-09-22T21:06:45+00:00","dateModified":"2023-09-22T21:07:09+00:00","breadcrumb":{"@id":"https:\/\/grontkontor.dk\/shop\/touchpen-kuglepen-bambus\/#breadcrumb"},"inLanguage":"sv-SE","potentialAction":[{"@type":"ReadAction","target":["https:\/\/grontkontor.dk\/shop\/touchpen-kuglepen-bambus\/"]}]},{"@type":"BreadcrumbList","@id":"https:\/\/grontkontor.dk\/shop\/touchpen-kuglepen-bambus\/#breadcrumb","itemListElement":[{"@type":"ListItem","position":1,"name":"Forside","item":"https:\/\/grontkontor.dk\/"},{"@type":"ListItem","position":2,"name":"Shop","item":"https:\/\/grontkontor.dk\/sv\/shop\/"},{"@type":"ListItem","position":3,"name":"Klimatsmarta f\u00f6retagspresenter","item":"https:\/\/grontkontor.dk\/sv\/produkt-kategori\/miljovaenliga-foretagspresenter\/"},{"@type":"ListItem","position":4,"name":"Pennor och blyertspennor","item":"https:\/\/grontkontor.dk\/sv\/produkt-kategori\/miljovaenliga-foretagspresenter\/pennor-och-blyertspennor\/"},{"@type":"ListItem","position":5,"name":"Touchpen och penna i en &#8211; bambu"}]},{"@type":"WebSite","@id":"https:\/\/grontkontor.dk\/#website","url":"https:\/\/grontkontor.dk\/","name":"Gr\u00f8nt Kontor","description":"Milj\u00f8venlige produkter til kontor og erhverv med fokus p\u00e5 b\u00e6redygtighed, design og fair trade.","publisher":{"@id":"https:\/\/grontkontor.dk\/#organization"},"potentialAction":[{"@type":"SearchAction","target":{"@type":"EntryPoint","urlTemplate":"https:\/\/grontkontor.dk\/?s={search_term_string}"},"query-input":"required name=search_term_string"}],"inLanguage":"sv-SE"},{"@type":"Organization","@id":"https:\/\/grontkontor.dk\/#organization","name":"Gr\u00f8nt Kontor","url":"https:\/\/grontkontor.dk\/","logo":{"@type":"ImageObject","inLanguage":"sv-SE","@id":"https:\/\/grontkontor.dk\/#\/schema\/logo\/image\/","url":"https:\/\/grontkontor.dk\/wp-content\/uploads\/2014\/02\/Logo_groent_kontor_300x80.png","contentUrl":"https:\/\/grontkontor.dk\/wp-content\/uploads\/2014\/02\/Logo_groent_kontor_300x80.png","width":300,"height":80,"caption":"Gr\u00f8nt Kontor"},"image":{"@id":"https:\/\/grontkontor.dk\/#\/schema\/logo\/image\/"},"sameAs":["https:\/\/www.facebook.com\/grontkontor.dk\/"]}]}},"_links":{"self":[{"href":"https:\/\/grontkontor.dk\/sv\/wp-json\/wp\/v2\/product\/74792"}],"collection":[{"href":"https:\/\/grontkontor.dk\/sv\/wp-json\/wp\/v2\/product"}],"about":[{"href":"https:\/\/grontkontor.dk\/sv\/wp-json\/wp\/v2\/types\/product"}],"replies":[{"embeddable":true,"href":"https:\/\/grontkontor.dk\/sv\/wp-json\/wp\/v2\/comments?post=74792"}],"wp:featuredmedia":[{"embeddable":true,"href":"https:\/\/grontkontor.dk\/sv\/wp-json\/wp\/v2\/media\/19639"}],"wp:attachment":[{"href":"https:\/\/grontkontor.dk\/sv\/wp-json\/wp\/v2\/media?parent=74792"}],"wp:term":[{"taxonomy":"product_cat","embeddable":true,"href":"https:\/\/grontkontor.dk\/sv\/wp-json\/wp\/v2\/product_cat?post=74792"},{"taxonomy":"product_tag","embeddable":true,"href":"https:\/\/grontkontor.dk\/sv\/wp-json\/wp\/v2\/product_tag?post=74792"}],"curies":[{"name":"wp","href":"https:\/\/api.w.org\/{rel}","templated":true}]}}