{"id":74793,"date":"2023-09-30T10:05:21","date_gmt":"2023-09-22T21:06:45","guid":{"rendered":"https:\/\/grontkontor.dk\/produkt\/keyhanger-i-kork-se\/"},"modified":"2023-09-22T23:07:09","modified_gmt":"2023-09-22T21:07:09","slug":"keyhanger-i-kork-se","status":"publish","type":"product","link":"https:\/\/grontkontor.dk\/sv\/shop\/keyhanger-i-kork-se\/","title":{"rendered":"keyhanger i kork"},"content":{"rendered":"<p>H\u00e5llbar keyhanger kork med \u00f6gla i svart eller kromad metall.<\/p>\n<p>Ett supermilj\u00f6v\u00e4nligt alternativ till de v\u00e4lk\u00e4nda keyhangers i f\u00f6rorenande och CO2-stressande polyester, tillverkad av ren naturliga material med minimal metallf\u00f6rbrukning.<\/p>\n<p>Kork \u00e4r ett mycket h\u00e5llbart material som \u00e4r b\u00e5de f\u00f6rnybart, \u00e5teranv\u00e4ndbart och komposterbart. Kork kan sk\u00f6rdas varje \u00e5r p\u00e5 samma tr\u00e4d, vilket g\u00f6r det till en praktiskt taget outt\u00f6mlig resurs.<\/p>\n","protected":false},"excerpt":{"rendered":"<p>H\u00e5llbar keyhanger kork med \u00f6gla i svart eller kromad metall. Ett supermilj\u00f6v\u00e4nligt alternativ till de v\u00e4lk\u00e4nda keyhangers i f\u00f6rorenande och CO2-stressande polyester, tillverkad av ren naturliga material med minimal metallf\u00f6rbrukning. Kork \u00e4r ett mycket h\u00e5llbart material som \u00e4r b\u00e5de f\u00f6rnybart, \u00e5teranv\u00e4ndbart och komposterbart. Kork kan sk\u00f6rdas varje \u00e5r p\u00e5 samma tr\u00e4d, vilket g\u00f6r det till [&hellip;]<\/p>\n","protected":false},"featured_media":15197,"comment_status":"closed","ping_status":"closed","template":"","meta":{"_acf_changed":false},"product_cat":[2103],"product_tag":[1928,1925],"class_list":{"0":"post-74793","1":"product","2":"type-product","3":"status-publish","4":"has-post-thumbnail","6":"product_cat-utstallning-och-event","7":"product_tag-noeglesnor-sv","8":"product_tag-keyhanger-sv","9":"tm-has-options","11":"first","12":"instock","13":"taxable","14":"shipping-taxable","15":"purchasable","16":"product-type-simple"},"acf":[],"yoast_head":"<!-- This site is optimized with the Yoast SEO Premium plugin v21.2 (Yoast SEO v21.2) - https:\/\/yoast.com\/wordpress\/plugins\/seo\/ -->\n<title>keyhanger i kork - Gr\u00f8nt Kontor<\/title>\n<meta name=\"robots\" content=\"index, follow, max-snippet:-1, max-image-preview:large, max-video-preview:-1\" \/>\n<link rel=\"canonical\" href=\"https:\/\/grontkontor.dk\/sv\/shop\/keyhanger-i-kork-se\/\" \/>\n<meta property=\"og:locale\" content=\"sv_SE\" \/>\n<meta property=\"og:type\" content=\"article\" \/>\n<meta property=\"og:title\" content=\"keyhanger i kork\" \/>\n<meta property=\"og:description\" content=\"H\u00e5llbar keyhanger kork med \u00f6gla i svart eller kromad metall. Ett supermilj\u00f6v\u00e4nligt alternativ till de v\u00e4lk\u00e4nda keyhangers i f\u00f6rorenande och CO2-stressande polyester, tillverkad av ren naturliga material med minimal metallf\u00f6rbrukning. Kork \u00e4r ett mycket h\u00e5llbart material som \u00e4r b\u00e5de f\u00f6rnybart, \u00e5teranv\u00e4ndbart och komposterbart. Kork kan sk\u00f6rdas varje \u00e5r p\u00e5 samma tr\u00e4d, vilket g\u00f6r det till [&hellip;]\" \/>\n<meta property=\"og:url\" content=\"https:\/\/grontkontor.dk\/sv\/shop\/keyhanger-i-kork-se\/\" \/>\n<meta property=\"og:site_name\" content=\"Gr\u00f8nt Kontor\" \/>\n<meta property=\"article:publisher\" content=\"https:\/\/www.facebook.com\/grontkontor.dk\/\" \/>\n<meta property=\"article:modified_time\" content=\"2023-09-22T21:07:09+00:00\" \/>\n<meta property=\"og:image\" content=\"https:\/\/grontkontor.dk\/wp-content\/uploads\/2019\/11\/kork-keyhanger-flad-med-oesken-1.jpg\" \/>\n\t<meta property=\"og:image:width\" content=\"800\" \/>\n\t<meta property=\"og:image:height\" content=\"568\" \/>\n\t<meta property=\"og:image:type\" content=\"image\/jpeg\" \/>\n<meta name=\"twitter:card\" content=\"summary_large_image\" \/>\n<script type=\"application\/ld+json\" class=\"yoast-schema-graph\">{\"@context\":\"https:\/\/schema.org\",\"@graph\":[{\"@type\":\"WebPage\",\"@id\":\"https:\/\/grontkontor.dk\/sv\/shop\/keyhanger-i-kork-se\/\",\"url\":\"https:\/\/grontkontor.dk\/sv\/shop\/keyhanger-i-kork-se\/\",\"name\":\"keyhanger i kork - Gr\u00f8nt Kontor\",\"isPartOf\":{\"@id\":\"https:\/\/grontkontor.dk\/#website\"},\"datePublished\":\"2023-09-22T21:06:45+00:00\",\"dateModified\":\"2023-09-22T21:07:09+00:00\",\"breadcrumb\":{\"@id\":\"https:\/\/grontkontor.dk\/sv\/shop\/keyhanger-i-kork-se\/#breadcrumb\"},\"inLanguage\":\"sv-SE\",\"potentialAction\":[{\"@type\":\"ReadAction\",\"target\":[\"https:\/\/grontkontor.dk\/sv\/shop\/keyhanger-i-kork-se\/\"]}]},{\"@type\":\"BreadcrumbList\",\"@id\":\"https:\/\/grontkontor.dk\/sv\/shop\/keyhanger-i-kork-se\/#breadcrumb\",\"itemListElement\":[{\"@type\":\"ListItem\",\"position\":1,\"name\":\"Forside\",\"item\":\"https:\/\/grontkontor.dk\/\"},{\"@type\":\"ListItem\",\"position\":2,\"name\":\"Shop\",\"item\":\"https:\/\/grontkontor.dk\/sv\/shop\/\"},{\"@type\":\"ListItem\",\"position\":3,\"name\":\"Utst\u00e4llning och event\",\"item\":\"https:\/\/grontkontor.dk\/sv\/produkt-kategori\/utstallning-och-event\/\"},{\"@type\":\"ListItem\",\"position\":4,\"name\":\"keyhanger i kork\"}]},{\"@type\":\"WebSite\",\"@id\":\"https:\/\/grontkontor.dk\/#website\",\"url\":\"https:\/\/grontkontor.dk\/\",\"name\":\"Gr\u00f8nt Kontor\",\"description\":\"Milj\u00f8venlige produkter til kontor og erhverv med fokus p\u00e5 b\u00e6redygtighed, design og fair trade.\",\"publisher\":{\"@id\":\"https:\/\/grontkontor.dk\/#organization\"},\"potentialAction\":[{\"@type\":\"SearchAction\",\"target\":{\"@type\":\"EntryPoint\",\"urlTemplate\":\"https:\/\/grontkontor.dk\/?s={search_term_string}\"},\"query-input\":\"required name=search_term_string\"}],\"inLanguage\":\"sv-SE\"},{\"@type\":\"Organization\",\"@id\":\"https:\/\/grontkontor.dk\/#organization\",\"name\":\"Gr\u00f8nt Kontor\",\"url\":\"https:\/\/grontkontor.dk\/\",\"logo\":{\"@type\":\"ImageObject\",\"inLanguage\":\"sv-SE\",\"@id\":\"https:\/\/grontkontor.dk\/#\/schema\/logo\/image\/\",\"url\":\"https:\/\/grontkontor.dk\/wp-content\/uploads\/2014\/02\/Logo_groent_kontor_300x80.png\",\"contentUrl\":\"https:\/\/grontkontor.dk\/wp-content\/uploads\/2014\/02\/Logo_groent_kontor_300x80.png\",\"width\":300,\"height\":80,\"caption\":\"Gr\u00f8nt Kontor\"},\"image\":{\"@id\":\"https:\/\/grontkontor.dk\/#\/schema\/logo\/image\/\"},\"sameAs\":[\"https:\/\/www.facebook.com\/grontkontor.dk\/\"]}]}<\/script>\n<!-- \/ Yoast SEO Premium plugin. -->","yoast_head_json":{"title":"keyhanger i kork - Gr\u00f8nt Kontor","robots":{"index":"index","follow":"follow","max-snippet":"max-snippet:-1","max-image-preview":"max-image-preview:large","max-video-preview":"max-video-preview:-1"},"canonical":"https:\/\/grontkontor.dk\/sv\/shop\/keyhanger-i-kork-se\/","og_locale":"sv_SE","og_type":"article","og_title":"keyhanger i kork","og_description":"H\u00e5llbar keyhanger kork med \u00f6gla i svart eller kromad metall. Ett supermilj\u00f6v\u00e4nligt alternativ till de v\u00e4lk\u00e4nda keyhangers i f\u00f6rorenande och CO2-stressande polyester, tillverkad av ren naturliga material med minimal metallf\u00f6rbrukning. Kork \u00e4r ett mycket h\u00e5llbart material som \u00e4r b\u00e5de f\u00f6rnybart, \u00e5teranv\u00e4ndbart och komposterbart. Kork kan sk\u00f6rdas varje \u00e5r p\u00e5 samma tr\u00e4d, vilket g\u00f6r det till [&hellip;]","og_url":"https:\/\/grontkontor.dk\/sv\/shop\/keyhanger-i-kork-se\/","og_site_name":"Gr\u00f8nt Kontor","article_publisher":"https:\/\/www.facebook.com\/grontkontor.dk\/","article_modified_time":"2023-09-22T21:07:09+00:00","og_image":[{"width":800,"height":568,"url":"https:\/\/grontkontor.dk\/wp-content\/uploads\/2019\/11\/kork-keyhanger-flad-med-oesken-1.jpg","type":"image\/jpeg"}],"twitter_card":"summary_large_image","schema":{"@context":"https:\/\/schema.org","@graph":[{"@type":"WebPage","@id":"https:\/\/grontkontor.dk\/sv\/shop\/keyhanger-i-kork-se\/","url":"https:\/\/grontkontor.dk\/sv\/shop\/keyhanger-i-kork-se\/","name":"keyhanger i kork - Gr\u00f8nt Kontor","isPartOf":{"@id":"https:\/\/grontkontor.dk\/#website"},"datePublished":"2023-09-22T21:06:45+00:00","dateModified":"2023-09-22T21:07:09+00:00","breadcrumb":{"@id":"https:\/\/grontkontor.dk\/sv\/shop\/keyhanger-i-kork-se\/#breadcrumb"},"inLanguage":"sv-SE","potentialAction":[{"@type":"ReadAction","target":["https:\/\/grontkontor.dk\/sv\/shop\/keyhanger-i-kork-se\/"]}]},{"@type":"BreadcrumbList","@id":"https:\/\/grontkontor.dk\/sv\/shop\/keyhanger-i-kork-se\/#breadcrumb","itemListElement":[{"@type":"ListItem","position":1,"name":"Forside","item":"https:\/\/grontkontor.dk\/"},{"@type":"ListItem","position":2,"name":"Shop","item":"https:\/\/grontkontor.dk\/sv\/shop\/"},{"@type":"ListItem","position":3,"name":"Utst\u00e4llning och event","item":"https:\/\/grontkontor.dk\/sv\/produkt-kategori\/utstallning-och-event\/"},{"@type":"ListItem","position":4,"name":"keyhanger i kork"}]},{"@type":"WebSite","@id":"https:\/\/grontkontor.dk\/#website","url":"https:\/\/grontkontor.dk\/","name":"Gr\u00f8nt Kontor","description":"Milj\u00f8venlige produkter til kontor og erhverv med fokus p\u00e5 b\u00e6redygtighed, design og fair trade.","publisher":{"@id":"https:\/\/grontkontor.dk\/#organization"},"potentialAction":[{"@type":"SearchAction","target":{"@type":"EntryPoint","urlTemplate":"https:\/\/grontkontor.dk\/?s={search_term_string}"},"query-input":"required name=search_term_string"}],"inLanguage":"sv-SE"},{"@type":"Organization","@id":"https:\/\/grontkontor.dk\/#organization","name":"Gr\u00f8nt Kontor","url":"https:\/\/grontkontor.dk\/","logo":{"@type":"ImageObject","inLanguage":"sv-SE","@id":"https:\/\/grontkontor.dk\/#\/schema\/logo\/image\/","url":"https:\/\/grontkontor.dk\/wp-content\/uploads\/2014\/02\/Logo_groent_kontor_300x80.png","contentUrl":"https:\/\/grontkontor.dk\/wp-content\/uploads\/2014\/02\/Logo_groent_kontor_300x80.png","width":300,"height":80,"caption":"Gr\u00f8nt Kontor"},"image":{"@id":"https:\/\/grontkontor.dk\/#\/schema\/logo\/image\/"},"sameAs":["https:\/\/www.facebook.com\/grontkontor.dk\/"]}]}},"_links":{"self":[{"href":"https:\/\/grontkontor.dk\/sv\/wp-json\/wp\/v2\/product\/74793"}],"collection":[{"href":"https:\/\/grontkontor.dk\/sv\/wp-json\/wp\/v2\/product"}],"about":[{"href":"https:\/\/grontkontor.dk\/sv\/wp-json\/wp\/v2\/types\/product"}],"replies":[{"embeddable":true,"href":"https:\/\/grontkontor.dk\/sv\/wp-json\/wp\/v2\/comments?post=74793"}],"wp:featuredmedia":[{"embeddable":true,"href":"https:\/\/grontkontor.dk\/sv\/wp-json\/wp\/v2\/media\/15197"}],"wp:attachment":[{"href":"https:\/\/grontkontor.dk\/sv\/wp-json\/wp\/v2\/media?parent=74793"}],"wp:term":[{"taxonomy":"product_cat","embeddable":true,"href":"https:\/\/grontkontor.dk\/sv\/wp-json\/wp\/v2\/product_cat?post=74793"},{"taxonomy":"product_tag","embeddable":true,"href":"https:\/\/grontkontor.dk\/sv\/wp-json\/wp\/v2\/product_tag?post=74793"}],"curies":[{"name":"wp","href":"https:\/\/api.w.org\/{rel}","templated":true}]}}