{"id":74802,"date":"2023-09-22T13:06:21","date_gmt":"2023-09-22T21:07:10","guid":{"rendered":"https:\/\/grontkontor.dk\/produkt\/a4-forvaringsbox-natur\/"},"modified":"2024-02-28T14:53:48","modified_gmt":"2024-02-28T13:53:48","slug":"a4-forvaringsbox-natur","status":"publish","type":"product","link":"https:\/\/grontkontor.dk\/sv\/shop\/a4-forvaringsbox-natur\/","title":{"rendered":"A4 f\u00f6rvaringsl\u00e5da &#8211; natur"},"content":{"rendered":"<p>Exklusiv och klimatv\u00e4nlig arkivbox f\u00f6r A4-format i skandinavisk design, som passar inneh\u00e5llet i en p\u00e4rm eller p\u00e4rm. Naturf\u00e4rgad yta i FSC-certifierat laminatpapper med nitad struktur, handlaminerad med vattenbaserat lim p\u00e5 en tjockare k\u00e4rna av \u00e5tervunnet papper.<br \/>\nEn klimat- och milj\u00f6v\u00e4nlig produkt tillverkad i EU.<\/p>\n<p><a href=\"https:\/\/ic.fsc.org\/en\/\" target=\"window\"><img loading=\"lazy\" decoding=\"async\" class=\"size-full wp-image-12735\" src=\"https:\/\/grontkontor.dk\/wp-content\/uploads\/2019\/04\/fsc-certificeret.png\" \n\t\t alt=\"FSC-certificeret\" title=\"FSC-certificeret\" width=\"44\" height=\"51\" border=0\/><\/a> <a href=\"https:\/\/ic.fsc.org\/en\/\" target=\"window\"><img loading=\"lazy\" decoding=\"async\" class=\"size-full wp-image-12735\" src=\"https:\/\/grontkontor.dk\/wp-content\/uploads\/2019\/04\/fsc-certificeret.png\" \n\t\t alt=\"FSC-certificeret\" title=\"FSC-certificeret\" width=\"44\" height=\"51\" border=0\/><\/a> <img loading=\"lazy\" decoding=\"async\" src=\"https:\/\/grontkontor.dk\/wp-content\/uploads\/2021\/02\/genbrug.jpg\" alt=\"Fremstillet af genbrugsmaterialer\" width=\"46\" height=\"45\" class=\"size-full wp-image-23031\" srcset=\"https:\/\/grontkontor.dk\/wp-content\/uploads\/2021\/02\/genbrug.jpg 199w, https:\/\/grontkontor.dk\/wp-content\/uploads\/2021\/02\/genbrug-100x100.jpg 100w\" sizes=\"(max-width: 46px) 100vw, 46px\" \/> <img loading=\"lazy\" decoding=\"async\" class=\"size-medium wp-image-21008\" src=\"https:\/\/grontkontor.dk\/wp-content\/uploads\/2020\/11\/eu-flag_1-300x199.jpg\" alt=\"Fremstillet i EU\" width=\"68\" height=\"45\" srcset=\"https:\/\/grontkontor.dk\/wp-content\/uploads\/2020\/11\/eu-flag_1-300x199.jpg 300w, https:\/\/grontkontor.dk\/wp-content\/uploads\/2020\/11\/eu-flag_1.jpg 530w\" sizes=\"(max-width: 68px) 100vw, 68px\" \/><br><strong>Tillval:<\/strong> (min. 200 stk.)<\/br>\n\t\tSpecial storlek, <a href=\"javascript:;\" style=\"color:#c8eade\" onClick=\"open_colour_sv()\" >special f&auml;rger<img loading=\"lazy\" decoding=\"async\" class=\"alignnone size-full wp-image-7159\" src=\"https:\/\/grontkontor.dk\/wp-content\/uploads\/2016\/09\/paper-laminate-canvas-1.png\" \n\t\talt=\"B&aelig;redygtige kontorprodukter - farver - overflader papirlaminat\" width=\"75\" height=\"26\" \/><\/a>logotryck \n\t\t<img loading=\"lazy\" decoding=\"async\" class=\"alignnone size-full wp-image-7148\" src=\"https:\/\/grontkontor.dk\/wp-content\/uploads\/2016\/09\/tryk_paper-laminate_smll2_blue.jpg\" alt=\"B&aelig;redygtige kontorprodukter med logotryk pr&aelig;gning\" width=\"43\" height=\"29\" \/> \n\t\tst&auml;mpel <img loading=\"lazy\" decoding=\"async\" class=\"alignnone size-full wp-image-7151\" src=\"https:\/\/grontkontor.dk\/wp-content\/uploads\/2016\/09\/tryk_paper-laminate_relief3_smll2_contrast_groen-2.jpg\" \n\t\talt=\"B&aelig;redygtige kontorprodukter med pr&aelig;gning\" width=\"43\" height=\"29\" \/><br>\n\t\n\t\tMer information: <a href=\"mailto:info@green-office.se\" style=\"color:#ccc;\">info@grontkontor.dk<\/a><br><br><\/p>\n","protected":false},"excerpt":{"rendered":"<p>Exklusiv och klimatv\u00e4nlig arkivbox f\u00f6r A4-format i skandinavisk design, som passar inneh\u00e5llet i en p\u00e4rm eller p\u00e4rm. Naturf\u00e4rgad yta i FSC-certifierat laminatpapper med nitad struktur, handlaminerad med vattenbaserat lim p\u00e5 en tjockare k\u00e4rna av \u00e5tervunnet papper. En klimat- och milj\u00f6v\u00e4nlig produkt tillverkad i EU.<\/p>\n","protected":false},"featured_media":15303,"comment_status":"closed","ping_status":"closed","template":"","meta":{"_acf_changed":false},"product_cat":[653,2107,656,654,1831,1854],"product_tag":[705,706,748,791],"class_list":{"0":"post-74802","1":"product","2":"type-product","3":"status-publish","4":"has-post-thumbnail","6":"product_cat-arkivering-och-forvaring","7":"product_cat-dummy-moq-1-sv","8":"product_cat-foervaringsboxar","9":"product_cat-dokumentarkiv","10":"product_cat-natur-aatervunnet-papper","11":"product_cat-produkt-serier-se","12":"product_tag-arkivbox-sv","13":"product_tag-arkivering-sv","14":"product_tag-dokumentforvaring","15":"product_tag-forvaringsboxar","16":"tm-has-options","18":"first","19":"instock","20":"taxable","21":"shipping-taxable","22":"purchasable","23":"product-type-simple"},"acf":[],"yoast_head":"<!-- This site is optimized with the Yoast SEO Premium plugin v21.2 (Yoast SEO v21.2) - https:\/\/yoast.com\/wordpress\/plugins\/seo\/ -->\n<title>A4 f\u00f6rvaringsl\u00e5da - natur - Gr\u00f8nt Kontor<\/title>\n<meta name=\"robots\" content=\"index, follow, max-snippet:-1, max-image-preview:large, max-video-preview:-1\" \/>\n<link rel=\"canonical\" href=\"https:\/\/grontkontor.dk\/sv\/shop\/a4-forvaringsbox-natur\/\" \/>\n<meta property=\"og:locale\" content=\"sv_SE\" \/>\n<meta property=\"og:type\" content=\"article\" \/>\n<meta property=\"og:title\" content=\"A4 f\u00f6rvaringsl\u00e5da - natur\" \/>\n<meta property=\"og:description\" content=\"Exklusiv och klimatv\u00e4nlig arkivbox f\u00f6r A4-format i skandinavisk design, som passar inneh\u00e5llet i en p\u00e4rm eller p\u00e4rm. Naturf\u00e4rgad yta i FSC-certifierat laminatpapper med nitad struktur, handlaminerad med vattenbaserat lim p\u00e5 en tjockare k\u00e4rna av \u00e5tervunnet papper. En klimat- och milj\u00f6v\u00e4nlig produkt tillverkad i EU.\" \/>\n<meta property=\"og:url\" content=\"https:\/\/grontkontor.dk\/sv\/shop\/a4-forvaringsbox-natur\/\" \/>\n<meta property=\"og:site_name\" content=\"Gr\u00f8nt Kontor\" \/>\n<meta property=\"article:publisher\" content=\"https:\/\/www.facebook.com\/grontkontor.dk\/\" \/>\n<meta property=\"article:modified_time\" content=\"2024-02-28T13:53:48+00:00\" \/>\n<meta property=\"og:image\" content=\"https:\/\/grontkontor.dk\/wp-content\/uploads\/2019\/12\/opbevaringsbox-natur-a4-01.jpg\" \/>\n\t<meta property=\"og:image:width\" content=\"800\" \/>\n\t<meta property=\"og:image:height\" content=\"568\" \/>\n\t<meta property=\"og:image:type\" content=\"image\/jpeg\" \/>\n<meta name=\"twitter:card\" content=\"summary_large_image\" \/>\n<script type=\"application\/ld+json\" class=\"yoast-schema-graph\">{\"@context\":\"https:\/\/schema.org\",\"@graph\":[{\"@type\":\"WebPage\",\"@id\":\"https:\/\/grontkontor.dk\/sv\/shop\/a4-forvaringsbox-natur\/\",\"url\":\"https:\/\/grontkontor.dk\/sv\/shop\/a4-forvaringsbox-natur\/\",\"name\":\"A4 f\u00f6rvaringsl\u00e5da - natur - Gr\u00f8nt Kontor\",\"isPartOf\":{\"@id\":\"https:\/\/grontkontor.dk\/#website\"},\"datePublished\":\"2023-09-22T21:07:10+00:00\",\"dateModified\":\"2024-02-28T13:53:48+00:00\",\"breadcrumb\":{\"@id\":\"https:\/\/grontkontor.dk\/sv\/shop\/a4-forvaringsbox-natur\/#breadcrumb\"},\"inLanguage\":\"sv-SE\",\"potentialAction\":[{\"@type\":\"ReadAction\",\"target\":[\"https:\/\/grontkontor.dk\/sv\/shop\/a4-forvaringsbox-natur\/\"]}]},{\"@type\":\"BreadcrumbList\",\"@id\":\"https:\/\/grontkontor.dk\/sv\/shop\/a4-forvaringsbox-natur\/#breadcrumb\",\"itemListElement\":[{\"@type\":\"ListItem\",\"position\":1,\"name\":\"Forside\",\"item\":\"https:\/\/grontkontor.dk\/\"},{\"@type\":\"ListItem\",\"position\":2,\"name\":\"Shop\",\"item\":\"https:\/\/grontkontor.dk\/sv\/shop\/\"},{\"@type\":\"ListItem\",\"position\":3,\"name\":\"Arkivering\",\"item\":\"https:\/\/grontkontor.dk\/sv\/produkt-kategori\/arkivering-och-forvaring\/\"},{\"@type\":\"ListItem\",\"position\":4,\"name\":\"F\u00f6rvaringsboxar\",\"item\":\"https:\/\/grontkontor.dk\/sv\/produkt-kategori\/arkivering-och-forvaring\/foervaringsboxar\/\"},{\"@type\":\"ListItem\",\"position\":5,\"name\":\"A4 f\u00f6rvaringsl\u00e5da &#8211; natur\"}]},{\"@type\":\"WebSite\",\"@id\":\"https:\/\/grontkontor.dk\/#website\",\"url\":\"https:\/\/grontkontor.dk\/\",\"name\":\"Gr\u00f8nt Kontor\",\"description\":\"Milj\u00f8venlige produkter til kontor og erhverv med fokus p\u00e5 b\u00e6redygtighed, design og fair trade.\",\"publisher\":{\"@id\":\"https:\/\/grontkontor.dk\/#organization\"},\"potentialAction\":[{\"@type\":\"SearchAction\",\"target\":{\"@type\":\"EntryPoint\",\"urlTemplate\":\"https:\/\/grontkontor.dk\/?s={search_term_string}\"},\"query-input\":\"required name=search_term_string\"}],\"inLanguage\":\"sv-SE\"},{\"@type\":\"Organization\",\"@id\":\"https:\/\/grontkontor.dk\/#organization\",\"name\":\"Gr\u00f8nt Kontor\",\"url\":\"https:\/\/grontkontor.dk\/\",\"logo\":{\"@type\":\"ImageObject\",\"inLanguage\":\"sv-SE\",\"@id\":\"https:\/\/grontkontor.dk\/#\/schema\/logo\/image\/\",\"url\":\"https:\/\/grontkontor.dk\/wp-content\/uploads\/2014\/02\/Logo_groent_kontor_300x80.png\",\"contentUrl\":\"https:\/\/grontkontor.dk\/wp-content\/uploads\/2014\/02\/Logo_groent_kontor_300x80.png\",\"width\":300,\"height\":80,\"caption\":\"Gr\u00f8nt Kontor\"},\"image\":{\"@id\":\"https:\/\/grontkontor.dk\/#\/schema\/logo\/image\/\"},\"sameAs\":[\"https:\/\/www.facebook.com\/grontkontor.dk\/\"]}]}<\/script>\n<!-- \/ Yoast SEO Premium plugin. -->","yoast_head_json":{"title":"A4 f\u00f6rvaringsl\u00e5da - natur - Gr\u00f8nt Kontor","robots":{"index":"index","follow":"follow","max-snippet":"max-snippet:-1","max-image-preview":"max-image-preview:large","max-video-preview":"max-video-preview:-1"},"canonical":"https:\/\/grontkontor.dk\/sv\/shop\/a4-forvaringsbox-natur\/","og_locale":"sv_SE","og_type":"article","og_title":"A4 f\u00f6rvaringsl\u00e5da - natur","og_description":"Exklusiv och klimatv\u00e4nlig arkivbox f\u00f6r A4-format i skandinavisk design, som passar inneh\u00e5llet i en p\u00e4rm eller p\u00e4rm. Naturf\u00e4rgad yta i FSC-certifierat laminatpapper med nitad struktur, handlaminerad med vattenbaserat lim p\u00e5 en tjockare k\u00e4rna av \u00e5tervunnet papper. En klimat- och milj\u00f6v\u00e4nlig produkt tillverkad i EU.","og_url":"https:\/\/grontkontor.dk\/sv\/shop\/a4-forvaringsbox-natur\/","og_site_name":"Gr\u00f8nt Kontor","article_publisher":"https:\/\/www.facebook.com\/grontkontor.dk\/","article_modified_time":"2024-02-28T13:53:48+00:00","og_image":[{"width":800,"height":568,"url":"https:\/\/grontkontor.dk\/wp-content\/uploads\/2019\/12\/opbevaringsbox-natur-a4-01.jpg","type":"image\/jpeg"}],"twitter_card":"summary_large_image","schema":{"@context":"https:\/\/schema.org","@graph":[{"@type":"WebPage","@id":"https:\/\/grontkontor.dk\/sv\/shop\/a4-forvaringsbox-natur\/","url":"https:\/\/grontkontor.dk\/sv\/shop\/a4-forvaringsbox-natur\/","name":"A4 f\u00f6rvaringsl\u00e5da - natur - Gr\u00f8nt Kontor","isPartOf":{"@id":"https:\/\/grontkontor.dk\/#website"},"datePublished":"2023-09-22T21:07:10+00:00","dateModified":"2024-02-28T13:53:48+00:00","breadcrumb":{"@id":"https:\/\/grontkontor.dk\/sv\/shop\/a4-forvaringsbox-natur\/#breadcrumb"},"inLanguage":"sv-SE","potentialAction":[{"@type":"ReadAction","target":["https:\/\/grontkontor.dk\/sv\/shop\/a4-forvaringsbox-natur\/"]}]},{"@type":"BreadcrumbList","@id":"https:\/\/grontkontor.dk\/sv\/shop\/a4-forvaringsbox-natur\/#breadcrumb","itemListElement":[{"@type":"ListItem","position":1,"name":"Forside","item":"https:\/\/grontkontor.dk\/"},{"@type":"ListItem","position":2,"name":"Shop","item":"https:\/\/grontkontor.dk\/sv\/shop\/"},{"@type":"ListItem","position":3,"name":"Arkivering","item":"https:\/\/grontkontor.dk\/sv\/produkt-kategori\/arkivering-och-forvaring\/"},{"@type":"ListItem","position":4,"name":"F\u00f6rvaringsboxar","item":"https:\/\/grontkontor.dk\/sv\/produkt-kategori\/arkivering-och-forvaring\/foervaringsboxar\/"},{"@type":"ListItem","position":5,"name":"A4 f\u00f6rvaringsl\u00e5da &#8211; natur"}]},{"@type":"WebSite","@id":"https:\/\/grontkontor.dk\/#website","url":"https:\/\/grontkontor.dk\/","name":"Gr\u00f8nt Kontor","description":"Milj\u00f8venlige produkter til kontor og erhverv med fokus p\u00e5 b\u00e6redygtighed, design og fair trade.","publisher":{"@id":"https:\/\/grontkontor.dk\/#organization"},"potentialAction":[{"@type":"SearchAction","target":{"@type":"EntryPoint","urlTemplate":"https:\/\/grontkontor.dk\/?s={search_term_string}"},"query-input":"required name=search_term_string"}],"inLanguage":"sv-SE"},{"@type":"Organization","@id":"https:\/\/grontkontor.dk\/#organization","name":"Gr\u00f8nt Kontor","url":"https:\/\/grontkontor.dk\/","logo":{"@type":"ImageObject","inLanguage":"sv-SE","@id":"https:\/\/grontkontor.dk\/#\/schema\/logo\/image\/","url":"https:\/\/grontkontor.dk\/wp-content\/uploads\/2014\/02\/Logo_groent_kontor_300x80.png","contentUrl":"https:\/\/grontkontor.dk\/wp-content\/uploads\/2014\/02\/Logo_groent_kontor_300x80.png","width":300,"height":80,"caption":"Gr\u00f8nt Kontor"},"image":{"@id":"https:\/\/grontkontor.dk\/#\/schema\/logo\/image\/"},"sameAs":["https:\/\/www.facebook.com\/grontkontor.dk\/"]}]}},"_links":{"self":[{"href":"https:\/\/grontkontor.dk\/sv\/wp-json\/wp\/v2\/product\/74802"}],"collection":[{"href":"https:\/\/grontkontor.dk\/sv\/wp-json\/wp\/v2\/product"}],"about":[{"href":"https:\/\/grontkontor.dk\/sv\/wp-json\/wp\/v2\/types\/product"}],"replies":[{"embeddable":true,"href":"https:\/\/grontkontor.dk\/sv\/wp-json\/wp\/v2\/comments?post=74802"}],"wp:featuredmedia":[{"embeddable":true,"href":"https:\/\/grontkontor.dk\/sv\/wp-json\/wp\/v2\/media\/15303"}],"wp:attachment":[{"href":"https:\/\/grontkontor.dk\/sv\/wp-json\/wp\/v2\/media?parent=74802"}],"wp:term":[{"taxonomy":"product_cat","embeddable":true,"href":"https:\/\/grontkontor.dk\/sv\/wp-json\/wp\/v2\/product_cat?post=74802"},{"taxonomy":"product_tag","embeddable":true,"href":"https:\/\/grontkontor.dk\/sv\/wp-json\/wp\/v2\/product_tag?post=74802"}],"curies":[{"name":"wp","href":"https:\/\/api.w.org\/{rel}","templated":true}]}}