{"id":74803,"date":"2023-09-22T13:06:21","date_gmt":"2023-09-22T21:07:10","guid":{"rendered":"https:\/\/grontkontor.dk\/produkt\/anteckningsblock-aatervinning-a7\/"},"modified":"2024-02-28T14:52:11","modified_gmt":"2024-02-28T13:52:11","slug":"anteckningsblock-aatervinning-a7","status":"publish","type":"product","link":"https:\/\/grontkontor.dk\/sv\/shop\/anteckningsblock-aatervinning-a7\/","title":{"rendered":"Anteckningsblock \u00e5tervunna med tryck"},"content":{"rendered":"<p>Anteckningsblock i Blue Angel-certifierat \u00e5tervunnet papper med bakstycke i gr\u00e5tt \u00e5tervunnet papper. Med 4-f\u00e4rgstryck av logotyp, grafik, och eventuellt linjerat, kvadratiskt eller prickat.<\/p>\n<p>Levereras med 25, 50 eller 100 sidor i A7, A6, A5, A4 eller specialformat.<\/p>\nPapper\/kartong tillverkas vanligtvis av \u00e5tervunnet papper eller tr\u00e4, som \u00e4r en f\u00f6rnybar resurs. Papper \u00e4r biologiskt nedbrytbart och \u00e5tervinningsbart upp till ca. 7 g\u00e5nger. \u00c5tervunnet papper, PEFC eller FSC-certifierat papper \u00e4r klart att f\u00f6redra ur milj\u00f6synpunkt. \n<p>&nbsp;<\/p>\n<p>&nbsp;<\/p>\n<p><a href=\"https:\/\/en.wikipedia.org\/wiki\/Blue_Angel_(certification)\" rel=\"noopener\" target=\"_blank\"><img loading=\"lazy\" decoding=\"async\" class=\"size-full wp-image-12701\" src=\"https:\/\/grontkontor.dk\/wp-content\/uploads\/2019\/04\/blaa-engel.png\" \n\t\t alt=\"Bl? engel certificeret\" title=\"Bl? engel certificeret\" width=\"57\" height=\"62\" border=0 \/><\/a><img loading=\"lazy\" decoding=\"async\" src=\"https:\/\/grontkontor.dk\/wp-content\/uploads\/2021\/02\/genbrug.jpg\" alt=\"Fremstillet af genbrugsmaterialer\" width=\"50\" height=\"50\" class=\"size-full wp-image-23031\" srcset=\"https:\/\/grontkontor.dk\/wp-content\/uploads\/2021\/02\/genbrug.jpg 199w, https:\/\/grontkontor.dk\/wp-content\/uploads\/2021\/02\/genbrug-100x100.jpg 100w\" sizes=\"(max-width: 50px) 100vw, 50px\" \/><\/p>\n<p>&nbsp;<\/p>\n","protected":false},"excerpt":{"rendered":"<p>Anteckningsblock i Blue Angel-certifierat \u00e5tervunnet papper med bakstycke i gr\u00e5tt \u00e5tervunnet papper. Med 4-f\u00e4rgstryck av logotyp, grafik, och eventuellt linjerat, kvadratiskt eller prickat. Levereras med 25, 50 eller 100 sidor i A7, A6, A5, A4 eller specialformat. &nbsp; &nbsp; &nbsp;<\/p>\n","protected":false},"featured_media":15323,"comment_status":"closed","ping_status":"closed","template":"","meta":{"_acf_changed":false},"product_cat":[664,2325,661],"product_tag":[788,1361,695,789],"class_list":{"0":"post-74803","1":"product","2":"type-product","3":"status-publish","4":"has-post-thumbnail","6":"product_cat-anteckningsboecker","7":"product_cat-dummy-moq-250-sv","8":"product_cat-papper-och-block","9":"product_tag-skrivblock","10":"product_tag-noteshaefte-sv","11":"product_tag-anteckningsbok","12":"product_tag-anteckningsbocker","13":"tm-has-options","15":"first","16":"instock","17":"taxable","18":"shipping-taxable","19":"purchasable","20":"product-type-variable","21":"has-default-attributes"},"acf":[],"yoast_head":"<!-- This site is optimized with the Yoast SEO Premium plugin v21.2 (Yoast SEO v21.2) - https:\/\/yoast.com\/wordpress\/plugins\/seo\/ -->\n<title>Anteckningsblock \u00e5tervunna med tryck - Gr\u00f8nt Kontor<\/title>\n<meta name=\"robots\" content=\"index, follow, max-snippet:-1, max-image-preview:large, max-video-preview:-1\" \/>\n<link rel=\"canonical\" href=\"https:\/\/grontkontor.dk\/sv\/shop\/anteckningsblock-aatervinning-a7\/\" \/>\n<meta property=\"og:locale\" content=\"sv_SE\" \/>\n<meta property=\"og:type\" content=\"article\" \/>\n<meta property=\"og:title\" content=\"Anteckningsblock \u00e5tervunna med tryck\" \/>\n<meta property=\"og:description\" content=\"Anteckningsblock i Blue Angel-certifierat \u00e5tervunnet papper med bakstycke i gr\u00e5tt \u00e5tervunnet papper. Med 4-f\u00e4rgstryck av logotyp, grafik, och eventuellt linjerat, kvadratiskt eller prickat. Levereras med 25, 50 eller 100 sidor i A7, A6, A5, A4 eller specialformat. &nbsp; &nbsp; &nbsp;\" \/>\n<meta property=\"og:url\" content=\"https:\/\/grontkontor.dk\/sv\/shop\/anteckningsblock-aatervinning-a7\/\" \/>\n<meta property=\"og:site_name\" content=\"Gr\u00f8nt Kontor\" \/>\n<meta property=\"article:publisher\" content=\"https:\/\/www.facebook.com\/grontkontor.dk\/\" \/>\n<meta property=\"article:modified_time\" content=\"2024-02-28T13:52:11+00:00\" \/>\n<meta property=\"og:image\" content=\"https:\/\/grontkontor.dk\/wp-content\/uploads\/2019\/12\/notesblok-i-genbrugspapir-01.jpg\" \/>\n\t<meta property=\"og:image:width\" content=\"800\" \/>\n\t<meta property=\"og:image:height\" content=\"568\" \/>\n\t<meta property=\"og:image:type\" content=\"image\/jpeg\" \/>\n<meta name=\"twitter:card\" content=\"summary_large_image\" \/>\n<script type=\"application\/ld+json\" class=\"yoast-schema-graph\">{\"@context\":\"https:\/\/schema.org\",\"@graph\":[{\"@type\":\"WebPage\",\"@id\":\"https:\/\/grontkontor.dk\/sv\/shop\/anteckningsblock-aatervinning-a7\/\",\"url\":\"https:\/\/grontkontor.dk\/sv\/shop\/anteckningsblock-aatervinning-a7\/\",\"name\":\"Anteckningsblock \u00e5tervunna med tryck - Gr\u00f8nt Kontor\",\"isPartOf\":{\"@id\":\"https:\/\/grontkontor.dk\/#website\"},\"datePublished\":\"2023-09-22T21:07:10+00:00\",\"dateModified\":\"2024-02-28T13:52:11+00:00\",\"breadcrumb\":{\"@id\":\"https:\/\/grontkontor.dk\/sv\/shop\/anteckningsblock-aatervinning-a7\/#breadcrumb\"},\"inLanguage\":\"sv-SE\",\"potentialAction\":[{\"@type\":\"ReadAction\",\"target\":[\"https:\/\/grontkontor.dk\/sv\/shop\/anteckningsblock-aatervinning-a7\/\"]}]},{\"@type\":\"BreadcrumbList\",\"@id\":\"https:\/\/grontkontor.dk\/sv\/shop\/anteckningsblock-aatervinning-a7\/#breadcrumb\",\"itemListElement\":[{\"@type\":\"ListItem\",\"position\":1,\"name\":\"Forside\",\"item\":\"https:\/\/grontkontor.dk\/\"},{\"@type\":\"ListItem\",\"position\":2,\"name\":\"Shop\",\"item\":\"https:\/\/grontkontor.dk\/sv\/shop\/\"},{\"@type\":\"ListItem\",\"position\":3,\"name\":\"Papper och block\",\"item\":\"https:\/\/grontkontor.dk\/sv\/produkt-kategori\/papper-och-block\/\"},{\"@type\":\"ListItem\",\"position\":4,\"name\":\"B\u00e4rbara datorer\",\"item\":\"https:\/\/grontkontor.dk\/sv\/produkt-kategori\/papper-och-block\/anteckningsboecker\/\"},{\"@type\":\"ListItem\",\"position\":5,\"name\":\"Anteckningsblock \u00e5tervunna med tryck\"}]},{\"@type\":\"WebSite\",\"@id\":\"https:\/\/grontkontor.dk\/#website\",\"url\":\"https:\/\/grontkontor.dk\/\",\"name\":\"Gr\u00f8nt Kontor\",\"description\":\"Milj\u00f8venlige produkter til kontor og erhverv med fokus p\u00e5 b\u00e6redygtighed, design og fair trade.\",\"publisher\":{\"@id\":\"https:\/\/grontkontor.dk\/#organization\"},\"potentialAction\":[{\"@type\":\"SearchAction\",\"target\":{\"@type\":\"EntryPoint\",\"urlTemplate\":\"https:\/\/grontkontor.dk\/?s={search_term_string}\"},\"query-input\":\"required name=search_term_string\"}],\"inLanguage\":\"sv-SE\"},{\"@type\":\"Organization\",\"@id\":\"https:\/\/grontkontor.dk\/#organization\",\"name\":\"Gr\u00f8nt Kontor\",\"url\":\"https:\/\/grontkontor.dk\/\",\"logo\":{\"@type\":\"ImageObject\",\"inLanguage\":\"sv-SE\",\"@id\":\"https:\/\/grontkontor.dk\/#\/schema\/logo\/image\/\",\"url\":\"https:\/\/grontkontor.dk\/wp-content\/uploads\/2014\/02\/Logo_groent_kontor_300x80.png\",\"contentUrl\":\"https:\/\/grontkontor.dk\/wp-content\/uploads\/2014\/02\/Logo_groent_kontor_300x80.png\",\"width\":300,\"height\":80,\"caption\":\"Gr\u00f8nt Kontor\"},\"image\":{\"@id\":\"https:\/\/grontkontor.dk\/#\/schema\/logo\/image\/\"},\"sameAs\":[\"https:\/\/www.facebook.com\/grontkontor.dk\/\"]}]}<\/script>\n<!-- \/ Yoast SEO Premium plugin. -->","yoast_head_json":{"title":"Anteckningsblock \u00e5tervunna med tryck - Gr\u00f8nt Kontor","robots":{"index":"index","follow":"follow","max-snippet":"max-snippet:-1","max-image-preview":"max-image-preview:large","max-video-preview":"max-video-preview:-1"},"canonical":"https:\/\/grontkontor.dk\/sv\/shop\/anteckningsblock-aatervinning-a7\/","og_locale":"sv_SE","og_type":"article","og_title":"Anteckningsblock \u00e5tervunna med tryck","og_description":"Anteckningsblock i Blue Angel-certifierat \u00e5tervunnet papper med bakstycke i gr\u00e5tt \u00e5tervunnet papper. Med 4-f\u00e4rgstryck av logotyp, grafik, och eventuellt linjerat, kvadratiskt eller prickat. Levereras med 25, 50 eller 100 sidor i A7, A6, A5, A4 eller specialformat. &nbsp; &nbsp; &nbsp;","og_url":"https:\/\/grontkontor.dk\/sv\/shop\/anteckningsblock-aatervinning-a7\/","og_site_name":"Gr\u00f8nt Kontor","article_publisher":"https:\/\/www.facebook.com\/grontkontor.dk\/","article_modified_time":"2024-02-28T13:52:11+00:00","og_image":[{"width":800,"height":568,"url":"https:\/\/grontkontor.dk\/wp-content\/uploads\/2019\/12\/notesblok-i-genbrugspapir-01.jpg","type":"image\/jpeg"}],"twitter_card":"summary_large_image","schema":{"@context":"https:\/\/schema.org","@graph":[{"@type":"WebPage","@id":"https:\/\/grontkontor.dk\/sv\/shop\/anteckningsblock-aatervinning-a7\/","url":"https:\/\/grontkontor.dk\/sv\/shop\/anteckningsblock-aatervinning-a7\/","name":"Anteckningsblock \u00e5tervunna med tryck - Gr\u00f8nt Kontor","isPartOf":{"@id":"https:\/\/grontkontor.dk\/#website"},"datePublished":"2023-09-22T21:07:10+00:00","dateModified":"2024-02-28T13:52:11+00:00","breadcrumb":{"@id":"https:\/\/grontkontor.dk\/sv\/shop\/anteckningsblock-aatervinning-a7\/#breadcrumb"},"inLanguage":"sv-SE","potentialAction":[{"@type":"ReadAction","target":["https:\/\/grontkontor.dk\/sv\/shop\/anteckningsblock-aatervinning-a7\/"]}]},{"@type":"BreadcrumbList","@id":"https:\/\/grontkontor.dk\/sv\/shop\/anteckningsblock-aatervinning-a7\/#breadcrumb","itemListElement":[{"@type":"ListItem","position":1,"name":"Forside","item":"https:\/\/grontkontor.dk\/"},{"@type":"ListItem","position":2,"name":"Shop","item":"https:\/\/grontkontor.dk\/sv\/shop\/"},{"@type":"ListItem","position":3,"name":"Papper och block","item":"https:\/\/grontkontor.dk\/sv\/produkt-kategori\/papper-och-block\/"},{"@type":"ListItem","position":4,"name":"B\u00e4rbara datorer","item":"https:\/\/grontkontor.dk\/sv\/produkt-kategori\/papper-och-block\/anteckningsboecker\/"},{"@type":"ListItem","position":5,"name":"Anteckningsblock \u00e5tervunna med tryck"}]},{"@type":"WebSite","@id":"https:\/\/grontkontor.dk\/#website","url":"https:\/\/grontkontor.dk\/","name":"Gr\u00f8nt Kontor","description":"Milj\u00f8venlige produkter til kontor og erhverv med fokus p\u00e5 b\u00e6redygtighed, design og fair trade.","publisher":{"@id":"https:\/\/grontkontor.dk\/#organization"},"potentialAction":[{"@type":"SearchAction","target":{"@type":"EntryPoint","urlTemplate":"https:\/\/grontkontor.dk\/?s={search_term_string}"},"query-input":"required name=search_term_string"}],"inLanguage":"sv-SE"},{"@type":"Organization","@id":"https:\/\/grontkontor.dk\/#organization","name":"Gr\u00f8nt Kontor","url":"https:\/\/grontkontor.dk\/","logo":{"@type":"ImageObject","inLanguage":"sv-SE","@id":"https:\/\/grontkontor.dk\/#\/schema\/logo\/image\/","url":"https:\/\/grontkontor.dk\/wp-content\/uploads\/2014\/02\/Logo_groent_kontor_300x80.png","contentUrl":"https:\/\/grontkontor.dk\/wp-content\/uploads\/2014\/02\/Logo_groent_kontor_300x80.png","width":300,"height":80,"caption":"Gr\u00f8nt Kontor"},"image":{"@id":"https:\/\/grontkontor.dk\/#\/schema\/logo\/image\/"},"sameAs":["https:\/\/www.facebook.com\/grontkontor.dk\/"]}]}},"_links":{"self":[{"href":"https:\/\/grontkontor.dk\/sv\/wp-json\/wp\/v2\/product\/74803"}],"collection":[{"href":"https:\/\/grontkontor.dk\/sv\/wp-json\/wp\/v2\/product"}],"about":[{"href":"https:\/\/grontkontor.dk\/sv\/wp-json\/wp\/v2\/types\/product"}],"replies":[{"embeddable":true,"href":"https:\/\/grontkontor.dk\/sv\/wp-json\/wp\/v2\/comments?post=74803"}],"wp:featuredmedia":[{"embeddable":true,"href":"https:\/\/grontkontor.dk\/sv\/wp-json\/wp\/v2\/media\/15323"}],"wp:attachment":[{"href":"https:\/\/grontkontor.dk\/sv\/wp-json\/wp\/v2\/media?parent=74803"}],"wp:term":[{"taxonomy":"product_cat","embeddable":true,"href":"https:\/\/grontkontor.dk\/sv\/wp-json\/wp\/v2\/product_cat?post=74803"},{"taxonomy":"product_tag","embeddable":true,"href":"https:\/\/grontkontor.dk\/sv\/wp-json\/wp\/v2\/product_tag?post=74803"}],"curies":[{"name":"wp","href":"https:\/\/api.w.org\/{rel}","templated":true}]}}