{"id":74824,"date":"2023-09-22T13:06:37","date_gmt":"2023-09-22T21:07:28","guid":{"rendered":"https:\/\/grontkontor.dk\/produkt\/porcelinsmugg-bambuslock\/"},"modified":"2024-02-28T14:39:13","modified_gmt":"2024-02-28T13:39:13","slug":"porcelinsmugg-bambuslock","status":"publish","type":"product","link":"https:\/\/grontkontor.dk\/sv\/shop\/porcelinsmugg-bambuslock\/","title":{"rendered":"Att g\u00e5 porslinsmugg med bambulock"},"content":{"rendered":"<p>Enkel och stilren mugg och kaffesked i vitt porslin med en bra signal om klimatv\u00e4nlighet. Locket \u00e4r tillverkat av klimatv\u00e4nlig bambu (eftersom bambu \u00e4r ett naturmaterial kan f\u00e4rgen p\u00e5 varje artikel variera). En riktigt fin utdelning\/giveaway f\u00f6r m\u00e4ssa och event. Finns med tryck eller gravyr.<\/p>\n<p>Muggen \u00e4r l\u00e4mplig f\u00f6r diskmaskin och mikrov\u00e5gsugn, bambulocket rekommenderas f\u00f6r manuell diskning.<br \/>\nMuggen \u00e4r godk\u00e4nt till kontakt med livsmedel och 100% BPA fritt<\/p>\n<p>Inneh\u00e5ll: 380 ml.<\/p>\n<p>Keramik \/ porslin \u00e4r ett h\u00e5llbart material, framst\u00e4llt prim\u00e4rt av lera, som man kan betrakta som en outt\u00f6mmlig resurs. Vid tillverkningen g\u00e5r det \u00e5t stora m\u00e4ngder energi, s\u00e5 graden h\u00e5llbarhet \u00e4r beroende av energik\u00e4llan under tillv\u00e4rkningsprocessen. Keramik avger inga skadliga material till milj\u00f6n, efter kassering.  Bambu \u00e4r biologiskt nedbrytbart och d\u00e4rf\u00f6r ett fantastiskt material n\u00e4r det kommer till h\u00e5llbarhet. Den har en extremt snabb \u00e5terv\u00e4xt efter sk\u00f6rd. Banbu fungerar, precis som andra naturprodukter, som ett CO2 dep\u00e5 under hela sin livsdid. <\/p>\n<p>&nbsp;<\/p>\n","protected":false},"excerpt":{"rendered":"<p>Enkel och stilren mugg och kaffesked i vitt porslin med en bra signal om klimatv\u00e4nlighet. Locket \u00e4r tillverkat av klimatv\u00e4nlig bambu (eftersom bambu \u00e4r ett naturmaterial kan f\u00e4rgen p\u00e5 varje artikel variera). En riktigt fin utdelning\/giveaway f\u00f6r m\u00e4ssa och event. Finns med tryck eller gravyr. Muggen \u00e4r l\u00e4mplig f\u00f6r diskmaskin och mikrov\u00e5gsugn, bambulocket rekommenderas f\u00f6r [&hellip;]<\/p>\n","protected":false},"featured_media":15584,"comment_status":"closed","ping_status":"closed","template":"","meta":{"_acf_changed":false},"product_cat":[4452,2107,2233,1954],"product_tag":[1911,1910,1971],"class_list":{"0":"post-74824","1":"product","2":"type-product","3":"status-publish","4":"has-post-thumbnail","6":"product_cat-muggar-och-koppar-sv","7":"product_cat-dummy-moq-1-sv","8":"product_cat-mat-och-dryck","9":"product_cat-muggar-och-koppar","10":"product_tag-kaffekrus-sv","11":"product_tag-krus-sv","12":"product_tag-tekrus-sv","13":"tm-has-options","15":"first","16":"instock","17":"sale","18":"taxable","19":"shipping-taxable","20":"purchasable","21":"product-type-simple"},"acf":[],"yoast_head":"<!-- This site is optimized with the Yoast SEO Premium plugin v21.2 (Yoast SEO v21.2) - https:\/\/yoast.com\/wordpress\/plugins\/seo\/ -->\n<title>Att g\u00e5 porslinsmugg med bambulock - Gr\u00f8nt Kontor<\/title>\n<meta name=\"robots\" content=\"index, follow, max-snippet:-1, max-image-preview:large, max-video-preview:-1\" \/>\n<link rel=\"canonical\" href=\"https:\/\/grontkontor.dk\/shop\/porcelaenskrus-bambuslaag\/\" \/>\n<meta property=\"og:locale\" content=\"sv_SE\" \/>\n<meta property=\"og:type\" content=\"article\" \/>\n<meta property=\"og:title\" content=\"Att g\u00e5 porslinsmugg med bambulock\" \/>\n<meta property=\"og:description\" content=\"Enkel och stilren mugg och kaffesked i vitt porslin med en bra signal om klimatv\u00e4nlighet. Locket \u00e4r tillverkat av klimatv\u00e4nlig bambu (eftersom bambu \u00e4r ett naturmaterial kan f\u00e4rgen p\u00e5 varje artikel variera). En riktigt fin utdelning\/giveaway f\u00f6r m\u00e4ssa och event. Finns med tryck eller gravyr. Muggen \u00e4r l\u00e4mplig f\u00f6r diskmaskin och mikrov\u00e5gsugn, bambulocket rekommenderas f\u00f6r [&hellip;]\" \/>\n<meta property=\"og:url\" content=\"https:\/\/grontkontor.dk\/shop\/porcelaenskrus-bambuslaag\/\" \/>\n<meta property=\"og:site_name\" content=\"Gr\u00f8nt Kontor\" \/>\n<meta property=\"article:publisher\" content=\"https:\/\/www.facebook.com\/grontkontor.dk\/\" \/>\n<meta property=\"article:modified_time\" content=\"2024-02-28T13:39:13+00:00\" \/>\n<meta property=\"og:image\" content=\"https:\/\/grontkontor.dk\/wp-content\/uploads\/2020\/02\/kaffekrus-porcelaen-bambus-380ml-01.jpg\" \/>\n\t<meta property=\"og:image:width\" content=\"800\" \/>\n\t<meta property=\"og:image:height\" content=\"568\" \/>\n\t<meta property=\"og:image:type\" content=\"image\/jpeg\" \/>\n<meta name=\"twitter:card\" content=\"summary_large_image\" \/>\n<script type=\"application\/ld+json\" class=\"yoast-schema-graph\">{\"@context\":\"https:\/\/schema.org\",\"@graph\":[{\"@type\":\"WebPage\",\"@id\":\"https:\/\/grontkontor.dk\/shop\/porcelaenskrus-bambuslaag\/\",\"url\":\"https:\/\/grontkontor.dk\/shop\/porcelaenskrus-bambuslaag\/\",\"name\":\"Att g\u00e5 porslinsmugg med bambulock - Gr\u00f8nt Kontor\",\"isPartOf\":{\"@id\":\"https:\/\/grontkontor.dk\/#website\"},\"datePublished\":\"2023-09-22T21:07:28+00:00\",\"dateModified\":\"2024-02-28T13:39:13+00:00\",\"breadcrumb\":{\"@id\":\"https:\/\/grontkontor.dk\/shop\/porcelaenskrus-bambuslaag\/#breadcrumb\"},\"inLanguage\":\"sv-SE\",\"potentialAction\":[{\"@type\":\"ReadAction\",\"target\":[\"https:\/\/grontkontor.dk\/shop\/porcelaenskrus-bambuslaag\/\"]}]},{\"@type\":\"BreadcrumbList\",\"@id\":\"https:\/\/grontkontor.dk\/shop\/porcelaenskrus-bambuslaag\/#breadcrumb\",\"itemListElement\":[{\"@type\":\"ListItem\",\"position\":1,\"name\":\"Forside\",\"item\":\"https:\/\/grontkontor.dk\/\"},{\"@type\":\"ListItem\",\"position\":2,\"name\":\"Shop\",\"item\":\"https:\/\/grontkontor.dk\/sv\/shop\/\"},{\"@type\":\"ListItem\",\"position\":3,\"name\":\"Klimatsmarta f\u00f6retagspresenter\",\"item\":\"https:\/\/grontkontor.dk\/sv\/produkt-kategori\/miljovaenliga-foretagspresenter\/\"},{\"@type\":\"ListItem\",\"position\":4,\"name\":\"Muggar och koppar\",\"item\":\"https:\/\/grontkontor.dk\/sv\/produkt-kategori\/muggar-och-koppar-sv\/\"},{\"@type\":\"ListItem\",\"position\":5,\"name\":\"Att g\u00e5 porslinsmugg med bambulock\"}]},{\"@type\":\"WebSite\",\"@id\":\"https:\/\/grontkontor.dk\/#website\",\"url\":\"https:\/\/grontkontor.dk\/\",\"name\":\"Gr\u00f8nt Kontor\",\"description\":\"Milj\u00f8venlige produkter til kontor og erhverv med fokus p\u00e5 b\u00e6redygtighed, design og fair trade.\",\"publisher\":{\"@id\":\"https:\/\/grontkontor.dk\/#organization\"},\"potentialAction\":[{\"@type\":\"SearchAction\",\"target\":{\"@type\":\"EntryPoint\",\"urlTemplate\":\"https:\/\/grontkontor.dk\/?s={search_term_string}\"},\"query-input\":\"required name=search_term_string\"}],\"inLanguage\":\"sv-SE\"},{\"@type\":\"Organization\",\"@id\":\"https:\/\/grontkontor.dk\/#organization\",\"name\":\"Gr\u00f8nt Kontor\",\"url\":\"https:\/\/grontkontor.dk\/\",\"logo\":{\"@type\":\"ImageObject\",\"inLanguage\":\"sv-SE\",\"@id\":\"https:\/\/grontkontor.dk\/#\/schema\/logo\/image\/\",\"url\":\"https:\/\/grontkontor.dk\/wp-content\/uploads\/2014\/02\/Logo_groent_kontor_300x80.png\",\"contentUrl\":\"https:\/\/grontkontor.dk\/wp-content\/uploads\/2014\/02\/Logo_groent_kontor_300x80.png\",\"width\":300,\"height\":80,\"caption\":\"Gr\u00f8nt Kontor\"},\"image\":{\"@id\":\"https:\/\/grontkontor.dk\/#\/schema\/logo\/image\/\"},\"sameAs\":[\"https:\/\/www.facebook.com\/grontkontor.dk\/\"]}]}<\/script>\n<!-- \/ Yoast SEO Premium plugin. -->","yoast_head_json":{"title":"Att g\u00e5 porslinsmugg med bambulock - Gr\u00f8nt Kontor","robots":{"index":"index","follow":"follow","max-snippet":"max-snippet:-1","max-image-preview":"max-image-preview:large","max-video-preview":"max-video-preview:-1"},"canonical":"https:\/\/grontkontor.dk\/shop\/porcelaenskrus-bambuslaag\/","og_locale":"sv_SE","og_type":"article","og_title":"Att g\u00e5 porslinsmugg med bambulock","og_description":"Enkel och stilren mugg och kaffesked i vitt porslin med en bra signal om klimatv\u00e4nlighet. Locket \u00e4r tillverkat av klimatv\u00e4nlig bambu (eftersom bambu \u00e4r ett naturmaterial kan f\u00e4rgen p\u00e5 varje artikel variera). En riktigt fin utdelning\/giveaway f\u00f6r m\u00e4ssa och event. Finns med tryck eller gravyr. Muggen \u00e4r l\u00e4mplig f\u00f6r diskmaskin och mikrov\u00e5gsugn, bambulocket rekommenderas f\u00f6r [&hellip;]","og_url":"https:\/\/grontkontor.dk\/shop\/porcelaenskrus-bambuslaag\/","og_site_name":"Gr\u00f8nt Kontor","article_publisher":"https:\/\/www.facebook.com\/grontkontor.dk\/","article_modified_time":"2024-02-28T13:39:13+00:00","og_image":[{"width":800,"height":568,"url":"https:\/\/grontkontor.dk\/wp-content\/uploads\/2020\/02\/kaffekrus-porcelaen-bambus-380ml-01.jpg","type":"image\/jpeg"}],"twitter_card":"summary_large_image","schema":{"@context":"https:\/\/schema.org","@graph":[{"@type":"WebPage","@id":"https:\/\/grontkontor.dk\/shop\/porcelaenskrus-bambuslaag\/","url":"https:\/\/grontkontor.dk\/shop\/porcelaenskrus-bambuslaag\/","name":"Att g\u00e5 porslinsmugg med bambulock - Gr\u00f8nt Kontor","isPartOf":{"@id":"https:\/\/grontkontor.dk\/#website"},"datePublished":"2023-09-22T21:07:28+00:00","dateModified":"2024-02-28T13:39:13+00:00","breadcrumb":{"@id":"https:\/\/grontkontor.dk\/shop\/porcelaenskrus-bambuslaag\/#breadcrumb"},"inLanguage":"sv-SE","potentialAction":[{"@type":"ReadAction","target":["https:\/\/grontkontor.dk\/shop\/porcelaenskrus-bambuslaag\/"]}]},{"@type":"BreadcrumbList","@id":"https:\/\/grontkontor.dk\/shop\/porcelaenskrus-bambuslaag\/#breadcrumb","itemListElement":[{"@type":"ListItem","position":1,"name":"Forside","item":"https:\/\/grontkontor.dk\/"},{"@type":"ListItem","position":2,"name":"Shop","item":"https:\/\/grontkontor.dk\/sv\/shop\/"},{"@type":"ListItem","position":3,"name":"Klimatsmarta f\u00f6retagspresenter","item":"https:\/\/grontkontor.dk\/sv\/produkt-kategori\/miljovaenliga-foretagspresenter\/"},{"@type":"ListItem","position":4,"name":"Muggar och koppar","item":"https:\/\/grontkontor.dk\/sv\/produkt-kategori\/muggar-och-koppar-sv\/"},{"@type":"ListItem","position":5,"name":"Att g\u00e5 porslinsmugg med bambulock"}]},{"@type":"WebSite","@id":"https:\/\/grontkontor.dk\/#website","url":"https:\/\/grontkontor.dk\/","name":"Gr\u00f8nt Kontor","description":"Milj\u00f8venlige produkter til kontor og erhverv med fokus p\u00e5 b\u00e6redygtighed, design og fair trade.","publisher":{"@id":"https:\/\/grontkontor.dk\/#organization"},"potentialAction":[{"@type":"SearchAction","target":{"@type":"EntryPoint","urlTemplate":"https:\/\/grontkontor.dk\/?s={search_term_string}"},"query-input":"required name=search_term_string"}],"inLanguage":"sv-SE"},{"@type":"Organization","@id":"https:\/\/grontkontor.dk\/#organization","name":"Gr\u00f8nt Kontor","url":"https:\/\/grontkontor.dk\/","logo":{"@type":"ImageObject","inLanguage":"sv-SE","@id":"https:\/\/grontkontor.dk\/#\/schema\/logo\/image\/","url":"https:\/\/grontkontor.dk\/wp-content\/uploads\/2014\/02\/Logo_groent_kontor_300x80.png","contentUrl":"https:\/\/grontkontor.dk\/wp-content\/uploads\/2014\/02\/Logo_groent_kontor_300x80.png","width":300,"height":80,"caption":"Gr\u00f8nt Kontor"},"image":{"@id":"https:\/\/grontkontor.dk\/#\/schema\/logo\/image\/"},"sameAs":["https:\/\/www.facebook.com\/grontkontor.dk\/"]}]}},"_links":{"self":[{"href":"https:\/\/grontkontor.dk\/sv\/wp-json\/wp\/v2\/product\/74824"}],"collection":[{"href":"https:\/\/grontkontor.dk\/sv\/wp-json\/wp\/v2\/product"}],"about":[{"href":"https:\/\/grontkontor.dk\/sv\/wp-json\/wp\/v2\/types\/product"}],"replies":[{"embeddable":true,"href":"https:\/\/grontkontor.dk\/sv\/wp-json\/wp\/v2\/comments?post=74824"}],"wp:featuredmedia":[{"embeddable":true,"href":"https:\/\/grontkontor.dk\/sv\/wp-json\/wp\/v2\/media\/15584"}],"wp:attachment":[{"href":"https:\/\/grontkontor.dk\/sv\/wp-json\/wp\/v2\/media?parent=74824"}],"wp:term":[{"taxonomy":"product_cat","embeddable":true,"href":"https:\/\/grontkontor.dk\/sv\/wp-json\/wp\/v2\/product_cat?post=74824"},{"taxonomy":"product_tag","embeddable":true,"href":"https:\/\/grontkontor.dk\/sv\/wp-json\/wp\/v2\/product_tag?post=74824"}],"curies":[{"name":"wp","href":"https:\/\/api.w.org\/{rel}","templated":true}]}}