{"id":74850,"date":"2023-09-22T13:06:56","date_gmt":"2023-09-22T21:07:51","guid":{"rendered":"https:\/\/grontkontor.dk\/produkt\/to-go-keramikkrus-termo-traelaag\/"},"modified":"2023-09-22T23:08:21","modified_gmt":"2023-09-22T21:08:21","slug":"to-go-keramikkrus-termo-traelaag","status":"publish","type":"product","link":"https:\/\/grontkontor.dk\/sv\/shop\/to-go-keramikkrus-termo-traelaag\/","title":{"rendered":"To-go termisk keramisk mugg"},"content":{"rendered":"<p>Exklusiv dubbelv\u00e4ggig keramisk mugg i vacker design med f\u00e4stbart tr\u00e4lock. Muggen har en matt och blank kontrastdesign som f\u00f6rhindrar kondens p\u00e5 utsidan av b\u00e4garen. En milj\u00f6v\u00e4nlig produkt, perfekt som giveaway n\u00e4r de inte sparar n\u00e5gonting.<br \/>\nFinns i vit och svart keramik.<br \/>\nT\u00e5l diskmaskin, men vi rekommenderar att du tv\u00e4ttar locket f\u00f6r hand. Inneh\u00e5ll: 370 ml.<\/p>\n","protected":false},"excerpt":{"rendered":"<p>Exklusiv dubbelv\u00e4ggig keramisk mugg i vacker design med f\u00e4stbart tr\u00e4lock. Muggen har en matt och blank kontrastdesign som f\u00f6rhindrar kondens p\u00e5 utsidan av b\u00e4garen. En milj\u00f6v\u00e4nlig produkt, perfekt som giveaway n\u00e4r de inte sparar n\u00e5gonting. Finns i vit och svart keramik. T\u00e5l diskmaskin, men vi rekommenderar att du tv\u00e4ttar locket f\u00f6r hand. Inneh\u00e5ll: 370 ml.<\/p>\n","protected":false},"featured_media":15854,"comment_status":"closed","ping_status":"closed","template":"","meta":{"_acf_changed":false},"product_cat":[2450,2233,1954],"product_tag":[1911,1910,1912],"class_list":{"0":"post-74850","1":"product","2":"type-product","3":"status-publish","4":"has-post-thumbnail","6":"product_cat-dummy-moq-10-50-sv","7":"product_cat-mat-och-dryck","8":"product_cat-muggar-och-koppar","9":"product_tag-kaffekrus-sv","10":"product_tag-krus-sv","11":"product_tag-termokrus-sv","12":"tm-has-options","14":"first","15":"outofstock","16":"taxable","17":"shipping-taxable","18":"purchasable","19":"product-type-variable"},"acf":[],"yoast_head":"<!-- This site is optimized with the Yoast SEO Premium plugin v21.2 (Yoast SEO v21.2) - https:\/\/yoast.com\/wordpress\/plugins\/seo\/ -->\n<title>To-go termisk keramisk mugg - Gr\u00f8nt Kontor<\/title>\n<meta name=\"robots\" content=\"index, follow, max-snippet:-1, max-image-preview:large, max-video-preview:-1\" \/>\n<link rel=\"canonical\" href=\"https:\/\/grontkontor.dk\/sv\/shop\/to-go-keramikkrus-termo-traelaag\/\" \/>\n<meta property=\"og:locale\" content=\"sv_SE\" \/>\n<meta property=\"og:type\" content=\"article\" \/>\n<meta property=\"og:title\" content=\"To-go termisk keramisk mugg\" \/>\n<meta property=\"og:description\" content=\"Exklusiv dubbelv\u00e4ggig keramisk mugg i vacker design med f\u00e4stbart tr\u00e4lock. Muggen har en matt och blank kontrastdesign som f\u00f6rhindrar kondens p\u00e5 utsidan av b\u00e4garen. En milj\u00f6v\u00e4nlig produkt, perfekt som giveaway n\u00e4r de inte sparar n\u00e5gonting. Finns i vit och svart keramik. T\u00e5l diskmaskin, men vi rekommenderar att du tv\u00e4ttar locket f\u00f6r hand. Inneh\u00e5ll: 370 ml.\" \/>\n<meta property=\"og:url\" content=\"https:\/\/grontkontor.dk\/sv\/shop\/to-go-keramikkrus-termo-traelaag\/\" \/>\n<meta property=\"og:site_name\" content=\"Gr\u00f8nt Kontor\" \/>\n<meta property=\"article:publisher\" content=\"https:\/\/www.facebook.com\/grontkontor.dk\/\" \/>\n<meta property=\"article:modified_time\" content=\"2023-09-22T21:08:21+00:00\" \/>\n<meta property=\"og:image\" content=\"https:\/\/grontkontor.dk\/wp-content\/uploads\/2020\/02\/termokrus-med-trae-sort-370ml-01.jpg\" \/>\n\t<meta property=\"og:image:width\" content=\"800\" \/>\n\t<meta property=\"og:image:height\" content=\"568\" \/>\n\t<meta property=\"og:image:type\" content=\"image\/jpeg\" \/>\n<meta name=\"twitter:card\" content=\"summary_large_image\" \/>\n<script type=\"application\/ld+json\" class=\"yoast-schema-graph\">{\"@context\":\"https:\/\/schema.org\",\"@graph\":[{\"@type\":\"WebPage\",\"@id\":\"https:\/\/grontkontor.dk\/sv\/shop\/to-go-keramikkrus-termo-traelaag\/\",\"url\":\"https:\/\/grontkontor.dk\/sv\/shop\/to-go-keramikkrus-termo-traelaag\/\",\"name\":\"To-go termisk keramisk mugg - Gr\u00f8nt Kontor\",\"isPartOf\":{\"@id\":\"https:\/\/grontkontor.dk\/#website\"},\"datePublished\":\"2023-09-22T21:07:51+00:00\",\"dateModified\":\"2023-09-22T21:08:21+00:00\",\"breadcrumb\":{\"@id\":\"https:\/\/grontkontor.dk\/sv\/shop\/to-go-keramikkrus-termo-traelaag\/#breadcrumb\"},\"inLanguage\":\"sv-SE\",\"potentialAction\":[{\"@type\":\"ReadAction\",\"target\":[\"https:\/\/grontkontor.dk\/sv\/shop\/to-go-keramikkrus-termo-traelaag\/\"]}]},{\"@type\":\"BreadcrumbList\",\"@id\":\"https:\/\/grontkontor.dk\/sv\/shop\/to-go-keramikkrus-termo-traelaag\/#breadcrumb\",\"itemListElement\":[{\"@type\":\"ListItem\",\"position\":1,\"name\":\"Forside\",\"item\":\"https:\/\/grontkontor.dk\/\"},{\"@type\":\"ListItem\",\"position\":2,\"name\":\"Shop\",\"item\":\"https:\/\/grontkontor.dk\/sv\/shop\/\"},{\"@type\":\"ListItem\",\"position\":3,\"name\":\"Mat och dryck\",\"item\":\"https:\/\/grontkontor.dk\/sv\/produkt-kategori\/mat-och-dryck\/\"},{\"@type\":\"ListItem\",\"position\":4,\"name\":\"Muggar och koppar\",\"item\":\"https:\/\/grontkontor.dk\/sv\/produkt-kategori\/mat-och-dryck\/muggar-och-koppar\/\"},{\"@type\":\"ListItem\",\"position\":5,\"name\":\"To-go termisk keramisk mugg\"}]},{\"@type\":\"WebSite\",\"@id\":\"https:\/\/grontkontor.dk\/#website\",\"url\":\"https:\/\/grontkontor.dk\/\",\"name\":\"Gr\u00f8nt Kontor\",\"description\":\"Milj\u00f8venlige produkter til kontor og erhverv med fokus p\u00e5 b\u00e6redygtighed, design og fair trade.\",\"publisher\":{\"@id\":\"https:\/\/grontkontor.dk\/#organization\"},\"potentialAction\":[{\"@type\":\"SearchAction\",\"target\":{\"@type\":\"EntryPoint\",\"urlTemplate\":\"https:\/\/grontkontor.dk\/?s={search_term_string}\"},\"query-input\":\"required name=search_term_string\"}],\"inLanguage\":\"sv-SE\"},{\"@type\":\"Organization\",\"@id\":\"https:\/\/grontkontor.dk\/#organization\",\"name\":\"Gr\u00f8nt Kontor\",\"url\":\"https:\/\/grontkontor.dk\/\",\"logo\":{\"@type\":\"ImageObject\",\"inLanguage\":\"sv-SE\",\"@id\":\"https:\/\/grontkontor.dk\/#\/schema\/logo\/image\/\",\"url\":\"https:\/\/grontkontor.dk\/wp-content\/uploads\/2014\/02\/Logo_groent_kontor_300x80.png\",\"contentUrl\":\"https:\/\/grontkontor.dk\/wp-content\/uploads\/2014\/02\/Logo_groent_kontor_300x80.png\",\"width\":300,\"height\":80,\"caption\":\"Gr\u00f8nt Kontor\"},\"image\":{\"@id\":\"https:\/\/grontkontor.dk\/#\/schema\/logo\/image\/\"},\"sameAs\":[\"https:\/\/www.facebook.com\/grontkontor.dk\/\"]}]}<\/script>\n<!-- \/ Yoast SEO Premium plugin. -->","yoast_head_json":{"title":"To-go termisk keramisk mugg - Gr\u00f8nt Kontor","robots":{"index":"index","follow":"follow","max-snippet":"max-snippet:-1","max-image-preview":"max-image-preview:large","max-video-preview":"max-video-preview:-1"},"canonical":"https:\/\/grontkontor.dk\/sv\/shop\/to-go-keramikkrus-termo-traelaag\/","og_locale":"sv_SE","og_type":"article","og_title":"To-go termisk keramisk mugg","og_description":"Exklusiv dubbelv\u00e4ggig keramisk mugg i vacker design med f\u00e4stbart tr\u00e4lock. Muggen har en matt och blank kontrastdesign som f\u00f6rhindrar kondens p\u00e5 utsidan av b\u00e4garen. En milj\u00f6v\u00e4nlig produkt, perfekt som giveaway n\u00e4r de inte sparar n\u00e5gonting. Finns i vit och svart keramik. T\u00e5l diskmaskin, men vi rekommenderar att du tv\u00e4ttar locket f\u00f6r hand. Inneh\u00e5ll: 370 ml.","og_url":"https:\/\/grontkontor.dk\/sv\/shop\/to-go-keramikkrus-termo-traelaag\/","og_site_name":"Gr\u00f8nt Kontor","article_publisher":"https:\/\/www.facebook.com\/grontkontor.dk\/","article_modified_time":"2023-09-22T21:08:21+00:00","og_image":[{"width":800,"height":568,"url":"https:\/\/grontkontor.dk\/wp-content\/uploads\/2020\/02\/termokrus-med-trae-sort-370ml-01.jpg","type":"image\/jpeg"}],"twitter_card":"summary_large_image","schema":{"@context":"https:\/\/schema.org","@graph":[{"@type":"WebPage","@id":"https:\/\/grontkontor.dk\/sv\/shop\/to-go-keramikkrus-termo-traelaag\/","url":"https:\/\/grontkontor.dk\/sv\/shop\/to-go-keramikkrus-termo-traelaag\/","name":"To-go termisk keramisk mugg - Gr\u00f8nt Kontor","isPartOf":{"@id":"https:\/\/grontkontor.dk\/#website"},"datePublished":"2023-09-22T21:07:51+00:00","dateModified":"2023-09-22T21:08:21+00:00","breadcrumb":{"@id":"https:\/\/grontkontor.dk\/sv\/shop\/to-go-keramikkrus-termo-traelaag\/#breadcrumb"},"inLanguage":"sv-SE","potentialAction":[{"@type":"ReadAction","target":["https:\/\/grontkontor.dk\/sv\/shop\/to-go-keramikkrus-termo-traelaag\/"]}]},{"@type":"BreadcrumbList","@id":"https:\/\/grontkontor.dk\/sv\/shop\/to-go-keramikkrus-termo-traelaag\/#breadcrumb","itemListElement":[{"@type":"ListItem","position":1,"name":"Forside","item":"https:\/\/grontkontor.dk\/"},{"@type":"ListItem","position":2,"name":"Shop","item":"https:\/\/grontkontor.dk\/sv\/shop\/"},{"@type":"ListItem","position":3,"name":"Mat och dryck","item":"https:\/\/grontkontor.dk\/sv\/produkt-kategori\/mat-och-dryck\/"},{"@type":"ListItem","position":4,"name":"Muggar och koppar","item":"https:\/\/grontkontor.dk\/sv\/produkt-kategori\/mat-och-dryck\/muggar-och-koppar\/"},{"@type":"ListItem","position":5,"name":"To-go termisk keramisk mugg"}]},{"@type":"WebSite","@id":"https:\/\/grontkontor.dk\/#website","url":"https:\/\/grontkontor.dk\/","name":"Gr\u00f8nt Kontor","description":"Milj\u00f8venlige produkter til kontor og erhverv med fokus p\u00e5 b\u00e6redygtighed, design og fair trade.","publisher":{"@id":"https:\/\/grontkontor.dk\/#organization"},"potentialAction":[{"@type":"SearchAction","target":{"@type":"EntryPoint","urlTemplate":"https:\/\/grontkontor.dk\/?s={search_term_string}"},"query-input":"required name=search_term_string"}],"inLanguage":"sv-SE"},{"@type":"Organization","@id":"https:\/\/grontkontor.dk\/#organization","name":"Gr\u00f8nt Kontor","url":"https:\/\/grontkontor.dk\/","logo":{"@type":"ImageObject","inLanguage":"sv-SE","@id":"https:\/\/grontkontor.dk\/#\/schema\/logo\/image\/","url":"https:\/\/grontkontor.dk\/wp-content\/uploads\/2014\/02\/Logo_groent_kontor_300x80.png","contentUrl":"https:\/\/grontkontor.dk\/wp-content\/uploads\/2014\/02\/Logo_groent_kontor_300x80.png","width":300,"height":80,"caption":"Gr\u00f8nt Kontor"},"image":{"@id":"https:\/\/grontkontor.dk\/#\/schema\/logo\/image\/"},"sameAs":["https:\/\/www.facebook.com\/grontkontor.dk\/"]}]}},"_links":{"self":[{"href":"https:\/\/grontkontor.dk\/sv\/wp-json\/wp\/v2\/product\/74850"}],"collection":[{"href":"https:\/\/grontkontor.dk\/sv\/wp-json\/wp\/v2\/product"}],"about":[{"href":"https:\/\/grontkontor.dk\/sv\/wp-json\/wp\/v2\/types\/product"}],"replies":[{"embeddable":true,"href":"https:\/\/grontkontor.dk\/sv\/wp-json\/wp\/v2\/comments?post=74850"}],"wp:featuredmedia":[{"embeddable":true,"href":"https:\/\/grontkontor.dk\/sv\/wp-json\/wp\/v2\/media\/15854"}],"wp:attachment":[{"href":"https:\/\/grontkontor.dk\/sv\/wp-json\/wp\/v2\/media?parent=74850"}],"wp:term":[{"taxonomy":"product_cat","embeddable":true,"href":"https:\/\/grontkontor.dk\/sv\/wp-json\/wp\/v2\/product_cat?post=74850"},{"taxonomy":"product_tag","embeddable":true,"href":"https:\/\/grontkontor.dk\/sv\/wp-json\/wp\/v2\/product_tag?post=74850"}],"curies":[{"name":"wp","href":"https:\/\/api.w.org\/{rel}","templated":true}]}}