{"id":74862,"date":"2023-09-22T13:07:25","date_gmt":"2023-09-22T21:08:23","guid":{"rendered":"https:\/\/grontkontor.dk\/produkt\/drickburk-recycled-rpet-500ml\/"},"modified":"2024-02-28T14:32:40","modified_gmt":"2024-02-28T13:32:40","slug":"drickburk-recycled-rpet-500ml","status":"publish","type":"product","link":"https:\/\/grontkontor.dk\/sv\/shop\/drickburk-recycled-rpet-500ml\/","title":{"rendered":"Dricksflaska i \u00e5tervunnen RPET 500ml"},"content":{"rendered":"<p>Praktisk och klimatsmart dricksflaska f\u00f6r kalla drycker, tillverkad av \u00e5tervunna vattenflaskor i plast rPET (\u00e5tervunnen polyeten). En klimatv\u00e4nlig vattenflaska som passar som handout f\u00f6r m\u00e4ssor och evenemang. \u00c5tervunnen plast fungerar som en koldep\u00e5 f\u00f6r redan tillverkad plast och f\u00f6rhindrar d\u00e4rmed utsl\u00e4pp av CO2 i atmosf\u00e4ren s\u00e5 l\u00e4nge produkten \u00e4r i omlopp. Ej l\u00e4mplig f\u00f6r kolsyrade drycker, diskmaskin eller temperaturer \u00f6ver ca 50 grader C.<\/p>\n<p>Inneh\u00e5ll: 500 ml. Vattenflaskan \u00e4r godk\u00e4nt till kontakt med livsmedel och 100% BPA fritt<\/p>\n<p>rPET (recycled polyethylen) er et f\u00f8devareegnet genanvendeligt genbrugsplast, som typisk er fremstillet af genanvendte vandflasker. rPET er \u2013 dets fossile oprindelse til trods \u2013 et b\u00e6redygtigt og klimavenligt materiale. rPET har et ekstremt h\u00f8jt kulstofindhold, og fungerer derfor som et effektivt kulstofdepot i hele produktets og genanvendte produkters levetid. Bliver plast ikke genbrugt, vil det enten nedbrydes til CO2 og dermed bidrage til drivhuseffekten, eller ende op som forurenende affald. For hvert ton genbrugt plast spares der 3,8 t\u00f8nder olie.  &nbsp; <img loading=\"lazy\" decoding=\"async\" src=\"https:\/\/grontkontor.dk\/wp-content\/uploads\/2021\/02\/genbrug.jpg\" alt=\"Fremstillet af genbrugsmaterialer\" width=\"50\" height=\"50\" class=\"size-full wp-image-23031\" srcset=\"https:\/\/grontkontor.dk\/wp-content\/uploads\/2021\/02\/genbrug.jpg 199w, https:\/\/grontkontor.dk\/wp-content\/uploads\/2021\/02\/genbrug-100x100.jpg 100w\" sizes=\"(max-width: 50px) 100vw, 50px\" \/><\/p>\n","protected":false},"excerpt":{"rendered":"<p>Praktisk och klimatsmart dricksflaska f\u00f6r kalla drycker, tillverkad av \u00e5tervunna vattenflaskor i plast rPET (\u00e5tervunnen polyeten). En klimatv\u00e4nlig vattenflaska som passar som handout f\u00f6r m\u00e4ssor och evenemang. \u00c5tervunnen plast fungerar som en koldep\u00e5 f\u00f6r redan tillverkad plast och f\u00f6rhindrar d\u00e4rmed utsl\u00e4pp av CO2 i atmosf\u00e4ren s\u00e5 l\u00e4nge produkten \u00e4r i omlopp. Ej l\u00e4mplig f\u00f6r kolsyrade [&hellip;]<\/p>\n","protected":false},"featured_media":15985,"comment_status":"closed","ping_status":"closed","template":"","meta":{"_acf_changed":false},"product_cat":[4399,2107,2233,2003],"product_tag":[2960,1898,1897,2961],"class_list":{"0":"post-74862","1":"product","2":"type-product","3":"status-publish","4":"has-post-thumbnail","6":"product_cat-termoser-och-vattenflaskor","7":"product_cat-dummy-moq-1-sv","8":"product_cat-mat-och-dryck","9":"product_cat-drikkedunke-og-termoflasker-sv","10":"product_tag-dricksflaskor","11":"product_tag-vandflaske-sv","12":"product_tag-drikkedunk-sv","13":"product_tag-vattenflaskor","14":"tm-has-options","16":"first","17":"instock","18":"taxable","19":"shipping-taxable","20":"purchasable","21":"product-type-variable","22":"has-default-attributes"},"acf":[],"yoast_head":"<!-- This site is optimized with the Yoast SEO Premium plugin v21.2 (Yoast SEO v21.2) - https:\/\/yoast.com\/wordpress\/plugins\/seo\/ -->\n<title>Dricksflaska i \u00e5tervunnen RPET 500ml - Gr\u00f8nt Kontor<\/title>\n<meta name=\"robots\" content=\"index, follow, max-snippet:-1, max-image-preview:large, max-video-preview:-1\" \/>\n<link rel=\"canonical\" href=\"https:\/\/grontkontor.dk\/shop\/drikkedunk-recycled-500ml\/\" \/>\n<meta property=\"og:locale\" content=\"sv_SE\" \/>\n<meta property=\"og:type\" content=\"article\" \/>\n<meta property=\"og:title\" content=\"Dricksflaska i \u00e5tervunnen RPET 500ml\" \/>\n<meta property=\"og:description\" content=\"Praktisk och klimatsmart dricksflaska f\u00f6r kalla drycker, tillverkad av \u00e5tervunna vattenflaskor i plast rPET (\u00e5tervunnen polyeten). En klimatv\u00e4nlig vattenflaska som passar som handout f\u00f6r m\u00e4ssor och evenemang. \u00c5tervunnen plast fungerar som en koldep\u00e5 f\u00f6r redan tillverkad plast och f\u00f6rhindrar d\u00e4rmed utsl\u00e4pp av CO2 i atmosf\u00e4ren s\u00e5 l\u00e4nge produkten \u00e4r i omlopp. Ej l\u00e4mplig f\u00f6r kolsyrade [&hellip;]\" \/>\n<meta property=\"og:url\" content=\"https:\/\/grontkontor.dk\/shop\/drikkedunk-recycled-500ml\/\" \/>\n<meta property=\"og:site_name\" content=\"Gr\u00f8nt Kontor\" \/>\n<meta property=\"article:publisher\" content=\"https:\/\/www.facebook.com\/grontkontor.dk\/\" \/>\n<meta property=\"article:modified_time\" content=\"2024-02-28T13:32:40+00:00\" \/>\n<meta property=\"og:image\" content=\"https:\/\/grontkontor.dk\/wp-content\/uploads\/2020\/02\/drikkeflaske-rpet-500ml-gennemsigtig.jpg\" \/>\n\t<meta property=\"og:image:width\" content=\"800\" \/>\n\t<meta property=\"og:image:height\" content=\"568\" \/>\n\t<meta property=\"og:image:type\" content=\"image\/jpeg\" \/>\n<meta name=\"twitter:card\" content=\"summary_large_image\" \/>\n<script type=\"application\/ld+json\" class=\"yoast-schema-graph\">{\"@context\":\"https:\/\/schema.org\",\"@graph\":[{\"@type\":\"WebPage\",\"@id\":\"https:\/\/grontkontor.dk\/shop\/drikkedunk-recycled-500ml\/\",\"url\":\"https:\/\/grontkontor.dk\/shop\/drikkedunk-recycled-500ml\/\",\"name\":\"Dricksflaska i \u00e5tervunnen RPET 500ml - Gr\u00f8nt Kontor\",\"isPartOf\":{\"@id\":\"https:\/\/grontkontor.dk\/#website\"},\"datePublished\":\"2023-09-22T21:08:23+00:00\",\"dateModified\":\"2024-02-28T13:32:40+00:00\",\"breadcrumb\":{\"@id\":\"https:\/\/grontkontor.dk\/shop\/drikkedunk-recycled-500ml\/#breadcrumb\"},\"inLanguage\":\"sv-SE\",\"potentialAction\":[{\"@type\":\"ReadAction\",\"target\":[\"https:\/\/grontkontor.dk\/shop\/drikkedunk-recycled-500ml\/\"]}]},{\"@type\":\"BreadcrumbList\",\"@id\":\"https:\/\/grontkontor.dk\/shop\/drikkedunk-recycled-500ml\/#breadcrumb\",\"itemListElement\":[{\"@type\":\"ListItem\",\"position\":1,\"name\":\"Forside\",\"item\":\"https:\/\/grontkontor.dk\/\"},{\"@type\":\"ListItem\",\"position\":2,\"name\":\"Shop\",\"item\":\"https:\/\/grontkontor.dk\/sv\/shop\/\"},{\"@type\":\"ListItem\",\"position\":3,\"name\":\"Klimatsmarta f\u00f6retagspresenter\",\"item\":\"https:\/\/grontkontor.dk\/sv\/produkt-kategori\/miljovaenliga-foretagspresenter\/\"},{\"@type\":\"ListItem\",\"position\":4,\"name\":\"Termoser och vattenflaskor\",\"item\":\"https:\/\/grontkontor.dk\/sv\/produkt-kategori\/miljovaenliga-foretagspresenter\/termoser-och-vattenflaskor\/\"},{\"@type\":\"ListItem\",\"position\":5,\"name\":\"Dricksflaska i \u00e5tervunnen RPET 500ml\"}]},{\"@type\":\"WebSite\",\"@id\":\"https:\/\/grontkontor.dk\/#website\",\"url\":\"https:\/\/grontkontor.dk\/\",\"name\":\"Gr\u00f8nt Kontor\",\"description\":\"Milj\u00f8venlige produkter til kontor og erhverv med fokus p\u00e5 b\u00e6redygtighed, design og fair trade.\",\"publisher\":{\"@id\":\"https:\/\/grontkontor.dk\/#organization\"},\"potentialAction\":[{\"@type\":\"SearchAction\",\"target\":{\"@type\":\"EntryPoint\",\"urlTemplate\":\"https:\/\/grontkontor.dk\/?s={search_term_string}\"},\"query-input\":\"required name=search_term_string\"}],\"inLanguage\":\"sv-SE\"},{\"@type\":\"Organization\",\"@id\":\"https:\/\/grontkontor.dk\/#organization\",\"name\":\"Gr\u00f8nt Kontor\",\"url\":\"https:\/\/grontkontor.dk\/\",\"logo\":{\"@type\":\"ImageObject\",\"inLanguage\":\"sv-SE\",\"@id\":\"https:\/\/grontkontor.dk\/#\/schema\/logo\/image\/\",\"url\":\"https:\/\/grontkontor.dk\/wp-content\/uploads\/2014\/02\/Logo_groent_kontor_300x80.png\",\"contentUrl\":\"https:\/\/grontkontor.dk\/wp-content\/uploads\/2014\/02\/Logo_groent_kontor_300x80.png\",\"width\":300,\"height\":80,\"caption\":\"Gr\u00f8nt Kontor\"},\"image\":{\"@id\":\"https:\/\/grontkontor.dk\/#\/schema\/logo\/image\/\"},\"sameAs\":[\"https:\/\/www.facebook.com\/grontkontor.dk\/\"]}]}<\/script>\n<!-- \/ Yoast SEO Premium plugin. -->","yoast_head_json":{"title":"Dricksflaska i \u00e5tervunnen RPET 500ml - Gr\u00f8nt Kontor","robots":{"index":"index","follow":"follow","max-snippet":"max-snippet:-1","max-image-preview":"max-image-preview:large","max-video-preview":"max-video-preview:-1"},"canonical":"https:\/\/grontkontor.dk\/shop\/drikkedunk-recycled-500ml\/","og_locale":"sv_SE","og_type":"article","og_title":"Dricksflaska i \u00e5tervunnen RPET 500ml","og_description":"Praktisk och klimatsmart dricksflaska f\u00f6r kalla drycker, tillverkad av \u00e5tervunna vattenflaskor i plast rPET (\u00e5tervunnen polyeten). En klimatv\u00e4nlig vattenflaska som passar som handout f\u00f6r m\u00e4ssor och evenemang. \u00c5tervunnen plast fungerar som en koldep\u00e5 f\u00f6r redan tillverkad plast och f\u00f6rhindrar d\u00e4rmed utsl\u00e4pp av CO2 i atmosf\u00e4ren s\u00e5 l\u00e4nge produkten \u00e4r i omlopp. Ej l\u00e4mplig f\u00f6r kolsyrade [&hellip;]","og_url":"https:\/\/grontkontor.dk\/shop\/drikkedunk-recycled-500ml\/","og_site_name":"Gr\u00f8nt Kontor","article_publisher":"https:\/\/www.facebook.com\/grontkontor.dk\/","article_modified_time":"2024-02-28T13:32:40+00:00","og_image":[{"width":800,"height":568,"url":"https:\/\/grontkontor.dk\/wp-content\/uploads\/2020\/02\/drikkeflaske-rpet-500ml-gennemsigtig.jpg","type":"image\/jpeg"}],"twitter_card":"summary_large_image","schema":{"@context":"https:\/\/schema.org","@graph":[{"@type":"WebPage","@id":"https:\/\/grontkontor.dk\/shop\/drikkedunk-recycled-500ml\/","url":"https:\/\/grontkontor.dk\/shop\/drikkedunk-recycled-500ml\/","name":"Dricksflaska i \u00e5tervunnen RPET 500ml - Gr\u00f8nt Kontor","isPartOf":{"@id":"https:\/\/grontkontor.dk\/#website"},"datePublished":"2023-09-22T21:08:23+00:00","dateModified":"2024-02-28T13:32:40+00:00","breadcrumb":{"@id":"https:\/\/grontkontor.dk\/shop\/drikkedunk-recycled-500ml\/#breadcrumb"},"inLanguage":"sv-SE","potentialAction":[{"@type":"ReadAction","target":["https:\/\/grontkontor.dk\/shop\/drikkedunk-recycled-500ml\/"]}]},{"@type":"BreadcrumbList","@id":"https:\/\/grontkontor.dk\/shop\/drikkedunk-recycled-500ml\/#breadcrumb","itemListElement":[{"@type":"ListItem","position":1,"name":"Forside","item":"https:\/\/grontkontor.dk\/"},{"@type":"ListItem","position":2,"name":"Shop","item":"https:\/\/grontkontor.dk\/sv\/shop\/"},{"@type":"ListItem","position":3,"name":"Klimatsmarta f\u00f6retagspresenter","item":"https:\/\/grontkontor.dk\/sv\/produkt-kategori\/miljovaenliga-foretagspresenter\/"},{"@type":"ListItem","position":4,"name":"Termoser och vattenflaskor","item":"https:\/\/grontkontor.dk\/sv\/produkt-kategori\/miljovaenliga-foretagspresenter\/termoser-och-vattenflaskor\/"},{"@type":"ListItem","position":5,"name":"Dricksflaska i \u00e5tervunnen RPET 500ml"}]},{"@type":"WebSite","@id":"https:\/\/grontkontor.dk\/#website","url":"https:\/\/grontkontor.dk\/","name":"Gr\u00f8nt Kontor","description":"Milj\u00f8venlige produkter til kontor og erhverv med fokus p\u00e5 b\u00e6redygtighed, design og fair trade.","publisher":{"@id":"https:\/\/grontkontor.dk\/#organization"},"potentialAction":[{"@type":"SearchAction","target":{"@type":"EntryPoint","urlTemplate":"https:\/\/grontkontor.dk\/?s={search_term_string}"},"query-input":"required name=search_term_string"}],"inLanguage":"sv-SE"},{"@type":"Organization","@id":"https:\/\/grontkontor.dk\/#organization","name":"Gr\u00f8nt Kontor","url":"https:\/\/grontkontor.dk\/","logo":{"@type":"ImageObject","inLanguage":"sv-SE","@id":"https:\/\/grontkontor.dk\/#\/schema\/logo\/image\/","url":"https:\/\/grontkontor.dk\/wp-content\/uploads\/2014\/02\/Logo_groent_kontor_300x80.png","contentUrl":"https:\/\/grontkontor.dk\/wp-content\/uploads\/2014\/02\/Logo_groent_kontor_300x80.png","width":300,"height":80,"caption":"Gr\u00f8nt Kontor"},"image":{"@id":"https:\/\/grontkontor.dk\/#\/schema\/logo\/image\/"},"sameAs":["https:\/\/www.facebook.com\/grontkontor.dk\/"]}]}},"_links":{"self":[{"href":"https:\/\/grontkontor.dk\/sv\/wp-json\/wp\/v2\/product\/74862"}],"collection":[{"href":"https:\/\/grontkontor.dk\/sv\/wp-json\/wp\/v2\/product"}],"about":[{"href":"https:\/\/grontkontor.dk\/sv\/wp-json\/wp\/v2\/types\/product"}],"replies":[{"embeddable":true,"href":"https:\/\/grontkontor.dk\/sv\/wp-json\/wp\/v2\/comments?post=74862"}],"wp:featuredmedia":[{"embeddable":true,"href":"https:\/\/grontkontor.dk\/sv\/wp-json\/wp\/v2\/media\/15985"}],"wp:attachment":[{"href":"https:\/\/grontkontor.dk\/sv\/wp-json\/wp\/v2\/media?parent=74862"}],"wp:term":[{"taxonomy":"product_cat","embeddable":true,"href":"https:\/\/grontkontor.dk\/sv\/wp-json\/wp\/v2\/product_cat?post=74862"},{"taxonomy":"product_tag","embeddable":true,"href":"https:\/\/grontkontor.dk\/sv\/wp-json\/wp\/v2\/product_tag?post=74862"}],"curies":[{"name":"wp","href":"https:\/\/api.w.org\/{rel}","templated":true}]}}