{"id":74916,"date":"2023-09-22T13:08:24","date_gmt":"2023-09-22T21:09:57","guid":{"rendered":"https:\/\/grontkontor.dk\/produkt\/kulpenna-kork-vetefiber-pp\/"},"modified":"2024-02-28T14:19:55","modified_gmt":"2024-02-28T13:19:55","slug":"kulpenna-kork-vetefiber-pp","status":"publish","type":"product","link":"https:\/\/grontkontor.dk\/sv\/shop\/kulpenna-kork-vetefiber-pp\/","title":{"rendered":"Kulspetspenna i kork, vetefiber och PP"},"content":{"rendered":"<p>Rustik och funky kulspetspenna med kropp i kork med topp, fot och kl\u00e4mma i vetefibermaterial (vete + PP) i pastellf\u00e4rger. Designen + de tillsatta naturfibrerna begr\u00e4nsar avsev\u00e4rt plastf\u00f6rbrukningen f\u00f6r denna robusta och klimatv\u00e4nliga penna. Vetefibermaterialet inneh\u00e5ller polypropen, som inte \u00e4r biologiskt nedbrytbart. Om du vill g\u00e5 all in p\u00e5 klimatv\u00e4nlighet rekommenderar vi<\/p>\n<p><a class=\"light\" href=\"https:\/\/grontkontor.dk\/produkt\/kuglepen-bioplast-genbrugspap\/\">Denna penna i \u00e5tervunnen kartong\/bioplast<\/a> eller <a class=\"light\" href=\"https:\/\/grontkontor.dk\/produkt\/kuglepen-refill-kork-m-u-tryk\/\">denna exklusiva refillpenna i kork<\/a><\/p>\n<p>Levereras som standard med bl\u00e5tt bl\u00e4ck och plastpatron.<\/p>\nKork er et yderst klimavenlig, bionedbrydeligt og komposterbart naturmateriale, der stammer fra korkegen, der gror i hele middelhavsregionen. Kork er en hurtigt regenererende ressource der kan h\u00f8stes hvert \u00e5r p\u00e5 samme tr\u00e6, og er et materiale anbefalet af Verdensnaturfonden. Korkegeskove underst\u00f8tter et af de h\u00f8jeste niveauer af biodiversitet sammenlignet med andre skovtyper. \n<p>&nbsp;<\/p>\n<p>&nbsp;<\/p>\n","protected":false},"excerpt":{"rendered":"<p>Rustik och funky kulspetspenna med kropp i kork med topp, fot och kl\u00e4mma i vetefibermaterial (vete + PP) i pastellf\u00e4rger. Designen + de tillsatta naturfibrerna begr\u00e4nsar avsev\u00e4rt plastf\u00f6rbrukningen f\u00f6r denna robusta och klimatv\u00e4nliga penna. Vetefibermaterialet inneh\u00e5ller polypropen, som inte \u00e4r biologiskt nedbrytbart. Om du vill g\u00e5 all in p\u00e5 klimatv\u00e4nlighet rekommenderar vi Denna penna i [&hellip;]<\/p>\n","protected":false},"featured_media":16612,"comment_status":"closed","ping_status":"closed","template":"","meta":{"_acf_changed":false},"product_cat":[4415,2107,667,665],"product_tag":[766],"class_list":{"0":"post-74916","1":"product","2":"type-product","3":"status-publish","4":"has-post-thumbnail","6":"product_cat-pennor-och-blyertspennor","7":"product_cat-dummy-moq-1-sv","8":"product_cat-kulspetspennor","9":"product_cat-skrivtillbehoer","10":"product_tag-kulpenna","11":"tm-has-styled-variations","12":"tm-has-options","14":"first","15":"instock","16":"taxable","17":"shipping-taxable","18":"purchasable","19":"product-type-variable","20":"has-default-attributes"},"acf":[],"yoast_head":"<!-- This site is optimized with the Yoast SEO Premium plugin v21.2 (Yoast SEO v21.2) - https:\/\/yoast.com\/wordpress\/plugins\/seo\/ -->\n<title>Kulspetspenna i kork, vetefiber och PP - Gr\u00f8nt Kontor<\/title>\n<meta name=\"robots\" content=\"index, follow, max-snippet:-1, max-image-preview:large, max-video-preview:-1\" \/>\n<link rel=\"canonical\" href=\"https:\/\/grontkontor.dk\/sv\/shop\/kulpenna-kork-vetefiber-pp\/\" \/>\n<meta property=\"og:locale\" content=\"sv_SE\" \/>\n<meta property=\"og:type\" content=\"article\" \/>\n<meta property=\"og:title\" content=\"Kulspetspenna i kork, vetefiber och PP\" \/>\n<meta property=\"og:description\" content=\"Rustik och funky kulspetspenna med kropp i kork med topp, fot och kl\u00e4mma i vetefibermaterial (vete + PP) i pastellf\u00e4rger. Designen + de tillsatta naturfibrerna begr\u00e4nsar avsev\u00e4rt plastf\u00f6rbrukningen f\u00f6r denna robusta och klimatv\u00e4nliga penna. Vetefibermaterialet inneh\u00e5ller polypropen, som inte \u00e4r biologiskt nedbrytbart. Om du vill g\u00e5 all in p\u00e5 klimatv\u00e4nlighet rekommenderar vi Denna penna i [&hellip;]\" \/>\n<meta property=\"og:url\" content=\"https:\/\/grontkontor.dk\/sv\/shop\/kulpenna-kork-vetefiber-pp\/\" \/>\n<meta property=\"og:site_name\" content=\"Gr\u00f8nt Kontor\" \/>\n<meta property=\"article:publisher\" content=\"https:\/\/www.facebook.com\/grontkontor.dk\/\" \/>\n<meta property=\"article:modified_time\" content=\"2024-02-28T13:19:55+00:00\" \/>\n<meta property=\"og:image\" content=\"https:\/\/grontkontor.dk\/wp-content\/uploads\/2020\/02\/kuglepen-kork-hvedefiber-graa-gron.jpg\" \/>\n\t<meta property=\"og:image:width\" content=\"800\" \/>\n\t<meta property=\"og:image:height\" content=\"568\" \/>\n\t<meta property=\"og:image:type\" content=\"image\/jpeg\" \/>\n<meta name=\"twitter:card\" content=\"summary_large_image\" \/>\n<script type=\"application\/ld+json\" class=\"yoast-schema-graph\">{\"@context\":\"https:\/\/schema.org\",\"@graph\":[{\"@type\":\"WebPage\",\"@id\":\"https:\/\/grontkontor.dk\/sv\/shop\/kulpenna-kork-vetefiber-pp\/\",\"url\":\"https:\/\/grontkontor.dk\/sv\/shop\/kulpenna-kork-vetefiber-pp\/\",\"name\":\"Kulspetspenna i kork, vetefiber och PP - Gr\u00f8nt Kontor\",\"isPartOf\":{\"@id\":\"https:\/\/grontkontor.dk\/#website\"},\"datePublished\":\"2023-09-22T21:09:57+00:00\",\"dateModified\":\"2024-02-28T13:19:55+00:00\",\"breadcrumb\":{\"@id\":\"https:\/\/grontkontor.dk\/sv\/shop\/kulpenna-kork-vetefiber-pp\/#breadcrumb\"},\"inLanguage\":\"sv-SE\",\"potentialAction\":[{\"@type\":\"ReadAction\",\"target\":[\"https:\/\/grontkontor.dk\/sv\/shop\/kulpenna-kork-vetefiber-pp\/\"]}]},{\"@type\":\"BreadcrumbList\",\"@id\":\"https:\/\/grontkontor.dk\/sv\/shop\/kulpenna-kork-vetefiber-pp\/#breadcrumb\",\"itemListElement\":[{\"@type\":\"ListItem\",\"position\":1,\"name\":\"Forside\",\"item\":\"https:\/\/grontkontor.dk\/\"},{\"@type\":\"ListItem\",\"position\":2,\"name\":\"Shop\",\"item\":\"https:\/\/grontkontor.dk\/sv\/shop\/\"},{\"@type\":\"ListItem\",\"position\":3,\"name\":\"Skrive- og pegeudstyr\",\"item\":\"https:\/\/grontkontor.dk\/produkt-kategori\/skrive-og-pegeudstyr\/\"},{\"@type\":\"ListItem\",\"position\":4,\"name\":\"Kuglepenne\",\"item\":\"https:\/\/grontkontor.dk\/produkt-kategori\/skrive-og-pegeudstyr\/kuglepenne\/\"},{\"@type\":\"ListItem\",\"position\":5,\"name\":\"Kulspetspenna i kork, vetefiber och PP\"}]},{\"@type\":\"WebSite\",\"@id\":\"https:\/\/grontkontor.dk\/#website\",\"url\":\"https:\/\/grontkontor.dk\/\",\"name\":\"Gr\u00f8nt Kontor\",\"description\":\"Milj\u00f8venlige produkter til kontor og erhverv med fokus p\u00e5 b\u00e6redygtighed, design og fair trade.\",\"publisher\":{\"@id\":\"https:\/\/grontkontor.dk\/#organization\"},\"potentialAction\":[{\"@type\":\"SearchAction\",\"target\":{\"@type\":\"EntryPoint\",\"urlTemplate\":\"https:\/\/grontkontor.dk\/?s={search_term_string}\"},\"query-input\":\"required name=search_term_string\"}],\"inLanguage\":\"sv-SE\"},{\"@type\":\"Organization\",\"@id\":\"https:\/\/grontkontor.dk\/#organization\",\"name\":\"Gr\u00f8nt Kontor\",\"url\":\"https:\/\/grontkontor.dk\/\",\"logo\":{\"@type\":\"ImageObject\",\"inLanguage\":\"sv-SE\",\"@id\":\"https:\/\/grontkontor.dk\/#\/schema\/logo\/image\/\",\"url\":\"https:\/\/grontkontor.dk\/wp-content\/uploads\/2014\/02\/Logo_groent_kontor_300x80.png\",\"contentUrl\":\"https:\/\/grontkontor.dk\/wp-content\/uploads\/2014\/02\/Logo_groent_kontor_300x80.png\",\"width\":300,\"height\":80,\"caption\":\"Gr\u00f8nt Kontor\"},\"image\":{\"@id\":\"https:\/\/grontkontor.dk\/#\/schema\/logo\/image\/\"},\"sameAs\":[\"https:\/\/www.facebook.com\/grontkontor.dk\/\"]}]}<\/script>\n<!-- \/ Yoast SEO Premium plugin. -->","yoast_head_json":{"title":"Kulspetspenna i kork, vetefiber och PP - Gr\u00f8nt Kontor","robots":{"index":"index","follow":"follow","max-snippet":"max-snippet:-1","max-image-preview":"max-image-preview:large","max-video-preview":"max-video-preview:-1"},"canonical":"https:\/\/grontkontor.dk\/sv\/shop\/kulpenna-kork-vetefiber-pp\/","og_locale":"sv_SE","og_type":"article","og_title":"Kulspetspenna i kork, vetefiber och PP","og_description":"Rustik och funky kulspetspenna med kropp i kork med topp, fot och kl\u00e4mma i vetefibermaterial (vete + PP) i pastellf\u00e4rger. Designen + de tillsatta naturfibrerna begr\u00e4nsar avsev\u00e4rt plastf\u00f6rbrukningen f\u00f6r denna robusta och klimatv\u00e4nliga penna. Vetefibermaterialet inneh\u00e5ller polypropen, som inte \u00e4r biologiskt nedbrytbart. Om du vill g\u00e5 all in p\u00e5 klimatv\u00e4nlighet rekommenderar vi Denna penna i [&hellip;]","og_url":"https:\/\/grontkontor.dk\/sv\/shop\/kulpenna-kork-vetefiber-pp\/","og_site_name":"Gr\u00f8nt Kontor","article_publisher":"https:\/\/www.facebook.com\/grontkontor.dk\/","article_modified_time":"2024-02-28T13:19:55+00:00","og_image":[{"width":800,"height":568,"url":"https:\/\/grontkontor.dk\/wp-content\/uploads\/2020\/02\/kuglepen-kork-hvedefiber-graa-gron.jpg","type":"image\/jpeg"}],"twitter_card":"summary_large_image","schema":{"@context":"https:\/\/schema.org","@graph":[{"@type":"WebPage","@id":"https:\/\/grontkontor.dk\/sv\/shop\/kulpenna-kork-vetefiber-pp\/","url":"https:\/\/grontkontor.dk\/sv\/shop\/kulpenna-kork-vetefiber-pp\/","name":"Kulspetspenna i kork, vetefiber och PP - Gr\u00f8nt Kontor","isPartOf":{"@id":"https:\/\/grontkontor.dk\/#website"},"datePublished":"2023-09-22T21:09:57+00:00","dateModified":"2024-02-28T13:19:55+00:00","breadcrumb":{"@id":"https:\/\/grontkontor.dk\/sv\/shop\/kulpenna-kork-vetefiber-pp\/#breadcrumb"},"inLanguage":"sv-SE","potentialAction":[{"@type":"ReadAction","target":["https:\/\/grontkontor.dk\/sv\/shop\/kulpenna-kork-vetefiber-pp\/"]}]},{"@type":"BreadcrumbList","@id":"https:\/\/grontkontor.dk\/sv\/shop\/kulpenna-kork-vetefiber-pp\/#breadcrumb","itemListElement":[{"@type":"ListItem","position":1,"name":"Forside","item":"https:\/\/grontkontor.dk\/"},{"@type":"ListItem","position":2,"name":"Shop","item":"https:\/\/grontkontor.dk\/sv\/shop\/"},{"@type":"ListItem","position":3,"name":"Skrive- og pegeudstyr","item":"https:\/\/grontkontor.dk\/produkt-kategori\/skrive-og-pegeudstyr\/"},{"@type":"ListItem","position":4,"name":"Kuglepenne","item":"https:\/\/grontkontor.dk\/produkt-kategori\/skrive-og-pegeudstyr\/kuglepenne\/"},{"@type":"ListItem","position":5,"name":"Kulspetspenna i kork, vetefiber och PP"}]},{"@type":"WebSite","@id":"https:\/\/grontkontor.dk\/#website","url":"https:\/\/grontkontor.dk\/","name":"Gr\u00f8nt Kontor","description":"Milj\u00f8venlige produkter til kontor og erhverv med fokus p\u00e5 b\u00e6redygtighed, design og fair trade.","publisher":{"@id":"https:\/\/grontkontor.dk\/#organization"},"potentialAction":[{"@type":"SearchAction","target":{"@type":"EntryPoint","urlTemplate":"https:\/\/grontkontor.dk\/?s={search_term_string}"},"query-input":"required name=search_term_string"}],"inLanguage":"sv-SE"},{"@type":"Organization","@id":"https:\/\/grontkontor.dk\/#organization","name":"Gr\u00f8nt Kontor","url":"https:\/\/grontkontor.dk\/","logo":{"@type":"ImageObject","inLanguage":"sv-SE","@id":"https:\/\/grontkontor.dk\/#\/schema\/logo\/image\/","url":"https:\/\/grontkontor.dk\/wp-content\/uploads\/2014\/02\/Logo_groent_kontor_300x80.png","contentUrl":"https:\/\/grontkontor.dk\/wp-content\/uploads\/2014\/02\/Logo_groent_kontor_300x80.png","width":300,"height":80,"caption":"Gr\u00f8nt Kontor"},"image":{"@id":"https:\/\/grontkontor.dk\/#\/schema\/logo\/image\/"},"sameAs":["https:\/\/www.facebook.com\/grontkontor.dk\/"]}]}},"_links":{"self":[{"href":"https:\/\/grontkontor.dk\/sv\/wp-json\/wp\/v2\/product\/74916"}],"collection":[{"href":"https:\/\/grontkontor.dk\/sv\/wp-json\/wp\/v2\/product"}],"about":[{"href":"https:\/\/grontkontor.dk\/sv\/wp-json\/wp\/v2\/types\/product"}],"replies":[{"embeddable":true,"href":"https:\/\/grontkontor.dk\/sv\/wp-json\/wp\/v2\/comments?post=74916"}],"wp:featuredmedia":[{"embeddable":true,"href":"https:\/\/grontkontor.dk\/sv\/wp-json\/wp\/v2\/media\/16612"}],"wp:attachment":[{"href":"https:\/\/grontkontor.dk\/sv\/wp-json\/wp\/v2\/media?parent=74916"}],"wp:term":[{"taxonomy":"product_cat","embeddable":true,"href":"https:\/\/grontkontor.dk\/sv\/wp-json\/wp\/v2\/product_cat?post=74916"},{"taxonomy":"product_tag","embeddable":true,"href":"https:\/\/grontkontor.dk\/sv\/wp-json\/wp\/v2\/product_tag?post=74916"}],"curies":[{"name":"wp","href":"https:\/\/api.w.org\/{rel}","templated":true}]}}