{"id":74933,"date":"2023-09-22T13:08:50","date_gmt":"2023-09-22T21:09:57","guid":{"rendered":"https:\/\/grontkontor.dk\/produkt\/vattenflaska-i-glas-med-bambulock\/"},"modified":"2023-09-22T23:10:21","modified_gmt":"2023-09-22T21:10:21","slug":"vattenflaska-i-glas-med-bambulock","status":"publish","type":"product","link":"https:\/\/grontkontor.dk\/sv\/shop\/vattenflaska-i-glas-med-bambulock\/","title":{"rendered":"Vattenflaska i glas med bambulock"},"content":{"rendered":"<p>V\u00e4ldesignad och h\u00e5llbar glasflaska f\u00f6r kalla drycker. Locket \u00e4r tillverkat av bambu med en plastskruvg\u00e4nga och fl\u00e4tat band.<\/p>\n<p>En h\u00e5llbar och milj\u00f6v\u00e4nlig vattenflaska f\u00f6r kalla drycker som l\u00e4mpar sig som utdelning f\u00f6r m\u00e4ssor och evenemang.<\/p>\n<p>Glasdelen \u00e4r l\u00e4mplig f\u00f6r diskmaskin och mikrov\u00e5gsugn. Flaskor med logotryck levereras i l\u00e5dor om 50 st.<\/p>\n<p>Inneh\u00e5ll: 500 ml<\/p>\n","protected":false},"excerpt":{"rendered":"<p>V\u00e4ldesignad och h\u00e5llbar glasflaska f\u00f6r kalla drycker. Locket \u00e4r tillverkat av bambu med en plastskruvg\u00e4nga och fl\u00e4tat band. En h\u00e5llbar och milj\u00f6v\u00e4nlig vattenflaska f\u00f6r kalla drycker som l\u00e4mpar sig som utdelning f\u00f6r m\u00e4ssor och evenemang. Glasdelen \u00e4r l\u00e4mplig f\u00f6r diskmaskin och mikrov\u00e5gsugn. Flaskor med logotryck levereras i l\u00e5dor om 50 st. Inneh\u00e5ll: 500 ml<\/p>\n","protected":false},"featured_media":17708,"comment_status":"closed","ping_status":"closed","template":"","meta":{"_acf_changed":false},"product_cat":[2107,2233,2003],"product_tag":[2004,2007],"class_list":{"0":"post-74933","1":"product","2":"type-product","3":"status-publish","4":"has-post-thumbnail","6":"product_cat-dummy-moq-1-sv","7":"product_cat-mat-och-dryck","8":"product_cat-drikkedunke-og-termoflasker-sv","9":"product_tag-drikkeflaske-sv","10":"product_tag-glasflaske-sv","11":"tm-has-options","13":"first","14":"onbackorder","15":"taxable","16":"shipping-taxable","17":"purchasable","18":"product-type-simple"},"acf":[],"yoast_head":"<!-- This site is optimized with the Yoast SEO Premium plugin v21.2 (Yoast SEO v21.2) - https:\/\/yoast.com\/wordpress\/plugins\/seo\/ -->\n<title>Vattenflaska i glas med bambulock - Gr\u00f8nt Kontor<\/title>\n<meta name=\"robots\" content=\"index, follow, max-snippet:-1, max-image-preview:large, max-video-preview:-1\" \/>\n<link rel=\"canonical\" href=\"https:\/\/grontkontor.dk\/sv\/shop\/vattenflaska-i-glas-med-bambulock\/\" \/>\n<meta property=\"og:locale\" content=\"sv_SE\" \/>\n<meta property=\"og:type\" content=\"article\" \/>\n<meta property=\"og:title\" content=\"Vattenflaska i glas med bambulock\" \/>\n<meta property=\"og:description\" content=\"V\u00e4ldesignad och h\u00e5llbar glasflaska f\u00f6r kalla drycker. Locket \u00e4r tillverkat av bambu med en plastskruvg\u00e4nga och fl\u00e4tat band. En h\u00e5llbar och milj\u00f6v\u00e4nlig vattenflaska f\u00f6r kalla drycker som l\u00e4mpar sig som utdelning f\u00f6r m\u00e4ssor och evenemang. Glasdelen \u00e4r l\u00e4mplig f\u00f6r diskmaskin och mikrov\u00e5gsugn. Flaskor med logotryck levereras i l\u00e5dor om 50 st. Inneh\u00e5ll: 500 ml\" \/>\n<meta property=\"og:url\" content=\"https:\/\/grontkontor.dk\/sv\/shop\/vattenflaska-i-glas-med-bambulock\/\" \/>\n<meta property=\"og:site_name\" content=\"Gr\u00f8nt Kontor\" \/>\n<meta property=\"article:publisher\" content=\"https:\/\/www.facebook.com\/grontkontor.dk\/\" \/>\n<meta property=\"article:modified_time\" content=\"2023-09-22T21:10:21+00:00\" \/>\n<meta property=\"og:image\" content=\"https:\/\/grontkontor.dk\/wp-content\/uploads\/2020\/02\/vandflaske-glas-bambuslaag-01-2.jpg\" \/>\n\t<meta property=\"og:image:width\" content=\"800\" \/>\n\t<meta property=\"og:image:height\" content=\"568\" \/>\n\t<meta property=\"og:image:type\" content=\"image\/jpeg\" \/>\n<meta name=\"twitter:card\" content=\"summary_large_image\" \/>\n<script type=\"application\/ld+json\" class=\"yoast-schema-graph\">{\"@context\":\"https:\/\/schema.org\",\"@graph\":[{\"@type\":\"WebPage\",\"@id\":\"https:\/\/grontkontor.dk\/sv\/shop\/vattenflaska-i-glas-med-bambulock\/\",\"url\":\"https:\/\/grontkontor.dk\/sv\/shop\/vattenflaska-i-glas-med-bambulock\/\",\"name\":\"Vattenflaska i glas med bambulock - Gr\u00f8nt Kontor\",\"isPartOf\":{\"@id\":\"https:\/\/grontkontor.dk\/#website\"},\"datePublished\":\"2023-09-22T21:09:57+00:00\",\"dateModified\":\"2023-09-22T21:10:21+00:00\",\"breadcrumb\":{\"@id\":\"https:\/\/grontkontor.dk\/sv\/shop\/vattenflaska-i-glas-med-bambulock\/#breadcrumb\"},\"inLanguage\":\"sv-SE\",\"potentialAction\":[{\"@type\":\"ReadAction\",\"target\":[\"https:\/\/grontkontor.dk\/sv\/shop\/vattenflaska-i-glas-med-bambulock\/\"]}]},{\"@type\":\"BreadcrumbList\",\"@id\":\"https:\/\/grontkontor.dk\/sv\/shop\/vattenflaska-i-glas-med-bambulock\/#breadcrumb\",\"itemListElement\":[{\"@type\":\"ListItem\",\"position\":1,\"name\":\"Forside\",\"item\":\"https:\/\/grontkontor.dk\/\"},{\"@type\":\"ListItem\",\"position\":2,\"name\":\"Shop\",\"item\":\"https:\/\/grontkontor.dk\/sv\/shop\/\"},{\"@type\":\"ListItem\",\"position\":3,\"name\":\"Mat och dryck\",\"item\":\"https:\/\/grontkontor.dk\/sv\/produkt-kategori\/mat-och-dryck\/\"},{\"@type\":\"ListItem\",\"position\":4,\"name\":\"Termoser och vattenflaskor\",\"item\":\"https:\/\/grontkontor.dk\/sv\/produkt-kategori\/mat-och-dryck\/drikkedunke-og-termoflasker-sv\/\"},{\"@type\":\"ListItem\",\"position\":5,\"name\":\"Vattenflaska i glas med bambulock\"}]},{\"@type\":\"WebSite\",\"@id\":\"https:\/\/grontkontor.dk\/#website\",\"url\":\"https:\/\/grontkontor.dk\/\",\"name\":\"Gr\u00f8nt Kontor\",\"description\":\"Milj\u00f8venlige produkter til kontor og erhverv med fokus p\u00e5 b\u00e6redygtighed, design og fair trade.\",\"publisher\":{\"@id\":\"https:\/\/grontkontor.dk\/#organization\"},\"potentialAction\":[{\"@type\":\"SearchAction\",\"target\":{\"@type\":\"EntryPoint\",\"urlTemplate\":\"https:\/\/grontkontor.dk\/?s={search_term_string}\"},\"query-input\":\"required name=search_term_string\"}],\"inLanguage\":\"sv-SE\"},{\"@type\":\"Organization\",\"@id\":\"https:\/\/grontkontor.dk\/#organization\",\"name\":\"Gr\u00f8nt Kontor\",\"url\":\"https:\/\/grontkontor.dk\/\",\"logo\":{\"@type\":\"ImageObject\",\"inLanguage\":\"sv-SE\",\"@id\":\"https:\/\/grontkontor.dk\/#\/schema\/logo\/image\/\",\"url\":\"https:\/\/grontkontor.dk\/wp-content\/uploads\/2014\/02\/Logo_groent_kontor_300x80.png\",\"contentUrl\":\"https:\/\/grontkontor.dk\/wp-content\/uploads\/2014\/02\/Logo_groent_kontor_300x80.png\",\"width\":300,\"height\":80,\"caption\":\"Gr\u00f8nt Kontor\"},\"image\":{\"@id\":\"https:\/\/grontkontor.dk\/#\/schema\/logo\/image\/\"},\"sameAs\":[\"https:\/\/www.facebook.com\/grontkontor.dk\/\"]}]}<\/script>\n<!-- \/ Yoast SEO Premium plugin. -->","yoast_head_json":{"title":"Vattenflaska i glas med bambulock - Gr\u00f8nt Kontor","robots":{"index":"index","follow":"follow","max-snippet":"max-snippet:-1","max-image-preview":"max-image-preview:large","max-video-preview":"max-video-preview:-1"},"canonical":"https:\/\/grontkontor.dk\/sv\/shop\/vattenflaska-i-glas-med-bambulock\/","og_locale":"sv_SE","og_type":"article","og_title":"Vattenflaska i glas med bambulock","og_description":"V\u00e4ldesignad och h\u00e5llbar glasflaska f\u00f6r kalla drycker. Locket \u00e4r tillverkat av bambu med en plastskruvg\u00e4nga och fl\u00e4tat band. En h\u00e5llbar och milj\u00f6v\u00e4nlig vattenflaska f\u00f6r kalla drycker som l\u00e4mpar sig som utdelning f\u00f6r m\u00e4ssor och evenemang. Glasdelen \u00e4r l\u00e4mplig f\u00f6r diskmaskin och mikrov\u00e5gsugn. Flaskor med logotryck levereras i l\u00e5dor om 50 st. Inneh\u00e5ll: 500 ml","og_url":"https:\/\/grontkontor.dk\/sv\/shop\/vattenflaska-i-glas-med-bambulock\/","og_site_name":"Gr\u00f8nt Kontor","article_publisher":"https:\/\/www.facebook.com\/grontkontor.dk\/","article_modified_time":"2023-09-22T21:10:21+00:00","og_image":[{"width":800,"height":568,"url":"https:\/\/grontkontor.dk\/wp-content\/uploads\/2020\/02\/vandflaske-glas-bambuslaag-01-2.jpg","type":"image\/jpeg"}],"twitter_card":"summary_large_image","schema":{"@context":"https:\/\/schema.org","@graph":[{"@type":"WebPage","@id":"https:\/\/grontkontor.dk\/sv\/shop\/vattenflaska-i-glas-med-bambulock\/","url":"https:\/\/grontkontor.dk\/sv\/shop\/vattenflaska-i-glas-med-bambulock\/","name":"Vattenflaska i glas med bambulock - Gr\u00f8nt Kontor","isPartOf":{"@id":"https:\/\/grontkontor.dk\/#website"},"datePublished":"2023-09-22T21:09:57+00:00","dateModified":"2023-09-22T21:10:21+00:00","breadcrumb":{"@id":"https:\/\/grontkontor.dk\/sv\/shop\/vattenflaska-i-glas-med-bambulock\/#breadcrumb"},"inLanguage":"sv-SE","potentialAction":[{"@type":"ReadAction","target":["https:\/\/grontkontor.dk\/sv\/shop\/vattenflaska-i-glas-med-bambulock\/"]}]},{"@type":"BreadcrumbList","@id":"https:\/\/grontkontor.dk\/sv\/shop\/vattenflaska-i-glas-med-bambulock\/#breadcrumb","itemListElement":[{"@type":"ListItem","position":1,"name":"Forside","item":"https:\/\/grontkontor.dk\/"},{"@type":"ListItem","position":2,"name":"Shop","item":"https:\/\/grontkontor.dk\/sv\/shop\/"},{"@type":"ListItem","position":3,"name":"Mat och dryck","item":"https:\/\/grontkontor.dk\/sv\/produkt-kategori\/mat-och-dryck\/"},{"@type":"ListItem","position":4,"name":"Termoser och vattenflaskor","item":"https:\/\/grontkontor.dk\/sv\/produkt-kategori\/mat-och-dryck\/drikkedunke-og-termoflasker-sv\/"},{"@type":"ListItem","position":5,"name":"Vattenflaska i glas med bambulock"}]},{"@type":"WebSite","@id":"https:\/\/grontkontor.dk\/#website","url":"https:\/\/grontkontor.dk\/","name":"Gr\u00f8nt Kontor","description":"Milj\u00f8venlige produkter til kontor og erhverv med fokus p\u00e5 b\u00e6redygtighed, design og fair trade.","publisher":{"@id":"https:\/\/grontkontor.dk\/#organization"},"potentialAction":[{"@type":"SearchAction","target":{"@type":"EntryPoint","urlTemplate":"https:\/\/grontkontor.dk\/?s={search_term_string}"},"query-input":"required name=search_term_string"}],"inLanguage":"sv-SE"},{"@type":"Organization","@id":"https:\/\/grontkontor.dk\/#organization","name":"Gr\u00f8nt Kontor","url":"https:\/\/grontkontor.dk\/","logo":{"@type":"ImageObject","inLanguage":"sv-SE","@id":"https:\/\/grontkontor.dk\/#\/schema\/logo\/image\/","url":"https:\/\/grontkontor.dk\/wp-content\/uploads\/2014\/02\/Logo_groent_kontor_300x80.png","contentUrl":"https:\/\/grontkontor.dk\/wp-content\/uploads\/2014\/02\/Logo_groent_kontor_300x80.png","width":300,"height":80,"caption":"Gr\u00f8nt Kontor"},"image":{"@id":"https:\/\/grontkontor.dk\/#\/schema\/logo\/image\/"},"sameAs":["https:\/\/www.facebook.com\/grontkontor.dk\/"]}]}},"_links":{"self":[{"href":"https:\/\/grontkontor.dk\/sv\/wp-json\/wp\/v2\/product\/74933"}],"collection":[{"href":"https:\/\/grontkontor.dk\/sv\/wp-json\/wp\/v2\/product"}],"about":[{"href":"https:\/\/grontkontor.dk\/sv\/wp-json\/wp\/v2\/types\/product"}],"replies":[{"embeddable":true,"href":"https:\/\/grontkontor.dk\/sv\/wp-json\/wp\/v2\/comments?post=74933"}],"wp:featuredmedia":[{"embeddable":true,"href":"https:\/\/grontkontor.dk\/sv\/wp-json\/wp\/v2\/media\/17708"}],"wp:attachment":[{"href":"https:\/\/grontkontor.dk\/sv\/wp-json\/wp\/v2\/media?parent=74933"}],"wp:term":[{"taxonomy":"product_cat","embeddable":true,"href":"https:\/\/grontkontor.dk\/sv\/wp-json\/wp\/v2\/product_cat?post=74933"},{"taxonomy":"product_tag","embeddable":true,"href":"https:\/\/grontkontor.dk\/sv\/wp-json\/wp\/v2\/product_tag?post=74933"}],"curies":[{"name":"wp","href":"https:\/\/api.w.org\/{rel}","templated":true}]}}