{"id":74942,"date":"2023-09-22T13:09:13","date_gmt":"2023-09-22T21:10:22","guid":{"rendered":"https:\/\/grontkontor.dk\/produkt\/magisk-mugg-m-u-tryck\/"},"modified":"2024-02-28T14:09:41","modified_gmt":"2024-02-28T13:09:41","slug":"magisk-mugg-m-u-tryck","status":"publish","type":"product","link":"https:\/\/grontkontor.dk\/sv\/shop\/magisk-mugg-m-u-tryck\/","title":{"rendered":"Magisk mugg m\/u tryck"},"content":{"rendered":"<p>Magisk mugg i klimatv\u00e4nlig keramik med eget dolt motiv. Muggen f\u00f6rvandlas fr\u00e5n svart till att visa tryckt motiv (fyrf\u00e4rgstryck) n\u00e4r varm v\u00e4tska h\u00e4lls i koppen. En riktigt rolig \u00f6verraskning f\u00f6r dina kunder eller anst\u00e4llda p\u00e5 m\u00e4ssor och event.<br \/>\nL\u00e4mplig f\u00f6r diskmaskin och mikrov\u00e5gsugn.<br \/>\nMuggen \u00e4r godk\u00e4nt till kontakt med livsmedel och 100% BPA fritt<br \/>\nInneh\u00e5ll: 340 ml<\/p>\nKeramik \/ porslin \u00e4r ett h\u00e5llbart material, framst\u00e4llt prim\u00e4rt av lera, som man kan betrakta som en outt\u00f6mmlig resurs. Vid tillverkningen g\u00e5r det \u00e5t stora m\u00e4ngder energi, s\u00e5 graden h\u00e5llbarhet \u00e4r beroende av energik\u00e4llan under tillv\u00e4rkningsprocessen. Keramik avger inga skadliga material till milj\u00f6n, efter kassering. \n<p>&nbsp;<\/p>\n","protected":false},"excerpt":{"rendered":"<p>Magisk mugg i klimatv\u00e4nlig keramik med eget dolt motiv. Muggen f\u00f6rvandlas fr\u00e5n svart till att visa tryckt motiv (fyrf\u00e4rgstryck) n\u00e4r varm v\u00e4tska h\u00e4lls i koppen. En riktigt rolig \u00f6verraskning f\u00f6r dina kunder eller anst\u00e4llda p\u00e5 m\u00e4ssor och event. L\u00e4mplig f\u00f6r diskmaskin och mikrov\u00e5gsugn. Muggen \u00e4r Inneh\u00e5ll: 340 ml &nbsp;<\/p>\n","protected":false},"featured_media":16926,"comment_status":"closed","ping_status":"closed","template":"","meta":{"_acf_changed":false},"product_cat":[4452,2123,2233,1954],"product_tag":[1911,1910],"class_list":{"0":"post-74942","1":"product","2":"type-product","3":"status-publish","4":"has-post-thumbnail","6":"product_cat-muggar-och-koppar-sv","7":"product_cat-dummy-moq-50-100-sv","8":"product_cat-mat-och-dryck","9":"product_cat-muggar-och-koppar","10":"product_tag-kaffekrus-sv","11":"product_tag-krus-sv","12":"tm-has-options","14":"first","15":"instock","16":"taxable","17":"shipping-taxable","18":"purchasable","19":"product-type-simple"},"acf":[],"yoast_head":"<!-- This site is optimized with the Yoast SEO Premium plugin v21.2 (Yoast SEO v21.2) - https:\/\/yoast.com\/wordpress\/plugins\/seo\/ -->\n<title>Magisk mugg m\/u tryck - Gr\u00f8nt Kontor<\/title>\n<meta name=\"robots\" content=\"index, follow, max-snippet:-1, max-image-preview:large, max-video-preview:-1\" \/>\n<link rel=\"canonical\" href=\"https:\/\/grontkontor.dk\/shop\/magisk-krus-keramik\/\" \/>\n<meta property=\"og:locale\" content=\"sv_SE\" \/>\n<meta property=\"og:type\" content=\"article\" \/>\n<meta property=\"og:title\" content=\"Magisk mugg m\/u tryck\" \/>\n<meta property=\"og:description\" content=\"Magisk mugg i klimatv\u00e4nlig keramik med eget dolt motiv. Muggen f\u00f6rvandlas fr\u00e5n svart till att visa tryckt motiv (fyrf\u00e4rgstryck) n\u00e4r varm v\u00e4tska h\u00e4lls i koppen. En riktigt rolig \u00f6verraskning f\u00f6r dina kunder eller anst\u00e4llda p\u00e5 m\u00e4ssor och event. L\u00e4mplig f\u00f6r diskmaskin och mikrov\u00e5gsugn. Muggen \u00e4r Inneh\u00e5ll: 340 ml &nbsp;\" \/>\n<meta property=\"og:url\" content=\"https:\/\/grontkontor.dk\/shop\/magisk-krus-keramik\/\" \/>\n<meta property=\"og:site_name\" content=\"Gr\u00f8nt Kontor\" \/>\n<meta property=\"article:publisher\" content=\"https:\/\/www.facebook.com\/grontkontor.dk\/\" \/>\n<meta property=\"article:modified_time\" content=\"2024-02-28T13:09:41+00:00\" \/>\n<meta property=\"og:image\" content=\"https:\/\/grontkontor.dk\/wp-content\/uploads\/2020\/03\/krus-magisk-keramik-01.jpg\" \/>\n\t<meta property=\"og:image:width\" content=\"704\" \/>\n\t<meta property=\"og:image:height\" content=\"500\" \/>\n\t<meta property=\"og:image:type\" content=\"image\/jpeg\" \/>\n<meta name=\"twitter:card\" content=\"summary_large_image\" \/>\n<script type=\"application\/ld+json\" class=\"yoast-schema-graph\">{\"@context\":\"https:\/\/schema.org\",\"@graph\":[{\"@type\":\"WebPage\",\"@id\":\"https:\/\/grontkontor.dk\/shop\/magisk-krus-keramik\/\",\"url\":\"https:\/\/grontkontor.dk\/shop\/magisk-krus-keramik\/\",\"name\":\"Magisk mugg m\/u tryck - Gr\u00f8nt Kontor\",\"isPartOf\":{\"@id\":\"https:\/\/grontkontor.dk\/#website\"},\"datePublished\":\"2023-09-22T21:10:22+00:00\",\"dateModified\":\"2024-02-28T13:09:41+00:00\",\"breadcrumb\":{\"@id\":\"https:\/\/grontkontor.dk\/shop\/magisk-krus-keramik\/#breadcrumb\"},\"inLanguage\":\"sv-SE\",\"potentialAction\":[{\"@type\":\"ReadAction\",\"target\":[\"https:\/\/grontkontor.dk\/shop\/magisk-krus-keramik\/\"]}]},{\"@type\":\"BreadcrumbList\",\"@id\":\"https:\/\/grontkontor.dk\/shop\/magisk-krus-keramik\/#breadcrumb\",\"itemListElement\":[{\"@type\":\"ListItem\",\"position\":1,\"name\":\"Forside\",\"item\":\"https:\/\/grontkontor.dk\/\"},{\"@type\":\"ListItem\",\"position\":2,\"name\":\"Shop\",\"item\":\"https:\/\/grontkontor.dk\/sv\/shop\/\"},{\"@type\":\"ListItem\",\"position\":3,\"name\":\"Mat och dryck\",\"item\":\"https:\/\/grontkontor.dk\/sv\/produkt-kategori\/mat-och-dryck\/\"},{\"@type\":\"ListItem\",\"position\":4,\"name\":\"Muggar och koppar\",\"item\":\"https:\/\/grontkontor.dk\/sv\/produkt-kategori\/mat-och-dryck\/muggar-och-koppar\/\"},{\"@type\":\"ListItem\",\"position\":5,\"name\":\"Magisk mugg m\/u tryck\"}]},{\"@type\":\"WebSite\",\"@id\":\"https:\/\/grontkontor.dk\/#website\",\"url\":\"https:\/\/grontkontor.dk\/\",\"name\":\"Gr\u00f8nt Kontor\",\"description\":\"Milj\u00f8venlige produkter til kontor og erhverv med fokus p\u00e5 b\u00e6redygtighed, design og fair trade.\",\"publisher\":{\"@id\":\"https:\/\/grontkontor.dk\/#organization\"},\"potentialAction\":[{\"@type\":\"SearchAction\",\"target\":{\"@type\":\"EntryPoint\",\"urlTemplate\":\"https:\/\/grontkontor.dk\/?s={search_term_string}\"},\"query-input\":\"required name=search_term_string\"}],\"inLanguage\":\"sv-SE\"},{\"@type\":\"Organization\",\"@id\":\"https:\/\/grontkontor.dk\/#organization\",\"name\":\"Gr\u00f8nt Kontor\",\"url\":\"https:\/\/grontkontor.dk\/\",\"logo\":{\"@type\":\"ImageObject\",\"inLanguage\":\"sv-SE\",\"@id\":\"https:\/\/grontkontor.dk\/#\/schema\/logo\/image\/\",\"url\":\"https:\/\/grontkontor.dk\/wp-content\/uploads\/2014\/02\/Logo_groent_kontor_300x80.png\",\"contentUrl\":\"https:\/\/grontkontor.dk\/wp-content\/uploads\/2014\/02\/Logo_groent_kontor_300x80.png\",\"width\":300,\"height\":80,\"caption\":\"Gr\u00f8nt Kontor\"},\"image\":{\"@id\":\"https:\/\/grontkontor.dk\/#\/schema\/logo\/image\/\"},\"sameAs\":[\"https:\/\/www.facebook.com\/grontkontor.dk\/\"]}]}<\/script>\n<!-- \/ Yoast SEO Premium plugin. -->","yoast_head_json":{"title":"Magisk mugg m\/u tryck - Gr\u00f8nt Kontor","robots":{"index":"index","follow":"follow","max-snippet":"max-snippet:-1","max-image-preview":"max-image-preview:large","max-video-preview":"max-video-preview:-1"},"canonical":"https:\/\/grontkontor.dk\/shop\/magisk-krus-keramik\/","og_locale":"sv_SE","og_type":"article","og_title":"Magisk mugg m\/u tryck","og_description":"Magisk mugg i klimatv\u00e4nlig keramik med eget dolt motiv. Muggen f\u00f6rvandlas fr\u00e5n svart till att visa tryckt motiv (fyrf\u00e4rgstryck) n\u00e4r varm v\u00e4tska h\u00e4lls i koppen. En riktigt rolig \u00f6verraskning f\u00f6r dina kunder eller anst\u00e4llda p\u00e5 m\u00e4ssor och event. L\u00e4mplig f\u00f6r diskmaskin och mikrov\u00e5gsugn. Muggen \u00e4r Inneh\u00e5ll: 340 ml &nbsp;","og_url":"https:\/\/grontkontor.dk\/shop\/magisk-krus-keramik\/","og_site_name":"Gr\u00f8nt Kontor","article_publisher":"https:\/\/www.facebook.com\/grontkontor.dk\/","article_modified_time":"2024-02-28T13:09:41+00:00","og_image":[{"width":704,"height":500,"url":"https:\/\/grontkontor.dk\/wp-content\/uploads\/2020\/03\/krus-magisk-keramik-01.jpg","type":"image\/jpeg"}],"twitter_card":"summary_large_image","schema":{"@context":"https:\/\/schema.org","@graph":[{"@type":"WebPage","@id":"https:\/\/grontkontor.dk\/shop\/magisk-krus-keramik\/","url":"https:\/\/grontkontor.dk\/shop\/magisk-krus-keramik\/","name":"Magisk mugg m\/u tryck - Gr\u00f8nt Kontor","isPartOf":{"@id":"https:\/\/grontkontor.dk\/#website"},"datePublished":"2023-09-22T21:10:22+00:00","dateModified":"2024-02-28T13:09:41+00:00","breadcrumb":{"@id":"https:\/\/grontkontor.dk\/shop\/magisk-krus-keramik\/#breadcrumb"},"inLanguage":"sv-SE","potentialAction":[{"@type":"ReadAction","target":["https:\/\/grontkontor.dk\/shop\/magisk-krus-keramik\/"]}]},{"@type":"BreadcrumbList","@id":"https:\/\/grontkontor.dk\/shop\/magisk-krus-keramik\/#breadcrumb","itemListElement":[{"@type":"ListItem","position":1,"name":"Forside","item":"https:\/\/grontkontor.dk\/"},{"@type":"ListItem","position":2,"name":"Shop","item":"https:\/\/grontkontor.dk\/sv\/shop\/"},{"@type":"ListItem","position":3,"name":"Mat och dryck","item":"https:\/\/grontkontor.dk\/sv\/produkt-kategori\/mat-och-dryck\/"},{"@type":"ListItem","position":4,"name":"Muggar och koppar","item":"https:\/\/grontkontor.dk\/sv\/produkt-kategori\/mat-och-dryck\/muggar-och-koppar\/"},{"@type":"ListItem","position":5,"name":"Magisk mugg m\/u tryck"}]},{"@type":"WebSite","@id":"https:\/\/grontkontor.dk\/#website","url":"https:\/\/grontkontor.dk\/","name":"Gr\u00f8nt Kontor","description":"Milj\u00f8venlige produkter til kontor og erhverv med fokus p\u00e5 b\u00e6redygtighed, design og fair trade.","publisher":{"@id":"https:\/\/grontkontor.dk\/#organization"},"potentialAction":[{"@type":"SearchAction","target":{"@type":"EntryPoint","urlTemplate":"https:\/\/grontkontor.dk\/?s={search_term_string}"},"query-input":"required name=search_term_string"}],"inLanguage":"sv-SE"},{"@type":"Organization","@id":"https:\/\/grontkontor.dk\/#organization","name":"Gr\u00f8nt Kontor","url":"https:\/\/grontkontor.dk\/","logo":{"@type":"ImageObject","inLanguage":"sv-SE","@id":"https:\/\/grontkontor.dk\/#\/schema\/logo\/image\/","url":"https:\/\/grontkontor.dk\/wp-content\/uploads\/2014\/02\/Logo_groent_kontor_300x80.png","contentUrl":"https:\/\/grontkontor.dk\/wp-content\/uploads\/2014\/02\/Logo_groent_kontor_300x80.png","width":300,"height":80,"caption":"Gr\u00f8nt Kontor"},"image":{"@id":"https:\/\/grontkontor.dk\/#\/schema\/logo\/image\/"},"sameAs":["https:\/\/www.facebook.com\/grontkontor.dk\/"]}]}},"_links":{"self":[{"href":"https:\/\/grontkontor.dk\/sv\/wp-json\/wp\/v2\/product\/74942"}],"collection":[{"href":"https:\/\/grontkontor.dk\/sv\/wp-json\/wp\/v2\/product"}],"about":[{"href":"https:\/\/grontkontor.dk\/sv\/wp-json\/wp\/v2\/types\/product"}],"replies":[{"embeddable":true,"href":"https:\/\/grontkontor.dk\/sv\/wp-json\/wp\/v2\/comments?post=74942"}],"wp:featuredmedia":[{"embeddable":true,"href":"https:\/\/grontkontor.dk\/sv\/wp-json\/wp\/v2\/media\/16926"}],"wp:attachment":[{"href":"https:\/\/grontkontor.dk\/sv\/wp-json\/wp\/v2\/media?parent=74942"}],"wp:term":[{"taxonomy":"product_cat","embeddable":true,"href":"https:\/\/grontkontor.dk\/sv\/wp-json\/wp\/v2\/product_cat?post=74942"},{"taxonomy":"product_tag","embeddable":true,"href":"https:\/\/grontkontor.dk\/sv\/wp-json\/wp\/v2\/product_tag?post=74942"}],"curies":[{"name":"wp","href":"https:\/\/api.w.org\/{rel}","templated":true}]}}