{"id":74975,"date":"2023-09-22T13:09:39","date_gmt":"2023-09-22T21:11:27","guid":{"rendered":"https:\/\/grontkontor.dk\/produkt\/blyerts-stiftpenna-i-aatervunnen-plast-rpet\/"},"modified":"2023-09-22T23:11:30","modified_gmt":"2023-09-22T21:11:30","slug":"blyerts-stiftpenna-i-aatervunnen-plast-rpet","status":"publish","type":"product","link":"https:\/\/grontkontor.dk\/sv\/shop\/blyerts-stiftpenna-i-aatervunnen-plast-rpet\/","title":{"rendered":"Blyerts stiftpenna i \u00e5tervunnen plast (rPET)"},"content":{"rendered":"<p>Klimat- och milj\u00f6v\u00e4nlig penna, gjord av rPET (\u00e5tervunna vattenflaskor i PET-plast). Pennan har ett suddgummi p\u00e5 toppen och skruvmekanism.<\/p>\n<p>Materialet rPET \u00e4r ett superh\u00e5llbart material som best\u00e5r av \u00e5tervunnen polyester. \u00c5tervunnen plast fungerar som en koldep\u00e5 f\u00f6r redan tillverkad plast, vilket f\u00f6rhindrar utsl\u00e4pp av koldioxid i atmosf\u00e4ren s\u00e5 l\u00e4nge produkten \u00e4r i omlopp. Kroppen kan \u00e5tervinnas som \u00e5tervunna vattenflaskor eller som vanlig plast.<\/p>\n<p>&nbsp;<\/p>\n","protected":false},"excerpt":{"rendered":"<p>Klimat- och milj\u00f6v\u00e4nlig penna, gjord av rPET (\u00e5tervunna vattenflaskor i PET-plast). Pennan har ett suddgummi p\u00e5 toppen och skruvmekanism. Materialet rPET \u00e4r ett superh\u00e5llbart material som best\u00e5r av \u00e5tervunnen polyester. \u00c5tervunnen plast fungerar som en koldep\u00e5 f\u00f6r redan tillverkad plast, vilket f\u00f6rhindrar utsl\u00e4pp av koldioxid i atmosf\u00e4ren s\u00e5 l\u00e4nge produkten \u00e4r i omlopp. Kroppen kan [&hellip;]<\/p>\n","protected":false},"featured_media":17223,"comment_status":"closed","ping_status":"closed","template":"","meta":{"_acf_changed":false},"product_cat":[4415,666,665],"product_tag":[715],"class_list":{"0":"post-74975","1":"product","2":"type-product","3":"status-publish","4":"has-post-thumbnail","6":"product_cat-pennor-och-blyertspennor","7":"product_cat-blypennor","8":"product_cat-skrivtillbehoer","9":"product_tag-blypenna","10":"tm-has-options","12":"first","13":"instock","14":"taxable","15":"shipping-taxable","16":"purchasable","17":"product-type-simple"},"acf":[],"yoast_head":"<!-- This site is optimized with the Yoast SEO Premium plugin v21.2 (Yoast SEO v21.2) - https:\/\/yoast.com\/wordpress\/plugins\/seo\/ -->\n<title>Blyerts stiftpenna i \u00e5tervunnen plast (rPET) - Gr\u00f8nt Kontor<\/title>\n<meta name=\"robots\" content=\"index, follow, max-snippet:-1, max-image-preview:large, max-video-preview:-1\" \/>\n<link rel=\"canonical\" href=\"https:\/\/grontkontor.dk\/shop\/stiftblyant-i-genbrugsplast-rpet\/\" \/>\n<meta property=\"og:locale\" content=\"sv_SE\" \/>\n<meta property=\"og:type\" content=\"article\" \/>\n<meta property=\"og:title\" content=\"Blyerts stiftpenna i \u00e5tervunnen plast (rPET)\" \/>\n<meta property=\"og:description\" content=\"Klimat- och milj\u00f6v\u00e4nlig penna, gjord av rPET (\u00e5tervunna vattenflaskor i PET-plast). Pennan har ett suddgummi p\u00e5 toppen och skruvmekanism. Materialet rPET \u00e4r ett superh\u00e5llbart material som best\u00e5r av \u00e5tervunnen polyester. \u00c5tervunnen plast fungerar som en koldep\u00e5 f\u00f6r redan tillverkad plast, vilket f\u00f6rhindrar utsl\u00e4pp av koldioxid i atmosf\u00e4ren s\u00e5 l\u00e4nge produkten \u00e4r i omlopp. Kroppen kan [&hellip;]\" \/>\n<meta property=\"og:url\" content=\"https:\/\/grontkontor.dk\/shop\/stiftblyant-i-genbrugsplast-rpet\/\" \/>\n<meta property=\"og:site_name\" content=\"Gr\u00f8nt Kontor\" \/>\n<meta property=\"article:publisher\" content=\"https:\/\/www.facebook.com\/grontkontor.dk\/\" \/>\n<meta property=\"article:modified_time\" content=\"2023-09-22T21:11:30+00:00\" \/>\n<meta property=\"og:image\" content=\"https:\/\/grontkontor.dk\/wp-content\/uploads\/2020\/03\/skrueblyant-rpet-genbrugsplast.jpg\" \/>\n\t<meta property=\"og:image:width\" content=\"800\" \/>\n\t<meta property=\"og:image:height\" content=\"568\" \/>\n\t<meta property=\"og:image:type\" content=\"image\/jpeg\" \/>\n<meta name=\"twitter:card\" content=\"summary_large_image\" \/>\n<script type=\"application\/ld+json\" class=\"yoast-schema-graph\">{\"@context\":\"https:\/\/schema.org\",\"@graph\":[{\"@type\":\"WebPage\",\"@id\":\"https:\/\/grontkontor.dk\/shop\/stiftblyant-i-genbrugsplast-rpet\/\",\"url\":\"https:\/\/grontkontor.dk\/shop\/stiftblyant-i-genbrugsplast-rpet\/\",\"name\":\"Blyerts stiftpenna i \u00e5tervunnen plast (rPET) - Gr\u00f8nt Kontor\",\"isPartOf\":{\"@id\":\"https:\/\/grontkontor.dk\/#website\"},\"datePublished\":\"2023-09-22T21:11:27+00:00\",\"dateModified\":\"2023-09-22T21:11:30+00:00\",\"breadcrumb\":{\"@id\":\"https:\/\/grontkontor.dk\/shop\/stiftblyant-i-genbrugsplast-rpet\/#breadcrumb\"},\"inLanguage\":\"sv-SE\",\"potentialAction\":[{\"@type\":\"ReadAction\",\"target\":[\"https:\/\/grontkontor.dk\/shop\/stiftblyant-i-genbrugsplast-rpet\/\"]}]},{\"@type\":\"BreadcrumbList\",\"@id\":\"https:\/\/grontkontor.dk\/shop\/stiftblyant-i-genbrugsplast-rpet\/#breadcrumb\",\"itemListElement\":[{\"@type\":\"ListItem\",\"position\":1,\"name\":\"Forside\",\"item\":\"https:\/\/grontkontor.dk\/\"},{\"@type\":\"ListItem\",\"position\":2,\"name\":\"Shop\",\"item\":\"https:\/\/grontkontor.dk\/sv\/shop\/\"},{\"@type\":\"ListItem\",\"position\":3,\"name\":\"Klimatsmarta f\u00f6retagspresenter\",\"item\":\"https:\/\/grontkontor.dk\/sv\/produkt-kategori\/miljovaenliga-foretagspresenter\/\"},{\"@type\":\"ListItem\",\"position\":4,\"name\":\"Pennor och blyertspennor\",\"item\":\"https:\/\/grontkontor.dk\/sv\/produkt-kategori\/miljovaenliga-foretagspresenter\/pennor-och-blyertspennor\/\"},{\"@type\":\"ListItem\",\"position\":5,\"name\":\"Blyerts stiftpenna i \u00e5tervunnen plast (rPET)\"}]},{\"@type\":\"WebSite\",\"@id\":\"https:\/\/grontkontor.dk\/#website\",\"url\":\"https:\/\/grontkontor.dk\/\",\"name\":\"Gr\u00f8nt Kontor\",\"description\":\"Milj\u00f8venlige produkter til kontor og erhverv med fokus p\u00e5 b\u00e6redygtighed, design og fair trade.\",\"publisher\":{\"@id\":\"https:\/\/grontkontor.dk\/#organization\"},\"potentialAction\":[{\"@type\":\"SearchAction\",\"target\":{\"@type\":\"EntryPoint\",\"urlTemplate\":\"https:\/\/grontkontor.dk\/?s={search_term_string}\"},\"query-input\":\"required name=search_term_string\"}],\"inLanguage\":\"sv-SE\"},{\"@type\":\"Organization\",\"@id\":\"https:\/\/grontkontor.dk\/#organization\",\"name\":\"Gr\u00f8nt Kontor\",\"url\":\"https:\/\/grontkontor.dk\/\",\"logo\":{\"@type\":\"ImageObject\",\"inLanguage\":\"sv-SE\",\"@id\":\"https:\/\/grontkontor.dk\/#\/schema\/logo\/image\/\",\"url\":\"https:\/\/grontkontor.dk\/wp-content\/uploads\/2014\/02\/Logo_groent_kontor_300x80.png\",\"contentUrl\":\"https:\/\/grontkontor.dk\/wp-content\/uploads\/2014\/02\/Logo_groent_kontor_300x80.png\",\"width\":300,\"height\":80,\"caption\":\"Gr\u00f8nt Kontor\"},\"image\":{\"@id\":\"https:\/\/grontkontor.dk\/#\/schema\/logo\/image\/\"},\"sameAs\":[\"https:\/\/www.facebook.com\/grontkontor.dk\/\"]}]}<\/script>\n<!-- \/ Yoast SEO Premium plugin. -->","yoast_head_json":{"title":"Blyerts stiftpenna i \u00e5tervunnen plast (rPET) - Gr\u00f8nt Kontor","robots":{"index":"index","follow":"follow","max-snippet":"max-snippet:-1","max-image-preview":"max-image-preview:large","max-video-preview":"max-video-preview:-1"},"canonical":"https:\/\/grontkontor.dk\/shop\/stiftblyant-i-genbrugsplast-rpet\/","og_locale":"sv_SE","og_type":"article","og_title":"Blyerts stiftpenna i \u00e5tervunnen plast (rPET)","og_description":"Klimat- och milj\u00f6v\u00e4nlig penna, gjord av rPET (\u00e5tervunna vattenflaskor i PET-plast). Pennan har ett suddgummi p\u00e5 toppen och skruvmekanism. Materialet rPET \u00e4r ett superh\u00e5llbart material som best\u00e5r av \u00e5tervunnen polyester. \u00c5tervunnen plast fungerar som en koldep\u00e5 f\u00f6r redan tillverkad plast, vilket f\u00f6rhindrar utsl\u00e4pp av koldioxid i atmosf\u00e4ren s\u00e5 l\u00e4nge produkten \u00e4r i omlopp. Kroppen kan [&hellip;]","og_url":"https:\/\/grontkontor.dk\/shop\/stiftblyant-i-genbrugsplast-rpet\/","og_site_name":"Gr\u00f8nt Kontor","article_publisher":"https:\/\/www.facebook.com\/grontkontor.dk\/","article_modified_time":"2023-09-22T21:11:30+00:00","og_image":[{"width":800,"height":568,"url":"https:\/\/grontkontor.dk\/wp-content\/uploads\/2020\/03\/skrueblyant-rpet-genbrugsplast.jpg","type":"image\/jpeg"}],"twitter_card":"summary_large_image","schema":{"@context":"https:\/\/schema.org","@graph":[{"@type":"WebPage","@id":"https:\/\/grontkontor.dk\/shop\/stiftblyant-i-genbrugsplast-rpet\/","url":"https:\/\/grontkontor.dk\/shop\/stiftblyant-i-genbrugsplast-rpet\/","name":"Blyerts stiftpenna i \u00e5tervunnen plast (rPET) - Gr\u00f8nt Kontor","isPartOf":{"@id":"https:\/\/grontkontor.dk\/#website"},"datePublished":"2023-09-22T21:11:27+00:00","dateModified":"2023-09-22T21:11:30+00:00","breadcrumb":{"@id":"https:\/\/grontkontor.dk\/shop\/stiftblyant-i-genbrugsplast-rpet\/#breadcrumb"},"inLanguage":"sv-SE","potentialAction":[{"@type":"ReadAction","target":["https:\/\/grontkontor.dk\/shop\/stiftblyant-i-genbrugsplast-rpet\/"]}]},{"@type":"BreadcrumbList","@id":"https:\/\/grontkontor.dk\/shop\/stiftblyant-i-genbrugsplast-rpet\/#breadcrumb","itemListElement":[{"@type":"ListItem","position":1,"name":"Forside","item":"https:\/\/grontkontor.dk\/"},{"@type":"ListItem","position":2,"name":"Shop","item":"https:\/\/grontkontor.dk\/sv\/shop\/"},{"@type":"ListItem","position":3,"name":"Klimatsmarta f\u00f6retagspresenter","item":"https:\/\/grontkontor.dk\/sv\/produkt-kategori\/miljovaenliga-foretagspresenter\/"},{"@type":"ListItem","position":4,"name":"Pennor och blyertspennor","item":"https:\/\/grontkontor.dk\/sv\/produkt-kategori\/miljovaenliga-foretagspresenter\/pennor-och-blyertspennor\/"},{"@type":"ListItem","position":5,"name":"Blyerts stiftpenna i \u00e5tervunnen plast (rPET)"}]},{"@type":"WebSite","@id":"https:\/\/grontkontor.dk\/#website","url":"https:\/\/grontkontor.dk\/","name":"Gr\u00f8nt Kontor","description":"Milj\u00f8venlige produkter til kontor og erhverv med fokus p\u00e5 b\u00e6redygtighed, design og fair trade.","publisher":{"@id":"https:\/\/grontkontor.dk\/#organization"},"potentialAction":[{"@type":"SearchAction","target":{"@type":"EntryPoint","urlTemplate":"https:\/\/grontkontor.dk\/?s={search_term_string}"},"query-input":"required name=search_term_string"}],"inLanguage":"sv-SE"},{"@type":"Organization","@id":"https:\/\/grontkontor.dk\/#organization","name":"Gr\u00f8nt Kontor","url":"https:\/\/grontkontor.dk\/","logo":{"@type":"ImageObject","inLanguage":"sv-SE","@id":"https:\/\/grontkontor.dk\/#\/schema\/logo\/image\/","url":"https:\/\/grontkontor.dk\/wp-content\/uploads\/2014\/02\/Logo_groent_kontor_300x80.png","contentUrl":"https:\/\/grontkontor.dk\/wp-content\/uploads\/2014\/02\/Logo_groent_kontor_300x80.png","width":300,"height":80,"caption":"Gr\u00f8nt Kontor"},"image":{"@id":"https:\/\/grontkontor.dk\/#\/schema\/logo\/image\/"},"sameAs":["https:\/\/www.facebook.com\/grontkontor.dk\/"]}]}},"_links":{"self":[{"href":"https:\/\/grontkontor.dk\/sv\/wp-json\/wp\/v2\/product\/74975"}],"collection":[{"href":"https:\/\/grontkontor.dk\/sv\/wp-json\/wp\/v2\/product"}],"about":[{"href":"https:\/\/grontkontor.dk\/sv\/wp-json\/wp\/v2\/types\/product"}],"replies":[{"embeddable":true,"href":"https:\/\/grontkontor.dk\/sv\/wp-json\/wp\/v2\/comments?post=74975"}],"wp:featuredmedia":[{"embeddable":true,"href":"https:\/\/grontkontor.dk\/sv\/wp-json\/wp\/v2\/media\/17223"}],"wp:attachment":[{"href":"https:\/\/grontkontor.dk\/sv\/wp-json\/wp\/v2\/media?parent=74975"}],"wp:term":[{"taxonomy":"product_cat","embeddable":true,"href":"https:\/\/grontkontor.dk\/sv\/wp-json\/wp\/v2\/product_cat?post=74975"},{"taxonomy":"product_tag","embeddable":true,"href":"https:\/\/grontkontor.dk\/sv\/wp-json\/wp\/v2\/product_tag?post=74975"}],"curies":[{"name":"wp","href":"https:\/\/api.w.org\/{rel}","templated":true}]}}