{"id":75016,"date":"2023-09-30T09:00:39","date_gmt":"2023-09-22T21:12:20","guid":{"rendered":"https:\/\/grontkontor.dk\/produkt\/pappmugg-i-bioplast-med-logotryck-47cl\/"},"modified":"2024-03-18T13:47:52","modified_gmt":"2024-03-18T12:47:52","slug":"pappmugg-i-bioplast-med-logotryck-47cl","status":"publish","type":"product","link":"https:\/\/grontkontor.dk\/sv\/shop\/pappmugg-i-bioplast-med-logotryck-47cl\/","title":{"rendered":"Plastfri pappmugg f\u00f6r kalla drycker med logotryck &#8211; 47cl"},"content":{"rendered":"<p>Paper2Paper kartongmuggar tillverkade av 100 % papper med vattenbaserad bel\u00e4ggning. Kartongmuggarna \u00e4r gjorda av papper och kan \u00e5tervinnas tillsammans med vanligt pappersavfall.<\/p>\n<p>Muggarna har enkelv\u00e4ggar och \u00e4r d\u00e4rf\u00f6r s\u00e4rskilt l\u00e4mpliga f\u00f6r kalla drycker. En billig, klimat- och milj\u00f6v\u00e4nlig produkt, tillverkad i EU och godk\u00e4nd f\u00f6r \u00e4ndam\u00e5let.<\/p>\n<p>Du kan v\u00e4lja lock gjorda av bagass &#8211; biologiskt nedbrytbara sockerr\u00f6rsfibrer &#8211; separat. Muggen i kartong \u00e4r godk\u00e4nt till kontakt med livsmedel och 100% BPA fritt.<\/p>\n<p>OBS: Priset \u00e4r inkl. uppstart, f\u00f6rpackningsavgift och logotryck i fullf\u00e4rg. Du g\u00f6r bara de &#8220;platta&#8221; m\u00f6nstren och vi g\u00f6r resten.<\/p>\n<p>\u00d6verl\u00e4gsen kvalitet, superbilligt och klimatv\u00e4nligt \u2013 win win win.<\/p>\n<p>Kassering: Kan \u00e5tervinnas tillsammans med vanligt pappersavfall.<\/p>\n<p><img loading=\"lazy\" decoding=\"async\" class=\"size-medium wp-image-21008\" src=\"https:\/\/grontkontor.dk\/wp-content\/uploads\/2020\/11\/eu-flag_1-300x199.jpg\" alt=\"Fremstillet i EU\" width=\"76\" height=\"50\" srcset=\"https:\/\/grontkontor.dk\/wp-content\/uploads\/2020\/11\/eu-flag_1-300x199.jpg 300w, https:\/\/grontkontor.dk\/wp-content\/uploads\/2020\/11\/eu-flag_1.jpg 530w\" sizes=\"(max-width: 76px) 100vw, 76px\" \/> <a href=\"https:\/\/www.google.com\/url?sa=t&rct=j&q=&esrc=s&source=web&cd=&cad=rja&uact=8&ved=2ahUKEwjv06L8rZ7xAhXFjqQKHSDxAMoQFjACegQIExAD&url=https%3A%2F%2Fcertifications.controlunion.com%2Fen%2Fcertification-programs%2Fcertification-programs%2Frcs-blended-recycled-claim-standard&usg=AOvVaw3EUq5Cz3W8o2_9SLL-aQ3V\"><img loading=\"lazy\" decoding=\"async\" src=\"https:\/\/grontkontor.dk\/wp-content\/uploads\/2021\/06\/recycled-blended-claim-standard.jpg\" alt=\"\" width=\"50\" height=\"50\" class=\"alignnone size-full wp-image-24839\" \/><\/a> <\/p>\n","protected":false},"excerpt":{"rendered":"<p>Paper2Paper kartongmuggar tillverkade av 100 % papper med vattenbaserad bel\u00e4ggning. Kartongmuggarna \u00e4r gjorda av papper och kan \u00e5tervinnas tillsammans med vanligt pappersavfall. Muggarna har enkelv\u00e4ggar och \u00e4r d\u00e4rf\u00f6r s\u00e4rskilt l\u00e4mpliga f\u00f6r kalla drycker. En billig, klimat- och milj\u00f6v\u00e4nlig produkt, tillverkad i EU och godk\u00e4nd f\u00f6r \u00e4ndam\u00e5let. Du kan v\u00e4lja lock gjorda av bagass &#8211; biologiskt [&hellip;]<\/p>\n","protected":false},"featured_media":36325,"comment_status":"closed","ping_status":"closed","template":"","meta":{"_acf_changed":false},"product_cat":[2628,2394,1763],"product_tag":[1554],"class_list":{"0":"post-75016","1":"product","2":"type-product","3":"status-publish","4":"has-post-thumbnail","6":"product_cat-krus-og-kopper-til-messen-sv","7":"product_cat-nyheter","8":"product_cat-engaangs-koppar","9":"product_tag-engangskrus-sv","10":"tm-has-options","12":"first","13":"instock","14":"taxable","15":"shipping-taxable","16":"purchasable","17":"product-type-simple"},"acf":[],"yoast_head":"<!-- This site is optimized with the Yoast SEO Premium plugin v21.2 (Yoast SEO v21.2) - https:\/\/yoast.com\/wordpress\/plugins\/seo\/ -->\n<title>Plastfri pappmugg f\u00f6r kalla drycker med logotryck - 47cl - Gr\u00f8nt Kontor<\/title>\n<meta name=\"robots\" content=\"index, follow, max-snippet:-1, max-image-preview:large, max-video-preview:-1\" \/>\n<link rel=\"canonical\" href=\"https:\/\/grontkontor.dk\/shop\/plastfri-papkrust-med-logotryk-47cl\/\" \/>\n<meta property=\"og:locale\" content=\"sv_SE\" \/>\n<meta property=\"og:type\" content=\"article\" \/>\n<meta property=\"og:title\" content=\"Plastfri pappmugg f\u00f6r kalla drycker med logotryck - 47cl\" \/>\n<meta property=\"og:description\" content=\"Paper2Paper kartongmuggar tillverkade av 100 % papper med vattenbaserad bel\u00e4ggning. Kartongmuggarna \u00e4r gjorda av papper och kan \u00e5tervinnas tillsammans med vanligt pappersavfall. Muggarna har enkelv\u00e4ggar och \u00e4r d\u00e4rf\u00f6r s\u00e4rskilt l\u00e4mpliga f\u00f6r kalla drycker. En billig, klimat- och milj\u00f6v\u00e4nlig produkt, tillverkad i EU och godk\u00e4nd f\u00f6r \u00e4ndam\u00e5let. Du kan v\u00e4lja lock gjorda av bagass &#8211; biologiskt [&hellip;]\" \/>\n<meta property=\"og:url\" content=\"https:\/\/grontkontor.dk\/shop\/plastfri-papkrust-med-logotryk-47cl\/\" \/>\n<meta property=\"og:site_name\" content=\"Gr\u00f8nt Kontor\" \/>\n<meta property=\"article:publisher\" content=\"https:\/\/www.facebook.com\/grontkontor.dk\/\" \/>\n<meta property=\"article:modified_time\" content=\"2024-03-18T12:47:52+00:00\" \/>\n<meta property=\"og:image\" content=\"https:\/\/grontkontor.dk\/wp-content\/uploads\/2020\/03\/papkrus_enkeltvaegget_47cl-1.jpg\" \/>\n\t<meta property=\"og:image:width\" content=\"900\" \/>\n\t<meta property=\"og:image:height\" content=\"639\" \/>\n\t<meta property=\"og:image:type\" content=\"image\/jpeg\" \/>\n<meta name=\"twitter:card\" content=\"summary_large_image\" \/>\n<meta name=\"twitter:label1\" content=\"Ber\u00e4knad l\u00e4stid\" \/>\n\t<meta name=\"twitter:data1\" content=\"1 minut\" \/>\n<script type=\"application\/ld+json\" class=\"yoast-schema-graph\">{\"@context\":\"https:\/\/schema.org\",\"@graph\":[{\"@type\":\"WebPage\",\"@id\":\"https:\/\/grontkontor.dk\/shop\/plastfri-papkrust-med-logotryk-47cl\/\",\"url\":\"https:\/\/grontkontor.dk\/shop\/plastfri-papkrust-med-logotryk-47cl\/\",\"name\":\"Plastfri pappmugg f\u00f6r kalla drycker med logotryck - 47cl - Gr\u00f8nt Kontor\",\"isPartOf\":{\"@id\":\"https:\/\/grontkontor.dk\/#website\"},\"datePublished\":\"2023-09-22T21:12:20+00:00\",\"dateModified\":\"2024-03-18T12:47:52+00:00\",\"breadcrumb\":{\"@id\":\"https:\/\/grontkontor.dk\/shop\/plastfri-papkrust-med-logotryk-47cl\/#breadcrumb\"},\"inLanguage\":\"sv-SE\",\"potentialAction\":[{\"@type\":\"ReadAction\",\"target\":[\"https:\/\/grontkontor.dk\/shop\/plastfri-papkrust-med-logotryk-47cl\/\"]}]},{\"@type\":\"BreadcrumbList\",\"@id\":\"https:\/\/grontkontor.dk\/shop\/plastfri-papkrust-med-logotryk-47cl\/#breadcrumb\",\"itemListElement\":[{\"@type\":\"ListItem\",\"position\":1,\"name\":\"Forside\",\"item\":\"https:\/\/grontkontor.dk\/\"},{\"@type\":\"ListItem\",\"position\":2,\"name\":\"Shop\",\"item\":\"https:\/\/grontkontor.dk\/sv\/shop\/\"},{\"@type\":\"ListItem\",\"position\":3,\"name\":\"Utst\u00e4llning och event\",\"item\":\"https:\/\/grontkontor.dk\/sv\/produkt-kategori\/utstallning-och-event\/\"},{\"@type\":\"ListItem\",\"position\":4,\"name\":\"Muggar och koppar till m\u00e4ssan\",\"item\":\"https:\/\/grontkontor.dk\/sv\/produkt-kategori\/utstallning-och-event\/krus-og-kopper-til-messen-sv\/\"},{\"@type\":\"ListItem\",\"position\":5,\"name\":\"Plastfri pappmugg f\u00f6r kalla drycker med logotryck &#8211; 47cl\"}]},{\"@type\":\"WebSite\",\"@id\":\"https:\/\/grontkontor.dk\/#website\",\"url\":\"https:\/\/grontkontor.dk\/\",\"name\":\"Gr\u00f8nt Kontor\",\"description\":\"Milj\u00f8venlige produkter til kontor og erhverv med fokus p\u00e5 b\u00e6redygtighed, design og fair trade.\",\"publisher\":{\"@id\":\"https:\/\/grontkontor.dk\/#organization\"},\"potentialAction\":[{\"@type\":\"SearchAction\",\"target\":{\"@type\":\"EntryPoint\",\"urlTemplate\":\"https:\/\/grontkontor.dk\/?s={search_term_string}\"},\"query-input\":\"required name=search_term_string\"}],\"inLanguage\":\"sv-SE\"},{\"@type\":\"Organization\",\"@id\":\"https:\/\/grontkontor.dk\/#organization\",\"name\":\"Gr\u00f8nt Kontor\",\"url\":\"https:\/\/grontkontor.dk\/\",\"logo\":{\"@type\":\"ImageObject\",\"inLanguage\":\"sv-SE\",\"@id\":\"https:\/\/grontkontor.dk\/#\/schema\/logo\/image\/\",\"url\":\"https:\/\/grontkontor.dk\/wp-content\/uploads\/2014\/02\/Logo_groent_kontor_300x80.png\",\"contentUrl\":\"https:\/\/grontkontor.dk\/wp-content\/uploads\/2014\/02\/Logo_groent_kontor_300x80.png\",\"width\":300,\"height\":80,\"caption\":\"Gr\u00f8nt Kontor\"},\"image\":{\"@id\":\"https:\/\/grontkontor.dk\/#\/schema\/logo\/image\/\"},\"sameAs\":[\"https:\/\/www.facebook.com\/grontkontor.dk\/\"]}]}<\/script>\n<!-- \/ Yoast SEO Premium plugin. -->","yoast_head_json":{"title":"Plastfri pappmugg f\u00f6r kalla drycker med logotryck - 47cl - Gr\u00f8nt Kontor","robots":{"index":"index","follow":"follow","max-snippet":"max-snippet:-1","max-image-preview":"max-image-preview:large","max-video-preview":"max-video-preview:-1"},"canonical":"https:\/\/grontkontor.dk\/shop\/plastfri-papkrust-med-logotryk-47cl\/","og_locale":"sv_SE","og_type":"article","og_title":"Plastfri pappmugg f\u00f6r kalla drycker med logotryck - 47cl","og_description":"Paper2Paper kartongmuggar tillverkade av 100 % papper med vattenbaserad bel\u00e4ggning. Kartongmuggarna \u00e4r gjorda av papper och kan \u00e5tervinnas tillsammans med vanligt pappersavfall. Muggarna har enkelv\u00e4ggar och \u00e4r d\u00e4rf\u00f6r s\u00e4rskilt l\u00e4mpliga f\u00f6r kalla drycker. En billig, klimat- och milj\u00f6v\u00e4nlig produkt, tillverkad i EU och godk\u00e4nd f\u00f6r \u00e4ndam\u00e5let. Du kan v\u00e4lja lock gjorda av bagass &#8211; biologiskt [&hellip;]","og_url":"https:\/\/grontkontor.dk\/shop\/plastfri-papkrust-med-logotryk-47cl\/","og_site_name":"Gr\u00f8nt Kontor","article_publisher":"https:\/\/www.facebook.com\/grontkontor.dk\/","article_modified_time":"2024-03-18T12:47:52+00:00","og_image":[{"width":900,"height":639,"url":"https:\/\/grontkontor.dk\/wp-content\/uploads\/2020\/03\/papkrus_enkeltvaegget_47cl-1.jpg","type":"image\/jpeg"}],"twitter_card":"summary_large_image","twitter_misc":{"Ber\u00e4knad l\u00e4stid":"1 minut"},"schema":{"@context":"https:\/\/schema.org","@graph":[{"@type":"WebPage","@id":"https:\/\/grontkontor.dk\/shop\/plastfri-papkrust-med-logotryk-47cl\/","url":"https:\/\/grontkontor.dk\/shop\/plastfri-papkrust-med-logotryk-47cl\/","name":"Plastfri pappmugg f\u00f6r kalla drycker med logotryck - 47cl - Gr\u00f8nt Kontor","isPartOf":{"@id":"https:\/\/grontkontor.dk\/#website"},"datePublished":"2023-09-22T21:12:20+00:00","dateModified":"2024-03-18T12:47:52+00:00","breadcrumb":{"@id":"https:\/\/grontkontor.dk\/shop\/plastfri-papkrust-med-logotryk-47cl\/#breadcrumb"},"inLanguage":"sv-SE","potentialAction":[{"@type":"ReadAction","target":["https:\/\/grontkontor.dk\/shop\/plastfri-papkrust-med-logotryk-47cl\/"]}]},{"@type":"BreadcrumbList","@id":"https:\/\/grontkontor.dk\/shop\/plastfri-papkrust-med-logotryk-47cl\/#breadcrumb","itemListElement":[{"@type":"ListItem","position":1,"name":"Forside","item":"https:\/\/grontkontor.dk\/"},{"@type":"ListItem","position":2,"name":"Shop","item":"https:\/\/grontkontor.dk\/sv\/shop\/"},{"@type":"ListItem","position":3,"name":"Utst\u00e4llning och event","item":"https:\/\/grontkontor.dk\/sv\/produkt-kategori\/utstallning-och-event\/"},{"@type":"ListItem","position":4,"name":"Muggar och koppar till m\u00e4ssan","item":"https:\/\/grontkontor.dk\/sv\/produkt-kategori\/utstallning-och-event\/krus-og-kopper-til-messen-sv\/"},{"@type":"ListItem","position":5,"name":"Plastfri pappmugg f\u00f6r kalla drycker med logotryck &#8211; 47cl"}]},{"@type":"WebSite","@id":"https:\/\/grontkontor.dk\/#website","url":"https:\/\/grontkontor.dk\/","name":"Gr\u00f8nt Kontor","description":"Milj\u00f8venlige produkter til kontor og erhverv med fokus p\u00e5 b\u00e6redygtighed, design og fair trade.","publisher":{"@id":"https:\/\/grontkontor.dk\/#organization"},"potentialAction":[{"@type":"SearchAction","target":{"@type":"EntryPoint","urlTemplate":"https:\/\/grontkontor.dk\/?s={search_term_string}"},"query-input":"required name=search_term_string"}],"inLanguage":"sv-SE"},{"@type":"Organization","@id":"https:\/\/grontkontor.dk\/#organization","name":"Gr\u00f8nt Kontor","url":"https:\/\/grontkontor.dk\/","logo":{"@type":"ImageObject","inLanguage":"sv-SE","@id":"https:\/\/grontkontor.dk\/#\/schema\/logo\/image\/","url":"https:\/\/grontkontor.dk\/wp-content\/uploads\/2014\/02\/Logo_groent_kontor_300x80.png","contentUrl":"https:\/\/grontkontor.dk\/wp-content\/uploads\/2014\/02\/Logo_groent_kontor_300x80.png","width":300,"height":80,"caption":"Gr\u00f8nt Kontor"},"image":{"@id":"https:\/\/grontkontor.dk\/#\/schema\/logo\/image\/"},"sameAs":["https:\/\/www.facebook.com\/grontkontor.dk\/"]}]}},"_links":{"self":[{"href":"https:\/\/grontkontor.dk\/sv\/wp-json\/wp\/v2\/product\/75016"}],"collection":[{"href":"https:\/\/grontkontor.dk\/sv\/wp-json\/wp\/v2\/product"}],"about":[{"href":"https:\/\/grontkontor.dk\/sv\/wp-json\/wp\/v2\/types\/product"}],"replies":[{"embeddable":true,"href":"https:\/\/grontkontor.dk\/sv\/wp-json\/wp\/v2\/comments?post=75016"}],"wp:featuredmedia":[{"embeddable":true,"href":"https:\/\/grontkontor.dk\/sv\/wp-json\/wp\/v2\/media\/36325"}],"wp:attachment":[{"href":"https:\/\/grontkontor.dk\/sv\/wp-json\/wp\/v2\/media?parent=75016"}],"wp:term":[{"taxonomy":"product_cat","embeddable":true,"href":"https:\/\/grontkontor.dk\/sv\/wp-json\/wp\/v2\/product_cat?post=75016"},{"taxonomy":"product_tag","embeddable":true,"href":"https:\/\/grontkontor.dk\/sv\/wp-json\/wp\/v2\/product_tag?post=75016"}],"curies":[{"name":"wp","href":"https:\/\/api.w.org\/{rel}","templated":true}]}}