{"id":75020,"date":"2023-09-22T13:10:30","date_gmt":"2023-09-22T21:12:20","guid":{"rendered":"https:\/\/grontkontor.dk\/produkt\/sugroer-i-bambu-2-st-m-u-tryck\/"},"modified":"2024-02-28T13:45:58","modified_gmt":"2024-02-28T12:45:58","slug":"sugroer-i-bambu-2-st-m-u-tryck","status":"publish","type":"product","link":"https:\/\/grontkontor.dk\/sv\/shop\/sugroer-i-bambu-2-st-m-u-tryck\/","title":{"rendered":"Sugr\u00f6r i bambu 2 st. m\/u tryck"},"content":{"rendered":"<p>Set med 2 \u00e5teranv\u00e4ndbara sugr\u00f6r i bambu och reng\u00f6ringsborste i rostfritt st\u00e5l\/nylon i klimatv\u00e4nlig bomullsp\u00e5se. Sugr\u00f6ren \u00e4r godk\u00e4nt till kontakt med livsmedel och 100% BPA fritt<\/p>\n<p>En milj\u00f6v\u00e4nlig produkt, perfekt som handout f\u00f6r m\u00e4ssor och evenemang. Kan best\u00e4llas med logotryck p\u00e5 bomullsp\u00e5sen fr\u00e5n 100 st.<\/p>\nBest\u00e4ll ett icke bindande erbjudande p\u00e5 tryck eller lasergravering hos <a class=\"light\" href=\"mailto:jens@grontkontor.dk\">jens@grontkontor.dk<\/a>\n<p>&nbsp;<\/p>\n<p>Bambu \u00e4r biologiskt nedbrytbart och d\u00e4rf\u00f6r ett fantastiskt material n\u00e4r det kommer till h\u00e5llbarhet. Den har en extremt snabb \u00e5terv\u00e4xt efter sk\u00f6rd. Banbu fungerar, precis som andra naturprodukter, som ett CO2 dep\u00e5 under hela sin livsdid.  St\u00e5l\/j\u00e4rn er en \u00e5teranv\u00e4ndbar och praktiskt taget obegr\u00e4nsad resurs som inte f\u00f6rorenar vid kassering. St\u00e5l kan \u00e5tervinnas i det o\u00e4ndliga, vilket sker i s\u00e5 stor utstr\u00e4ckning att absolut st\u00f6rsta delen av allt st\u00e5l p\u00e5 marknaden, i huvudsak, best\u00e5r av \u00e5tervunnen st\u00e5l.  Bomull \u00e4r ett biologiskt nedbrytbart och komposterbar naturprodukt.\nDenna produkt \u00e4r en av f\u00e5 som vi har p\u00e5 hyllan, som valts ut enbart f\u00f6r den unika designen. F\u00f6r ett mer h\u00e5llbart val vill vi rekomendera ekologisk eller \u00e5tervunnen bomull ist\u00e4llet. <\/p>\n<p>&nbsp;<\/p>\n<p>&nbsp;<\/p>\n","protected":false},"excerpt":{"rendered":"<p>Set med 2 \u00e5teranv\u00e4ndbara sugr\u00f6r i bambu och reng\u00f6ringsborste i rostfritt st\u00e5l\/nylon i klimatv\u00e4nlig bomullsp\u00e5se. Sugr\u00f6ren \u00e4r En milj\u00f6v\u00e4nlig produkt, perfekt som handout f\u00f6r m\u00e4ssor och evenemang. Kan best\u00e4llas med logotryck p\u00e5 bomullsp\u00e5sen fr\u00e5n 100 st. &nbsp; &nbsp; &nbsp;<\/p>\n","protected":false},"featured_media":17654,"comment_status":"closed","ping_status":"closed","template":"","meta":{"_acf_changed":false},"product_cat":[4452,2107,2136,2233,1954],"product_tag":[2140,2049],"class_list":{"0":"post-75020","1":"product","2":"type-product","3":"status-publish","4":"has-post-thumbnail","6":"product_cat-muggar-och-koppar-sv","7":"product_cat-dummy-moq-1-sv","8":"product_cat-hotell-restaurang","9":"product_cat-mat-och-dryck","10":"product_cat-muggar-och-koppar","11":"product_tag-straa-sv","12":"product_tag-sugeroer-sugroer","13":"tm-has-options","15":"first","16":"instock","17":"taxable","18":"shipping-taxable","19":"purchasable","20":"product-type-simple"},"acf":[],"yoast_head":"<!-- This site is optimized with the Yoast SEO Premium plugin v21.2 (Yoast SEO v21.2) - https:\/\/yoast.com\/wordpress\/plugins\/seo\/ -->\n<title>Sugr\u00f6r i bambu 2 st. m\/u tryck - Gr\u00f8nt Kontor<\/title>\n<meta name=\"robots\" content=\"index, follow, max-snippet:-1, max-image-preview:large, max-video-preview:-1\" \/>\n<link rel=\"canonical\" href=\"https:\/\/grontkontor.dk\/sv\/shop\/sugroer-i-bambu-2-st-m-u-tryck\/\" \/>\n<meta property=\"og:locale\" content=\"sv_SE\" \/>\n<meta property=\"og:type\" content=\"article\" \/>\n<meta property=\"og:title\" content=\"Sugr\u00f6r i bambu 2 st. m\/u tryck\" \/>\n<meta property=\"og:description\" content=\"Set med 2 \u00e5teranv\u00e4ndbara sugr\u00f6r i bambu och reng\u00f6ringsborste i rostfritt st\u00e5l\/nylon i klimatv\u00e4nlig bomullsp\u00e5se. Sugr\u00f6ren \u00e4r En milj\u00f6v\u00e4nlig produkt, perfekt som handout f\u00f6r m\u00e4ssor och evenemang. Kan best\u00e4llas med logotryck p\u00e5 bomullsp\u00e5sen fr\u00e5n 100 st. &nbsp; &nbsp; &nbsp;\" \/>\n<meta property=\"og:url\" content=\"https:\/\/grontkontor.dk\/sv\/shop\/sugroer-i-bambu-2-st-m-u-tryck\/\" \/>\n<meta property=\"og:site_name\" content=\"Gr\u00f8nt Kontor\" \/>\n<meta property=\"article:publisher\" content=\"https:\/\/www.facebook.com\/grontkontor.dk\/\" \/>\n<meta property=\"article:modified_time\" content=\"2024-02-28T12:45:58+00:00\" \/>\n<meta property=\"og:image\" content=\"https:\/\/grontkontor.dk\/wp-content\/uploads\/2020\/03\/sugeror-bambus-2-01.jpg\" \/>\n\t<meta property=\"og:image:width\" content=\"800\" \/>\n\t<meta property=\"og:image:height\" content=\"568\" \/>\n\t<meta property=\"og:image:type\" content=\"image\/jpeg\" \/>\n<meta name=\"twitter:card\" content=\"summary_large_image\" \/>\n<script type=\"application\/ld+json\" class=\"yoast-schema-graph\">{\"@context\":\"https:\/\/schema.org\",\"@graph\":[{\"@type\":\"WebPage\",\"@id\":\"https:\/\/grontkontor.dk\/sv\/shop\/sugroer-i-bambu-2-st-m-u-tryck\/\",\"url\":\"https:\/\/grontkontor.dk\/sv\/shop\/sugroer-i-bambu-2-st-m-u-tryck\/\",\"name\":\"Sugr\u00f6r i bambu 2 st. m\/u tryck - Gr\u00f8nt Kontor\",\"isPartOf\":{\"@id\":\"https:\/\/grontkontor.dk\/#website\"},\"datePublished\":\"2023-09-22T21:12:20+00:00\",\"dateModified\":\"2024-02-28T12:45:58+00:00\",\"breadcrumb\":{\"@id\":\"https:\/\/grontkontor.dk\/sv\/shop\/sugroer-i-bambu-2-st-m-u-tryck\/#breadcrumb\"},\"inLanguage\":\"sv-SE\",\"potentialAction\":[{\"@type\":\"ReadAction\",\"target\":[\"https:\/\/grontkontor.dk\/sv\/shop\/sugroer-i-bambu-2-st-m-u-tryck\/\"]}]},{\"@type\":\"BreadcrumbList\",\"@id\":\"https:\/\/grontkontor.dk\/sv\/shop\/sugroer-i-bambu-2-st-m-u-tryck\/#breadcrumb\",\"itemListElement\":[{\"@type\":\"ListItem\",\"position\":1,\"name\":\"Forside\",\"item\":\"https:\/\/grontkontor.dk\/\"},{\"@type\":\"ListItem\",\"position\":2,\"name\":\"Shop\",\"item\":\"https:\/\/grontkontor.dk\/sv\/shop\/\"},{\"@type\":\"ListItem\",\"position\":3,\"name\":\"Klimatsmarta f\u00f6retagspresenter\",\"item\":\"https:\/\/grontkontor.dk\/sv\/produkt-kategori\/miljovaenliga-foretagspresenter\/\"},{\"@type\":\"ListItem\",\"position\":4,\"name\":\"Muggar och koppar\",\"item\":\"https:\/\/grontkontor.dk\/sv\/produkt-kategori\/muggar-och-koppar-sv\/\"},{\"@type\":\"ListItem\",\"position\":5,\"name\":\"Sugr\u00f6r i bambu 2 st. m\/u tryck\"}]},{\"@type\":\"WebSite\",\"@id\":\"https:\/\/grontkontor.dk\/#website\",\"url\":\"https:\/\/grontkontor.dk\/\",\"name\":\"Gr\u00f8nt Kontor\",\"description\":\"Milj\u00f8venlige produkter til kontor og erhverv med fokus p\u00e5 b\u00e6redygtighed, design og fair trade.\",\"publisher\":{\"@id\":\"https:\/\/grontkontor.dk\/#organization\"},\"potentialAction\":[{\"@type\":\"SearchAction\",\"target\":{\"@type\":\"EntryPoint\",\"urlTemplate\":\"https:\/\/grontkontor.dk\/?s={search_term_string}\"},\"query-input\":\"required name=search_term_string\"}],\"inLanguage\":\"sv-SE\"},{\"@type\":\"Organization\",\"@id\":\"https:\/\/grontkontor.dk\/#organization\",\"name\":\"Gr\u00f8nt Kontor\",\"url\":\"https:\/\/grontkontor.dk\/\",\"logo\":{\"@type\":\"ImageObject\",\"inLanguage\":\"sv-SE\",\"@id\":\"https:\/\/grontkontor.dk\/#\/schema\/logo\/image\/\",\"url\":\"https:\/\/grontkontor.dk\/wp-content\/uploads\/2014\/02\/Logo_groent_kontor_300x80.png\",\"contentUrl\":\"https:\/\/grontkontor.dk\/wp-content\/uploads\/2014\/02\/Logo_groent_kontor_300x80.png\",\"width\":300,\"height\":80,\"caption\":\"Gr\u00f8nt Kontor\"},\"image\":{\"@id\":\"https:\/\/grontkontor.dk\/#\/schema\/logo\/image\/\"},\"sameAs\":[\"https:\/\/www.facebook.com\/grontkontor.dk\/\"]}]}<\/script>\n<!-- \/ Yoast SEO Premium plugin. -->","yoast_head_json":{"title":"Sugr\u00f6r i bambu 2 st. m\/u tryck - Gr\u00f8nt Kontor","robots":{"index":"index","follow":"follow","max-snippet":"max-snippet:-1","max-image-preview":"max-image-preview:large","max-video-preview":"max-video-preview:-1"},"canonical":"https:\/\/grontkontor.dk\/sv\/shop\/sugroer-i-bambu-2-st-m-u-tryck\/","og_locale":"sv_SE","og_type":"article","og_title":"Sugr\u00f6r i bambu 2 st. m\/u tryck","og_description":"Set med 2 \u00e5teranv\u00e4ndbara sugr\u00f6r i bambu och reng\u00f6ringsborste i rostfritt st\u00e5l\/nylon i klimatv\u00e4nlig bomullsp\u00e5se. Sugr\u00f6ren \u00e4r En milj\u00f6v\u00e4nlig produkt, perfekt som handout f\u00f6r m\u00e4ssor och evenemang. Kan best\u00e4llas med logotryck p\u00e5 bomullsp\u00e5sen fr\u00e5n 100 st. &nbsp; &nbsp; &nbsp;","og_url":"https:\/\/grontkontor.dk\/sv\/shop\/sugroer-i-bambu-2-st-m-u-tryck\/","og_site_name":"Gr\u00f8nt Kontor","article_publisher":"https:\/\/www.facebook.com\/grontkontor.dk\/","article_modified_time":"2024-02-28T12:45:58+00:00","og_image":[{"width":800,"height":568,"url":"https:\/\/grontkontor.dk\/wp-content\/uploads\/2020\/03\/sugeror-bambus-2-01.jpg","type":"image\/jpeg"}],"twitter_card":"summary_large_image","schema":{"@context":"https:\/\/schema.org","@graph":[{"@type":"WebPage","@id":"https:\/\/grontkontor.dk\/sv\/shop\/sugroer-i-bambu-2-st-m-u-tryck\/","url":"https:\/\/grontkontor.dk\/sv\/shop\/sugroer-i-bambu-2-st-m-u-tryck\/","name":"Sugr\u00f6r i bambu 2 st. m\/u tryck - Gr\u00f8nt Kontor","isPartOf":{"@id":"https:\/\/grontkontor.dk\/#website"},"datePublished":"2023-09-22T21:12:20+00:00","dateModified":"2024-02-28T12:45:58+00:00","breadcrumb":{"@id":"https:\/\/grontkontor.dk\/sv\/shop\/sugroer-i-bambu-2-st-m-u-tryck\/#breadcrumb"},"inLanguage":"sv-SE","potentialAction":[{"@type":"ReadAction","target":["https:\/\/grontkontor.dk\/sv\/shop\/sugroer-i-bambu-2-st-m-u-tryck\/"]}]},{"@type":"BreadcrumbList","@id":"https:\/\/grontkontor.dk\/sv\/shop\/sugroer-i-bambu-2-st-m-u-tryck\/#breadcrumb","itemListElement":[{"@type":"ListItem","position":1,"name":"Forside","item":"https:\/\/grontkontor.dk\/"},{"@type":"ListItem","position":2,"name":"Shop","item":"https:\/\/grontkontor.dk\/sv\/shop\/"},{"@type":"ListItem","position":3,"name":"Klimatsmarta f\u00f6retagspresenter","item":"https:\/\/grontkontor.dk\/sv\/produkt-kategori\/miljovaenliga-foretagspresenter\/"},{"@type":"ListItem","position":4,"name":"Muggar och koppar","item":"https:\/\/grontkontor.dk\/sv\/produkt-kategori\/muggar-och-koppar-sv\/"},{"@type":"ListItem","position":5,"name":"Sugr\u00f6r i bambu 2 st. m\/u tryck"}]},{"@type":"WebSite","@id":"https:\/\/grontkontor.dk\/#website","url":"https:\/\/grontkontor.dk\/","name":"Gr\u00f8nt Kontor","description":"Milj\u00f8venlige produkter til kontor og erhverv med fokus p\u00e5 b\u00e6redygtighed, design og fair trade.","publisher":{"@id":"https:\/\/grontkontor.dk\/#organization"},"potentialAction":[{"@type":"SearchAction","target":{"@type":"EntryPoint","urlTemplate":"https:\/\/grontkontor.dk\/?s={search_term_string}"},"query-input":"required name=search_term_string"}],"inLanguage":"sv-SE"},{"@type":"Organization","@id":"https:\/\/grontkontor.dk\/#organization","name":"Gr\u00f8nt Kontor","url":"https:\/\/grontkontor.dk\/","logo":{"@type":"ImageObject","inLanguage":"sv-SE","@id":"https:\/\/grontkontor.dk\/#\/schema\/logo\/image\/","url":"https:\/\/grontkontor.dk\/wp-content\/uploads\/2014\/02\/Logo_groent_kontor_300x80.png","contentUrl":"https:\/\/grontkontor.dk\/wp-content\/uploads\/2014\/02\/Logo_groent_kontor_300x80.png","width":300,"height":80,"caption":"Gr\u00f8nt Kontor"},"image":{"@id":"https:\/\/grontkontor.dk\/#\/schema\/logo\/image\/"},"sameAs":["https:\/\/www.facebook.com\/grontkontor.dk\/"]}]}},"_links":{"self":[{"href":"https:\/\/grontkontor.dk\/sv\/wp-json\/wp\/v2\/product\/75020"}],"collection":[{"href":"https:\/\/grontkontor.dk\/sv\/wp-json\/wp\/v2\/product"}],"about":[{"href":"https:\/\/grontkontor.dk\/sv\/wp-json\/wp\/v2\/types\/product"}],"replies":[{"embeddable":true,"href":"https:\/\/grontkontor.dk\/sv\/wp-json\/wp\/v2\/comments?post=75020"}],"wp:featuredmedia":[{"embeddable":true,"href":"https:\/\/grontkontor.dk\/sv\/wp-json\/wp\/v2\/media\/17654"}],"wp:attachment":[{"href":"https:\/\/grontkontor.dk\/sv\/wp-json\/wp\/v2\/media?parent=75020"}],"wp:term":[{"taxonomy":"product_cat","embeddable":true,"href":"https:\/\/grontkontor.dk\/sv\/wp-json\/wp\/v2\/product_cat?post=75020"},{"taxonomy":"product_tag","embeddable":true,"href":"https:\/\/grontkontor.dk\/sv\/wp-json\/wp\/v2\/product_tag?post=75020"}],"curies":[{"name":"wp","href":"https:\/\/api.w.org\/{rel}","templated":true}]}}