{"id":75065,"date":"2025-03-03T13:11:15","date_gmt":"2023-09-22T21:13:05","guid":{"rendered":"https:\/\/grontkontor.dk\/produkt\/t-shirt-i-ekologisk-bomull\/"},"modified":"2025-11-06T10:07:58","modified_gmt":"2025-11-06T09:07:58","slug":"tshirt-oekologisk-bomuld","status":"publish","type":"product","link":"https:\/\/grontkontor.dk\/sv\/shop\/tshirt-oekologisk-bomuld\/","title":{"rendered":"T-shirt i ekologisk bomull utan tryck"},"content":{"rendered":"<p>En l\u00e4tt t-shirt i 100% GOTS-certifierad ekologisk bomull \u00e4r ett perfekt val n\u00e4r du vill kombinera komfort, kvalitet och omtanke. Den h\u00e4r klimatsmarta t-shirten kommer med en GOTS-m\u00e4rkning, som dokumenterar b\u00e5de milj\u00f6v\u00e4nlig produktion och sociala standarder. Med sin mjuka kvalitet p\u00e5 150 g\/m\u00b2 \u00e4r den bekv\u00e4m att b\u00e4ra och samtidigt tillr\u00e4ckligt robust f\u00f6r daglig anv\u00e4ndning.<br \/>\nT-shirten kan levereras med logotryck, d\u00e4r tryck g\u00f6rs tv\u00e5 g\u00e5nger f\u00f6r att s\u00e4kerst\u00e4lla en skarp och h\u00e5llbar kvalitet, s\u00e4rskilt p\u00e5 m\u00f6rkare f\u00e4rger. Dessutom kan du v\u00e4lja brodyr om du vill ha ett mer exklusivt utseende. Minsta best\u00e4llning \u00e4r 50 stycken, och du \u00e4r fri att blanda storlekar och f\u00e4rger f\u00f6r att passa dina behov.<br \/>\nSom reklamartikel \u00e4r en T-shirt idealisk f\u00f6r evenemang, m\u00e4ssor och kampanjer. Den kan enkelt kombineras med en pik\u00e9tr\u00f6ja eller andra profilkl\u00e4der f\u00f6r att ge ditt f\u00f6retag ett enhetligt och professionellt utseende. T-shirten fungerar b\u00e5de som en praktisk giveaway och som en del av de anst\u00e4lldas garderob, d\u00e4r den signalerar klimatv\u00e4nliga och milj\u00f6v\u00e4nliga v\u00e4rden.<x id=\"gid_2\"><\/x>Med en l\u00e4tt och tidl\u00f6s t-shirt i ekologisk bomull f\u00e5r du en produkt som kan anv\u00e4ndas om och om igen, och som skickar ett tydligt budskap om ansvar och kvalitet. Det \u00e4r den klassiska l\u00f6sningen f\u00f6r f\u00f6retag som vill f\u00f6rena funktionalitet, varum\u00e4rke och gr\u00f6n h\u00e4nsyn.<br \/>\nBomull \u00e4r en biologiskt nedbrytbar, komposterbar naturprodukt och en av v\u00e4rldens \u00e4ldsta handels- och jordbruksprodukter. Ekologisk odlas bomull med icke genmanipulerat uts\u00e4de och utan anv\u00e4ndning av pesticider och andra skadliga kemikalier.  GOTS certificeringen \u00e4r en garanti f\u00f6r, att dina kl\u00e4der \u00e4r producerade ekologiskt och milj\u00f6m\u00e4ssigt korrekt under ordentgliga l\u00f6n- och arbetsf\u00f6rh\u00e5llanden.  <a href=\"https:\/\/www.eco-branding.dk\/miljoemaerkning\/gots.aspx\" rel=\"noopener\" target=\"_blank\"><img loading=\"lazy\" decoding=\"async\" class=\"size-full wp-image-12808\" src=\"https:\/\/grontkontor.dk\/wp-content\/uploads\/2019\/04\/gots-certificeret.jpg\" \n   alt=\"Gots certificeret - din garanti for, at produktet indeholder mindst 70% ?kologisk bomuld\"  description=\"Gots certificeret - din garanti for, at produktet indeholder mindst 70% ?kologisk bomuld\" width=\"50\" height=\"50\" \n\t border=0 \/><\/a><\/p>\n","protected":false},"excerpt":{"rendered":"<p>En l\u00e4tt t-shirt i 100% GOTS-certifierad ekologisk bomull \u00e4r ett perfekt val n\u00e4r du vill kombinera komfort, kvalitet och omtanke. Den h\u00e4r klimatsmarta t-shirten kommer med en GOTS-m\u00e4rkning, som dokumenterar b\u00e5de milj\u00f6v\u00e4nlig produktion och sociala standarder. Med sin mjuka kvalitet p\u00e5 150 g\/m\u00b2 \u00e4r den bekv\u00e4m att b\u00e4ra och samtidigt tillr\u00e4ckligt robust f\u00f6r daglig anv\u00e4ndning. [&hellip;]<\/p>\n","protected":false},"featured_media":35571,"comment_status":"closed","ping_status":"closed","template":"","meta":{"_acf_changed":false},"product_cat":[4841,2123,867],"product_tag":[4796,4797,3058,4798,4799],"class_list":{"0":"post-75065","1":"product","2":"type-product","3":"status-publish","4":"has-post-thumbnail","6":"product_cat-t-shirts-sweatshirts-och-piketroejor","7":"product_cat-dummy-moq-50-100-sv","8":"product_cat-miljovaenliga-foretagspresenter","9":"product_tag-skjorta","10":"product_tag-t-shirt-sv-2","11":"product_tag-t-shirt-sv","12":"product_tag-t-shirts-sv","13":"product_tag-t-shirts-sv-2","14":"pa_farve-blaa-sv","15":"pa_farve-graa-sv","16":"pa_farve-groen-sv","17":"pa_farve-roed-sv","18":"pa_farve-sort-sv","19":"pa_farve-hvid-sv","20":"tm-has-styled-variations","21":"tm-has-options","23":"first","24":"instock","25":"sale","26":"taxable","27":"shipping-taxable","28":"purchasable","29":"product-type-simple"},"acf":[],"yoast_head":"<!-- This site is optimized with the Yoast SEO Premium plugin v21.2 (Yoast SEO v21.2) - https:\/\/yoast.com\/wordpress\/plugins\/seo\/ -->\n<title>T-shirt i ekologisk bomull utan tryck - Gr\u00f8nt Kontor<\/title>\n<meta name=\"description\" content=\"Klimatsmart t-shirt i 100% GOTS-certifierad ekologisk bomull. Milj\u00f6v\u00e4nlig giveaway f\u00f6r evenemang och m\u00e4ssor. Finns med logotryck och brodyr.\" \/>\n<meta name=\"robots\" content=\"index, follow, max-snippet:-1, max-image-preview:large, max-video-preview:-1\" \/>\n<link rel=\"canonical\" href=\"https:\/\/grontkontor.dk\/sv\/shop\/tshirt-oekologisk-bomuld\/\" \/>\n<meta property=\"og:locale\" content=\"sv_SE\" \/>\n<meta property=\"og:type\" content=\"article\" \/>\n<meta property=\"og:title\" content=\"T-shirt i ekologisk bomull utan tryck\" \/>\n<meta property=\"og:description\" content=\"Klimatsmart t-shirt i 100% GOTS-certifierad ekologisk bomull. Milj\u00f6v\u00e4nlig giveaway f\u00f6r evenemang och m\u00e4ssor. Finns med logotryck och brodyr.\" \/>\n<meta property=\"og:url\" content=\"https:\/\/grontkontor.dk\/sv\/shop\/tshirt-oekologisk-bomuld\/\" \/>\n<meta property=\"og:site_name\" content=\"Gr\u00f8nt Kontor\" \/>\n<meta property=\"article:publisher\" content=\"https:\/\/www.facebook.com\/grontkontor.dk\/\" \/>\n<meta property=\"article:modified_time\" content=\"2025-11-06T09:07:58+00:00\" \/>\n<meta property=\"og:image\" content=\"https:\/\/grontkontor.dk\/wp-content\/uploads\/2020\/05\/t-shirt-oekologisk-bomuld-groen.jpg\" \/>\n\t<meta property=\"og:image:width\" content=\"900\" \/>\n\t<meta property=\"og:image:height\" content=\"639\" \/>\n\t<meta property=\"og:image:type\" content=\"image\/jpeg\" \/>\n<meta name=\"twitter:card\" content=\"summary_large_image\" \/>\n<meta name=\"twitter:label1\" content=\"Ber\u00e4knad l\u00e4stid\" \/>\n\t<meta name=\"twitter:data1\" content=\"1 minut\" \/>\n<script type=\"application\/ld+json\" class=\"yoast-schema-graph\">{\"@context\":\"https:\/\/schema.org\",\"@graph\":[{\"@type\":\"WebPage\",\"@id\":\"https:\/\/grontkontor.dk\/sv\/shop\/tshirt-oekologisk-bomuld\/\",\"url\":\"https:\/\/grontkontor.dk\/sv\/shop\/tshirt-oekologisk-bomuld\/\",\"name\":\"T-shirt i ekologisk bomull utan tryck - Gr\u00f8nt Kontor\",\"isPartOf\":{\"@id\":\"https:\/\/grontkontor.dk\/#website\"},\"datePublished\":\"2023-09-22T21:13:05+00:00\",\"dateModified\":\"2025-11-06T09:07:58+00:00\",\"description\":\"Klimatsmart t-shirt i 100% GOTS-certifierad ekologisk bomull. Milj\u00f6v\u00e4nlig giveaway f\u00f6r evenemang och m\u00e4ssor. Finns med logotryck och brodyr.\",\"breadcrumb\":{\"@id\":\"https:\/\/grontkontor.dk\/sv\/shop\/tshirt-oekologisk-bomuld\/#breadcrumb\"},\"inLanguage\":\"sv-SE\",\"potentialAction\":[{\"@type\":\"ReadAction\",\"target\":[\"https:\/\/grontkontor.dk\/sv\/shop\/tshirt-oekologisk-bomuld\/\"]}]},{\"@type\":\"BreadcrumbList\",\"@id\":\"https:\/\/grontkontor.dk\/sv\/shop\/tshirt-oekologisk-bomuld\/#breadcrumb\",\"itemListElement\":[{\"@type\":\"ListItem\",\"position\":1,\"name\":\"Forside\",\"item\":\"https:\/\/grontkontor.dk\/\"},{\"@type\":\"ListItem\",\"position\":2,\"name\":\"Shop\",\"item\":\"https:\/\/grontkontor.dk\/sv\/shop\/\"},{\"@type\":\"ListItem\",\"position\":3,\"name\":\"Kl\u00e4der\",\"item\":\"https:\/\/grontkontor.dk\/sv\/produkt-kategori\/beklaedning-sv\/\"},{\"@type\":\"ListItem\",\"position\":4,\"name\":\"T-shirts, sweatshirts och pik\u00e9tr\u00f6jor\",\"item\":\"https:\/\/grontkontor.dk\/sv\/produkt-kategori\/beklaedning-sv\/t-shirts-sweatshirts-och-piketroejor\/\"},{\"@type\":\"ListItem\",\"position\":5,\"name\":\"T-shirt i ekologisk bomull utan tryck\"}]},{\"@type\":\"WebSite\",\"@id\":\"https:\/\/grontkontor.dk\/#website\",\"url\":\"https:\/\/grontkontor.dk\/\",\"name\":\"Gr\u00f8nt Kontor\",\"description\":\"Milj\u00f8venlige produkter til kontor og erhverv med fokus p\u00e5 b\u00e6redygtighed, design og fair trade.\",\"publisher\":{\"@id\":\"https:\/\/grontkontor.dk\/#organization\"},\"potentialAction\":[{\"@type\":\"SearchAction\",\"target\":{\"@type\":\"EntryPoint\",\"urlTemplate\":\"https:\/\/grontkontor.dk\/?s={search_term_string}\"},\"query-input\":\"required name=search_term_string\"}],\"inLanguage\":\"sv-SE\"},{\"@type\":\"Organization\",\"@id\":\"https:\/\/grontkontor.dk\/#organization\",\"name\":\"Gr\u00f8nt Kontor\",\"url\":\"https:\/\/grontkontor.dk\/\",\"logo\":{\"@type\":\"ImageObject\",\"inLanguage\":\"sv-SE\",\"@id\":\"https:\/\/grontkontor.dk\/#\/schema\/logo\/image\/\",\"url\":\"https:\/\/grontkontor.dk\/wp-content\/uploads\/2014\/02\/Logo_groent_kontor_300x80.png\",\"contentUrl\":\"https:\/\/grontkontor.dk\/wp-content\/uploads\/2014\/02\/Logo_groent_kontor_300x80.png\",\"width\":300,\"height\":80,\"caption\":\"Gr\u00f8nt Kontor\"},\"image\":{\"@id\":\"https:\/\/grontkontor.dk\/#\/schema\/logo\/image\/\"},\"sameAs\":[\"https:\/\/www.facebook.com\/grontkontor.dk\/\"]}]}<\/script>\n<!-- \/ Yoast SEO Premium plugin. -->","yoast_head_json":{"title":"T-shirt i ekologisk bomull utan tryck - Gr\u00f8nt Kontor","description":"Klimatsmart t-shirt i 100% GOTS-certifierad ekologisk bomull. Milj\u00f6v\u00e4nlig giveaway f\u00f6r evenemang och m\u00e4ssor. Finns med logotryck och brodyr.","robots":{"index":"index","follow":"follow","max-snippet":"max-snippet:-1","max-image-preview":"max-image-preview:large","max-video-preview":"max-video-preview:-1"},"canonical":"https:\/\/grontkontor.dk\/sv\/shop\/tshirt-oekologisk-bomuld\/","og_locale":"sv_SE","og_type":"article","og_title":"T-shirt i ekologisk bomull utan tryck","og_description":"Klimatsmart t-shirt i 100% GOTS-certifierad ekologisk bomull. Milj\u00f6v\u00e4nlig giveaway f\u00f6r evenemang och m\u00e4ssor. Finns med logotryck och brodyr.","og_url":"https:\/\/grontkontor.dk\/sv\/shop\/tshirt-oekologisk-bomuld\/","og_site_name":"Gr\u00f8nt Kontor","article_publisher":"https:\/\/www.facebook.com\/grontkontor.dk\/","article_modified_time":"2025-11-06T09:07:58+00:00","og_image":[{"width":900,"height":639,"url":"https:\/\/grontkontor.dk\/wp-content\/uploads\/2020\/05\/t-shirt-oekologisk-bomuld-groen.jpg","type":"image\/jpeg"}],"twitter_card":"summary_large_image","twitter_misc":{"Ber\u00e4knad l\u00e4stid":"1 minut"},"schema":{"@context":"https:\/\/schema.org","@graph":[{"@type":"WebPage","@id":"https:\/\/grontkontor.dk\/sv\/shop\/tshirt-oekologisk-bomuld\/","url":"https:\/\/grontkontor.dk\/sv\/shop\/tshirt-oekologisk-bomuld\/","name":"T-shirt i ekologisk bomull utan tryck - Gr\u00f8nt Kontor","isPartOf":{"@id":"https:\/\/grontkontor.dk\/#website"},"datePublished":"2023-09-22T21:13:05+00:00","dateModified":"2025-11-06T09:07:58+00:00","description":"Klimatsmart t-shirt i 100% GOTS-certifierad ekologisk bomull. Milj\u00f6v\u00e4nlig giveaway f\u00f6r evenemang och m\u00e4ssor. Finns med logotryck och brodyr.","breadcrumb":{"@id":"https:\/\/grontkontor.dk\/sv\/shop\/tshirt-oekologisk-bomuld\/#breadcrumb"},"inLanguage":"sv-SE","potentialAction":[{"@type":"ReadAction","target":["https:\/\/grontkontor.dk\/sv\/shop\/tshirt-oekologisk-bomuld\/"]}]},{"@type":"BreadcrumbList","@id":"https:\/\/grontkontor.dk\/sv\/shop\/tshirt-oekologisk-bomuld\/#breadcrumb","itemListElement":[{"@type":"ListItem","position":1,"name":"Forside","item":"https:\/\/grontkontor.dk\/"},{"@type":"ListItem","position":2,"name":"Shop","item":"https:\/\/grontkontor.dk\/sv\/shop\/"},{"@type":"ListItem","position":3,"name":"Kl\u00e4der","item":"https:\/\/grontkontor.dk\/sv\/produkt-kategori\/beklaedning-sv\/"},{"@type":"ListItem","position":4,"name":"T-shirts, sweatshirts och pik\u00e9tr\u00f6jor","item":"https:\/\/grontkontor.dk\/sv\/produkt-kategori\/beklaedning-sv\/t-shirts-sweatshirts-och-piketroejor\/"},{"@type":"ListItem","position":5,"name":"T-shirt i ekologisk bomull utan tryck"}]},{"@type":"WebSite","@id":"https:\/\/grontkontor.dk\/#website","url":"https:\/\/grontkontor.dk\/","name":"Gr\u00f8nt Kontor","description":"Milj\u00f8venlige produkter til kontor og erhverv med fokus p\u00e5 b\u00e6redygtighed, design og fair trade.","publisher":{"@id":"https:\/\/grontkontor.dk\/#organization"},"potentialAction":[{"@type":"SearchAction","target":{"@type":"EntryPoint","urlTemplate":"https:\/\/grontkontor.dk\/?s={search_term_string}"},"query-input":"required name=search_term_string"}],"inLanguage":"sv-SE"},{"@type":"Organization","@id":"https:\/\/grontkontor.dk\/#organization","name":"Gr\u00f8nt Kontor","url":"https:\/\/grontkontor.dk\/","logo":{"@type":"ImageObject","inLanguage":"sv-SE","@id":"https:\/\/grontkontor.dk\/#\/schema\/logo\/image\/","url":"https:\/\/grontkontor.dk\/wp-content\/uploads\/2014\/02\/Logo_groent_kontor_300x80.png","contentUrl":"https:\/\/grontkontor.dk\/wp-content\/uploads\/2014\/02\/Logo_groent_kontor_300x80.png","width":300,"height":80,"caption":"Gr\u00f8nt Kontor"},"image":{"@id":"https:\/\/grontkontor.dk\/#\/schema\/logo\/image\/"},"sameAs":["https:\/\/www.facebook.com\/grontkontor.dk\/"]}]}},"_links":{"self":[{"href":"https:\/\/grontkontor.dk\/sv\/wp-json\/wp\/v2\/product\/75065"}],"collection":[{"href":"https:\/\/grontkontor.dk\/sv\/wp-json\/wp\/v2\/product"}],"about":[{"href":"https:\/\/grontkontor.dk\/sv\/wp-json\/wp\/v2\/types\/product"}],"replies":[{"embeddable":true,"href":"https:\/\/grontkontor.dk\/sv\/wp-json\/wp\/v2\/comments?post=75065"}],"wp:featuredmedia":[{"embeddable":true,"href":"https:\/\/grontkontor.dk\/sv\/wp-json\/wp\/v2\/media\/35571"}],"wp:attachment":[{"href":"https:\/\/grontkontor.dk\/sv\/wp-json\/wp\/v2\/media?parent=75065"}],"wp:term":[{"taxonomy":"product_cat","embeddable":true,"href":"https:\/\/grontkontor.dk\/sv\/wp-json\/wp\/v2\/product_cat?post=75065"},{"taxonomy":"product_tag","embeddable":true,"href":"https:\/\/grontkontor.dk\/sv\/wp-json\/wp\/v2\/product_tag?post=75065"}],"curies":[{"name":"wp","href":"https:\/\/api.w.org\/{rel}","templated":true}]}}