{"id":75067,"date":"2023-09-22T13:11:15","date_gmt":"2023-09-22T21:13:05","guid":{"rendered":"https:\/\/grontkontor.dk\/produkt\/pennfodral-i-tvaettbart-papper\/"},"modified":"2023-09-22T23:13:13","modified_gmt":"2023-09-22T21:13:13","slug":"pennfodral-i-tvaettbart-papper","status":"publish","type":"product","link":"https:\/\/grontkontor.dk\/sv\/shop\/pennfodral-i-tvaettbart-papper\/","title":{"rendered":"Pennfodral i tv\u00e4ttbart papper"},"content":{"rendered":"<p>Klimat- och milj\u00f6v\u00e4nligt pennfodral i tv\u00e4ttbart papper. En innovativ, v\u00e4ldesignad produkt, perfekt som en giveaway f\u00f6r m\u00e4ssor och evenemang. En riktigt trevlig f\u00f6retagspresent till b\u00e5de vuxna och barn.<\/p>\n<p>Kan levereras med logotryck, levereras som standard utan tryck.<\/p>\n","protected":false},"excerpt":{"rendered":"<p>Klimat- och milj\u00f6v\u00e4nligt pennfodral i tv\u00e4ttbart papper. En innovativ, v\u00e4ldesignad produkt, perfekt som en giveaway f\u00f6r m\u00e4ssor och evenemang. En riktigt trevlig f\u00f6retagspresent till b\u00e5de vuxna och barn. Kan levereras med logotryck, levereras som standard utan tryck.<\/p>\n","protected":false},"featured_media":18263,"comment_status":"closed","ping_status":"closed","template":"","meta":{"_acf_changed":false},"product_cat":[2107,867,669,665],"product_tag":[798,797],"class_list":{"0":"post-75067","1":"product","2":"type-product","3":"status-publish","4":"has-post-thumbnail","6":"product_cat-dummy-moq-1-sv","7":"product_cat-miljovaenliga-foretagspresenter","8":"product_cat-pennskrin-pennfodral-och-etuier","9":"product_cat-skrivtillbehoer","10":"product_tag-pennetui","11":"product_tag-pennskrin","12":"tm-has-options","14":"first","15":"instock","16":"taxable","17":"shipping-taxable","18":"purchasable","19":"product-type-simple"},"acf":[],"yoast_head":"<!-- This site is optimized with the Yoast SEO Premium plugin v21.2 (Yoast SEO v21.2) - https:\/\/yoast.com\/wordpress\/plugins\/seo\/ -->\n<title>Pennfodral i tv\u00e4ttbart papper - Gr\u00f8nt Kontor<\/title>\n<meta name=\"robots\" content=\"index, follow, max-snippet:-1, max-image-preview:large, max-video-preview:-1\" \/>\n<link rel=\"canonical\" href=\"https:\/\/grontkontor.dk\/sv\/shop\/pennfodral-i-tvaettbart-papper\/\" \/>\n<meta property=\"og:locale\" content=\"sv_SE\" \/>\n<meta property=\"og:type\" content=\"article\" \/>\n<meta property=\"og:title\" content=\"Pennfodral i tv\u00e4ttbart papper\" \/>\n<meta property=\"og:description\" content=\"Klimat- och milj\u00f6v\u00e4nligt pennfodral i tv\u00e4ttbart papper. En innovativ, v\u00e4ldesignad produkt, perfekt som en giveaway f\u00f6r m\u00e4ssor och evenemang. En riktigt trevlig f\u00f6retagspresent till b\u00e5de vuxna och barn. Kan levereras med logotryck, levereras som standard utan tryck.\" \/>\n<meta property=\"og:url\" content=\"https:\/\/grontkontor.dk\/sv\/shop\/pennfodral-i-tvaettbart-papper\/\" \/>\n<meta property=\"og:site_name\" content=\"Gr\u00f8nt Kontor\" \/>\n<meta property=\"article:publisher\" content=\"https:\/\/www.facebook.com\/grontkontor.dk\/\" \/>\n<meta property=\"article:modified_time\" content=\"2023-09-22T21:13:13+00:00\" \/>\n<meta property=\"og:image\" content=\"https:\/\/grontkontor.dk\/wp-content\/uploads\/2020\/04\/penalhus-papir-01.jpg\" \/>\n\t<meta property=\"og:image:width\" content=\"900\" \/>\n\t<meta property=\"og:image:height\" content=\"639\" \/>\n\t<meta property=\"og:image:type\" content=\"image\/jpeg\" \/>\n<meta name=\"twitter:card\" content=\"summary_large_image\" \/>\n<script type=\"application\/ld+json\" class=\"yoast-schema-graph\">{\"@context\":\"https:\/\/schema.org\",\"@graph\":[{\"@type\":\"WebPage\",\"@id\":\"https:\/\/grontkontor.dk\/sv\/shop\/pennfodral-i-tvaettbart-papper\/\",\"url\":\"https:\/\/grontkontor.dk\/sv\/shop\/pennfodral-i-tvaettbart-papper\/\",\"name\":\"Pennfodral i tv\u00e4ttbart papper - Gr\u00f8nt Kontor\",\"isPartOf\":{\"@id\":\"https:\/\/grontkontor.dk\/#website\"},\"datePublished\":\"2023-09-22T21:13:05+00:00\",\"dateModified\":\"2023-09-22T21:13:13+00:00\",\"breadcrumb\":{\"@id\":\"https:\/\/grontkontor.dk\/sv\/shop\/pennfodral-i-tvaettbart-papper\/#breadcrumb\"},\"inLanguage\":\"sv-SE\",\"potentialAction\":[{\"@type\":\"ReadAction\",\"target\":[\"https:\/\/grontkontor.dk\/sv\/shop\/pennfodral-i-tvaettbart-papper\/\"]}]},{\"@type\":\"BreadcrumbList\",\"@id\":\"https:\/\/grontkontor.dk\/sv\/shop\/pennfodral-i-tvaettbart-papper\/#breadcrumb\",\"itemListElement\":[{\"@type\":\"ListItem\",\"position\":1,\"name\":\"Forside\",\"item\":\"https:\/\/grontkontor.dk\/\"},{\"@type\":\"ListItem\",\"position\":2,\"name\":\"Shop\",\"item\":\"https:\/\/grontkontor.dk\/sv\/shop\/\"},{\"@type\":\"ListItem\",\"position\":3,\"name\":\"Skriv- och pekutrustning\",\"item\":\"https:\/\/grontkontor.dk\/sv\/produkt-kategori\/skrivtillbehoer\/\"},{\"@type\":\"ListItem\",\"position\":4,\"name\":\"Pennskrin, pennfodral &amp; etuier\",\"item\":\"https:\/\/grontkontor.dk\/sv\/produkt-kategori\/skrivtillbehoer\/pennskrin-pennfodral-och-etuier\/\"},{\"@type\":\"ListItem\",\"position\":5,\"name\":\"Pennfodral i tv\u00e4ttbart papper\"}]},{\"@type\":\"WebSite\",\"@id\":\"https:\/\/grontkontor.dk\/#website\",\"url\":\"https:\/\/grontkontor.dk\/\",\"name\":\"Gr\u00f8nt Kontor\",\"description\":\"Milj\u00f8venlige produkter til kontor og erhverv med fokus p\u00e5 b\u00e6redygtighed, design og fair trade.\",\"publisher\":{\"@id\":\"https:\/\/grontkontor.dk\/#organization\"},\"potentialAction\":[{\"@type\":\"SearchAction\",\"target\":{\"@type\":\"EntryPoint\",\"urlTemplate\":\"https:\/\/grontkontor.dk\/?s={search_term_string}\"},\"query-input\":\"required name=search_term_string\"}],\"inLanguage\":\"sv-SE\"},{\"@type\":\"Organization\",\"@id\":\"https:\/\/grontkontor.dk\/#organization\",\"name\":\"Gr\u00f8nt Kontor\",\"url\":\"https:\/\/grontkontor.dk\/\",\"logo\":{\"@type\":\"ImageObject\",\"inLanguage\":\"sv-SE\",\"@id\":\"https:\/\/grontkontor.dk\/#\/schema\/logo\/image\/\",\"url\":\"https:\/\/grontkontor.dk\/wp-content\/uploads\/2014\/02\/Logo_groent_kontor_300x80.png\",\"contentUrl\":\"https:\/\/grontkontor.dk\/wp-content\/uploads\/2014\/02\/Logo_groent_kontor_300x80.png\",\"width\":300,\"height\":80,\"caption\":\"Gr\u00f8nt Kontor\"},\"image\":{\"@id\":\"https:\/\/grontkontor.dk\/#\/schema\/logo\/image\/\"},\"sameAs\":[\"https:\/\/www.facebook.com\/grontkontor.dk\/\"]}]}<\/script>\n<!-- \/ Yoast SEO Premium plugin. -->","yoast_head_json":{"title":"Pennfodral i tv\u00e4ttbart papper - Gr\u00f8nt Kontor","robots":{"index":"index","follow":"follow","max-snippet":"max-snippet:-1","max-image-preview":"max-image-preview:large","max-video-preview":"max-video-preview:-1"},"canonical":"https:\/\/grontkontor.dk\/sv\/shop\/pennfodral-i-tvaettbart-papper\/","og_locale":"sv_SE","og_type":"article","og_title":"Pennfodral i tv\u00e4ttbart papper","og_description":"Klimat- och milj\u00f6v\u00e4nligt pennfodral i tv\u00e4ttbart papper. En innovativ, v\u00e4ldesignad produkt, perfekt som en giveaway f\u00f6r m\u00e4ssor och evenemang. En riktigt trevlig f\u00f6retagspresent till b\u00e5de vuxna och barn. Kan levereras med logotryck, levereras som standard utan tryck.","og_url":"https:\/\/grontkontor.dk\/sv\/shop\/pennfodral-i-tvaettbart-papper\/","og_site_name":"Gr\u00f8nt Kontor","article_publisher":"https:\/\/www.facebook.com\/grontkontor.dk\/","article_modified_time":"2023-09-22T21:13:13+00:00","og_image":[{"width":900,"height":639,"url":"https:\/\/grontkontor.dk\/wp-content\/uploads\/2020\/04\/penalhus-papir-01.jpg","type":"image\/jpeg"}],"twitter_card":"summary_large_image","schema":{"@context":"https:\/\/schema.org","@graph":[{"@type":"WebPage","@id":"https:\/\/grontkontor.dk\/sv\/shop\/pennfodral-i-tvaettbart-papper\/","url":"https:\/\/grontkontor.dk\/sv\/shop\/pennfodral-i-tvaettbart-papper\/","name":"Pennfodral i tv\u00e4ttbart papper - Gr\u00f8nt Kontor","isPartOf":{"@id":"https:\/\/grontkontor.dk\/#website"},"datePublished":"2023-09-22T21:13:05+00:00","dateModified":"2023-09-22T21:13:13+00:00","breadcrumb":{"@id":"https:\/\/grontkontor.dk\/sv\/shop\/pennfodral-i-tvaettbart-papper\/#breadcrumb"},"inLanguage":"sv-SE","potentialAction":[{"@type":"ReadAction","target":["https:\/\/grontkontor.dk\/sv\/shop\/pennfodral-i-tvaettbart-papper\/"]}]},{"@type":"BreadcrumbList","@id":"https:\/\/grontkontor.dk\/sv\/shop\/pennfodral-i-tvaettbart-papper\/#breadcrumb","itemListElement":[{"@type":"ListItem","position":1,"name":"Forside","item":"https:\/\/grontkontor.dk\/"},{"@type":"ListItem","position":2,"name":"Shop","item":"https:\/\/grontkontor.dk\/sv\/shop\/"},{"@type":"ListItem","position":3,"name":"Skriv- och pekutrustning","item":"https:\/\/grontkontor.dk\/sv\/produkt-kategori\/skrivtillbehoer\/"},{"@type":"ListItem","position":4,"name":"Pennskrin, pennfodral &amp; etuier","item":"https:\/\/grontkontor.dk\/sv\/produkt-kategori\/skrivtillbehoer\/pennskrin-pennfodral-och-etuier\/"},{"@type":"ListItem","position":5,"name":"Pennfodral i tv\u00e4ttbart papper"}]},{"@type":"WebSite","@id":"https:\/\/grontkontor.dk\/#website","url":"https:\/\/grontkontor.dk\/","name":"Gr\u00f8nt Kontor","description":"Milj\u00f8venlige produkter til kontor og erhverv med fokus p\u00e5 b\u00e6redygtighed, design og fair trade.","publisher":{"@id":"https:\/\/grontkontor.dk\/#organization"},"potentialAction":[{"@type":"SearchAction","target":{"@type":"EntryPoint","urlTemplate":"https:\/\/grontkontor.dk\/?s={search_term_string}"},"query-input":"required name=search_term_string"}],"inLanguage":"sv-SE"},{"@type":"Organization","@id":"https:\/\/grontkontor.dk\/#organization","name":"Gr\u00f8nt Kontor","url":"https:\/\/grontkontor.dk\/","logo":{"@type":"ImageObject","inLanguage":"sv-SE","@id":"https:\/\/grontkontor.dk\/#\/schema\/logo\/image\/","url":"https:\/\/grontkontor.dk\/wp-content\/uploads\/2014\/02\/Logo_groent_kontor_300x80.png","contentUrl":"https:\/\/grontkontor.dk\/wp-content\/uploads\/2014\/02\/Logo_groent_kontor_300x80.png","width":300,"height":80,"caption":"Gr\u00f8nt Kontor"},"image":{"@id":"https:\/\/grontkontor.dk\/#\/schema\/logo\/image\/"},"sameAs":["https:\/\/www.facebook.com\/grontkontor.dk\/"]}]}},"_links":{"self":[{"href":"https:\/\/grontkontor.dk\/sv\/wp-json\/wp\/v2\/product\/75067"}],"collection":[{"href":"https:\/\/grontkontor.dk\/sv\/wp-json\/wp\/v2\/product"}],"about":[{"href":"https:\/\/grontkontor.dk\/sv\/wp-json\/wp\/v2\/types\/product"}],"replies":[{"embeddable":true,"href":"https:\/\/grontkontor.dk\/sv\/wp-json\/wp\/v2\/comments?post=75067"}],"wp:featuredmedia":[{"embeddable":true,"href":"https:\/\/grontkontor.dk\/sv\/wp-json\/wp\/v2\/media\/18263"}],"wp:attachment":[{"href":"https:\/\/grontkontor.dk\/sv\/wp-json\/wp\/v2\/media?parent=75067"}],"wp:term":[{"taxonomy":"product_cat","embeddable":true,"href":"https:\/\/grontkontor.dk\/sv\/wp-json\/wp\/v2\/product_cat?post=75067"},{"taxonomy":"product_tag","embeddable":true,"href":"https:\/\/grontkontor.dk\/sv\/wp-json\/wp\/v2\/product_tag?post=75067"}],"curies":[{"name":"wp","href":"https:\/\/api.w.org\/{rel}","templated":true}]}}