{"id":75068,"date":"2023-09-22T13:11:15","date_gmt":"2023-09-22T21:13:05","guid":{"rendered":"https:\/\/grontkontor.dk\/produkt\/midjevaeska-i-kork-m-u-tryck\/"},"modified":"2023-09-22T23:13:13","modified_gmt":"2023-09-22T21:13:13","slug":"midjevaeska-i-kork-m-u-tryck","status":"publish","type":"product","link":"https:\/\/grontkontor.dk\/sv\/shop\/midjevaeska-i-kork-m-u-tryck\/","title":{"rendered":"Midjev\u00e4ska i kork m\/u tryck"},"content":{"rendered":"<p>Praktisk, milj\u00f6v\u00e4nlig och billig midjev\u00e4ska f\u00f6r f\u00f6rvaring av dina v\u00e4rdesaker p\u00e5 resan. En perfekt milj\u00f6v\u00e4nlig f\u00f6retagspresent eller present f\u00f6r m\u00e4ssor och evenemang.<br \/>\nTillverkad av kork, ett h\u00e5llbart material som \u00e4r b\u00e5de f\u00f6rnybart och \u00e5tervinningsbart. Kork rekommenderas av WWF World Wide Fund for Nature.<br \/>\nEftersom kork \u00e4r en naturlig produkt och varje produkt \u00e4r gjord av levande material kan produkten variera n\u00e5got i f\u00e4rg och korn. Inga animaliska produkter har anv\u00e4nts<br \/>\nKan levereras med tryck fr\u00e5n 50 st.<br \/>\nMax. utskriftsomr\u00e5de 35x80mm<\/p>\n","protected":false},"excerpt":{"rendered":"<p>Praktisk, milj\u00f6v\u00e4nlig och billig midjev\u00e4ska f\u00f6r f\u00f6rvaring av dina v\u00e4rdesaker p\u00e5 resan. En perfekt milj\u00f6v\u00e4nlig f\u00f6retagspresent eller present f\u00f6r m\u00e4ssor och evenemang. Tillverkad av kork, ett h\u00e5llbart material som \u00e4r b\u00e5de f\u00f6rnybart och \u00e5tervinningsbart. Kork rekommenderas av WWF World Wide Fund for Nature. Eftersom kork \u00e4r en naturlig produkt och varje produkt \u00e4r gjord av [&hellip;]<\/p>\n","protected":false},"featured_media":18269,"comment_status":"closed","ping_status":"closed","template":"","meta":{"_acf_changed":false},"product_cat":[1730,2107,867,1868,1715,1854,3143,675],"product_tag":[1719],"class_list":{"0":"post-75068","1":"product","2":"type-product","3":"status-publish","4":"has-post-thumbnail","6":"product_cat-diverse-tasker-sv","7":"product_cat-dummy-moq-1-sv","8":"product_cat-miljovaenliga-foretagspresenter","9":"product_cat-kork-produkter-se","10":"product_cat-kreditkortholdere-og-punge","11":"product_cat-produkt-serier-se","12":"product_cat-sport-och-fritid","13":"product_cat-vaeskor-och-fodral","14":"product_tag-pung-sv","15":"pa_farve-mix-sv","16":"pa_farve-brun-sv","17":"pa_farve-natur-sv","18":"pa_farve-roedbrun-sv","19":"tm-has-options","21":"first","22":"instock","23":"sale","24":"taxable","25":"shipping-taxable","26":"purchasable","27":"product-type-simple"},"acf":[],"yoast_head":"<!-- This site is optimized with the Yoast SEO Premium plugin v21.2 (Yoast SEO v21.2) - https:\/\/yoast.com\/wordpress\/plugins\/seo\/ -->\n<title>Midjev\u00e4ska i kork m\/u tryck - Gr\u00f8nt Kontor<\/title>\n<meta name=\"robots\" content=\"index, follow, max-snippet:-1, max-image-preview:large, max-video-preview:-1\" \/>\n<link rel=\"canonical\" href=\"https:\/\/grontkontor.dk\/sv\/shop\/midjevaeska-i-kork-m-u-tryck\/\" \/>\n<meta property=\"og:locale\" content=\"sv_SE\" \/>\n<meta property=\"og:type\" content=\"article\" \/>\n<meta property=\"og:title\" content=\"Midjev\u00e4ska i kork m\/u tryck\" \/>\n<meta property=\"og:description\" content=\"Praktisk, milj\u00f6v\u00e4nlig och billig midjev\u00e4ska f\u00f6r f\u00f6rvaring av dina v\u00e4rdesaker p\u00e5 resan. En perfekt milj\u00f6v\u00e4nlig f\u00f6retagspresent eller present f\u00f6r m\u00e4ssor och evenemang. Tillverkad av kork, ett h\u00e5llbart material som \u00e4r b\u00e5de f\u00f6rnybart och \u00e5tervinningsbart. Kork rekommenderas av WWF World Wide Fund for Nature. Eftersom kork \u00e4r en naturlig produkt och varje produkt \u00e4r gjord av [&hellip;]\" \/>\n<meta property=\"og:url\" content=\"https:\/\/grontkontor.dk\/sv\/shop\/midjevaeska-i-kork-m-u-tryck\/\" \/>\n<meta property=\"og:site_name\" content=\"Gr\u00f8nt Kontor\" \/>\n<meta property=\"article:publisher\" content=\"https:\/\/www.facebook.com\/grontkontor.dk\/\" \/>\n<meta property=\"article:modified_time\" content=\"2023-09-22T21:13:13+00:00\" \/>\n<meta property=\"og:image\" content=\"https:\/\/grontkontor.dk\/wp-content\/uploads\/2020\/04\/baeltepung-kork-01.jpg\" \/>\n\t<meta property=\"og:image:width\" content=\"900\" \/>\n\t<meta property=\"og:image:height\" content=\"639\" \/>\n\t<meta property=\"og:image:type\" content=\"image\/jpeg\" \/>\n<meta name=\"twitter:card\" content=\"summary_large_image\" \/>\n<script type=\"application\/ld+json\" class=\"yoast-schema-graph\">{\"@context\":\"https:\/\/schema.org\",\"@graph\":[{\"@type\":\"WebPage\",\"@id\":\"https:\/\/grontkontor.dk\/sv\/shop\/midjevaeska-i-kork-m-u-tryck\/\",\"url\":\"https:\/\/grontkontor.dk\/sv\/shop\/midjevaeska-i-kork-m-u-tryck\/\",\"name\":\"Midjev\u00e4ska i kork m\/u tryck - Gr\u00f8nt Kontor\",\"isPartOf\":{\"@id\":\"https:\/\/grontkontor.dk\/#website\"},\"datePublished\":\"2023-09-22T21:13:05+00:00\",\"dateModified\":\"2023-09-22T21:13:13+00:00\",\"breadcrumb\":{\"@id\":\"https:\/\/grontkontor.dk\/sv\/shop\/midjevaeska-i-kork-m-u-tryck\/#breadcrumb\"},\"inLanguage\":\"sv-SE\",\"potentialAction\":[{\"@type\":\"ReadAction\",\"target\":[\"https:\/\/grontkontor.dk\/sv\/shop\/midjevaeska-i-kork-m-u-tryck\/\"]}]},{\"@type\":\"BreadcrumbList\",\"@id\":\"https:\/\/grontkontor.dk\/sv\/shop\/midjevaeska-i-kork-m-u-tryck\/#breadcrumb\",\"itemListElement\":[{\"@type\":\"ListItem\",\"position\":1,\"name\":\"Forside\",\"item\":\"https:\/\/grontkontor.dk\/\"},{\"@type\":\"ListItem\",\"position\":2,\"name\":\"Shop\",\"item\":\"https:\/\/grontkontor.dk\/sv\/shop\/\"},{\"@type\":\"ListItem\",\"position\":3,\"name\":\"Poser, tasker og covers\",\"item\":\"https:\/\/grontkontor.dk\/produkt-kategori\/poser-tasker-covers\/\"},{\"@type\":\"ListItem\",\"position\":4,\"name\":\"Diverse tasker\",\"item\":\"https:\/\/grontkontor.dk\/produkt-kategori\/poser-tasker-covers\/diverse-tasker\/\"},{\"@type\":\"ListItem\",\"position\":5,\"name\":\"Midjev\u00e4ska i kork m\/u tryck\"}]},{\"@type\":\"WebSite\",\"@id\":\"https:\/\/grontkontor.dk\/#website\",\"url\":\"https:\/\/grontkontor.dk\/\",\"name\":\"Gr\u00f8nt Kontor\",\"description\":\"Milj\u00f8venlige produkter til kontor og erhverv med fokus p\u00e5 b\u00e6redygtighed, design og fair trade.\",\"publisher\":{\"@id\":\"https:\/\/grontkontor.dk\/#organization\"},\"potentialAction\":[{\"@type\":\"SearchAction\",\"target\":{\"@type\":\"EntryPoint\",\"urlTemplate\":\"https:\/\/grontkontor.dk\/?s={search_term_string}\"},\"query-input\":\"required name=search_term_string\"}],\"inLanguage\":\"sv-SE\"},{\"@type\":\"Organization\",\"@id\":\"https:\/\/grontkontor.dk\/#organization\",\"name\":\"Gr\u00f8nt Kontor\",\"url\":\"https:\/\/grontkontor.dk\/\",\"logo\":{\"@type\":\"ImageObject\",\"inLanguage\":\"sv-SE\",\"@id\":\"https:\/\/grontkontor.dk\/#\/schema\/logo\/image\/\",\"url\":\"https:\/\/grontkontor.dk\/wp-content\/uploads\/2014\/02\/Logo_groent_kontor_300x80.png\",\"contentUrl\":\"https:\/\/grontkontor.dk\/wp-content\/uploads\/2014\/02\/Logo_groent_kontor_300x80.png\",\"width\":300,\"height\":80,\"caption\":\"Gr\u00f8nt Kontor\"},\"image\":{\"@id\":\"https:\/\/grontkontor.dk\/#\/schema\/logo\/image\/\"},\"sameAs\":[\"https:\/\/www.facebook.com\/grontkontor.dk\/\"]}]}<\/script>\n<!-- \/ Yoast SEO Premium plugin. -->","yoast_head_json":{"title":"Midjev\u00e4ska i kork m\/u tryck - Gr\u00f8nt Kontor","robots":{"index":"index","follow":"follow","max-snippet":"max-snippet:-1","max-image-preview":"max-image-preview:large","max-video-preview":"max-video-preview:-1"},"canonical":"https:\/\/grontkontor.dk\/sv\/shop\/midjevaeska-i-kork-m-u-tryck\/","og_locale":"sv_SE","og_type":"article","og_title":"Midjev\u00e4ska i kork m\/u tryck","og_description":"Praktisk, milj\u00f6v\u00e4nlig och billig midjev\u00e4ska f\u00f6r f\u00f6rvaring av dina v\u00e4rdesaker p\u00e5 resan. En perfekt milj\u00f6v\u00e4nlig f\u00f6retagspresent eller present f\u00f6r m\u00e4ssor och evenemang. Tillverkad av kork, ett h\u00e5llbart material som \u00e4r b\u00e5de f\u00f6rnybart och \u00e5tervinningsbart. Kork rekommenderas av WWF World Wide Fund for Nature. Eftersom kork \u00e4r en naturlig produkt och varje produkt \u00e4r gjord av [&hellip;]","og_url":"https:\/\/grontkontor.dk\/sv\/shop\/midjevaeska-i-kork-m-u-tryck\/","og_site_name":"Gr\u00f8nt Kontor","article_publisher":"https:\/\/www.facebook.com\/grontkontor.dk\/","article_modified_time":"2023-09-22T21:13:13+00:00","og_image":[{"width":900,"height":639,"url":"https:\/\/grontkontor.dk\/wp-content\/uploads\/2020\/04\/baeltepung-kork-01.jpg","type":"image\/jpeg"}],"twitter_card":"summary_large_image","schema":{"@context":"https:\/\/schema.org","@graph":[{"@type":"WebPage","@id":"https:\/\/grontkontor.dk\/sv\/shop\/midjevaeska-i-kork-m-u-tryck\/","url":"https:\/\/grontkontor.dk\/sv\/shop\/midjevaeska-i-kork-m-u-tryck\/","name":"Midjev\u00e4ska i kork m\/u tryck - Gr\u00f8nt Kontor","isPartOf":{"@id":"https:\/\/grontkontor.dk\/#website"},"datePublished":"2023-09-22T21:13:05+00:00","dateModified":"2023-09-22T21:13:13+00:00","breadcrumb":{"@id":"https:\/\/grontkontor.dk\/sv\/shop\/midjevaeska-i-kork-m-u-tryck\/#breadcrumb"},"inLanguage":"sv-SE","potentialAction":[{"@type":"ReadAction","target":["https:\/\/grontkontor.dk\/sv\/shop\/midjevaeska-i-kork-m-u-tryck\/"]}]},{"@type":"BreadcrumbList","@id":"https:\/\/grontkontor.dk\/sv\/shop\/midjevaeska-i-kork-m-u-tryck\/#breadcrumb","itemListElement":[{"@type":"ListItem","position":1,"name":"Forside","item":"https:\/\/grontkontor.dk\/"},{"@type":"ListItem","position":2,"name":"Shop","item":"https:\/\/grontkontor.dk\/sv\/shop\/"},{"@type":"ListItem","position":3,"name":"Poser, tasker og covers","item":"https:\/\/grontkontor.dk\/produkt-kategori\/poser-tasker-covers\/"},{"@type":"ListItem","position":4,"name":"Diverse tasker","item":"https:\/\/grontkontor.dk\/produkt-kategori\/poser-tasker-covers\/diverse-tasker\/"},{"@type":"ListItem","position":5,"name":"Midjev\u00e4ska i kork m\/u tryck"}]},{"@type":"WebSite","@id":"https:\/\/grontkontor.dk\/#website","url":"https:\/\/grontkontor.dk\/","name":"Gr\u00f8nt Kontor","description":"Milj\u00f8venlige produkter til kontor og erhverv med fokus p\u00e5 b\u00e6redygtighed, design og fair trade.","publisher":{"@id":"https:\/\/grontkontor.dk\/#organization"},"potentialAction":[{"@type":"SearchAction","target":{"@type":"EntryPoint","urlTemplate":"https:\/\/grontkontor.dk\/?s={search_term_string}"},"query-input":"required name=search_term_string"}],"inLanguage":"sv-SE"},{"@type":"Organization","@id":"https:\/\/grontkontor.dk\/#organization","name":"Gr\u00f8nt Kontor","url":"https:\/\/grontkontor.dk\/","logo":{"@type":"ImageObject","inLanguage":"sv-SE","@id":"https:\/\/grontkontor.dk\/#\/schema\/logo\/image\/","url":"https:\/\/grontkontor.dk\/wp-content\/uploads\/2014\/02\/Logo_groent_kontor_300x80.png","contentUrl":"https:\/\/grontkontor.dk\/wp-content\/uploads\/2014\/02\/Logo_groent_kontor_300x80.png","width":300,"height":80,"caption":"Gr\u00f8nt Kontor"},"image":{"@id":"https:\/\/grontkontor.dk\/#\/schema\/logo\/image\/"},"sameAs":["https:\/\/www.facebook.com\/grontkontor.dk\/"]}]}},"_links":{"self":[{"href":"https:\/\/grontkontor.dk\/sv\/wp-json\/wp\/v2\/product\/75068"}],"collection":[{"href":"https:\/\/grontkontor.dk\/sv\/wp-json\/wp\/v2\/product"}],"about":[{"href":"https:\/\/grontkontor.dk\/sv\/wp-json\/wp\/v2\/types\/product"}],"replies":[{"embeddable":true,"href":"https:\/\/grontkontor.dk\/sv\/wp-json\/wp\/v2\/comments?post=75068"}],"wp:featuredmedia":[{"embeddable":true,"href":"https:\/\/grontkontor.dk\/sv\/wp-json\/wp\/v2\/media\/18269"}],"wp:attachment":[{"href":"https:\/\/grontkontor.dk\/sv\/wp-json\/wp\/v2\/media?parent=75068"}],"wp:term":[{"taxonomy":"product_cat","embeddable":true,"href":"https:\/\/grontkontor.dk\/sv\/wp-json\/wp\/v2\/product_cat?post=75068"},{"taxonomy":"product_tag","embeddable":true,"href":"https:\/\/grontkontor.dk\/sv\/wp-json\/wp\/v2\/product_tag?post=75068"}],"curies":[{"name":"wp","href":"https:\/\/api.w.org\/{rel}","templated":true}]}}