{"id":75123,"date":"2023-09-22T13:12:37","date_gmt":"2023-09-22T21:14:25","guid":{"rendered":"https:\/\/grontkontor.dk\/produkt\/kulspetspenna-i-bambu-metalclip-ny-design\/"},"modified":"2023-09-22T23:14:38","modified_gmt":"2023-09-22T21:14:38","slug":"kulspetspenna-i-bambu-metalclip-ny-design","status":"publish","type":"product","link":"https:\/\/grontkontor.dk\/sv\/shop\/kulspetspenna-i-bambu-metalclip-ny-design\/","title":{"rendered":"Bambukulspetspenna budget"},"content":{"rendered":"<p>Super billig och exklusiv bl\u00e4ckpenna i milj\u00f6v\u00e4nlig bambu med topp, fot och clips i metall. Kan levereras med logotyp. Ett klimat- och milj\u00f6v\u00e4nligt alternativ till f\u00f6rorenande PVC-pennor.<\/p>\n<p>Bambu \u00e4r en ovanligt milj\u00f6v\u00e4nlig produkt som, till skillnad fr\u00e5n de flesta tr\u00e4slag, v\u00e4xer tillbaka snabbt n\u00e4r den sk\u00f6rdas. Bambu odlas utan bek\u00e4mpningsmedel och g\u00f6dningsmedel, stabiliserar jorden med sina r\u00f6tter och f\u00f6rhindrar erosion.<\/p>\n","protected":false},"excerpt":{"rendered":"<p>Super billig och exklusiv bl\u00e4ckpenna i milj\u00f6v\u00e4nlig bambu med topp, fot och clips i metall. Kan levereras med logotyp. Ett klimat- och milj\u00f6v\u00e4nligt alternativ till f\u00f6rorenande PVC-pennor. Bambu \u00e4r en ovanligt milj\u00f6v\u00e4nlig produkt som, till skillnad fr\u00e5n de flesta tr\u00e4slag, v\u00e4xer tillbaka snabbt n\u00e4r den sk\u00f6rdas. Bambu odlas utan bek\u00e4mpningsmedel och g\u00f6dningsmedel, stabiliserar jorden med [&hellip;]<\/p>\n","protected":false},"featured_media":19338,"comment_status":"closed","ping_status":"closed","template":"","meta":{"_acf_changed":false},"product_cat":[4415,2107,667,665],"product_tag":[1678,766,796,1354,1674,1672],"class_list":{"0":"post-75123","1":"product","2":"type-product","3":"status-publish","4":"has-post-thumbnail","6":"product_cat-pennor-och-blyertspennor","7":"product_cat-dummy-moq-1-sv","8":"product_cat-kulspetspennor","9":"product_cat-skrivtillbehoer","10":"product_tag-kuglepen-med-tryk-sv","11":"product_tag-kulpenna","12":"product_tag-penna","13":"product_tag-kuglepenne-sv","14":"product_tag-skriveredskab-sv","15":"product_tag-skriveudstyr-sv","16":"pa_farve-mix-sv","17":"pa_farve-brun-sv","18":"pa_farve-natur-sv","19":"pa_farve-roedbrun-sv","20":"tm-has-options","22":"first","23":"instock","24":"taxable","25":"shipping-taxable","26":"purchasable","27":"product-type-simple"},"acf":[],"yoast_head":"<!-- This site is optimized with the Yoast SEO Premium plugin v21.2 (Yoast SEO v21.2) - https:\/\/yoast.com\/wordpress\/plugins\/seo\/ -->\n<title>Bambukulspetspenna budget - Gr\u00f8nt Kontor<\/title>\n<meta name=\"robots\" content=\"index, follow, max-snippet:-1, max-image-preview:large, max-video-preview:-1\" \/>\n<link rel=\"canonical\" href=\"https:\/\/grontkontor.dk\/sv\/shop\/kulspetspenna-i-bambu-metalclip-ny-design\/\" \/>\n<meta property=\"og:locale\" content=\"sv_SE\" \/>\n<meta property=\"og:type\" content=\"article\" \/>\n<meta property=\"og:title\" content=\"Bambukulspetspenna budget\" \/>\n<meta property=\"og:description\" content=\"Super billig och exklusiv bl\u00e4ckpenna i milj\u00f6v\u00e4nlig bambu med topp, fot och clips i metall. Kan levereras med logotyp. Ett klimat- och milj\u00f6v\u00e4nligt alternativ till f\u00f6rorenande PVC-pennor. Bambu \u00e4r en ovanligt milj\u00f6v\u00e4nlig produkt som, till skillnad fr\u00e5n de flesta tr\u00e4slag, v\u00e4xer tillbaka snabbt n\u00e4r den sk\u00f6rdas. Bambu odlas utan bek\u00e4mpningsmedel och g\u00f6dningsmedel, stabiliserar jorden med [&hellip;]\" \/>\n<meta property=\"og:url\" content=\"https:\/\/grontkontor.dk\/sv\/shop\/kulspetspenna-i-bambu-metalclip-ny-design\/\" \/>\n<meta property=\"og:site_name\" content=\"Gr\u00f8nt Kontor\" \/>\n<meta property=\"article:publisher\" content=\"https:\/\/www.facebook.com\/grontkontor.dk\/\" \/>\n<meta property=\"article:modified_time\" content=\"2023-09-22T21:14:38+00:00\" \/>\n<meta property=\"og:image\" content=\"https:\/\/grontkontor.dk\/wp-content\/uploads\/2020\/08\/kuglepen-bambus-nyt-design-01.jpg\" \/>\n\t<meta property=\"og:image:width\" content=\"900\" \/>\n\t<meta property=\"og:image:height\" content=\"639\" \/>\n\t<meta property=\"og:image:type\" content=\"image\/jpeg\" \/>\n<meta name=\"twitter:card\" content=\"summary_large_image\" \/>\n<script type=\"application\/ld+json\" class=\"yoast-schema-graph\">{\"@context\":\"https:\/\/schema.org\",\"@graph\":[{\"@type\":\"WebPage\",\"@id\":\"https:\/\/grontkontor.dk\/sv\/shop\/kulspetspenna-i-bambu-metalclip-ny-design\/\",\"url\":\"https:\/\/grontkontor.dk\/sv\/shop\/kulspetspenna-i-bambu-metalclip-ny-design\/\",\"name\":\"Bambukulspetspenna budget - Gr\u00f8nt Kontor\",\"isPartOf\":{\"@id\":\"https:\/\/grontkontor.dk\/#website\"},\"datePublished\":\"2023-09-22T21:14:25+00:00\",\"dateModified\":\"2023-09-22T21:14:38+00:00\",\"breadcrumb\":{\"@id\":\"https:\/\/grontkontor.dk\/sv\/shop\/kulspetspenna-i-bambu-metalclip-ny-design\/#breadcrumb\"},\"inLanguage\":\"sv-SE\",\"potentialAction\":[{\"@type\":\"ReadAction\",\"target\":[\"https:\/\/grontkontor.dk\/sv\/shop\/kulspetspenna-i-bambu-metalclip-ny-design\/\"]}]},{\"@type\":\"BreadcrumbList\",\"@id\":\"https:\/\/grontkontor.dk\/sv\/shop\/kulspetspenna-i-bambu-metalclip-ny-design\/#breadcrumb\",\"itemListElement\":[{\"@type\":\"ListItem\",\"position\":1,\"name\":\"Forside\",\"item\":\"https:\/\/grontkontor.dk\/\"},{\"@type\":\"ListItem\",\"position\":2,\"name\":\"Shop\",\"item\":\"https:\/\/grontkontor.dk\/sv\/shop\/\"},{\"@type\":\"ListItem\",\"position\":3,\"name\":\"Klimatsmarta f\u00f6retagspresenter\",\"item\":\"https:\/\/grontkontor.dk\/sv\/produkt-kategori\/miljovaenliga-foretagspresenter\/\"},{\"@type\":\"ListItem\",\"position\":4,\"name\":\"Pennor och blyertspennor\",\"item\":\"https:\/\/grontkontor.dk\/sv\/produkt-kategori\/miljovaenliga-foretagspresenter\/pennor-och-blyertspennor\/\"},{\"@type\":\"ListItem\",\"position\":5,\"name\":\"Bambukulspetspenna budget\"}]},{\"@type\":\"WebSite\",\"@id\":\"https:\/\/grontkontor.dk\/#website\",\"url\":\"https:\/\/grontkontor.dk\/\",\"name\":\"Gr\u00f8nt Kontor\",\"description\":\"Milj\u00f8venlige produkter til kontor og erhverv med fokus p\u00e5 b\u00e6redygtighed, design og fair trade.\",\"publisher\":{\"@id\":\"https:\/\/grontkontor.dk\/#organization\"},\"potentialAction\":[{\"@type\":\"SearchAction\",\"target\":{\"@type\":\"EntryPoint\",\"urlTemplate\":\"https:\/\/grontkontor.dk\/?s={search_term_string}\"},\"query-input\":\"required name=search_term_string\"}],\"inLanguage\":\"sv-SE\"},{\"@type\":\"Organization\",\"@id\":\"https:\/\/grontkontor.dk\/#organization\",\"name\":\"Gr\u00f8nt Kontor\",\"url\":\"https:\/\/grontkontor.dk\/\",\"logo\":{\"@type\":\"ImageObject\",\"inLanguage\":\"sv-SE\",\"@id\":\"https:\/\/grontkontor.dk\/#\/schema\/logo\/image\/\",\"url\":\"https:\/\/grontkontor.dk\/wp-content\/uploads\/2014\/02\/Logo_groent_kontor_300x80.png\",\"contentUrl\":\"https:\/\/grontkontor.dk\/wp-content\/uploads\/2014\/02\/Logo_groent_kontor_300x80.png\",\"width\":300,\"height\":80,\"caption\":\"Gr\u00f8nt Kontor\"},\"image\":{\"@id\":\"https:\/\/grontkontor.dk\/#\/schema\/logo\/image\/\"},\"sameAs\":[\"https:\/\/www.facebook.com\/grontkontor.dk\/\"]}]}<\/script>\n<!-- \/ Yoast SEO Premium plugin. -->","yoast_head_json":{"title":"Bambukulspetspenna budget - Gr\u00f8nt Kontor","robots":{"index":"index","follow":"follow","max-snippet":"max-snippet:-1","max-image-preview":"max-image-preview:large","max-video-preview":"max-video-preview:-1"},"canonical":"https:\/\/grontkontor.dk\/sv\/shop\/kulspetspenna-i-bambu-metalclip-ny-design\/","og_locale":"sv_SE","og_type":"article","og_title":"Bambukulspetspenna budget","og_description":"Super billig och exklusiv bl\u00e4ckpenna i milj\u00f6v\u00e4nlig bambu med topp, fot och clips i metall. Kan levereras med logotyp. Ett klimat- och milj\u00f6v\u00e4nligt alternativ till f\u00f6rorenande PVC-pennor. Bambu \u00e4r en ovanligt milj\u00f6v\u00e4nlig produkt som, till skillnad fr\u00e5n de flesta tr\u00e4slag, v\u00e4xer tillbaka snabbt n\u00e4r den sk\u00f6rdas. Bambu odlas utan bek\u00e4mpningsmedel och g\u00f6dningsmedel, stabiliserar jorden med [&hellip;]","og_url":"https:\/\/grontkontor.dk\/sv\/shop\/kulspetspenna-i-bambu-metalclip-ny-design\/","og_site_name":"Gr\u00f8nt Kontor","article_publisher":"https:\/\/www.facebook.com\/grontkontor.dk\/","article_modified_time":"2023-09-22T21:14:38+00:00","og_image":[{"width":900,"height":639,"url":"https:\/\/grontkontor.dk\/wp-content\/uploads\/2020\/08\/kuglepen-bambus-nyt-design-01.jpg","type":"image\/jpeg"}],"twitter_card":"summary_large_image","schema":{"@context":"https:\/\/schema.org","@graph":[{"@type":"WebPage","@id":"https:\/\/grontkontor.dk\/sv\/shop\/kulspetspenna-i-bambu-metalclip-ny-design\/","url":"https:\/\/grontkontor.dk\/sv\/shop\/kulspetspenna-i-bambu-metalclip-ny-design\/","name":"Bambukulspetspenna budget - Gr\u00f8nt Kontor","isPartOf":{"@id":"https:\/\/grontkontor.dk\/#website"},"datePublished":"2023-09-22T21:14:25+00:00","dateModified":"2023-09-22T21:14:38+00:00","breadcrumb":{"@id":"https:\/\/grontkontor.dk\/sv\/shop\/kulspetspenna-i-bambu-metalclip-ny-design\/#breadcrumb"},"inLanguage":"sv-SE","potentialAction":[{"@type":"ReadAction","target":["https:\/\/grontkontor.dk\/sv\/shop\/kulspetspenna-i-bambu-metalclip-ny-design\/"]}]},{"@type":"BreadcrumbList","@id":"https:\/\/grontkontor.dk\/sv\/shop\/kulspetspenna-i-bambu-metalclip-ny-design\/#breadcrumb","itemListElement":[{"@type":"ListItem","position":1,"name":"Forside","item":"https:\/\/grontkontor.dk\/"},{"@type":"ListItem","position":2,"name":"Shop","item":"https:\/\/grontkontor.dk\/sv\/shop\/"},{"@type":"ListItem","position":3,"name":"Klimatsmarta f\u00f6retagspresenter","item":"https:\/\/grontkontor.dk\/sv\/produkt-kategori\/miljovaenliga-foretagspresenter\/"},{"@type":"ListItem","position":4,"name":"Pennor och blyertspennor","item":"https:\/\/grontkontor.dk\/sv\/produkt-kategori\/miljovaenliga-foretagspresenter\/pennor-och-blyertspennor\/"},{"@type":"ListItem","position":5,"name":"Bambukulspetspenna budget"}]},{"@type":"WebSite","@id":"https:\/\/grontkontor.dk\/#website","url":"https:\/\/grontkontor.dk\/","name":"Gr\u00f8nt Kontor","description":"Milj\u00f8venlige produkter til kontor og erhverv med fokus p\u00e5 b\u00e6redygtighed, design og fair trade.","publisher":{"@id":"https:\/\/grontkontor.dk\/#organization"},"potentialAction":[{"@type":"SearchAction","target":{"@type":"EntryPoint","urlTemplate":"https:\/\/grontkontor.dk\/?s={search_term_string}"},"query-input":"required name=search_term_string"}],"inLanguage":"sv-SE"},{"@type":"Organization","@id":"https:\/\/grontkontor.dk\/#organization","name":"Gr\u00f8nt Kontor","url":"https:\/\/grontkontor.dk\/","logo":{"@type":"ImageObject","inLanguage":"sv-SE","@id":"https:\/\/grontkontor.dk\/#\/schema\/logo\/image\/","url":"https:\/\/grontkontor.dk\/wp-content\/uploads\/2014\/02\/Logo_groent_kontor_300x80.png","contentUrl":"https:\/\/grontkontor.dk\/wp-content\/uploads\/2014\/02\/Logo_groent_kontor_300x80.png","width":300,"height":80,"caption":"Gr\u00f8nt Kontor"},"image":{"@id":"https:\/\/grontkontor.dk\/#\/schema\/logo\/image\/"},"sameAs":["https:\/\/www.facebook.com\/grontkontor.dk\/"]}]}},"_links":{"self":[{"href":"https:\/\/grontkontor.dk\/sv\/wp-json\/wp\/v2\/product\/75123"}],"collection":[{"href":"https:\/\/grontkontor.dk\/sv\/wp-json\/wp\/v2\/product"}],"about":[{"href":"https:\/\/grontkontor.dk\/sv\/wp-json\/wp\/v2\/types\/product"}],"replies":[{"embeddable":true,"href":"https:\/\/grontkontor.dk\/sv\/wp-json\/wp\/v2\/comments?post=75123"}],"wp:featuredmedia":[{"embeddable":true,"href":"https:\/\/grontkontor.dk\/sv\/wp-json\/wp\/v2\/media\/19338"}],"wp:attachment":[{"href":"https:\/\/grontkontor.dk\/sv\/wp-json\/wp\/v2\/media?parent=75123"}],"wp:term":[{"taxonomy":"product_cat","embeddable":true,"href":"https:\/\/grontkontor.dk\/sv\/wp-json\/wp\/v2\/product_cat?post=75123"},{"taxonomy":"product_tag","embeddable":true,"href":"https:\/\/grontkontor.dk\/sv\/wp-json\/wp\/v2\/product_tag?post=75123"}],"curies":[{"name":"wp","href":"https:\/\/api.w.org\/{rel}","templated":true}]}}