{"id":75148,"date":"2023-09-22T13:13:28","date_gmt":"2023-09-22T21:14:53","guid":{"rendered":"https:\/\/grontkontor.dk\/produkt\/retro-emaljmugg-fullfaergstryck\/"},"modified":"2024-02-28T11:37:14","modified_gmt":"2024-02-28T10:37:14","slug":"retro-emaljmugg-fullfaergstryck","status":"publish","type":"product","link":"https:\/\/grontkontor.dk\/sv\/shop\/retro-emaljmugg-fullfaergstryck\/","title":{"rendered":"Retro emaljmugg &#8211; med fullf\u00e4rgstryck"},"content":{"rendered":"<p>Bra robust emaljmugg i retrostil med handtag, l\u00e4mplig f\u00f6r fullf\u00e4rgstryck i regnb\u00e5gens alla f\u00e4rger. Muggen \u00e4r tillverkad av j\u00e4rn med vit emaljbel\u00e4ggning med valfri f\u00e4rgad kant.<br \/>\nMuggen \u00e4r l\u00e4mplig f\u00f6r diskmaskin, men inte f\u00f6r mikrov\u00e5gsugn. En riktigt trevlig old-school handout f\u00f6r m\u00e4ssa och event.<br \/>\nMuggen \u00e4r godk\u00e4nt till kontakt med livsmedel och 100% BPA fritt<\/p>\n<p><a class=\"light\" href=\"https:\/\/grontkontor.dk\/produkt\/retro-emaljekrus-farvet-kant\/\">Finns \u00e4ven i billigare version med olikf\u00e4rgad kant med silkscreen.<\/a><br \/>\nInneh\u00e5ll: 350 ml.<\/p>\nSt\u00e5l\/j\u00e4rn er en \u00e5teranv\u00e4ndbar och praktiskt taget obegr\u00e4nsad resurs som inte f\u00f6rorenar vid kassering. St\u00e5l kan \u00e5tervinnas i det o\u00e4ndliga, vilket sker i s\u00e5 stor utstr\u00e4ckning att absolut st\u00f6rsta delen av allt st\u00e5l p\u00e5 marknaden, i huvudsak, best\u00e5r av \u00e5tervunnen st\u00e5l. \n","protected":false},"excerpt":{"rendered":"<p>Bra robust emaljmugg i retrostil med handtag, l\u00e4mplig f\u00f6r fullf\u00e4rgstryck i regnb\u00e5gens alla f\u00e4rger. Muggen \u00e4r tillverkad av j\u00e4rn med vit emaljbel\u00e4ggning med valfri f\u00e4rgad kant. Muggen \u00e4r l\u00e4mplig f\u00f6r diskmaskin, men inte f\u00f6r mikrov\u00e5gsugn. En riktigt trevlig old-school handout f\u00f6r m\u00e4ssa och event. Muggen \u00e4r Finns \u00e4ven i billigare version med olikf\u00e4rgad kant med [&hellip;]<\/p>\n","protected":false},"featured_media":19831,"comment_status":"closed","ping_status":"closed","template":"","meta":{"_acf_changed":false},"product_cat":[4452,2123,2233,1954],"product_tag":[1911,1910],"class_list":{"0":"post-75148","1":"product","2":"type-product","3":"status-publish","4":"has-post-thumbnail","6":"product_cat-muggar-och-koppar-sv","7":"product_cat-dummy-moq-50-100-sv","8":"product_cat-mat-och-dryck","9":"product_cat-muggar-och-koppar","10":"product_tag-kaffekrus-sv","11":"product_tag-krus-sv","12":"tm-has-options","14":"first","15":"instock","16":"sale","17":"taxable","18":"shipping-taxable","19":"purchasable","20":"product-type-simple"},"acf":[],"yoast_head":"<!-- This site is optimized with the Yoast SEO Premium plugin v21.2 (Yoast SEO v21.2) - https:\/\/yoast.com\/wordpress\/plugins\/seo\/ -->\n<title>Retro emaljmugg - med fullf\u00e4rgstryck - Gr\u00f8nt Kontor<\/title>\n<meta name=\"robots\" content=\"index, follow, max-snippet:-1, max-image-preview:large, max-video-preview:-1\" \/>\n<link rel=\"canonical\" href=\"https:\/\/grontkontor.dk\/shop\/retro-emaljekrus-fuldfarvetryk\/\" \/>\n<meta property=\"og:locale\" content=\"sv_SE\" \/>\n<meta property=\"og:type\" content=\"article\" \/>\n<meta property=\"og:title\" content=\"Retro emaljmugg - med fullf\u00e4rgstryck\" \/>\n<meta property=\"og:description\" content=\"Bra robust emaljmugg i retrostil med handtag, l\u00e4mplig f\u00f6r fullf\u00e4rgstryck i regnb\u00e5gens alla f\u00e4rger. Muggen \u00e4r tillverkad av j\u00e4rn med vit emaljbel\u00e4ggning med valfri f\u00e4rgad kant. Muggen \u00e4r l\u00e4mplig f\u00f6r diskmaskin, men inte f\u00f6r mikrov\u00e5gsugn. En riktigt trevlig old-school handout f\u00f6r m\u00e4ssa och event. Muggen \u00e4r Finns \u00e4ven i billigare version med olikf\u00e4rgad kant med [&hellip;]\" \/>\n<meta property=\"og:url\" content=\"https:\/\/grontkontor.dk\/shop\/retro-emaljekrus-fuldfarvetryk\/\" \/>\n<meta property=\"og:site_name\" content=\"Gr\u00f8nt Kontor\" \/>\n<meta property=\"article:publisher\" content=\"https:\/\/www.facebook.com\/grontkontor.dk\/\" \/>\n<meta property=\"article:modified_time\" content=\"2024-02-28T10:37:14+00:00\" \/>\n<meta property=\"og:image\" content=\"https:\/\/grontkontor.dk\/wp-content\/uploads\/2020\/09\/retro-emaljekrus-fuldfarvetryk-01.jpg\" \/>\n\t<meta property=\"og:image:width\" content=\"900\" \/>\n\t<meta property=\"og:image:height\" content=\"639\" \/>\n\t<meta property=\"og:image:type\" content=\"image\/jpeg\" \/>\n<meta name=\"twitter:card\" content=\"summary_large_image\" \/>\n<script type=\"application\/ld+json\" class=\"yoast-schema-graph\">{\"@context\":\"https:\/\/schema.org\",\"@graph\":[{\"@type\":\"WebPage\",\"@id\":\"https:\/\/grontkontor.dk\/shop\/retro-emaljekrus-fuldfarvetryk\/\",\"url\":\"https:\/\/grontkontor.dk\/shop\/retro-emaljekrus-fuldfarvetryk\/\",\"name\":\"Retro emaljmugg - med fullf\u00e4rgstryck - Gr\u00f8nt Kontor\",\"isPartOf\":{\"@id\":\"https:\/\/grontkontor.dk\/#website\"},\"datePublished\":\"2023-09-22T21:14:53+00:00\",\"dateModified\":\"2024-02-28T10:37:14+00:00\",\"breadcrumb\":{\"@id\":\"https:\/\/grontkontor.dk\/shop\/retro-emaljekrus-fuldfarvetryk\/#breadcrumb\"},\"inLanguage\":\"sv-SE\",\"potentialAction\":[{\"@type\":\"ReadAction\",\"target\":[\"https:\/\/grontkontor.dk\/shop\/retro-emaljekrus-fuldfarvetryk\/\"]}]},{\"@type\":\"BreadcrumbList\",\"@id\":\"https:\/\/grontkontor.dk\/shop\/retro-emaljekrus-fuldfarvetryk\/#breadcrumb\",\"itemListElement\":[{\"@type\":\"ListItem\",\"position\":1,\"name\":\"Forside\",\"item\":\"https:\/\/grontkontor.dk\/\"},{\"@type\":\"ListItem\",\"position\":2,\"name\":\"Shop\",\"item\":\"https:\/\/grontkontor.dk\/sv\/shop\/\"},{\"@type\":\"ListItem\",\"position\":3,\"name\":\"Mat och dryck\",\"item\":\"https:\/\/grontkontor.dk\/sv\/produkt-kategori\/mat-och-dryck\/\"},{\"@type\":\"ListItem\",\"position\":4,\"name\":\"Muggar och koppar\",\"item\":\"https:\/\/grontkontor.dk\/sv\/produkt-kategori\/mat-och-dryck\/muggar-och-koppar\/\"},{\"@type\":\"ListItem\",\"position\":5,\"name\":\"Retro emaljmugg &#8211; med fullf\u00e4rgstryck\"}]},{\"@type\":\"WebSite\",\"@id\":\"https:\/\/grontkontor.dk\/#website\",\"url\":\"https:\/\/grontkontor.dk\/\",\"name\":\"Gr\u00f8nt Kontor\",\"description\":\"Milj\u00f8venlige produkter til kontor og erhverv med fokus p\u00e5 b\u00e6redygtighed, design og fair trade.\",\"publisher\":{\"@id\":\"https:\/\/grontkontor.dk\/#organization\"},\"potentialAction\":[{\"@type\":\"SearchAction\",\"target\":{\"@type\":\"EntryPoint\",\"urlTemplate\":\"https:\/\/grontkontor.dk\/?s={search_term_string}\"},\"query-input\":\"required name=search_term_string\"}],\"inLanguage\":\"sv-SE\"},{\"@type\":\"Organization\",\"@id\":\"https:\/\/grontkontor.dk\/#organization\",\"name\":\"Gr\u00f8nt Kontor\",\"url\":\"https:\/\/grontkontor.dk\/\",\"logo\":{\"@type\":\"ImageObject\",\"inLanguage\":\"sv-SE\",\"@id\":\"https:\/\/grontkontor.dk\/#\/schema\/logo\/image\/\",\"url\":\"https:\/\/grontkontor.dk\/wp-content\/uploads\/2014\/02\/Logo_groent_kontor_300x80.png\",\"contentUrl\":\"https:\/\/grontkontor.dk\/wp-content\/uploads\/2014\/02\/Logo_groent_kontor_300x80.png\",\"width\":300,\"height\":80,\"caption\":\"Gr\u00f8nt Kontor\"},\"image\":{\"@id\":\"https:\/\/grontkontor.dk\/#\/schema\/logo\/image\/\"},\"sameAs\":[\"https:\/\/www.facebook.com\/grontkontor.dk\/\"]}]}<\/script>\n<!-- \/ Yoast SEO Premium plugin. -->","yoast_head_json":{"title":"Retro emaljmugg - med fullf\u00e4rgstryck - Gr\u00f8nt Kontor","robots":{"index":"index","follow":"follow","max-snippet":"max-snippet:-1","max-image-preview":"max-image-preview:large","max-video-preview":"max-video-preview:-1"},"canonical":"https:\/\/grontkontor.dk\/shop\/retro-emaljekrus-fuldfarvetryk\/","og_locale":"sv_SE","og_type":"article","og_title":"Retro emaljmugg - med fullf\u00e4rgstryck","og_description":"Bra robust emaljmugg i retrostil med handtag, l\u00e4mplig f\u00f6r fullf\u00e4rgstryck i regnb\u00e5gens alla f\u00e4rger. Muggen \u00e4r tillverkad av j\u00e4rn med vit emaljbel\u00e4ggning med valfri f\u00e4rgad kant. Muggen \u00e4r l\u00e4mplig f\u00f6r diskmaskin, men inte f\u00f6r mikrov\u00e5gsugn. En riktigt trevlig old-school handout f\u00f6r m\u00e4ssa och event. Muggen \u00e4r Finns \u00e4ven i billigare version med olikf\u00e4rgad kant med [&hellip;]","og_url":"https:\/\/grontkontor.dk\/shop\/retro-emaljekrus-fuldfarvetryk\/","og_site_name":"Gr\u00f8nt Kontor","article_publisher":"https:\/\/www.facebook.com\/grontkontor.dk\/","article_modified_time":"2024-02-28T10:37:14+00:00","og_image":[{"width":900,"height":639,"url":"https:\/\/grontkontor.dk\/wp-content\/uploads\/2020\/09\/retro-emaljekrus-fuldfarvetryk-01.jpg","type":"image\/jpeg"}],"twitter_card":"summary_large_image","schema":{"@context":"https:\/\/schema.org","@graph":[{"@type":"WebPage","@id":"https:\/\/grontkontor.dk\/shop\/retro-emaljekrus-fuldfarvetryk\/","url":"https:\/\/grontkontor.dk\/shop\/retro-emaljekrus-fuldfarvetryk\/","name":"Retro emaljmugg - med fullf\u00e4rgstryck - Gr\u00f8nt Kontor","isPartOf":{"@id":"https:\/\/grontkontor.dk\/#website"},"datePublished":"2023-09-22T21:14:53+00:00","dateModified":"2024-02-28T10:37:14+00:00","breadcrumb":{"@id":"https:\/\/grontkontor.dk\/shop\/retro-emaljekrus-fuldfarvetryk\/#breadcrumb"},"inLanguage":"sv-SE","potentialAction":[{"@type":"ReadAction","target":["https:\/\/grontkontor.dk\/shop\/retro-emaljekrus-fuldfarvetryk\/"]}]},{"@type":"BreadcrumbList","@id":"https:\/\/grontkontor.dk\/shop\/retro-emaljekrus-fuldfarvetryk\/#breadcrumb","itemListElement":[{"@type":"ListItem","position":1,"name":"Forside","item":"https:\/\/grontkontor.dk\/"},{"@type":"ListItem","position":2,"name":"Shop","item":"https:\/\/grontkontor.dk\/sv\/shop\/"},{"@type":"ListItem","position":3,"name":"Mat och dryck","item":"https:\/\/grontkontor.dk\/sv\/produkt-kategori\/mat-och-dryck\/"},{"@type":"ListItem","position":4,"name":"Muggar och koppar","item":"https:\/\/grontkontor.dk\/sv\/produkt-kategori\/mat-och-dryck\/muggar-och-koppar\/"},{"@type":"ListItem","position":5,"name":"Retro emaljmugg &#8211; med fullf\u00e4rgstryck"}]},{"@type":"WebSite","@id":"https:\/\/grontkontor.dk\/#website","url":"https:\/\/grontkontor.dk\/","name":"Gr\u00f8nt Kontor","description":"Milj\u00f8venlige produkter til kontor og erhverv med fokus p\u00e5 b\u00e6redygtighed, design og fair trade.","publisher":{"@id":"https:\/\/grontkontor.dk\/#organization"},"potentialAction":[{"@type":"SearchAction","target":{"@type":"EntryPoint","urlTemplate":"https:\/\/grontkontor.dk\/?s={search_term_string}"},"query-input":"required name=search_term_string"}],"inLanguage":"sv-SE"},{"@type":"Organization","@id":"https:\/\/grontkontor.dk\/#organization","name":"Gr\u00f8nt Kontor","url":"https:\/\/grontkontor.dk\/","logo":{"@type":"ImageObject","inLanguage":"sv-SE","@id":"https:\/\/grontkontor.dk\/#\/schema\/logo\/image\/","url":"https:\/\/grontkontor.dk\/wp-content\/uploads\/2014\/02\/Logo_groent_kontor_300x80.png","contentUrl":"https:\/\/grontkontor.dk\/wp-content\/uploads\/2014\/02\/Logo_groent_kontor_300x80.png","width":300,"height":80,"caption":"Gr\u00f8nt Kontor"},"image":{"@id":"https:\/\/grontkontor.dk\/#\/schema\/logo\/image\/"},"sameAs":["https:\/\/www.facebook.com\/grontkontor.dk\/"]}]}},"_links":{"self":[{"href":"https:\/\/grontkontor.dk\/sv\/wp-json\/wp\/v2\/product\/75148"}],"collection":[{"href":"https:\/\/grontkontor.dk\/sv\/wp-json\/wp\/v2\/product"}],"about":[{"href":"https:\/\/grontkontor.dk\/sv\/wp-json\/wp\/v2\/types\/product"}],"replies":[{"embeddable":true,"href":"https:\/\/grontkontor.dk\/sv\/wp-json\/wp\/v2\/comments?post=75148"}],"wp:featuredmedia":[{"embeddable":true,"href":"https:\/\/grontkontor.dk\/sv\/wp-json\/wp\/v2\/media\/19831"}],"wp:attachment":[{"href":"https:\/\/grontkontor.dk\/sv\/wp-json\/wp\/v2\/media?parent=75148"}],"wp:term":[{"taxonomy":"product_cat","embeddable":true,"href":"https:\/\/grontkontor.dk\/sv\/wp-json\/wp\/v2\/product_cat?post=75148"},{"taxonomy":"product_tag","embeddable":true,"href":"https:\/\/grontkontor.dk\/sv\/wp-json\/wp\/v2\/product_tag?post=75148"}],"curies":[{"name":"wp","href":"https:\/\/api.w.org\/{rel}","templated":true}]}}