{"id":75160,"date":"2023-09-22T13:13:28","date_gmt":"2023-09-22T21:15:22","guid":{"rendered":"https:\/\/grontkontor.dk\/produkt\/kulspetspenna-i-bambu-refill-2\/"},"modified":"2023-09-22T23:15:31","modified_gmt":"2023-09-22T21:15:31","slug":"kulspetspenna-i-bambu-refill-2","status":"publish","type":"product","link":"https:\/\/grontkontor.dk\/sv\/shop\/kulspetspenna-i-bambu-refill-2\/","title":{"rendered":"Kulspetspenna i bambu refill #2 m\/u tryk"},"content":{"rendered":"<p>Vacker old school refill kulspetspenna i milj\u00f6v\u00e4nlig bambu med topp, fot och clips i \u00e5tervunnen metall. Klimat- och milj\u00f6v\u00e4nligt alternativ till anv\u00e4ndning-och-kast-pennor och till f\u00f6rorenande PVC-pennor.<br \/>\nKan levereras med logotryck<\/p>\n<p>Tekniskt sett \u00e4r bambu ett gr\u00e4s och \u00e4r en av de snabbast v\u00e4xande v\u00e4xterna i v\u00e4rlden (vissa arter kan v\u00e4xa upp till 4 cm per timme) och regenererar mycket snabbare \u00e4n tr\u00e4det. Bambu \u00e4r ett slitstarkt material och har h\u00f6gre tryckh\u00e5llfasthet \u00e4n tr\u00e4, tegel eller betong och en dragh\u00e5llfasthet som kan m\u00e4tas med st\u00e5l.<\/p>\n<p>&nbsp;<\/p>\n","protected":false},"excerpt":{"rendered":"<p>Vacker old school refill kulspetspenna i milj\u00f6v\u00e4nlig bambu med topp, fot och clips i \u00e5tervunnen metall. Klimat- och milj\u00f6v\u00e4nligt alternativ till anv\u00e4ndning-och-kast-pennor och till f\u00f6rorenande PVC-pennor. Kan levereras med logotryck Tekniskt sett \u00e4r bambu ett gr\u00e4s och \u00e4r en av de snabbast v\u00e4xande v\u00e4xterna i v\u00e4rlden (vissa arter kan v\u00e4xa upp till 4 cm per [&hellip;]<\/p>\n","protected":false},"featured_media":20229,"comment_status":"closed","ping_status":"closed","template":"","meta":{"_acf_changed":false},"product_cat":[4415,2107,667,665],"product_tag":[766,796],"class_list":{"0":"post-75160","1":"product","2":"type-product","3":"status-publish","4":"has-post-thumbnail","6":"product_cat-pennor-och-blyertspennor","7":"product_cat-dummy-moq-1-sv","8":"product_cat-kulspetspennor","9":"product_cat-skrivtillbehoer","10":"product_tag-kulpenna","11":"product_tag-penna","12":"pa_farve-mix-sv","13":"pa_farve-brun-sv","14":"pa_farve-natur-sv","15":"pa_farve-roedbrun-sv","16":"tm-has-options","18":"first","19":"instock","20":"taxable","21":"shipping-taxable","22":"purchasable","23":"product-type-simple"},"acf":[],"yoast_head":"<!-- This site is optimized with the Yoast SEO Premium plugin v21.2 (Yoast SEO v21.2) - https:\/\/yoast.com\/wordpress\/plugins\/seo\/ -->\n<title>Kulspetspenna i bambu refill #2 m\/u tryk - Gr\u00f8nt Kontor<\/title>\n<meta name=\"robots\" content=\"index, follow, max-snippet:-1, max-image-preview:large, max-video-preview:-1\" \/>\n<link rel=\"canonical\" href=\"https:\/\/grontkontor.dk\/sv\/shop\/kulspetspenna-i-bambu-refill-2\/\" \/>\n<meta property=\"og:locale\" content=\"sv_SE\" \/>\n<meta property=\"og:type\" content=\"article\" \/>\n<meta property=\"og:title\" content=\"Kulspetspenna i bambu refill #2 m\/u tryk\" \/>\n<meta property=\"og:description\" content=\"Vacker old school refill kulspetspenna i milj\u00f6v\u00e4nlig bambu med topp, fot och clips i \u00e5tervunnen metall. Klimat- och milj\u00f6v\u00e4nligt alternativ till anv\u00e4ndning-och-kast-pennor och till f\u00f6rorenande PVC-pennor. Kan levereras med logotryck Tekniskt sett \u00e4r bambu ett gr\u00e4s och \u00e4r en av de snabbast v\u00e4xande v\u00e4xterna i v\u00e4rlden (vissa arter kan v\u00e4xa upp till 4 cm per [&hellip;]\" \/>\n<meta property=\"og:url\" content=\"https:\/\/grontkontor.dk\/sv\/shop\/kulspetspenna-i-bambu-refill-2\/\" \/>\n<meta property=\"og:site_name\" content=\"Gr\u00f8nt Kontor\" \/>\n<meta property=\"article:publisher\" content=\"https:\/\/www.facebook.com\/grontkontor.dk\/\" \/>\n<meta property=\"article:modified_time\" content=\"2023-09-22T21:15:31+00:00\" \/>\n<meta property=\"og:image\" content=\"https:\/\/grontkontor.dk\/wp-content\/uploads\/2020\/09\/kuglepen-bambus-refill-v001-01-2.jpg\" \/>\n\t<meta property=\"og:image:width\" content=\"900\" \/>\n\t<meta property=\"og:image:height\" content=\"639\" \/>\n\t<meta property=\"og:image:type\" content=\"image\/jpeg\" \/>\n<meta name=\"twitter:card\" content=\"summary_large_image\" \/>\n<meta name=\"twitter:label1\" content=\"Ber\u00e4knad l\u00e4stid\" \/>\n\t<meta name=\"twitter:data1\" content=\"1 minut\" \/>\n<script type=\"application\/ld+json\" class=\"yoast-schema-graph\">{\"@context\":\"https:\/\/schema.org\",\"@graph\":[{\"@type\":\"WebPage\",\"@id\":\"https:\/\/grontkontor.dk\/sv\/shop\/kulspetspenna-i-bambu-refill-2\/\",\"url\":\"https:\/\/grontkontor.dk\/sv\/shop\/kulspetspenna-i-bambu-refill-2\/\",\"name\":\"Kulspetspenna i bambu refill #2 m\/u tryk - Gr\u00f8nt Kontor\",\"isPartOf\":{\"@id\":\"https:\/\/grontkontor.dk\/#website\"},\"datePublished\":\"2023-09-22T21:15:22+00:00\",\"dateModified\":\"2023-09-22T21:15:31+00:00\",\"breadcrumb\":{\"@id\":\"https:\/\/grontkontor.dk\/sv\/shop\/kulspetspenna-i-bambu-refill-2\/#breadcrumb\"},\"inLanguage\":\"sv-SE\",\"potentialAction\":[{\"@type\":\"ReadAction\",\"target\":[\"https:\/\/grontkontor.dk\/sv\/shop\/kulspetspenna-i-bambu-refill-2\/\"]}]},{\"@type\":\"BreadcrumbList\",\"@id\":\"https:\/\/grontkontor.dk\/sv\/shop\/kulspetspenna-i-bambu-refill-2\/#breadcrumb\",\"itemListElement\":[{\"@type\":\"ListItem\",\"position\":1,\"name\":\"Forside\",\"item\":\"https:\/\/grontkontor.dk\/\"},{\"@type\":\"ListItem\",\"position\":2,\"name\":\"Shop\",\"item\":\"https:\/\/grontkontor.dk\/sv\/shop\/\"},{\"@type\":\"ListItem\",\"position\":3,\"name\":\"Klimatsmarta f\u00f6retagspresenter\",\"item\":\"https:\/\/grontkontor.dk\/sv\/produkt-kategori\/miljovaenliga-foretagspresenter\/\"},{\"@type\":\"ListItem\",\"position\":4,\"name\":\"Pennor och blyertspennor\",\"item\":\"https:\/\/grontkontor.dk\/sv\/produkt-kategori\/miljovaenliga-foretagspresenter\/pennor-och-blyertspennor\/\"},{\"@type\":\"ListItem\",\"position\":5,\"name\":\"Kulspetspenna i bambu refill #2 m\/u tryk\"}]},{\"@type\":\"WebSite\",\"@id\":\"https:\/\/grontkontor.dk\/#website\",\"url\":\"https:\/\/grontkontor.dk\/\",\"name\":\"Gr\u00f8nt Kontor\",\"description\":\"Milj\u00f8venlige produkter til kontor og erhverv med fokus p\u00e5 b\u00e6redygtighed, design og fair trade.\",\"publisher\":{\"@id\":\"https:\/\/grontkontor.dk\/#organization\"},\"potentialAction\":[{\"@type\":\"SearchAction\",\"target\":{\"@type\":\"EntryPoint\",\"urlTemplate\":\"https:\/\/grontkontor.dk\/?s={search_term_string}\"},\"query-input\":\"required name=search_term_string\"}],\"inLanguage\":\"sv-SE\"},{\"@type\":\"Organization\",\"@id\":\"https:\/\/grontkontor.dk\/#organization\",\"name\":\"Gr\u00f8nt Kontor\",\"url\":\"https:\/\/grontkontor.dk\/\",\"logo\":{\"@type\":\"ImageObject\",\"inLanguage\":\"sv-SE\",\"@id\":\"https:\/\/grontkontor.dk\/#\/schema\/logo\/image\/\",\"url\":\"https:\/\/grontkontor.dk\/wp-content\/uploads\/2014\/02\/Logo_groent_kontor_300x80.png\",\"contentUrl\":\"https:\/\/grontkontor.dk\/wp-content\/uploads\/2014\/02\/Logo_groent_kontor_300x80.png\",\"width\":300,\"height\":80,\"caption\":\"Gr\u00f8nt Kontor\"},\"image\":{\"@id\":\"https:\/\/grontkontor.dk\/#\/schema\/logo\/image\/\"},\"sameAs\":[\"https:\/\/www.facebook.com\/grontkontor.dk\/\"]}]}<\/script>\n<!-- \/ Yoast SEO Premium plugin. -->","yoast_head_json":{"title":"Kulspetspenna i bambu refill #2 m\/u tryk - Gr\u00f8nt Kontor","robots":{"index":"index","follow":"follow","max-snippet":"max-snippet:-1","max-image-preview":"max-image-preview:large","max-video-preview":"max-video-preview:-1"},"canonical":"https:\/\/grontkontor.dk\/sv\/shop\/kulspetspenna-i-bambu-refill-2\/","og_locale":"sv_SE","og_type":"article","og_title":"Kulspetspenna i bambu refill #2 m\/u tryk","og_description":"Vacker old school refill kulspetspenna i milj\u00f6v\u00e4nlig bambu med topp, fot och clips i \u00e5tervunnen metall. Klimat- och milj\u00f6v\u00e4nligt alternativ till anv\u00e4ndning-och-kast-pennor och till f\u00f6rorenande PVC-pennor. Kan levereras med logotryck Tekniskt sett \u00e4r bambu ett gr\u00e4s och \u00e4r en av de snabbast v\u00e4xande v\u00e4xterna i v\u00e4rlden (vissa arter kan v\u00e4xa upp till 4 cm per [&hellip;]","og_url":"https:\/\/grontkontor.dk\/sv\/shop\/kulspetspenna-i-bambu-refill-2\/","og_site_name":"Gr\u00f8nt Kontor","article_publisher":"https:\/\/www.facebook.com\/grontkontor.dk\/","article_modified_time":"2023-09-22T21:15:31+00:00","og_image":[{"width":900,"height":639,"url":"https:\/\/grontkontor.dk\/wp-content\/uploads\/2020\/09\/kuglepen-bambus-refill-v001-01-2.jpg","type":"image\/jpeg"}],"twitter_card":"summary_large_image","twitter_misc":{"Ber\u00e4knad l\u00e4stid":"1 minut"},"schema":{"@context":"https:\/\/schema.org","@graph":[{"@type":"WebPage","@id":"https:\/\/grontkontor.dk\/sv\/shop\/kulspetspenna-i-bambu-refill-2\/","url":"https:\/\/grontkontor.dk\/sv\/shop\/kulspetspenna-i-bambu-refill-2\/","name":"Kulspetspenna i bambu refill #2 m\/u tryk - Gr\u00f8nt Kontor","isPartOf":{"@id":"https:\/\/grontkontor.dk\/#website"},"datePublished":"2023-09-22T21:15:22+00:00","dateModified":"2023-09-22T21:15:31+00:00","breadcrumb":{"@id":"https:\/\/grontkontor.dk\/sv\/shop\/kulspetspenna-i-bambu-refill-2\/#breadcrumb"},"inLanguage":"sv-SE","potentialAction":[{"@type":"ReadAction","target":["https:\/\/grontkontor.dk\/sv\/shop\/kulspetspenna-i-bambu-refill-2\/"]}]},{"@type":"BreadcrumbList","@id":"https:\/\/grontkontor.dk\/sv\/shop\/kulspetspenna-i-bambu-refill-2\/#breadcrumb","itemListElement":[{"@type":"ListItem","position":1,"name":"Forside","item":"https:\/\/grontkontor.dk\/"},{"@type":"ListItem","position":2,"name":"Shop","item":"https:\/\/grontkontor.dk\/sv\/shop\/"},{"@type":"ListItem","position":3,"name":"Klimatsmarta f\u00f6retagspresenter","item":"https:\/\/grontkontor.dk\/sv\/produkt-kategori\/miljovaenliga-foretagspresenter\/"},{"@type":"ListItem","position":4,"name":"Pennor och blyertspennor","item":"https:\/\/grontkontor.dk\/sv\/produkt-kategori\/miljovaenliga-foretagspresenter\/pennor-och-blyertspennor\/"},{"@type":"ListItem","position":5,"name":"Kulspetspenna i bambu refill #2 m\/u tryk"}]},{"@type":"WebSite","@id":"https:\/\/grontkontor.dk\/#website","url":"https:\/\/grontkontor.dk\/","name":"Gr\u00f8nt Kontor","description":"Milj\u00f8venlige produkter til kontor og erhverv med fokus p\u00e5 b\u00e6redygtighed, design og fair trade.","publisher":{"@id":"https:\/\/grontkontor.dk\/#organization"},"potentialAction":[{"@type":"SearchAction","target":{"@type":"EntryPoint","urlTemplate":"https:\/\/grontkontor.dk\/?s={search_term_string}"},"query-input":"required name=search_term_string"}],"inLanguage":"sv-SE"},{"@type":"Organization","@id":"https:\/\/grontkontor.dk\/#organization","name":"Gr\u00f8nt Kontor","url":"https:\/\/grontkontor.dk\/","logo":{"@type":"ImageObject","inLanguage":"sv-SE","@id":"https:\/\/grontkontor.dk\/#\/schema\/logo\/image\/","url":"https:\/\/grontkontor.dk\/wp-content\/uploads\/2014\/02\/Logo_groent_kontor_300x80.png","contentUrl":"https:\/\/grontkontor.dk\/wp-content\/uploads\/2014\/02\/Logo_groent_kontor_300x80.png","width":300,"height":80,"caption":"Gr\u00f8nt Kontor"},"image":{"@id":"https:\/\/grontkontor.dk\/#\/schema\/logo\/image\/"},"sameAs":["https:\/\/www.facebook.com\/grontkontor.dk\/"]}]}},"_links":{"self":[{"href":"https:\/\/grontkontor.dk\/sv\/wp-json\/wp\/v2\/product\/75160"}],"collection":[{"href":"https:\/\/grontkontor.dk\/sv\/wp-json\/wp\/v2\/product"}],"about":[{"href":"https:\/\/grontkontor.dk\/sv\/wp-json\/wp\/v2\/types\/product"}],"replies":[{"embeddable":true,"href":"https:\/\/grontkontor.dk\/sv\/wp-json\/wp\/v2\/comments?post=75160"}],"wp:featuredmedia":[{"embeddable":true,"href":"https:\/\/grontkontor.dk\/sv\/wp-json\/wp\/v2\/media\/20229"}],"wp:attachment":[{"href":"https:\/\/grontkontor.dk\/sv\/wp-json\/wp\/v2\/media?parent=75160"}],"wp:term":[{"taxonomy":"product_cat","embeddable":true,"href":"https:\/\/grontkontor.dk\/sv\/wp-json\/wp\/v2\/product_cat?post=75160"},{"taxonomy":"product_tag","embeddable":true,"href":"https:\/\/grontkontor.dk\/sv\/wp-json\/wp\/v2\/product_tag?post=75160"}],"curies":[{"name":"wp","href":"https:\/\/api.w.org\/{rel}","templated":true}]}}