{"id":75166,"date":"2023-09-22T13:13:28","date_gmt":"2023-09-22T21:15:22","guid":{"rendered":"https:\/\/grontkontor.dk\/produkt\/vattenflaska-i-staal-og-bambu-750ml\/"},"modified":"2023-09-22T23:15:33","modified_gmt":"2023-09-22T21:15:33","slug":"vattenflaska-i-staal-og-bambu-750ml","status":"publish","type":"product","link":"https:\/\/grontkontor.dk\/sv\/shop\/vattenflaska-i-staal-og-bambu-750ml\/","title":{"rendered":"Vattenflaska i st\u00e5l og bambu 750ml"},"content":{"rendered":"<p>V\u00e4l designad och milj\u00f6v\u00e4nlig dricksflaska i rostfritt st\u00e5l med lock i bambu och st\u00e5l. En klimat- och milj\u00f6v\u00e4nlig vattenflaska perfekt f\u00f6r kalla drycker.<br \/>\nKapacitet: 750 ml. Levereras i en presentf\u00f6rpackning. M\u00e5tt: \u00f872 \u00d7 242 mm<\/p>\n<p>St\u00e5l \u00e4r ett ovanligt robust och h\u00e5llbart material med m\u00f6jlighet till upprepad \u00e5tervinning av otaliga produkter &#8211; fr\u00e5n gem till bilkomponenter och j\u00e4rnv\u00e4gssp\u00e5r. N\u00e4r st\u00e5l produceras \u00e4r dess livscykel potentiellt o\u00e4ndlig eftersom det \u00e4r l\u00e4tt att sortera fr\u00e5n andra material och avfall med magneter och 100% \u00e5tervinningsbart utan kvalitetsf\u00f6rlust. D\u00e4rf\u00f6r kan st\u00e5l \/ j\u00e4rn betraktas som b\u00e5de en h\u00e5llbar och f\u00f6rnybar resurs.<\/p>\n","protected":false},"excerpt":{"rendered":"<p>V\u00e4l designad och milj\u00f6v\u00e4nlig dricksflaska i rostfritt st\u00e5l med lock i bambu och st\u00e5l. En klimat- och milj\u00f6v\u00e4nlig vattenflaska perfekt f\u00f6r kalla drycker. Kapacitet: 750 ml. Levereras i en presentf\u00f6rpackning. M\u00e5tt: \u00f872 \u00d7 242 mm St\u00e5l \u00e4r ett ovanligt robust och h\u00e5llbart material med m\u00f6jlighet till upprepad \u00e5tervinning av otaliga produkter &#8211; fr\u00e5n gem till [&hellip;]<\/p>\n","protected":false},"featured_media":20169,"comment_status":"closed","ping_status":"closed","template":"","meta":{"_acf_changed":false},"product_cat":[2107,2233,2003],"product_tag":[1899,1898,1897,1900],"class_list":{"0":"post-75166","1":"product","2":"type-product","3":"status-publish","4":"has-post-thumbnail","6":"product_cat-dummy-moq-1-sv","7":"product_cat-mat-och-dryck","8":"product_cat-drikkedunke-og-termoflasker-sv","9":"product_tag-flaske-sv","10":"product_tag-vandflaske-sv","11":"product_tag-drikkedunk-sv","12":"product_tag-vanddunk-sv","13":"pa_farve-blaa-sv","14":"pa_farve-roed-sv","15":"pa_farve-sort-sv","16":"pa_farve-hvid-sv","17":"tm-has-options","19":"first","20":"onbackorder","21":"taxable","22":"shipping-taxable","23":"purchasable","24":"product-type-simple"},"acf":[],"yoast_head":"<!-- This site is optimized with the Yoast SEO Premium plugin v21.2 (Yoast SEO v21.2) - https:\/\/yoast.com\/wordpress\/plugins\/seo\/ -->\n<title>Vattenflaska i st\u00e5l og bambu 750ml - Gr\u00f8nt Kontor<\/title>\n<meta name=\"robots\" content=\"index, follow, max-snippet:-1, max-image-preview:large, max-video-preview:-1\" \/>\n<link rel=\"canonical\" href=\"https:\/\/grontkontor.dk\/sv\/shop\/vattenflaska-i-staal-og-bambu-750ml\/\" \/>\n<meta property=\"og:locale\" content=\"sv_SE\" \/>\n<meta property=\"og:type\" content=\"article\" \/>\n<meta property=\"og:title\" content=\"Vattenflaska i st\u00e5l og bambu 750ml\" \/>\n<meta property=\"og:description\" content=\"V\u00e4l designad och milj\u00f6v\u00e4nlig dricksflaska i rostfritt st\u00e5l med lock i bambu och st\u00e5l. En klimat- och milj\u00f6v\u00e4nlig vattenflaska perfekt f\u00f6r kalla drycker. Kapacitet: 750 ml. Levereras i en presentf\u00f6rpackning. M\u00e5tt: \u00f872 \u00d7 242 mm St\u00e5l \u00e4r ett ovanligt robust och h\u00e5llbart material med m\u00f6jlighet till upprepad \u00e5tervinning av otaliga produkter &#8211; fr\u00e5n gem till [&hellip;]\" \/>\n<meta property=\"og:url\" content=\"https:\/\/grontkontor.dk\/sv\/shop\/vattenflaska-i-staal-og-bambu-750ml\/\" \/>\n<meta property=\"og:site_name\" content=\"Gr\u00f8nt Kontor\" \/>\n<meta property=\"article:publisher\" content=\"https:\/\/www.facebook.com\/grontkontor.dk\/\" \/>\n<meta property=\"article:modified_time\" content=\"2023-09-22T21:15:33+00:00\" \/>\n<meta property=\"og:image\" content=\"https:\/\/grontkontor.dk\/wp-content\/uploads\/2020\/10\/vandflaske-i-rustfri-staal-og-bambus-750ml-01.jpg\" \/>\n\t<meta property=\"og:image:width\" content=\"900\" \/>\n\t<meta property=\"og:image:height\" content=\"639\" \/>\n\t<meta property=\"og:image:type\" content=\"image\/jpeg\" \/>\n<meta name=\"twitter:card\" content=\"summary_large_image\" \/>\n<meta name=\"twitter:label1\" content=\"Ber\u00e4knad l\u00e4stid\" \/>\n\t<meta name=\"twitter:data1\" content=\"1 minut\" \/>\n<script type=\"application\/ld+json\" class=\"yoast-schema-graph\">{\"@context\":\"https:\/\/schema.org\",\"@graph\":[{\"@type\":\"WebPage\",\"@id\":\"https:\/\/grontkontor.dk\/sv\/shop\/vattenflaska-i-staal-og-bambu-750ml\/\",\"url\":\"https:\/\/grontkontor.dk\/sv\/shop\/vattenflaska-i-staal-og-bambu-750ml\/\",\"name\":\"Vattenflaska i st\u00e5l og bambu 750ml - Gr\u00f8nt Kontor\",\"isPartOf\":{\"@id\":\"https:\/\/grontkontor.dk\/#website\"},\"datePublished\":\"2023-09-22T21:15:22+00:00\",\"dateModified\":\"2023-09-22T21:15:33+00:00\",\"breadcrumb\":{\"@id\":\"https:\/\/grontkontor.dk\/sv\/shop\/vattenflaska-i-staal-og-bambu-750ml\/#breadcrumb\"},\"inLanguage\":\"sv-SE\",\"potentialAction\":[{\"@type\":\"ReadAction\",\"target\":[\"https:\/\/grontkontor.dk\/sv\/shop\/vattenflaska-i-staal-og-bambu-750ml\/\"]}]},{\"@type\":\"BreadcrumbList\",\"@id\":\"https:\/\/grontkontor.dk\/sv\/shop\/vattenflaska-i-staal-og-bambu-750ml\/#breadcrumb\",\"itemListElement\":[{\"@type\":\"ListItem\",\"position\":1,\"name\":\"Forside\",\"item\":\"https:\/\/grontkontor.dk\/\"},{\"@type\":\"ListItem\",\"position\":2,\"name\":\"Shop\",\"item\":\"https:\/\/grontkontor.dk\/sv\/shop\/\"},{\"@type\":\"ListItem\",\"position\":3,\"name\":\"Mat och dryck\",\"item\":\"https:\/\/grontkontor.dk\/sv\/produkt-kategori\/mat-och-dryck\/\"},{\"@type\":\"ListItem\",\"position\":4,\"name\":\"Termoser och vattenflaskor\",\"item\":\"https:\/\/grontkontor.dk\/sv\/produkt-kategori\/mat-och-dryck\/drikkedunke-og-termoflasker-sv\/\"},{\"@type\":\"ListItem\",\"position\":5,\"name\":\"Vattenflaska i st\u00e5l og bambu 750ml\"}]},{\"@type\":\"WebSite\",\"@id\":\"https:\/\/grontkontor.dk\/#website\",\"url\":\"https:\/\/grontkontor.dk\/\",\"name\":\"Gr\u00f8nt Kontor\",\"description\":\"Milj\u00f8venlige produkter til kontor og erhverv med fokus p\u00e5 b\u00e6redygtighed, design og fair trade.\",\"publisher\":{\"@id\":\"https:\/\/grontkontor.dk\/#organization\"},\"potentialAction\":[{\"@type\":\"SearchAction\",\"target\":{\"@type\":\"EntryPoint\",\"urlTemplate\":\"https:\/\/grontkontor.dk\/?s={search_term_string}\"},\"query-input\":\"required name=search_term_string\"}],\"inLanguage\":\"sv-SE\"},{\"@type\":\"Organization\",\"@id\":\"https:\/\/grontkontor.dk\/#organization\",\"name\":\"Gr\u00f8nt Kontor\",\"url\":\"https:\/\/grontkontor.dk\/\",\"logo\":{\"@type\":\"ImageObject\",\"inLanguage\":\"sv-SE\",\"@id\":\"https:\/\/grontkontor.dk\/#\/schema\/logo\/image\/\",\"url\":\"https:\/\/grontkontor.dk\/wp-content\/uploads\/2014\/02\/Logo_groent_kontor_300x80.png\",\"contentUrl\":\"https:\/\/grontkontor.dk\/wp-content\/uploads\/2014\/02\/Logo_groent_kontor_300x80.png\",\"width\":300,\"height\":80,\"caption\":\"Gr\u00f8nt Kontor\"},\"image\":{\"@id\":\"https:\/\/grontkontor.dk\/#\/schema\/logo\/image\/\"},\"sameAs\":[\"https:\/\/www.facebook.com\/grontkontor.dk\/\"]}]}<\/script>\n<!-- \/ Yoast SEO Premium plugin. -->","yoast_head_json":{"title":"Vattenflaska i st\u00e5l og bambu 750ml - Gr\u00f8nt Kontor","robots":{"index":"index","follow":"follow","max-snippet":"max-snippet:-1","max-image-preview":"max-image-preview:large","max-video-preview":"max-video-preview:-1"},"canonical":"https:\/\/grontkontor.dk\/sv\/shop\/vattenflaska-i-staal-og-bambu-750ml\/","og_locale":"sv_SE","og_type":"article","og_title":"Vattenflaska i st\u00e5l og bambu 750ml","og_description":"V\u00e4l designad och milj\u00f6v\u00e4nlig dricksflaska i rostfritt st\u00e5l med lock i bambu och st\u00e5l. En klimat- och milj\u00f6v\u00e4nlig vattenflaska perfekt f\u00f6r kalla drycker. Kapacitet: 750 ml. Levereras i en presentf\u00f6rpackning. M\u00e5tt: \u00f872 \u00d7 242 mm St\u00e5l \u00e4r ett ovanligt robust och h\u00e5llbart material med m\u00f6jlighet till upprepad \u00e5tervinning av otaliga produkter &#8211; fr\u00e5n gem till [&hellip;]","og_url":"https:\/\/grontkontor.dk\/sv\/shop\/vattenflaska-i-staal-og-bambu-750ml\/","og_site_name":"Gr\u00f8nt Kontor","article_publisher":"https:\/\/www.facebook.com\/grontkontor.dk\/","article_modified_time":"2023-09-22T21:15:33+00:00","og_image":[{"width":900,"height":639,"url":"https:\/\/grontkontor.dk\/wp-content\/uploads\/2020\/10\/vandflaske-i-rustfri-staal-og-bambus-750ml-01.jpg","type":"image\/jpeg"}],"twitter_card":"summary_large_image","twitter_misc":{"Ber\u00e4knad l\u00e4stid":"1 minut"},"schema":{"@context":"https:\/\/schema.org","@graph":[{"@type":"WebPage","@id":"https:\/\/grontkontor.dk\/sv\/shop\/vattenflaska-i-staal-og-bambu-750ml\/","url":"https:\/\/grontkontor.dk\/sv\/shop\/vattenflaska-i-staal-og-bambu-750ml\/","name":"Vattenflaska i st\u00e5l og bambu 750ml - Gr\u00f8nt Kontor","isPartOf":{"@id":"https:\/\/grontkontor.dk\/#website"},"datePublished":"2023-09-22T21:15:22+00:00","dateModified":"2023-09-22T21:15:33+00:00","breadcrumb":{"@id":"https:\/\/grontkontor.dk\/sv\/shop\/vattenflaska-i-staal-og-bambu-750ml\/#breadcrumb"},"inLanguage":"sv-SE","potentialAction":[{"@type":"ReadAction","target":["https:\/\/grontkontor.dk\/sv\/shop\/vattenflaska-i-staal-og-bambu-750ml\/"]}]},{"@type":"BreadcrumbList","@id":"https:\/\/grontkontor.dk\/sv\/shop\/vattenflaska-i-staal-og-bambu-750ml\/#breadcrumb","itemListElement":[{"@type":"ListItem","position":1,"name":"Forside","item":"https:\/\/grontkontor.dk\/"},{"@type":"ListItem","position":2,"name":"Shop","item":"https:\/\/grontkontor.dk\/sv\/shop\/"},{"@type":"ListItem","position":3,"name":"Mat och dryck","item":"https:\/\/grontkontor.dk\/sv\/produkt-kategori\/mat-och-dryck\/"},{"@type":"ListItem","position":4,"name":"Termoser och vattenflaskor","item":"https:\/\/grontkontor.dk\/sv\/produkt-kategori\/mat-och-dryck\/drikkedunke-og-termoflasker-sv\/"},{"@type":"ListItem","position":5,"name":"Vattenflaska i st\u00e5l og bambu 750ml"}]},{"@type":"WebSite","@id":"https:\/\/grontkontor.dk\/#website","url":"https:\/\/grontkontor.dk\/","name":"Gr\u00f8nt Kontor","description":"Milj\u00f8venlige produkter til kontor og erhverv med fokus p\u00e5 b\u00e6redygtighed, design og fair trade.","publisher":{"@id":"https:\/\/grontkontor.dk\/#organization"},"potentialAction":[{"@type":"SearchAction","target":{"@type":"EntryPoint","urlTemplate":"https:\/\/grontkontor.dk\/?s={search_term_string}"},"query-input":"required name=search_term_string"}],"inLanguage":"sv-SE"},{"@type":"Organization","@id":"https:\/\/grontkontor.dk\/#organization","name":"Gr\u00f8nt Kontor","url":"https:\/\/grontkontor.dk\/","logo":{"@type":"ImageObject","inLanguage":"sv-SE","@id":"https:\/\/grontkontor.dk\/#\/schema\/logo\/image\/","url":"https:\/\/grontkontor.dk\/wp-content\/uploads\/2014\/02\/Logo_groent_kontor_300x80.png","contentUrl":"https:\/\/grontkontor.dk\/wp-content\/uploads\/2014\/02\/Logo_groent_kontor_300x80.png","width":300,"height":80,"caption":"Gr\u00f8nt Kontor"},"image":{"@id":"https:\/\/grontkontor.dk\/#\/schema\/logo\/image\/"},"sameAs":["https:\/\/www.facebook.com\/grontkontor.dk\/"]}]}},"_links":{"self":[{"href":"https:\/\/grontkontor.dk\/sv\/wp-json\/wp\/v2\/product\/75166"}],"collection":[{"href":"https:\/\/grontkontor.dk\/sv\/wp-json\/wp\/v2\/product"}],"about":[{"href":"https:\/\/grontkontor.dk\/sv\/wp-json\/wp\/v2\/types\/product"}],"replies":[{"embeddable":true,"href":"https:\/\/grontkontor.dk\/sv\/wp-json\/wp\/v2\/comments?post=75166"}],"wp:featuredmedia":[{"embeddable":true,"href":"https:\/\/grontkontor.dk\/sv\/wp-json\/wp\/v2\/media\/20169"}],"wp:attachment":[{"href":"https:\/\/grontkontor.dk\/sv\/wp-json\/wp\/v2\/media?parent=75166"}],"wp:term":[{"taxonomy":"product_cat","embeddable":true,"href":"https:\/\/grontkontor.dk\/sv\/wp-json\/wp\/v2\/product_cat?post=75166"},{"taxonomy":"product_tag","embeddable":true,"href":"https:\/\/grontkontor.dk\/sv\/wp-json\/wp\/v2\/product_tag?post=75166"}],"curies":[{"name":"wp","href":"https:\/\/api.w.org\/{rel}","templated":true}]}}