{"id":75186,"date":"2023-09-22T13:13:44","date_gmt":"2023-09-22T21:15:36","guid":{"rendered":"https:\/\/grontkontor.dk\/produkt\/kopieringspapper-100g-fsc-ecolabel\/"},"modified":"2024-02-28T10:44:12","modified_gmt":"2024-02-28T09:44:12","slug":"kopieringspapper-100g-fsc-ecolabel","status":"publish","type":"product","link":"https:\/\/grontkontor.dk\/sv\/shop\/kopieringspapper-100g-fsc-ecolabel\/","title":{"rendered":"F\u00e4rgat skrivarpapper 100g FSC \/ Ecolabel"},"content":{"rendered":"<p>Klimatv\u00e4nligt, lyxigt f\u00e4rgkopieringspapper med sl\u00e4t och j\u00e4mn yta, s\u00e4rskilt l\u00e4mpligt f\u00f6r f\u00e4rgtryck eller f\u00e4rgkopiering. ColorCopy-papper \u00e4r tillverkat av extra starkt 100g FSC- och EU Ecolabel-certifierat papper. En klimat- och milj\u00f6v\u00e4nlig produkt tillverkad i EU. FSC-certifikatet s\u00e4kerst\u00e4ller \u00e5terplantering av de tr\u00e4d som anv\u00e4nds i produktionen.<br \/>\nLevereras i f\u00f6rpackningar om 500 ark eller i l\u00e5dor om 5 x 500 ark<\/p>\n<p>FSC certificeringen s\u00e4krar \u00e5terplantering av skog, beskyddar djur- och v\u00e4xtliv\noch s\u00e4krar goda l\u00f6n- och arbetsf\u00f6rh\u00e5llanden.  EU-Ecolabel \/ EU-blomman \u00e4r det officiella europeiska milj\u00f6m\u00e4rket, som st\u00e4ller h\u00e5rda milj\u00f6krav till l\u00e5gt inneh\u00e5ll av kemikalier. <\/p>\n<p>&nbsp;<\/p>\n<p><a href=\"https:\/\/ic.fsc.org\/en\/\" target=\"window\"><img loading=\"lazy\" decoding=\"async\" class=\"size-full wp-image-12735\" src=\"https:\/\/grontkontor.dk\/wp-content\/uploads\/2019\/04\/fsc-certificeret.png\" \n\t\t alt=\"FSC-certificeret\" title=\"FSC-certificeret\" width=\"44\" height=\"51\" border=0\/><\/a> <a href=\"https:\/\/ec.europa.eu\/environment\/ecolabel\/\"><img loading=\"lazy\" decoding=\"async\" class=\" wp-image-20557\" src=\"https:\/\/grontkontor.dk\/wp-content\/uploads\/2020\/11\/ecolabel.png\" alt=\"EU ecolabel\" width=\"45\" height=\"50\" \/><\/a><\/p>\n","protected":false},"excerpt":{"rendered":"<p>Klimatv\u00e4nligt, lyxigt f\u00e4rgkopieringspapper med sl\u00e4t och j\u00e4mn yta, s\u00e4rskilt l\u00e4mpligt f\u00f6r f\u00e4rgtryck eller f\u00e4rgkopiering. ColorCopy-papper \u00e4r tillverkat av extra starkt 100g FSC- och EU Ecolabel-certifierat papper. En klimat- och milj\u00f6v\u00e4nlig produkt tillverkad i EU. FSC-certifikatet s\u00e4kerst\u00e4ller \u00e5terplantering av de tr\u00e4d som anv\u00e4nds i produktionen. Levereras i f\u00f6rpackningar om 500 ark eller i l\u00e5dor om 5 [&hellip;]<\/p>\n","protected":false},"featured_media":20592,"comment_status":"closed","ping_status":"closed","template":"","meta":{"_acf_changed":false},"product_cat":[2107,2104,661],"product_tag":[2125,2124],"class_list":{"0":"post-75186","1":"product","2":"type-product","3":"status-publish","4":"has-post-thumbnail","6":"product_cat-dummy-moq-1-sv","7":"product_cat-kopierings-och-skrivarpapper","8":"product_cat-papper-och-block","9":"product_tag-kopipapir-sv","10":"product_tag-papir-sv","11":"tm-has-options","13":"first","14":"onbackorder","15":"taxable","16":"shipping-taxable","17":"purchasable","18":"product-type-simple"},"acf":[],"yoast_head":"<!-- This site is optimized with the Yoast SEO Premium plugin v21.2 (Yoast SEO v21.2) - https:\/\/yoast.com\/wordpress\/plugins\/seo\/ -->\n<title>F\u00e4rgat skrivarpapper 100g FSC \/ Ecolabel - Gr\u00f8nt Kontor<\/title>\n<meta name=\"robots\" content=\"index, follow, max-snippet:-1, max-image-preview:large, max-video-preview:-1\" \/>\n<link rel=\"canonical\" href=\"https:\/\/grontkontor.dk\/sv\/shop\/kopieringspapper-100g-fsc-ecolabel\/\" \/>\n<meta property=\"og:locale\" content=\"sv_SE\" \/>\n<meta property=\"og:type\" content=\"article\" \/>\n<meta property=\"og:title\" content=\"F\u00e4rgat skrivarpapper 100g FSC \/ Ecolabel\" \/>\n<meta property=\"og:description\" content=\"Klimatv\u00e4nligt, lyxigt f\u00e4rgkopieringspapper med sl\u00e4t och j\u00e4mn yta, s\u00e4rskilt l\u00e4mpligt f\u00f6r f\u00e4rgtryck eller f\u00e4rgkopiering. ColorCopy-papper \u00e4r tillverkat av extra starkt 100g FSC- och EU Ecolabel-certifierat papper. En klimat- och milj\u00f6v\u00e4nlig produkt tillverkad i EU. FSC-certifikatet s\u00e4kerst\u00e4ller \u00e5terplantering av de tr\u00e4d som anv\u00e4nds i produktionen. Levereras i f\u00f6rpackningar om 500 ark eller i l\u00e5dor om 5 [&hellip;]\" \/>\n<meta property=\"og:url\" content=\"https:\/\/grontkontor.dk\/sv\/shop\/kopieringspapper-100g-fsc-ecolabel\/\" \/>\n<meta property=\"og:site_name\" content=\"Gr\u00f8nt Kontor\" \/>\n<meta property=\"article:publisher\" content=\"https:\/\/www.facebook.com\/grontkontor.dk\/\" \/>\n<meta property=\"article:modified_time\" content=\"2024-02-28T09:44:12+00:00\" \/>\n<meta property=\"og:image\" content=\"https:\/\/grontkontor.dk\/wp-content\/uploads\/2020\/11\/color-copy-papir-100g-a4.jpg\" \/>\n\t<meta property=\"og:image:width\" content=\"800\" \/>\n\t<meta property=\"og:image:height\" content=\"568\" \/>\n\t<meta property=\"og:image:type\" content=\"image\/jpeg\" \/>\n<meta name=\"twitter:card\" content=\"summary_large_image\" \/>\n<script type=\"application\/ld+json\" class=\"yoast-schema-graph\">{\"@context\":\"https:\/\/schema.org\",\"@graph\":[{\"@type\":\"WebPage\",\"@id\":\"https:\/\/grontkontor.dk\/sv\/shop\/kopieringspapper-100g-fsc-ecolabel\/\",\"url\":\"https:\/\/grontkontor.dk\/sv\/shop\/kopieringspapper-100g-fsc-ecolabel\/\",\"name\":\"F\u00e4rgat skrivarpapper 100g FSC \/ Ecolabel - Gr\u00f8nt Kontor\",\"isPartOf\":{\"@id\":\"https:\/\/grontkontor.dk\/#website\"},\"datePublished\":\"2023-09-22T21:15:36+00:00\",\"dateModified\":\"2024-02-28T09:44:12+00:00\",\"breadcrumb\":{\"@id\":\"https:\/\/grontkontor.dk\/sv\/shop\/kopieringspapper-100g-fsc-ecolabel\/#breadcrumb\"},\"inLanguage\":\"sv-SE\",\"potentialAction\":[{\"@type\":\"ReadAction\",\"target\":[\"https:\/\/grontkontor.dk\/sv\/shop\/kopieringspapper-100g-fsc-ecolabel\/\"]}]},{\"@type\":\"BreadcrumbList\",\"@id\":\"https:\/\/grontkontor.dk\/sv\/shop\/kopieringspapper-100g-fsc-ecolabel\/#breadcrumb\",\"itemListElement\":[{\"@type\":\"ListItem\",\"position\":1,\"name\":\"Forside\",\"item\":\"https:\/\/grontkontor.dk\/\"},{\"@type\":\"ListItem\",\"position\":2,\"name\":\"Shop\",\"item\":\"https:\/\/grontkontor.dk\/sv\/shop\/\"},{\"@type\":\"ListItem\",\"position\":3,\"name\":\"Papir og blokke\",\"item\":\"https:\/\/grontkontor.dk\/produkt-kategori\/papir\/\"},{\"@type\":\"ListItem\",\"position\":4,\"name\":\"Kopi- og printerpapir\",\"item\":\"https:\/\/grontkontor.dk\/produkt-kategori\/papir\/kopi-og-printerpapir\/\"},{\"@type\":\"ListItem\",\"position\":5,\"name\":\"F\u00e4rgat skrivarpapper 100g FSC \/ Ecolabel\"}]},{\"@type\":\"WebSite\",\"@id\":\"https:\/\/grontkontor.dk\/#website\",\"url\":\"https:\/\/grontkontor.dk\/\",\"name\":\"Gr\u00f8nt Kontor\",\"description\":\"Milj\u00f8venlige produkter til kontor og erhverv med fokus p\u00e5 b\u00e6redygtighed, design og fair trade.\",\"publisher\":{\"@id\":\"https:\/\/grontkontor.dk\/#organization\"},\"potentialAction\":[{\"@type\":\"SearchAction\",\"target\":{\"@type\":\"EntryPoint\",\"urlTemplate\":\"https:\/\/grontkontor.dk\/?s={search_term_string}\"},\"query-input\":\"required name=search_term_string\"}],\"inLanguage\":\"sv-SE\"},{\"@type\":\"Organization\",\"@id\":\"https:\/\/grontkontor.dk\/#organization\",\"name\":\"Gr\u00f8nt Kontor\",\"url\":\"https:\/\/grontkontor.dk\/\",\"logo\":{\"@type\":\"ImageObject\",\"inLanguage\":\"sv-SE\",\"@id\":\"https:\/\/grontkontor.dk\/#\/schema\/logo\/image\/\",\"url\":\"https:\/\/grontkontor.dk\/wp-content\/uploads\/2014\/02\/Logo_groent_kontor_300x80.png\",\"contentUrl\":\"https:\/\/grontkontor.dk\/wp-content\/uploads\/2014\/02\/Logo_groent_kontor_300x80.png\",\"width\":300,\"height\":80,\"caption\":\"Gr\u00f8nt Kontor\"},\"image\":{\"@id\":\"https:\/\/grontkontor.dk\/#\/schema\/logo\/image\/\"},\"sameAs\":[\"https:\/\/www.facebook.com\/grontkontor.dk\/\"]}]}<\/script>\n<!-- \/ Yoast SEO Premium plugin. -->","yoast_head_json":{"title":"F\u00e4rgat skrivarpapper 100g FSC \/ Ecolabel - Gr\u00f8nt Kontor","robots":{"index":"index","follow":"follow","max-snippet":"max-snippet:-1","max-image-preview":"max-image-preview:large","max-video-preview":"max-video-preview:-1"},"canonical":"https:\/\/grontkontor.dk\/sv\/shop\/kopieringspapper-100g-fsc-ecolabel\/","og_locale":"sv_SE","og_type":"article","og_title":"F\u00e4rgat skrivarpapper 100g FSC \/ Ecolabel","og_description":"Klimatv\u00e4nligt, lyxigt f\u00e4rgkopieringspapper med sl\u00e4t och j\u00e4mn yta, s\u00e4rskilt l\u00e4mpligt f\u00f6r f\u00e4rgtryck eller f\u00e4rgkopiering. ColorCopy-papper \u00e4r tillverkat av extra starkt 100g FSC- och EU Ecolabel-certifierat papper. En klimat- och milj\u00f6v\u00e4nlig produkt tillverkad i EU. FSC-certifikatet s\u00e4kerst\u00e4ller \u00e5terplantering av de tr\u00e4d som anv\u00e4nds i produktionen. Levereras i f\u00f6rpackningar om 500 ark eller i l\u00e5dor om 5 [&hellip;]","og_url":"https:\/\/grontkontor.dk\/sv\/shop\/kopieringspapper-100g-fsc-ecolabel\/","og_site_name":"Gr\u00f8nt Kontor","article_publisher":"https:\/\/www.facebook.com\/grontkontor.dk\/","article_modified_time":"2024-02-28T09:44:12+00:00","og_image":[{"width":800,"height":568,"url":"https:\/\/grontkontor.dk\/wp-content\/uploads\/2020\/11\/color-copy-papir-100g-a4.jpg","type":"image\/jpeg"}],"twitter_card":"summary_large_image","schema":{"@context":"https:\/\/schema.org","@graph":[{"@type":"WebPage","@id":"https:\/\/grontkontor.dk\/sv\/shop\/kopieringspapper-100g-fsc-ecolabel\/","url":"https:\/\/grontkontor.dk\/sv\/shop\/kopieringspapper-100g-fsc-ecolabel\/","name":"F\u00e4rgat skrivarpapper 100g FSC \/ Ecolabel - Gr\u00f8nt Kontor","isPartOf":{"@id":"https:\/\/grontkontor.dk\/#website"},"datePublished":"2023-09-22T21:15:36+00:00","dateModified":"2024-02-28T09:44:12+00:00","breadcrumb":{"@id":"https:\/\/grontkontor.dk\/sv\/shop\/kopieringspapper-100g-fsc-ecolabel\/#breadcrumb"},"inLanguage":"sv-SE","potentialAction":[{"@type":"ReadAction","target":["https:\/\/grontkontor.dk\/sv\/shop\/kopieringspapper-100g-fsc-ecolabel\/"]}]},{"@type":"BreadcrumbList","@id":"https:\/\/grontkontor.dk\/sv\/shop\/kopieringspapper-100g-fsc-ecolabel\/#breadcrumb","itemListElement":[{"@type":"ListItem","position":1,"name":"Forside","item":"https:\/\/grontkontor.dk\/"},{"@type":"ListItem","position":2,"name":"Shop","item":"https:\/\/grontkontor.dk\/sv\/shop\/"},{"@type":"ListItem","position":3,"name":"Papir og blokke","item":"https:\/\/grontkontor.dk\/produkt-kategori\/papir\/"},{"@type":"ListItem","position":4,"name":"Kopi- og printerpapir","item":"https:\/\/grontkontor.dk\/produkt-kategori\/papir\/kopi-og-printerpapir\/"},{"@type":"ListItem","position":5,"name":"F\u00e4rgat skrivarpapper 100g FSC \/ Ecolabel"}]},{"@type":"WebSite","@id":"https:\/\/grontkontor.dk\/#website","url":"https:\/\/grontkontor.dk\/","name":"Gr\u00f8nt Kontor","description":"Milj\u00f8venlige produkter til kontor og erhverv med fokus p\u00e5 b\u00e6redygtighed, design og fair trade.","publisher":{"@id":"https:\/\/grontkontor.dk\/#organization"},"potentialAction":[{"@type":"SearchAction","target":{"@type":"EntryPoint","urlTemplate":"https:\/\/grontkontor.dk\/?s={search_term_string}"},"query-input":"required name=search_term_string"}],"inLanguage":"sv-SE"},{"@type":"Organization","@id":"https:\/\/grontkontor.dk\/#organization","name":"Gr\u00f8nt Kontor","url":"https:\/\/grontkontor.dk\/","logo":{"@type":"ImageObject","inLanguage":"sv-SE","@id":"https:\/\/grontkontor.dk\/#\/schema\/logo\/image\/","url":"https:\/\/grontkontor.dk\/wp-content\/uploads\/2014\/02\/Logo_groent_kontor_300x80.png","contentUrl":"https:\/\/grontkontor.dk\/wp-content\/uploads\/2014\/02\/Logo_groent_kontor_300x80.png","width":300,"height":80,"caption":"Gr\u00f8nt Kontor"},"image":{"@id":"https:\/\/grontkontor.dk\/#\/schema\/logo\/image\/"},"sameAs":["https:\/\/www.facebook.com\/grontkontor.dk\/"]}]}},"_links":{"self":[{"href":"https:\/\/grontkontor.dk\/sv\/wp-json\/wp\/v2\/product\/75186"}],"collection":[{"href":"https:\/\/grontkontor.dk\/sv\/wp-json\/wp\/v2\/product"}],"about":[{"href":"https:\/\/grontkontor.dk\/sv\/wp-json\/wp\/v2\/types\/product"}],"replies":[{"embeddable":true,"href":"https:\/\/grontkontor.dk\/sv\/wp-json\/wp\/v2\/comments?post=75186"}],"wp:featuredmedia":[{"embeddable":true,"href":"https:\/\/grontkontor.dk\/sv\/wp-json\/wp\/v2\/media\/20592"}],"wp:attachment":[{"href":"https:\/\/grontkontor.dk\/sv\/wp-json\/wp\/v2\/media?parent=75186"}],"wp:term":[{"taxonomy":"product_cat","embeddable":true,"href":"https:\/\/grontkontor.dk\/sv\/wp-json\/wp\/v2\/product_cat?post=75186"},{"taxonomy":"product_tag","embeddable":true,"href":"https:\/\/grontkontor.dk\/sv\/wp-json\/wp\/v2\/product_tag?post=75186"}],"curies":[{"name":"wp","href":"https:\/\/api.w.org\/{rel}","templated":true}]}}