{"id":75190,"date":"2023-09-22T13:13:44","date_gmt":"2023-09-22T21:15:36","guid":{"rendered":"https:\/\/grontkontor.dk\/produkt\/termoflaska-i-staal-450ml\/"},"modified":"2024-02-28T10:41:43","modified_gmt":"2024-02-28T09:41:43","slug":"termoflaska-i-staal-450ml","status":"publish","type":"product","link":"https:\/\/grontkontor.dk\/sv\/shop\/termoflaska-i-staal-450ml\/","title":{"rendered":"Termoflaska i st\u00e5l og kork 450 ml"},"content":{"rendered":"<p>Exklusiv och milj\u00f6v\u00e4nlig termoflaska i svart eller glansigt rostfritt st\u00e5l med insats &#8220;infusionsanordning&#8221; f\u00f6r te och med korkbotten. Lock i rostfritt st\u00e5l med PP-hylsa. En mycket h\u00e5llbar och milj\u00f6v\u00e4nlig produkt. Perfekt till f\u00f6retagspresent eller som en g\u00e5va f\u00f6r m\u00e4ssor och evenemang.<br \/>\nL\u00e4mplig f\u00f6r diskmaskin, inte f\u00f6r mikrov\u00e5gsugn.<br \/>\nInneh\u00e5ll: 450 ml<\/p>\n<p>&nbsp;<\/p>\n<p>St\u00e5l\/j\u00e4rn \u00e4r en \u00e5tranv\u00e4ndbar och i praktiken obegr\u00e4nsad resurs som inte f\u00f6rorenar vid kassering. Produktionen av st\u00e5l \u00e4r i sig sj\u00e4lv inte h\u00e5llbar, d\u00e5 det produceras stora m\u00e4ngder CO2 fr\u00e5n fossila materialer i processen. Men d\u00e4remot har st\u00e5lprodukter en ovanligt l\u00e5ng levnadstid och g\u00f6r det m\u00f6jligt f\u00f6r \u00e5tervinning i det o\u00e4ndliga, vilket sker i s\u00e5 stort utstr\u00e4ckning att absolut st\u00f6rsta delen av allt st\u00e5l p\u00e5 marknaden, i huvudsak, best\u00e5r av \u00e5tervunnet st\u00e5l.  Kork \u00e4r ett mycket klimatv\u00e4nligt, bionedbrytbart och komposterbart naturmaterial, som kommer fr\u00e5n korkeken. Kork er en snabbt regenererende resurs som kan sk\u00f6rdas varje \u00e5r p\u00e5 samma tr\u00e4d. <\/p>\n","protected":false},"excerpt":{"rendered":"<p>Exklusiv och milj\u00f6v\u00e4nlig termoflaska i svart eller glansigt rostfritt st\u00e5l med insats &#8220;infusionsanordning&#8221; f\u00f6r te och med korkbotten. Lock i rostfritt st\u00e5l med PP-hylsa. En mycket h\u00e5llbar och milj\u00f6v\u00e4nlig produkt. Perfekt till f\u00f6retagspresent eller som en g\u00e5va f\u00f6r m\u00e4ssor och evenemang. L\u00e4mplig f\u00f6r diskmaskin, inte f\u00f6r mikrov\u00e5gsugn. Inneh\u00e5ll: 450 ml &nbsp;<\/p>\n","protected":false},"featured_media":20667,"comment_status":"closed","ping_status":"closed","template":"","meta":{"_acf_changed":false},"product_cat":[4399,2107,2233,2003],"product_tag":[1977],"class_list":{"0":"post-75190","1":"product","2":"type-product","3":"status-publish","4":"has-post-thumbnail","6":"product_cat-termoser-och-vattenflaskor","7":"product_cat-dummy-moq-1-sv","8":"product_cat-mat-och-dryck","9":"product_cat-drikkedunke-og-termoflasker-sv","10":"product_tag-termoflaske-sv","11":"tm-has-options","13":"first","14":"instock","15":"sale","16":"taxable","17":"shipping-taxable","18":"purchasable","19":"product-type-variable","20":"has-default-attributes"},"acf":[],"yoast_head":"<!-- This site is optimized with the Yoast SEO Premium plugin v21.2 (Yoast SEO v21.2) - https:\/\/yoast.com\/wordpress\/plugins\/seo\/ -->\n<title>Termoflaska i st\u00e5l og kork 450 ml - Gr\u00f8nt Kontor<\/title>\n<meta name=\"robots\" content=\"index, follow, max-snippet:-1, max-image-preview:large, max-video-preview:-1\" \/>\n<link rel=\"canonical\" href=\"https:\/\/grontkontor.dk\/sv\/shop\/termoflaska-i-staal-450ml\/\" \/>\n<meta property=\"og:locale\" content=\"sv_SE\" \/>\n<meta property=\"og:type\" content=\"article\" \/>\n<meta property=\"og:title\" content=\"Termoflaska i st\u00e5l og kork 450 ml\" \/>\n<meta property=\"og:description\" content=\"Exklusiv och milj\u00f6v\u00e4nlig termoflaska i svart eller glansigt rostfritt st\u00e5l med insats &#8220;infusionsanordning&#8221; f\u00f6r te och med korkbotten. Lock i rostfritt st\u00e5l med PP-hylsa. En mycket h\u00e5llbar och milj\u00f6v\u00e4nlig produkt. Perfekt till f\u00f6retagspresent eller som en g\u00e5va f\u00f6r m\u00e4ssor och evenemang. L\u00e4mplig f\u00f6r diskmaskin, inte f\u00f6r mikrov\u00e5gsugn. Inneh\u00e5ll: 450 ml &nbsp;\" \/>\n<meta property=\"og:url\" content=\"https:\/\/grontkontor.dk\/sv\/shop\/termoflaska-i-staal-450ml\/\" \/>\n<meta property=\"og:site_name\" content=\"Gr\u00f8nt Kontor\" \/>\n<meta property=\"article:publisher\" content=\"https:\/\/www.facebook.com\/grontkontor.dk\/\" \/>\n<meta property=\"article:modified_time\" content=\"2024-02-28T09:41:43+00:00\" \/>\n<meta property=\"og:image\" content=\"https:\/\/grontkontor.dk\/wp-content\/uploads\/2020\/11\/termoflaske-staal-450ml-09.jpg\" \/>\n\t<meta property=\"og:image:width\" content=\"800\" \/>\n\t<meta property=\"og:image:height\" content=\"568\" \/>\n\t<meta property=\"og:image:type\" content=\"image\/jpeg\" \/>\n<meta name=\"twitter:card\" content=\"summary_large_image\" \/>\n<meta name=\"twitter:label1\" content=\"Ber\u00e4knad l\u00e4stid\" \/>\n\t<meta name=\"twitter:data1\" content=\"1 minut\" \/>\n<script type=\"application\/ld+json\" class=\"yoast-schema-graph\">{\"@context\":\"https:\/\/schema.org\",\"@graph\":[{\"@type\":\"WebPage\",\"@id\":\"https:\/\/grontkontor.dk\/sv\/shop\/termoflaska-i-staal-450ml\/\",\"url\":\"https:\/\/grontkontor.dk\/sv\/shop\/termoflaska-i-staal-450ml\/\",\"name\":\"Termoflaska i st\u00e5l og kork 450 ml - Gr\u00f8nt Kontor\",\"isPartOf\":{\"@id\":\"https:\/\/grontkontor.dk\/#website\"},\"datePublished\":\"2023-09-22T21:15:36+00:00\",\"dateModified\":\"2024-02-28T09:41:43+00:00\",\"breadcrumb\":{\"@id\":\"https:\/\/grontkontor.dk\/sv\/shop\/termoflaska-i-staal-450ml\/#breadcrumb\"},\"inLanguage\":\"sv-SE\",\"potentialAction\":[{\"@type\":\"ReadAction\",\"target\":[\"https:\/\/grontkontor.dk\/sv\/shop\/termoflaska-i-staal-450ml\/\"]}]},{\"@type\":\"BreadcrumbList\",\"@id\":\"https:\/\/grontkontor.dk\/sv\/shop\/termoflaska-i-staal-450ml\/#breadcrumb\",\"itemListElement\":[{\"@type\":\"ListItem\",\"position\":1,\"name\":\"Forside\",\"item\":\"https:\/\/grontkontor.dk\/\"},{\"@type\":\"ListItem\",\"position\":2,\"name\":\"Shop\",\"item\":\"https:\/\/grontkontor.dk\/sv\/shop\/\"},{\"@type\":\"ListItem\",\"position\":3,\"name\":\"Klimatsmarta f\u00f6retagspresenter\",\"item\":\"https:\/\/grontkontor.dk\/sv\/produkt-kategori\/miljovaenliga-foretagspresenter\/\"},{\"@type\":\"ListItem\",\"position\":4,\"name\":\"Termoser och vattenflaskor\",\"item\":\"https:\/\/grontkontor.dk\/sv\/produkt-kategori\/miljovaenliga-foretagspresenter\/termoser-och-vattenflaskor\/\"},{\"@type\":\"ListItem\",\"position\":5,\"name\":\"Termoflaska i st\u00e5l og kork 450 ml\"}]},{\"@type\":\"WebSite\",\"@id\":\"https:\/\/grontkontor.dk\/#website\",\"url\":\"https:\/\/grontkontor.dk\/\",\"name\":\"Gr\u00f8nt Kontor\",\"description\":\"Milj\u00f8venlige produkter til kontor og erhverv med fokus p\u00e5 b\u00e6redygtighed, design og fair trade.\",\"publisher\":{\"@id\":\"https:\/\/grontkontor.dk\/#organization\"},\"potentialAction\":[{\"@type\":\"SearchAction\",\"target\":{\"@type\":\"EntryPoint\",\"urlTemplate\":\"https:\/\/grontkontor.dk\/?s={search_term_string}\"},\"query-input\":\"required name=search_term_string\"}],\"inLanguage\":\"sv-SE\"},{\"@type\":\"Organization\",\"@id\":\"https:\/\/grontkontor.dk\/#organization\",\"name\":\"Gr\u00f8nt Kontor\",\"url\":\"https:\/\/grontkontor.dk\/\",\"logo\":{\"@type\":\"ImageObject\",\"inLanguage\":\"sv-SE\",\"@id\":\"https:\/\/grontkontor.dk\/#\/schema\/logo\/image\/\",\"url\":\"https:\/\/grontkontor.dk\/wp-content\/uploads\/2014\/02\/Logo_groent_kontor_300x80.png\",\"contentUrl\":\"https:\/\/grontkontor.dk\/wp-content\/uploads\/2014\/02\/Logo_groent_kontor_300x80.png\",\"width\":300,\"height\":80,\"caption\":\"Gr\u00f8nt Kontor\"},\"image\":{\"@id\":\"https:\/\/grontkontor.dk\/#\/schema\/logo\/image\/\"},\"sameAs\":[\"https:\/\/www.facebook.com\/grontkontor.dk\/\"]}]}<\/script>\n<!-- \/ Yoast SEO Premium plugin. -->","yoast_head_json":{"title":"Termoflaska i st\u00e5l og kork 450 ml - Gr\u00f8nt Kontor","robots":{"index":"index","follow":"follow","max-snippet":"max-snippet:-1","max-image-preview":"max-image-preview:large","max-video-preview":"max-video-preview:-1"},"canonical":"https:\/\/grontkontor.dk\/sv\/shop\/termoflaska-i-staal-450ml\/","og_locale":"sv_SE","og_type":"article","og_title":"Termoflaska i st\u00e5l og kork 450 ml","og_description":"Exklusiv och milj\u00f6v\u00e4nlig termoflaska i svart eller glansigt rostfritt st\u00e5l med insats &#8220;infusionsanordning&#8221; f\u00f6r te och med korkbotten. Lock i rostfritt st\u00e5l med PP-hylsa. En mycket h\u00e5llbar och milj\u00f6v\u00e4nlig produkt. Perfekt till f\u00f6retagspresent eller som en g\u00e5va f\u00f6r m\u00e4ssor och evenemang. L\u00e4mplig f\u00f6r diskmaskin, inte f\u00f6r mikrov\u00e5gsugn. Inneh\u00e5ll: 450 ml &nbsp;","og_url":"https:\/\/grontkontor.dk\/sv\/shop\/termoflaska-i-staal-450ml\/","og_site_name":"Gr\u00f8nt Kontor","article_publisher":"https:\/\/www.facebook.com\/grontkontor.dk\/","article_modified_time":"2024-02-28T09:41:43+00:00","og_image":[{"width":800,"height":568,"url":"https:\/\/grontkontor.dk\/wp-content\/uploads\/2020\/11\/termoflaske-staal-450ml-09.jpg","type":"image\/jpeg"}],"twitter_card":"summary_large_image","twitter_misc":{"Ber\u00e4knad l\u00e4stid":"1 minut"},"schema":{"@context":"https:\/\/schema.org","@graph":[{"@type":"WebPage","@id":"https:\/\/grontkontor.dk\/sv\/shop\/termoflaska-i-staal-450ml\/","url":"https:\/\/grontkontor.dk\/sv\/shop\/termoflaska-i-staal-450ml\/","name":"Termoflaska i st\u00e5l og kork 450 ml - Gr\u00f8nt Kontor","isPartOf":{"@id":"https:\/\/grontkontor.dk\/#website"},"datePublished":"2023-09-22T21:15:36+00:00","dateModified":"2024-02-28T09:41:43+00:00","breadcrumb":{"@id":"https:\/\/grontkontor.dk\/sv\/shop\/termoflaska-i-staal-450ml\/#breadcrumb"},"inLanguage":"sv-SE","potentialAction":[{"@type":"ReadAction","target":["https:\/\/grontkontor.dk\/sv\/shop\/termoflaska-i-staal-450ml\/"]}]},{"@type":"BreadcrumbList","@id":"https:\/\/grontkontor.dk\/sv\/shop\/termoflaska-i-staal-450ml\/#breadcrumb","itemListElement":[{"@type":"ListItem","position":1,"name":"Forside","item":"https:\/\/grontkontor.dk\/"},{"@type":"ListItem","position":2,"name":"Shop","item":"https:\/\/grontkontor.dk\/sv\/shop\/"},{"@type":"ListItem","position":3,"name":"Klimatsmarta f\u00f6retagspresenter","item":"https:\/\/grontkontor.dk\/sv\/produkt-kategori\/miljovaenliga-foretagspresenter\/"},{"@type":"ListItem","position":4,"name":"Termoser och vattenflaskor","item":"https:\/\/grontkontor.dk\/sv\/produkt-kategori\/miljovaenliga-foretagspresenter\/termoser-och-vattenflaskor\/"},{"@type":"ListItem","position":5,"name":"Termoflaska i st\u00e5l og kork 450 ml"}]},{"@type":"WebSite","@id":"https:\/\/grontkontor.dk\/#website","url":"https:\/\/grontkontor.dk\/","name":"Gr\u00f8nt Kontor","description":"Milj\u00f8venlige produkter til kontor og erhverv med fokus p\u00e5 b\u00e6redygtighed, design og fair trade.","publisher":{"@id":"https:\/\/grontkontor.dk\/#organization"},"potentialAction":[{"@type":"SearchAction","target":{"@type":"EntryPoint","urlTemplate":"https:\/\/grontkontor.dk\/?s={search_term_string}"},"query-input":"required name=search_term_string"}],"inLanguage":"sv-SE"},{"@type":"Organization","@id":"https:\/\/grontkontor.dk\/#organization","name":"Gr\u00f8nt Kontor","url":"https:\/\/grontkontor.dk\/","logo":{"@type":"ImageObject","inLanguage":"sv-SE","@id":"https:\/\/grontkontor.dk\/#\/schema\/logo\/image\/","url":"https:\/\/grontkontor.dk\/wp-content\/uploads\/2014\/02\/Logo_groent_kontor_300x80.png","contentUrl":"https:\/\/grontkontor.dk\/wp-content\/uploads\/2014\/02\/Logo_groent_kontor_300x80.png","width":300,"height":80,"caption":"Gr\u00f8nt Kontor"},"image":{"@id":"https:\/\/grontkontor.dk\/#\/schema\/logo\/image\/"},"sameAs":["https:\/\/www.facebook.com\/grontkontor.dk\/"]}]}},"_links":{"self":[{"href":"https:\/\/grontkontor.dk\/sv\/wp-json\/wp\/v2\/product\/75190"}],"collection":[{"href":"https:\/\/grontkontor.dk\/sv\/wp-json\/wp\/v2\/product"}],"about":[{"href":"https:\/\/grontkontor.dk\/sv\/wp-json\/wp\/v2\/types\/product"}],"replies":[{"embeddable":true,"href":"https:\/\/grontkontor.dk\/sv\/wp-json\/wp\/v2\/comments?post=75190"}],"wp:featuredmedia":[{"embeddable":true,"href":"https:\/\/grontkontor.dk\/sv\/wp-json\/wp\/v2\/media\/20667"}],"wp:attachment":[{"href":"https:\/\/grontkontor.dk\/sv\/wp-json\/wp\/v2\/media?parent=75190"}],"wp:term":[{"taxonomy":"product_cat","embeddable":true,"href":"https:\/\/grontkontor.dk\/sv\/wp-json\/wp\/v2\/product_cat?post=75190"},{"taxonomy":"product_tag","embeddable":true,"href":"https:\/\/grontkontor.dk\/sv\/wp-json\/wp\/v2\/product_tag?post=75190"}],"curies":[{"name":"wp","href":"https:\/\/api.w.org\/{rel}","templated":true}]}}