{"id":75203,"date":"2023-09-22T13:14:06","date_gmt":"2023-09-22T21:16:03","guid":{"rendered":"https:\/\/grontkontor.dk\/produkt\/skrivebords-organizer-i-bambus-4\/"},"modified":"2024-02-28T10:30:20","modified_gmt":"2024-02-28T09:30:20","slug":"skrivebords-organizer-i-bambus-4","status":"publish","type":"product","link":"https:\/\/grontkontor.dk\/sv\/shop\/skrivebords-organizer-i-bambus-4\/","title":{"rendered":"Bambu Desktop Organizer #4"},"content":{"rendered":"<p>Bambuorganisat\u00f6r med praktisk l\u00e5da, riktigt snygg som penna och mobilh\u00e5llare och f\u00f6r att organisera prylar och dukar p\u00e5 kontoret &#8211; pennor, h\u00e4ftklamrar, stift \u00f6l.<br \/>\nEn klimat- och milj\u00f6v\u00e4nlig produkt perfekt som f\u00f6retagsg\u00e5va eller giveaway. Finns med tryck eller gravyr.<\/p>\nBambu \u00e4r ett fantastiskt material n\u00e4r det kommer till h\u00e5llbarhet. Den en av de mest snabbv\u00e4xande plantor i v\u00e4rlden, vilket betyder en snabb \u00e5terv\u00e4xt efter sk\u00f6rd. Bambu fungerar, precis som andra naturprodukter, som ett CO2 dep\u00e5 under hela sin livstid och odlas utan pesticider och konstg\u00f6dsel. \n","protected":false},"excerpt":{"rendered":"<p>Bambuorganisat\u00f6r med praktisk l\u00e5da, riktigt snygg som penna och mobilh\u00e5llare och f\u00f6r att organisera prylar och dukar p\u00e5 kontoret &#8211; pennor, h\u00e4ftklamrar, stift \u00f6l. En klimat- och milj\u00f6v\u00e4nlig produkt perfekt som f\u00f6retagsg\u00e5va eller giveaway. Finns med tryck eller gravyr.<\/p>\n","protected":false},"featured_media":20865,"comment_status":"closed","ping_status":"closed","template":"","meta":{"_acf_changed":false},"product_cat":[2114,2107,1027,659],"product_tag":[1646,1645],"class_list":{"0":"post-75203","1":"product","2":"type-product","3":"status-publish","4":"has-post-thumbnail","6":"product_cat-organizere-sv","7":"product_cat-dummy-moq-1-sv","8":"product_cat-tillbehor-till-skrivbordet","9":"product_cat-mobler-och-design","10":"product_tag-organizer-sv","11":"product_tag-penneholder-sv","12":"tm-has-options","14":"first","15":"instock","16":"taxable","17":"shipping-taxable","18":"purchasable","19":"product-type-simple"},"acf":[],"yoast_head":"<!-- This site is optimized with the Yoast SEO Premium plugin v21.2 (Yoast SEO v21.2) - https:\/\/yoast.com\/wordpress\/plugins\/seo\/ -->\n<title>Bambu Desktop Organizer #4 - Gr\u00f8nt Kontor<\/title>\n<meta name=\"robots\" content=\"index, follow, max-snippet:-1, max-image-preview:large, max-video-preview:-1\" \/>\n<link rel=\"canonical\" href=\"https:\/\/grontkontor.dk\/sv\/shop\/skrivebords-organizer-i-bambus-4\/\" \/>\n<meta property=\"og:locale\" content=\"sv_SE\" \/>\n<meta property=\"og:type\" content=\"article\" \/>\n<meta property=\"og:title\" content=\"Bambu Desktop Organizer #4\" \/>\n<meta property=\"og:description\" content=\"Bambuorganisat\u00f6r med praktisk l\u00e5da, riktigt snygg som penna och mobilh\u00e5llare och f\u00f6r att organisera prylar och dukar p\u00e5 kontoret &#8211; pennor, h\u00e4ftklamrar, stift \u00f6l. En klimat- och milj\u00f6v\u00e4nlig produkt perfekt som f\u00f6retagsg\u00e5va eller giveaway. Finns med tryck eller gravyr.\" \/>\n<meta property=\"og:url\" content=\"https:\/\/grontkontor.dk\/sv\/shop\/skrivebords-organizer-i-bambus-4\/\" \/>\n<meta property=\"og:site_name\" content=\"Gr\u00f8nt Kontor\" \/>\n<meta property=\"article:publisher\" content=\"https:\/\/www.facebook.com\/grontkontor.dk\/\" \/>\n<meta property=\"article:modified_time\" content=\"2024-02-28T09:30:20+00:00\" \/>\n<meta property=\"og:image\" content=\"https:\/\/grontkontor.dk\/wp-content\/uploads\/2020\/11\/organizer-bambus4-002-2.jpg\" \/>\n\t<meta property=\"og:image:width\" content=\"800\" \/>\n\t<meta property=\"og:image:height\" content=\"568\" \/>\n\t<meta property=\"og:image:type\" content=\"image\/jpeg\" \/>\n<meta name=\"twitter:card\" content=\"summary_large_image\" \/>\n<script type=\"application\/ld+json\" class=\"yoast-schema-graph\">{\"@context\":\"https:\/\/schema.org\",\"@graph\":[{\"@type\":\"WebPage\",\"@id\":\"https:\/\/grontkontor.dk\/sv\/shop\/skrivebords-organizer-i-bambus-4\/\",\"url\":\"https:\/\/grontkontor.dk\/sv\/shop\/skrivebords-organizer-i-bambus-4\/\",\"name\":\"Bambu Desktop Organizer #4 - Gr\u00f8nt Kontor\",\"isPartOf\":{\"@id\":\"https:\/\/grontkontor.dk\/#website\"},\"datePublished\":\"2023-09-22T21:16:03+00:00\",\"dateModified\":\"2024-02-28T09:30:20+00:00\",\"breadcrumb\":{\"@id\":\"https:\/\/grontkontor.dk\/sv\/shop\/skrivebords-organizer-i-bambus-4\/#breadcrumb\"},\"inLanguage\":\"sv-SE\",\"potentialAction\":[{\"@type\":\"ReadAction\",\"target\":[\"https:\/\/grontkontor.dk\/sv\/shop\/skrivebords-organizer-i-bambus-4\/\"]}]},{\"@type\":\"BreadcrumbList\",\"@id\":\"https:\/\/grontkontor.dk\/sv\/shop\/skrivebords-organizer-i-bambus-4\/#breadcrumb\",\"itemListElement\":[{\"@type\":\"ListItem\",\"position\":1,\"name\":\"Forside\",\"item\":\"https:\/\/grontkontor.dk\/\"},{\"@type\":\"ListItem\",\"position\":2,\"name\":\"Shop\",\"item\":\"https:\/\/grontkontor.dk\/sv\/shop\/\"},{\"@type\":\"ListItem\",\"position\":3,\"name\":\"Skrivebordsudstyr\",\"item\":\"https:\/\/grontkontor.dk\/produkt-kategori\/skrivebordsudstyr\/\"},{\"@type\":\"ListItem\",\"position\":4,\"name\":\"Organizere\",\"item\":\"https:\/\/grontkontor.dk\/produkt-kategori\/skrivebordsudstyr\/organizere\/\"},{\"@type\":\"ListItem\",\"position\":5,\"name\":\"Bambu Desktop Organizer #4\"}]},{\"@type\":\"WebSite\",\"@id\":\"https:\/\/grontkontor.dk\/#website\",\"url\":\"https:\/\/grontkontor.dk\/\",\"name\":\"Gr\u00f8nt Kontor\",\"description\":\"Milj\u00f8venlige produkter til kontor og erhverv med fokus p\u00e5 b\u00e6redygtighed, design og fair trade.\",\"publisher\":{\"@id\":\"https:\/\/grontkontor.dk\/#organization\"},\"potentialAction\":[{\"@type\":\"SearchAction\",\"target\":{\"@type\":\"EntryPoint\",\"urlTemplate\":\"https:\/\/grontkontor.dk\/?s={search_term_string}\"},\"query-input\":\"required name=search_term_string\"}],\"inLanguage\":\"sv-SE\"},{\"@type\":\"Organization\",\"@id\":\"https:\/\/grontkontor.dk\/#organization\",\"name\":\"Gr\u00f8nt Kontor\",\"url\":\"https:\/\/grontkontor.dk\/\",\"logo\":{\"@type\":\"ImageObject\",\"inLanguage\":\"sv-SE\",\"@id\":\"https:\/\/grontkontor.dk\/#\/schema\/logo\/image\/\",\"url\":\"https:\/\/grontkontor.dk\/wp-content\/uploads\/2014\/02\/Logo_groent_kontor_300x80.png\",\"contentUrl\":\"https:\/\/grontkontor.dk\/wp-content\/uploads\/2014\/02\/Logo_groent_kontor_300x80.png\",\"width\":300,\"height\":80,\"caption\":\"Gr\u00f8nt Kontor\"},\"image\":{\"@id\":\"https:\/\/grontkontor.dk\/#\/schema\/logo\/image\/\"},\"sameAs\":[\"https:\/\/www.facebook.com\/grontkontor.dk\/\"]}]}<\/script>\n<!-- \/ Yoast SEO Premium plugin. -->","yoast_head_json":{"title":"Bambu Desktop Organizer #4 - Gr\u00f8nt Kontor","robots":{"index":"index","follow":"follow","max-snippet":"max-snippet:-1","max-image-preview":"max-image-preview:large","max-video-preview":"max-video-preview:-1"},"canonical":"https:\/\/grontkontor.dk\/sv\/shop\/skrivebords-organizer-i-bambus-4\/","og_locale":"sv_SE","og_type":"article","og_title":"Bambu Desktop Organizer #4","og_description":"Bambuorganisat\u00f6r med praktisk l\u00e5da, riktigt snygg som penna och mobilh\u00e5llare och f\u00f6r att organisera prylar och dukar p\u00e5 kontoret &#8211; pennor, h\u00e4ftklamrar, stift \u00f6l. En klimat- och milj\u00f6v\u00e4nlig produkt perfekt som f\u00f6retagsg\u00e5va eller giveaway. Finns med tryck eller gravyr.","og_url":"https:\/\/grontkontor.dk\/sv\/shop\/skrivebords-organizer-i-bambus-4\/","og_site_name":"Gr\u00f8nt Kontor","article_publisher":"https:\/\/www.facebook.com\/grontkontor.dk\/","article_modified_time":"2024-02-28T09:30:20+00:00","og_image":[{"width":800,"height":568,"url":"https:\/\/grontkontor.dk\/wp-content\/uploads\/2020\/11\/organizer-bambus4-002-2.jpg","type":"image\/jpeg"}],"twitter_card":"summary_large_image","schema":{"@context":"https:\/\/schema.org","@graph":[{"@type":"WebPage","@id":"https:\/\/grontkontor.dk\/sv\/shop\/skrivebords-organizer-i-bambus-4\/","url":"https:\/\/grontkontor.dk\/sv\/shop\/skrivebords-organizer-i-bambus-4\/","name":"Bambu Desktop Organizer #4 - Gr\u00f8nt Kontor","isPartOf":{"@id":"https:\/\/grontkontor.dk\/#website"},"datePublished":"2023-09-22T21:16:03+00:00","dateModified":"2024-02-28T09:30:20+00:00","breadcrumb":{"@id":"https:\/\/grontkontor.dk\/sv\/shop\/skrivebords-organizer-i-bambus-4\/#breadcrumb"},"inLanguage":"sv-SE","potentialAction":[{"@type":"ReadAction","target":["https:\/\/grontkontor.dk\/sv\/shop\/skrivebords-organizer-i-bambus-4\/"]}]},{"@type":"BreadcrumbList","@id":"https:\/\/grontkontor.dk\/sv\/shop\/skrivebords-organizer-i-bambus-4\/#breadcrumb","itemListElement":[{"@type":"ListItem","position":1,"name":"Forside","item":"https:\/\/grontkontor.dk\/"},{"@type":"ListItem","position":2,"name":"Shop","item":"https:\/\/grontkontor.dk\/sv\/shop\/"},{"@type":"ListItem","position":3,"name":"Skrivebordsudstyr","item":"https:\/\/grontkontor.dk\/produkt-kategori\/skrivebordsudstyr\/"},{"@type":"ListItem","position":4,"name":"Organizere","item":"https:\/\/grontkontor.dk\/produkt-kategori\/skrivebordsudstyr\/organizere\/"},{"@type":"ListItem","position":5,"name":"Bambu Desktop Organizer #4"}]},{"@type":"WebSite","@id":"https:\/\/grontkontor.dk\/#website","url":"https:\/\/grontkontor.dk\/","name":"Gr\u00f8nt Kontor","description":"Milj\u00f8venlige produkter til kontor og erhverv med fokus p\u00e5 b\u00e6redygtighed, design og fair trade.","publisher":{"@id":"https:\/\/grontkontor.dk\/#organization"},"potentialAction":[{"@type":"SearchAction","target":{"@type":"EntryPoint","urlTemplate":"https:\/\/grontkontor.dk\/?s={search_term_string}"},"query-input":"required name=search_term_string"}],"inLanguage":"sv-SE"},{"@type":"Organization","@id":"https:\/\/grontkontor.dk\/#organization","name":"Gr\u00f8nt Kontor","url":"https:\/\/grontkontor.dk\/","logo":{"@type":"ImageObject","inLanguage":"sv-SE","@id":"https:\/\/grontkontor.dk\/#\/schema\/logo\/image\/","url":"https:\/\/grontkontor.dk\/wp-content\/uploads\/2014\/02\/Logo_groent_kontor_300x80.png","contentUrl":"https:\/\/grontkontor.dk\/wp-content\/uploads\/2014\/02\/Logo_groent_kontor_300x80.png","width":300,"height":80,"caption":"Gr\u00f8nt Kontor"},"image":{"@id":"https:\/\/grontkontor.dk\/#\/schema\/logo\/image\/"},"sameAs":["https:\/\/www.facebook.com\/grontkontor.dk\/"]}]}},"_links":{"self":[{"href":"https:\/\/grontkontor.dk\/sv\/wp-json\/wp\/v2\/product\/75203"}],"collection":[{"href":"https:\/\/grontkontor.dk\/sv\/wp-json\/wp\/v2\/product"}],"about":[{"href":"https:\/\/grontkontor.dk\/sv\/wp-json\/wp\/v2\/types\/product"}],"replies":[{"embeddable":true,"href":"https:\/\/grontkontor.dk\/sv\/wp-json\/wp\/v2\/comments?post=75203"}],"wp:featuredmedia":[{"embeddable":true,"href":"https:\/\/grontkontor.dk\/sv\/wp-json\/wp\/v2\/media\/20865"}],"wp:attachment":[{"href":"https:\/\/grontkontor.dk\/sv\/wp-json\/wp\/v2\/media?parent=75203"}],"wp:term":[{"taxonomy":"product_cat","embeddable":true,"href":"https:\/\/grontkontor.dk\/sv\/wp-json\/wp\/v2\/product_cat?post=75203"},{"taxonomy":"product_tag","embeddable":true,"href":"https:\/\/grontkontor.dk\/sv\/wp-json\/wp\/v2\/product_tag?post=75203"}],"curies":[{"name":"wp","href":"https:\/\/api.w.org\/{rel}","templated":true}]}}